{"id":821,"date":"2022-04-14T15:06:14","date_gmt":"2022-04-14T13:06:14","guid":{"rendered":"https:\/\/wp.kristdemokraterna.se\/oxelosund\/?page_id=821"},"modified":"2022-09-05T20:14:58","modified_gmt":"2022-09-05T18:14:58","slug":"en-digitalare-kommun","status":"publish","type":"page","link":"https:\/\/wp.kristdemokraterna.se\/oxelosund\/textsida-fullbredd\/snyggare-tryggare-okle\/en-digitalare-kommun\/","title":{"rendered":"En digitalare kommun"},"content":{"rendered":"<p>En digital kommun \u00e4r bra, men en digitalare \u00e4r \u00e4nnu b\u00e4ttre. Vi vill att Oxel\u00f6sunds kommun moderniserar sina arbetss\u00e4tt. Digitala tj\u00e4nster som anst\u00e4llda och inv\u00e5nare kan sk\u00f6ta via mobil, surfplatta eller b\u00e4rbar dator ska vara det sj\u00e4lvklara!<\/p>\n<div class=\"l7ghb35v kjdc1dyq kmwttqpk gh25dzvf jikcssrz n3t5jt4f\">\n<h2>L\u00e5t oss skapa en digitalare kommun<\/h2>\n<div dir=\"auto\">Andra kommuner fixar ju det h\u00e4r. Med snabba svar, enkel handl\u00e4ggning och s\u00e4ker lagring av uppgifter. Deras skattebetalare slipper l\u00e5nga v\u00e4ntetider, borttappade mejl och st\u00e4ndig risk f\u00f6r r\u00f6riga turer i \u00e4rendet. Och p\u00e5 deras \u00e4ldreboenden finns det sj\u00e4lvklart snabba, stabila wifi-n\u00e4tverk. Varf\u00f6r ska just Oxel\u00f6sund ha omoderna, ineffektiva arbetsmetoder som kostar tid och pengar i on\u00f6dan f\u00f6r b\u00e5de inv\u00e5nare och kommunanst\u00e4llda?<\/div>\n<div dir=\"auto\"><\/div>\n<\/div>\n<div class=\"l7ghb35v kjdc1dyq kmwttqpk gh25dzvf jikcssrz n3t5jt4f\">\n<div dir=\"auto\">\n<div id=\"attachment_1154\" style=\"width: 310px\" class=\"wp-caption alignnone\"><a href=\"https:\/\/wp.kristdemokraterna.se\/oxelosund\/files\/2022\/09\/kdox-digitalare-kommun-e1662192430370.png\"><img loading=\"lazy\" decoding=\"async\" aria-describedby=\"caption-attachment-1154\" class=\"size-medium wp-image-1154\" src=\"https:\/\/wp.kristdemokraterna.se\/oxelosund\/files\/2022\/09\/kdox-digitalare-kommun-300x200.png\" alt=\"Bild p\u00e5 en ung man som skriver p\u00e5 en laptop. Texten handlar om en digitalare kommun\" width=\"300\" height=\"200\" \/><\/a><p id=\"caption-attachment-1154\" class=\"wp-caption-text\"><em>Alla \u00e4renden ska kunna g\u00f6ras via mobiltelefon, surfplatta eller b\u00e4rbar dator.<\/em><\/p><\/div>\n<\/div>\n<\/div>\n<div class=\"l7ghb35v kjdc1dyq kmwttqpk gh25dzvf jikcssrz n3t5jt4f\">\n<h2>En toppmodern kommun attraherar unga medarbetare<\/h2>\n<div dir=\"auto\">Gammalmodiga rutiner ger s\u00e4mre intryck, minskar arbetsgl\u00e4djen f\u00f6r kommunens anst\u00e4llda, och s\u00e4nker \u00e4ven sj\u00e4lvbilden. Moderna rutiner d\u00e4remot, spar tid och pengar \u00e5t v\u00e5ra skattebetalare. Vi vill att Oxel\u00f6sund ska k\u00e4nnas som en framtidskommun som attraherar arbetskraft, nya inv\u00e5nare och f\u00f6retag!<\/div>\n<\/div>\n<div class=\"l7ghb35v kjdc1dyq kmwttqpk gh25dzvf jikcssrz n3t5jt4f\">\n<div dir=\"auto\"><\/div>\n<div dir=\"auto\">Vi vill ocks\u00e5 att digitaliseringen ska ha egen ledning och utvecklingsavdelning, oberoende av Nyk\u00f6pings kommun. D\u00e5 f\u00e5r vi kortare beslutsv\u00e4gar. L\u00e4s mer p\u00e5 KD:s hemsida om vad eftersatt digitalisering kostar samh\u00e4llet, och hur <a href=\"https:\/\/kristdemokraterna.se\/ovrigt\/sok?query=digitalisering\">vi vill l\u00f6sa problemen<\/a><\/div>\n<div dir=\"auto\"><\/div>\n<\/div>\n<h2>&#8221;Utebliven digitalisering st\u00e5r Sverige dyrt&#8221;<\/h2>\n<div dir=\"auto\">S\u00e5 l\u00f6d rubriken p\u00e5 en debattartikel, som fanns i flera tidningar i juni 2022. Leta g\u00e4rna upp den och l\u00e4s! \u00a0Enligt artikelf\u00f6rfattarna \u2013 nationalekonomen Stefan F\u00f6lster och Erik Bengtzboe fr\u00e5n Skattebetalarna \u2013 h\u00e4nger Sveriges offentliga sektor inte med i digitaliseringen. Och detta kostar svenska folket \u00f6ver 200 miljarder kronor om \u00e5ret. Helt i on\u00f6dan&#8230;<\/div>\n<div dir=\"auto\"><\/div>\n<div dir=\"auto\">Att notera fr\u00e5n artikeln:<\/div>\n<ul>\n<li>Personalbristen inom v\u00e5rd och omsorg beror fr\u00e4mst p\u00e5 misslyckad digitalisering<\/li>\n<li>K\u00f6er till v\u00e5rden, v\u00e4ntetider p\u00e5 service fr\u00e5n myndigheter osv. beror ofta p\u00e5 ineffektiva, tidsslukande arbetsmetoder \u2013 dvs d\u00e5lig digitalisering<\/li>\n<li>Exempel 1: Ett nationellt, digitalt remissystem inom sjukv\u00e5rden skulle minska den offentliga sektors kostnader med minst 7,5 miljarder per \u00e5r. De samh\u00e4lls\u00adekonomiska vinsterna f\u00f6r patienterna motsvarar 30 miljarder. Idag har vi ist\u00e4llet patienter p\u00e5 irrv\u00e4gar med on\u00f6diga bes\u00f6k, dubbel\u00adarbete f\u00f6r personal, missade diagnoser och v\u00e5rdskador som resultat.<\/li>\n<li>Exempel 2: \u00a0Plan- och byggarbetet i svenska kommuner. Detta ber\u00f6r Oxel\u00f6sund i h\u00f6gsta grad! Smart digitalisering och automatisering av bygg\u00adprocesser och bygglov kan minska kostnaderna med 3 miljarder och skapa fyra g\u00e5nger st\u00f6rre samh\u00e4lls\u00advinster. I synnerhet genom snabbhet och inbesparad arbetstid.<\/li>\n<li>Enligt Skatte\u00adbetalarnas rapport \u201dS\u00e5 kan digitalisering \u00f6ppna f\u00f6r skatte\u00ads\u00e4nkningar\u201d motsvarar de on\u00f6diga kostnaderna f\u00f6r eftersl\u00e4pande digitalisering inom offentlig sektor hela\u00a04 procent av BNP. Det \u00e4r 218 miljarder. Denna j\u00e4ttesumma skulle kunna frig\u00f6ras f\u00f6r skatte\u00ads\u00e4nkningar.<\/li>\n<li>Sverige ligger h\u00f6gt n\u00e4r det g\u00e4ller bredband, uppkoppling och internetanv\u00e4ndning i samh\u00e4llet. Men enligt OECD \u00e4r just v\u00e5r offentliga sektor d\u00e5lig \u2013 Skolplattformen i Stockholm \u00e4r ett skr\u00e4ckexempel.<\/li>\n<\/ul>\n","protected":false},"excerpt":{"rendered":"<p>En digital kommun \u00e4r bra, men en digitalare \u00e4r \u00e4nnu b\u00e4ttre. Vi vill att Oxel\u00f6sunds kommun moderniserar sina arbetss\u00e4tt. Digitala tj\u00e4nster som anst\u00e4llda och inv\u00e5nare kan sk\u00f6ta via mobil, surfplatta eller b\u00e4rbar dator ska vara det sj\u00e4lvklara! L\u00e5t oss skapa en digitalare kommun Andra kommuner fixar ju det h\u00e4r. Med snabba svar, enkel handl\u00e4ggning och <a class=\"read-more-link\" href=\"https:\/\/wp.kristdemokraterna.se\/oxelosund\/textsida-fullbredd\/snyggare-tryggare-okle\/en-digitalare-kommun\/\">L\u00e4s mer<\/a><\/p>\n","protected":false},"author":1005,"featured_media":714,"parent":742,"menu_order":0,"comment_status":"closed","ping_status":"closed","template":"","meta":{"_acf_changed":false,"footnotes":""},"class_list":["post-821","page","type-page","status-publish","hentry"],"acf":[],"yoast_head":"<!-- This site is optimized with the Yoast SEO plugin v27.4 - https:\/\/yoast.com\/product\/yoast-seo-wordpress\/ -->\n<title>En digitalare kommun - Kristdemokraterna | Oxel\u00f6sund<\/title>\n<meta name=\"description\" content=\"Vi vill skapa en digitalare kommun, d\u00e4r alla \u00e4renden kan g\u00f6ras via mobil, surfplatta eller b\u00e4rbar dator. Bra f\u00f6r b\u00e5de inv\u00e5nare och anst\u00e4llda.\" \/>\n<meta name=\"robots\" content=\"index, follow, max-snippet:-1, max-image-preview:large, max-video-preview:-1\" \/>\n<link rel=\"canonical\" href=\"https:\/\/wp.kristdemokraterna.se\/oxelosund\/textsida-fullbredd\/snyggare-tryggare-okle\/en-digitalare-kommun\/\" \/>\n<meta property=\"og:locale\" content=\"sv_SE\" \/>\n<meta property=\"og:type\" content=\"article\" \/>\n<meta property=\"og:title\" content=\"En digitalare kommun - Kristdemokraterna | Oxel\u00f6sund\" \/>\n<meta property=\"og:description\" content=\"Vi vill skapa en digitalare kommun, d\u00e4r alla \u00e4renden kan g\u00f6ras via mobil, surfplatta eller b\u00e4rbar dator. Bra f\u00f6r b\u00e5de inv\u00e5nare och anst\u00e4llda.\" \/>\n<meta property=\"og:url\" content=\"https:\/\/wp.kristdemokraterna.se\/oxelosund\/textsida-fullbredd\/snyggare-tryggare-okle\/en-digitalare-kommun\/\" \/>\n<meta property=\"og:site_name\" content=\"Kristdemokraterna | Oxel\u00f6sund\" \/>\n<meta property=\"article:modified_time\" content=\"2022-09-05T18:14:58+00:00\" \/>\n<meta property=\"og:image\" content=\"https:\/\/wp.kristdemokraterna.se\/oxelosund\/files\/2022\/09\/kdox-digitalare-kommun-300x200.png\" \/>\n<meta name=\"twitter:card\" content=\"summary_large_image\" \/>\n<meta name=\"twitter:label1\" content=\"Ber\u00e4knad l\u00e4stid\" \/>\n\t<meta name=\"twitter:data1\" content=\"3 minuter\" \/>\n<script type=\"application\/ld+json\" class=\"yoast-schema-graph\">{\"@context\":\"https:\\\/\\\/schema.org\",\"@graph\":[{\"@type\":\"WebPage\",\"@id\":\"https:\\\/\\\/wp.kristdemokraterna.se\\\/oxelosund\\\/textsida-fullbredd\\\/snyggare-tryggare-okle\\\/en-digitalare-kommun\\\/\",\"url\":\"https:\\\/\\\/wp.kristdemokraterna.se\\\/oxelosund\\\/textsida-fullbredd\\\/snyggare-tryggare-okle\\\/en-digitalare-kommun\\\/\",\"name\":\"En digitalare kommun - Kristdemokraterna | Oxel\u00f6sund\",\"isPartOf\":{\"@id\":\"https:\\\/\\\/wp.kristdemokraterna.se\\\/oxelosund\\\/#website\"},\"primaryImageOfPage\":{\"@id\":\"https:\\\/\\\/wp.kristdemokraterna.se\\\/oxelosund\\\/textsida-fullbredd\\\/snyggare-tryggare-okle\\\/en-digitalare-kommun\\\/#primaryimage\"},\"image\":{\"@id\":\"https:\\\/\\\/wp.kristdemokraterna.se\\\/oxelosund\\\/textsida-fullbredd\\\/snyggare-tryggare-okle\\\/en-digitalare-kommun\\\/#primaryimage\"},\"thumbnailUrl\":\"\",\"datePublished\":\"2022-04-14T13:06:14+00:00\",\"dateModified\":\"2022-09-05T18:14:58+00:00\",\"description\":\"Vi vill skapa en digitalare kommun, d\u00e4r alla \u00e4renden kan g\u00f6ras via mobil, surfplatta eller b\u00e4rbar dator. Bra f\u00f6r b\u00e5de inv\u00e5nare och anst\u00e4llda.\",\"breadcrumb\":{\"@id\":\"https:\\\/\\\/wp.kristdemokraterna.se\\\/oxelosund\\\/textsida-fullbredd\\\/snyggare-tryggare-okle\\\/en-digitalare-kommun\\\/#breadcrumb\"},\"inLanguage\":\"sv-SE\",\"potentialAction\":[{\"@type\":\"ReadAction\",\"target\":[\"https:\\\/\\\/wp.kristdemokraterna.se\\\/oxelosund\\\/textsida-fullbredd\\\/snyggare-tryggare-okle\\\/en-digitalare-kommun\\\/\"]}]},{\"@type\":\"ImageObject\",\"inLanguage\":\"sv-SE\",\"@id\":\"https:\\\/\\\/wp.kristdemokraterna.se\\\/oxelosund\\\/textsida-fullbredd\\\/snyggare-tryggare-okle\\\/en-digitalare-kommun\\\/#primaryimage\",\"url\":\"\",\"contentUrl\":\"\"},{\"@type\":\"BreadcrumbList\",\"@id\":\"https:\\\/\\\/wp.kristdemokraterna.se\\\/oxelosund\\\/textsida-fullbredd\\\/snyggare-tryggare-okle\\\/en-digitalare-kommun\\\/#breadcrumb\",\"itemListElement\":[{\"@type\":\"ListItem\",\"position\":1,\"name\":\"Hem\",\"item\":\"https:\\\/\\\/wp.kristdemokraterna.se\\\/oxelosund\\\/\"},{\"@type\":\"ListItem\",\"position\":2,\"name\":\"V\u00e5ra f\u00f6rslag\",\"item\":\"https:\\\/\\\/wp.kristdemokraterna.se\\\/oxelosund\\\/textsida-fullbredd\\\/\"},{\"@type\":\"ListItem\",\"position\":3,\"name\":\"Snyggare tryggare Okle\",\"item\":\"https:\\\/\\\/wp.kristdemokraterna.se\\\/oxelosund\\\/textsida-fullbredd\\\/snyggare-tryggare-okle\\\/\"},{\"@type\":\"ListItem\",\"position\":4,\"name\":\"En digitalare kommun\"}]},{\"@type\":\"WebSite\",\"@id\":\"https:\\\/\\\/wp.kristdemokraterna.se\\\/oxelosund\\\/#website\",\"url\":\"https:\\\/\\\/wp.kristdemokraterna.se\\\/oxelosund\\\/\",\"name\":\"Kristdemokraterna | Oxel\u00f6sund\",\"description\":\"Kuststaden i Hj\u00e4rtlandet\",\"inLanguage\":\"sv-SE\"}]}<\/script>\n<!-- \/ Yoast SEO plugin. -->","yoast_head_json":{"title":"En digitalare kommun - Kristdemokraterna | Oxel\u00f6sund","description":"Vi vill skapa en digitalare kommun, d\u00e4r alla \u00e4renden kan g\u00f6ras via mobil, surfplatta eller b\u00e4rbar dator. Bra f\u00f6r b\u00e5de inv\u00e5nare och anst\u00e4llda.","robots":{"index":"index","follow":"follow","max-snippet":"max-snippet:-1","max-image-preview":"max-image-preview:large","max-video-preview":"max-video-preview:-1"},"canonical":"https:\/\/wp.kristdemokraterna.se\/oxelosund\/textsida-fullbredd\/snyggare-tryggare-okle\/en-digitalare-kommun\/","og_locale":"sv_SE","og_type":"article","og_title":"En digitalare kommun - Kristdemokraterna | Oxel\u00f6sund","og_description":"Vi vill skapa en digitalare kommun, d\u00e4r alla \u00e4renden kan g\u00f6ras via mobil, surfplatta eller b\u00e4rbar dator. Bra f\u00f6r b\u00e5de inv\u00e5nare och anst\u00e4llda.","og_url":"https:\/\/wp.kristdemokraterna.se\/oxelosund\/textsida-fullbredd\/snyggare-tryggare-okle\/en-digitalare-kommun\/","og_site_name":"Kristdemokraterna | Oxel\u00f6sund","article_modified_time":"2022-09-05T18:14:58+00:00","og_image":[{"url":"https:\/\/wp.kristdemokraterna.se\/oxelosund\/files\/2022\/09\/kdox-digitalare-kommun-300x200.png","type":"","width":"","height":""}],"twitter_card":"summary_large_image","twitter_misc":{"Ber\u00e4knad l\u00e4stid":"3 minuter"},"schema":{"@context":"https:\/\/schema.org","@graph":[{"@type":"WebPage","@id":"https:\/\/wp.kristdemokraterna.se\/oxelosund\/textsida-fullbredd\/snyggare-tryggare-okle\/en-digitalare-kommun\/","url":"https:\/\/wp.kristdemokraterna.se\/oxelosund\/textsida-fullbredd\/snyggare-tryggare-okle\/en-digitalare-kommun\/","name":"En digitalare kommun - Kristdemokraterna | Oxel\u00f6sund","isPartOf":{"@id":"https:\/\/wp.kristdemokraterna.se\/oxelosund\/#website"},"primaryImageOfPage":{"@id":"https:\/\/wp.kristdemokraterna.se\/oxelosund\/textsida-fullbredd\/snyggare-tryggare-okle\/en-digitalare-kommun\/#primaryimage"},"image":{"@id":"https:\/\/wp.kristdemokraterna.se\/oxelosund\/textsida-fullbredd\/snyggare-tryggare-okle\/en-digitalare-kommun\/#primaryimage"},"thumbnailUrl":"","datePublished":"2022-04-14T13:06:14+00:00","dateModified":"2022-09-05T18:14:58+00:00","description":"Vi vill skapa en digitalare kommun, d\u00e4r alla \u00e4renden kan g\u00f6ras via mobil, surfplatta eller b\u00e4rbar dator. Bra f\u00f6r b\u00e5de inv\u00e5nare och anst\u00e4llda.","breadcrumb":{"@id":"https:\/\/wp.kristdemokraterna.se\/oxelosund\/textsida-fullbredd\/snyggare-tryggare-okle\/en-digitalare-kommun\/#breadcrumb"},"inLanguage":"sv-SE","potentialAction":[{"@type":"ReadAction","target":["https:\/\/wp.kristdemokraterna.se\/oxelosund\/textsida-fullbredd\/snyggare-tryggare-okle\/en-digitalare-kommun\/"]}]},{"@type":"ImageObject","inLanguage":"sv-SE","@id":"https:\/\/wp.kristdemokraterna.se\/oxelosund\/textsida-fullbredd\/snyggare-tryggare-okle\/en-digitalare-kommun\/#primaryimage","url":"","contentUrl":""},{"@type":"BreadcrumbList","@id":"https:\/\/wp.kristdemokraterna.se\/oxelosund\/textsida-fullbredd\/snyggare-tryggare-okle\/en-digitalare-kommun\/#breadcrumb","itemListElement":[{"@type":"ListItem","position":1,"name":"Hem","item":"https:\/\/wp.kristdemokraterna.se\/oxelosund\/"},{"@type":"ListItem","position":2,"name":"V\u00e5ra f\u00f6rslag","item":"https:\/\/wp.kristdemokraterna.se\/oxelosund\/textsida-fullbredd\/"},{"@type":"ListItem","position":3,"name":"Snyggare tryggare Okle","item":"https:\/\/wp.kristdemokraterna.se\/oxelosund\/textsida-fullbredd\/snyggare-tryggare-okle\/"},{"@type":"ListItem","position":4,"name":"En digitalare kommun"}]},{"@type":"WebSite","@id":"https:\/\/wp.kristdemokraterna.se\/oxelosund\/#website","url":"https:\/\/wp.kristdemokraterna.se\/oxelosund\/","name":"Kristdemokraterna | Oxel\u00f6sund","description":"Kuststaden i Hj\u00e4rtlandet","inLanguage":"sv-SE"}]}},"_links":{"self":[{"href":"https:\/\/wp.kristdemokraterna.se\/oxelosund\/wp-json\/wp\/v2\/pages\/821","targetHints":{"allow":["GET"]}}],"collection":[{"href":"https:\/\/wp.kristdemokraterna.se\/oxelosund\/wp-json\/wp\/v2\/pages"}],"about":[{"href":"https:\/\/wp.kristdemokraterna.se\/oxelosund\/wp-json\/wp\/v2\/types\/page"}],"author":[{"embeddable":true,"href":"https:\/\/wp.kristdemokraterna.se\/oxelosund\/wp-json\/wp\/v2\/users\/1005"}],"replies":[{"embeddable":true,"href":"https:\/\/wp.kristdemokraterna.se\/oxelosund\/wp-json\/wp\/v2\/comments?post=821"}],"version-history":[{"count":15,"href":"https:\/\/wp.kristdemokraterna.se\/oxelosund\/wp-json\/wp\/v2\/pages\/821\/revisions"}],"predecessor-version":[{"id":1191,"href":"https:\/\/wp.kristdemokraterna.se\/oxelosund\/wp-json\/wp\/v2\/pages\/821\/revisions\/1191"}],"up":[{"embeddable":true,"href":"https:\/\/wp.kristdemokraterna.se\/oxelosund\/wp-json\/wp\/v2\/pages\/742"}],"wp:featuredmedia":[{"embeddable":true,"href":"https:\/\/wp.kristdemokraterna.se\/oxelosund\/wp-json\/"}],"wp:attachment":[{"href":"https:\/\/wp.kristdemokraterna.se\/oxelosund\/wp-json\/wp\/v2\/media?parent=821"}],"curies":[{"name":"wp","href":"https:\/\/api.w.org\/{rel}","templated":true}]}}