{"id":823,"date":"2022-04-14T15:07:10","date_gmt":"2022-04-14T13:07:10","guid":{"rendered":"https:\/\/wp.kristdemokraterna.se\/oxelosund\/?page_id=823"},"modified":"2022-08-27T02:42:50","modified_gmt":"2022-08-27T00:42:50","slug":"foraldrastod","status":"publish","type":"page","link":"https:\/\/wp.kristdemokraterna.se\/oxelosund\/textsida-fullbredd\/snyggare-tryggare-okle\/foraldrastod\/","title":{"rendered":"F\u00f6r\u00e4ldrast\u00f6d"},"content":{"rendered":"<h2>Ett program f\u00f6r f\u00f6r\u00e4ldrast\u00f6d<\/h2>\n<p>Fria och trygga familjer \u00e4r den b\u00e4sta grunden f\u00f6r samh\u00e4llet. D\u00e4rf\u00f6r vill vi att Oxel\u00f6sunds kommun tar fram ett <strong>f\u00f6r\u00e4ldrast\u00f6dsprogram<\/strong> som alla f\u00f6r\u00e4ldrar kan f\u00e5 delta i minst tv\u00e5 g\u00e5nger under barnets uppv\u00e4xttid. Redan blivande f\u00f6r\u00e4ldrar ska kunna ta del av f\u00f6r\u00e4ldrast\u00f6det.<\/p>\n<p>Men ska samh\u00e4llet och myndigheterna ta \u00f6ver f\u00f6r\u00e4ldrarnas roll? \u00a0Nej, absolut inte. Men d\u00e4remot st\u00f6tta f\u00f6r\u00e4ldrarna. Forskning visar att s\u00e5dan systematisk st\u00f6ttning n\u00e4r barnen \u00e4r sm\u00e5 kan d\u00e4mpa aggressivitet och f\u00f6rebygga brott.\u00a0Det \u00e4r allts\u00e5 en bepr\u00f6vad metod, som kan hj\u00e4lpa f\u00f6r\u00e4ldrar att hantera barn som \u00e4r p\u00e5 v\u00e4g in i kriminalitet eller missbruk.<\/p>\n<div id=\"attachment_902\" style=\"width: 310px\" class=\"wp-caption alignnone\"><a href=\"https:\/\/wp.kristdemokraterna.se\/oxelosund\/files\/2022\/05\/sarah-medina-kmhblhfatms-unsplash.jpg\"><img loading=\"lazy\" decoding=\"async\" aria-describedby=\"caption-attachment-902\" class=\"size-medium wp-image-902\" src=\"https:\/\/wp.kristdemokraterna.se\/oxelosund\/files\/2022\/05\/sarah-medina-kmhblhfatms-unsplash-300x200.jpg\" alt=\"En familj g\u00e5r hand i hand vid havet en m\u00f6rk sensommarkv\u00e4ll. Texten i bilden handlar om f\u00f6r\u00e4ldrast\u00f6d\" width=\"300\" height=\"200\" srcset=\"https:\/\/wp.kristdemokraterna.se\/oxelosund\/files\/2022\/05\/sarah-medina-kmhblhfatms-unsplash-300x200.jpg 300w, https:\/\/wp.kristdemokraterna.se\/oxelosund\/files\/2022\/05\/sarah-medina-kmhblhfatms-unsplash-370x247.jpg 370w, https:\/\/wp.kristdemokraterna.se\/oxelosund\/files\/2022\/05\/sarah-medina-kmhblhfatms-unsplash-450x300.jpg 450w, https:\/\/wp.kristdemokraterna.se\/oxelosund\/files\/2022\/05\/sarah-medina-kmhblhfatms-unsplash-280x187.jpg 280w, https:\/\/wp.kristdemokraterna.se\/oxelosund\/files\/2022\/05\/sarah-medina-kmhblhfatms-unsplash-340x227.jpg 340w, https:\/\/wp.kristdemokraterna.se\/oxelosund\/files\/2022\/05\/sarah-medina-kmhblhfatms-unsplash-200x133.jpg 200w, https:\/\/wp.kristdemokraterna.se\/oxelosund\/files\/2022\/05\/sarah-medina-kmhblhfatms-unsplash-84x56.jpg 84w, https:\/\/wp.kristdemokraterna.se\/oxelosund\/files\/2022\/05\/sarah-medina-kmhblhfatms-unsplash.jpg 640w\" sizes=\"auto, (max-width: 300px) 100vw, 300px\" \/><\/a><p id=\"caption-attachment-902\" class=\"wp-caption-text\"><em>F\u00f6r\u00e4ldrast\u00f6d \u00e4r en bepr\u00f6vad metod att f\u00f6rebygga brott<\/em><\/p><\/div>\n<h2>F\u00f6r\u00e4ldrast\u00f6d \u00e4r en del av v\u00e5r familjepolitik<\/h2>\n<p>KD har m\u00e5nga id\u00e9er kring familj, barnomsorg och f\u00f6rskola. Ett ganska nytt f\u00f6rslag \u00e4r\u00a0<strong>jobbskatteavdrag f\u00f6r f\u00f6r\u00e4ldrar<\/strong>\u00a0\u2013 som handlar om att m\u00f6jligg\u00f6ra mer tid f\u00f6r barnen genom att f\u00f6r\u00e4ldrarna jobbar lite mindre. Naturligtvis \u00f6nskar vi att alla v\u00e5ra f\u00f6rslag ska g\u00e5 att inf\u00f6ra h\u00e4r i Oxel\u00f6sund. Till exempel anser vi att&#8230;<\/p>\n<ul>\n<li>F\u00f6r\u00e4ldraf\u00f6rs\u00e4kringen ska vara flexibel. Vi s\u00e4ger Nej till kvotering.<\/li>\n<li>Kommunen ska underl\u00e4tta f\u00f6r fler \u00f6ppna f\u00f6rskolor och familjecentraler.<\/li>\n<li>En s.k. Familjer\u00e5dgivningscheck ska inf\u00f6ras, d\u00e4r avgifterna f\u00f6r familjer\u00e5dgivning ocks\u00e5 blir l\u00e4gre.<\/li>\n<li>Genom Lagen om Valfrihet ska f\u00f6r\u00e4ldrar kunna v\u00e4lja bland olika familjer\u00e5dgivare<\/li>\n<\/ul>\n<h3>Barnomsorg och f\u00f6rskola<\/h3>\n<p>Vi anser att f\u00f6rskolan ska vara flexibel d\u00e5 olika barn har olika behov. Oxel\u00f6sunds familjer ska av denna anledning kunna v\u00e4lja bland olika utf\u00f6rare inom barnomsorg och f\u00f6rskola.\u00a0Sen m\u00e5ste barngruppernas storlek i f\u00f6rskolan minska. Max 12 barn i gruppen f\u00f6r barn under fyra \u00e5r.<\/p>\n<p>KD vill ocks\u00e5 se syskonf\u00f6rtur i val till f\u00f6rskola och skola, inte minst f\u00f6r att underl\u00e4tta familjernas vardagsliv. Av samma sk\u00e4l vill vi underl\u00e4tta barnomsorg under obekv\u00e4m arbetstid. Dessutom vill vi att barnomsorgspengen ska kunna inkludera anh\u00f6rigas barn.<\/p>\n<p>H\u00e4r \u00e4r ytterligare n\u00e5gra saker vi vill inf\u00f6ra i Oxel\u00f6sund:<\/p>\n<ul>\n<li>Spr\u00e5kf\u00f6rskola ska erbjudas alla nyanl\u00e4nda barn<\/li>\n<li>\u00d6ppen F\u00f6rskola ska finnas med rimlig n\u00e4rhet i alla kommundelar<\/li>\n<li>personal inom barnomsorg och f\u00f6rskola ska ges fortbildning f\u00f6r att tidigare uppt\u00e4cka tecken hos barn som far illa och f\u00f6r att ha kunskap om hur man till\u00e4mpar anm\u00e4lningsplikten<\/li>\n<li>Familjecentraler ska finnas i alla kommuner\/kommundelar<\/li>\n<li>f\u00f6rskolan ska vara ett erbjudande men inte obligatorisk<\/li>\n<li>f\u00f6rskolan ska f\u00f6rmedla en v\u00e4rdegrund baserad p\u00e5 kristen etik och v\u00e4sterl\u00e4ndsk humanism.<\/li>\n<\/ul>\n<p>L\u00e4s mer h\u00e4r om <a href=\"https:\/\/kristdemokraterna.se\/var-politik\/politikomraden\/familj\">Sveriges b\u00e4sta familjepolitik!<\/a><\/p>\n","protected":false},"excerpt":{"rendered":"<p>Ett program f\u00f6r f\u00f6r\u00e4ldrast\u00f6d Fria och trygga familjer \u00e4r den b\u00e4sta grunden f\u00f6r samh\u00e4llet. D\u00e4rf\u00f6r vill vi att Oxel\u00f6sunds kommun tar fram ett f\u00f6r\u00e4ldrast\u00f6dsprogram som alla f\u00f6r\u00e4ldrar kan f\u00e5 delta i minst tv\u00e5 g\u00e5nger under barnets uppv\u00e4xttid. Redan blivande f\u00f6r\u00e4ldrar ska kunna ta del av f\u00f6r\u00e4ldrast\u00f6det. Men ska samh\u00e4llet och myndigheterna ta \u00f6ver f\u00f6r\u00e4ldrarnas roll? <a class=\"read-more-link\" href=\"https:\/\/wp.kristdemokraterna.se\/oxelosund\/textsida-fullbredd\/snyggare-tryggare-okle\/foraldrastod\/\">L\u00e4s mer<\/a><\/p>\n","protected":false},"author":1005,"featured_media":714,"parent":742,"menu_order":0,"comment_status":"closed","ping_status":"closed","template":"","meta":{"_acf_changed":false,"footnotes":""},"class_list":["post-823","page","type-page","status-publish","hentry"],"acf":[],"yoast_head":"<!-- This site is optimized with the Yoast SEO plugin v27.4 - https:\/\/yoast.com\/product\/yoast-seo-wordpress\/ -->\n<title>F\u00f6r\u00e4ldrast\u00f6d - Kristdemokraterna | Oxel\u00f6sund<\/title>\n<meta name=\"description\" content=\"Vi vill inf\u00f6ra F\u00f6r\u00e4ldrast\u00f6d i ett s\u00e4rskilt program. Kommunen ska erbjuda detta till alla f\u00f6r\u00e4ldrar i Oxel\u00f6sund, \u00e4ven blivande f\u00f6r\u00e4ldrar.\" \/>\n<meta name=\"robots\" content=\"index, follow, max-snippet:-1, max-image-preview:large, max-video-preview:-1\" \/>\n<link rel=\"canonical\" href=\"https:\/\/wp.kristdemokraterna.se\/oxelosund\/textsida-fullbredd\/snyggare-tryggare-okle\/foraldrastod\/\" \/>\n<meta property=\"og:locale\" content=\"sv_SE\" \/>\n<meta property=\"og:type\" content=\"article\" \/>\n<meta property=\"og:title\" content=\"F\u00f6r\u00e4ldrast\u00f6d - Kristdemokraterna | Oxel\u00f6sund\" \/>\n<meta property=\"og:description\" content=\"Vi vill inf\u00f6ra F\u00f6r\u00e4ldrast\u00f6d i ett s\u00e4rskilt program. Kommunen ska erbjuda detta till alla f\u00f6r\u00e4ldrar i Oxel\u00f6sund, \u00e4ven blivande f\u00f6r\u00e4ldrar.\" \/>\n<meta property=\"og:url\" content=\"https:\/\/wp.kristdemokraterna.se\/oxelosund\/textsida-fullbredd\/snyggare-tryggare-okle\/foraldrastod\/\" \/>\n<meta property=\"og:site_name\" content=\"Kristdemokraterna | Oxel\u00f6sund\" \/>\n<meta property=\"article:modified_time\" content=\"2022-08-27T00:42:50+00:00\" \/>\n<meta property=\"og:image\" content=\"https:\/\/wp.kristdemokraterna.se\/oxelosund\/files\/2022\/05\/sarah-medina-kmhblhfatms-unsplash-300x200.jpg\" \/>\n<meta name=\"twitter:card\" content=\"summary_large_image\" \/>\n<meta name=\"twitter:label1\" content=\"Ber\u00e4knad l\u00e4stid\" \/>\n\t<meta name=\"twitter:data1\" content=\"3 minuter\" \/>\n<script type=\"application\/ld+json\" class=\"yoast-schema-graph\">{\"@context\":\"https:\\\/\\\/schema.org\",\"@graph\":[{\"@type\":\"WebPage\",\"@id\":\"https:\\\/\\\/wp.kristdemokraterna.se\\\/oxelosund\\\/textsida-fullbredd\\\/snyggare-tryggare-okle\\\/foraldrastod\\\/\",\"url\":\"https:\\\/\\\/wp.kristdemokraterna.se\\\/oxelosund\\\/textsida-fullbredd\\\/snyggare-tryggare-okle\\\/foraldrastod\\\/\",\"name\":\"F\u00f6r\u00e4ldrast\u00f6d - Kristdemokraterna | Oxel\u00f6sund\",\"isPartOf\":{\"@id\":\"https:\\\/\\\/wp.kristdemokraterna.se\\\/oxelosund\\\/#website\"},\"primaryImageOfPage\":{\"@id\":\"https:\\\/\\\/wp.kristdemokraterna.se\\\/oxelosund\\\/textsida-fullbredd\\\/snyggare-tryggare-okle\\\/foraldrastod\\\/#primaryimage\"},\"image\":{\"@id\":\"https:\\\/\\\/wp.kristdemokraterna.se\\\/oxelosund\\\/textsida-fullbredd\\\/snyggare-tryggare-okle\\\/foraldrastod\\\/#primaryimage\"},\"thumbnailUrl\":\"\",\"datePublished\":\"2022-04-14T13:07:10+00:00\",\"dateModified\":\"2022-08-27T00:42:50+00:00\",\"description\":\"Vi vill inf\u00f6ra F\u00f6r\u00e4ldrast\u00f6d i ett s\u00e4rskilt program. Kommunen ska erbjuda detta till alla f\u00f6r\u00e4ldrar i Oxel\u00f6sund, \u00e4ven blivande f\u00f6r\u00e4ldrar.\",\"breadcrumb\":{\"@id\":\"https:\\\/\\\/wp.kristdemokraterna.se\\\/oxelosund\\\/textsida-fullbredd\\\/snyggare-tryggare-okle\\\/foraldrastod\\\/#breadcrumb\"},\"inLanguage\":\"sv-SE\",\"potentialAction\":[{\"@type\":\"ReadAction\",\"target\":[\"https:\\\/\\\/wp.kristdemokraterna.se\\\/oxelosund\\\/textsida-fullbredd\\\/snyggare-tryggare-okle\\\/foraldrastod\\\/\"]}]},{\"@type\":\"ImageObject\",\"inLanguage\":\"sv-SE\",\"@id\":\"https:\\\/\\\/wp.kristdemokraterna.se\\\/oxelosund\\\/textsida-fullbredd\\\/snyggare-tryggare-okle\\\/foraldrastod\\\/#primaryimage\",\"url\":\"\",\"contentUrl\":\"\"},{\"@type\":\"BreadcrumbList\",\"@id\":\"https:\\\/\\\/wp.kristdemokraterna.se\\\/oxelosund\\\/textsida-fullbredd\\\/snyggare-tryggare-okle\\\/foraldrastod\\\/#breadcrumb\",\"itemListElement\":[{\"@type\":\"ListItem\",\"position\":1,\"name\":\"Hem\",\"item\":\"https:\\\/\\\/wp.kristdemokraterna.se\\\/oxelosund\\\/\"},{\"@type\":\"ListItem\",\"position\":2,\"name\":\"V\u00e5ra f\u00f6rslag\",\"item\":\"https:\\\/\\\/wp.kristdemokraterna.se\\\/oxelosund\\\/textsida-fullbredd\\\/\"},{\"@type\":\"ListItem\",\"position\":3,\"name\":\"Snyggare tryggare Okle\",\"item\":\"https:\\\/\\\/wp.kristdemokraterna.se\\\/oxelosund\\\/textsida-fullbredd\\\/snyggare-tryggare-okle\\\/\"},{\"@type\":\"ListItem\",\"position\":4,\"name\":\"F\u00f6r\u00e4ldrast\u00f6d\"}]},{\"@type\":\"WebSite\",\"@id\":\"https:\\\/\\\/wp.kristdemokraterna.se\\\/oxelosund\\\/#website\",\"url\":\"https:\\\/\\\/wp.kristdemokraterna.se\\\/oxelosund\\\/\",\"name\":\"Kristdemokraterna | Oxel\u00f6sund\",\"description\":\"Kuststaden i Hj\u00e4rtlandet\",\"inLanguage\":\"sv-SE\"}]}<\/script>\n<!-- \/ Yoast SEO plugin. -->","yoast_head_json":{"title":"F\u00f6r\u00e4ldrast\u00f6d - Kristdemokraterna | Oxel\u00f6sund","description":"Vi vill inf\u00f6ra F\u00f6r\u00e4ldrast\u00f6d i ett s\u00e4rskilt program. Kommunen ska erbjuda detta till alla f\u00f6r\u00e4ldrar i Oxel\u00f6sund, \u00e4ven blivande f\u00f6r\u00e4ldrar.","robots":{"index":"index","follow":"follow","max-snippet":"max-snippet:-1","max-image-preview":"max-image-preview:large","max-video-preview":"max-video-preview:-1"},"canonical":"https:\/\/wp.kristdemokraterna.se\/oxelosund\/textsida-fullbredd\/snyggare-tryggare-okle\/foraldrastod\/","og_locale":"sv_SE","og_type":"article","og_title":"F\u00f6r\u00e4ldrast\u00f6d - Kristdemokraterna | Oxel\u00f6sund","og_description":"Vi vill inf\u00f6ra F\u00f6r\u00e4ldrast\u00f6d i ett s\u00e4rskilt program. Kommunen ska erbjuda detta till alla f\u00f6r\u00e4ldrar i Oxel\u00f6sund, \u00e4ven blivande f\u00f6r\u00e4ldrar.","og_url":"https:\/\/wp.kristdemokraterna.se\/oxelosund\/textsida-fullbredd\/snyggare-tryggare-okle\/foraldrastod\/","og_site_name":"Kristdemokraterna | Oxel\u00f6sund","article_modified_time":"2022-08-27T00:42:50+00:00","og_image":[{"url":"https:\/\/wp.kristdemokraterna.se\/oxelosund\/files\/2022\/05\/sarah-medina-kmhblhfatms-unsplash-300x200.jpg","type":"","width":"","height":""}],"twitter_card":"summary_large_image","twitter_misc":{"Ber\u00e4knad l\u00e4stid":"3 minuter"},"schema":{"@context":"https:\/\/schema.org","@graph":[{"@type":"WebPage","@id":"https:\/\/wp.kristdemokraterna.se\/oxelosund\/textsida-fullbredd\/snyggare-tryggare-okle\/foraldrastod\/","url":"https:\/\/wp.kristdemokraterna.se\/oxelosund\/textsida-fullbredd\/snyggare-tryggare-okle\/foraldrastod\/","name":"F\u00f6r\u00e4ldrast\u00f6d - Kristdemokraterna | Oxel\u00f6sund","isPartOf":{"@id":"https:\/\/wp.kristdemokraterna.se\/oxelosund\/#website"},"primaryImageOfPage":{"@id":"https:\/\/wp.kristdemokraterna.se\/oxelosund\/textsida-fullbredd\/snyggare-tryggare-okle\/foraldrastod\/#primaryimage"},"image":{"@id":"https:\/\/wp.kristdemokraterna.se\/oxelosund\/textsida-fullbredd\/snyggare-tryggare-okle\/foraldrastod\/#primaryimage"},"thumbnailUrl":"","datePublished":"2022-04-14T13:07:10+00:00","dateModified":"2022-08-27T00:42:50+00:00","description":"Vi vill inf\u00f6ra F\u00f6r\u00e4ldrast\u00f6d i ett s\u00e4rskilt program. Kommunen ska erbjuda detta till alla f\u00f6r\u00e4ldrar i Oxel\u00f6sund, \u00e4ven blivande f\u00f6r\u00e4ldrar.","breadcrumb":{"@id":"https:\/\/wp.kristdemokraterna.se\/oxelosund\/textsida-fullbredd\/snyggare-tryggare-okle\/foraldrastod\/#breadcrumb"},"inLanguage":"sv-SE","potentialAction":[{"@type":"ReadAction","target":["https:\/\/wp.kristdemokraterna.se\/oxelosund\/textsida-fullbredd\/snyggare-tryggare-okle\/foraldrastod\/"]}]},{"@type":"ImageObject","inLanguage":"sv-SE","@id":"https:\/\/wp.kristdemokraterna.se\/oxelosund\/textsida-fullbredd\/snyggare-tryggare-okle\/foraldrastod\/#primaryimage","url":"","contentUrl":""},{"@type":"BreadcrumbList","@id":"https:\/\/wp.kristdemokraterna.se\/oxelosund\/textsida-fullbredd\/snyggare-tryggare-okle\/foraldrastod\/#breadcrumb","itemListElement":[{"@type":"ListItem","position":1,"name":"Hem","item":"https:\/\/wp.kristdemokraterna.se\/oxelosund\/"},{"@type":"ListItem","position":2,"name":"V\u00e5ra f\u00f6rslag","item":"https:\/\/wp.kristdemokraterna.se\/oxelosund\/textsida-fullbredd\/"},{"@type":"ListItem","position":3,"name":"Snyggare tryggare Okle","item":"https:\/\/wp.kristdemokraterna.se\/oxelosund\/textsida-fullbredd\/snyggare-tryggare-okle\/"},{"@type":"ListItem","position":4,"name":"F\u00f6r\u00e4ldrast\u00f6d"}]},{"@type":"WebSite","@id":"https:\/\/wp.kristdemokraterna.se\/oxelosund\/#website","url":"https:\/\/wp.kristdemokraterna.se\/oxelosund\/","name":"Kristdemokraterna | Oxel\u00f6sund","description":"Kuststaden i Hj\u00e4rtlandet","inLanguage":"sv-SE"}]}},"_links":{"self":[{"href":"https:\/\/wp.kristdemokraterna.se\/oxelosund\/wp-json\/wp\/v2\/pages\/823","targetHints":{"allow":["GET"]}}],"collection":[{"href":"https:\/\/wp.kristdemokraterna.se\/oxelosund\/wp-json\/wp\/v2\/pages"}],"about":[{"href":"https:\/\/wp.kristdemokraterna.se\/oxelosund\/wp-json\/wp\/v2\/types\/page"}],"author":[{"embeddable":true,"href":"https:\/\/wp.kristdemokraterna.se\/oxelosund\/wp-json\/wp\/v2\/users\/1005"}],"replies":[{"embeddable":true,"href":"https:\/\/wp.kristdemokraterna.se\/oxelosund\/wp-json\/wp\/v2\/comments?post=823"}],"version-history":[{"count":9,"href":"https:\/\/wp.kristdemokraterna.se\/oxelosund\/wp-json\/wp\/v2\/pages\/823\/revisions"}],"predecessor-version":[{"id":1112,"href":"https:\/\/wp.kristdemokraterna.se\/oxelosund\/wp-json\/wp\/v2\/pages\/823\/revisions\/1112"}],"up":[{"embeddable":true,"href":"https:\/\/wp.kristdemokraterna.se\/oxelosund\/wp-json\/wp\/v2\/pages\/742"}],"wp:featuredmedia":[{"embeddable":true,"href":"https:\/\/wp.kristdemokraterna.se\/oxelosund\/wp-json\/"}],"wp:attachment":[{"href":"https:\/\/wp.kristdemokraterna.se\/oxelosund\/wp-json\/wp\/v2\/media?parent=823"}],"curies":[{"name":"wp","href":"https:\/\/api.w.org\/{rel}","templated":true}]}}