{"id":825,"date":"2022-04-14T15:08:07","date_gmt":"2022-04-14T13:08:07","guid":{"rendered":"https:\/\/wp.kristdemokraterna.se\/oxelosund\/?page_id=825"},"modified":"2022-09-07T07:52:39","modified_gmt":"2022-09-07T05:52:39","slug":"se-barn-som-far-illa","status":"publish","type":"page","link":"https:\/\/wp.kristdemokraterna.se\/oxelosund\/textsida-fullbredd\/snyggare-tryggare-okle\/se-barn-som-far-illa\/","title":{"rendered":"Se barn som far illa"},"content":{"rendered":"<div id=\"svid12_5f5685e31817fdfeceb321\" class=\"sv-text-portlet sv-use-margins\">\n<div class=\"sv-text-portlet-content\">\n<p class=\"font-description\">Barn som far illa vill oftast inte visa det. D\u00e4rf\u00f6r vill vi att all personal inom barnomsorg och f\u00f6rskola i Oxel\u00f6sund ska f\u00e5 utbildning i att \u00e4nnu tidigare kunna se tecken som tyder p\u00e5 att n\u00e5got inte \u00e4r bra.<\/p>\n<h2 class=\"font-description\">Hur fungerar anm\u00e4lningsplikten n\u00e4r barn far illa?<\/h2>\n<p>Stress, missbruk, v\u00e5ld och \u00f6vergrepp finns runt omkring oss. Fattigdom, tr\u00e5ngboddhet, arbetsl\u00f6shet och utanf\u00f6rskap som drabbar f\u00f6r\u00e4ldrarna eller andra n\u00e4rst\u00e5ende kan sj\u00e4lvklart ocks\u00e5 p\u00e5verka barnen.\u00a0D\u00e4rf\u00f6r ska all personal inom barnomsorg och f\u00f6rskola i Oxel\u00f6sund \u00e4ven\u00a0f\u00e5 st\u00f6rre kunskap om hur man till\u00e4mpar anm\u00e4lningsplikten. Samh\u00e4llet m\u00e5ste agera tidigt, och veta hur man ingriper.<\/p>\n<\/div>\n<\/div>\n<div id=\"svid12_5f5685e31817fdfeceb322\" class=\"sv-text-portlet sv-use-margins\">\n<div><\/div>\n<\/div>\n<div id=\"attachment_1194\" style=\"width: 310px\" class=\"wp-caption alignnone\"><a href=\"https:\/\/wp.kristdemokraterna.se\/oxelosund\/files\/2022\/09\/se-barn-som-far-illa-fb-e1662527913802.png\"><img loading=\"lazy\" decoding=\"async\" aria-describedby=\"caption-attachment-1194\" class=\"size-medium wp-image-1194\" src=\"https:\/\/wp.kristdemokraterna.se\/oxelosund\/files\/2022\/09\/se-barn-som-far-illa-fb-300x173.png\" alt=\"Bild p\u00e5 tygnalle som ligger \u00f6vergiven p\u00e5 marken. Rubriken i bilden talar om barn som far illa.\" width=\"300\" height=\"173\" \/><\/a><p id=\"caption-attachment-1194\" class=\"wp-caption-text\"><em>Utbilda all personal i barnomsorg och f\u00f6rskola i att se vilka barn som far illa, och hur anm\u00e4lningsplikten fungerar.<\/em><\/p><\/div>\n<h2>Hur fungerar FN:s Barnkonvention?<\/h2>\n<p>Vi vill att alla f\u00f6rtroendevalda i Oxel\u00f6sund, samt all skolanknuten personal, ska utbildas i hur Barnkonventionen ska beaktas och till\u00e4mpas. Det var\u00a0Kristdemokraterna som tog initiativet till att g\u00f6ra FN:s Barnkonvention till svensk lag \u2013 detta f\u00f6r att ytterligare st\u00e4rka barnens r\u00e4ttigheter. Nu n\u00e4r lagen \u00e4r inf\u00f6rd \u00e4r det viktigt att den ocks\u00e5 blir till\u00e4mpad i hela landet. Bara d\u00e5 s\u00e4kerst\u00e4ller vi att barnens st\u00e4rkta r\u00e4ttigheter f\u00e5r genomslag i praktiken.<\/p>\n<p>Barnets b\u00e4sta ska alltid komma i fr\u00e4msta rummet i alla \u00e5tg\u00e4rder som r\u00f6r barn. Familjen har huvudansvaret f\u00f6r sina barn, men varje stat \u00e4r skyldig att st\u00f6dja familjerna att ta hand om sina barn.<\/p>\n<p>L\u00e4s mer om KD:s politik kring <a href=\"https:\/\/kristdemokraterna.se\/var-politik\/politik-a-till-o\/barnomsorg\">barnomsorg<\/a> i vidare mening<\/p>\n","protected":false},"excerpt":{"rendered":"<p>Barn som far illa vill oftast inte visa det. D\u00e4rf\u00f6r vill vi att all personal inom barnomsorg och f\u00f6rskola i Oxel\u00f6sund ska f\u00e5 utbildning i att \u00e4nnu tidigare kunna se tecken som tyder p\u00e5 att n\u00e5got inte \u00e4r bra. Hur fungerar anm\u00e4lningsplikten n\u00e4r barn far illa? Stress, missbruk, v\u00e5ld och \u00f6vergrepp finns runt omkring oss. <a class=\"read-more-link\" href=\"https:\/\/wp.kristdemokraterna.se\/oxelosund\/textsida-fullbredd\/snyggare-tryggare-okle\/se-barn-som-far-illa\/\">L\u00e4s mer<\/a><\/p>\n","protected":false},"author":1005,"featured_media":714,"parent":742,"menu_order":0,"comment_status":"closed","ping_status":"closed","template":"","meta":{"_acf_changed":false,"footnotes":""},"class_list":["post-825","page","type-page","status-publish","hentry"],"acf":[],"yoast_head":"<!-- This site is optimized with the Yoast SEO plugin v27.4 - https:\/\/yoast.com\/product\/yoast-seo-wordpress\/ -->\n<title>Se barn som far illa - Kristdemokraterna | Oxel\u00f6sund<\/title>\n<meta name=\"description\" content=\"Barn som far illa i Oxel\u00f6sund beh\u00f6ver uppt\u00e4ckas tidigare. Vi vill att all personal i barnomsorg och f\u00f6rskola utbildas i hur man ska agera.\" \/>\n<meta name=\"robots\" content=\"index, follow, max-snippet:-1, max-image-preview:large, max-video-preview:-1\" \/>\n<link rel=\"canonical\" href=\"https:\/\/wp.kristdemokraterna.se\/oxelosund\/textsida-fullbredd\/snyggare-tryggare-okle\/se-barn-som-far-illa\/\" \/>\n<meta property=\"og:locale\" content=\"sv_SE\" \/>\n<meta property=\"og:type\" content=\"article\" \/>\n<meta property=\"og:title\" content=\"Se barn som far illa - Kristdemokraterna | Oxel\u00f6sund\" \/>\n<meta property=\"og:description\" content=\"Barn som far illa i Oxel\u00f6sund beh\u00f6ver uppt\u00e4ckas tidigare. Vi vill att all personal i barnomsorg och f\u00f6rskola utbildas i hur man ska agera.\" \/>\n<meta property=\"og:url\" content=\"https:\/\/wp.kristdemokraterna.se\/oxelosund\/textsida-fullbredd\/snyggare-tryggare-okle\/se-barn-som-far-illa\/\" \/>\n<meta property=\"og:site_name\" content=\"Kristdemokraterna | Oxel\u00f6sund\" \/>\n<meta property=\"article:modified_time\" content=\"2022-09-07T05:52:39+00:00\" \/>\n<meta property=\"og:image\" content=\"https:\/\/wp.kristdemokraterna.se\/oxelosund\/files\/2022\/09\/se-barn-som-far-illa-fb-300x173.png\" \/>\n<meta name=\"twitter:card\" content=\"summary_large_image\" \/>\n<meta name=\"twitter:label1\" content=\"Ber\u00e4knad l\u00e4stid\" \/>\n\t<meta name=\"twitter:data1\" content=\"2 minuter\" \/>\n<script type=\"application\/ld+json\" class=\"yoast-schema-graph\">{\"@context\":\"https:\\\/\\\/schema.org\",\"@graph\":[{\"@type\":\"WebPage\",\"@id\":\"https:\\\/\\\/wp.kristdemokraterna.se\\\/oxelosund\\\/textsida-fullbredd\\\/snyggare-tryggare-okle\\\/se-barn-som-far-illa\\\/\",\"url\":\"https:\\\/\\\/wp.kristdemokraterna.se\\\/oxelosund\\\/textsida-fullbredd\\\/snyggare-tryggare-okle\\\/se-barn-som-far-illa\\\/\",\"name\":\"Se barn som far illa - Kristdemokraterna | Oxel\u00f6sund\",\"isPartOf\":{\"@id\":\"https:\\\/\\\/wp.kristdemokraterna.se\\\/oxelosund\\\/#website\"},\"primaryImageOfPage\":{\"@id\":\"https:\\\/\\\/wp.kristdemokraterna.se\\\/oxelosund\\\/textsida-fullbredd\\\/snyggare-tryggare-okle\\\/se-barn-som-far-illa\\\/#primaryimage\"},\"image\":{\"@id\":\"https:\\\/\\\/wp.kristdemokraterna.se\\\/oxelosund\\\/textsida-fullbredd\\\/snyggare-tryggare-okle\\\/se-barn-som-far-illa\\\/#primaryimage\"},\"thumbnailUrl\":\"\",\"datePublished\":\"2022-04-14T13:08:07+00:00\",\"dateModified\":\"2022-09-07T05:52:39+00:00\",\"description\":\"Barn som far illa i Oxel\u00f6sund beh\u00f6ver uppt\u00e4ckas tidigare. Vi vill att all personal i barnomsorg och f\u00f6rskola utbildas i hur man ska agera.\",\"breadcrumb\":{\"@id\":\"https:\\\/\\\/wp.kristdemokraterna.se\\\/oxelosund\\\/textsida-fullbredd\\\/snyggare-tryggare-okle\\\/se-barn-som-far-illa\\\/#breadcrumb\"},\"inLanguage\":\"sv-SE\",\"potentialAction\":[{\"@type\":\"ReadAction\",\"target\":[\"https:\\\/\\\/wp.kristdemokraterna.se\\\/oxelosund\\\/textsida-fullbredd\\\/snyggare-tryggare-okle\\\/se-barn-som-far-illa\\\/\"]}]},{\"@type\":\"ImageObject\",\"inLanguage\":\"sv-SE\",\"@id\":\"https:\\\/\\\/wp.kristdemokraterna.se\\\/oxelosund\\\/textsida-fullbredd\\\/snyggare-tryggare-okle\\\/se-barn-som-far-illa\\\/#primaryimage\",\"url\":\"\",\"contentUrl\":\"\"},{\"@type\":\"BreadcrumbList\",\"@id\":\"https:\\\/\\\/wp.kristdemokraterna.se\\\/oxelosund\\\/textsida-fullbredd\\\/snyggare-tryggare-okle\\\/se-barn-som-far-illa\\\/#breadcrumb\",\"itemListElement\":[{\"@type\":\"ListItem\",\"position\":1,\"name\":\"Hem\",\"item\":\"https:\\\/\\\/wp.kristdemokraterna.se\\\/oxelosund\\\/\"},{\"@type\":\"ListItem\",\"position\":2,\"name\":\"V\u00e5ra f\u00f6rslag\",\"item\":\"https:\\\/\\\/wp.kristdemokraterna.se\\\/oxelosund\\\/textsida-fullbredd\\\/\"},{\"@type\":\"ListItem\",\"position\":3,\"name\":\"Snyggare tryggare Okle\",\"item\":\"https:\\\/\\\/wp.kristdemokraterna.se\\\/oxelosund\\\/textsida-fullbredd\\\/snyggare-tryggare-okle\\\/\"},{\"@type\":\"ListItem\",\"position\":4,\"name\":\"Se barn som far illa\"}]},{\"@type\":\"WebSite\",\"@id\":\"https:\\\/\\\/wp.kristdemokraterna.se\\\/oxelosund\\\/#website\",\"url\":\"https:\\\/\\\/wp.kristdemokraterna.se\\\/oxelosund\\\/\",\"name\":\"Kristdemokraterna | Oxel\u00f6sund\",\"description\":\"Kuststaden i Hj\u00e4rtlandet\",\"inLanguage\":\"sv-SE\"}]}<\/script>\n<!-- \/ Yoast SEO plugin. -->","yoast_head_json":{"title":"Se barn som far illa - Kristdemokraterna | Oxel\u00f6sund","description":"Barn som far illa i Oxel\u00f6sund beh\u00f6ver uppt\u00e4ckas tidigare. Vi vill att all personal i barnomsorg och f\u00f6rskola utbildas i hur man ska agera.","robots":{"index":"index","follow":"follow","max-snippet":"max-snippet:-1","max-image-preview":"max-image-preview:large","max-video-preview":"max-video-preview:-1"},"canonical":"https:\/\/wp.kristdemokraterna.se\/oxelosund\/textsida-fullbredd\/snyggare-tryggare-okle\/se-barn-som-far-illa\/","og_locale":"sv_SE","og_type":"article","og_title":"Se barn som far illa - Kristdemokraterna | Oxel\u00f6sund","og_description":"Barn som far illa i Oxel\u00f6sund beh\u00f6ver uppt\u00e4ckas tidigare. Vi vill att all personal i barnomsorg och f\u00f6rskola utbildas i hur man ska agera.","og_url":"https:\/\/wp.kristdemokraterna.se\/oxelosund\/textsida-fullbredd\/snyggare-tryggare-okle\/se-barn-som-far-illa\/","og_site_name":"Kristdemokraterna | Oxel\u00f6sund","article_modified_time":"2022-09-07T05:52:39+00:00","og_image":[{"url":"https:\/\/wp.kristdemokraterna.se\/oxelosund\/files\/2022\/09\/se-barn-som-far-illa-fb-300x173.png","type":"","width":"","height":""}],"twitter_card":"summary_large_image","twitter_misc":{"Ber\u00e4knad l\u00e4stid":"2 minuter"},"schema":{"@context":"https:\/\/schema.org","@graph":[{"@type":"WebPage","@id":"https:\/\/wp.kristdemokraterna.se\/oxelosund\/textsida-fullbredd\/snyggare-tryggare-okle\/se-barn-som-far-illa\/","url":"https:\/\/wp.kristdemokraterna.se\/oxelosund\/textsida-fullbredd\/snyggare-tryggare-okle\/se-barn-som-far-illa\/","name":"Se barn som far illa - Kristdemokraterna | Oxel\u00f6sund","isPartOf":{"@id":"https:\/\/wp.kristdemokraterna.se\/oxelosund\/#website"},"primaryImageOfPage":{"@id":"https:\/\/wp.kristdemokraterna.se\/oxelosund\/textsida-fullbredd\/snyggare-tryggare-okle\/se-barn-som-far-illa\/#primaryimage"},"image":{"@id":"https:\/\/wp.kristdemokraterna.se\/oxelosund\/textsida-fullbredd\/snyggare-tryggare-okle\/se-barn-som-far-illa\/#primaryimage"},"thumbnailUrl":"","datePublished":"2022-04-14T13:08:07+00:00","dateModified":"2022-09-07T05:52:39+00:00","description":"Barn som far illa i Oxel\u00f6sund beh\u00f6ver uppt\u00e4ckas tidigare. Vi vill att all personal i barnomsorg och f\u00f6rskola utbildas i hur man ska agera.","breadcrumb":{"@id":"https:\/\/wp.kristdemokraterna.se\/oxelosund\/textsida-fullbredd\/snyggare-tryggare-okle\/se-barn-som-far-illa\/#breadcrumb"},"inLanguage":"sv-SE","potentialAction":[{"@type":"ReadAction","target":["https:\/\/wp.kristdemokraterna.se\/oxelosund\/textsida-fullbredd\/snyggare-tryggare-okle\/se-barn-som-far-illa\/"]}]},{"@type":"ImageObject","inLanguage":"sv-SE","@id":"https:\/\/wp.kristdemokraterna.se\/oxelosund\/textsida-fullbredd\/snyggare-tryggare-okle\/se-barn-som-far-illa\/#primaryimage","url":"","contentUrl":""},{"@type":"BreadcrumbList","@id":"https:\/\/wp.kristdemokraterna.se\/oxelosund\/textsida-fullbredd\/snyggare-tryggare-okle\/se-barn-som-far-illa\/#breadcrumb","itemListElement":[{"@type":"ListItem","position":1,"name":"Hem","item":"https:\/\/wp.kristdemokraterna.se\/oxelosund\/"},{"@type":"ListItem","position":2,"name":"V\u00e5ra f\u00f6rslag","item":"https:\/\/wp.kristdemokraterna.se\/oxelosund\/textsida-fullbredd\/"},{"@type":"ListItem","position":3,"name":"Snyggare tryggare Okle","item":"https:\/\/wp.kristdemokraterna.se\/oxelosund\/textsida-fullbredd\/snyggare-tryggare-okle\/"},{"@type":"ListItem","position":4,"name":"Se barn som far illa"}]},{"@type":"WebSite","@id":"https:\/\/wp.kristdemokraterna.se\/oxelosund\/#website","url":"https:\/\/wp.kristdemokraterna.se\/oxelosund\/","name":"Kristdemokraterna | Oxel\u00f6sund","description":"Kuststaden i Hj\u00e4rtlandet","inLanguage":"sv-SE"}]}},"_links":{"self":[{"href":"https:\/\/wp.kristdemokraterna.se\/oxelosund\/wp-json\/wp\/v2\/pages\/825","targetHints":{"allow":["GET"]}}],"collection":[{"href":"https:\/\/wp.kristdemokraterna.se\/oxelosund\/wp-json\/wp\/v2\/pages"}],"about":[{"href":"https:\/\/wp.kristdemokraterna.se\/oxelosund\/wp-json\/wp\/v2\/types\/page"}],"author":[{"embeddable":true,"href":"https:\/\/wp.kristdemokraterna.se\/oxelosund\/wp-json\/wp\/v2\/users\/1005"}],"replies":[{"embeddable":true,"href":"https:\/\/wp.kristdemokraterna.se\/oxelosund\/wp-json\/wp\/v2\/comments?post=825"}],"version-history":[{"count":9,"href":"https:\/\/wp.kristdemokraterna.se\/oxelosund\/wp-json\/wp\/v2\/pages\/825\/revisions"}],"predecessor-version":[{"id":1201,"href":"https:\/\/wp.kristdemokraterna.se\/oxelosund\/wp-json\/wp\/v2\/pages\/825\/revisions\/1201"}],"up":[{"embeddable":true,"href":"https:\/\/wp.kristdemokraterna.se\/oxelosund\/wp-json\/wp\/v2\/pages\/742"}],"wp:featuredmedia":[{"embeddable":true,"href":"https:\/\/wp.kristdemokraterna.se\/oxelosund\/wp-json\/"}],"wp:attachment":[{"href":"https:\/\/wp.kristdemokraterna.se\/oxelosund\/wp-json\/wp\/v2\/media?parent=825"}],"curies":[{"name":"wp","href":"https:\/\/api.w.org\/{rel}","templated":true}]}}