{"id":924,"date":"2022-06-18T10:45:39","date_gmt":"2022-06-18T08:45:39","guid":{"rendered":"https:\/\/wp.kristdemokraterna.se\/oxelosund\/?page_id=924"},"modified":"2022-09-06T14:02:48","modified_gmt":"2022-09-06T12:02:48","slug":"mer-uf-i-gymnasiet","status":"publish","type":"page","link":"https:\/\/wp.kristdemokraterna.se\/oxelosund\/textsida-fullbredd\/snyggare-tryggare-okle\/mer-uf-i-gymnasiet\/","title":{"rendered":"Mer UF i gymnasiet"},"content":{"rendered":"<p>Vi vill att fler elever fr\u00e5n Oxel\u00f6sund ska kunna g\u00e5 kursen Entrepren\u00f6rskap. \u00c4ven om det sker i Nyk\u00f6ping, f\u00f6r att v\u00e5ra ungdomar i dagsl\u00e4get v\u00e4ljer att g\u00e5 i gymnasiet d\u00e4r. Vi vill ocks\u00e5 stimulera v\u00e5ra elever till att starta och driva f\u00f6retag, g\u00e4rna via Ung F\u00f6retagsamhet. Mer UF i gymnasiet kommer helt enkelt att trygga v\u00e5r framtid.<\/p>\n<h2>Mer UF i gymnasiet handlar om Oxel\u00f6sunds framtid<\/h2>\n<p>Vi vill inte att Oxel\u00f6sund ska vara en gammal \u201dbruksort\u201d d\u00e4r allt kretsar kring J\u00e4rnverket. S\u00e5dana gamla S-kommuner finns det redan f\u00f6r m\u00e5nga av i Sverige. Dessa pr\u00e4glas aldrig av kreativitet och fram\u00e5tanda, utan mer av Jantelag och gn\u00e4ll. <em>&#8221;H\u00e4r \u00e4r det mesta tr\u00e5kigt och gammalt&#8230; Men det g\u00e5r ju inte att g\u00f6ra p\u00e5 n\u00e5got annat s\u00e4tt, s\u00e5 varf\u00f6r ens f\u00f6rs\u00f6ka?&#8221;<\/em> \u2013 typ.\u00a0Detta \u00e4r stillast\u00e5ende kommuner. H\u00e4r har Socialdemokraterna styrt sen Hedenh\u00f6s tid och de vill inte \u00e4ndra n\u00e5got. Men vad h\u00e4nder om SSAB m\u00e5ste sk\u00e4ra ner? \u00a0Om man m\u00e5ste minska sin produktion drastiskt, p\u00e5 grund av kriser i olika branscher eller \u00e4nnu v\u00e4rre \u2013 krig och oroligheter? \u00a0T\u00e4nk om SSAB m\u00e5ste l\u00e4gga ner i Oxel\u00f6sund, vad g\u00f6r vi d\u00e5?<\/p>\n<h2>L\u00e5t oss g\u00f6ra Oxel\u00f6sund mera som Trosa och Gnosj\u00f6<\/h2>\n<p>N\u00e4r man unders\u00f6ker attityder, hos b\u00e5de ungdomar och hela befolkningen, s\u00e5 framtr\u00e4der v\u00e4ldiga skillnader mellan Oxel\u00f6sund och Trosa. H\u00e4r i &#8221;Okle&#8221; finns det kvar en socialistisk, pessimistisk grundsyn p\u00e5 n\u00e4ringslivet: \u00a0Man tror att en arbetsgivare alltid \u00e4r en motpart, en motst\u00e5ndare, en fiende! \u00a0Att den som \u00e4ger ett f\u00f6retag bara vill roffa \u00e5t sig p\u00e5 de anst\u00e4lldas bekostnad! D\u00e4rf\u00f6r \u00e4r intresset f\u00f6r att starta eget f\u00f6retag s\u00e5 l\u00e5gt. Men reser vi en knapp timme till lilla Trosa, s\u00e5 m\u00f6ter vi n\u00e5got helt annat: \u00a0Optimism. Familjef\u00f6retag. Aff\u00e4rsid\u00e9er. Framtidstro. H\u00e4r finns lite av den klassiska &#8221;Gnosj\u00f6andan&#8221; som ger ett dynamiskt n\u00e4ringsliv som alltid \u00f6verlever.<\/p>\n<div id=\"attachment_1027\" style=\"width: 310px\" class=\"wp-caption alignnone\"><a href=\"https:\/\/wp.kristdemokraterna.se\/oxelosund\/files\/2022\/07\/uf-sormland-startsida.png\"><img loading=\"lazy\" decoding=\"async\" aria-describedby=\"caption-attachment-1027\" class=\"size-medium wp-image-1027\" src=\"https:\/\/wp.kristdemokraterna.se\/oxelosund\/files\/2022\/07\/uf-sormland-startsida-300x165.png\" alt=\"Sk\u00e4rmdump av startsidan hos Ung F\u00f6retagsamhet S\u00f6dermanland\" width=\"300\" height=\"165\" srcset=\"https:\/\/wp.kristdemokraterna.se\/oxelosund\/files\/2022\/07\/uf-sormland-startsida-300x165.png 300w, https:\/\/wp.kristdemokraterna.se\/oxelosund\/files\/2022\/07\/uf-sormland-startsida-364x200.png 364w, https:\/\/wp.kristdemokraterna.se\/oxelosund\/files\/2022\/07\/uf-sormland-startsida-370x204.png 370w, https:\/\/wp.kristdemokraterna.se\/oxelosund\/files\/2022\/07\/uf-sormland-startsida-450x248.png 450w, https:\/\/wp.kristdemokraterna.se\/oxelosund\/files\/2022\/07\/uf-sormland-startsida-280x154.png 280w, https:\/\/wp.kristdemokraterna.se\/oxelosund\/files\/2022\/07\/uf-sormland-startsida-340x187.png 340w, https:\/\/wp.kristdemokraterna.se\/oxelosund\/files\/2022\/07\/uf-sormland-startsida-200x110.png 200w, https:\/\/wp.kristdemokraterna.se\/oxelosund\/files\/2022\/07\/uf-sormland-startsida-102x56.png 102w, https:\/\/wp.kristdemokraterna.se\/oxelosund\/files\/2022\/07\/uf-sormland-startsida.png 640w\" sizes=\"auto, (max-width: 300px) 100vw, 300px\" \/><\/a><p id=\"caption-attachment-1027\" class=\"wp-caption-text\"><em>Mer UF i gymnasiet kommer att ge Oxel\u00f6sund fler f\u00f6retag och arbetstillf\u00e4llen<\/em><\/p><\/div>\n<h2>UF i gymnasiet stimulerar nya id\u00e9er<\/h2>\n<p>Utan f\u00f6retag, ingen v\u00e4lf\u00e4rd. S\u00e5 enkelt \u00e4r det. Varje skattekrona skapas av f\u00f6retag, som \u00e4ven \u00e4r v\u00e4gen till god integration. KD vill \u00f6ka samverkan mellan skolan och det lokala n\u00e4ringslivet, med l\u00e4rlingsutbildningar och praktikplatser. Vi vill ocks\u00e5 att <strong>framtida jobb<\/strong> ska st\u00e5 i centrum f\u00f6r samtalet n\u00e4r v\u00e5ra elever tr\u00e4ffar studie- och yrkesv\u00e4gledare. \u00c4ven gymnasies\u00e4rskolan ska verka f\u00f6r att praktik &amp; l\u00e4rlingsplatser ges till intresserade elever. Genom frihet under ansvar kan fler unga m\u00e4nniskor utveckla 100% av sin potential!<\/p>\n<p>Allt detta ska ske i god samverkan med Nyk\u00f6ping. Vi tror p\u00e5 <a href=\"https:\/\/ungforetagsamhet.se\">Ung F\u00f6retagsamhet!<\/a><\/p>\n","protected":false},"excerpt":{"rendered":"<p>Vi vill att fler elever fr\u00e5n Oxel\u00f6sund ska kunna g\u00e5 kursen Entrepren\u00f6rskap. \u00c4ven om det sker i Nyk\u00f6ping, f\u00f6r att v\u00e5ra ungdomar i dagsl\u00e4get v\u00e4ljer att g\u00e5 i gymnasiet d\u00e4r. Vi vill ocks\u00e5 stimulera v\u00e5ra elever till att starta och driva f\u00f6retag, g\u00e4rna via Ung F\u00f6retagsamhet. Mer UF i gymnasiet kommer helt enkelt att trygga <a class=\"read-more-link\" href=\"https:\/\/wp.kristdemokraterna.se\/oxelosund\/textsida-fullbredd\/snyggare-tryggare-okle\/mer-uf-i-gymnasiet\/\">L\u00e4s mer<\/a><\/p>\n","protected":false},"author":1005,"featured_media":714,"parent":742,"menu_order":0,"comment_status":"closed","ping_status":"closed","template":"","meta":{"_acf_changed":false,"footnotes":""},"class_list":["post-924","page","type-page","status-publish","hentry"],"acf":[],"yoast_head":"<!-- This site is optimized with the Yoast SEO plugin v27.4 - https:\/\/yoast.com\/product\/yoast-seo-wordpress\/ -->\n<title>Mer UF i gymnasiet - Kristdemokraterna | Oxel\u00f6sund<\/title>\n<meta name=\"description\" content=\"Mer UF i gymnasiet kan g\u00f6ra Oxel\u00f6sund mer likt Trosa och Gnosj\u00f6. T\u00e4nk om SSAB m\u00e5ste dra ner? Ett b\u00e4ttre f\u00f6retagsklimat tryggar v\u00e5r framtid.\" \/>\n<meta name=\"robots\" content=\"index, follow, max-snippet:-1, max-image-preview:large, max-video-preview:-1\" \/>\n<link rel=\"canonical\" href=\"https:\/\/wp.kristdemokraterna.se\/oxelosund\/textsida-fullbredd\/snyggare-tryggare-okle\/mer-uf-i-gymnasiet\/\" \/>\n<meta property=\"og:locale\" content=\"sv_SE\" \/>\n<meta property=\"og:type\" content=\"article\" \/>\n<meta property=\"og:title\" content=\"Mer UF i gymnasiet - Kristdemokraterna | Oxel\u00f6sund\" \/>\n<meta property=\"og:description\" content=\"Mer UF i gymnasiet kan g\u00f6ra Oxel\u00f6sund mer likt Trosa och Gnosj\u00f6. T\u00e4nk om SSAB m\u00e5ste dra ner? Ett b\u00e4ttre f\u00f6retagsklimat tryggar v\u00e5r framtid.\" \/>\n<meta property=\"og:url\" content=\"https:\/\/wp.kristdemokraterna.se\/oxelosund\/textsida-fullbredd\/snyggare-tryggare-okle\/mer-uf-i-gymnasiet\/\" \/>\n<meta property=\"og:site_name\" content=\"Kristdemokraterna | Oxel\u00f6sund\" \/>\n<meta property=\"article:modified_time\" content=\"2022-09-06T12:02:48+00:00\" \/>\n<meta property=\"og:image\" content=\"https:\/\/wp.kristdemokraterna.se\/oxelosund\/files\/2022\/07\/uf-sormland-startsida-300x165.png\" \/>\n<meta name=\"twitter:card\" content=\"summary_large_image\" \/>\n<meta name=\"twitter:label1\" content=\"Ber\u00e4knad l\u00e4stid\" \/>\n\t<meta name=\"twitter:data1\" content=\"3 minuter\" \/>\n<script type=\"application\/ld+json\" class=\"yoast-schema-graph\">{\"@context\":\"https:\\\/\\\/schema.org\",\"@graph\":[{\"@type\":\"WebPage\",\"@id\":\"https:\\\/\\\/wp.kristdemokraterna.se\\\/oxelosund\\\/textsida-fullbredd\\\/snyggare-tryggare-okle\\\/mer-uf-i-gymnasiet\\\/\",\"url\":\"https:\\\/\\\/wp.kristdemokraterna.se\\\/oxelosund\\\/textsida-fullbredd\\\/snyggare-tryggare-okle\\\/mer-uf-i-gymnasiet\\\/\",\"name\":\"Mer UF i gymnasiet - Kristdemokraterna | Oxel\u00f6sund\",\"isPartOf\":{\"@id\":\"https:\\\/\\\/wp.kristdemokraterna.se\\\/oxelosund\\\/#website\"},\"primaryImageOfPage\":{\"@id\":\"https:\\\/\\\/wp.kristdemokraterna.se\\\/oxelosund\\\/textsida-fullbredd\\\/snyggare-tryggare-okle\\\/mer-uf-i-gymnasiet\\\/#primaryimage\"},\"image\":{\"@id\":\"https:\\\/\\\/wp.kristdemokraterna.se\\\/oxelosund\\\/textsida-fullbredd\\\/snyggare-tryggare-okle\\\/mer-uf-i-gymnasiet\\\/#primaryimage\"},\"thumbnailUrl\":\"\",\"datePublished\":\"2022-06-18T08:45:39+00:00\",\"dateModified\":\"2022-09-06T12:02:48+00:00\",\"description\":\"Mer UF i gymnasiet kan g\u00f6ra Oxel\u00f6sund mer likt Trosa och Gnosj\u00f6. T\u00e4nk om SSAB m\u00e5ste dra ner? Ett b\u00e4ttre f\u00f6retagsklimat tryggar v\u00e5r framtid.\",\"breadcrumb\":{\"@id\":\"https:\\\/\\\/wp.kristdemokraterna.se\\\/oxelosund\\\/textsida-fullbredd\\\/snyggare-tryggare-okle\\\/mer-uf-i-gymnasiet\\\/#breadcrumb\"},\"inLanguage\":\"sv-SE\",\"potentialAction\":[{\"@type\":\"ReadAction\",\"target\":[\"https:\\\/\\\/wp.kristdemokraterna.se\\\/oxelosund\\\/textsida-fullbredd\\\/snyggare-tryggare-okle\\\/mer-uf-i-gymnasiet\\\/\"]}]},{\"@type\":\"ImageObject\",\"inLanguage\":\"sv-SE\",\"@id\":\"https:\\\/\\\/wp.kristdemokraterna.se\\\/oxelosund\\\/textsida-fullbredd\\\/snyggare-tryggare-okle\\\/mer-uf-i-gymnasiet\\\/#primaryimage\",\"url\":\"\",\"contentUrl\":\"\"},{\"@type\":\"BreadcrumbList\",\"@id\":\"https:\\\/\\\/wp.kristdemokraterna.se\\\/oxelosund\\\/textsida-fullbredd\\\/snyggare-tryggare-okle\\\/mer-uf-i-gymnasiet\\\/#breadcrumb\",\"itemListElement\":[{\"@type\":\"ListItem\",\"position\":1,\"name\":\"Hem\",\"item\":\"https:\\\/\\\/wp.kristdemokraterna.se\\\/oxelosund\\\/\"},{\"@type\":\"ListItem\",\"position\":2,\"name\":\"V\u00e5ra f\u00f6rslag\",\"item\":\"https:\\\/\\\/wp.kristdemokraterna.se\\\/oxelosund\\\/textsida-fullbredd\\\/\"},{\"@type\":\"ListItem\",\"position\":3,\"name\":\"Snyggare tryggare Okle\",\"item\":\"https:\\\/\\\/wp.kristdemokraterna.se\\\/oxelosund\\\/textsida-fullbredd\\\/snyggare-tryggare-okle\\\/\"},{\"@type\":\"ListItem\",\"position\":4,\"name\":\"Mer UF i gymnasiet\"}]},{\"@type\":\"WebSite\",\"@id\":\"https:\\\/\\\/wp.kristdemokraterna.se\\\/oxelosund\\\/#website\",\"url\":\"https:\\\/\\\/wp.kristdemokraterna.se\\\/oxelosund\\\/\",\"name\":\"Kristdemokraterna | Oxel\u00f6sund\",\"description\":\"Kuststaden i Hj\u00e4rtlandet\",\"inLanguage\":\"sv-SE\"}]}<\/script>\n<!-- \/ Yoast SEO plugin. -->","yoast_head_json":{"title":"Mer UF i gymnasiet - Kristdemokraterna | Oxel\u00f6sund","description":"Mer UF i gymnasiet kan g\u00f6ra Oxel\u00f6sund mer likt Trosa och Gnosj\u00f6. T\u00e4nk om SSAB m\u00e5ste dra ner? Ett b\u00e4ttre f\u00f6retagsklimat tryggar v\u00e5r framtid.","robots":{"index":"index","follow":"follow","max-snippet":"max-snippet:-1","max-image-preview":"max-image-preview:large","max-video-preview":"max-video-preview:-1"},"canonical":"https:\/\/wp.kristdemokraterna.se\/oxelosund\/textsida-fullbredd\/snyggare-tryggare-okle\/mer-uf-i-gymnasiet\/","og_locale":"sv_SE","og_type":"article","og_title":"Mer UF i gymnasiet - Kristdemokraterna | Oxel\u00f6sund","og_description":"Mer UF i gymnasiet kan g\u00f6ra Oxel\u00f6sund mer likt Trosa och Gnosj\u00f6. T\u00e4nk om SSAB m\u00e5ste dra ner? Ett b\u00e4ttre f\u00f6retagsklimat tryggar v\u00e5r framtid.","og_url":"https:\/\/wp.kristdemokraterna.se\/oxelosund\/textsida-fullbredd\/snyggare-tryggare-okle\/mer-uf-i-gymnasiet\/","og_site_name":"Kristdemokraterna | Oxel\u00f6sund","article_modified_time":"2022-09-06T12:02:48+00:00","og_image":[{"url":"https:\/\/wp.kristdemokraterna.se\/oxelosund\/files\/2022\/07\/uf-sormland-startsida-300x165.png","type":"","width":"","height":""}],"twitter_card":"summary_large_image","twitter_misc":{"Ber\u00e4knad l\u00e4stid":"3 minuter"},"schema":{"@context":"https:\/\/schema.org","@graph":[{"@type":"WebPage","@id":"https:\/\/wp.kristdemokraterna.se\/oxelosund\/textsida-fullbredd\/snyggare-tryggare-okle\/mer-uf-i-gymnasiet\/","url":"https:\/\/wp.kristdemokraterna.se\/oxelosund\/textsida-fullbredd\/snyggare-tryggare-okle\/mer-uf-i-gymnasiet\/","name":"Mer UF i gymnasiet - Kristdemokraterna | Oxel\u00f6sund","isPartOf":{"@id":"https:\/\/wp.kristdemokraterna.se\/oxelosund\/#website"},"primaryImageOfPage":{"@id":"https:\/\/wp.kristdemokraterna.se\/oxelosund\/textsida-fullbredd\/snyggare-tryggare-okle\/mer-uf-i-gymnasiet\/#primaryimage"},"image":{"@id":"https:\/\/wp.kristdemokraterna.se\/oxelosund\/textsida-fullbredd\/snyggare-tryggare-okle\/mer-uf-i-gymnasiet\/#primaryimage"},"thumbnailUrl":"","datePublished":"2022-06-18T08:45:39+00:00","dateModified":"2022-09-06T12:02:48+00:00","description":"Mer UF i gymnasiet kan g\u00f6ra Oxel\u00f6sund mer likt Trosa och Gnosj\u00f6. T\u00e4nk om SSAB m\u00e5ste dra ner? Ett b\u00e4ttre f\u00f6retagsklimat tryggar v\u00e5r framtid.","breadcrumb":{"@id":"https:\/\/wp.kristdemokraterna.se\/oxelosund\/textsida-fullbredd\/snyggare-tryggare-okle\/mer-uf-i-gymnasiet\/#breadcrumb"},"inLanguage":"sv-SE","potentialAction":[{"@type":"ReadAction","target":["https:\/\/wp.kristdemokraterna.se\/oxelosund\/textsida-fullbredd\/snyggare-tryggare-okle\/mer-uf-i-gymnasiet\/"]}]},{"@type":"ImageObject","inLanguage":"sv-SE","@id":"https:\/\/wp.kristdemokraterna.se\/oxelosund\/textsida-fullbredd\/snyggare-tryggare-okle\/mer-uf-i-gymnasiet\/#primaryimage","url":"","contentUrl":""},{"@type":"BreadcrumbList","@id":"https:\/\/wp.kristdemokraterna.se\/oxelosund\/textsida-fullbredd\/snyggare-tryggare-okle\/mer-uf-i-gymnasiet\/#breadcrumb","itemListElement":[{"@type":"ListItem","position":1,"name":"Hem","item":"https:\/\/wp.kristdemokraterna.se\/oxelosund\/"},{"@type":"ListItem","position":2,"name":"V\u00e5ra f\u00f6rslag","item":"https:\/\/wp.kristdemokraterna.se\/oxelosund\/textsida-fullbredd\/"},{"@type":"ListItem","position":3,"name":"Snyggare tryggare Okle","item":"https:\/\/wp.kristdemokraterna.se\/oxelosund\/textsida-fullbredd\/snyggare-tryggare-okle\/"},{"@type":"ListItem","position":4,"name":"Mer UF i gymnasiet"}]},{"@type":"WebSite","@id":"https:\/\/wp.kristdemokraterna.se\/oxelosund\/#website","url":"https:\/\/wp.kristdemokraterna.se\/oxelosund\/","name":"Kristdemokraterna | Oxel\u00f6sund","description":"Kuststaden i Hj\u00e4rtlandet","inLanguage":"sv-SE"}]}},"_links":{"self":[{"href":"https:\/\/wp.kristdemokraterna.se\/oxelosund\/wp-json\/wp\/v2\/pages\/924","targetHints":{"allow":["GET"]}}],"collection":[{"href":"https:\/\/wp.kristdemokraterna.se\/oxelosund\/wp-json\/wp\/v2\/pages"}],"about":[{"href":"https:\/\/wp.kristdemokraterna.se\/oxelosund\/wp-json\/wp\/v2\/types\/page"}],"author":[{"embeddable":true,"href":"https:\/\/wp.kristdemokraterna.se\/oxelosund\/wp-json\/wp\/v2\/users\/1005"}],"replies":[{"embeddable":true,"href":"https:\/\/wp.kristdemokraterna.se\/oxelosund\/wp-json\/wp\/v2\/comments?post=924"}],"version-history":[{"count":12,"href":"https:\/\/wp.kristdemokraterna.se\/oxelosund\/wp-json\/wp\/v2\/pages\/924\/revisions"}],"predecessor-version":[{"id":1192,"href":"https:\/\/wp.kristdemokraterna.se\/oxelosund\/wp-json\/wp\/v2\/pages\/924\/revisions\/1192"}],"up":[{"embeddable":true,"href":"https:\/\/wp.kristdemokraterna.se\/oxelosund\/wp-json\/wp\/v2\/pages\/742"}],"wp:featuredmedia":[{"embeddable":true,"href":"https:\/\/wp.kristdemokraterna.se\/oxelosund\/wp-json\/"}],"wp:attachment":[{"href":"https:\/\/wp.kristdemokraterna.se\/oxelosund\/wp-json\/wp\/v2\/media?parent=924"}],"curies":[{"name":"wp","href":"https:\/\/api.w.org\/{rel}","templated":true}]}}