{"id":265,"date":"2017-11-29T16:47:40","date_gmt":"2017-11-29T15:47:40","guid":{"rendered":"https:\/\/wp.kristdemokraterna.se\/avdelningsmall\/?page_id=265"},"modified":"2025-02-10T16:13:57","modified_gmt":"2025-02-10T15:13:57","slug":"startsida","status":"publish","type":"page","link":"https:\/\/wp.kristdemokraterna.se\/partiavdelningsmall\/","title":{"rendered":"Startsida"},"content":{"rendered":"<p>Vi beh\u00f6ver jobba mer brottsf\u00f6rebyggande f\u00f6r att motverka att barn och unga hamnar i kriminalitet. I dag l\u00e4mnade Kristdemokraterna och regeringen en komplettering av f\u00f6rslagen i lagr\u00e5dsremissen om den nya socialtj\u00e4nstlagen. Socialn\u00e4mnden ska f\u00e5 ett st\u00e4rkt och mer uttalat brottsf\u00f6rebyggande ansvar.<\/p>\n","protected":false},"excerpt":{"rendered":"<p>Vi beh\u00f6ver jobba mer brottsf\u00f6rebyggande f\u00f6r att motverka att barn och unga hamnar i kriminalitet. I dag l\u00e4mnade Kristdemokraterna och regeringen en komplettering av f\u00f6rslagen i lagr\u00e5dsremissen om den nya socialtj\u00e4nstlagen. Socialn\u00e4mnden ska f\u00e5 ett st\u00e4rkt och mer uttalat brottsf\u00f6rebyggande ansvar.<\/p>\n","protected":false},"author":2,"featured_media":622,"parent":0,"menu_order":0,"comment_status":"closed","ping_status":"closed","template":"index.php","meta":{"_acf_changed":false,"footnotes":""},"class_list":["post-265","page","type-page","status-publish","hentry"],"acf":[],"yoast_head":"<!-- This site is optimized with the Yoast SEO plugin v27.4 - https:\/\/yoast.com\/product\/yoast-seo-wordpress\/ -->\n<title>Startsida - Kristdemokraterna | Partiavdelning<\/title>\n<meta name=\"robots\" content=\"index, follow, max-snippet:-1, max-image-preview:large, max-video-preview:-1\" \/>\n<link rel=\"canonical\" href=\"https:\/\/wp.kristdemokraterna.se\/partiavdelningsmall\/\" \/>\n<meta property=\"og:locale\" content=\"sv_SE\" \/>\n<meta property=\"og:type\" content=\"article\" \/>\n<meta property=\"og:title\" content=\"Startsida - Kristdemokraterna | Partiavdelning\" \/>\n<meta property=\"og:description\" content=\"Vi beh\u00f6ver jobba mer brottsf\u00f6rebyggande f\u00f6r att motverka att barn och unga hamnar i kriminalitet. I dag l\u00e4mnade Kristdemokraterna och regeringen en komplettering av f\u00f6rslagen i lagr\u00e5dsremissen om den nya socialtj\u00e4nstlagen. Socialn\u00e4mnden ska f\u00e5 ett st\u00e4rkt och mer uttalat brottsf\u00f6rebyggande ansvar.\" \/>\n<meta property=\"og:url\" content=\"https:\/\/wp.kristdemokraterna.se\/partiavdelningsmall\/\" \/>\n<meta property=\"og:site_name\" content=\"Kristdemokraterna | Partiavdelning\" \/>\n<meta property=\"article:modified_time\" content=\"2025-02-10T15:13:57+00:00\" \/>\n<meta name=\"twitter:card\" content=\"summary_large_image\" \/>\n<meta name=\"twitter:label1\" content=\"Ber\u00e4knad l\u00e4stid\" \/>\n\t<meta name=\"twitter:data1\" content=\"1 minut\" \/>\n<script type=\"application\/ld+json\" class=\"yoast-schema-graph\">{\"@context\":\"https:\\\/\\\/schema.org\",\"@graph\":[{\"@type\":\"WebPage\",\"@id\":\"https:\\\/\\\/wp.kristdemokraterna.se\\\/partiavdelningsmall\\\/\",\"url\":\"https:\\\/\\\/wp.kristdemokraterna.se\\\/partiavdelningsmall\\\/\",\"name\":\"Startsida - Kristdemokraterna | Partiavdelning\",\"isPartOf\":{\"@id\":\"https:\\\/\\\/wp.kristdemokraterna.se\\\/partiavdelningsmall\\\/#website\"},\"primaryImageOfPage\":{\"@id\":\"https:\\\/\\\/wp.kristdemokraterna.se\\\/partiavdelningsmall\\\/#primaryimage\"},\"image\":{\"@id\":\"https:\\\/\\\/wp.kristdemokraterna.se\\\/partiavdelningsmall\\\/#primaryimage\"},\"thumbnailUrl\":\"https:\\\/\\\/wp.kristdemokraterna.se\\\/partiavdelningsmall\\\/files\\\/2024\\\/12\\\/standard_kd.jpg\",\"datePublished\":\"2017-11-29T15:47:40+00:00\",\"dateModified\":\"2025-02-10T15:13:57+00:00\",\"breadcrumb\":{\"@id\":\"https:\\\/\\\/wp.kristdemokraterna.se\\\/partiavdelningsmall\\\/#breadcrumb\"},\"inLanguage\":\"sv-SE\",\"potentialAction\":[{\"@type\":\"ReadAction\",\"target\":[\"https:\\\/\\\/wp.kristdemokraterna.se\\\/partiavdelningsmall\\\/\"]}]},{\"@type\":\"ImageObject\",\"inLanguage\":\"sv-SE\",\"@id\":\"https:\\\/\\\/wp.kristdemokraterna.se\\\/partiavdelningsmall\\\/#primaryimage\",\"url\":\"https:\\\/\\\/wp.kristdemokraterna.se\\\/partiavdelningsmall\\\/files\\\/2024\\\/12\\\/standard_kd.jpg\",\"contentUrl\":\"https:\\\/\\\/wp.kristdemokraterna.se\\\/partiavdelningsmall\\\/files\\\/2024\\\/12\\\/standard_kd.jpg\",\"width\":478,\"height\":262,\"caption\":\"KD-logga med bl\u00e5rutig bakgrund\"},{\"@type\":\"BreadcrumbList\",\"@id\":\"https:\\\/\\\/wp.kristdemokraterna.se\\\/partiavdelningsmall\\\/#breadcrumb\",\"itemListElement\":[{\"@type\":\"ListItem\",\"position\":1,\"name\":\"Hem\",\"item\":\"https:\\\/\\\/wp.kristdemokraterna.se\\\/partiavdelningsmall\\\/\"},{\"@type\":\"ListItem\",\"position\":2,\"name\":\"Startsida\"}]},{\"@type\":\"WebSite\",\"@id\":\"https:\\\/\\\/wp.kristdemokraterna.se\\\/partiavdelningsmall\\\/#website\",\"url\":\"https:\\\/\\\/wp.kristdemokraterna.se\\\/partiavdelningsmall\\\/\",\"name\":\"Kristdemokraterna | Partiavdelning\",\"description\":\"En till Kristdemokraterna webbplats\",\"inLanguage\":\"sv-SE\"}]}<\/script>\n<!-- \/ Yoast SEO plugin. -->","yoast_head_json":{"title":"Startsida - Kristdemokraterna | Partiavdelning","robots":{"index":"index","follow":"follow","max-snippet":"max-snippet:-1","max-image-preview":"max-image-preview:large","max-video-preview":"max-video-preview:-1"},"canonical":"https:\/\/wp.kristdemokraterna.se\/partiavdelningsmall\/","og_locale":"sv_SE","og_type":"article","og_title":"Startsida - Kristdemokraterna | Partiavdelning","og_description":"Vi beh\u00f6ver jobba mer brottsf\u00f6rebyggande f\u00f6r att motverka att barn och unga hamnar i kriminalitet. I dag l\u00e4mnade Kristdemokraterna och regeringen en komplettering av f\u00f6rslagen i lagr\u00e5dsremissen om den nya socialtj\u00e4nstlagen. Socialn\u00e4mnden ska f\u00e5 ett st\u00e4rkt och mer uttalat brottsf\u00f6rebyggande ansvar.","og_url":"https:\/\/wp.kristdemokraterna.se\/partiavdelningsmall\/","og_site_name":"Kristdemokraterna | Partiavdelning","article_modified_time":"2025-02-10T15:13:57+00:00","twitter_card":"summary_large_image","twitter_misc":{"Ber\u00e4knad l\u00e4stid":"1 minut"},"schema":{"@context":"https:\/\/schema.org","@graph":[{"@type":"WebPage","@id":"https:\/\/wp.kristdemokraterna.se\/partiavdelningsmall\/","url":"https:\/\/wp.kristdemokraterna.se\/partiavdelningsmall\/","name":"Startsida - Kristdemokraterna | Partiavdelning","isPartOf":{"@id":"https:\/\/wp.kristdemokraterna.se\/partiavdelningsmall\/#website"},"primaryImageOfPage":{"@id":"https:\/\/wp.kristdemokraterna.se\/partiavdelningsmall\/#primaryimage"},"image":{"@id":"https:\/\/wp.kristdemokraterna.se\/partiavdelningsmall\/#primaryimage"},"thumbnailUrl":"https:\/\/wp.kristdemokraterna.se\/partiavdelningsmall\/files\/2024\/12\/standard_kd.jpg","datePublished":"2017-11-29T15:47:40+00:00","dateModified":"2025-02-10T15:13:57+00:00","breadcrumb":{"@id":"https:\/\/wp.kristdemokraterna.se\/partiavdelningsmall\/#breadcrumb"},"inLanguage":"sv-SE","potentialAction":[{"@type":"ReadAction","target":["https:\/\/wp.kristdemokraterna.se\/partiavdelningsmall\/"]}]},{"@type":"ImageObject","inLanguage":"sv-SE","@id":"https:\/\/wp.kristdemokraterna.se\/partiavdelningsmall\/#primaryimage","url":"https:\/\/wp.kristdemokraterna.se\/partiavdelningsmall\/files\/2024\/12\/standard_kd.jpg","contentUrl":"https:\/\/wp.kristdemokraterna.se\/partiavdelningsmall\/files\/2024\/12\/standard_kd.jpg","width":478,"height":262,"caption":"KD-logga med bl\u00e5rutig bakgrund"},{"@type":"BreadcrumbList","@id":"https:\/\/wp.kristdemokraterna.se\/partiavdelningsmall\/#breadcrumb","itemListElement":[{"@type":"ListItem","position":1,"name":"Hem","item":"https:\/\/wp.kristdemokraterna.se\/partiavdelningsmall\/"},{"@type":"ListItem","position":2,"name":"Startsida"}]},{"@type":"WebSite","@id":"https:\/\/wp.kristdemokraterna.se\/partiavdelningsmall\/#website","url":"https:\/\/wp.kristdemokraterna.se\/partiavdelningsmall\/","name":"Kristdemokraterna | Partiavdelning","description":"En till Kristdemokraterna webbplats","inLanguage":"sv-SE"}]}},"_links":{"self":[{"href":"https:\/\/wp.kristdemokraterna.se\/partiavdelningsmall\/wp-json\/wp\/v2\/pages\/265","targetHints":{"allow":["GET"]}}],"collection":[{"href":"https:\/\/wp.kristdemokraterna.se\/partiavdelningsmall\/wp-json\/wp\/v2\/pages"}],"about":[{"href":"https:\/\/wp.kristdemokraterna.se\/partiavdelningsmall\/wp-json\/wp\/v2\/types\/page"}],"author":[{"embeddable":true,"href":"https:\/\/wp.kristdemokraterna.se\/partiavdelningsmall\/wp-json\/wp\/v2\/users\/2"}],"replies":[{"embeddable":true,"href":"https:\/\/wp.kristdemokraterna.se\/partiavdelningsmall\/wp-json\/wp\/v2\/comments?post=265"}],"version-history":[{"count":88,"href":"https:\/\/wp.kristdemokraterna.se\/partiavdelningsmall\/wp-json\/wp\/v2\/pages\/265\/revisions"}],"predecessor-version":[{"id":646,"href":"https:\/\/wp.kristdemokraterna.se\/partiavdelningsmall\/wp-json\/wp\/v2\/pages\/265\/revisions\/646"}],"wp:featuredmedia":[{"embeddable":true,"href":"https:\/\/wp.kristdemokraterna.se\/partiavdelningsmall\/wp-json\/wp\/v2\/media\/622"}],"wp:attachment":[{"href":"https:\/\/wp.kristdemokraterna.se\/partiavdelningsmall\/wp-json\/wp\/v2\/media?parent=265"}],"curies":[{"name":"wp","href":"https:\/\/api.w.org\/{rel}","templated":true}]}}