{"id":269,"date":"2017-11-29T16:48:28","date_gmt":"2017-11-29T15:48:28","guid":{"rendered":"https:\/\/wp.kristdemokraterna.se\/partille\/?page_id=269"},"modified":"2022-09-02T19:40:38","modified_gmt":"2022-09-02T17:40:38","slug":"textsida-med-vanster-sidebar","status":"publish","type":"page","link":"https:\/\/wp.kristdemokraterna.se\/partille\/textsida-med-vanster-sidebar\/","title":{"rendered":"Stabilt Borgerliga med gr\u00f6n profil"},"content":{"rendered":"<div id=\"svid12_53a0669f180dc5493671a4b\" class=\"sv-text-portlet sv-use-margins\">\n<div class=\"sv-text-portlet-content\">\n<div id=\"svid12_53a0669f180dc5493671a4b\" class=\"sv-text-portlet sv-use-margins\">\n<div class=\"sv-text-portlet-content\">\n<p id=\"h-OmKristdemokraterna\" class=\"font-heading-1\"><span style=\"font-size: 16px\">Vi \u00e4r en grupp av fritidspolitiker som aktivt arbetar f\u00f6r att g\u00f6ra Partille \u00e4nnu b\u00e4ttre. Tillsammans med \u00f6vriga partier i Alliansen driver vi en politik som uppmuntrar f\u00f6retagande och individens r\u00e4tt till egna val.<\/span><\/p>\n<\/div>\n<\/div>\n<div id=\"svid12_53a0669f180dc5493671a4d\" class=\"sv-text-portlet sv-use-margins\">\n<div id=\"Innehall\">\n<p>F\u00f6rt\u00e4ta varsamt med bevarande av omr\u00e5deskarakt\u00e4r och gr\u00f6na ytor. KD stoppade Finng\u00f6sav\u00e4gen och h\u00f6ghusen vid Ugglumsleden.<\/p>\n<p>Skapa studiero i skolan, med fokus p\u00e5 kunskaper och god arbetsmilj\u00f6 f\u00f6r elever, l\u00e4rare och \u00f6vrig personal. V\u00e4rna r\u00e4tten att v\u00e4lja skola.<\/p>\n<p>KD st\u00e5r f\u00f6r en fortsatt god ekonomisk hush\u00e5llning med prioritet p\u00e5 kommunal k\u00e4rnverksamhet och inv\u00e5narnytta.<\/p>\n<\/div>\n<\/div>\n<\/div>\n<\/div>\n","protected":false},"excerpt":{"rendered":"<p>Vi \u00e4r en grupp av fritidspolitiker som aktivt arbetar f\u00f6r att g\u00f6ra Partille \u00e4nnu b\u00e4ttre. Tillsammans med \u00f6vriga partier i Alliansen driver vi en politik som uppmuntrar f\u00f6retagande och individens r\u00e4tt till egna val. F\u00f6rt\u00e4ta varsamt med bevarande av omr\u00e5deskarakt\u00e4r och gr\u00f6na ytor. KD stoppade Finng\u00f6sav\u00e4gen och h\u00f6ghusen vid Ugglumsleden. Skapa studiero i skolan, med <a class=\"read-more-link\" href=\"https:\/\/wp.kristdemokraterna.se\/partille\/textsida-med-vanster-sidebar\/\">L\u00e4s mer<\/a><\/p>\n","protected":false},"author":451,"featured_media":714,"parent":0,"menu_order":0,"comment_status":"closed","ping_status":"closed","template":"page.php","meta":{"_acf_changed":false,"footnotes":""},"class_list":["post-269","page","type-page","status-publish","hentry"],"acf":[],"yoast_head":"<!-- This site is optimized with the Yoast SEO plugin v27.3 - https:\/\/yoast.com\/product\/yoast-seo-wordpress\/ -->\n<title>Stabilt Borgerliga med gr\u00f6n profil - Kristdemokraterna | Partille<\/title>\n<meta name=\"robots\" content=\"index, follow, max-snippet:-1, max-image-preview:large, max-video-preview:-1\" \/>\n<link rel=\"canonical\" href=\"https:\/\/wp.kristdemokraterna.se\/partille\/textsida-med-vanster-sidebar\/\" \/>\n<meta property=\"og:locale\" content=\"sv_SE\" \/>\n<meta property=\"og:type\" content=\"article\" \/>\n<meta property=\"og:title\" content=\"Stabilt Borgerliga med gr\u00f6n profil - Kristdemokraterna | Partille\" \/>\n<meta property=\"og:description\" content=\"Vi \u00e4r en grupp av fritidspolitiker som aktivt arbetar f\u00f6r att g\u00f6ra Partille \u00e4nnu b\u00e4ttre. Tillsammans med \u00f6vriga partier i Alliansen driver vi en politik som uppmuntrar f\u00f6retagande och individens r\u00e4tt till egna val. F\u00f6rt\u00e4ta varsamt med bevarande av omr\u00e5deskarakt\u00e4r och gr\u00f6na ytor. KD stoppade Finng\u00f6sav\u00e4gen och h\u00f6ghusen vid Ugglumsleden. Skapa studiero i skolan, med L\u00e4s mer\" \/>\n<meta property=\"og:url\" content=\"https:\/\/wp.kristdemokraterna.se\/partille\/textsida-med-vanster-sidebar\/\" \/>\n<meta property=\"og:site_name\" content=\"Kristdemokraterna | Partille\" \/>\n<meta property=\"article:modified_time\" content=\"2022-09-02T17:40:38+00:00\" \/>\n<meta name=\"twitter:card\" content=\"summary_large_image\" \/>\n<meta name=\"twitter:label1\" content=\"Ber\u00e4knad l\u00e4stid\" \/>\n\t<meta name=\"twitter:data1\" content=\"2 minuter\" \/>\n<script type=\"application\/ld+json\" class=\"yoast-schema-graph\">{\"@context\":\"https:\\\/\\\/schema.org\",\"@graph\":[{\"@type\":\"WebPage\",\"@id\":\"https:\\\/\\\/wp.kristdemokraterna.se\\\/partille\\\/textsida-med-vanster-sidebar\\\/\",\"url\":\"https:\\\/\\\/wp.kristdemokraterna.se\\\/partille\\\/textsida-med-vanster-sidebar\\\/\",\"name\":\"Stabilt Borgerliga med gr\u00f6n profil - Kristdemokraterna | Partille\",\"isPartOf\":{\"@id\":\"https:\\\/\\\/wp.kristdemokraterna.se\\\/partille\\\/#website\"},\"primaryImageOfPage\":{\"@id\":\"https:\\\/\\\/wp.kristdemokraterna.se\\\/partille\\\/textsida-med-vanster-sidebar\\\/#primaryimage\"},\"image\":{\"@id\":\"https:\\\/\\\/wp.kristdemokraterna.se\\\/partille\\\/textsida-med-vanster-sidebar\\\/#primaryimage\"},\"thumbnailUrl\":\"\",\"datePublished\":\"2017-11-29T15:48:28+00:00\",\"dateModified\":\"2022-09-02T17:40:38+00:00\",\"breadcrumb\":{\"@id\":\"https:\\\/\\\/wp.kristdemokraterna.se\\\/partille\\\/textsida-med-vanster-sidebar\\\/#breadcrumb\"},\"inLanguage\":\"sv-SE\",\"potentialAction\":[{\"@type\":\"ReadAction\",\"target\":[\"https:\\\/\\\/wp.kristdemokraterna.se\\\/partille\\\/textsida-med-vanster-sidebar\\\/\"]}]},{\"@type\":\"ImageObject\",\"inLanguage\":\"sv-SE\",\"@id\":\"https:\\\/\\\/wp.kristdemokraterna.se\\\/partille\\\/textsida-med-vanster-sidebar\\\/#primaryimage\",\"url\":\"\",\"contentUrl\":\"\"},{\"@type\":\"BreadcrumbList\",\"@id\":\"https:\\\/\\\/wp.kristdemokraterna.se\\\/partille\\\/textsida-med-vanster-sidebar\\\/#breadcrumb\",\"itemListElement\":[{\"@type\":\"ListItem\",\"position\":1,\"name\":\"Hem\",\"item\":\"https:\\\/\\\/wp.kristdemokraterna.se\\\/partille\\\/\"},{\"@type\":\"ListItem\",\"position\":2,\"name\":\"Stabilt Borgerliga med gr\u00f6n profil\"}]},{\"@type\":\"WebSite\",\"@id\":\"https:\\\/\\\/wp.kristdemokraterna.se\\\/partille\\\/#website\",\"url\":\"https:\\\/\\\/wp.kristdemokraterna.se\\\/partille\\\/\",\"name\":\"Kristdemokraterna | Partille\",\"description\":\"En till Kristdemokraterna webbplats\",\"inLanguage\":\"sv-SE\"}]}<\/script>\n<!-- \/ Yoast SEO plugin. -->","yoast_head_json":{"title":"Stabilt Borgerliga med gr\u00f6n profil - Kristdemokraterna | Partille","robots":{"index":"index","follow":"follow","max-snippet":"max-snippet:-1","max-image-preview":"max-image-preview:large","max-video-preview":"max-video-preview:-1"},"canonical":"https:\/\/wp.kristdemokraterna.se\/partille\/textsida-med-vanster-sidebar\/","og_locale":"sv_SE","og_type":"article","og_title":"Stabilt Borgerliga med gr\u00f6n profil - Kristdemokraterna | Partille","og_description":"Vi \u00e4r en grupp av fritidspolitiker som aktivt arbetar f\u00f6r att g\u00f6ra Partille \u00e4nnu b\u00e4ttre. Tillsammans med \u00f6vriga partier i Alliansen driver vi en politik som uppmuntrar f\u00f6retagande och individens r\u00e4tt till egna val. F\u00f6rt\u00e4ta varsamt med bevarande av omr\u00e5deskarakt\u00e4r och gr\u00f6na ytor. KD stoppade Finng\u00f6sav\u00e4gen och h\u00f6ghusen vid Ugglumsleden. Skapa studiero i skolan, med L\u00e4s mer","og_url":"https:\/\/wp.kristdemokraterna.se\/partille\/textsida-med-vanster-sidebar\/","og_site_name":"Kristdemokraterna | Partille","article_modified_time":"2022-09-02T17:40:38+00:00","twitter_card":"summary_large_image","twitter_misc":{"Ber\u00e4knad l\u00e4stid":"2 minuter"},"schema":{"@context":"https:\/\/schema.org","@graph":[{"@type":"WebPage","@id":"https:\/\/wp.kristdemokraterna.se\/partille\/textsida-med-vanster-sidebar\/","url":"https:\/\/wp.kristdemokraterna.se\/partille\/textsida-med-vanster-sidebar\/","name":"Stabilt Borgerliga med gr\u00f6n profil - Kristdemokraterna | Partille","isPartOf":{"@id":"https:\/\/wp.kristdemokraterna.se\/partille\/#website"},"primaryImageOfPage":{"@id":"https:\/\/wp.kristdemokraterna.se\/partille\/textsida-med-vanster-sidebar\/#primaryimage"},"image":{"@id":"https:\/\/wp.kristdemokraterna.se\/partille\/textsida-med-vanster-sidebar\/#primaryimage"},"thumbnailUrl":"","datePublished":"2017-11-29T15:48:28+00:00","dateModified":"2022-09-02T17:40:38+00:00","breadcrumb":{"@id":"https:\/\/wp.kristdemokraterna.se\/partille\/textsida-med-vanster-sidebar\/#breadcrumb"},"inLanguage":"sv-SE","potentialAction":[{"@type":"ReadAction","target":["https:\/\/wp.kristdemokraterna.se\/partille\/textsida-med-vanster-sidebar\/"]}]},{"@type":"ImageObject","inLanguage":"sv-SE","@id":"https:\/\/wp.kristdemokraterna.se\/partille\/textsida-med-vanster-sidebar\/#primaryimage","url":"","contentUrl":""},{"@type":"BreadcrumbList","@id":"https:\/\/wp.kristdemokraterna.se\/partille\/textsida-med-vanster-sidebar\/#breadcrumb","itemListElement":[{"@type":"ListItem","position":1,"name":"Hem","item":"https:\/\/wp.kristdemokraterna.se\/partille\/"},{"@type":"ListItem","position":2,"name":"Stabilt Borgerliga med gr\u00f6n profil"}]},{"@type":"WebSite","@id":"https:\/\/wp.kristdemokraterna.se\/partille\/#website","url":"https:\/\/wp.kristdemokraterna.se\/partille\/","name":"Kristdemokraterna | Partille","description":"En till Kristdemokraterna webbplats","inLanguage":"sv-SE"}]}},"_links":{"self":[{"href":"https:\/\/wp.kristdemokraterna.se\/partille\/wp-json\/wp\/v2\/pages\/269","targetHints":{"allow":["GET"]}}],"collection":[{"href":"https:\/\/wp.kristdemokraterna.se\/partille\/wp-json\/wp\/v2\/pages"}],"about":[{"href":"https:\/\/wp.kristdemokraterna.se\/partille\/wp-json\/wp\/v2\/types\/page"}],"author":[{"embeddable":true,"href":"https:\/\/wp.kristdemokraterna.se\/partille\/wp-json\/wp\/v2\/users\/451"}],"replies":[{"embeddable":true,"href":"https:\/\/wp.kristdemokraterna.se\/partille\/wp-json\/wp\/v2\/comments?post=269"}],"version-history":[{"count":31,"href":"https:\/\/wp.kristdemokraterna.se\/partille\/wp-json\/wp\/v2\/pages\/269\/revisions"}],"predecessor-version":[{"id":646,"href":"https:\/\/wp.kristdemokraterna.se\/partille\/wp-json\/wp\/v2\/pages\/269\/revisions\/646"}],"wp:featuredmedia":[{"embeddable":true,"href":"https:\/\/wp.kristdemokraterna.se\/partille\/wp-json\/"}],"wp:attachment":[{"href":"https:\/\/wp.kristdemokraterna.se\/partille\/wp-json\/wp\/v2\/media?parent=269"}],"curies":[{"name":"wp","href":"https:\/\/api.w.org\/{rel}","templated":true}]}}