{"id":373,"date":"2017-12-04T16:47:18","date_gmt":"2017-12-04T15:47:18","guid":{"rendered":"https:\/\/wp.kristdemokraterna.se\/partille\/?page_id=373"},"modified":"2022-08-05T11:36:21","modified_gmt":"2022-08-05T09:36:21","slug":"var-politik-i-kommunen","status":"publish","type":"page","link":"https:\/\/wp.kristdemokraterna.se\/partille\/textsida-fullbredd\/var-politik-i-kommunen\/","title":{"rendered":"V\u00e5r politik i kommunen"},"content":{"rendered":"<div id=\"svid12_6a38268d1812606f8b324c\" class=\"sv-text-portlet sv-use-margins sv-skip-spacer\">\n<div class=\"sv-text-portlet-content\">\n<h1 id=\"h-HelaSverigeskafungera\" class=\"font-heading-1\">Redo att h\u00f6ja pensionerna<\/h1>\n<\/div>\n<\/div>\n<div id=\"svid12_6a38268d1812606f8b324d\" class=\"sv-text-portlet sv-use-margins\">\n<div class=\"sv-text-portlet-content\">\n<p class=\"font-normal\"><strong>\u00c4ldre f\u00f6rtj\u00e4nar en trygg och v\u00e4rdig pensionstid. Kristdemokraterna vill s\u00e4nka skatten f\u00f6r alla pension\u00e4rer, och \u00e4ven f\u00f6r \u00e4ldre som vill forts\u00e4tta jobba. Vi vill ocks\u00e5 inf\u00f6ra en trygghetsers\u00e4ttning f\u00f6r \u00e4ldre som har haft ett s\u00e4rskilt slitigt arbetsliv och som inte bed\u00f6ms kunna arbeta under de f\u00e5 \u00e5r de har kvar till pensionering.<\/strong><\/p>\n<h3 id=\"h-HogrebostadstillaggforpensionarerBTP\" class=\"font-heading-3\"><strong>H\u00f6gre bostadstill\u00e4gg f\u00f6r pension\u00e4rer (BTP)<\/strong><\/h3>\n<p class=\"font-normal\">Kristdemokraterna har drivit p\u00e5 reformer f\u00f6r att f\u00f6rb\u00e4ttra ekonomin f\u00f6r de pension\u00e4rer som har de l\u00e4gsta inkomsterna genom h\u00f6jning av garantipensionen och en h\u00f6jning av taket i bostadstill\u00e4gget. Vi vill dock g\u00f6ra mer. Vi vill h\u00f6ja taket i bostadstill\u00e4gget.<\/p>\n<h3 id=\"h-Skattelattnadforaldresomarbetar\" class=\"font-heading-3\"><strong>Skattel\u00e4ttnad f\u00f6r \u00e4ldre som arbetar<\/strong><\/h3>\n<p class=\"font-normal\">Idag f\u00e5r den som fyllt 65 \u00e5r men fortfarande arbetar ett f\u00f6rdubblat jobbskatteavdrag, n\u00e5got Kristdemokraterna varit med och inf\u00f6rt. F\u00f6r att ytterligare f\u00f6rst\u00e4rka \u00e4ldres ekonomi vill vi \u00e4ven ge de som \u00e4r 69 \u00e5r eller \u00e4ldre som forts\u00e4tter att arbeta ytterligare en skattel\u00e4ttnad, ut\u00f6ver det redan f\u00f6rh\u00f6jda jobbskatteavdraget.<\/p>\n<h3 id=\"h-Minskadeskillnaderpamansochkvinnorspensioner\" class=\"font-heading-3\"><strong>Minskade skillnader p\u00e5 m\u00e4ns och kvinnors pensioner<\/strong><\/h3>\n<p class=\"font-normal\">Kristdemokraterna vill \u00e4ven se reformer som minskar skillnaderna mellan m\u00e4ns och kvinnors pensioner. F\u00f6r att kompensera kvinnors l\u00e4gre pensioner \u2013 som bland annat \u00e4r ett resultat av oj\u00e4mlikhet i l\u00f6nestrukturen, ett h\u00f6gre uttag av f\u00f6r\u00e4ldraledighet och f\u00e4rre arbetade timmar n\u00e4r barnen \u00e4r sm\u00e5 \u2013 vill vi se en ut\u00f6kning av antalet barnr\u00e4tts\u00e5r fr\u00e5n fyra till fem samt automatiskt delad premiepension f\u00f6r f\u00f6r\u00e4ldrar till barn under 12 \u00e5r. F\u00f6rutom att det st\u00e4rker den enskildes ekonomi signalerar det att det \u00e4r en viktig samh\u00e4llsinsats att ta hand om sina barn.<\/p>\n<\/div>\n<\/div>\n<div id=\"svid12_6a38268d1812606f8b324e\" class=\"sv-text-portlet sv-use-margins\">\n<div class=\"sv-text-portlet-content\">\n<div id=\"svid12_6a38268d1812606f8b323f\" class=\"sv-text-portlet sv-use-margins sv-skip-spacer\">\n<div class=\"sv-text-portlet-content\">\n<h1 id=\"h-Redoattbekampabrotten\" class=\"font-heading-1\" style=\"text-align: left\">Redo att bek\u00e4mpa brotten<\/h1>\n<\/div>\n<\/div>\n<div id=\"svid12_6a38268d1812606f8b3240\" class=\"sv-text-portlet sv-use-margins\">\n<div class=\"sv-text-portlet-content\">\n<p class=\"font-description\"><strong>En av statens viktigaste grunduppgifter \u00e4r att se till att medborgarna \u00e4r trygga. Man ska kunna lita p\u00e5 att polisen kommer n\u00e4r man larmar. D\u00e4rf\u00f6r vill vi utbilda och anst\u00e4lla fler poliser. Polisen ska ha resurser att f\u00f6rebygga, f\u00f6rhindra och beivra brott. N\u00e4r m\u00e4nniskor uts\u00e4tts f\u00f6r v\u00e5ldsbrott, r\u00e5n, sexuella trakasserier eller inbrott s\u00e5 m\u00e5ste r\u00e4ttsv\u00e4sendet agera. Och vi ska alltid st\u00e5 p\u00e5 brottsoffrets sida. Det \u00e4r det enda rimliga. \u00c4nd\u00e5 \u00e4r det inte alltid s\u00e5 i Sverige.<\/strong><\/p>\n<\/div>\n<\/div>\n<div id=\"svid12_6a38268d1812606f8b3241\" class=\"sv-text-portlet sv-use-margins\">\n<div class=\"sv-text-portlet-content\">\n<h2 id=\"h-Forattforbattratrygghetenvillvi\" class=\"font-heading-2\">F\u00f6r att f\u00f6rb\u00e4ttra tryggheten vill vi:<\/h2>\n<ul class=\" font-normal\">\n<li>F\u00f6rebygga brott genom att st\u00f6tta familjer. Alla kommuner ska hj\u00e4lpa f\u00f6r\u00e4ldrar som beh\u00f6ver st\u00f6d.<\/li>\n<li>Sk\u00e4rpa straffen. Grova brottslingar ska sitta i f\u00e4ngelse under l\u00e5ng tid s\u00e5 de inte kan beg\u00e5 nya brott.<\/li>\n<li>Sverige beh\u00f6ver 10 000 fler poliser. H\u00f6j l\u00f6nen s\u00e5 fler stannar. Avlasta dem s\u00e5 de kan bek\u00e4mpa brott.<\/li>\n<li>Slopa straffrabatterna. Idag finns \u00e5ldersrabatt, m\u00e4ngdrabatt och m\u00e5nga fler. De beh\u00f6ver avskaffas.<\/li>\n<li>Sl\u00e5 tillbaka mot den organiserade brottsligheten. Inf\u00f6r anonyma vittnen och preventiv avlyssning.<\/li>\n<li>Stoppa st\u00f6ldligorna. Mellan 50 och 90 procent av allt st\u00f6ldgods f\u00f6rs utomlands. St\u00e4rk tullen och gr\u00e4nskontrollen.<\/li>\n<li>Motverka v\u00e5ldsbejakande islamism och hedersbrott.<\/li>\n<\/ul>\n<\/div>\n<\/div>\n<\/div>\n<\/div>\n<div id=\"svid12_5f5685e31817fdfeceb5\" class=\"sv-text-portlet sv-use-margins\">\n<div class=\"sv-text-portlet-content\">\n<div id=\"svid94_72d9f8c817e8ce3de02861e\">\n<div id=\"svid10_72d9f8c817e8ce3de028ae4\" class=\"sv-vertical sv-layout sv-skip-spacer sv-template-layout\">\n<div id=\"svid94_6a38268d1812606f8b322e\" class=\"pagecontent sv-layout\">\n<div id=\"svid12_6a38268d1812606f8b322f\" class=\"sv-text-portlet sv-use-margins sv-skip-spacer\">\n<div class=\"sv-text-portlet-content\">\n<h1 id=\"h-Redoattkapavardkoerna\" class=\"font-heading-1\">Redo att kapa v\u00e5rdk\u00f6erna<\/h1>\n<\/div>\n<\/div>\n<div id=\"svid12_6a38268d1812606f8b3230\" class=\"sv-text-portlet sv-use-margins\">\n<div class=\"sv-text-portlet-content\">\n<p class=\"font-description\"><strong>V\u00e5rdk\u00f6erna \u00e4r rekordl\u00e5nga. De har f\u00f6rv\u00e4rrats av pandemin, men redan f\u00f6re dess hade de f\u00f6rdubblats under Stefan L\u00f6fvens regering. Ett viktigt sk\u00e4l \u00e4r att Sveriges v\u00e5rdsystem \u00e4r f\u00f6r\u00e5ldrat. Danmarks v\u00e5rdsystem \u00e4r fr\u00e5n 2007 och Norges \u00e4r fr\u00e5n 2002. Sveriges \u00e4r fr\u00e5n 1862.<\/strong><\/p>\n<p class=\"font-normal\"><strong>Ist\u00e4llet f\u00f6r 21 olika regioner vill vi inf\u00f6ra ett nationellt v\u00e5rdsystem som v\u00e5ra grannl\u00e4nder redan gjort. Under tiden det sker, vill vi inr\u00e4tta en nationell v\u00e5rdf\u00f6rmedning som hj\u00e4lper m\u00e4nniskor att f\u00e5 v\u00e5rd i en annan region, om du har v\u00e4ntat f\u00f6r l\u00e4nge i din egen.<\/strong><\/p>\n<\/div>\n<\/div>\n<div id=\"svid12_6a38268d1812606f8b3233\" class=\"sv-text-portlet sv-use-margins\">\n<div class=\"sv-text-portlet-content\">\n<h2 id=\"h-Forattforbattravardenvillvi\" class=\"font-heading-2\">F\u00f6r att f\u00f6rb\u00e4ttra v\u00e5rden vill vi:<\/h2>\n<ul class=\" font-normal\">\n<li>L\u00e5ta staten ta \u00f6ver ansvaret f\u00f6r v\u00e5rden. 21 olika regioner fungerar inte l\u00e4ngre.<\/li>\n<li>Sveriges regering m\u00e5ste tills\u00e4tta stora resurser och fokusera p\u00e5 att beta av v\u00e5rdk\u00f6erna.<\/li>\n<li>Sverige beh\u00f6ver fler v\u00e5rdplatser. Vi vill inf\u00f6ra en ers\u00e4ttning till de sjukhus som klarar m\u00e5len.<\/li>\n<li>Inf\u00f6r en nationell v\u00e5rdf\u00f6rmedling f\u00f6r att snabbt b\u00f6rja komma tillr\u00e4tta med v\u00e5rdk\u00f6erna.<\/li>\n<li>Alla ska ha r\u00e4tt till en fast l\u00e4karkontakt p\u00e5 en namngiven l\u00e4kare.<\/li>\n<li>Flera \u00e5tg\u00e4rder f\u00f6r en f\u00f6rb\u00e4ttrad f\u00f6rlossnings- och efterv\u00e5rd.<\/li>\n<\/ul>\n<\/div>\n<\/div>\n<\/div>\n<\/div>\n<\/div>\n<\/div>\n<\/div>\n","protected":false},"excerpt":{"rendered":"<p>Redo att h\u00f6ja pensionerna \u00c4ldre f\u00f6rtj\u00e4nar en trygg och v\u00e4rdig pensionstid. Kristdemokraterna vill s\u00e4nka skatten f\u00f6r alla pension\u00e4rer, och \u00e4ven f\u00f6r \u00e4ldre som vill forts\u00e4tta jobba. Vi vill ocks\u00e5 inf\u00f6ra en trygghetsers\u00e4ttning f\u00f6r \u00e4ldre som har haft ett s\u00e4rskilt slitigt arbetsliv och som inte bed\u00f6ms kunna arbeta under de f\u00e5 \u00e5r de har kvar till <a class=\"read-more-link\" href=\"https:\/\/wp.kristdemokraterna.se\/partille\/textsida-fullbredd\/var-politik-i-kommunen\/\">L\u00e4s mer<\/a><\/p>\n","protected":false},"author":451,"featured_media":714,"parent":272,"menu_order":0,"comment_status":"closed","ping_status":"closed","template":"page.php","meta":{"_acf_changed":false,"footnotes":""},"class_list":["post-373","page","type-page","status-publish","hentry"],"acf":[],"yoast_head":"<!-- This site is optimized with the Yoast SEO plugin v27.6 - https:\/\/yoast.com\/product\/yoast-seo-wordpress\/ -->\n<title>V\u00e5r politik i kommunen - Kristdemokraterna | Partille<\/title>\n<meta name=\"robots\" content=\"index, follow, max-snippet:-1, max-image-preview:large, max-video-preview:-1\" \/>\n<link rel=\"canonical\" href=\"https:\/\/wp.kristdemokraterna.se\/partille\/textsida-fullbredd\/var-politik-i-kommunen\/\" \/>\n<meta property=\"og:locale\" content=\"sv_SE\" \/>\n<meta property=\"og:type\" content=\"article\" \/>\n<meta property=\"og:title\" content=\"V\u00e5r politik i kommunen - Kristdemokraterna | Partille\" \/>\n<meta property=\"og:description\" content=\"Redo att h\u00f6ja pensionerna \u00c4ldre f\u00f6rtj\u00e4nar en trygg och v\u00e4rdig pensionstid. Kristdemokraterna vill s\u00e4nka skatten f\u00f6r alla pension\u00e4rer, och \u00e4ven f\u00f6r \u00e4ldre som vill forts\u00e4tta jobba. Vi vill ocks\u00e5 inf\u00f6ra en trygghetsers\u00e4ttning f\u00f6r \u00e4ldre som har haft ett s\u00e4rskilt slitigt arbetsliv och som inte bed\u00f6ms kunna arbeta under de f\u00e5 \u00e5r de har kvar till L\u00e4s mer\" \/>\n<meta property=\"og:url\" content=\"https:\/\/wp.kristdemokraterna.se\/partille\/textsida-fullbredd\/var-politik-i-kommunen\/\" \/>\n<meta property=\"og:site_name\" content=\"Kristdemokraterna | Partille\" \/>\n<meta property=\"article:modified_time\" content=\"2022-08-05T09:36:21+00:00\" \/>\n<meta name=\"twitter:card\" content=\"summary_large_image\" \/>\n<meta name=\"twitter:label1\" content=\"Ber\u00e4knad l\u00e4stid\" \/>\n\t<meta name=\"twitter:data1\" content=\"4 minuter\" \/>\n<script type=\"application\/ld+json\" class=\"yoast-schema-graph\">{\"@context\":\"https:\\\/\\\/schema.org\",\"@graph\":[{\"@type\":\"WebPage\",\"@id\":\"https:\\\/\\\/wp.kristdemokraterna.se\\\/partille\\\/textsida-fullbredd\\\/var-politik-i-kommunen\\\/\",\"url\":\"https:\\\/\\\/wp.kristdemokraterna.se\\\/partille\\\/textsida-fullbredd\\\/var-politik-i-kommunen\\\/\",\"name\":\"V\u00e5r politik i kommunen - Kristdemokraterna | Partille\",\"isPartOf\":{\"@id\":\"https:\\\/\\\/wp.kristdemokraterna.se\\\/partille\\\/#website\"},\"primaryImageOfPage\":{\"@id\":\"https:\\\/\\\/wp.kristdemokraterna.se\\\/partille\\\/textsida-fullbredd\\\/var-politik-i-kommunen\\\/#primaryimage\"},\"image\":{\"@id\":\"https:\\\/\\\/wp.kristdemokraterna.se\\\/partille\\\/textsida-fullbredd\\\/var-politik-i-kommunen\\\/#primaryimage\"},\"thumbnailUrl\":\"\",\"datePublished\":\"2017-12-04T15:47:18+00:00\",\"dateModified\":\"2022-08-05T09:36:21+00:00\",\"breadcrumb\":{\"@id\":\"https:\\\/\\\/wp.kristdemokraterna.se\\\/partille\\\/textsida-fullbredd\\\/var-politik-i-kommunen\\\/#breadcrumb\"},\"inLanguage\":\"sv-SE\",\"potentialAction\":[{\"@type\":\"ReadAction\",\"target\":[\"https:\\\/\\\/wp.kristdemokraterna.se\\\/partille\\\/textsida-fullbredd\\\/var-politik-i-kommunen\\\/\"]}]},{\"@type\":\"ImageObject\",\"inLanguage\":\"sv-SE\",\"@id\":\"https:\\\/\\\/wp.kristdemokraterna.se\\\/partille\\\/textsida-fullbredd\\\/var-politik-i-kommunen\\\/#primaryimage\",\"url\":\"\",\"contentUrl\":\"\"},{\"@type\":\"BreadcrumbList\",\"@id\":\"https:\\\/\\\/wp.kristdemokraterna.se\\\/partille\\\/textsida-fullbredd\\\/var-politik-i-kommunen\\\/#breadcrumb\",\"itemListElement\":[{\"@type\":\"ListItem\",\"position\":1,\"name\":\"Hem\",\"item\":\"https:\\\/\\\/wp.kristdemokraterna.se\\\/partille\\\/\"},{\"@type\":\"ListItem\",\"position\":2,\"name\":\"Vad vi st\u00e5r f\u00f6r!\",\"item\":\"https:\\\/\\\/wp.kristdemokraterna.se\\\/partille\\\/textsida-fullbredd\\\/\"},{\"@type\":\"ListItem\",\"position\":3,\"name\":\"V\u00e5r politik i kommunen\"}]},{\"@type\":\"WebSite\",\"@id\":\"https:\\\/\\\/wp.kristdemokraterna.se\\\/partille\\\/#website\",\"url\":\"https:\\\/\\\/wp.kristdemokraterna.se\\\/partille\\\/\",\"name\":\"Kristdemokraterna | Partille\",\"description\":\"En till Kristdemokraterna webbplats\",\"inLanguage\":\"sv-SE\"}]}<\/script>\n<!-- \/ Yoast SEO plugin. -->","yoast_head_json":{"title":"V\u00e5r politik i kommunen - Kristdemokraterna | Partille","robots":{"index":"index","follow":"follow","max-snippet":"max-snippet:-1","max-image-preview":"max-image-preview:large","max-video-preview":"max-video-preview:-1"},"canonical":"https:\/\/wp.kristdemokraterna.se\/partille\/textsida-fullbredd\/var-politik-i-kommunen\/","og_locale":"sv_SE","og_type":"article","og_title":"V\u00e5r politik i kommunen - Kristdemokraterna | Partille","og_description":"Redo att h\u00f6ja pensionerna \u00c4ldre f\u00f6rtj\u00e4nar en trygg och v\u00e4rdig pensionstid. Kristdemokraterna vill s\u00e4nka skatten f\u00f6r alla pension\u00e4rer, och \u00e4ven f\u00f6r \u00e4ldre som vill forts\u00e4tta jobba. Vi vill ocks\u00e5 inf\u00f6ra en trygghetsers\u00e4ttning f\u00f6r \u00e4ldre som har haft ett s\u00e4rskilt slitigt arbetsliv och som inte bed\u00f6ms kunna arbeta under de f\u00e5 \u00e5r de har kvar till L\u00e4s mer","og_url":"https:\/\/wp.kristdemokraterna.se\/partille\/textsida-fullbredd\/var-politik-i-kommunen\/","og_site_name":"Kristdemokraterna | Partille","article_modified_time":"2022-08-05T09:36:21+00:00","twitter_card":"summary_large_image","twitter_misc":{"Ber\u00e4knad l\u00e4stid":"4 minuter"},"schema":{"@context":"https:\/\/schema.org","@graph":[{"@type":"WebPage","@id":"https:\/\/wp.kristdemokraterna.se\/partille\/textsida-fullbredd\/var-politik-i-kommunen\/","url":"https:\/\/wp.kristdemokraterna.se\/partille\/textsida-fullbredd\/var-politik-i-kommunen\/","name":"V\u00e5r politik i kommunen - Kristdemokraterna | Partille","isPartOf":{"@id":"https:\/\/wp.kristdemokraterna.se\/partille\/#website"},"primaryImageOfPage":{"@id":"https:\/\/wp.kristdemokraterna.se\/partille\/textsida-fullbredd\/var-politik-i-kommunen\/#primaryimage"},"image":{"@id":"https:\/\/wp.kristdemokraterna.se\/partille\/textsida-fullbredd\/var-politik-i-kommunen\/#primaryimage"},"thumbnailUrl":"","datePublished":"2017-12-04T15:47:18+00:00","dateModified":"2022-08-05T09:36:21+00:00","breadcrumb":{"@id":"https:\/\/wp.kristdemokraterna.se\/partille\/textsida-fullbredd\/var-politik-i-kommunen\/#breadcrumb"},"inLanguage":"sv-SE","potentialAction":[{"@type":"ReadAction","target":["https:\/\/wp.kristdemokraterna.se\/partille\/textsida-fullbredd\/var-politik-i-kommunen\/"]}]},{"@type":"ImageObject","inLanguage":"sv-SE","@id":"https:\/\/wp.kristdemokraterna.se\/partille\/textsida-fullbredd\/var-politik-i-kommunen\/#primaryimage","url":"","contentUrl":""},{"@type":"BreadcrumbList","@id":"https:\/\/wp.kristdemokraterna.se\/partille\/textsida-fullbredd\/var-politik-i-kommunen\/#breadcrumb","itemListElement":[{"@type":"ListItem","position":1,"name":"Hem","item":"https:\/\/wp.kristdemokraterna.se\/partille\/"},{"@type":"ListItem","position":2,"name":"Vad vi st\u00e5r f\u00f6r!","item":"https:\/\/wp.kristdemokraterna.se\/partille\/textsida-fullbredd\/"},{"@type":"ListItem","position":3,"name":"V\u00e5r politik i kommunen"}]},{"@type":"WebSite","@id":"https:\/\/wp.kristdemokraterna.se\/partille\/#website","url":"https:\/\/wp.kristdemokraterna.se\/partille\/","name":"Kristdemokraterna | Partille","description":"En till Kristdemokraterna webbplats","inLanguage":"sv-SE"}]}},"_links":{"self":[{"href":"https:\/\/wp.kristdemokraterna.se\/partille\/wp-json\/wp\/v2\/pages\/373","targetHints":{"allow":["GET"]}}],"collection":[{"href":"https:\/\/wp.kristdemokraterna.se\/partille\/wp-json\/wp\/v2\/pages"}],"about":[{"href":"https:\/\/wp.kristdemokraterna.se\/partille\/wp-json\/wp\/v2\/types\/page"}],"author":[{"embeddable":true,"href":"https:\/\/wp.kristdemokraterna.se\/partille\/wp-json\/wp\/v2\/users\/451"}],"replies":[{"embeddable":true,"href":"https:\/\/wp.kristdemokraterna.se\/partille\/wp-json\/wp\/v2\/comments?post=373"}],"version-history":[{"count":6,"href":"https:\/\/wp.kristdemokraterna.se\/partille\/wp-json\/wp\/v2\/pages\/373\/revisions"}],"predecessor-version":[{"id":617,"href":"https:\/\/wp.kristdemokraterna.se\/partille\/wp-json\/wp\/v2\/pages\/373\/revisions\/617"}],"up":[{"embeddable":true,"href":"https:\/\/wp.kristdemokraterna.se\/partille\/wp-json\/wp\/v2\/pages\/272"}],"wp:featuredmedia":[{"embeddable":true,"href":"https:\/\/wp.kristdemokraterna.se\/partille\/wp-json\/"}],"wp:attachment":[{"href":"https:\/\/wp.kristdemokraterna.se\/partille\/wp-json\/wp\/v2\/media?parent=373"}],"curies":[{"name":"wp","href":"https:\/\/api.w.org\/{rel}","templated":true}]}}