{"id":389,"date":"2019-03-04T19:36:29","date_gmt":"2019-03-04T18:36:29","guid":{"rendered":"http:\/\/wp.kristdemokraterna.se\/pitea\/?page_id=389"},"modified":"2025-11-03T16:33:03","modified_gmt":"2025-11-03T15:33:03","slug":"startsida","status":"publish","type":"page","link":"https:\/\/wp.kristdemokraterna.se\/pitea\/","title":{"rendered":"Startsida"},"content":{"rendered":"<h1 id=\"h-Politikomraden\" class=\"font-heading-1\">Politikomr\u00e5den<\/h1>\n<p><a href=\"https:\/\/kristdemokraterna.se\/var-politik\/politikomraden\">H\u00e4r kan du l\u00e4sa mer om vad Kristdemokraterna tycker i olika fr\u00e5gor. <\/a><br \/>\nDu kan leta upp ett mer specifikt \u00e4mne i A till \u00d6-listan.<\/p>\n<p>&nbsp;<\/p>\n<p>&nbsp;<\/p>\n<hr \/>\n<h1>Kontakta oss<\/h1>\n<p>Kontakta eller f\u00f6lj <strong>KD Pite\u00e5<\/strong><\/p>\n<p><a href=\"https:\/\/www.facebook.com\/KDPitea\/\" target=\"_blank\" rel=\"noopener noreferrer\"><img loading=\"lazy\" decoding=\"async\" class=\"wp-image-497 alignnone\" src=\"http:\/\/wp.kristdemokraterna.se\/pitea\/files\/2019\/05\/facebook_circle-512-150x150.png\" alt=\"\" width=\"100\" height=\"100\" srcset=\"https:\/\/wp.kristdemokraterna.se\/pitea\/files\/2019\/05\/facebook_circle-512-150x150.png 150w, https:\/\/wp.kristdemokraterna.se\/pitea\/files\/2019\/05\/facebook_circle-512-300x300.png 300w, https:\/\/wp.kristdemokraterna.se\/pitea\/files\/2019\/05\/facebook_circle-512-200x200.png 200w, https:\/\/wp.kristdemokraterna.se\/pitea\/files\/2019\/05\/facebook_circle-512-370x370.png 370w, https:\/\/wp.kristdemokraterna.se\/pitea\/files\/2019\/05\/facebook_circle-512-90x90.png 90w, https:\/\/wp.kristdemokraterna.se\/pitea\/files\/2019\/05\/facebook_circle-512-450x450.png 450w, https:\/\/wp.kristdemokraterna.se\/pitea\/files\/2019\/05\/facebook_circle-512-280x280.png 280w, https:\/\/wp.kristdemokraterna.se\/pitea\/files\/2019\/05\/facebook_circle-512-340x340.png 340w, https:\/\/wp.kristdemokraterna.se\/pitea\/files\/2019\/05\/facebook_circle-512-56x56.png 56w, https:\/\/wp.kristdemokraterna.se\/pitea\/files\/2019\/05\/facebook_circle-512.png 512w\" sizes=\"auto, (max-width: 100px) 100vw, 100px\" \/><\/a><\/p>\n","protected":false},"excerpt":{"rendered":"<p>Politikomr\u00e5den H\u00e4r kan du l\u00e4sa mer om vad Kristdemokraterna tycker i olika fr\u00e5gor. Du kan leta upp ett mer specifikt \u00e4mne i A till \u00d6-listan. &nbsp; &nbsp; Kontakta oss Kontakta eller f\u00f6lj KD Pite\u00e5<\/p>\n","protected":false},"author":693,"featured_media":0,"parent":0,"menu_order":0,"comment_status":"closed","ping_status":"closed","template":"index.php","meta":{"_acf_changed":false,"footnotes":""},"class_list":["post-389","page","type-page","status-publish","hentry"],"acf":[],"yoast_head":"<!-- This site is optimized with the Yoast SEO plugin v27.3 - https:\/\/yoast.com\/product\/yoast-seo-wordpress\/ -->\n<title>Startsida - Kristdemokraterna Pite\u00e5<\/title>\n<meta name=\"robots\" content=\"index, follow, max-snippet:-1, max-image-preview:large, max-video-preview:-1\" \/>\n<link rel=\"canonical\" href=\"https:\/\/wp.kristdemokraterna.se\/pitea\/\" \/>\n<meta property=\"og:locale\" content=\"sv_SE\" \/>\n<meta property=\"og:type\" content=\"article\" \/>\n<meta property=\"og:title\" content=\"Startsida - Kristdemokraterna Pite\u00e5\" \/>\n<meta property=\"og:description\" content=\"Politikomr\u00e5den H\u00e4r kan du l\u00e4sa mer om vad Kristdemokraterna tycker i olika fr\u00e5gor. Du kan leta upp ett mer specifikt \u00e4mne i A till \u00d6-listan. &nbsp; &nbsp; Kontakta oss Kontakta eller f\u00f6lj KD Pite\u00e5\" \/>\n<meta property=\"og:url\" content=\"https:\/\/wp.kristdemokraterna.se\/pitea\/\" \/>\n<meta property=\"og:site_name\" content=\"Kristdemokraterna Pite\u00e5\" \/>\n<meta property=\"article:modified_time\" content=\"2025-11-03T15:33:03+00:00\" \/>\n<meta property=\"og:image\" content=\"https:\/\/wp.kristdemokraterna.se\/pitea\/files\/2019\/05\/facebook_circle-512.png\" \/>\n\t<meta property=\"og:image:width\" content=\"512\" \/>\n\t<meta property=\"og:image:height\" content=\"512\" \/>\n\t<meta property=\"og:image:type\" content=\"image\/png\" \/>\n<meta name=\"twitter:card\" content=\"summary_large_image\" \/>\n<meta name=\"twitter:label1\" content=\"Ber\u00e4knad l\u00e4stid\" \/>\n\t<meta name=\"twitter:data1\" content=\"1 minut\" \/>\n<script type=\"application\/ld+json\" class=\"yoast-schema-graph\">{\"@context\":\"https:\\\/\\\/schema.org\",\"@graph\":[{\"@type\":\"WebPage\",\"@id\":\"https:\\\/\\\/wp.kristdemokraterna.se\\\/pitea\\\/\",\"url\":\"https:\\\/\\\/wp.kristdemokraterna.se\\\/pitea\\\/\",\"name\":\"Startsida - Kristdemokraterna Pite\u00e5\",\"isPartOf\":{\"@id\":\"https:\\\/\\\/wp.kristdemokraterna.se\\\/pitea\\\/#website\"},\"primaryImageOfPage\":{\"@id\":\"https:\\\/\\\/wp.kristdemokraterna.se\\\/pitea\\\/#primaryimage\"},\"image\":{\"@id\":\"https:\\\/\\\/wp.kristdemokraterna.se\\\/pitea\\\/#primaryimage\"},\"thumbnailUrl\":\"http:\\\/\\\/wp.kristdemokraterna.se\\\/pitea\\\/files\\\/2019\\\/05\\\/facebook_circle-512-150x150.png\",\"datePublished\":\"2019-03-04T18:36:29+00:00\",\"dateModified\":\"2025-11-03T15:33:03+00:00\",\"breadcrumb\":{\"@id\":\"https:\\\/\\\/wp.kristdemokraterna.se\\\/pitea\\\/#breadcrumb\"},\"inLanguage\":\"sv-SE\",\"potentialAction\":[{\"@type\":\"ReadAction\",\"target\":[\"https:\\\/\\\/wp.kristdemokraterna.se\\\/pitea\\\/\"]}]},{\"@type\":\"ImageObject\",\"inLanguage\":\"sv-SE\",\"@id\":\"https:\\\/\\\/wp.kristdemokraterna.se\\\/pitea\\\/#primaryimage\",\"url\":\"https:\\\/\\\/wp.kristdemokraterna.se\\\/pitea\\\/files\\\/2019\\\/05\\\/facebook_circle-512.png\",\"contentUrl\":\"https:\\\/\\\/wp.kristdemokraterna.se\\\/pitea\\\/files\\\/2019\\\/05\\\/facebook_circle-512.png\",\"width\":512,\"height\":512},{\"@type\":\"BreadcrumbList\",\"@id\":\"https:\\\/\\\/wp.kristdemokraterna.se\\\/pitea\\\/#breadcrumb\",\"itemListElement\":[{\"@type\":\"ListItem\",\"position\":1,\"name\":\"Hem\",\"item\":\"https:\\\/\\\/wp.kristdemokraterna.se\\\/pitea\\\/\"},{\"@type\":\"ListItem\",\"position\":2,\"name\":\"Startsida\"}]},{\"@type\":\"WebSite\",\"@id\":\"https:\\\/\\\/wp.kristdemokraterna.se\\\/pitea\\\/#website\",\"url\":\"https:\\\/\\\/wp.kristdemokraterna.se\\\/pitea\\\/\",\"name\":\"Kristdemokraterna Pite\u00e5\",\"description\":\"Trygga familjer bygger ett tryggare Sverige\",\"inLanguage\":\"sv-SE\"}]}<\/script>\n<!-- \/ Yoast SEO plugin. -->","yoast_head_json":{"title":"Startsida - Kristdemokraterna Pite\u00e5","robots":{"index":"index","follow":"follow","max-snippet":"max-snippet:-1","max-image-preview":"max-image-preview:large","max-video-preview":"max-video-preview:-1"},"canonical":"https:\/\/wp.kristdemokraterna.se\/pitea\/","og_locale":"sv_SE","og_type":"article","og_title":"Startsida - Kristdemokraterna Pite\u00e5","og_description":"Politikomr\u00e5den H\u00e4r kan du l\u00e4sa mer om vad Kristdemokraterna tycker i olika fr\u00e5gor. Du kan leta upp ett mer specifikt \u00e4mne i A till \u00d6-listan. &nbsp; &nbsp; Kontakta oss Kontakta eller f\u00f6lj KD Pite\u00e5","og_url":"https:\/\/wp.kristdemokraterna.se\/pitea\/","og_site_name":"Kristdemokraterna Pite\u00e5","article_modified_time":"2025-11-03T15:33:03+00:00","og_image":[{"width":512,"height":512,"url":"https:\/\/wp.kristdemokraterna.se\/pitea\/files\/2019\/05\/facebook_circle-512.png","type":"image\/png"}],"twitter_card":"summary_large_image","twitter_misc":{"Ber\u00e4knad l\u00e4stid":"1 minut"},"schema":{"@context":"https:\/\/schema.org","@graph":[{"@type":"WebPage","@id":"https:\/\/wp.kristdemokraterna.se\/pitea\/","url":"https:\/\/wp.kristdemokraterna.se\/pitea\/","name":"Startsida - Kristdemokraterna Pite\u00e5","isPartOf":{"@id":"https:\/\/wp.kristdemokraterna.se\/pitea\/#website"},"primaryImageOfPage":{"@id":"https:\/\/wp.kristdemokraterna.se\/pitea\/#primaryimage"},"image":{"@id":"https:\/\/wp.kristdemokraterna.se\/pitea\/#primaryimage"},"thumbnailUrl":"http:\/\/wp.kristdemokraterna.se\/pitea\/files\/2019\/05\/facebook_circle-512-150x150.png","datePublished":"2019-03-04T18:36:29+00:00","dateModified":"2025-11-03T15:33:03+00:00","breadcrumb":{"@id":"https:\/\/wp.kristdemokraterna.se\/pitea\/#breadcrumb"},"inLanguage":"sv-SE","potentialAction":[{"@type":"ReadAction","target":["https:\/\/wp.kristdemokraterna.se\/pitea\/"]}]},{"@type":"ImageObject","inLanguage":"sv-SE","@id":"https:\/\/wp.kristdemokraterna.se\/pitea\/#primaryimage","url":"https:\/\/wp.kristdemokraterna.se\/pitea\/files\/2019\/05\/facebook_circle-512.png","contentUrl":"https:\/\/wp.kristdemokraterna.se\/pitea\/files\/2019\/05\/facebook_circle-512.png","width":512,"height":512},{"@type":"BreadcrumbList","@id":"https:\/\/wp.kristdemokraterna.se\/pitea\/#breadcrumb","itemListElement":[{"@type":"ListItem","position":1,"name":"Hem","item":"https:\/\/wp.kristdemokraterna.se\/pitea\/"},{"@type":"ListItem","position":2,"name":"Startsida"}]},{"@type":"WebSite","@id":"https:\/\/wp.kristdemokraterna.se\/pitea\/#website","url":"https:\/\/wp.kristdemokraterna.se\/pitea\/","name":"Kristdemokraterna Pite\u00e5","description":"Trygga familjer bygger ett tryggare Sverige","inLanguage":"sv-SE"}]}},"_links":{"self":[{"href":"https:\/\/wp.kristdemokraterna.se\/pitea\/wp-json\/wp\/v2\/pages\/389","targetHints":{"allow":["GET"]}}],"collection":[{"href":"https:\/\/wp.kristdemokraterna.se\/pitea\/wp-json\/wp\/v2\/pages"}],"about":[{"href":"https:\/\/wp.kristdemokraterna.se\/pitea\/wp-json\/wp\/v2\/types\/page"}],"author":[{"embeddable":true,"href":"https:\/\/wp.kristdemokraterna.se\/pitea\/wp-json\/wp\/v2\/users\/693"}],"replies":[{"embeddable":true,"href":"https:\/\/wp.kristdemokraterna.se\/pitea\/wp-json\/wp\/v2\/comments?post=389"}],"version-history":[{"count":79,"href":"https:\/\/wp.kristdemokraterna.se\/pitea\/wp-json\/wp\/v2\/pages\/389\/revisions"}],"predecessor-version":[{"id":625,"href":"https:\/\/wp.kristdemokraterna.se\/pitea\/wp-json\/wp\/v2\/pages\/389\/revisions\/625"}],"wp:attachment":[{"href":"https:\/\/wp.kristdemokraterna.se\/pitea\/wp-json\/wp\/v2\/media?parent=389"}],"curies":[{"name":"wp","href":"https:\/\/api.w.org\/{rel}","templated":true}]}}