{"id":111,"date":"2016-05-31T15:51:32","date_gmt":"2016-05-31T13:51:32","guid":{"rendered":"http:\/\/wp.kristdemokraterna.se\/regionostergotland\/?page_id=111"},"modified":"2022-05-03T13:44:19","modified_gmt":"2022-05-03T11:44:19","slug":"kontakt","status":"publish","type":"page","link":"https:\/\/wp.kristdemokraterna.se\/regionostergotland\/kontakt\/","title":{"rendered":"Kontakt"},"content":{"rendered":"<p>Kontakt<\/p>\n<p>I Regionhuset kan du tr\u00e4ffa Kristdemokraternas oppositionsr\u00e5d och gruppledare eller politiske sekreterare. Det \u00e4r b\u00e4st att kontakta oss per telefon eller e-post i f\u00f6rv\u00e4g f\u00f6r att best\u00e4mma tid f\u00f6r bes\u00f6k.<\/p>\n<div id=\"attachment_873\" style=\"width: 213px\" class=\"wp-caption alignnone\"><a href=\"http:\/\/wp.kristdemokraterna.se\/regionostergotland\/files\/2019\/01\/perlarssonwebb.jpg\"><img loading=\"lazy\" decoding=\"async\" aria-describedby=\"caption-attachment-873\" class=\"wp-image-873 size-medium\" src=\"http:\/\/wp.kristdemokraterna.se\/regionostergotland\/files\/2019\/01\/perlarssonwebb-203x300.jpg\" alt=\"\" width=\"203\" height=\"300\" srcset=\"https:\/\/wp.kristdemokraterna.se\/regionostergotland\/files\/2019\/01\/perlarssonwebb-203x300.jpg 203w, https:\/\/wp.kristdemokraterna.se\/regionostergotland\/files\/2019\/01\/perlarssonwebb-768x1138.jpg 768w, https:\/\/wp.kristdemokraterna.se\/regionostergotland\/files\/2019\/01\/perlarssonwebb-691x1024.jpg 691w, https:\/\/wp.kristdemokraterna.se\/regionostergotland\/files\/2019\/01\/perlarssonwebb.jpg 1080w\" sizes=\"auto, (max-width: 203px) 100vw, 203px\" \/><\/a><p id=\"caption-attachment-873\" class=\"wp-caption-text\">Foto: Per Groth www.pergroth.com<\/p><\/div>\n<p><strong><br \/>\nPer Larsson<\/strong>, gruppledare och oppositionsr\u00e5d<br \/>\ntfn 010-103 72 84 (arbete)<br \/>\ntfn 0702-88 21 34 (mobil)<br \/>\n<a href=\"mailto:per.larsson@regionostergotland.se\">per.larsson@regionostergotland.se<\/a><\/p>\n<div class=\"mceTemp\"><\/div>\n<p><strong><a href=\"http:\/\/wp.kristdemokraterna.se\/regionostergotland\/files\/2022\/05\/272672657_112405304678138_486516434581686210_n.jpg\"><img loading=\"lazy\" decoding=\"async\" class=\"alignnone size-medium wp-image-1869\" src=\"http:\/\/wp.kristdemokraterna.se\/regionostergotland\/files\/2022\/05\/272672657_112405304678138_486516434581686210_n-300x300.jpg\" alt=\"\" width=\"300\" height=\"300\" srcset=\"https:\/\/wp.kristdemokraterna.se\/regionostergotland\/files\/2022\/05\/272672657_112405304678138_486516434581686210_n-300x300.jpg 300w, https:\/\/wp.kristdemokraterna.se\/regionostergotland\/files\/2022\/05\/272672657_112405304678138_486516434581686210_n-150x150.jpg 150w, https:\/\/wp.kristdemokraterna.se\/regionostergotland\/files\/2022\/05\/272672657_112405304678138_486516434581686210_n-768x768.jpg 768w, https:\/\/wp.kristdemokraterna.se\/regionostergotland\/files\/2022\/05\/272672657_112405304678138_486516434581686210_n-200x200.jpg 200w, https:\/\/wp.kristdemokraterna.se\/regionostergotland\/files\/2022\/05\/272672657_112405304678138_486516434581686210_n-370x370.jpg 370w, https:\/\/wp.kristdemokraterna.se\/regionostergotland\/files\/2022\/05\/272672657_112405304678138_486516434581686210_n-90x90.jpg 90w, https:\/\/wp.kristdemokraterna.se\/regionostergotland\/files\/2022\/05\/272672657_112405304678138_486516434581686210_n-770x770.jpg 770w, https:\/\/wp.kristdemokraterna.se\/regionostergotland\/files\/2022\/05\/272672657_112405304678138_486516434581686210_n-450x450.jpg 450w, https:\/\/wp.kristdemokraterna.se\/regionostergotland\/files\/2022\/05\/272672657_112405304678138_486516434581686210_n-280x280.jpg 280w, https:\/\/wp.kristdemokraterna.se\/regionostergotland\/files\/2022\/05\/272672657_112405304678138_486516434581686210_n-340x340.jpg 340w, https:\/\/wp.kristdemokraterna.se\/regionostergotland\/files\/2022\/05\/272672657_112405304678138_486516434581686210_n-56x56.jpg 56w, https:\/\/wp.kristdemokraterna.se\/regionostergotland\/files\/2022\/05\/272672657_112405304678138_486516434581686210_n.jpg 960w\" sizes=\"auto, (max-width: 300px) 100vw, 300px\" \/><\/a><br \/>\nFredrik Toppplund<\/strong>, politisk sekreterare<br \/>\ntfn\u00a0010-103 62 61 (arbete)<br \/>\ntfn 0703-38 52 70 (mobil)<br \/>\n<a href=\"mailto:fredrik.topplund@regionostergotland.se\">fredrik.topplund@regionostergotland.se<\/a><\/p>\n<p>&nbsp;<\/p>\n<p><strong>Regionhuset<\/strong> hittar du p\u00e5 S:t Larsgatan 49 B i centrala Link\u00f6ping.<\/p>\n<p>Region \u00d6sterg\u00f6tlands v\u00e4xel n\u00e5r du p\u00e5 telefon 010-103 00 00.<\/p>\n","protected":false},"excerpt":{"rendered":"<p>Kontakt I Regionhuset kan du tr\u00e4ffa Kristdemokraternas oppositionsr\u00e5d och gruppledare eller politiske sekreterare. Det \u00e4r b\u00e4st att kontakta oss per telefon eller e-post i f\u00f6rv\u00e4g f\u00f6r att best\u00e4mma tid f\u00f6r bes\u00f6k. Per Larsson, gruppledare och oppositionsr\u00e5d tfn 010-103 72 84 (arbete) tfn 0702-88 21 34 (mobil) per.larsson@regionostergotland.se Fredrik Toppplund, politisk sekreterare tfn\u00a0010-103 62 61 (arbete) <a class=\"read-more-link\" href=\"https:\/\/wp.kristdemokraterna.se\/regionostergotland\/kontakt\/\">Read More<\/a><\/p>\n","protected":false},"author":444,"featured_media":0,"parent":0,"menu_order":0,"comment_status":"closed","ping_status":"closed","template":"page.php","meta":{"_acf_changed":false,"footnotes":""},"class_list":["post-111","page","type-page","status-publish","hentry"],"acf":[],"yoast_head":"<!-- This site is optimized with the Yoast SEO plugin v27.4 - https:\/\/yoast.com\/product\/yoast-seo-wordpress\/ -->\n<title>Kontakt - i Region \u00d6sterg\u00f6tland<\/title>\n<meta name=\"robots\" content=\"index, follow, max-snippet:-1, max-image-preview:large, max-video-preview:-1\" \/>\n<link rel=\"canonical\" href=\"https:\/\/wp.kristdemokraterna.se\/regionostergotland\/kontakt\/\" \/>\n<meta property=\"og:locale\" content=\"sv_SE\" \/>\n<meta property=\"og:type\" content=\"article\" \/>\n<meta property=\"og:title\" content=\"Kontakt - i Region \u00d6sterg\u00f6tland\" \/>\n<meta property=\"og:description\" content=\"Kontakt I Regionhuset kan du tr\u00e4ffa Kristdemokraternas oppositionsr\u00e5d och gruppledare eller politiske sekreterare. Det \u00e4r b\u00e4st att kontakta oss per telefon eller e-post i f\u00f6rv\u00e4g f\u00f6r att best\u00e4mma tid f\u00f6r bes\u00f6k. Per Larsson, gruppledare och oppositionsr\u00e5d tfn 010-103 72 84 (arbete) tfn 0702-88 21 34 (mobil) per.larsson@regionostergotland.se Fredrik Toppplund, politisk sekreterare tfn\u00a0010-103 62 61 (arbete) Read More\" \/>\n<meta property=\"og:url\" content=\"https:\/\/wp.kristdemokraterna.se\/regionostergotland\/kontakt\/\" \/>\n<meta property=\"og:site_name\" content=\"i Region \u00d6sterg\u00f6tland\" \/>\n<meta property=\"article:modified_time\" content=\"2022-05-03T11:44:19+00:00\" \/>\n<meta property=\"og:image\" content=\"http:\/\/wp.kristdemokraterna.se\/regionostergotland\/files\/2019\/01\/perlarssonwebb-203x300.jpg\" \/>\n<meta name=\"twitter:card\" content=\"summary_large_image\" \/>\n<meta name=\"twitter:label1\" content=\"Ber\u00e4knad l\u00e4stid\" \/>\n\t<meta name=\"twitter:data1\" content=\"1 minut\" \/>\n<script type=\"application\/ld+json\" class=\"yoast-schema-graph\">{\"@context\":\"https:\\\/\\\/schema.org\",\"@graph\":[{\"@type\":\"WebPage\",\"@id\":\"https:\\\/\\\/wp.kristdemokraterna.se\\\/regionostergotland\\\/kontakt\\\/\",\"url\":\"https:\\\/\\\/wp.kristdemokraterna.se\\\/regionostergotland\\\/kontakt\\\/\",\"name\":\"Kontakt - i Region \u00d6sterg\u00f6tland\",\"isPartOf\":{\"@id\":\"https:\\\/\\\/wp.kristdemokraterna.se\\\/regionostergotland\\\/#website\"},\"primaryImageOfPage\":{\"@id\":\"https:\\\/\\\/wp.kristdemokraterna.se\\\/regionostergotland\\\/kontakt\\\/#primaryimage\"},\"image\":{\"@id\":\"https:\\\/\\\/wp.kristdemokraterna.se\\\/regionostergotland\\\/kontakt\\\/#primaryimage\"},\"thumbnailUrl\":\"http:\\\/\\\/wp.kristdemokraterna.se\\\/regionostergotland\\\/files\\\/2019\\\/01\\\/perlarssonwebb-203x300.jpg\",\"datePublished\":\"2016-05-31T13:51:32+00:00\",\"dateModified\":\"2022-05-03T11:44:19+00:00\",\"breadcrumb\":{\"@id\":\"https:\\\/\\\/wp.kristdemokraterna.se\\\/regionostergotland\\\/kontakt\\\/#breadcrumb\"},\"inLanguage\":\"sv-SE\",\"potentialAction\":[{\"@type\":\"ReadAction\",\"target\":[\"https:\\\/\\\/wp.kristdemokraterna.se\\\/regionostergotland\\\/kontakt\\\/\"]}]},{\"@type\":\"ImageObject\",\"inLanguage\":\"sv-SE\",\"@id\":\"https:\\\/\\\/wp.kristdemokraterna.se\\\/regionostergotland\\\/kontakt\\\/#primaryimage\",\"url\":\"http:\\\/\\\/wp.kristdemokraterna.se\\\/regionostergotland\\\/files\\\/2019\\\/01\\\/perlarssonwebb-203x300.jpg\",\"contentUrl\":\"http:\\\/\\\/wp.kristdemokraterna.se\\\/regionostergotland\\\/files\\\/2019\\\/01\\\/perlarssonwebb-203x300.jpg\"},{\"@type\":\"BreadcrumbList\",\"@id\":\"https:\\\/\\\/wp.kristdemokraterna.se\\\/regionostergotland\\\/kontakt\\\/#breadcrumb\",\"itemListElement\":[{\"@type\":\"ListItem\",\"position\":1,\"name\":\"Hem\",\"item\":\"https:\\\/\\\/wp.kristdemokraterna.se\\\/regionostergotland\\\/\"},{\"@type\":\"ListItem\",\"position\":2,\"name\":\"Kontakt\"}]},{\"@type\":\"WebSite\",\"@id\":\"https:\\\/\\\/wp.kristdemokraterna.se\\\/regionostergotland\\\/#website\",\"url\":\"https:\\\/\\\/wp.kristdemokraterna.se\\\/regionostergotland\\\/\",\"name\":\"i Region \u00d6sterg\u00f6tland\",\"description\":\"\",\"inLanguage\":\"sv-SE\"}]}<\/script>\n<!-- \/ Yoast SEO plugin. -->","yoast_head_json":{"title":"Kontakt - i Region \u00d6sterg\u00f6tland","robots":{"index":"index","follow":"follow","max-snippet":"max-snippet:-1","max-image-preview":"max-image-preview:large","max-video-preview":"max-video-preview:-1"},"canonical":"https:\/\/wp.kristdemokraterna.se\/regionostergotland\/kontakt\/","og_locale":"sv_SE","og_type":"article","og_title":"Kontakt - i Region \u00d6sterg\u00f6tland","og_description":"Kontakt I Regionhuset kan du tr\u00e4ffa Kristdemokraternas oppositionsr\u00e5d och gruppledare eller politiske sekreterare. Det \u00e4r b\u00e4st att kontakta oss per telefon eller e-post i f\u00f6rv\u00e4g f\u00f6r att best\u00e4mma tid f\u00f6r bes\u00f6k. Per Larsson, gruppledare och oppositionsr\u00e5d tfn 010-103 72 84 (arbete) tfn 0702-88 21 34 (mobil) per.larsson@regionostergotland.se Fredrik Toppplund, politisk sekreterare tfn\u00a0010-103 62 61 (arbete) Read More","og_url":"https:\/\/wp.kristdemokraterna.se\/regionostergotland\/kontakt\/","og_site_name":"i Region \u00d6sterg\u00f6tland","article_modified_time":"2022-05-03T11:44:19+00:00","og_image":[{"url":"http:\/\/wp.kristdemokraterna.se\/regionostergotland\/files\/2019\/01\/perlarssonwebb-203x300.jpg","type":"","width":"","height":""}],"twitter_card":"summary_large_image","twitter_misc":{"Ber\u00e4knad l\u00e4stid":"1 minut"},"schema":{"@context":"https:\/\/schema.org","@graph":[{"@type":"WebPage","@id":"https:\/\/wp.kristdemokraterna.se\/regionostergotland\/kontakt\/","url":"https:\/\/wp.kristdemokraterna.se\/regionostergotland\/kontakt\/","name":"Kontakt - i Region \u00d6sterg\u00f6tland","isPartOf":{"@id":"https:\/\/wp.kristdemokraterna.se\/regionostergotland\/#website"},"primaryImageOfPage":{"@id":"https:\/\/wp.kristdemokraterna.se\/regionostergotland\/kontakt\/#primaryimage"},"image":{"@id":"https:\/\/wp.kristdemokraterna.se\/regionostergotland\/kontakt\/#primaryimage"},"thumbnailUrl":"http:\/\/wp.kristdemokraterna.se\/regionostergotland\/files\/2019\/01\/perlarssonwebb-203x300.jpg","datePublished":"2016-05-31T13:51:32+00:00","dateModified":"2022-05-03T11:44:19+00:00","breadcrumb":{"@id":"https:\/\/wp.kristdemokraterna.se\/regionostergotland\/kontakt\/#breadcrumb"},"inLanguage":"sv-SE","potentialAction":[{"@type":"ReadAction","target":["https:\/\/wp.kristdemokraterna.se\/regionostergotland\/kontakt\/"]}]},{"@type":"ImageObject","inLanguage":"sv-SE","@id":"https:\/\/wp.kristdemokraterna.se\/regionostergotland\/kontakt\/#primaryimage","url":"http:\/\/wp.kristdemokraterna.se\/regionostergotland\/files\/2019\/01\/perlarssonwebb-203x300.jpg","contentUrl":"http:\/\/wp.kristdemokraterna.se\/regionostergotland\/files\/2019\/01\/perlarssonwebb-203x300.jpg"},{"@type":"BreadcrumbList","@id":"https:\/\/wp.kristdemokraterna.se\/regionostergotland\/kontakt\/#breadcrumb","itemListElement":[{"@type":"ListItem","position":1,"name":"Hem","item":"https:\/\/wp.kristdemokraterna.se\/regionostergotland\/"},{"@type":"ListItem","position":2,"name":"Kontakt"}]},{"@type":"WebSite","@id":"https:\/\/wp.kristdemokraterna.se\/regionostergotland\/#website","url":"https:\/\/wp.kristdemokraterna.se\/regionostergotland\/","name":"i Region \u00d6sterg\u00f6tland","description":"","inLanguage":"sv-SE"}]}},"_links":{"self":[{"href":"https:\/\/wp.kristdemokraterna.se\/regionostergotland\/wp-json\/wp\/v2\/pages\/111","targetHints":{"allow":["GET"]}}],"collection":[{"href":"https:\/\/wp.kristdemokraterna.se\/regionostergotland\/wp-json\/wp\/v2\/pages"}],"about":[{"href":"https:\/\/wp.kristdemokraterna.se\/regionostergotland\/wp-json\/wp\/v2\/types\/page"}],"author":[{"embeddable":true,"href":"https:\/\/wp.kristdemokraterna.se\/regionostergotland\/wp-json\/wp\/v2\/users\/444"}],"replies":[{"embeddable":true,"href":"https:\/\/wp.kristdemokraterna.se\/regionostergotland\/wp-json\/wp\/v2\/comments?post=111"}],"version-history":[{"count":16,"href":"https:\/\/wp.kristdemokraterna.se\/regionostergotland\/wp-json\/wp\/v2\/pages\/111\/revisions"}],"predecessor-version":[{"id":1870,"href":"https:\/\/wp.kristdemokraterna.se\/regionostergotland\/wp-json\/wp\/v2\/pages\/111\/revisions\/1870"}],"wp:attachment":[{"href":"https:\/\/wp.kristdemokraterna.se\/regionostergotland\/wp-json\/wp\/v2\/media?parent=111"}],"curies":[{"name":"wp","href":"https:\/\/api.w.org\/{rel}","templated":true}]}}