{"id":144,"date":"2016-10-05T11:05:29","date_gmt":"2016-10-05T09:05:29","guid":{"rendered":"http:\/\/wp.kristdemokraterna.se\/regionostergotland\/?page_id=144"},"modified":"2021-06-23T11:12:17","modified_gmt":"2021-06-23T09:12:17","slug":"motioner","status":"publish","type":"page","link":"https:\/\/wp.kristdemokraterna.se\/regionostergotland\/var-politik\/motioner\/","title":{"rendered":"Motioner"},"content":{"rendered":"<p>Under mandatperioden 2018-2022 sitter Kristdemokraterna i opposition i Region \u00d6sterg\u00f6tland. V\u00e5ra ledam\u00f6ter i regionfullm\u00e4ktige p\u00e5verkar politiken genom att visa var de st\u00e5r i olika fr\u00e5gor och att l\u00e4mna f\u00f6rslag till fullm\u00e4ktige i form av motioner. Motionerna debatteras och beslutas vid regionfullm\u00e4ktiges sammantr\u00e4den, som \u00e4r \u00f6ppna f\u00f6r allm\u00e4nheten. Nedan kan du ta del av ett urval av Kristdemokraternas motioner till regionfullm\u00e4ktige i Regionfullm\u00e4ktige.<\/p>\n<p><strong>2021<\/strong><\/p>\n<p><a href=\"http:\/\/wp.kristdemokraterna.se\/regionostergotland\/files\/2021\/06\/210617-motion_kd_-infor-mobila-psykiatriteam-i-hela-lanet.pdf\" target=\"_blank\" rel=\"noopener\">210617 Inf\u00f6r psykiatriambulans och omv\u00e5rdnadsteam i hela l\u00e4net<\/a><\/p>\n<p><a href=\"http:\/\/wp.kristdemokraterna.se\/regionostergotland\/files\/2021\/06\/210407_motion_en-samlad-lakemedelsstrategi-for-region-ostergotland.pdf\" target=\"_blank\" rel=\"noopener\">210407 En samlad l\u00e4kemedelsstrategi f\u00f6r Region \u00d6sterg\u00f6tland<\/a><\/p>\n<p><a href=\"http:\/\/wp.kristdemokraterna.se\/regionostergotland\/files\/2021\/06\/210222_motion_elbrist-hotar-\u2013-analysera-ostergotlands-behov-1.pdf\" target=\"_blank\" rel=\"noopener\">210222 Elbrist hotar &#8211; analysera \u00d6sterg\u00f6tlands behov<\/a><\/p>\n<p><a href=\"http:\/\/wp.kristdemokraterna.se\/regionostergotland\/files\/2021\/06\/210203-motion_kd_valdsfo\u0308rebyggande-arbete-fo\u0308r-kvinnofrid.pdf\" target=\"_blank\" rel=\"noopener\">210203 V\u00e5ldsf\u00f6rebyggande arbete f\u00f6r kvinnofrid och mot v\u00e5ld i n\u00e4ra relationer<\/a><\/p>\n<p><strong>2019<\/strong><\/p>\n<p><a href=\"http:\/\/wp.kristdemokraterna.se\/regionostergotland\/motioner\/190205-motion-stangadalsbanan-kd\/\" rel=\"attachment wp-att-922\">190205 Motion_st\u00e5ng\u00e5dalsbanan_KD<\/a><br \/>\n<a href=\"http:\/\/wp.kristdemokraterna.se\/regionostergotland\/files\/2019\/04\/190411_utred-behovet-av-intermediarvard-i-region-ostergotland-\u2013-jessica-eek-v-stefan-redeen-kd.pdf\">190411_Utred behovet av intermedi\u00e4rv\u00e5rd i Region \u00d6sterg\u00f6tland \u2013 Jessica Eek (V), Stefan Red\u00e9en (KD)<\/a><\/p>\n<p><strong>2018<\/strong><\/p>\n<p><a href=\"http:\/\/wp.kristdemokraterna.se\/regionostergotland\/motioner\/motion-infor-utbildning-i-aldre-fordonsteknik-kd\/\" rel=\"attachment wp-att-920\">Motion Inf\u00f6r utbildning i \u00e4ldre fordonsteknik KD<\/a><\/p>\n<p><a href=\"http:\/\/wp.kristdemokraterna.se\/regionostergotland\/files\/2019\/02\/motion-resa-med-ostgotatrafikens-biljetter-till-vimmerby.-rs-2018-122-motion-kd.pdf\">Motion Resa med \u00d6stg\u00f6tatrafikens biljetter till Vimmerby. RS 2018-122 motion KD<\/a><\/p>\n<p><strong>2017<\/strong><\/p>\n<p><a href=\"http:\/\/wp.kristdemokraterna.se\/regionostergotland\/files\/2016\/10\/170207-alkoholstopp-for-operationspatienter.pdf\" target=\"_blank\" rel=\"noopener noreferrer\">170207 Inf\u00f6r alkoholstopp f\u00f6r operationspatienter<\/a><\/p>\n<p><a href=\"http:\/\/wp.kristdemokraterna.se\/regionostergotland\/files\/2017\/03\/2017-03-08-prioritera-stangadalsbanan-motion.pdf\" target=\"_blank\" rel=\"noopener noreferrer\">170308 Prioritera St\u00e5ng\u00e5dalsbanan p\u00e5 riktigt<br \/>\n<\/a><\/p>\n<p><a href=\"http:\/\/wp.kristdemokraterna.se\/regionostergotland\/files\/2017\/03\/170330_vardval_ogon.pdf\" target=\"_blank\" rel=\"noopener noreferrer\">170330 Inf\u00f6r v\u00e5rdval inom \u00d6gonsjukv\u00e5rden<br \/>\n<\/a><\/p>\n<p><a href=\"http:\/\/wp.kristdemokraterna.se\/regionostergotland\/files\/2017\/04\/2017-04-24-kd_ambulanshelikopter_motion.pdf\" target=\"_blank\" rel=\"noopener noreferrer\">170424 Investera i ambulanhelikopter f\u00f6r en mer j\u00e4mlik v\u00e5rd<\/a><\/p>\n<p><strong>2016<\/strong><\/p>\n<p><a href=\"http:\/\/wp.kristdemokraterna.se\/regionostergotland\/files\/2016\/11\/rs-2016-830-motion_digitalt-konstgalleri.pdf\" target=\"_blank\" rel=\"noopener noreferrer\">161121 Skapa ett digitalt och publikt konstgalleri f\u00f6r Region \u00d6sterg\u00f6tlands konst<\/a><\/p>\n<p><a href=\"http:\/\/wp.kristdemokraterna.se\/regionostergotland\/files\/2016\/10\/161003-mot-infor-en-informations-och-bemotandegaranti.pdf\" target=\"_blank\" rel=\"noopener noreferrer\">161003 Inf\u00f6r en informations-och bem\u00f6tandegaranti<\/a><\/p>\n<p><a href=\"http:\/\/wp.kristdemokraterna.se\/regionostergotland\/files\/2016\/10\/160408-mot-oka-den-politiska-delaktigheten.pdf\" target=\"_blank\" rel=\"noopener noreferrer\">160408 \u00d6ka den politiska delaktigheten<\/a><\/p>\n<p><a href=\"http:\/\/wp.kristdemokraterna.se\/regionostergotland\/files\/2016\/10\/160419-mot-inratta-sarskilda-aldremottagningar-pa-vardcentraler.pdf\" target=\"_blank\" rel=\"noopener noreferrer\">160419 Inr\u00e4tta s\u00e4rskilda \u00e4ldremottagningar p\u00e5 v\u00e5rdcentraler<\/a><\/p>\n<p><a href=\"http:\/\/wp.kristdemokraterna.se\/regionostergotland\/files\/2016\/10\/160408-mot-social-aktivitet-pa-recept.pdf\" target=\"_blank\" rel=\"noopener noreferrer\">160408 Social aktivitet p\u00e5 recept<\/a><\/p>\n<p><a href=\"http:\/\/wp.kristdemokraterna.se\/regionostergotland\/files\/2016\/10\/160210-mot-sms-livraddare-i-region-ostergotland.pdf\" target=\"_blank\" rel=\"noopener noreferrer\">160210 SMS-livr\u00e4ddare i Region \u00d6sterg\u00f6tland<\/a><\/p>\n<p>&nbsp;<\/p>\n<p><strong>2015<\/strong><\/p>\n<p><a href=\"http:\/\/wp.kristdemokraterna.se\/regionostergotland\/files\/2016\/10\/151123-mot-inventera-och-marknadsfor-tysta-naturupplevelser.pdf\" target=\"_blank\" rel=\"noopener noreferrer\">151123 Inventera och marknadsf\u00f6r tysta naturupplevelser<\/a><\/p>\n<p><a href=\"http:\/\/wp.kristdemokraterna.se\/regionostergotland\/files\/2016\/10\/151120-mot-inratta-mobila-alma-team-i-hela-lanet.pdf\" target=\"_blank\" rel=\"noopener noreferrer\">151120 Inr\u00e4tta mobila ALMA-team i hela l\u00e4net<\/a><\/p>\n<p><a href=\"http:\/\/wp.kristdemokraterna.se\/regionostergotland\/files\/2016\/10\/151015-mot-infor-en-nollvision-for-vardskador.pdf\" target=\"_blank\" rel=\"noopener noreferrer\">151015 Inf\u00f6r en nollvision f\u00f6r v\u00e5rdskador<\/a><\/p>\n<p><a href=\"http:\/\/wp.kristdemokraterna.se\/regionostergotland\/files\/2016\/10\/150930-mot-forbattra-anstallningsvillkoren-for-personer-over-67-ar.pdf\" target=\"_blank\" rel=\"noopener noreferrer\">150930 F\u00f6rb\u00e4ttra anst\u00e4llningsvillkoren f\u00f6r personer \u00f6ver 67-\u00e5r<\/a><\/p>\n<p><a href=\"http:\/\/wp.kristdemokraterna.se\/regionostergotland\/files\/2016\/10\/150616-mot-medborgardialog-framtidens-vardmedarbetare.pdf\" target=\"_blank\" rel=\"noopener noreferrer\">150616 Medborgardialog framtidens v\u00e5rdmedarbetare<\/a><\/p>\n<p><a href=\"http:\/\/wp.kristdemokraterna.se\/regionostergotland\/files\/2016\/10\/150616-mot-gor-det-mojligt-att-avanda-betalkort-i-all-kollektivtrafik-i-hela-lanet-.pdf\" target=\"_blank\" rel=\"noopener noreferrer\">150616 G\u00f6r det m\u00f6jligt att anv\u00e4nda betalkort i all kollektivtrafik i hela l\u00e4net<\/a><\/p>\n<p><a href=\"http:\/\/wp.kristdemokraterna.se\/regionostergotland\/files\/2016\/10\/150417-mot-ge-barn-och-ungdomspsykiatrin-ett-helhetsansvar-for-att-mota-barn-och-unga-med-autism.pdf\" target=\"_blank\" rel=\"noopener noreferrer\">150417 Ge barn- och ungdomspsykiatrin ett helhetsansvar f\u00f6r att m\u00f6ta barn och unga med autism<\/a><\/p>\n<p><a href=\"http:\/\/wp.kristdemokraterna.se\/regionostergotland\/files\/2016\/10\/150223-mot-ansok-om-associerat-medlemsskap-i-malardalsradet.pdf\" target=\"_blank\" rel=\"noopener noreferrer\">150223 Ans\u00f6k om associerat medlemskap i M\u00e4lardalsr\u00e5det<\/a><\/p>\n<p><a href=\"http:\/\/wp.kristdemokraterna.se\/regionostergotland\/files\/2016\/10\/150204-mot-utred-mojligheterna-att-infora-vuxentraumateam.pdf\" target=\"_blank\" rel=\"noopener noreferrer\">150204 Utred m\u00f6jligheterna att inf\u00f6ra vuxentraumateam<\/a><\/p>\n","protected":false},"excerpt":{"rendered":"<p>Under mandatperioden 2018-2022 sitter Kristdemokraterna i opposition i Region \u00d6sterg\u00f6tland. V\u00e5ra ledam\u00f6ter i regionfullm\u00e4ktige p\u00e5verkar politiken genom att visa var de st\u00e5r i olika fr\u00e5gor och att l\u00e4mna f\u00f6rslag till fullm\u00e4ktige i form av motioner. Motionerna debatteras och beslutas vid regionfullm\u00e4ktiges sammantr\u00e4den, som \u00e4r \u00f6ppna f\u00f6r allm\u00e4nheten. Nedan kan du ta del av ett urval <a class=\"read-more-link\" href=\"https:\/\/wp.kristdemokraterna.se\/regionostergotland\/var-politik\/motioner\/\">Read More<\/a><\/p>\n","protected":false},"author":737,"featured_media":0,"parent":37,"menu_order":3,"comment_status":"closed","ping_status":"closed","template":"page.php","meta":{"_acf_changed":false,"footnotes":""},"class_list":["post-144","page","type-page","status-publish","hentry"],"acf":[],"yoast_head":"<!-- This site is optimized with the Yoast SEO plugin v27.3 - https:\/\/yoast.com\/product\/yoast-seo-wordpress\/ -->\n<title>Motioner - i Region \u00d6sterg\u00f6tland<\/title>\n<meta name=\"robots\" content=\"index, follow, max-snippet:-1, max-image-preview:large, max-video-preview:-1\" \/>\n<link rel=\"canonical\" href=\"https:\/\/wp.kristdemokraterna.se\/regionostergotland\/var-politik\/motioner\/\" \/>\n<meta property=\"og:locale\" content=\"sv_SE\" \/>\n<meta property=\"og:type\" content=\"article\" \/>\n<meta property=\"og:title\" content=\"Motioner - i Region \u00d6sterg\u00f6tland\" \/>\n<meta property=\"og:description\" content=\"Under mandatperioden 2018-2022 sitter Kristdemokraterna i opposition i Region \u00d6sterg\u00f6tland. V\u00e5ra ledam\u00f6ter i regionfullm\u00e4ktige p\u00e5verkar politiken genom att visa var de st\u00e5r i olika fr\u00e5gor och att l\u00e4mna f\u00f6rslag till fullm\u00e4ktige i form av motioner. Motionerna debatteras och beslutas vid regionfullm\u00e4ktiges sammantr\u00e4den, som \u00e4r \u00f6ppna f\u00f6r allm\u00e4nheten. Nedan kan du ta del av ett urval Read More\" \/>\n<meta property=\"og:url\" content=\"https:\/\/wp.kristdemokraterna.se\/regionostergotland\/var-politik\/motioner\/\" \/>\n<meta property=\"og:site_name\" content=\"i Region \u00d6sterg\u00f6tland\" \/>\n<meta property=\"article:modified_time\" content=\"2021-06-23T09:12:17+00:00\" \/>\n<meta name=\"twitter:card\" content=\"summary_large_image\" \/>\n<meta name=\"twitter:label1\" content=\"Ber\u00e4knad l\u00e4stid\" \/>\n\t<meta name=\"twitter:data1\" content=\"2 minuter\" \/>\n<script type=\"application\/ld+json\" class=\"yoast-schema-graph\">{\"@context\":\"https:\\\/\\\/schema.org\",\"@graph\":[{\"@type\":\"WebPage\",\"@id\":\"https:\\\/\\\/wp.kristdemokraterna.se\\\/regionostergotland\\\/var-politik\\\/motioner\\\/\",\"url\":\"https:\\\/\\\/wp.kristdemokraterna.se\\\/regionostergotland\\\/var-politik\\\/motioner\\\/\",\"name\":\"Motioner - i Region \u00d6sterg\u00f6tland\",\"isPartOf\":{\"@id\":\"https:\\\/\\\/wp.kristdemokraterna.se\\\/regionostergotland\\\/#website\"},\"datePublished\":\"2016-10-05T09:05:29+00:00\",\"dateModified\":\"2021-06-23T09:12:17+00:00\",\"breadcrumb\":{\"@id\":\"https:\\\/\\\/wp.kristdemokraterna.se\\\/regionostergotland\\\/var-politik\\\/motioner\\\/#breadcrumb\"},\"inLanguage\":\"sv-SE\",\"potentialAction\":[{\"@type\":\"ReadAction\",\"target\":[\"https:\\\/\\\/wp.kristdemokraterna.se\\\/regionostergotland\\\/var-politik\\\/motioner\\\/\"]}]},{\"@type\":\"BreadcrumbList\",\"@id\":\"https:\\\/\\\/wp.kristdemokraterna.se\\\/regionostergotland\\\/var-politik\\\/motioner\\\/#breadcrumb\",\"itemListElement\":[{\"@type\":\"ListItem\",\"position\":1,\"name\":\"Hem\",\"item\":\"https:\\\/\\\/wp.kristdemokraterna.se\\\/regionostergotland\\\/\"},{\"@type\":\"ListItem\",\"position\":2,\"name\":\"V\u00e5r politik\",\"item\":\"https:\\\/\\\/wp.kristdemokraterna.se\\\/regionostergotland\\\/var-politik\\\/\"},{\"@type\":\"ListItem\",\"position\":3,\"name\":\"Motioner\"}]},{\"@type\":\"WebSite\",\"@id\":\"https:\\\/\\\/wp.kristdemokraterna.se\\\/regionostergotland\\\/#website\",\"url\":\"https:\\\/\\\/wp.kristdemokraterna.se\\\/regionostergotland\\\/\",\"name\":\"i Region \u00d6sterg\u00f6tland\",\"description\":\"\",\"inLanguage\":\"sv-SE\"}]}<\/script>\n<!-- \/ Yoast SEO plugin. -->","yoast_head_json":{"title":"Motioner - i Region \u00d6sterg\u00f6tland","robots":{"index":"index","follow":"follow","max-snippet":"max-snippet:-1","max-image-preview":"max-image-preview:large","max-video-preview":"max-video-preview:-1"},"canonical":"https:\/\/wp.kristdemokraterna.se\/regionostergotland\/var-politik\/motioner\/","og_locale":"sv_SE","og_type":"article","og_title":"Motioner - i Region \u00d6sterg\u00f6tland","og_description":"Under mandatperioden 2018-2022 sitter Kristdemokraterna i opposition i Region \u00d6sterg\u00f6tland. V\u00e5ra ledam\u00f6ter i regionfullm\u00e4ktige p\u00e5verkar politiken genom att visa var de st\u00e5r i olika fr\u00e5gor och att l\u00e4mna f\u00f6rslag till fullm\u00e4ktige i form av motioner. Motionerna debatteras och beslutas vid regionfullm\u00e4ktiges sammantr\u00e4den, som \u00e4r \u00f6ppna f\u00f6r allm\u00e4nheten. Nedan kan du ta del av ett urval Read More","og_url":"https:\/\/wp.kristdemokraterna.se\/regionostergotland\/var-politik\/motioner\/","og_site_name":"i Region \u00d6sterg\u00f6tland","article_modified_time":"2021-06-23T09:12:17+00:00","twitter_card":"summary_large_image","twitter_misc":{"Ber\u00e4knad l\u00e4stid":"2 minuter"},"schema":{"@context":"https:\/\/schema.org","@graph":[{"@type":"WebPage","@id":"https:\/\/wp.kristdemokraterna.se\/regionostergotland\/var-politik\/motioner\/","url":"https:\/\/wp.kristdemokraterna.se\/regionostergotland\/var-politik\/motioner\/","name":"Motioner - i Region \u00d6sterg\u00f6tland","isPartOf":{"@id":"https:\/\/wp.kristdemokraterna.se\/regionostergotland\/#website"},"datePublished":"2016-10-05T09:05:29+00:00","dateModified":"2021-06-23T09:12:17+00:00","breadcrumb":{"@id":"https:\/\/wp.kristdemokraterna.se\/regionostergotland\/var-politik\/motioner\/#breadcrumb"},"inLanguage":"sv-SE","potentialAction":[{"@type":"ReadAction","target":["https:\/\/wp.kristdemokraterna.se\/regionostergotland\/var-politik\/motioner\/"]}]},{"@type":"BreadcrumbList","@id":"https:\/\/wp.kristdemokraterna.se\/regionostergotland\/var-politik\/motioner\/#breadcrumb","itemListElement":[{"@type":"ListItem","position":1,"name":"Hem","item":"https:\/\/wp.kristdemokraterna.se\/regionostergotland\/"},{"@type":"ListItem","position":2,"name":"V\u00e5r politik","item":"https:\/\/wp.kristdemokraterna.se\/regionostergotland\/var-politik\/"},{"@type":"ListItem","position":3,"name":"Motioner"}]},{"@type":"WebSite","@id":"https:\/\/wp.kristdemokraterna.se\/regionostergotland\/#website","url":"https:\/\/wp.kristdemokraterna.se\/regionostergotland\/","name":"i Region \u00d6sterg\u00f6tland","description":"","inLanguage":"sv-SE"}]}},"_links":{"self":[{"href":"https:\/\/wp.kristdemokraterna.se\/regionostergotland\/wp-json\/wp\/v2\/pages\/144","targetHints":{"allow":["GET"]}}],"collection":[{"href":"https:\/\/wp.kristdemokraterna.se\/regionostergotland\/wp-json\/wp\/v2\/pages"}],"about":[{"href":"https:\/\/wp.kristdemokraterna.se\/regionostergotland\/wp-json\/wp\/v2\/types\/page"}],"author":[{"embeddable":true,"href":"https:\/\/wp.kristdemokraterna.se\/regionostergotland\/wp-json\/wp\/v2\/users\/737"}],"replies":[{"embeddable":true,"href":"https:\/\/wp.kristdemokraterna.se\/regionostergotland\/wp-json\/wp\/v2\/comments?post=144"}],"version-history":[{"count":26,"href":"https:\/\/wp.kristdemokraterna.se\/regionostergotland\/wp-json\/wp\/v2\/pages\/144\/revisions"}],"predecessor-version":[{"id":1689,"href":"https:\/\/wp.kristdemokraterna.se\/regionostergotland\/wp-json\/wp\/v2\/pages\/144\/revisions\/1689"}],"up":[{"embeddable":true,"href":"https:\/\/wp.kristdemokraterna.se\/regionostergotland\/wp-json\/wp\/v2\/pages\/37"}],"wp:attachment":[{"href":"https:\/\/wp.kristdemokraterna.se\/regionostergotland\/wp-json\/wp\/v2\/media?parent=144"}],"curies":[{"name":"wp","href":"https:\/\/api.w.org\/{rel}","templated":true}]}}