{"id":147,"date":"2016-10-05T11:05:49","date_gmt":"2016-10-05T09:05:49","guid":{"rendered":"http:\/\/wp.kristdemokraterna.se\/regionostergotland\/?page_id=147"},"modified":"2021-06-23T11:35:31","modified_gmt":"2021-06-23T09:35:31","slug":"interpellationer","status":"publish","type":"page","link":"https:\/\/wp.kristdemokraterna.se\/regionostergotland\/var-politik\/interpellationer\/","title":{"rendered":"Interpellationer"},"content":{"rendered":"<p>Under mandatperioden 2018-2022 sitter Kristdemokraterna i opposition i Region \u00d6sterg\u00f6tland. En av de viktigaste uppgifterna vi som oppositionsparti har, \u00e4r att med olika medel kontrollera att majoritetspartierna (Socialdemokraterna, Milj\u00f6partiet, Centerpartiet, Liberalerna) sk\u00f6ter styrningen av regionen p\u00e5 ett riktigt s\u00e4tt.<\/p>\n<p>Ett verktyg som vi har i det arbetet \u00e4r att st\u00e4lla interpellationer, kontrollfr\u00e5gor, till de ansvariga regionr\u00e5den i majoritet. Interpellationerna besvaras och debatteras vid regionfullm\u00e4ktige, som \u00e4r \u00f6ppet f\u00f6r allm\u00e4nheten.<\/p>\n<p><strong>2021<\/strong><\/p>\n<p><a href=\"http:\/\/wp.kristdemokraterna.se\/regionostergotland\/files\/2021\/06\/2021-01-27-interpellation_kd_varfor-fysiska-plastkort-nar-hogkostnadsskyddet-ar-digitalt.pdf\" target=\"_blank\" rel=\"noopener\">210127 Varf\u00f6r fysiska platskost n\u00e4r h\u00f6gkostnadsskyddet \u00e4r digitalt?<\/a><\/p>\n<p><strong>2020<\/strong><\/p>\n<p><a href=\"http:\/\/wp.kristdemokraterna.se\/regionostergotland\/files\/2020\/02\/200128-hur-ska-framtidens-oppenvardspsykiatri-se-ut-undertecknad.pdf\" target=\"_blank\" rel=\"noopener noreferrer\">200128 Hur ska framtidens \u00f6ppenpsykiatri se ut?<\/a><\/p>\n<p><strong>2016<\/strong><\/p>\n<p><a href=\"http:\/\/wp.kristdemokraterna.se\/regionostergotland\/files\/2016\/10\/160922-int-verkstallighet-av-beslut-om-medarbetarformaner.pdf\" target=\"_blank\" rel=\"noopener noreferrer\">160922 Verkst\u00e4llighet av beslut om medarbetarf\u00f6rm\u00e5ner<\/a><\/p>\n<p><a href=\"http:\/\/wp.kristdemokraterna.se\/regionostergotland\/files\/2016\/10\/160922-int-vad-gors-for-att-forbattra-donationsverksamheten-i-ostergotland.pdf\" target=\"_blank\" rel=\"noopener noreferrer\">160922 Vad g\u00f6rs f\u00f6r att f\u00f6rb\u00e4ttra donationsverksamheten i \u00d6sterg\u00f6tland?<\/a><\/p>\n<p><a href=\"http:\/\/wp.kristdemokraterna.se\/regionostergotland\/files\/2016\/10\/160922-int-nar-infors-vuxentraumateam-i-region-ostergotland.pdf\" target=\"_blank\" rel=\"noopener noreferrer\">160922 N\u00e4r inf\u00f6rs vuxentraumateam i Region \u00d6sterg\u00f6tland?<\/a><\/p>\n<p><a href=\"http:\/\/wp.kristdemokraterna.se\/regionostergotland\/files\/2016\/10\/160906-int-star-majoriteten-bakom-regeringens-uttalande-om-att-stoppa-alla-alternativa-driftsformer-i-ostergotland.pdf\" target=\"_blank\" rel=\"noopener noreferrer\">160906 St\u00e5r majoriteten bakom regeringens uttalande om att stoppa alla alternativa driftsformer i \u00d6sterg\u00f6tland?<\/a><\/p>\n<p><a href=\"http:\/\/wp.kristdemokraterna.se\/regionostergotland\/files\/2016\/10\/160203-int-vardplatser-i-region-ostergotland.pdf\" target=\"_blank\" rel=\"noopener noreferrer\">160203 V\u00e5rdplatser i Region \u00d6sterg\u00f6tland<\/a><\/p>\n<p><a href=\"http:\/\/wp.kristdemokraterna.se\/regionostergotland\/files\/2016\/10\/160203-int-vad-hander-med-kulturgaranti-for-barn-och-unga-i-ostergotland.pdf\" target=\"_blank\" rel=\"noopener noreferrer\">160203 Vad h\u00e4nder med kulturgaranti f\u00f6r barn och unga i \u00d6sterg\u00f6tland?<\/a><\/p>\n<p><a href=\"http:\/\/wp.kristdemokraterna.se\/regionostergotland\/files\/2016\/10\/160203-int-hur-ska-den-regiondrivna-privarvarden-organiseras-i-framtiden.pdf\" target=\"_blank\" rel=\"noopener noreferrer\">160203 Hur ska den regiondrivna prim\u00e4rv\u00e5rden organiseras i framtiden?<\/a><\/p>\n<p><a href=\"http:\/\/wp.kristdemokraterna.se\/regionostergotland\/files\/2016\/10\/160203-int-hur-mojligor-region-ostergotland-anvandandet-av-elbil.pdf\" target=\"_blank\" rel=\"noopener noreferrer\">160203 Hur m\u00f6jligg\u00f6r Region \u00d6sterg\u00f6tland anv\u00e4ndandet av elbil?<\/a><\/p>\n<p><a href=\"http:\/\/wp.kristdemokraterna.se\/regionostergotland\/files\/2016\/10\/160203-int-angaende-utbyggnad-av-fler-omstigningspunkter.pdf\" target=\"_blank\" rel=\"noopener noreferrer\">160203 Ang\u00e5ende utbyggnad av fler omstigningspunkter<\/a><\/p>\n<p><a href=\"http:\/\/wp.kristdemokraterna.se\/regionostergotland\/files\/2016\/10\/160902-int-har-region-ostergotland-en-nollvision-for-vardskador.pdf\" target=\"_blank\" rel=\"noopener noreferrer\">160902 Har Region \u00d6sterg\u00f6tland en nollvision f\u00f6r v\u00e5rdskador?<\/a><\/p>\n<p>&nbsp;<\/p>\n<p><strong>2015<\/strong><\/p>\n<p><a href=\"http:\/\/wp.kristdemokraterna.se\/regionostergotland\/files\/2016\/10\/151110-int-om-associerat-medlemsskap-i-malardalsradet.pdf\" target=\"_blank\" rel=\"noopener noreferrer\">151110 Om associerat medlemskap i M\u00e4lardalsr\u00e5det<\/a><\/p>\n<p><a href=\"http:\/\/wp.kristdemokraterna.se\/regionostergotland\/files\/2016\/10\/150923-int-vilka-atgarder-vidtas-for-att-hantera-aktuell-personalbrist.pdf\" target=\"_blank\" rel=\"noopener noreferrer\">150923 Vilka \u00e5tg\u00e4rder vidtas f\u00f6r att hantera aktuell personalbrist?<\/a><\/p>\n<p><a href=\"http:\/\/wp.kristdemokraterna.se\/regionostergotland\/files\/2016\/10\/150918-int-ges-tillrackligt-med-tid-for-byte-av-pendeltag-i-tranas.pdf\" target=\"_blank\" rel=\"noopener noreferrer\">150918 Ges tillr\u00e4ckligt med tid f\u00f6r byte av pendelt\u00e5g i Tran\u00e5s?<\/a><\/p>\n<p><a href=\"http:\/\/wp.kristdemokraterna.se\/regionostergotland\/files\/2016\/10\/150918-int-varfor-deltar-inte-region-ostergotland-i-kollektivtrafikbarometern.pdf\" target=\"_blank\" rel=\"noopener noreferrer\">150918 Varf\u00f6r deltar inte Region \u00d6sterg\u00f6tland i kollektivtrafikbarometern?<\/a><\/p>\n<p><a href=\"http:\/\/wp.kristdemokraterna.se\/regionostergotland\/files\/2016\/10\/150506-int-ar-miljardinvesteringar-i-fastigheter-ointressanta-for-majoriteten.pdf\" target=\"_blank\" rel=\"noopener noreferrer\">150506 \u00c4r miljardinvesteringar i fastigheter ointressanta f\u00f6r majoriteten?<\/a><\/p>\n<p><a href=\"http:\/\/wp.kristdemokraterna.se\/regionostergotland\/files\/2016\/10\/150407-int-ska-det-erbjudas-vard-som-inte-ar-evidensbaserad.pdf\" target=\"_blank\" rel=\"noopener noreferrer\">150407 Ska det erbjudas v\u00e5rd som inte \u00e4r evidensbaserad?<\/a><\/p>\n<p>&nbsp;<\/p>\n","protected":false},"excerpt":{"rendered":"<p>Under mandatperioden 2018-2022 sitter Kristdemokraterna i opposition i Region \u00d6sterg\u00f6tland. En av de viktigaste uppgifterna vi som oppositionsparti har, \u00e4r att med olika medel kontrollera att majoritetspartierna (Socialdemokraterna, Milj\u00f6partiet, Centerpartiet, Liberalerna) sk\u00f6ter styrningen av regionen p\u00e5 ett riktigt s\u00e4tt. Ett verktyg som vi har i det arbetet \u00e4r att st\u00e4lla interpellationer, kontrollfr\u00e5gor, till de ansvariga <a class=\"read-more-link\" href=\"https:\/\/wp.kristdemokraterna.se\/regionostergotland\/var-politik\/interpellationer\/\">Read More<\/a><\/p>\n","protected":false},"author":737,"featured_media":0,"parent":37,"menu_order":4,"comment_status":"closed","ping_status":"closed","template":"page.php","meta":{"_acf_changed":false,"footnotes":""},"class_list":["post-147","page","type-page","status-publish","hentry"],"acf":[],"yoast_head":"<!-- This site is optimized with the Yoast SEO plugin v27.4 - https:\/\/yoast.com\/product\/yoast-seo-wordpress\/ -->\n<title>Interpellationer - i Region \u00d6sterg\u00f6tland<\/title>\n<meta name=\"robots\" content=\"index, follow, max-snippet:-1, max-image-preview:large, max-video-preview:-1\" \/>\n<link rel=\"canonical\" href=\"https:\/\/wp.kristdemokraterna.se\/regionostergotland\/var-politik\/interpellationer\/\" \/>\n<meta property=\"og:locale\" content=\"sv_SE\" \/>\n<meta property=\"og:type\" content=\"article\" \/>\n<meta property=\"og:title\" content=\"Interpellationer - i Region \u00d6sterg\u00f6tland\" \/>\n<meta property=\"og:description\" content=\"Under mandatperioden 2018-2022 sitter Kristdemokraterna i opposition i Region \u00d6sterg\u00f6tland. En av de viktigaste uppgifterna vi som oppositionsparti har, \u00e4r att med olika medel kontrollera att majoritetspartierna (Socialdemokraterna, Milj\u00f6partiet, Centerpartiet, Liberalerna) sk\u00f6ter styrningen av regionen p\u00e5 ett riktigt s\u00e4tt. Ett verktyg som vi har i det arbetet \u00e4r att st\u00e4lla interpellationer, kontrollfr\u00e5gor, till de ansvariga Read More\" \/>\n<meta property=\"og:url\" content=\"https:\/\/wp.kristdemokraterna.se\/regionostergotland\/var-politik\/interpellationer\/\" \/>\n<meta property=\"og:site_name\" content=\"i Region \u00d6sterg\u00f6tland\" \/>\n<meta property=\"article:modified_time\" content=\"2021-06-23T09:35:31+00:00\" \/>\n<meta name=\"twitter:card\" content=\"summary_large_image\" \/>\n<meta name=\"twitter:label1\" content=\"Ber\u00e4knad l\u00e4stid\" \/>\n\t<meta name=\"twitter:data1\" content=\"1 minut\" \/>\n<script type=\"application\/ld+json\" class=\"yoast-schema-graph\">{\"@context\":\"https:\\\/\\\/schema.org\",\"@graph\":[{\"@type\":\"WebPage\",\"@id\":\"https:\\\/\\\/wp.kristdemokraterna.se\\\/regionostergotland\\\/var-politik\\\/interpellationer\\\/\",\"url\":\"https:\\\/\\\/wp.kristdemokraterna.se\\\/regionostergotland\\\/var-politik\\\/interpellationer\\\/\",\"name\":\"Interpellationer - i Region \u00d6sterg\u00f6tland\",\"isPartOf\":{\"@id\":\"https:\\\/\\\/wp.kristdemokraterna.se\\\/regionostergotland\\\/#website\"},\"datePublished\":\"2016-10-05T09:05:49+00:00\",\"dateModified\":\"2021-06-23T09:35:31+00:00\",\"breadcrumb\":{\"@id\":\"https:\\\/\\\/wp.kristdemokraterna.se\\\/regionostergotland\\\/var-politik\\\/interpellationer\\\/#breadcrumb\"},\"inLanguage\":\"sv-SE\",\"potentialAction\":[{\"@type\":\"ReadAction\",\"target\":[\"https:\\\/\\\/wp.kristdemokraterna.se\\\/regionostergotland\\\/var-politik\\\/interpellationer\\\/\"]}]},{\"@type\":\"BreadcrumbList\",\"@id\":\"https:\\\/\\\/wp.kristdemokraterna.se\\\/regionostergotland\\\/var-politik\\\/interpellationer\\\/#breadcrumb\",\"itemListElement\":[{\"@type\":\"ListItem\",\"position\":1,\"name\":\"Hem\",\"item\":\"https:\\\/\\\/wp.kristdemokraterna.se\\\/regionostergotland\\\/\"},{\"@type\":\"ListItem\",\"position\":2,\"name\":\"V\u00e5r politik\",\"item\":\"https:\\\/\\\/wp.kristdemokraterna.se\\\/regionostergotland\\\/var-politik\\\/\"},{\"@type\":\"ListItem\",\"position\":3,\"name\":\"Interpellationer\"}]},{\"@type\":\"WebSite\",\"@id\":\"https:\\\/\\\/wp.kristdemokraterna.se\\\/regionostergotland\\\/#website\",\"url\":\"https:\\\/\\\/wp.kristdemokraterna.se\\\/regionostergotland\\\/\",\"name\":\"i Region \u00d6sterg\u00f6tland\",\"description\":\"\",\"inLanguage\":\"sv-SE\"}]}<\/script>\n<!-- \/ Yoast SEO plugin. -->","yoast_head_json":{"title":"Interpellationer - i Region \u00d6sterg\u00f6tland","robots":{"index":"index","follow":"follow","max-snippet":"max-snippet:-1","max-image-preview":"max-image-preview:large","max-video-preview":"max-video-preview:-1"},"canonical":"https:\/\/wp.kristdemokraterna.se\/regionostergotland\/var-politik\/interpellationer\/","og_locale":"sv_SE","og_type":"article","og_title":"Interpellationer - i Region \u00d6sterg\u00f6tland","og_description":"Under mandatperioden 2018-2022 sitter Kristdemokraterna i opposition i Region \u00d6sterg\u00f6tland. En av de viktigaste uppgifterna vi som oppositionsparti har, \u00e4r att med olika medel kontrollera att majoritetspartierna (Socialdemokraterna, Milj\u00f6partiet, Centerpartiet, Liberalerna) sk\u00f6ter styrningen av regionen p\u00e5 ett riktigt s\u00e4tt. Ett verktyg som vi har i det arbetet \u00e4r att st\u00e4lla interpellationer, kontrollfr\u00e5gor, till de ansvariga Read More","og_url":"https:\/\/wp.kristdemokraterna.se\/regionostergotland\/var-politik\/interpellationer\/","og_site_name":"i Region \u00d6sterg\u00f6tland","article_modified_time":"2021-06-23T09:35:31+00:00","twitter_card":"summary_large_image","twitter_misc":{"Ber\u00e4knad l\u00e4stid":"1 minut"},"schema":{"@context":"https:\/\/schema.org","@graph":[{"@type":"WebPage","@id":"https:\/\/wp.kristdemokraterna.se\/regionostergotland\/var-politik\/interpellationer\/","url":"https:\/\/wp.kristdemokraterna.se\/regionostergotland\/var-politik\/interpellationer\/","name":"Interpellationer - i Region \u00d6sterg\u00f6tland","isPartOf":{"@id":"https:\/\/wp.kristdemokraterna.se\/regionostergotland\/#website"},"datePublished":"2016-10-05T09:05:49+00:00","dateModified":"2021-06-23T09:35:31+00:00","breadcrumb":{"@id":"https:\/\/wp.kristdemokraterna.se\/regionostergotland\/var-politik\/interpellationer\/#breadcrumb"},"inLanguage":"sv-SE","potentialAction":[{"@type":"ReadAction","target":["https:\/\/wp.kristdemokraterna.se\/regionostergotland\/var-politik\/interpellationer\/"]}]},{"@type":"BreadcrumbList","@id":"https:\/\/wp.kristdemokraterna.se\/regionostergotland\/var-politik\/interpellationer\/#breadcrumb","itemListElement":[{"@type":"ListItem","position":1,"name":"Hem","item":"https:\/\/wp.kristdemokraterna.se\/regionostergotland\/"},{"@type":"ListItem","position":2,"name":"V\u00e5r politik","item":"https:\/\/wp.kristdemokraterna.se\/regionostergotland\/var-politik\/"},{"@type":"ListItem","position":3,"name":"Interpellationer"}]},{"@type":"WebSite","@id":"https:\/\/wp.kristdemokraterna.se\/regionostergotland\/#website","url":"https:\/\/wp.kristdemokraterna.se\/regionostergotland\/","name":"i Region \u00d6sterg\u00f6tland","description":"","inLanguage":"sv-SE"}]}},"_links":{"self":[{"href":"https:\/\/wp.kristdemokraterna.se\/regionostergotland\/wp-json\/wp\/v2\/pages\/147","targetHints":{"allow":["GET"]}}],"collection":[{"href":"https:\/\/wp.kristdemokraterna.se\/regionostergotland\/wp-json\/wp\/v2\/pages"}],"about":[{"href":"https:\/\/wp.kristdemokraterna.se\/regionostergotland\/wp-json\/wp\/v2\/types\/page"}],"author":[{"embeddable":true,"href":"https:\/\/wp.kristdemokraterna.se\/regionostergotland\/wp-json\/wp\/v2\/users\/737"}],"replies":[{"embeddable":true,"href":"https:\/\/wp.kristdemokraterna.se\/regionostergotland\/wp-json\/wp\/v2\/comments?post=147"}],"version-history":[{"count":17,"href":"https:\/\/wp.kristdemokraterna.se\/regionostergotland\/wp-json\/wp\/v2\/pages\/147\/revisions"}],"predecessor-version":[{"id":1691,"href":"https:\/\/wp.kristdemokraterna.se\/regionostergotland\/wp-json\/wp\/v2\/pages\/147\/revisions\/1691"}],"up":[{"embeddable":true,"href":"https:\/\/wp.kristdemokraterna.se\/regionostergotland\/wp-json\/wp\/v2\/pages\/37"}],"wp:attachment":[{"href":"https:\/\/wp.kristdemokraterna.se\/regionostergotland\/wp-json\/wp\/v2\/media?parent=147"}],"curies":[{"name":"wp","href":"https:\/\/api.w.org\/{rel}","templated":true}]}}