{"id":37,"date":"2016-04-27T13:56:27","date_gmt":"2016-04-27T11:56:27","guid":{"rendered":"http:\/\/wp.kristdemokraterna.se\/regionostergotland\/?page_id=37"},"modified":"2019-11-13T13:23:41","modified_gmt":"2019-11-13T12:23:41","slug":"var-politik","status":"publish","type":"page","link":"https:\/\/wp.kristdemokraterna.se\/regionostergotland\/var-politik\/","title":{"rendered":"V\u00e5r politik"},"content":{"rendered":"<p><strong>H\u00c4LSO- och SJUKV\u00c5RD<\/strong><br \/>\nI \u00d6sterg\u00f6tland finns h\u00e4lso- och sjukv\u00e5rd av h\u00f6g kvalitet \u2013 men alldeles f\u00f6r m\u00e5nga f\u00e5r v\u00e4nta alltf\u00f6r l\u00e4nge p\u00e5 operation eller behandling. Det finns ocks\u00e5 en risk att du inte har samma m\u00f6jlighet att f\u00e5 ta del av v\u00e5rden, om du bor l\u00e5ngt ifr\u00e5n Universitetssjukhuset i Link\u00f6ping. Kristdemokraterna har f\u00f6rslag f\u00f6r att korta k\u00f6erna och skapa en mer j\u00e4mlik v\u00e5rd f\u00f6r alla \u00f6stg\u00f6tar, oavsett var du bor i l\u00e4net.<\/p>\n<p><strong>TRAFIK- och SAMH\u00c4LLSPLANERING<\/strong><br \/>\nI \u00d6sterg\u00f6tland har vi pendelt\u00e5gstrafik som oftast har h\u00f6g punktlighet och som snabbt och effektivt tar dig till jobb, studier, fritidsaktiviteter och n\u00f6jen i Link\u00f6ping, Norrk\u00f6ping, Motala, Mj\u00f6lby, Kimstad, Linghem, Vikingstad, Mantorp, Boxholm och \u00f6ver l\u00e4nsgr\u00e4nsen till Tran\u00e5s. Vi har fr\u00e5n \u00d6sterg\u00f6tland ocks\u00e5 satsat p\u00e5 att f\u00f6rb\u00e4ttra pendlingsm\u00f6jligheterna norrut till t.ex. Katrineholm, Nyk\u00f6ping och Eskilstuna. Vi fr\u00e5n Kristdemokraterna har f\u00f6rslag f\u00f6r att ocks\u00e5 st\u00e4rka m\u00f6jligheten till pendling med t\u00e5g fr\u00e5n och till Rimforsa och Kisa i s\u00f6dra \u00d6sterg\u00f6tland och \u00f6ver l\u00e4nsgr\u00e4nsen till Vimmerby och Hultsfred. Vi vill ocks\u00e5 bygga ut med expressbussar fr\u00e5n de orter som inte har pendelt\u00e5gstrafik. Att kunna studie- och arbetspendla till och fr\u00e5n tillv\u00e4xtorter i hela \u00d6sterg\u00f6tland \u00e4r viktigt!<\/p>\n<p><strong>KULTUR<\/strong><br \/>\nI \u00d6sterg\u00f6tland finns kultur av stor bredd och h\u00f6g kvalitet! H\u00e4r kan du se teaterpj\u00e4ser p\u00e5 en av landets b\u00e4sta l\u00e4nsteatrar. H\u00e4r spelar kanske Sveriges fr\u00e4msta professionella symfoniska bl\u00e5sorkester med r\u00f6tter tillbaka till 1500-talet. H\u00e4r kan du se m\u00e4sterverk ur konsthistorien och prisbel\u00f6nta utst\u00e4llningar p\u00e5 \u00d6sterg\u00f6tlands Museum, och h\u00e4r kan du g\u00e5 p\u00e5 konsert med en av landets b\u00e4sta symfoniorkestrar, k\u00e4nd fr\u00e5n s\u00e5v\u00e4l stora konserthus i Europa som fina listplaceringar p\u00e5 Svensktoppen. Det \u00e4r dock inte lika l\u00e4tt f\u00f6r alla \u00f6stg\u00f6tar att ta del av allt detta. Det finns dessutom andra kulturp\u00e4rlor i \u00d6sterg\u00f6tland, som skulle beh\u00f6va mer uppm\u00e4rksamhet p\u00e5 regional niv\u00e5 f\u00f6r att kunna bli \u00e4nnu viktigare f\u00f6r det \u00f6stg\u00f6tska kulturlivet och f\u00f6r den viktiga bes\u00f6ksn\u00e4ringen. Kristdemokraterna har f\u00f6rslagen f\u00f6r att mer kultur ska bli tillg\u00e4nglig f\u00f6r fler \u00f6stg\u00f6tar!<\/p>\n<p><strong>REGIONAL UTVECKLING<\/strong><br \/>\nGrunden f\u00f6r att vi gemensamt med skattemedel ska kunna finansiera h\u00e4lso- och sjukv\u00e5rd med h\u00f6g kvalitet och god tillg\u00e4nglighet, kollektivtrafik som n\u00e5r alla viktiga pendlingsstr\u00e5k med bekv\u00e4ma och effektiva transporter, och ett brett kulturliv som erbjuds hela \u00d6sterg\u00f6tland, \u00e4r att det finns framg\u00e5ngsrika f\u00f6retag som v\u00e4xer och anst\u00e4ller fler. I \u00d6sterg\u00f6tland finns n\u00e5gra riktigt stora f\u00f6retag med m\u00e5nga anst\u00e4llda. Vi har ocks\u00e5 ett stort antal f\u00f6retag inom h\u00f6gteknologisk sektor, d\u00e4r flera \u00e4r internationellt konkurrenskraftiga. Vi beh\u00f6ver dock f\u00e5 fler sm\u00e5 och mellanstora f\u00f6retag, i s\u00e5v\u00e4l st\u00e4derna som p\u00e5 landsbygden. Kristdemokraterna har f\u00f6rslag som g\u00f6r det l\u00e4ttare att starta och driva f\u00f6retag som skapar tillv\u00e4xt och d\u00e4rmed resurser till v\u00e5r gemensamma v\u00e4lf\u00e4rd.<\/p>\n","protected":false},"excerpt":{"rendered":"<p>H\u00c4LSO- och SJUKV\u00c5RD I \u00d6sterg\u00f6tland finns h\u00e4lso- och sjukv\u00e5rd av h\u00f6g kvalitet \u2013 men alldeles f\u00f6r m\u00e5nga f\u00e5r v\u00e4nta alltf\u00f6r l\u00e4nge p\u00e5 operation eller behandling. Det finns ocks\u00e5 en risk att du inte har samma m\u00f6jlighet att f\u00e5 ta del av v\u00e5rden, om du bor l\u00e5ngt ifr\u00e5n Universitetssjukhuset i Link\u00f6ping. Kristdemokraterna har f\u00f6rslag f\u00f6r att <a class=\"read-more-link\" href=\"https:\/\/wp.kristdemokraterna.se\/regionostergotland\/var-politik\/\">Read More<\/a><\/p>\n","protected":false},"author":737,"featured_media":0,"parent":0,"menu_order":0,"comment_status":"closed","ping_status":"closed","template":"page.php","meta":{"_acf_changed":false,"footnotes":""},"class_list":["post-37","page","type-page","status-publish","hentry"],"acf":[],"yoast_head":"<!-- This site is optimized with the Yoast SEO plugin v27.4 - https:\/\/yoast.com\/product\/yoast-seo-wordpress\/ -->\n<title>V\u00e5r politik - i Region \u00d6sterg\u00f6tland<\/title>\n<meta name=\"robots\" content=\"index, follow, max-snippet:-1, max-image-preview:large, max-video-preview:-1\" \/>\n<link rel=\"canonical\" href=\"https:\/\/wp.kristdemokraterna.se\/regionostergotland\/var-politik\/\" \/>\n<meta property=\"og:locale\" content=\"sv_SE\" \/>\n<meta property=\"og:type\" content=\"article\" \/>\n<meta property=\"og:title\" content=\"V\u00e5r politik - i Region \u00d6sterg\u00f6tland\" \/>\n<meta property=\"og:description\" content=\"H\u00c4LSO- och SJUKV\u00c5RD I \u00d6sterg\u00f6tland finns h\u00e4lso- och sjukv\u00e5rd av h\u00f6g kvalitet \u2013 men alldeles f\u00f6r m\u00e5nga f\u00e5r v\u00e4nta alltf\u00f6r l\u00e4nge p\u00e5 operation eller behandling. Det finns ocks\u00e5 en risk att du inte har samma m\u00f6jlighet att f\u00e5 ta del av v\u00e5rden, om du bor l\u00e5ngt ifr\u00e5n Universitetssjukhuset i Link\u00f6ping. Kristdemokraterna har f\u00f6rslag f\u00f6r att Read More\" \/>\n<meta property=\"og:url\" content=\"https:\/\/wp.kristdemokraterna.se\/regionostergotland\/var-politik\/\" \/>\n<meta property=\"og:site_name\" content=\"i Region \u00d6sterg\u00f6tland\" \/>\n<meta property=\"article:modified_time\" content=\"2019-11-13T12:23:41+00:00\" \/>\n<meta name=\"twitter:card\" content=\"summary_large_image\" \/>\n<meta name=\"twitter:label1\" content=\"Ber\u00e4knad l\u00e4stid\" \/>\n\t<meta name=\"twitter:data1\" content=\"3 minuter\" \/>\n<script type=\"application\/ld+json\" class=\"yoast-schema-graph\">{\"@context\":\"https:\\\/\\\/schema.org\",\"@graph\":[{\"@type\":\"WebPage\",\"@id\":\"https:\\\/\\\/wp.kristdemokraterna.se\\\/regionostergotland\\\/var-politik\\\/\",\"url\":\"https:\\\/\\\/wp.kristdemokraterna.se\\\/regionostergotland\\\/var-politik\\\/\",\"name\":\"V\u00e5r politik - i Region \u00d6sterg\u00f6tland\",\"isPartOf\":{\"@id\":\"https:\\\/\\\/wp.kristdemokraterna.se\\\/regionostergotland\\\/#website\"},\"datePublished\":\"2016-04-27T11:56:27+00:00\",\"dateModified\":\"2019-11-13T12:23:41+00:00\",\"breadcrumb\":{\"@id\":\"https:\\\/\\\/wp.kristdemokraterna.se\\\/regionostergotland\\\/var-politik\\\/#breadcrumb\"},\"inLanguage\":\"sv-SE\",\"potentialAction\":[{\"@type\":\"ReadAction\",\"target\":[\"https:\\\/\\\/wp.kristdemokraterna.se\\\/regionostergotland\\\/var-politik\\\/\"]}]},{\"@type\":\"BreadcrumbList\",\"@id\":\"https:\\\/\\\/wp.kristdemokraterna.se\\\/regionostergotland\\\/var-politik\\\/#breadcrumb\",\"itemListElement\":[{\"@type\":\"ListItem\",\"position\":1,\"name\":\"Hem\",\"item\":\"https:\\\/\\\/wp.kristdemokraterna.se\\\/regionostergotland\\\/\"},{\"@type\":\"ListItem\",\"position\":2,\"name\":\"V\u00e5r politik\"}]},{\"@type\":\"WebSite\",\"@id\":\"https:\\\/\\\/wp.kristdemokraterna.se\\\/regionostergotland\\\/#website\",\"url\":\"https:\\\/\\\/wp.kristdemokraterna.se\\\/regionostergotland\\\/\",\"name\":\"i Region \u00d6sterg\u00f6tland\",\"description\":\"\",\"inLanguage\":\"sv-SE\"}]}<\/script>\n<!-- \/ Yoast SEO plugin. -->","yoast_head_json":{"title":"V\u00e5r politik - i Region \u00d6sterg\u00f6tland","robots":{"index":"index","follow":"follow","max-snippet":"max-snippet:-1","max-image-preview":"max-image-preview:large","max-video-preview":"max-video-preview:-1"},"canonical":"https:\/\/wp.kristdemokraterna.se\/regionostergotland\/var-politik\/","og_locale":"sv_SE","og_type":"article","og_title":"V\u00e5r politik - i Region \u00d6sterg\u00f6tland","og_description":"H\u00c4LSO- och SJUKV\u00c5RD I \u00d6sterg\u00f6tland finns h\u00e4lso- och sjukv\u00e5rd av h\u00f6g kvalitet \u2013 men alldeles f\u00f6r m\u00e5nga f\u00e5r v\u00e4nta alltf\u00f6r l\u00e4nge p\u00e5 operation eller behandling. Det finns ocks\u00e5 en risk att du inte har samma m\u00f6jlighet att f\u00e5 ta del av v\u00e5rden, om du bor l\u00e5ngt ifr\u00e5n Universitetssjukhuset i Link\u00f6ping. Kristdemokraterna har f\u00f6rslag f\u00f6r att Read More","og_url":"https:\/\/wp.kristdemokraterna.se\/regionostergotland\/var-politik\/","og_site_name":"i Region \u00d6sterg\u00f6tland","article_modified_time":"2019-11-13T12:23:41+00:00","twitter_card":"summary_large_image","twitter_misc":{"Ber\u00e4knad l\u00e4stid":"3 minuter"},"schema":{"@context":"https:\/\/schema.org","@graph":[{"@type":"WebPage","@id":"https:\/\/wp.kristdemokraterna.se\/regionostergotland\/var-politik\/","url":"https:\/\/wp.kristdemokraterna.se\/regionostergotland\/var-politik\/","name":"V\u00e5r politik - i Region \u00d6sterg\u00f6tland","isPartOf":{"@id":"https:\/\/wp.kristdemokraterna.se\/regionostergotland\/#website"},"datePublished":"2016-04-27T11:56:27+00:00","dateModified":"2019-11-13T12:23:41+00:00","breadcrumb":{"@id":"https:\/\/wp.kristdemokraterna.se\/regionostergotland\/var-politik\/#breadcrumb"},"inLanguage":"sv-SE","potentialAction":[{"@type":"ReadAction","target":["https:\/\/wp.kristdemokraterna.se\/regionostergotland\/var-politik\/"]}]},{"@type":"BreadcrumbList","@id":"https:\/\/wp.kristdemokraterna.se\/regionostergotland\/var-politik\/#breadcrumb","itemListElement":[{"@type":"ListItem","position":1,"name":"Hem","item":"https:\/\/wp.kristdemokraterna.se\/regionostergotland\/"},{"@type":"ListItem","position":2,"name":"V\u00e5r politik"}]},{"@type":"WebSite","@id":"https:\/\/wp.kristdemokraterna.se\/regionostergotland\/#website","url":"https:\/\/wp.kristdemokraterna.se\/regionostergotland\/","name":"i Region \u00d6sterg\u00f6tland","description":"","inLanguage":"sv-SE"}]}},"_links":{"self":[{"href":"https:\/\/wp.kristdemokraterna.se\/regionostergotland\/wp-json\/wp\/v2\/pages\/37","targetHints":{"allow":["GET"]}}],"collection":[{"href":"https:\/\/wp.kristdemokraterna.se\/regionostergotland\/wp-json\/wp\/v2\/pages"}],"about":[{"href":"https:\/\/wp.kristdemokraterna.se\/regionostergotland\/wp-json\/wp\/v2\/types\/page"}],"author":[{"embeddable":true,"href":"https:\/\/wp.kristdemokraterna.se\/regionostergotland\/wp-json\/wp\/v2\/users\/737"}],"replies":[{"embeddable":true,"href":"https:\/\/wp.kristdemokraterna.se\/regionostergotland\/wp-json\/wp\/v2\/comments?post=37"}],"version-history":[{"count":8,"href":"https:\/\/wp.kristdemokraterna.se\/regionostergotland\/wp-json\/wp\/v2\/pages\/37\/revisions"}],"predecessor-version":[{"id":1146,"href":"https:\/\/wp.kristdemokraterna.se\/regionostergotland\/wp-json\/wp\/v2\/pages\/37\/revisions\/1146"}],"wp:attachment":[{"href":"https:\/\/wp.kristdemokraterna.se\/regionostergotland\/wp-json\/wp\/v2\/media?parent=37"}],"curies":[{"name":"wp","href":"https:\/\/api.w.org\/{rel}","templated":true}]}}