{"id":373,"date":"2017-12-04T16:47:18","date_gmt":"2017-12-04T15:47:18","guid":{"rendered":"https:\/\/wp.kristdemokraterna.se\/ronneby\/?page_id=373"},"modified":"2022-06-23T10:35:09","modified_gmt":"2022-06-23T08:35:09","slug":"var-politik-i-kommunen","status":"publish","type":"page","link":"https:\/\/wp.kristdemokraterna.se\/ronneby\/textsida-fullbredd\/var-politik-i-kommunen\/","title":{"rendered":"V\u00e5r politik i kommunen"},"content":{"rendered":"<div id=\"attachment_556\" style=\"width: 1034px\" class=\"wp-caption alignnone\"><a href=\"https:\/\/wp.kristdemokraterna.se\/ronneby\/files\/2022\/06\/ronneby-scaled.jpg\"><img loading=\"lazy\" decoding=\"async\" aria-describedby=\"caption-attachment-556\" class=\"wp-image-556 size-large\" src=\"https:\/\/wp.kristdemokraterna.se\/ronneby\/files\/2022\/06\/ronneby-1024x576.jpg\" alt=\"\" width=\"1024\" height=\"576\" \/><\/a><p id=\"caption-attachment-556\" class=\"wp-caption-text\">Robin Jonasson, Anna Ekberg och Ewa-Stina Jonasson &#8211; dina kandidater till kommunfullm\u00e4ktige i Ronneby<\/p><\/div>\n<p><strong>F\u00f6r ett levande och tryggt Ronneby<\/strong><\/p>\n<p>Ett tryggt Ronneby med levande stadsk\u00e4rna och levande landsbygd. Ronneby \u00e5rets stadsk\u00e4rna 2025!<br \/>\n<strong><br \/>\nPrioritera integrationen. <\/strong><\/p>\n<p>Se ungdomarna som en resurs. St\u00f6d utsatta familjers deltagande i f\u00f6reningslivet.<\/p>\n<p><strong>F\u00f6rb\u00e4ttra v\u00e5rden av v\u00e5ra gamla och svaga. <\/strong><\/p>\n<p>Prova terapihundar. Bygg ett stadsmuseum under n\u00e4sta mandatperiod.<strong><br \/>\n<\/strong><\/p>\n<p>&nbsp;<\/p>\n","protected":false},"excerpt":{"rendered":"<p>F\u00f6r ett levande och tryggt Ronneby Ett tryggt Ronneby med levande stadsk\u00e4rna och levande landsbygd. Ronneby \u00e5rets stadsk\u00e4rna 2025! Prioritera integrationen. Se ungdomarna som en resurs. St\u00f6d utsatta familjers deltagande i f\u00f6reningslivet. F\u00f6rb\u00e4ttra v\u00e5rden av v\u00e5ra gamla och svaga. Prova terapihundar. Bygg ett stadsmuseum under n\u00e4sta mandatperiod. &nbsp;<\/p>\n","protected":false},"author":606,"featured_media":714,"parent":272,"menu_order":0,"comment_status":"closed","ping_status":"closed","template":"page.php","meta":{"_acf_changed":false,"footnotes":""},"class_list":["post-373","page","type-page","status-publish","hentry"],"acf":[],"yoast_head":"<!-- This site is optimized with the Yoast SEO plugin v27.3 - https:\/\/yoast.com\/product\/yoast-seo-wordpress\/ -->\n<title>V\u00e5r politik i kommunen - Kristdemokraterna | Ronneby<\/title>\n<meta name=\"robots\" content=\"index, follow, max-snippet:-1, max-image-preview:large, max-video-preview:-1\" \/>\n<link rel=\"canonical\" href=\"https:\/\/wp.kristdemokraterna.se\/ronneby\/textsida-fullbredd\/var-politik-i-kommunen\/\" \/>\n<meta property=\"og:locale\" content=\"sv_SE\" \/>\n<meta property=\"og:type\" content=\"article\" \/>\n<meta property=\"og:title\" content=\"V\u00e5r politik i kommunen - Kristdemokraterna | Ronneby\" \/>\n<meta property=\"og:description\" content=\"F\u00f6r ett levande och tryggt Ronneby Ett tryggt Ronneby med levande stadsk\u00e4rna och levande landsbygd. Ronneby \u00e5rets stadsk\u00e4rna 2025! Prioritera integrationen. Se ungdomarna som en resurs. St\u00f6d utsatta familjers deltagande i f\u00f6reningslivet. F\u00f6rb\u00e4ttra v\u00e5rden av v\u00e5ra gamla och svaga. Prova terapihundar. Bygg ett stadsmuseum under n\u00e4sta mandatperiod. &nbsp;\" \/>\n<meta property=\"og:url\" content=\"https:\/\/wp.kristdemokraterna.se\/ronneby\/textsida-fullbredd\/var-politik-i-kommunen\/\" \/>\n<meta property=\"og:site_name\" content=\"Kristdemokraterna | Ronneby\" \/>\n<meta property=\"article:modified_time\" content=\"2022-06-23T08:35:09+00:00\" \/>\n<meta property=\"og:image\" content=\"https:\/\/wp.kristdemokraterna.se\/ronneby\/files\/2022\/06\/ronneby-1024x576.jpg\" \/>\n<meta name=\"twitter:card\" content=\"summary_large_image\" \/>\n<meta name=\"twitter:label1\" content=\"Ber\u00e4knad l\u00e4stid\" \/>\n\t<meta name=\"twitter:data1\" content=\"1 minut\" \/>\n<script type=\"application\/ld+json\" class=\"yoast-schema-graph\">{\"@context\":\"https:\\\/\\\/schema.org\",\"@graph\":[{\"@type\":\"WebPage\",\"@id\":\"https:\\\/\\\/wp.kristdemokraterna.se\\\/ronneby\\\/textsida-fullbredd\\\/var-politik-i-kommunen\\\/\",\"url\":\"https:\\\/\\\/wp.kristdemokraterna.se\\\/ronneby\\\/textsida-fullbredd\\\/var-politik-i-kommunen\\\/\",\"name\":\"V\u00e5r politik i kommunen - Kristdemokraterna | Ronneby\",\"isPartOf\":{\"@id\":\"https:\\\/\\\/wp.kristdemokraterna.se\\\/ronneby\\\/#website\"},\"primaryImageOfPage\":{\"@id\":\"https:\\\/\\\/wp.kristdemokraterna.se\\\/ronneby\\\/textsida-fullbredd\\\/var-politik-i-kommunen\\\/#primaryimage\"},\"image\":{\"@id\":\"https:\\\/\\\/wp.kristdemokraterna.se\\\/ronneby\\\/textsida-fullbredd\\\/var-politik-i-kommunen\\\/#primaryimage\"},\"thumbnailUrl\":\"\",\"datePublished\":\"2017-12-04T15:47:18+00:00\",\"dateModified\":\"2022-06-23T08:35:09+00:00\",\"breadcrumb\":{\"@id\":\"https:\\\/\\\/wp.kristdemokraterna.se\\\/ronneby\\\/textsida-fullbredd\\\/var-politik-i-kommunen\\\/#breadcrumb\"},\"inLanguage\":\"sv-SE\",\"potentialAction\":[{\"@type\":\"ReadAction\",\"target\":[\"https:\\\/\\\/wp.kristdemokraterna.se\\\/ronneby\\\/textsida-fullbredd\\\/var-politik-i-kommunen\\\/\"]}]},{\"@type\":\"ImageObject\",\"inLanguage\":\"sv-SE\",\"@id\":\"https:\\\/\\\/wp.kristdemokraterna.se\\\/ronneby\\\/textsida-fullbredd\\\/var-politik-i-kommunen\\\/#primaryimage\",\"url\":\"\",\"contentUrl\":\"\"},{\"@type\":\"BreadcrumbList\",\"@id\":\"https:\\\/\\\/wp.kristdemokraterna.se\\\/ronneby\\\/textsida-fullbredd\\\/var-politik-i-kommunen\\\/#breadcrumb\",\"itemListElement\":[{\"@type\":\"ListItem\",\"position\":1,\"name\":\"Hem\",\"item\":\"https:\\\/\\\/wp.kristdemokraterna.se\\\/ronneby\\\/\"},{\"@type\":\"ListItem\",\"position\":2,\"name\":\"Vad vi st\u00e5r f\u00f6r!\",\"item\":\"https:\\\/\\\/wp.kristdemokraterna.se\\\/ronneby\\\/textsida-fullbredd\\\/\"},{\"@type\":\"ListItem\",\"position\":3,\"name\":\"V\u00e5r politik i kommunen\"}]},{\"@type\":\"WebSite\",\"@id\":\"https:\\\/\\\/wp.kristdemokraterna.se\\\/ronneby\\\/#website\",\"url\":\"https:\\\/\\\/wp.kristdemokraterna.se\\\/ronneby\\\/\",\"name\":\"Kristdemokraterna | Ronneby\",\"description\":\"En till Kristdemokraterna webbplats\",\"inLanguage\":\"sv-SE\"}]}<\/script>\n<!-- \/ Yoast SEO plugin. -->","yoast_head_json":{"title":"V\u00e5r politik i kommunen - Kristdemokraterna | Ronneby","robots":{"index":"index","follow":"follow","max-snippet":"max-snippet:-1","max-image-preview":"max-image-preview:large","max-video-preview":"max-video-preview:-1"},"canonical":"https:\/\/wp.kristdemokraterna.se\/ronneby\/textsida-fullbredd\/var-politik-i-kommunen\/","og_locale":"sv_SE","og_type":"article","og_title":"V\u00e5r politik i kommunen - Kristdemokraterna | Ronneby","og_description":"F\u00f6r ett levande och tryggt Ronneby Ett tryggt Ronneby med levande stadsk\u00e4rna och levande landsbygd. Ronneby \u00e5rets stadsk\u00e4rna 2025! Prioritera integrationen. Se ungdomarna som en resurs. St\u00f6d utsatta familjers deltagande i f\u00f6reningslivet. F\u00f6rb\u00e4ttra v\u00e5rden av v\u00e5ra gamla och svaga. Prova terapihundar. Bygg ett stadsmuseum under n\u00e4sta mandatperiod. &nbsp;","og_url":"https:\/\/wp.kristdemokraterna.se\/ronneby\/textsida-fullbredd\/var-politik-i-kommunen\/","og_site_name":"Kristdemokraterna | Ronneby","article_modified_time":"2022-06-23T08:35:09+00:00","og_image":[{"url":"https:\/\/wp.kristdemokraterna.se\/ronneby\/files\/2022\/06\/ronneby-1024x576.jpg","type":"","width":"","height":""}],"twitter_card":"summary_large_image","twitter_misc":{"Ber\u00e4knad l\u00e4stid":"1 minut"},"schema":{"@context":"https:\/\/schema.org","@graph":[{"@type":"WebPage","@id":"https:\/\/wp.kristdemokraterna.se\/ronneby\/textsida-fullbredd\/var-politik-i-kommunen\/","url":"https:\/\/wp.kristdemokraterna.se\/ronneby\/textsida-fullbredd\/var-politik-i-kommunen\/","name":"V\u00e5r politik i kommunen - Kristdemokraterna | Ronneby","isPartOf":{"@id":"https:\/\/wp.kristdemokraterna.se\/ronneby\/#website"},"primaryImageOfPage":{"@id":"https:\/\/wp.kristdemokraterna.se\/ronneby\/textsida-fullbredd\/var-politik-i-kommunen\/#primaryimage"},"image":{"@id":"https:\/\/wp.kristdemokraterna.se\/ronneby\/textsida-fullbredd\/var-politik-i-kommunen\/#primaryimage"},"thumbnailUrl":"","datePublished":"2017-12-04T15:47:18+00:00","dateModified":"2022-06-23T08:35:09+00:00","breadcrumb":{"@id":"https:\/\/wp.kristdemokraterna.se\/ronneby\/textsida-fullbredd\/var-politik-i-kommunen\/#breadcrumb"},"inLanguage":"sv-SE","potentialAction":[{"@type":"ReadAction","target":["https:\/\/wp.kristdemokraterna.se\/ronneby\/textsida-fullbredd\/var-politik-i-kommunen\/"]}]},{"@type":"ImageObject","inLanguage":"sv-SE","@id":"https:\/\/wp.kristdemokraterna.se\/ronneby\/textsida-fullbredd\/var-politik-i-kommunen\/#primaryimage","url":"","contentUrl":""},{"@type":"BreadcrumbList","@id":"https:\/\/wp.kristdemokraterna.se\/ronneby\/textsida-fullbredd\/var-politik-i-kommunen\/#breadcrumb","itemListElement":[{"@type":"ListItem","position":1,"name":"Hem","item":"https:\/\/wp.kristdemokraterna.se\/ronneby\/"},{"@type":"ListItem","position":2,"name":"Vad vi st\u00e5r f\u00f6r!","item":"https:\/\/wp.kristdemokraterna.se\/ronneby\/textsida-fullbredd\/"},{"@type":"ListItem","position":3,"name":"V\u00e5r politik i kommunen"}]},{"@type":"WebSite","@id":"https:\/\/wp.kristdemokraterna.se\/ronneby\/#website","url":"https:\/\/wp.kristdemokraterna.se\/ronneby\/","name":"Kristdemokraterna | Ronneby","description":"En till Kristdemokraterna webbplats","inLanguage":"sv-SE"}]}},"_links":{"self":[{"href":"https:\/\/wp.kristdemokraterna.se\/ronneby\/wp-json\/wp\/v2\/pages\/373","targetHints":{"allow":["GET"]}}],"collection":[{"href":"https:\/\/wp.kristdemokraterna.se\/ronneby\/wp-json\/wp\/v2\/pages"}],"about":[{"href":"https:\/\/wp.kristdemokraterna.se\/ronneby\/wp-json\/wp\/v2\/types\/page"}],"author":[{"embeddable":true,"href":"https:\/\/wp.kristdemokraterna.se\/ronneby\/wp-json\/wp\/v2\/users\/606"}],"replies":[{"embeddable":true,"href":"https:\/\/wp.kristdemokraterna.se\/ronneby\/wp-json\/wp\/v2\/comments?post=373"}],"version-history":[{"count":8,"href":"https:\/\/wp.kristdemokraterna.se\/ronneby\/wp-json\/wp\/v2\/pages\/373\/revisions"}],"predecessor-version":[{"id":558,"href":"https:\/\/wp.kristdemokraterna.se\/ronneby\/wp-json\/wp\/v2\/pages\/373\/revisions\/558"}],"up":[{"embeddable":true,"href":"https:\/\/wp.kristdemokraterna.se\/ronneby\/wp-json\/wp\/v2\/pages\/272"}],"wp:featuredmedia":[{"embeddable":true,"href":"https:\/\/wp.kristdemokraterna.se\/ronneby\/wp-json\/"}],"wp:attachment":[{"href":"https:\/\/wp.kristdemokraterna.se\/ronneby\/wp-json\/wp\/v2\/media?parent=373"}],"curies":[{"name":"wp","href":"https:\/\/api.w.org\/{rel}","templated":true}]}}