{"id":113,"date":"2018-08-21T19:35:08","date_gmt":"2018-08-21T17:35:08","guid":{"rendered":"http:\/\/wp.kristdemokraterna.se\/sala\/?page_id=113"},"modified":"2018-09-05T23:53:08","modified_gmt":"2018-09-05T21:53:08","slug":"val-2018","status":"publish","type":"page","link":"https:\/\/wp.kristdemokraterna.se\/sala\/val-2018\/","title":{"rendered":"Val 2018"},"content":{"rendered":"<p><a href=\"http:\/\/wp.kristdemokraterna.se\/sala\/files\/2018\/08\/kd_sala_broschyr.pdf\">Det ska vara guld att leva i silverstaden \u2013 Kristdemokraterna Salas valfolder 2018<\/a><\/p>\n<p><a href=\"http:\/\/wp.kristdemokraterna.se\/sala\/files\/2018\/09\/sala-kommunprogram-final-edition.pdf\">Ett tryggare Sala \u2013 Kristdemokraterna Salas valprogram 2018<\/a><\/p>\n","protected":false},"excerpt":{"rendered":"<p>Det ska vara guld att leva i silverstaden \u2013 Kristdemokraterna Salas valfolder 2018 Ett tryggare Sala \u2013 Kristdemokraterna Salas valprogram 2018<\/p>\n","protected":false},"author":22,"featured_media":0,"parent":0,"menu_order":1,"comment_status":"closed","ping_status":"closed","template":"","meta":{"_acf_changed":false,"footnotes":""},"class_list":["post-113","page","type-page","status-publish","hentry"],"acf":[],"yoast_head":"<!-- This site is optimized with the Yoast SEO plugin v27.3 - https:\/\/yoast.com\/product\/yoast-seo-wordpress\/ -->\n<title>Val 2018 - Sala<\/title>\n<meta name=\"robots\" content=\"index, follow, max-snippet:-1, max-image-preview:large, max-video-preview:-1\" \/>\n<link rel=\"canonical\" href=\"https:\/\/wp.kristdemokraterna.se\/sala\/val-2018\/\" \/>\n<meta property=\"og:locale\" content=\"sv_SE\" \/>\n<meta property=\"og:type\" content=\"article\" \/>\n<meta property=\"og:title\" content=\"Val 2018 - Sala\" \/>\n<meta property=\"og:description\" content=\"Det ska vara guld att leva i silverstaden \u2013 Kristdemokraterna Salas valfolder 2018 Ett tryggare Sala \u2013 Kristdemokraterna Salas valprogram 2018\" \/>\n<meta property=\"og:url\" content=\"https:\/\/wp.kristdemokraterna.se\/sala\/val-2018\/\" \/>\n<meta property=\"og:site_name\" content=\"Sala\" \/>\n<meta property=\"article:modified_time\" content=\"2018-09-05T21:53:08+00:00\" \/>\n<meta name=\"twitter:card\" content=\"summary_large_image\" \/>\n<script type=\"application\/ld+json\" class=\"yoast-schema-graph\">{\"@context\":\"https:\\\/\\\/schema.org\",\"@graph\":[{\"@type\":\"WebPage\",\"@id\":\"https:\\\/\\\/wp.kristdemokraterna.se\\\/sala\\\/val-2018\\\/\",\"url\":\"https:\\\/\\\/wp.kristdemokraterna.se\\\/sala\\\/val-2018\\\/\",\"name\":\"Val 2018 - Sala\",\"isPartOf\":{\"@id\":\"https:\\\/\\\/wp.kristdemokraterna.se\\\/sala\\\/#website\"},\"datePublished\":\"2018-08-21T17:35:08+00:00\",\"dateModified\":\"2018-09-05T21:53:08+00:00\",\"breadcrumb\":{\"@id\":\"https:\\\/\\\/wp.kristdemokraterna.se\\\/sala\\\/val-2018\\\/#breadcrumb\"},\"inLanguage\":\"sv-SE\",\"potentialAction\":[{\"@type\":\"ReadAction\",\"target\":[\"https:\\\/\\\/wp.kristdemokraterna.se\\\/sala\\\/val-2018\\\/\"]}]},{\"@type\":\"BreadcrumbList\",\"@id\":\"https:\\\/\\\/wp.kristdemokraterna.se\\\/sala\\\/val-2018\\\/#breadcrumb\",\"itemListElement\":[{\"@type\":\"ListItem\",\"position\":1,\"name\":\"Hem\",\"item\":\"https:\\\/\\\/wp.kristdemokraterna.se\\\/sala\\\/\"},{\"@type\":\"ListItem\",\"position\":2,\"name\":\"Val 2018\"}]},{\"@type\":\"WebSite\",\"@id\":\"https:\\\/\\\/wp.kristdemokraterna.se\\\/sala\\\/#website\",\"url\":\"https:\\\/\\\/wp.kristdemokraterna.se\\\/sala\\\/\",\"name\":\"Sala\",\"description\":\"F\u00f6r en tryggare uppv\u00e4xt f\u00f6r barnen!\",\"inLanguage\":\"sv-SE\"}]}<\/script>\n<!-- \/ Yoast SEO plugin. -->","yoast_head_json":{"title":"Val 2018 - Sala","robots":{"index":"index","follow":"follow","max-snippet":"max-snippet:-1","max-image-preview":"max-image-preview:large","max-video-preview":"max-video-preview:-1"},"canonical":"https:\/\/wp.kristdemokraterna.se\/sala\/val-2018\/","og_locale":"sv_SE","og_type":"article","og_title":"Val 2018 - Sala","og_description":"Det ska vara guld att leva i silverstaden \u2013 Kristdemokraterna Salas valfolder 2018 Ett tryggare Sala \u2013 Kristdemokraterna Salas valprogram 2018","og_url":"https:\/\/wp.kristdemokraterna.se\/sala\/val-2018\/","og_site_name":"Sala","article_modified_time":"2018-09-05T21:53:08+00:00","twitter_card":"summary_large_image","schema":{"@context":"https:\/\/schema.org","@graph":[{"@type":"WebPage","@id":"https:\/\/wp.kristdemokraterna.se\/sala\/val-2018\/","url":"https:\/\/wp.kristdemokraterna.se\/sala\/val-2018\/","name":"Val 2018 - Sala","isPartOf":{"@id":"https:\/\/wp.kristdemokraterna.se\/sala\/#website"},"datePublished":"2018-08-21T17:35:08+00:00","dateModified":"2018-09-05T21:53:08+00:00","breadcrumb":{"@id":"https:\/\/wp.kristdemokraterna.se\/sala\/val-2018\/#breadcrumb"},"inLanguage":"sv-SE","potentialAction":[{"@type":"ReadAction","target":["https:\/\/wp.kristdemokraterna.se\/sala\/val-2018\/"]}]},{"@type":"BreadcrumbList","@id":"https:\/\/wp.kristdemokraterna.se\/sala\/val-2018\/#breadcrumb","itemListElement":[{"@type":"ListItem","position":1,"name":"Hem","item":"https:\/\/wp.kristdemokraterna.se\/sala\/"},{"@type":"ListItem","position":2,"name":"Val 2018"}]},{"@type":"WebSite","@id":"https:\/\/wp.kristdemokraterna.se\/sala\/#website","url":"https:\/\/wp.kristdemokraterna.se\/sala\/","name":"Sala","description":"F\u00f6r en tryggare uppv\u00e4xt f\u00f6r barnen!","inLanguage":"sv-SE"}]}},"_links":{"self":[{"href":"https:\/\/wp.kristdemokraterna.se\/sala\/wp-json\/wp\/v2\/pages\/113","targetHints":{"allow":["GET"]}}],"collection":[{"href":"https:\/\/wp.kristdemokraterna.se\/sala\/wp-json\/wp\/v2\/pages"}],"about":[{"href":"https:\/\/wp.kristdemokraterna.se\/sala\/wp-json\/wp\/v2\/types\/page"}],"author":[{"embeddable":true,"href":"https:\/\/wp.kristdemokraterna.se\/sala\/wp-json\/wp\/v2\/users\/22"}],"replies":[{"embeddable":true,"href":"https:\/\/wp.kristdemokraterna.se\/sala\/wp-json\/wp\/v2\/comments?post=113"}],"version-history":[{"count":3,"href":"https:\/\/wp.kristdemokraterna.se\/sala\/wp-json\/wp\/v2\/pages\/113\/revisions"}],"predecessor-version":[{"id":121,"href":"https:\/\/wp.kristdemokraterna.se\/sala\/wp-json\/wp\/v2\/pages\/113\/revisions\/121"}],"wp:attachment":[{"href":"https:\/\/wp.kristdemokraterna.se\/sala\/wp-json\/wp\/v2\/media?parent=113"}],"curies":[{"name":"wp","href":"https:\/\/api.w.org\/{rel}","templated":true}]}}