{"id":2,"date":"2012-08-07T12:26:10","date_gmt":"2012-08-07T12:26:10","guid":{"rendered":"http:\/\/wp.kristdemokraterna.se\/sala\/?page_id=2"},"modified":"2018-08-21T19:35:46","modified_gmt":"2018-08-21T17:35:46","slug":"exempelsida","status":"publish","type":"page","link":"https:\/\/wp.kristdemokraterna.se\/sala\/exempelsida\/","title":{"rendered":"Bli medlem"},"content":{"rendered":"<p><a href=\"https:\/\/www.kristdemokraterna.se\/Engagera-Dig\/blimedlem\/\">Klicka h\u00e4r f\u00f6r att engagera dig!<\/a><\/p>\n","protected":false},"excerpt":{"rendered":"<p>Klicka h\u00e4r f\u00f6r att engagera dig!<\/p>\n","protected":false},"author":22,"featured_media":0,"parent":0,"menu_order":2,"comment_status":"closed","ping_status":"closed","template":"","meta":{"_acf_changed":false,"footnotes":""},"class_list":["post-2","page","type-page","status-publish","hentry"],"acf":[],"yoast_head":"<!-- This site is optimized with the Yoast SEO plugin v27.3 - https:\/\/yoast.com\/product\/yoast-seo-wordpress\/ -->\n<title>Bli medlem - Sala<\/title>\n<meta name=\"robots\" content=\"index, follow, max-snippet:-1, max-image-preview:large, max-video-preview:-1\" \/>\n<link rel=\"canonical\" href=\"https:\/\/wp.kristdemokraterna.se\/sala\/exempelsida\/\" \/>\n<meta property=\"og:locale\" content=\"sv_SE\" \/>\n<meta property=\"og:type\" content=\"article\" \/>\n<meta property=\"og:title\" content=\"Bli medlem - Sala\" \/>\n<meta property=\"og:description\" content=\"Klicka h\u00e4r f\u00f6r att engagera dig!\" \/>\n<meta property=\"og:url\" content=\"https:\/\/wp.kristdemokraterna.se\/sala\/exempelsida\/\" \/>\n<meta property=\"og:site_name\" content=\"Sala\" \/>\n<meta property=\"article:modified_time\" content=\"2018-08-21T17:35:46+00:00\" \/>\n<meta name=\"twitter:card\" content=\"summary_large_image\" \/>\n<script type=\"application\/ld+json\" class=\"yoast-schema-graph\">{\"@context\":\"https:\\\/\\\/schema.org\",\"@graph\":[{\"@type\":\"WebPage\",\"@id\":\"https:\\\/\\\/wp.kristdemokraterna.se\\\/sala\\\/exempelsida\\\/\",\"url\":\"https:\\\/\\\/wp.kristdemokraterna.se\\\/sala\\\/exempelsida\\\/\",\"name\":\"Bli medlem - Sala\",\"isPartOf\":{\"@id\":\"https:\\\/\\\/wp.kristdemokraterna.se\\\/sala\\\/#website\"},\"datePublished\":\"2012-08-07T12:26:10+00:00\",\"dateModified\":\"2018-08-21T17:35:46+00:00\",\"breadcrumb\":{\"@id\":\"https:\\\/\\\/wp.kristdemokraterna.se\\\/sala\\\/exempelsida\\\/#breadcrumb\"},\"inLanguage\":\"sv-SE\",\"potentialAction\":[{\"@type\":\"ReadAction\",\"target\":[\"https:\\\/\\\/wp.kristdemokraterna.se\\\/sala\\\/exempelsida\\\/\"]}]},{\"@type\":\"BreadcrumbList\",\"@id\":\"https:\\\/\\\/wp.kristdemokraterna.se\\\/sala\\\/exempelsida\\\/#breadcrumb\",\"itemListElement\":[{\"@type\":\"ListItem\",\"position\":1,\"name\":\"Hem\",\"item\":\"https:\\\/\\\/wp.kristdemokraterna.se\\\/sala\\\/\"},{\"@type\":\"ListItem\",\"position\":2,\"name\":\"Bli medlem\"}]},{\"@type\":\"WebSite\",\"@id\":\"https:\\\/\\\/wp.kristdemokraterna.se\\\/sala\\\/#website\",\"url\":\"https:\\\/\\\/wp.kristdemokraterna.se\\\/sala\\\/\",\"name\":\"Sala\",\"description\":\"F\u00f6r en tryggare uppv\u00e4xt f\u00f6r barnen!\",\"inLanguage\":\"sv-SE\"}]}<\/script>\n<!-- \/ Yoast SEO plugin. -->","yoast_head_json":{"title":"Bli medlem - Sala","robots":{"index":"index","follow":"follow","max-snippet":"max-snippet:-1","max-image-preview":"max-image-preview:large","max-video-preview":"max-video-preview:-1"},"canonical":"https:\/\/wp.kristdemokraterna.se\/sala\/exempelsida\/","og_locale":"sv_SE","og_type":"article","og_title":"Bli medlem - Sala","og_description":"Klicka h\u00e4r f\u00f6r att engagera dig!","og_url":"https:\/\/wp.kristdemokraterna.se\/sala\/exempelsida\/","og_site_name":"Sala","article_modified_time":"2018-08-21T17:35:46+00:00","twitter_card":"summary_large_image","schema":{"@context":"https:\/\/schema.org","@graph":[{"@type":"WebPage","@id":"https:\/\/wp.kristdemokraterna.se\/sala\/exempelsida\/","url":"https:\/\/wp.kristdemokraterna.se\/sala\/exempelsida\/","name":"Bli medlem - Sala","isPartOf":{"@id":"https:\/\/wp.kristdemokraterna.se\/sala\/#website"},"datePublished":"2012-08-07T12:26:10+00:00","dateModified":"2018-08-21T17:35:46+00:00","breadcrumb":{"@id":"https:\/\/wp.kristdemokraterna.se\/sala\/exempelsida\/#breadcrumb"},"inLanguage":"sv-SE","potentialAction":[{"@type":"ReadAction","target":["https:\/\/wp.kristdemokraterna.se\/sala\/exempelsida\/"]}]},{"@type":"BreadcrumbList","@id":"https:\/\/wp.kristdemokraterna.se\/sala\/exempelsida\/#breadcrumb","itemListElement":[{"@type":"ListItem","position":1,"name":"Hem","item":"https:\/\/wp.kristdemokraterna.se\/sala\/"},{"@type":"ListItem","position":2,"name":"Bli medlem"}]},{"@type":"WebSite","@id":"https:\/\/wp.kristdemokraterna.se\/sala\/#website","url":"https:\/\/wp.kristdemokraterna.se\/sala\/","name":"Sala","description":"F\u00f6r en tryggare uppv\u00e4xt f\u00f6r barnen!","inLanguage":"sv-SE"}]}},"_links":{"self":[{"href":"https:\/\/wp.kristdemokraterna.se\/sala\/wp-json\/wp\/v2\/pages\/2","targetHints":{"allow":["GET"]}}],"collection":[{"href":"https:\/\/wp.kristdemokraterna.se\/sala\/wp-json\/wp\/v2\/pages"}],"about":[{"href":"https:\/\/wp.kristdemokraterna.se\/sala\/wp-json\/wp\/v2\/types\/page"}],"author":[{"embeddable":true,"href":"https:\/\/wp.kristdemokraterna.se\/sala\/wp-json\/wp\/v2\/users\/22"}],"replies":[{"embeddable":true,"href":"https:\/\/wp.kristdemokraterna.se\/sala\/wp-json\/wp\/v2\/comments?post=2"}],"version-history":[{"count":2,"href":"https:\/\/wp.kristdemokraterna.se\/sala\/wp-json\/wp\/v2\/pages\/2\/revisions"}],"predecessor-version":[{"id":44,"href":"https:\/\/wp.kristdemokraterna.se\/sala\/wp-json\/wp\/v2\/pages\/2\/revisions\/44"}],"wp:attachment":[{"href":"https:\/\/wp.kristdemokraterna.se\/sala\/wp-json\/wp\/v2\/media?parent=2"}],"curies":[{"name":"wp","href":"https:\/\/api.w.org\/{rel}","templated":true}]}}