{"id":63,"date":"2014-06-16T10:04:12","date_gmt":"2014-06-16T08:04:12","guid":{"rendered":"http:\/\/wp.kristdemokraterna.se\/sala\/?page_id=63"},"modified":"2018-08-21T19:35:46","modified_gmt":"2018-08-21T17:35:46","slug":"lokalavdelningen","status":"publish","type":"page","link":"https:\/\/wp.kristdemokraterna.se\/sala\/lokalavdelningen\/","title":{"rendered":"Kontakta oss"},"content":{"rendered":"<p><strong>Kristdemokrater i n\u00e4mnder och styrelser:<\/strong>\u00a0<a href=\"https:\/\/troint.sala.se\/extern\/index.asp?page=partier&amp;parti=KD\">https:\/\/troint.sala.se\/extern\/index.asp?page=partier&amp;parti=KD<\/a><\/p>\n<p><strong>Partiavdelningens styrelse:<\/strong>\u00a0<a href=\"https:\/\/kristdemokraterna.se\/lokalt\/vastmanlands-lan\/sala\/\">https:\/\/kristdemokraterna.se\/lokalt\/vastmanlands-lan\/sala\/<\/a><\/p>\n","protected":false},"excerpt":{"rendered":"<p>Kristdemokrater i n\u00e4mnder och styrelser:\u00a0https:\/\/troint.sala.se\/extern\/index.asp?page=partier&amp;parti=KD Partiavdelningens styrelse:\u00a0https:\/\/kristdemokraterna.se\/lokalt\/vastmanlands-lan\/sala\/<\/p>\n","protected":false},"author":444,"featured_media":0,"parent":0,"menu_order":4,"comment_status":"closed","ping_status":"closed","template":"","meta":{"_acf_changed":false,"footnotes":""},"class_list":["post-63","page","type-page","status-publish","hentry"],"acf":[],"yoast_head":"<!-- This site is optimized with the Yoast SEO plugin v27.3 - https:\/\/yoast.com\/product\/yoast-seo-wordpress\/ -->\n<title>Kontakta oss - Sala<\/title>\n<meta name=\"robots\" content=\"index, follow, max-snippet:-1, max-image-preview:large, max-video-preview:-1\" \/>\n<link rel=\"canonical\" href=\"https:\/\/wp.kristdemokraterna.se\/sala\/lokalavdelningen\/\" \/>\n<meta property=\"og:locale\" content=\"sv_SE\" \/>\n<meta property=\"og:type\" content=\"article\" \/>\n<meta property=\"og:title\" content=\"Kontakta oss - Sala\" \/>\n<meta property=\"og:description\" content=\"Kristdemokrater i n\u00e4mnder och styrelser:\u00a0https:\/\/troint.sala.se\/extern\/index.asp?page=partier&amp;parti=KD Partiavdelningens styrelse:\u00a0https:\/\/kristdemokraterna.se\/lokalt\/vastmanlands-lan\/sala\/\" \/>\n<meta property=\"og:url\" content=\"https:\/\/wp.kristdemokraterna.se\/sala\/lokalavdelningen\/\" \/>\n<meta property=\"og:site_name\" content=\"Sala\" \/>\n<meta property=\"article:modified_time\" content=\"2018-08-21T17:35:46+00:00\" \/>\n<meta name=\"twitter:card\" content=\"summary_large_image\" \/>\n<script type=\"application\/ld+json\" class=\"yoast-schema-graph\">{\"@context\":\"https:\\\/\\\/schema.org\",\"@graph\":[{\"@type\":\"WebPage\",\"@id\":\"https:\\\/\\\/wp.kristdemokraterna.se\\\/sala\\\/lokalavdelningen\\\/\",\"url\":\"https:\\\/\\\/wp.kristdemokraterna.se\\\/sala\\\/lokalavdelningen\\\/\",\"name\":\"Kontakta oss - Sala\",\"isPartOf\":{\"@id\":\"https:\\\/\\\/wp.kristdemokraterna.se\\\/sala\\\/#website\"},\"datePublished\":\"2014-06-16T08:04:12+00:00\",\"dateModified\":\"2018-08-21T17:35:46+00:00\",\"breadcrumb\":{\"@id\":\"https:\\\/\\\/wp.kristdemokraterna.se\\\/sala\\\/lokalavdelningen\\\/#breadcrumb\"},\"inLanguage\":\"sv-SE\",\"potentialAction\":[{\"@type\":\"ReadAction\",\"target\":[\"https:\\\/\\\/wp.kristdemokraterna.se\\\/sala\\\/lokalavdelningen\\\/\"]}]},{\"@type\":\"BreadcrumbList\",\"@id\":\"https:\\\/\\\/wp.kristdemokraterna.se\\\/sala\\\/lokalavdelningen\\\/#breadcrumb\",\"itemListElement\":[{\"@type\":\"ListItem\",\"position\":1,\"name\":\"Hem\",\"item\":\"https:\\\/\\\/wp.kristdemokraterna.se\\\/sala\\\/\"},{\"@type\":\"ListItem\",\"position\":2,\"name\":\"Kontakta oss\"}]},{\"@type\":\"WebSite\",\"@id\":\"https:\\\/\\\/wp.kristdemokraterna.se\\\/sala\\\/#website\",\"url\":\"https:\\\/\\\/wp.kristdemokraterna.se\\\/sala\\\/\",\"name\":\"Sala\",\"description\":\"F\u00f6r en tryggare uppv\u00e4xt f\u00f6r barnen!\",\"inLanguage\":\"sv-SE\"}]}<\/script>\n<!-- \/ Yoast SEO plugin. -->","yoast_head_json":{"title":"Kontakta oss - Sala","robots":{"index":"index","follow":"follow","max-snippet":"max-snippet:-1","max-image-preview":"max-image-preview:large","max-video-preview":"max-video-preview:-1"},"canonical":"https:\/\/wp.kristdemokraterna.se\/sala\/lokalavdelningen\/","og_locale":"sv_SE","og_type":"article","og_title":"Kontakta oss - Sala","og_description":"Kristdemokrater i n\u00e4mnder och styrelser:\u00a0https:\/\/troint.sala.se\/extern\/index.asp?page=partier&amp;parti=KD Partiavdelningens styrelse:\u00a0https:\/\/kristdemokraterna.se\/lokalt\/vastmanlands-lan\/sala\/","og_url":"https:\/\/wp.kristdemokraterna.se\/sala\/lokalavdelningen\/","og_site_name":"Sala","article_modified_time":"2018-08-21T17:35:46+00:00","twitter_card":"summary_large_image","schema":{"@context":"https:\/\/schema.org","@graph":[{"@type":"WebPage","@id":"https:\/\/wp.kristdemokraterna.se\/sala\/lokalavdelningen\/","url":"https:\/\/wp.kristdemokraterna.se\/sala\/lokalavdelningen\/","name":"Kontakta oss - Sala","isPartOf":{"@id":"https:\/\/wp.kristdemokraterna.se\/sala\/#website"},"datePublished":"2014-06-16T08:04:12+00:00","dateModified":"2018-08-21T17:35:46+00:00","breadcrumb":{"@id":"https:\/\/wp.kristdemokraterna.se\/sala\/lokalavdelningen\/#breadcrumb"},"inLanguage":"sv-SE","potentialAction":[{"@type":"ReadAction","target":["https:\/\/wp.kristdemokraterna.se\/sala\/lokalavdelningen\/"]}]},{"@type":"BreadcrumbList","@id":"https:\/\/wp.kristdemokraterna.se\/sala\/lokalavdelningen\/#breadcrumb","itemListElement":[{"@type":"ListItem","position":1,"name":"Hem","item":"https:\/\/wp.kristdemokraterna.se\/sala\/"},{"@type":"ListItem","position":2,"name":"Kontakta oss"}]},{"@type":"WebSite","@id":"https:\/\/wp.kristdemokraterna.se\/sala\/#website","url":"https:\/\/wp.kristdemokraterna.se\/sala\/","name":"Sala","description":"F\u00f6r en tryggare uppv\u00e4xt f\u00f6r barnen!","inLanguage":"sv-SE"}]}},"_links":{"self":[{"href":"https:\/\/wp.kristdemokraterna.se\/sala\/wp-json\/wp\/v2\/pages\/63","targetHints":{"allow":["GET"]}}],"collection":[{"href":"https:\/\/wp.kristdemokraterna.se\/sala\/wp-json\/wp\/v2\/pages"}],"about":[{"href":"https:\/\/wp.kristdemokraterna.se\/sala\/wp-json\/wp\/v2\/types\/page"}],"author":[{"embeddable":true,"href":"https:\/\/wp.kristdemokraterna.se\/sala\/wp-json\/wp\/v2\/users\/444"}],"replies":[{"embeddable":true,"href":"https:\/\/wp.kristdemokraterna.se\/sala\/wp-json\/wp\/v2\/comments?post=63"}],"version-history":[{"count":4,"href":"https:\/\/wp.kristdemokraterna.se\/sala\/wp-json\/wp\/v2\/pages\/63\/revisions"}],"predecessor-version":[{"id":104,"href":"https:\/\/wp.kristdemokraterna.se\/sala\/wp-json\/wp\/v2\/pages\/63\/revisions\/104"}],"wp:attachment":[{"href":"https:\/\/wp.kristdemokraterna.se\/sala\/wp-json\/wp\/v2\/media?parent=63"}],"curies":[{"name":"wp","href":"https:\/\/api.w.org\/{rel}","templated":true}]}}