{"id":9,"date":"2014-06-16T09:54:22","date_gmt":"2014-06-16T07:54:22","guid":{"rendered":"http:\/\/wp.kristdemokraterna.se\/sala\/?page_id=9"},"modified":"2022-08-09T00:06:41","modified_gmt":"2022-08-08T22:06:41","slug":"valkommen-till-kd-i-sala","status":"publish","type":"page","link":"https:\/\/wp.kristdemokraterna.se\/sala\/valkommen-till-kd-i-sala\/","title":{"rendered":"Om oss"},"content":{"rendered":"<p>Kristdemokraterna arbetar f\u00f6r ett samh\u00e4lle d\u00e4r fler tar ansvar och bryr sig om varandra. V\u00e5ra mest prioriterade omr\u00e5den \u00e4r barn och ungas uppv\u00e4xtvillkor, valfrihet och r\u00e4ttvisa f\u00f6r familjen, en v\u00e4rdig v\u00e5rd och omsorg samt ett blomstrande n\u00e4ringsliv.<\/p>\n<p>Vi s\u00e4tter barn och ungas uppv\u00e4xtvillkor i fokus f\u00f6r all politik och vill g\u00f6ra Sala till v\u00e4rldens b\u00e4sta kommun att v\u00e4xa upp i. V\u00e5ra f\u00f6rslag k\u00e4nnetecknas av v\u00e5r syn p\u00e5 familjens betydelse, p\u00e5 det civila samh\u00e4llets roll och politikens gr\u00e4nser.<\/p>\n<p>V\u00e5rt partinamn ber\u00e4ttar vad vi st\u00e5r f\u00f6r \u2013 en demokrati byggd p\u00e5 kristen m\u00e4nniskosyn och v\u00e4rdegrund. En vanlig missuppfattning \u00e4r att man m\u00e5ste vara religi\u00f6st engagerad f\u00f6r att vara med. Det \u00e4r fel. Alla som delar v\u00e5ra id\u00e9er \u00e4r v\u00e4lkomna i partiet.<\/p>\n<p>Kristdemokraterna fick sitt f\u00f6rsta riksdagsmandat 1991. Partiets ordf\u00f6rande heter Ebba Busch.<\/p>\n<p>P\u00e5 europeisk niv\u00e5 utg\u00f6r Kristdemokraterna en del av EPP (European People&#8217;s Party), en sammanslutning av kristdemokratiska partier i Europa.<\/p>\n","protected":false},"excerpt":{"rendered":"<p>Kristdemokraterna arbetar f\u00f6r ett samh\u00e4lle d\u00e4r fler tar ansvar och bryr sig om varandra. V\u00e5ra mest prioriterade omr\u00e5den \u00e4r barn och ungas uppv\u00e4xtvillkor, valfrihet och r\u00e4ttvisa f\u00f6r familjen, en v\u00e4rdig v\u00e5rd och omsorg samt ett blomstrande n\u00e4ringsliv. Vi s\u00e4tter barn och ungas uppv\u00e4xtvillkor i fokus f\u00f6r all politik och vill g\u00f6ra Sala till v\u00e4rldens b\u00e4sta <a class=\"read-more-link\" href=\"https:\/\/wp.kristdemokraterna.se\/sala\/valkommen-till-kd-i-sala\/\">Read More<\/a><\/p>\n","protected":false},"author":22,"featured_media":0,"parent":0,"menu_order":5,"comment_status":"closed","ping_status":"closed","template":"","meta":{"_acf_changed":false,"footnotes":""},"class_list":["post-9","page","type-page","status-publish","hentry"],"acf":[],"yoast_head":"<!-- This site is optimized with the Yoast SEO plugin v27.3 - https:\/\/yoast.com\/product\/yoast-seo-wordpress\/ -->\n<title>Om oss - Sala<\/title>\n<meta name=\"robots\" content=\"index, follow, max-snippet:-1, max-image-preview:large, max-video-preview:-1\" \/>\n<link rel=\"canonical\" href=\"https:\/\/wp.kristdemokraterna.se\/sala\/valkommen-till-kd-i-sala\/\" \/>\n<meta property=\"og:locale\" content=\"sv_SE\" \/>\n<meta property=\"og:type\" content=\"article\" \/>\n<meta property=\"og:title\" content=\"Om oss - Sala\" \/>\n<meta property=\"og:description\" content=\"Kristdemokraterna arbetar f\u00f6r ett samh\u00e4lle d\u00e4r fler tar ansvar och bryr sig om varandra. V\u00e5ra mest prioriterade omr\u00e5den \u00e4r barn och ungas uppv\u00e4xtvillkor, valfrihet och r\u00e4ttvisa f\u00f6r familjen, en v\u00e4rdig v\u00e5rd och omsorg samt ett blomstrande n\u00e4ringsliv. Vi s\u00e4tter barn och ungas uppv\u00e4xtvillkor i fokus f\u00f6r all politik och vill g\u00f6ra Sala till v\u00e4rldens b\u00e4sta Read More\" \/>\n<meta property=\"og:url\" content=\"https:\/\/wp.kristdemokraterna.se\/sala\/valkommen-till-kd-i-sala\/\" \/>\n<meta property=\"og:site_name\" content=\"Sala\" \/>\n<meta property=\"article:modified_time\" content=\"2022-08-08T22:06:41+00:00\" \/>\n<meta name=\"twitter:card\" content=\"summary_large_image\" \/>\n<meta name=\"twitter:label1\" content=\"Ber\u00e4knad l\u00e4stid\" \/>\n\t<meta name=\"twitter:data1\" content=\"1 minut\" \/>\n<script type=\"application\/ld+json\" class=\"yoast-schema-graph\">{\"@context\":\"https:\\\/\\\/schema.org\",\"@graph\":[{\"@type\":\"WebPage\",\"@id\":\"https:\\\/\\\/wp.kristdemokraterna.se\\\/sala\\\/valkommen-till-kd-i-sala\\\/\",\"url\":\"https:\\\/\\\/wp.kristdemokraterna.se\\\/sala\\\/valkommen-till-kd-i-sala\\\/\",\"name\":\"Om oss - Sala\",\"isPartOf\":{\"@id\":\"https:\\\/\\\/wp.kristdemokraterna.se\\\/sala\\\/#website\"},\"datePublished\":\"2014-06-16T07:54:22+00:00\",\"dateModified\":\"2022-08-08T22:06:41+00:00\",\"breadcrumb\":{\"@id\":\"https:\\\/\\\/wp.kristdemokraterna.se\\\/sala\\\/valkommen-till-kd-i-sala\\\/#breadcrumb\"},\"inLanguage\":\"sv-SE\",\"potentialAction\":[{\"@type\":\"ReadAction\",\"target\":[\"https:\\\/\\\/wp.kristdemokraterna.se\\\/sala\\\/valkommen-till-kd-i-sala\\\/\"]}]},{\"@type\":\"BreadcrumbList\",\"@id\":\"https:\\\/\\\/wp.kristdemokraterna.se\\\/sala\\\/valkommen-till-kd-i-sala\\\/#breadcrumb\",\"itemListElement\":[{\"@type\":\"ListItem\",\"position\":1,\"name\":\"Hem\",\"item\":\"https:\\\/\\\/wp.kristdemokraterna.se\\\/sala\\\/\"},{\"@type\":\"ListItem\",\"position\":2,\"name\":\"Om oss\"}]},{\"@type\":\"WebSite\",\"@id\":\"https:\\\/\\\/wp.kristdemokraterna.se\\\/sala\\\/#website\",\"url\":\"https:\\\/\\\/wp.kristdemokraterna.se\\\/sala\\\/\",\"name\":\"Sala\",\"description\":\"F\u00f6r en tryggare uppv\u00e4xt f\u00f6r barnen!\",\"inLanguage\":\"sv-SE\"}]}<\/script>\n<!-- \/ Yoast SEO plugin. -->","yoast_head_json":{"title":"Om oss - Sala","robots":{"index":"index","follow":"follow","max-snippet":"max-snippet:-1","max-image-preview":"max-image-preview:large","max-video-preview":"max-video-preview:-1"},"canonical":"https:\/\/wp.kristdemokraterna.se\/sala\/valkommen-till-kd-i-sala\/","og_locale":"sv_SE","og_type":"article","og_title":"Om oss - Sala","og_description":"Kristdemokraterna arbetar f\u00f6r ett samh\u00e4lle d\u00e4r fler tar ansvar och bryr sig om varandra. V\u00e5ra mest prioriterade omr\u00e5den \u00e4r barn och ungas uppv\u00e4xtvillkor, valfrihet och r\u00e4ttvisa f\u00f6r familjen, en v\u00e4rdig v\u00e5rd och omsorg samt ett blomstrande n\u00e4ringsliv. Vi s\u00e4tter barn och ungas uppv\u00e4xtvillkor i fokus f\u00f6r all politik och vill g\u00f6ra Sala till v\u00e4rldens b\u00e4sta Read More","og_url":"https:\/\/wp.kristdemokraterna.se\/sala\/valkommen-till-kd-i-sala\/","og_site_name":"Sala","article_modified_time":"2022-08-08T22:06:41+00:00","twitter_card":"summary_large_image","twitter_misc":{"Ber\u00e4knad l\u00e4stid":"1 minut"},"schema":{"@context":"https:\/\/schema.org","@graph":[{"@type":"WebPage","@id":"https:\/\/wp.kristdemokraterna.se\/sala\/valkommen-till-kd-i-sala\/","url":"https:\/\/wp.kristdemokraterna.se\/sala\/valkommen-till-kd-i-sala\/","name":"Om oss - Sala","isPartOf":{"@id":"https:\/\/wp.kristdemokraterna.se\/sala\/#website"},"datePublished":"2014-06-16T07:54:22+00:00","dateModified":"2022-08-08T22:06:41+00:00","breadcrumb":{"@id":"https:\/\/wp.kristdemokraterna.se\/sala\/valkommen-till-kd-i-sala\/#breadcrumb"},"inLanguage":"sv-SE","potentialAction":[{"@type":"ReadAction","target":["https:\/\/wp.kristdemokraterna.se\/sala\/valkommen-till-kd-i-sala\/"]}]},{"@type":"BreadcrumbList","@id":"https:\/\/wp.kristdemokraterna.se\/sala\/valkommen-till-kd-i-sala\/#breadcrumb","itemListElement":[{"@type":"ListItem","position":1,"name":"Hem","item":"https:\/\/wp.kristdemokraterna.se\/sala\/"},{"@type":"ListItem","position":2,"name":"Om oss"}]},{"@type":"WebSite","@id":"https:\/\/wp.kristdemokraterna.se\/sala\/#website","url":"https:\/\/wp.kristdemokraterna.se\/sala\/","name":"Sala","description":"F\u00f6r en tryggare uppv\u00e4xt f\u00f6r barnen!","inLanguage":"sv-SE"}]}},"_links":{"self":[{"href":"https:\/\/wp.kristdemokraterna.se\/sala\/wp-json\/wp\/v2\/pages\/9","targetHints":{"allow":["GET"]}}],"collection":[{"href":"https:\/\/wp.kristdemokraterna.se\/sala\/wp-json\/wp\/v2\/pages"}],"about":[{"href":"https:\/\/wp.kristdemokraterna.se\/sala\/wp-json\/wp\/v2\/types\/page"}],"author":[{"embeddable":true,"href":"https:\/\/wp.kristdemokraterna.se\/sala\/wp-json\/wp\/v2\/users\/22"}],"replies":[{"embeddable":true,"href":"https:\/\/wp.kristdemokraterna.se\/sala\/wp-json\/wp\/v2\/comments?post=9"}],"version-history":[{"count":6,"href":"https:\/\/wp.kristdemokraterna.se\/sala\/wp-json\/wp\/v2\/pages\/9\/revisions"}],"predecessor-version":[{"id":128,"href":"https:\/\/wp.kristdemokraterna.se\/sala\/wp-json\/wp\/v2\/pages\/9\/revisions\/128"}],"wp:attachment":[{"href":"https:\/\/wp.kristdemokraterna.se\/sala\/wp-json\/wp\/v2\/media?parent=9"}],"curies":[{"name":"wp","href":"https:\/\/api.w.org\/{rel}","templated":true}]}}