{"id":31,"date":"2016-04-27T13:54:57","date_gmt":"2016-04-27T11:54:57","guid":{"rendered":"http:\/\/wp.kristdemokraterna.se\/salem\/?page_id=31"},"modified":"2024-03-01T20:10:46","modified_gmt":"2024-03-01T19:10:46","slug":"styrelsen","status":"publish","type":"page","link":"https:\/\/wp.kristdemokraterna.se\/salem\/styrelsen\/","title":{"rendered":"Partiavdelningen"},"content":{"rendered":"<p><strong>Pernilla Schubert\u00a0<\/strong>Ordf\u00f6rande\/ Gruppledare<\/p>\n<p><strong>Torbj\u00f6rn Schubert\u00a0<\/strong>Vice ordf\u00f6rande<\/p>\n<p><strong>Jonathan Gomez\u00a0<\/strong>Andre vice ordf\u00f6rande\/ Politisk sekreterare<\/p>\n<p><strong>Annika Jennersj\u00f6 <\/strong>Ledamot i styrelsen<\/p>\n<p><strong>Bo Johansson <\/strong>Ledamot i styrelsen<\/p>\n<p><strong>Agneta Ahlstr\u00f6m\u00a0<\/strong>Ledamot i styrelsen<\/p>\n<p><strong>Lana Andersson Nilsson\u00a0<\/strong>Ledamot i styrelsen<\/p>\n<p><b>Maria Mousa <\/b>Ers\u00e4ttare i styrelsen<\/p>\n<p><strong>Bengt Andersson<\/strong> Ers\u00e4ttare i styrelsen<\/p>\n<p><strong>H\u00e5kan Paulsson\u00a0<\/strong>Ers\u00e4ttare i styrelsen<\/p>\n<p><strong>Isak Can\u00a0<\/strong>Ers\u00e4ttare i styrelsen<\/p>\n<p><strong>Cristina Bienerfeldt\u00a0<\/strong>Ers\u00e4ttare i styrelsen<\/p>\n<p>&nbsp;<\/p>\n<p><strong>Kommunfullm\u00e4ktige<\/strong>: Pernilla Schubert (ledamot), Annika Jennersj\u00f6 (ers\u00e4ttare), Maria Mousa (ers\u00e4ttare)<\/p>\n<p><strong>Kommunstyrelsen<\/strong>\u00a0Pernilla Schubert (ers\u00e4ttare), Annika Jennersj\u00f6 (ers\u00e4ttare)<\/p>\n<p><strong>Barn och utbildningsn\u00e4mnden <\/strong>Pernilla Schubert (ledamot\/gruppledare)<\/p>\n<p><strong>Kultur och fritidsn\u00e4mnden<\/strong> Jonathan Gomez (ers\u00e4ttare)<\/p>\n<p><strong>Socialn\u00e4mnden<\/strong> Romero Cruz Polanco (ers\u00e4ttare)<\/p>\n<p><strong>Bygg och milj\u00f6n\u00e4mnden<\/strong> Torbj\u00f6rn Schubert (ers\u00e4ttare)<\/p>\n<p><strong>Teknikn\u00e4mnden<\/strong> Torbj\u00f6rn Schubert (ers\u00e4ttare)<\/p>\n<p><strong>Valn\u00e4mnden<\/strong> Bo Johansson (Ordinarie\/gruppledare)<\/p>\n<p><strong>Krisledningsn\u00e4mnden<\/strong> Pernilla Schubert (ers\u00e4ttare)<\/p>\n<p>&nbsp;<\/p>\n<p>&nbsp;<\/p>\n","protected":false},"excerpt":{"rendered":"<p>Pernilla Schubert\u00a0Ordf\u00f6rande\/ Gruppledare Torbj\u00f6rn Schubert\u00a0Vice ordf\u00f6rande Jonathan Gomez\u00a0Andre vice ordf\u00f6rande\/ Politisk sekreterare Annika Jennersj\u00f6 Ledamot i styrelsen Bo Johansson Ledamot i styrelsen Agneta Ahlstr\u00f6m\u00a0Ledamot i styrelsen Lana Andersson Nilsson\u00a0Ledamot i styrelsen Maria Mousa Ers\u00e4ttare i styrelsen Bengt Andersson Ers\u00e4ttare i styrelsen H\u00e5kan Paulsson\u00a0Ers\u00e4ttare i styrelsen Isak Can\u00a0Ers\u00e4ttare i styrelsen Cristina Bienerfeldt\u00a0Ers\u00e4ttare i styrelsen &nbsp; Kommunfullm\u00e4ktige: <a class=\"read-more-link\" href=\"https:\/\/wp.kristdemokraterna.se\/salem\/styrelsen\/\">Read More<\/a><\/p>\n","protected":false},"author":821,"featured_media":0,"parent":0,"menu_order":0,"comment_status":"closed","ping_status":"closed","template":"","meta":{"_acf_changed":false,"footnotes":""},"class_list":["post-31","page","type-page","status-publish","hentry"],"acf":[],"yoast_head":"<!-- This site is optimized with the Yoast SEO plugin v27.5 - https:\/\/yoast.com\/product\/yoast-seo-wordpress\/ -->\n<title>Partiavdelningen - KD i Salem<\/title>\n<meta name=\"robots\" content=\"index, follow, max-snippet:-1, max-image-preview:large, max-video-preview:-1\" \/>\n<link rel=\"canonical\" href=\"https:\/\/wp.kristdemokraterna.se\/salem\/styrelsen\/\" \/>\n<meta property=\"og:locale\" content=\"sv_SE\" \/>\n<meta property=\"og:type\" content=\"article\" \/>\n<meta property=\"og:title\" content=\"Partiavdelningen - KD i Salem\" \/>\n<meta property=\"og:description\" content=\"Pernilla Schubert\u00a0Ordf\u00f6rande\/ Gruppledare Torbj\u00f6rn Schubert\u00a0Vice ordf\u00f6rande Jonathan Gomez\u00a0Andre vice ordf\u00f6rande\/ Politisk sekreterare Annika Jennersj\u00f6 Ledamot i styrelsen Bo Johansson Ledamot i styrelsen Agneta Ahlstr\u00f6m\u00a0Ledamot i styrelsen Lana Andersson Nilsson\u00a0Ledamot i styrelsen Maria Mousa Ers\u00e4ttare i styrelsen Bengt Andersson Ers\u00e4ttare i styrelsen H\u00e5kan Paulsson\u00a0Ers\u00e4ttare i styrelsen Isak Can\u00a0Ers\u00e4ttare i styrelsen Cristina Bienerfeldt\u00a0Ers\u00e4ttare i styrelsen &nbsp; Kommunfullm\u00e4ktige: Read More\" \/>\n<meta property=\"og:url\" content=\"https:\/\/wp.kristdemokraterna.se\/salem\/styrelsen\/\" \/>\n<meta property=\"og:site_name\" content=\"KD i Salem\" \/>\n<meta property=\"article:modified_time\" content=\"2024-03-01T19:10:46+00:00\" \/>\n<meta name=\"twitter:card\" content=\"summary_large_image\" \/>\n<meta name=\"twitter:label1\" content=\"Ber\u00e4knad l\u00e4stid\" \/>\n\t<meta name=\"twitter:data1\" content=\"1 minut\" \/>\n<script type=\"application\/ld+json\" class=\"yoast-schema-graph\">{\"@context\":\"https:\\\/\\\/schema.org\",\"@graph\":[{\"@type\":\"WebPage\",\"@id\":\"https:\\\/\\\/wp.kristdemokraterna.se\\\/salem\\\/styrelsen\\\/\",\"url\":\"https:\\\/\\\/wp.kristdemokraterna.se\\\/salem\\\/styrelsen\\\/\",\"name\":\"Partiavdelningen - KD i Salem\",\"isPartOf\":{\"@id\":\"https:\\\/\\\/wp.kristdemokraterna.se\\\/salem\\\/#website\"},\"datePublished\":\"2016-04-27T11:54:57+00:00\",\"dateModified\":\"2024-03-01T19:10:46+00:00\",\"breadcrumb\":{\"@id\":\"https:\\\/\\\/wp.kristdemokraterna.se\\\/salem\\\/styrelsen\\\/#breadcrumb\"},\"inLanguage\":\"sv-SE\",\"potentialAction\":[{\"@type\":\"ReadAction\",\"target\":[\"https:\\\/\\\/wp.kristdemokraterna.se\\\/salem\\\/styrelsen\\\/\"]}]},{\"@type\":\"BreadcrumbList\",\"@id\":\"https:\\\/\\\/wp.kristdemokraterna.se\\\/salem\\\/styrelsen\\\/#breadcrumb\",\"itemListElement\":[{\"@type\":\"ListItem\",\"position\":1,\"name\":\"Hem\",\"item\":\"https:\\\/\\\/wp.kristdemokraterna.se\\\/salem\\\/\"},{\"@type\":\"ListItem\",\"position\":2,\"name\":\"Partiavdelningen\"}]},{\"@type\":\"WebSite\",\"@id\":\"https:\\\/\\\/wp.kristdemokraterna.se\\\/salem\\\/#website\",\"url\":\"https:\\\/\\\/wp.kristdemokraterna.se\\\/salem\\\/\",\"name\":\"KD i Salem\",\"description\":\"\",\"inLanguage\":\"sv-SE\"}]}<\/script>\n<!-- \/ Yoast SEO plugin. -->","yoast_head_json":{"title":"Partiavdelningen - KD i Salem","robots":{"index":"index","follow":"follow","max-snippet":"max-snippet:-1","max-image-preview":"max-image-preview:large","max-video-preview":"max-video-preview:-1"},"canonical":"https:\/\/wp.kristdemokraterna.se\/salem\/styrelsen\/","og_locale":"sv_SE","og_type":"article","og_title":"Partiavdelningen - KD i Salem","og_description":"Pernilla Schubert\u00a0Ordf\u00f6rande\/ Gruppledare Torbj\u00f6rn Schubert\u00a0Vice ordf\u00f6rande Jonathan Gomez\u00a0Andre vice ordf\u00f6rande\/ Politisk sekreterare Annika Jennersj\u00f6 Ledamot i styrelsen Bo Johansson Ledamot i styrelsen Agneta Ahlstr\u00f6m\u00a0Ledamot i styrelsen Lana Andersson Nilsson\u00a0Ledamot i styrelsen Maria Mousa Ers\u00e4ttare i styrelsen Bengt Andersson Ers\u00e4ttare i styrelsen H\u00e5kan Paulsson\u00a0Ers\u00e4ttare i styrelsen Isak Can\u00a0Ers\u00e4ttare i styrelsen Cristina Bienerfeldt\u00a0Ers\u00e4ttare i styrelsen &nbsp; Kommunfullm\u00e4ktige: Read More","og_url":"https:\/\/wp.kristdemokraterna.se\/salem\/styrelsen\/","og_site_name":"KD i Salem","article_modified_time":"2024-03-01T19:10:46+00:00","twitter_card":"summary_large_image","twitter_misc":{"Ber\u00e4knad l\u00e4stid":"1 minut"},"schema":{"@context":"https:\/\/schema.org","@graph":[{"@type":"WebPage","@id":"https:\/\/wp.kristdemokraterna.se\/salem\/styrelsen\/","url":"https:\/\/wp.kristdemokraterna.se\/salem\/styrelsen\/","name":"Partiavdelningen - KD i Salem","isPartOf":{"@id":"https:\/\/wp.kristdemokraterna.se\/salem\/#website"},"datePublished":"2016-04-27T11:54:57+00:00","dateModified":"2024-03-01T19:10:46+00:00","breadcrumb":{"@id":"https:\/\/wp.kristdemokraterna.se\/salem\/styrelsen\/#breadcrumb"},"inLanguage":"sv-SE","potentialAction":[{"@type":"ReadAction","target":["https:\/\/wp.kristdemokraterna.se\/salem\/styrelsen\/"]}]},{"@type":"BreadcrumbList","@id":"https:\/\/wp.kristdemokraterna.se\/salem\/styrelsen\/#breadcrumb","itemListElement":[{"@type":"ListItem","position":1,"name":"Hem","item":"https:\/\/wp.kristdemokraterna.se\/salem\/"},{"@type":"ListItem","position":2,"name":"Partiavdelningen"}]},{"@type":"WebSite","@id":"https:\/\/wp.kristdemokraterna.se\/salem\/#website","url":"https:\/\/wp.kristdemokraterna.se\/salem\/","name":"KD i Salem","description":"","inLanguage":"sv-SE"}]}},"_links":{"self":[{"href":"https:\/\/wp.kristdemokraterna.se\/salem\/wp-json\/wp\/v2\/pages\/31","targetHints":{"allow":["GET"]}}],"collection":[{"href":"https:\/\/wp.kristdemokraterna.se\/salem\/wp-json\/wp\/v2\/pages"}],"about":[{"href":"https:\/\/wp.kristdemokraterna.se\/salem\/wp-json\/wp\/v2\/types\/page"}],"author":[{"embeddable":true,"href":"https:\/\/wp.kristdemokraterna.se\/salem\/wp-json\/wp\/v2\/users\/821"}],"replies":[{"embeddable":true,"href":"https:\/\/wp.kristdemokraterna.se\/salem\/wp-json\/wp\/v2\/comments?post=31"}],"version-history":[{"count":14,"href":"https:\/\/wp.kristdemokraterna.se\/salem\/wp-json\/wp\/v2\/pages\/31\/revisions"}],"predecessor-version":[{"id":400,"href":"https:\/\/wp.kristdemokraterna.se\/salem\/wp-json\/wp\/v2\/pages\/31\/revisions\/400"}],"wp:attachment":[{"href":"https:\/\/wp.kristdemokraterna.se\/salem\/wp-json\/wp\/v2\/media?parent=31"}],"curies":[{"name":"wp","href":"https:\/\/api.w.org\/{rel}","templated":true}]}}