{"id":37,"date":"2016-04-27T13:56:27","date_gmt":"2016-04-27T11:56:27","guid":{"rendered":"http:\/\/wp.kristdemokraterna.se\/salem\/?page_id=37"},"modified":"2016-04-27T14:17:31","modified_gmt":"2016-04-27T12:17:31","slug":"var-politik","status":"publish","type":"page","link":"https:\/\/wp.kristdemokraterna.se\/salem\/var-politik\/","title":{"rendered":"V\u00e5r politik"},"content":{"rendered":"<h3><strong>Kristdemokraternas viktigaste fr\u00e5gor:<\/strong><\/h3>\n<p>B\u00e4ttre f\u00f6r barn och familjer<br \/>\nTrygga familjer ger barn goda f\u00f6ruts\u00e4ttningar att klara livets olika utmaningar. Vi vill familjes\u00e4kra politiken, att alla politiska beslut ska analyseras utifr\u00e5n vilka konsekvenser de f\u00e5r f\u00f6r familjer och n\u00e4ra relationer.<\/p>\n<p>Vi vill:<br \/>\n\u2022 F\u00f6rb\u00e4ttra f\u00f6r barn och familjer genom att minska barngruppernas storlek i f\u00f6rskolan och p\u00e5 fritids och \u00f6ka familjers valfrihet att v\u00e4lja barnomsorg. Inf\u00f6ra en barnomsorgspeng \u00e4ven f\u00f6r f\u00f6r\u00e4ldrar som sj\u00e4lva har hand om omsorgen f\u00f6r sina barn.<br \/>\n\u2022 F\u00f6rb\u00e4ttra st\u00f6det till ekonomiskt svaga barnfamiljer.<br \/>\n\u2022\u00a0Inf\u00f6ra en flexiblare f\u00f6r\u00e4ldraf\u00f6rs\u00e4kring s\u00e5 att barnen f\u00e5r mer tid med sina f\u00f6r\u00e4ldrar och f\u00f6rb\u00e4ttra st\u00f6det till ton\u00e5rsf\u00f6r\u00e4ldrar. Vi s\u00e4ger nej till kvotering.<\/p>\n<p>En god \u00e4ldreomsorg<br \/>\n\u00c4ldre personer ska f\u00e5 leva ett v\u00e4rdigt liv och k\u00e4nna v\u00e4lbefinnande. Vi m\u00e5ste v\u00e4rna deras r\u00e4tt att best\u00e4mma \u00f6ver sitt eget liv s\u00e5 l\u00e5ngt det \u00e4r m\u00f6jligt. De har erfarenhet och kunskap som ska tas tillvara.<\/p>\n<p>Vi vill:<br \/>\n\u2022 \u00d6ka \u00e4ldres sj\u00e4lvbest\u00e4mmande genom att ge personer \u00f6ver 85 \u00e5r r\u00e4tt till \u00e4ldreboende utan bist\u00e5ndsbed\u00f6mning och inf\u00f6ra r\u00e4tt att v\u00e4lja \u00e4ldreomsorg var man \u00e4n bor i landet.<br \/>\n\u2022 Utveckla kvaliteten i \u00e4ldreomsorgen bland annat genom att f\u00f6rb\u00e4ttra maten och m\u00e5ltidssituationen inom \u00e4ldreomsorgen.<br \/>\n\u2022\u00a0Forts\u00e4tta s\u00e4nka skatten f\u00f6r pension\u00e4rer n\u00e4r ekonomin till\u00e5ter.<\/p>\n<h3>God och likv\u00e4rdig v\u00e5rd i hela Sverige<\/h3>\n<p>Den som \u00e4r sjuk har r\u00e4tt till god sjukv\u00e5rd, var man \u00e4n bor i landet.\u00a0V\u00e5rden m\u00e5ste utg\u00e5 fr\u00e5n m\u00e4nniskors olika behov och erfarenheter.<\/p>\n<p>Vi vill:<br \/>\n\u2022 Att staten tar \u00f6ver ansvaret f\u00f6r sjukhusv\u00e5rden s\u00e5 att varje patient f\u00e5r en god och j\u00e4mlik v\u00e5rd.<br \/>\n\u2022 Korta v\u00e5rdk\u00f6erna generellt och inr\u00e4tta en v\u00e5rdplatsgaranti. Vi vill ocks\u00e5 s\u00e4rskilt satsa 500 miljoner per \u00e5r p\u00e5 f\u00f6rb\u00e4ttrad cancerv\u00e5rd.<br \/>\n\u2022 F\u00f6rb\u00e4ttra ungas psykiska h\u00e4lsa genom att satsa p\u00e5 elevh\u00e4lsov\u00e5rden, \u00f6ka st\u00f6det till ton\u00e5rsf\u00f6r\u00e4ldrar och korta k\u00f6erna till barn- och ungdomspsykiatrin.<\/p>\n<h3>B\u00e4ttre f\u00f6retagsklimat f\u00f6r fler jobb<\/h3>\n<p>Det privata n\u00e4ringslivet och entrepren\u00f6rskapet \u00e4r grunden f\u00f6r Sveriges v\u00e4lf\u00e4rd. Nya jobb kan inte kommenderas fram av politiker. De skapas n\u00e4r enskilda m\u00e4nniskor finner det m\u00f6dan v\u00e4rt att starta eller utveckla ett f\u00f6retag.<\/p>\n<p>Vi vill:<br \/>\n\u2022 Forts\u00e4tta att f\u00f6renkla f\u00f6r f\u00f6retag att starta och anst\u00e4lla personal bland annat genom att minska f\u00f6retagens sjukl\u00f6nekostnader och utveckla RUT- och ROT-avdragen.<br \/>\n\u2022 Ha kvar s\u00e4nkta arbetsgivaravgifter f\u00f6r unga, s\u00e4nkt restaurangmoms och s\u00e4nkt skatt p\u00e5 arbete.\u00a0Vi vill ocks\u00e5 \u00f6ka tryggheten vid arbetsl\u00f6shet.<br \/>\n\u2022\u00a0St\u00e4rka ungdomars m\u00f6jlighet att f\u00e5 jobb, bland annat genom att inf\u00f6ra en l\u00e4rlingsanst\u00e4llningsform.<\/p>\n","protected":false},"excerpt":{"rendered":"<p>Kristdemokraternas viktigaste fr\u00e5gor: B\u00e4ttre f\u00f6r barn och familjer Trygga familjer ger barn goda f\u00f6ruts\u00e4ttningar att klara livets olika utmaningar. Vi vill familjes\u00e4kra politiken, att alla politiska beslut ska analyseras utifr\u00e5n vilka konsekvenser de f\u00e5r f\u00f6r familjer och n\u00e4ra relationer. Vi vill: \u2022 F\u00f6rb\u00e4ttra f\u00f6r barn och familjer genom att minska barngruppernas storlek i f\u00f6rskolan och <a class=\"read-more-link\" href=\"https:\/\/wp.kristdemokraterna.se\/salem\/var-politik\/\">Read More<\/a><\/p>\n","protected":false},"author":821,"featured_media":0,"parent":0,"menu_order":0,"comment_status":"closed","ping_status":"closed","template":"","meta":{"_acf_changed":false,"footnotes":""},"class_list":["post-37","page","type-page","status-publish","hentry"],"acf":[],"yoast_head":"<!-- This site is optimized with the Yoast SEO plugin v27.3 - https:\/\/yoast.com\/product\/yoast-seo-wordpress\/ -->\n<title>V\u00e5r politik - KD i Salem<\/title>\n<meta name=\"robots\" content=\"index, follow, max-snippet:-1, max-image-preview:large, max-video-preview:-1\" \/>\n<link rel=\"canonical\" href=\"https:\/\/wp.kristdemokraterna.se\/salem\/var-politik\/\" \/>\n<meta property=\"og:locale\" content=\"sv_SE\" \/>\n<meta property=\"og:type\" content=\"article\" \/>\n<meta property=\"og:title\" content=\"V\u00e5r politik - KD i Salem\" \/>\n<meta property=\"og:description\" content=\"Kristdemokraternas viktigaste fr\u00e5gor: B\u00e4ttre f\u00f6r barn och familjer Trygga familjer ger barn goda f\u00f6ruts\u00e4ttningar att klara livets olika utmaningar. Vi vill familjes\u00e4kra politiken, att alla politiska beslut ska analyseras utifr\u00e5n vilka konsekvenser de f\u00e5r f\u00f6r familjer och n\u00e4ra relationer. Vi vill: \u2022 F\u00f6rb\u00e4ttra f\u00f6r barn och familjer genom att minska barngruppernas storlek i f\u00f6rskolan och Read More\" \/>\n<meta property=\"og:url\" content=\"https:\/\/wp.kristdemokraterna.se\/salem\/var-politik\/\" \/>\n<meta property=\"og:site_name\" content=\"KD i Salem\" \/>\n<meta property=\"article:modified_time\" content=\"2016-04-27T12:17:31+00:00\" \/>\n<meta name=\"twitter:card\" content=\"summary_large_image\" \/>\n<meta name=\"twitter:label1\" content=\"Ber\u00e4knad l\u00e4stid\" \/>\n\t<meta name=\"twitter:data1\" content=\"3 minuter\" \/>\n<script type=\"application\/ld+json\" class=\"yoast-schema-graph\">{\"@context\":\"https:\\\/\\\/schema.org\",\"@graph\":[{\"@type\":\"WebPage\",\"@id\":\"https:\\\/\\\/wp.kristdemokraterna.se\\\/salem\\\/var-politik\\\/\",\"url\":\"https:\\\/\\\/wp.kristdemokraterna.se\\\/salem\\\/var-politik\\\/\",\"name\":\"V\u00e5r politik - KD i Salem\",\"isPartOf\":{\"@id\":\"https:\\\/\\\/wp.kristdemokraterna.se\\\/salem\\\/#website\"},\"datePublished\":\"2016-04-27T11:56:27+00:00\",\"dateModified\":\"2016-04-27T12:17:31+00:00\",\"breadcrumb\":{\"@id\":\"https:\\\/\\\/wp.kristdemokraterna.se\\\/salem\\\/var-politik\\\/#breadcrumb\"},\"inLanguage\":\"sv-SE\",\"potentialAction\":[{\"@type\":\"ReadAction\",\"target\":[\"https:\\\/\\\/wp.kristdemokraterna.se\\\/salem\\\/var-politik\\\/\"]}]},{\"@type\":\"BreadcrumbList\",\"@id\":\"https:\\\/\\\/wp.kristdemokraterna.se\\\/salem\\\/var-politik\\\/#breadcrumb\",\"itemListElement\":[{\"@type\":\"ListItem\",\"position\":1,\"name\":\"Hem\",\"item\":\"https:\\\/\\\/wp.kristdemokraterna.se\\\/salem\\\/\"},{\"@type\":\"ListItem\",\"position\":2,\"name\":\"V\u00e5r politik\"}]},{\"@type\":\"WebSite\",\"@id\":\"https:\\\/\\\/wp.kristdemokraterna.se\\\/salem\\\/#website\",\"url\":\"https:\\\/\\\/wp.kristdemokraterna.se\\\/salem\\\/\",\"name\":\"KD i Salem\",\"description\":\"\",\"inLanguage\":\"sv-SE\"}]}<\/script>\n<!-- \/ Yoast SEO plugin. -->","yoast_head_json":{"title":"V\u00e5r politik - KD i Salem","robots":{"index":"index","follow":"follow","max-snippet":"max-snippet:-1","max-image-preview":"max-image-preview:large","max-video-preview":"max-video-preview:-1"},"canonical":"https:\/\/wp.kristdemokraterna.se\/salem\/var-politik\/","og_locale":"sv_SE","og_type":"article","og_title":"V\u00e5r politik - KD i Salem","og_description":"Kristdemokraternas viktigaste fr\u00e5gor: B\u00e4ttre f\u00f6r barn och familjer Trygga familjer ger barn goda f\u00f6ruts\u00e4ttningar att klara livets olika utmaningar. Vi vill familjes\u00e4kra politiken, att alla politiska beslut ska analyseras utifr\u00e5n vilka konsekvenser de f\u00e5r f\u00f6r familjer och n\u00e4ra relationer. Vi vill: \u2022 F\u00f6rb\u00e4ttra f\u00f6r barn och familjer genom att minska barngruppernas storlek i f\u00f6rskolan och Read More","og_url":"https:\/\/wp.kristdemokraterna.se\/salem\/var-politik\/","og_site_name":"KD i Salem","article_modified_time":"2016-04-27T12:17:31+00:00","twitter_card":"summary_large_image","twitter_misc":{"Ber\u00e4knad l\u00e4stid":"3 minuter"},"schema":{"@context":"https:\/\/schema.org","@graph":[{"@type":"WebPage","@id":"https:\/\/wp.kristdemokraterna.se\/salem\/var-politik\/","url":"https:\/\/wp.kristdemokraterna.se\/salem\/var-politik\/","name":"V\u00e5r politik - KD i Salem","isPartOf":{"@id":"https:\/\/wp.kristdemokraterna.se\/salem\/#website"},"datePublished":"2016-04-27T11:56:27+00:00","dateModified":"2016-04-27T12:17:31+00:00","breadcrumb":{"@id":"https:\/\/wp.kristdemokraterna.se\/salem\/var-politik\/#breadcrumb"},"inLanguage":"sv-SE","potentialAction":[{"@type":"ReadAction","target":["https:\/\/wp.kristdemokraterna.se\/salem\/var-politik\/"]}]},{"@type":"BreadcrumbList","@id":"https:\/\/wp.kristdemokraterna.se\/salem\/var-politik\/#breadcrumb","itemListElement":[{"@type":"ListItem","position":1,"name":"Hem","item":"https:\/\/wp.kristdemokraterna.se\/salem\/"},{"@type":"ListItem","position":2,"name":"V\u00e5r politik"}]},{"@type":"WebSite","@id":"https:\/\/wp.kristdemokraterna.se\/salem\/#website","url":"https:\/\/wp.kristdemokraterna.se\/salem\/","name":"KD i Salem","description":"","inLanguage":"sv-SE"}]}},"_links":{"self":[{"href":"https:\/\/wp.kristdemokraterna.se\/salem\/wp-json\/wp\/v2\/pages\/37","targetHints":{"allow":["GET"]}}],"collection":[{"href":"https:\/\/wp.kristdemokraterna.se\/salem\/wp-json\/wp\/v2\/pages"}],"about":[{"href":"https:\/\/wp.kristdemokraterna.se\/salem\/wp-json\/wp\/v2\/types\/page"}],"author":[{"embeddable":true,"href":"https:\/\/wp.kristdemokraterna.se\/salem\/wp-json\/wp\/v2\/users\/821"}],"replies":[{"embeddable":true,"href":"https:\/\/wp.kristdemokraterna.se\/salem\/wp-json\/wp\/v2\/comments?post=37"}],"version-history":[{"count":4,"href":"https:\/\/wp.kristdemokraterna.se\/salem\/wp-json\/wp\/v2\/pages\/37\/revisions"}],"predecessor-version":[{"id":69,"href":"https:\/\/wp.kristdemokraterna.se\/salem\/wp-json\/wp\/v2\/pages\/37\/revisions\/69"}],"wp:attachment":[{"href":"https:\/\/wp.kristdemokraterna.se\/salem\/wp-json\/wp\/v2\/media?parent=37"}],"curies":[{"name":"wp","href":"https:\/\/api.w.org\/{rel}","templated":true}]}}