{"id":372,"date":"2024-02-28T21:54:09","date_gmt":"2024-02-28T20:54:09","guid":{"rendered":"https:\/\/wp.kristdemokraterna.se\/salem\/?page_id=372"},"modified":"2024-02-28T21:54:09","modified_gmt":"2024-02-28T20:54:09","slug":"engagera-dig","status":"publish","type":"page","link":"https:\/\/wp.kristdemokraterna.se\/salem\/engagera-dig\/","title":{"rendered":"Engagera dig"},"content":{"rendered":"<p>Vi beh\u00f6ver medborgare som med beslutsamhet och vilja g\u00e5r med i v\u00e5r r\u00f6relse. Som \u00e4r beredda att agera och engagera sig f\u00f6r de som inte sj\u00e4lva f\u00f6rm\u00e5r. Om du delar v\u00e5ra \u00e5sikter, ta m\u00f6jligheten att g\u00f6ra skillnad f\u00f6r kommunens stora som sm\u00e5 inv\u00e5nare.<\/p>\n","protected":false},"excerpt":{"rendered":"<p>Vi beh\u00f6ver medborgare som med beslutsamhet och vilja g\u00e5r med i v\u00e5r r\u00f6relse. Som \u00e4r beredda att agera och engagera sig f\u00f6r de som inte sj\u00e4lva f\u00f6rm\u00e5r. Om du delar v\u00e5ra \u00e5sikter, ta m\u00f6jligheten att g\u00f6ra skillnad f\u00f6r kommunens stora som sm\u00e5 inv\u00e5nare.<\/p>\n","protected":false},"author":1048,"featured_media":0,"parent":0,"menu_order":0,"comment_status":"closed","ping_status":"closed","template":"","meta":{"_acf_changed":false,"footnotes":""},"class_list":["post-372","page","type-page","status-publish","hentry"],"acf":[],"yoast_head":"<!-- This site is optimized with the Yoast SEO plugin v27.5 - https:\/\/yoast.com\/product\/yoast-seo-wordpress\/ -->\n<title>Engagera dig - KD i Salem<\/title>\n<meta name=\"robots\" content=\"index, follow, max-snippet:-1, max-image-preview:large, max-video-preview:-1\" \/>\n<link rel=\"canonical\" href=\"https:\/\/wp.kristdemokraterna.se\/salem\/engagera-dig\/\" \/>\n<meta property=\"og:locale\" content=\"sv_SE\" \/>\n<meta property=\"og:type\" content=\"article\" \/>\n<meta property=\"og:title\" content=\"Engagera dig - KD i Salem\" \/>\n<meta property=\"og:description\" content=\"Vi beh\u00f6ver medborgare som med beslutsamhet och vilja g\u00e5r med i v\u00e5r r\u00f6relse. Som \u00e4r beredda att agera och engagera sig f\u00f6r de som inte sj\u00e4lva f\u00f6rm\u00e5r. Om du delar v\u00e5ra \u00e5sikter, ta m\u00f6jligheten att g\u00f6ra skillnad f\u00f6r kommunens stora som sm\u00e5 inv\u00e5nare.\" \/>\n<meta property=\"og:url\" content=\"https:\/\/wp.kristdemokraterna.se\/salem\/engagera-dig\/\" \/>\n<meta property=\"og:site_name\" content=\"KD i Salem\" \/>\n<meta name=\"twitter:card\" content=\"summary_large_image\" \/>\n<meta name=\"twitter:label1\" content=\"Ber\u00e4knad l\u00e4stid\" \/>\n\t<meta name=\"twitter:data1\" content=\"1 minut\" \/>\n<script type=\"application\/ld+json\" class=\"yoast-schema-graph\">{\"@context\":\"https:\\\/\\\/schema.org\",\"@graph\":[{\"@type\":\"WebPage\",\"@id\":\"https:\\\/\\\/wp.kristdemokraterna.se\\\/salem\\\/engagera-dig\\\/\",\"url\":\"https:\\\/\\\/wp.kristdemokraterna.se\\\/salem\\\/engagera-dig\\\/\",\"name\":\"Engagera dig - KD i Salem\",\"isPartOf\":{\"@id\":\"https:\\\/\\\/wp.kristdemokraterna.se\\\/salem\\\/#website\"},\"datePublished\":\"2024-02-28T20:54:09+00:00\",\"breadcrumb\":{\"@id\":\"https:\\\/\\\/wp.kristdemokraterna.se\\\/salem\\\/engagera-dig\\\/#breadcrumb\"},\"inLanguage\":\"sv-SE\",\"potentialAction\":[{\"@type\":\"ReadAction\",\"target\":[\"https:\\\/\\\/wp.kristdemokraterna.se\\\/salem\\\/engagera-dig\\\/\"]}]},{\"@type\":\"BreadcrumbList\",\"@id\":\"https:\\\/\\\/wp.kristdemokraterna.se\\\/salem\\\/engagera-dig\\\/#breadcrumb\",\"itemListElement\":[{\"@type\":\"ListItem\",\"position\":1,\"name\":\"Hem\",\"item\":\"https:\\\/\\\/wp.kristdemokraterna.se\\\/salem\\\/\"},{\"@type\":\"ListItem\",\"position\":2,\"name\":\"Engagera dig\"}]},{\"@type\":\"WebSite\",\"@id\":\"https:\\\/\\\/wp.kristdemokraterna.se\\\/salem\\\/#website\",\"url\":\"https:\\\/\\\/wp.kristdemokraterna.se\\\/salem\\\/\",\"name\":\"KD i Salem\",\"description\":\"\",\"inLanguage\":\"sv-SE\"}]}<\/script>\n<!-- \/ Yoast SEO plugin. -->","yoast_head_json":{"title":"Engagera dig - KD i Salem","robots":{"index":"index","follow":"follow","max-snippet":"max-snippet:-1","max-image-preview":"max-image-preview:large","max-video-preview":"max-video-preview:-1"},"canonical":"https:\/\/wp.kristdemokraterna.se\/salem\/engagera-dig\/","og_locale":"sv_SE","og_type":"article","og_title":"Engagera dig - KD i Salem","og_description":"Vi beh\u00f6ver medborgare som med beslutsamhet och vilja g\u00e5r med i v\u00e5r r\u00f6relse. Som \u00e4r beredda att agera och engagera sig f\u00f6r de som inte sj\u00e4lva f\u00f6rm\u00e5r. Om du delar v\u00e5ra \u00e5sikter, ta m\u00f6jligheten att g\u00f6ra skillnad f\u00f6r kommunens stora som sm\u00e5 inv\u00e5nare.","og_url":"https:\/\/wp.kristdemokraterna.se\/salem\/engagera-dig\/","og_site_name":"KD i Salem","twitter_card":"summary_large_image","twitter_misc":{"Ber\u00e4knad l\u00e4stid":"1 minut"},"schema":{"@context":"https:\/\/schema.org","@graph":[{"@type":"WebPage","@id":"https:\/\/wp.kristdemokraterna.se\/salem\/engagera-dig\/","url":"https:\/\/wp.kristdemokraterna.se\/salem\/engagera-dig\/","name":"Engagera dig - KD i Salem","isPartOf":{"@id":"https:\/\/wp.kristdemokraterna.se\/salem\/#website"},"datePublished":"2024-02-28T20:54:09+00:00","breadcrumb":{"@id":"https:\/\/wp.kristdemokraterna.se\/salem\/engagera-dig\/#breadcrumb"},"inLanguage":"sv-SE","potentialAction":[{"@type":"ReadAction","target":["https:\/\/wp.kristdemokraterna.se\/salem\/engagera-dig\/"]}]},{"@type":"BreadcrumbList","@id":"https:\/\/wp.kristdemokraterna.se\/salem\/engagera-dig\/#breadcrumb","itemListElement":[{"@type":"ListItem","position":1,"name":"Hem","item":"https:\/\/wp.kristdemokraterna.se\/salem\/"},{"@type":"ListItem","position":2,"name":"Engagera dig"}]},{"@type":"WebSite","@id":"https:\/\/wp.kristdemokraterna.se\/salem\/#website","url":"https:\/\/wp.kristdemokraterna.se\/salem\/","name":"KD i Salem","description":"","inLanguage":"sv-SE"}]}},"_links":{"self":[{"href":"https:\/\/wp.kristdemokraterna.se\/salem\/wp-json\/wp\/v2\/pages\/372","targetHints":{"allow":["GET"]}}],"collection":[{"href":"https:\/\/wp.kristdemokraterna.se\/salem\/wp-json\/wp\/v2\/pages"}],"about":[{"href":"https:\/\/wp.kristdemokraterna.se\/salem\/wp-json\/wp\/v2\/types\/page"}],"author":[{"embeddable":true,"href":"https:\/\/wp.kristdemokraterna.se\/salem\/wp-json\/wp\/v2\/users\/1048"}],"replies":[{"embeddable":true,"href":"https:\/\/wp.kristdemokraterna.se\/salem\/wp-json\/wp\/v2\/comments?post=372"}],"version-history":[{"count":1,"href":"https:\/\/wp.kristdemokraterna.se\/salem\/wp-json\/wp\/v2\/pages\/372\/revisions"}],"predecessor-version":[{"id":374,"href":"https:\/\/wp.kristdemokraterna.se\/salem\/wp-json\/wp\/v2\/pages\/372\/revisions\/374"}],"wp:attachment":[{"href":"https:\/\/wp.kristdemokraterna.se\/salem\/wp-json\/wp\/v2\/media?parent=372"}],"curies":[{"name":"wp","href":"https:\/\/api.w.org\/{rel}","templated":true}]}}