{"id":391,"date":"2024-02-29T21:47:54","date_gmt":"2024-02-29T20:47:54","guid":{"rendered":"https:\/\/wp.kristdemokraterna.se\/salem\/?page_id=391"},"modified":"2024-02-29T21:51:25","modified_gmt":"2024-02-29T20:51:25","slug":"det-hander","status":"publish","type":"page","link":"https:\/\/wp.kristdemokraterna.se\/salem\/det-hander\/","title":{"rendered":"Det h\u00e4nder!"},"content":{"rendered":"<p><strong>Till\u00e4ggsyrkande ber\u00f6rande reviderad \u00c4ldreplan nedr\u00f6stat!<\/strong><\/p>\n<p>&nbsp;<\/p>\n<p><strong>Detta till\u00e4ggsyrkande fr\u00e5n Pernilla Schubert (KD) ber\u00f6rande n\u00e4sta \u00e5rs revidering av \u00c4ldreplanen r\u00f6stades ner av v\u00e4nsterstyret i Salems kommunfullm\u00e4ktige. V\u00e4nsterstyrets st\u00e4llningstagande i denna viktiga fr\u00e5ga visade prov p\u00e5 ett bristande ledarskap, med ovilja att l\u00e4gga stoltheten \u00e5t sidan och r\u00f6sta f\u00f6r ett oppositionsf\u00f6rslag som hade gynnat kommunens \u00e4ldre.<\/strong><\/p>\n<p style=\"font-weight: 400\"><span style=\"font-weight: 400\"><br \/>\nKommunfullm\u00e4ktige 2024 02 22<\/span><\/p>\n<p>&nbsp;<\/p>\n<p style=\"font-weight: 400\"><b>\u00c4rende nr 3:<\/b><\/p>\n<p style=\"font-weight: 400\"><b>Reviderad \u00c4ldreplan\u00a0 2024-2028<\/b><\/p>\n<p style=\"font-weight: 400\"><span style=\"font-weight: 400\">KD anser att det \u00e4r viktigt att understryka vikten av en god munh\u00e4lsa med dess samband till b\u00e5de hj\u00e4rt-k\u00e4rlsjukdomar och m\u00f6jligheten till ett n\u00e4ringsrikt kostintag<\/span><\/p>\n<p>&nbsp;<\/p>\n<p style=\"font-weight: 400\"><span style=\"font-weight: 400\">KD yrkar p\u00e5 <\/span><b>till\u00e4gg<\/b><span style=\"font-weight: 400\"> enligt nedan<\/span><\/p>\n<ul style=\"font-weight: 400\">\n<li style=\"font-weight: 400\"><span style=\"font-weight: 400\">\u00a0\u00a0\u00a0Att det viktiga samarbetet med tandv\u00e5rden skrivs in i\u00a0\u00a0<\/span><\/li>\n<\/ul>\n<p style=\"font-weight: 400\"><span style=\"font-weight: 400\">\u00a0\u00a0\u00a0\u00c4ldreplanen vid n\u00e4sta revidering.<\/span><\/p>\n<p>&nbsp;<\/p>\n<p style=\"font-weight: 400\"><span style=\"font-weight: 400\">Pernilla Schubert\u00a0 \u00a0 KD<\/span><\/p>\n<p>&nbsp;<\/p>\n","protected":false},"excerpt":{"rendered":"<p>Till\u00e4ggsyrkande ber\u00f6rande reviderad \u00c4ldreplan nedr\u00f6stat! &nbsp; Detta till\u00e4ggsyrkande fr\u00e5n Pernilla Schubert (KD) ber\u00f6rande n\u00e4sta \u00e5rs revidering av \u00c4ldreplanen r\u00f6stades ner av v\u00e4nsterstyret i Salems kommunfullm\u00e4ktige. V\u00e4nsterstyrets st\u00e4llningstagande i denna viktiga fr\u00e5ga visade prov p\u00e5 ett bristande ledarskap, med ovilja att l\u00e4gga stoltheten \u00e5t sidan och r\u00f6sta f\u00f6r ett oppositionsf\u00f6rslag som hade gynnat kommunens \u00e4ldre. Kommunfullm\u00e4ktige <a class=\"read-more-link\" href=\"https:\/\/wp.kristdemokraterna.se\/salem\/det-hander\/\">Read More<\/a><\/p>\n","protected":false},"author":1048,"featured_media":0,"parent":0,"menu_order":0,"comment_status":"closed","ping_status":"closed","template":"","meta":{"_acf_changed":false,"footnotes":""},"class_list":["post-391","page","type-page","status-publish","hentry"],"acf":[],"yoast_head":"<!-- This site is optimized with the Yoast SEO plugin v27.5 - https:\/\/yoast.com\/product\/yoast-seo-wordpress\/ -->\n<title>Det h\u00e4nder! - KD i Salem<\/title>\n<meta name=\"robots\" content=\"index, follow, max-snippet:-1, max-image-preview:large, max-video-preview:-1\" \/>\n<link rel=\"canonical\" href=\"https:\/\/wp.kristdemokraterna.se\/salem\/det-hander\/\" \/>\n<meta property=\"og:locale\" content=\"sv_SE\" \/>\n<meta property=\"og:type\" content=\"article\" \/>\n<meta property=\"og:title\" content=\"Det h\u00e4nder! - KD i Salem\" \/>\n<meta property=\"og:description\" content=\"Till\u00e4ggsyrkande ber\u00f6rande reviderad \u00c4ldreplan nedr\u00f6stat! &nbsp; Detta till\u00e4ggsyrkande fr\u00e5n Pernilla Schubert (KD) ber\u00f6rande n\u00e4sta \u00e5rs revidering av \u00c4ldreplanen r\u00f6stades ner av v\u00e4nsterstyret i Salems kommunfullm\u00e4ktige. V\u00e4nsterstyrets st\u00e4llningstagande i denna viktiga fr\u00e5ga visade prov p\u00e5 ett bristande ledarskap, med ovilja att l\u00e4gga stoltheten \u00e5t sidan och r\u00f6sta f\u00f6r ett oppositionsf\u00f6rslag som hade gynnat kommunens \u00e4ldre. Kommunfullm\u00e4ktige Read More\" \/>\n<meta property=\"og:url\" content=\"https:\/\/wp.kristdemokraterna.se\/salem\/det-hander\/\" \/>\n<meta property=\"og:site_name\" content=\"KD i Salem\" \/>\n<meta property=\"article:modified_time\" content=\"2024-02-29T20:51:25+00:00\" \/>\n<meta name=\"twitter:card\" content=\"summary_large_image\" \/>\n<meta name=\"twitter:label1\" content=\"Ber\u00e4knad l\u00e4stid\" \/>\n\t<meta name=\"twitter:data1\" content=\"1 minut\" \/>\n<script type=\"application\/ld+json\" class=\"yoast-schema-graph\">{\"@context\":\"https:\\\/\\\/schema.org\",\"@graph\":[{\"@type\":\"WebPage\",\"@id\":\"https:\\\/\\\/wp.kristdemokraterna.se\\\/salem\\\/det-hander\\\/\",\"url\":\"https:\\\/\\\/wp.kristdemokraterna.se\\\/salem\\\/det-hander\\\/\",\"name\":\"Det h\u00e4nder! - KD i Salem\",\"isPartOf\":{\"@id\":\"https:\\\/\\\/wp.kristdemokraterna.se\\\/salem\\\/#website\"},\"datePublished\":\"2024-02-29T20:47:54+00:00\",\"dateModified\":\"2024-02-29T20:51:25+00:00\",\"breadcrumb\":{\"@id\":\"https:\\\/\\\/wp.kristdemokraterna.se\\\/salem\\\/det-hander\\\/#breadcrumb\"},\"inLanguage\":\"sv-SE\",\"potentialAction\":[{\"@type\":\"ReadAction\",\"target\":[\"https:\\\/\\\/wp.kristdemokraterna.se\\\/salem\\\/det-hander\\\/\"]}]},{\"@type\":\"BreadcrumbList\",\"@id\":\"https:\\\/\\\/wp.kristdemokraterna.se\\\/salem\\\/det-hander\\\/#breadcrumb\",\"itemListElement\":[{\"@type\":\"ListItem\",\"position\":1,\"name\":\"Hem\",\"item\":\"https:\\\/\\\/wp.kristdemokraterna.se\\\/salem\\\/\"},{\"@type\":\"ListItem\",\"position\":2,\"name\":\"Det h\u00e4nder!\"}]},{\"@type\":\"WebSite\",\"@id\":\"https:\\\/\\\/wp.kristdemokraterna.se\\\/salem\\\/#website\",\"url\":\"https:\\\/\\\/wp.kristdemokraterna.se\\\/salem\\\/\",\"name\":\"KD i Salem\",\"description\":\"\",\"inLanguage\":\"sv-SE\"}]}<\/script>\n<!-- \/ Yoast SEO plugin. -->","yoast_head_json":{"title":"Det h\u00e4nder! - KD i Salem","robots":{"index":"index","follow":"follow","max-snippet":"max-snippet:-1","max-image-preview":"max-image-preview:large","max-video-preview":"max-video-preview:-1"},"canonical":"https:\/\/wp.kristdemokraterna.se\/salem\/det-hander\/","og_locale":"sv_SE","og_type":"article","og_title":"Det h\u00e4nder! - KD i Salem","og_description":"Till\u00e4ggsyrkande ber\u00f6rande reviderad \u00c4ldreplan nedr\u00f6stat! &nbsp; Detta till\u00e4ggsyrkande fr\u00e5n Pernilla Schubert (KD) ber\u00f6rande n\u00e4sta \u00e5rs revidering av \u00c4ldreplanen r\u00f6stades ner av v\u00e4nsterstyret i Salems kommunfullm\u00e4ktige. V\u00e4nsterstyrets st\u00e4llningstagande i denna viktiga fr\u00e5ga visade prov p\u00e5 ett bristande ledarskap, med ovilja att l\u00e4gga stoltheten \u00e5t sidan och r\u00f6sta f\u00f6r ett oppositionsf\u00f6rslag som hade gynnat kommunens \u00e4ldre. Kommunfullm\u00e4ktige Read More","og_url":"https:\/\/wp.kristdemokraterna.se\/salem\/det-hander\/","og_site_name":"KD i Salem","article_modified_time":"2024-02-29T20:51:25+00:00","twitter_card":"summary_large_image","twitter_misc":{"Ber\u00e4knad l\u00e4stid":"1 minut"},"schema":{"@context":"https:\/\/schema.org","@graph":[{"@type":"WebPage","@id":"https:\/\/wp.kristdemokraterna.se\/salem\/det-hander\/","url":"https:\/\/wp.kristdemokraterna.se\/salem\/det-hander\/","name":"Det h\u00e4nder! - KD i Salem","isPartOf":{"@id":"https:\/\/wp.kristdemokraterna.se\/salem\/#website"},"datePublished":"2024-02-29T20:47:54+00:00","dateModified":"2024-02-29T20:51:25+00:00","breadcrumb":{"@id":"https:\/\/wp.kristdemokraterna.se\/salem\/det-hander\/#breadcrumb"},"inLanguage":"sv-SE","potentialAction":[{"@type":"ReadAction","target":["https:\/\/wp.kristdemokraterna.se\/salem\/det-hander\/"]}]},{"@type":"BreadcrumbList","@id":"https:\/\/wp.kristdemokraterna.se\/salem\/det-hander\/#breadcrumb","itemListElement":[{"@type":"ListItem","position":1,"name":"Hem","item":"https:\/\/wp.kristdemokraterna.se\/salem\/"},{"@type":"ListItem","position":2,"name":"Det h\u00e4nder!"}]},{"@type":"WebSite","@id":"https:\/\/wp.kristdemokraterna.se\/salem\/#website","url":"https:\/\/wp.kristdemokraterna.se\/salem\/","name":"KD i Salem","description":"","inLanguage":"sv-SE"}]}},"_links":{"self":[{"href":"https:\/\/wp.kristdemokraterna.se\/salem\/wp-json\/wp\/v2\/pages\/391","targetHints":{"allow":["GET"]}}],"collection":[{"href":"https:\/\/wp.kristdemokraterna.se\/salem\/wp-json\/wp\/v2\/pages"}],"about":[{"href":"https:\/\/wp.kristdemokraterna.se\/salem\/wp-json\/wp\/v2\/types\/page"}],"author":[{"embeddable":true,"href":"https:\/\/wp.kristdemokraterna.se\/salem\/wp-json\/wp\/v2\/users\/1048"}],"replies":[{"embeddable":true,"href":"https:\/\/wp.kristdemokraterna.se\/salem\/wp-json\/wp\/v2\/comments?post=391"}],"version-history":[{"count":3,"href":"https:\/\/wp.kristdemokraterna.se\/salem\/wp-json\/wp\/v2\/pages\/391\/revisions"}],"predecessor-version":[{"id":395,"href":"https:\/\/wp.kristdemokraterna.se\/salem\/wp-json\/wp\/v2\/pages\/391\/revisions\/395"}],"wp:attachment":[{"href":"https:\/\/wp.kristdemokraterna.se\/salem\/wp-json\/wp\/v2\/media?parent=391"}],"curies":[{"name":"wp","href":"https:\/\/api.w.org\/{rel}","templated":true}]}}