{"id":40,"date":"2016-04-27T13:56:45","date_gmt":"2016-04-27T11:56:45","guid":{"rendered":"http:\/\/wp.kristdemokraterna.se\/salem\/?page_id=40"},"modified":"2024-02-29T19:40:44","modified_gmt":"2024-02-29T18:40:44","slug":"i-kommunen","status":"publish","type":"page","link":"https:\/\/wp.kristdemokraterna.se\/salem\/i-kommunen\/","title":{"rendered":"I Kommunen"},"content":{"rendered":"<blockquote><p><strong>B\u00e4ttre f\u00f6r barn och familjer<\/strong><\/p>\n<p>Trygga familjer ger barn goda f\u00f6ruts\u00e4ttningar att klara livets olika utmaningar. Vi vill familjes\u00e4kra politiken, att alla politiska beslut ska analyseras utifr\u00e5n vilka konsekvenser de f\u00e5r f\u00f6r familjer och n\u00e4ra relationer.<\/p>\n<p>Vi vill:<\/p>\n<ul>\n<li>F\u00f6rb\u00e4ttra f\u00f6r barn och familjer genom att minska barngruppernas storlek i f\u00f6rskolan och p\u00e5 fritids och \u00f6ka familjers valfrihet att v\u00e4lja barnomsorg. Inf\u00f6ra en barnomsorgspeng \u00e4ven f\u00f6r f\u00f6r\u00e4ldrar som sj\u00e4lva har hand om omsorgen f\u00f6r sina barn.<\/li>\n<li>F\u00f6rb\u00e4ttra st\u00f6det till ekonomiskt svaga barnfamiljer.<\/li>\n<li>Inf\u00f6ra en mer flexibel f\u00f6r\u00e4ldraf\u00f6rs\u00e4kring s\u00e5 att barnen f\u00e5r mer tid med sina f\u00f6r\u00e4ldrar och f\u00f6rb\u00e4ttra st\u00f6det till ton\u00e5rsf\u00f6r\u00e4ldrar. Vi s\u00e4ger nej till kvotering.<br \/>\n<strong><br \/>\n<\/strong><\/li>\n<\/ul>\n<p>&nbsp;<\/p>\n<p><strong>En trygg och v\u00e4rdig \u00e4ldreomsorg<br \/>\n<\/strong><\/p>\n<p>Vi vill bygga ett samh\u00e4lle d\u00e4r m\u00e4nniskor kan \u00e5ldras i trygghet och v\u00e4rdighet. \u00c4ldre ska kunna leva ett aktivt liv och ha inflytande \u00f6ver sin vardag med bibeh\u00e5llet oberoende, bem\u00f6tas med respekt och ha tillg\u00e5ng till god v\u00e5rd och omsorg. Det friska \u00e5ldrandet, att se \u00e4ldre som en resurs att ta tillvara och att ha ett v\u00e4l fungerande samspel mellan generationerna \u00e4r ocks\u00e5 viktiga best\u00e5ndsdelar i v\u00e5r \u00e4ldrepolitik.<strong><br \/>\n<\/strong><\/p>\n<p>Vi vill:<\/p>\n<ul>\n<li class=\"font-normal\">S\u00e4kra att ensamhet kan brytas med digitala hj\u00e4lpmedel: Bland de cirka 500 000 svenskar som n\u00e4stan aldrig anv\u00e4nder internet \u00e4r de flesta \u00e4ldre. Flera kommuner har genomf\u00f6rt f\u00f6rb\u00e4ttringar under pandemin, men det finns fortsatt behov av att st\u00e4rka m\u00f6jligheterna till digital gemenskap f\u00f6r \u00e4ldre. Vi vill satsap\u00e5 teknisk utrustning och utbildning riktade till \u00e4ldre i s\u00e4rskilt boende eller med hemtj\u00e4nst.<\/li>\n<li class=\"font-normal\">Bana v\u00e4g f\u00f6r \u00e4ldresamtal i alla kommuner: Vi vill att \u00e4ldresamtal erbjuds av exempelvis hemsjukv\u00e5rdsteam till alla som fyllt 80 \u00e5r som inte har hemtj\u00e4nst eller bor i s\u00e4rskilt boende och p\u00e5 det s\u00e4ttet f\u00e5r kontakt med omsorgsinsatser. \u00c4ldresamtalen riktar sig till en grupp p\u00e5 drygt 320 000 personer.<\/li>\n<li class=\"font-normal\">Se gemenskapsfr\u00e4mjande insatser i omsorgen: Det sociala inneh\u00e5llet i \u00e4ldreomsorgen beh\u00f6ver \u00e4ven utvecklas s\u00e5 att de \u00e4ldres behov av gemenskap kan m\u00f6tas. Vi vill utveckla gemenskapsm\u00f6jligheter f\u00f6r \u00e4ldre genom att satsa p\u00e5 gemenskapsv\u00e4rdar anst\u00e4llda av kommunen till de byggherrar som bygger trygghetsboenden. Det har visat sig vara en bra katalysator f\u00f6r att f\u00e5 fler att vilja bygga trygghetsboenden f\u00f6r \u00e4ldre.<\/li>\n<li class=\"font-normal\">\u00d6ka st\u00f6det till civilsamh\u00e4llet f\u00f6r gemenskapsfr\u00e4mjande arbete: b\u00e4ttre ta tillvara den kraft som finns i civilsamh\u00e4llet.<\/li>\n<li class=\"font-normal\">\u00d6ka st\u00f6det till \u201d\u00c4ldrelyftet\u201d: ett st\u00f6d f\u00f6r att \u00f6ka m\u00f6jligheterna till fysisk aktivitet.<\/li>\n<li>Uppn\u00e5 en f\u00f6rstklassig demensv\u00e5rd. En v\u00e4lfungerande demensv\u00e5rd \u00e4r en av grundf\u00f6ruts\u00e4ttningarna f\u00f6r en fungerande omsorg, men \u00e4ven en viktig f\u00f6ruts\u00e4ttning f\u00f6r diagnostik och behandling av psykisk oh\u00e4lsa. Alla med misst\u00e4nkt demenssjukdom ska ha r\u00e4tt till kvalificerad utredning, diagnos och behandling. Detta kr\u00e4ver i sin tur kompetent, v\u00e4lutbildad och v\u00e4lmotiverad personal. Den f\u00f6rst\u00e4rkning Kristdemokraterna f\u00f6resl\u00e5r f\u00f6r den kommunala h\u00e4lso- och sjukv\u00e5rden liksom satsningen p\u00e5 prim\u00e4rv\u00e5rden \u00e4r b\u00e5da n\u00f6dv\u00e4ndiga f\u00f6r att ge f\u00f6ruts\u00e4ttningar f\u00f6r en god demensv\u00e5rd. Vi vill ocks\u00e5 att staten tar fram en l\u00e5ngsiktig demensstrategi som tar sikte p\u00e5 dels medicinskt st\u00f6d och behandling dels socialt st\u00f6d till patienten och dess n\u00e4rst\u00e5ende.<\/li>\n<li>S\u00e4nka skatten f\u00f6r alla pension\u00e4rer, och \u00e4ven f\u00f6r \u00e4ldre som vill forts\u00e4tta jobba. Vi vill ocks\u00e5 inf\u00f6ra en trygghetsers\u00e4ttning f\u00f6r \u00e4ldre som har haft ett s\u00e4rskilt slitigt arbetsliv och som inte bed\u00f6ms kunna arbeta under de f\u00e5 \u00e5r de har kvar till pensionering.<\/li>\n<\/ul>\n<p>&nbsp;<\/p>\n<p><strong>B\u00e4ttre f\u00f6retagsklimat f\u00f6r fler jobb<br \/>\n<\/strong><\/p>\n<p>Det privata n\u00e4ringslivet och entrepren\u00f6rskapet \u00e4r grunden f\u00f6r Sveriges v\u00e4lf\u00e4rd. Nya jobb kan inte kommenderas fram av politiker. De skapas n\u00e4r enskilda m\u00e4nniskor finner det m\u00f6dan v\u00e4rt att starta eller utveckla ett f\u00f6retag.<\/p>\n<p>Vi vill:<\/p>\n<ul>\n<li>Forts\u00e4tta att f\u00f6renkla f\u00f6r f\u00f6retag att starta och anst\u00e4lla personal bland annat genom att minska f\u00f6retagens sjukl\u00f6nekostnader och utveckla RUT- och ROT-avdragen.<\/li>\n<li>Ha kvar s\u00e4nkta arbetsgivaravgifter f\u00f6r unga, s\u00e4nkt restaurangmoms och s\u00e4nkt skatt p\u00e5 arbete. Vi vill ocks\u00e5 \u00f6ka tryggheten vid arbetsl\u00f6shet.<\/li>\n<li>St\u00e4rka ungdomars m\u00f6jlighet att f\u00e5 jobb, bland annat genom att inf\u00f6ra en l\u00e4rlingsanst\u00e4llningsform.<\/li>\n<\/ul>\n<\/blockquote>\n<p>&nbsp;<\/p>\n","protected":false},"excerpt":{"rendered":"<p>B\u00e4ttre f\u00f6r barn och familjer Trygga familjer ger barn goda f\u00f6ruts\u00e4ttningar att klara livets olika utmaningar. Vi vill familjes\u00e4kra politiken, att alla politiska beslut ska analyseras utifr\u00e5n vilka konsekvenser de f\u00e5r f\u00f6r familjer och n\u00e4ra relationer. Vi vill: F\u00f6rb\u00e4ttra f\u00f6r barn och familjer genom att minska barngruppernas storlek i f\u00f6rskolan och p\u00e5 fritids och \u00f6ka <a class=\"read-more-link\" href=\"https:\/\/wp.kristdemokraterna.se\/salem\/i-kommunen\/\">Read More<\/a><\/p>\n","protected":false},"author":821,"featured_media":0,"parent":0,"menu_order":0,"comment_status":"closed","ping_status":"closed","template":"","meta":{"_acf_changed":false,"footnotes":""},"class_list":["post-40","page","type-page","status-publish","hentry"],"acf":[],"yoast_head":"<!-- This site is optimized with the Yoast SEO plugin v27.5 - https:\/\/yoast.com\/product\/yoast-seo-wordpress\/ -->\n<title>I Kommunen - KD i Salem<\/title>\n<meta name=\"robots\" content=\"index, follow, max-snippet:-1, max-image-preview:large, max-video-preview:-1\" \/>\n<link rel=\"canonical\" href=\"https:\/\/wp.kristdemokraterna.se\/salem\/i-kommunen\/\" \/>\n<meta property=\"og:locale\" content=\"sv_SE\" \/>\n<meta property=\"og:type\" content=\"article\" \/>\n<meta property=\"og:title\" content=\"I Kommunen - KD i Salem\" \/>\n<meta property=\"og:description\" content=\"B\u00e4ttre f\u00f6r barn och familjer Trygga familjer ger barn goda f\u00f6ruts\u00e4ttningar att klara livets olika utmaningar. Vi vill familjes\u00e4kra politiken, att alla politiska beslut ska analyseras utifr\u00e5n vilka konsekvenser de f\u00e5r f\u00f6r familjer och n\u00e4ra relationer. Vi vill: F\u00f6rb\u00e4ttra f\u00f6r barn och familjer genom att minska barngruppernas storlek i f\u00f6rskolan och p\u00e5 fritids och \u00f6ka Read More\" \/>\n<meta property=\"og:url\" content=\"https:\/\/wp.kristdemokraterna.se\/salem\/i-kommunen\/\" \/>\n<meta property=\"og:site_name\" content=\"KD i Salem\" \/>\n<meta property=\"article:modified_time\" content=\"2024-02-29T18:40:44+00:00\" \/>\n<meta name=\"twitter:card\" content=\"summary_large_image\" \/>\n<script type=\"application\/ld+json\" class=\"yoast-schema-graph\">{\"@context\":\"https:\\\/\\\/schema.org\",\"@graph\":[{\"@type\":\"WebPage\",\"@id\":\"https:\\\/\\\/wp.kristdemokraterna.se\\\/salem\\\/i-kommunen\\\/\",\"url\":\"https:\\\/\\\/wp.kristdemokraterna.se\\\/salem\\\/i-kommunen\\\/\",\"name\":\"I Kommunen - KD i Salem\",\"isPartOf\":{\"@id\":\"https:\\\/\\\/wp.kristdemokraterna.se\\\/salem\\\/#website\"},\"datePublished\":\"2016-04-27T11:56:45+00:00\",\"dateModified\":\"2024-02-29T18:40:44+00:00\",\"breadcrumb\":{\"@id\":\"https:\\\/\\\/wp.kristdemokraterna.se\\\/salem\\\/i-kommunen\\\/#breadcrumb\"},\"inLanguage\":\"sv-SE\",\"potentialAction\":[{\"@type\":\"ReadAction\",\"target\":[\"https:\\\/\\\/wp.kristdemokraterna.se\\\/salem\\\/i-kommunen\\\/\"]}]},{\"@type\":\"BreadcrumbList\",\"@id\":\"https:\\\/\\\/wp.kristdemokraterna.se\\\/salem\\\/i-kommunen\\\/#breadcrumb\",\"itemListElement\":[{\"@type\":\"ListItem\",\"position\":1,\"name\":\"Hem\",\"item\":\"https:\\\/\\\/wp.kristdemokraterna.se\\\/salem\\\/\"},{\"@type\":\"ListItem\",\"position\":2,\"name\":\"I Kommunen\"}]},{\"@type\":\"WebSite\",\"@id\":\"https:\\\/\\\/wp.kristdemokraterna.se\\\/salem\\\/#website\",\"url\":\"https:\\\/\\\/wp.kristdemokraterna.se\\\/salem\\\/\",\"name\":\"KD i Salem\",\"description\":\"\",\"inLanguage\":\"sv-SE\"}]}<\/script>\n<!-- \/ Yoast SEO plugin. -->","yoast_head_json":{"title":"I Kommunen - KD i Salem","robots":{"index":"index","follow":"follow","max-snippet":"max-snippet:-1","max-image-preview":"max-image-preview:large","max-video-preview":"max-video-preview:-1"},"canonical":"https:\/\/wp.kristdemokraterna.se\/salem\/i-kommunen\/","og_locale":"sv_SE","og_type":"article","og_title":"I Kommunen - KD i Salem","og_description":"B\u00e4ttre f\u00f6r barn och familjer Trygga familjer ger barn goda f\u00f6ruts\u00e4ttningar att klara livets olika utmaningar. Vi vill familjes\u00e4kra politiken, att alla politiska beslut ska analyseras utifr\u00e5n vilka konsekvenser de f\u00e5r f\u00f6r familjer och n\u00e4ra relationer. Vi vill: F\u00f6rb\u00e4ttra f\u00f6r barn och familjer genom att minska barngruppernas storlek i f\u00f6rskolan och p\u00e5 fritids och \u00f6ka Read More","og_url":"https:\/\/wp.kristdemokraterna.se\/salem\/i-kommunen\/","og_site_name":"KD i Salem","article_modified_time":"2024-02-29T18:40:44+00:00","twitter_card":"summary_large_image","schema":{"@context":"https:\/\/schema.org","@graph":[{"@type":"WebPage","@id":"https:\/\/wp.kristdemokraterna.se\/salem\/i-kommunen\/","url":"https:\/\/wp.kristdemokraterna.se\/salem\/i-kommunen\/","name":"I Kommunen - KD i Salem","isPartOf":{"@id":"https:\/\/wp.kristdemokraterna.se\/salem\/#website"},"datePublished":"2016-04-27T11:56:45+00:00","dateModified":"2024-02-29T18:40:44+00:00","breadcrumb":{"@id":"https:\/\/wp.kristdemokraterna.se\/salem\/i-kommunen\/#breadcrumb"},"inLanguage":"sv-SE","potentialAction":[{"@type":"ReadAction","target":["https:\/\/wp.kristdemokraterna.se\/salem\/i-kommunen\/"]}]},{"@type":"BreadcrumbList","@id":"https:\/\/wp.kristdemokraterna.se\/salem\/i-kommunen\/#breadcrumb","itemListElement":[{"@type":"ListItem","position":1,"name":"Hem","item":"https:\/\/wp.kristdemokraterna.se\/salem\/"},{"@type":"ListItem","position":2,"name":"I Kommunen"}]},{"@type":"WebSite","@id":"https:\/\/wp.kristdemokraterna.se\/salem\/#website","url":"https:\/\/wp.kristdemokraterna.se\/salem\/","name":"KD i Salem","description":"","inLanguage":"sv-SE"}]}},"_links":{"self":[{"href":"https:\/\/wp.kristdemokraterna.se\/salem\/wp-json\/wp\/v2\/pages\/40","targetHints":{"allow":["GET"]}}],"collection":[{"href":"https:\/\/wp.kristdemokraterna.se\/salem\/wp-json\/wp\/v2\/pages"}],"about":[{"href":"https:\/\/wp.kristdemokraterna.se\/salem\/wp-json\/wp\/v2\/types\/page"}],"author":[{"embeddable":true,"href":"https:\/\/wp.kristdemokraterna.se\/salem\/wp-json\/wp\/v2\/users\/821"}],"replies":[{"embeddable":true,"href":"https:\/\/wp.kristdemokraterna.se\/salem\/wp-json\/wp\/v2\/comments?post=40"}],"version-history":[{"count":4,"href":"https:\/\/wp.kristdemokraterna.se\/salem\/wp-json\/wp\/v2\/pages\/40\/revisions"}],"predecessor-version":[{"id":381,"href":"https:\/\/wp.kristdemokraterna.se\/salem\/wp-json\/wp\/v2\/pages\/40\/revisions\/381"}],"wp:attachment":[{"href":"https:\/\/wp.kristdemokraterna.se\/salem\/wp-json\/wp\/v2\/media?parent=40"}],"curies":[{"name":"wp","href":"https:\/\/api.w.org\/{rel}","templated":true}]}}