{"id":89,"date":"2016-05-24T10:43:11","date_gmt":"2016-05-24T08:43:11","guid":{"rendered":"http:\/\/wp.kristdemokraterna.se\/salem\/?page_id=89"},"modified":"2024-02-28T20:03:58","modified_gmt":"2024-02-28T19:03:58","slug":"om-kristdemokraterna","status":"publish","type":"page","link":"https:\/\/wp.kristdemokraterna.se\/salem\/om-kristdemokraterna\/","title":{"rendered":"Om Kristdemokraterna"},"content":{"rendered":"<p>Kristen Demokratisk Samling bildades 1964, i strid mot samh\u00e4llsandan. Partiet ville d\u00e5 f\u00e5 in kristna v\u00e4rderingar i politiken n\u00e4r \u00f6vriga samh\u00e4llet gjorde allt f\u00f6r att g\u00f6ra upp med tidigare generationers v\u00e4rderingar. Man arbetade h\u00e5rt f\u00f6r att ta sig in i riksdagen, men det blev en l\u00e5ng kamp. F\u00f6rst 1985 kom d\u00e5varande partiledaren Alf Svensson in i riksdagen genom ett samarbete med Centern. 1991 kom partiet in i riksdagen av egen kraft och direkt in i regeringen Bildt. Partiet har sedan dess suttit med i alla borgerliga regeringar. Kristdemokrati \u00e4r en politisk ideologi som finner sin grund i den m\u00e4nniskosyn som pr\u00e4glat v\u00e5r civilisation. Vi st\u00e5r f\u00f6r demokrati byggd p\u00e5 kristen m\u00e4nniskosyn och v\u00e4rdegrund. Vi s\u00e4tter m\u00e4nniskov\u00e4rdet och familjen h\u00f6gt, och motarbetar alla former av totalitarism.<\/p>\n<p class=\"font-normal\">Varje m\u00e4nniska \u00e4r ett m\u00e5l i sig. Ingen annan m\u00e4nniska f\u00e5r \u00e4ga henne eller p\u00e5 ett kr\u00e4nkande s\u00e4tt utnyttja henne. Varje m\u00e4nniska \u00e4r unik, men beh\u00f6ver gemenskap med andra f\u00f6r att leva och utvecklas. M\u00e4nniskan har s\u00e5v\u00e4l kroppsliga och sj\u00e4lsliga som andliga behov. Det kristdemokratiska samh\u00e4llsarbetet tar d\u00e4rf\u00f6r sin utg\u00e5ngspunkt i m\u00e4nniskans helhet och betonar m\u00e4nniskans behov av gemenskap. Den viktigaste gemenskapen \u00e4r familjen. I denna lilla grupp f\u00e5r familjemedlemmarna m\u00f6jlighet att m\u00f6ta k\u00e4rlek, omtanke och f\u00f6rst\u00e5else, men ocks\u00e5 att st\u00e4llas inf\u00f6r krav och ta ansvar.<\/p>\n<p>Om du tycker som vi g\u00f6r, engagera dig i Kristdemokraterna i Salem!<\/p>\n","protected":false},"excerpt":{"rendered":"<p>Kristen Demokratisk Samling bildades 1964, i strid mot samh\u00e4llsandan. Partiet ville d\u00e5 f\u00e5 in kristna v\u00e4rderingar i politiken n\u00e4r \u00f6vriga samh\u00e4llet gjorde allt f\u00f6r att g\u00f6ra upp med tidigare generationers v\u00e4rderingar. Man arbetade h\u00e5rt f\u00f6r att ta sig in i riksdagen, men det blev en l\u00e5ng kamp. F\u00f6rst 1985 kom d\u00e5varande partiledaren Alf Svensson in <a class=\"read-more-link\" href=\"https:\/\/wp.kristdemokraterna.se\/salem\/om-kristdemokraterna\/\">Read More<\/a><\/p>\n","protected":false},"author":821,"featured_media":0,"parent":0,"menu_order":0,"comment_status":"closed","ping_status":"closed","template":"","meta":{"_acf_changed":false,"footnotes":""},"class_list":["post-89","page","type-page","status-publish","hentry"],"acf":[],"yoast_head":"<!-- This site is optimized with the Yoast SEO plugin v27.5 - https:\/\/yoast.com\/product\/yoast-seo-wordpress\/ -->\n<title>Om Kristdemokraterna - KD i Salem<\/title>\n<meta name=\"robots\" content=\"index, follow, max-snippet:-1, max-image-preview:large, max-video-preview:-1\" \/>\n<link rel=\"canonical\" href=\"https:\/\/wp.kristdemokraterna.se\/salem\/om-kristdemokraterna\/\" \/>\n<meta property=\"og:locale\" content=\"sv_SE\" \/>\n<meta property=\"og:type\" content=\"article\" \/>\n<meta property=\"og:title\" content=\"Om Kristdemokraterna - KD i Salem\" \/>\n<meta property=\"og:description\" content=\"Kristen Demokratisk Samling bildades 1964, i strid mot samh\u00e4llsandan. Partiet ville d\u00e5 f\u00e5 in kristna v\u00e4rderingar i politiken n\u00e4r \u00f6vriga samh\u00e4llet gjorde allt f\u00f6r att g\u00f6ra upp med tidigare generationers v\u00e4rderingar. Man arbetade h\u00e5rt f\u00f6r att ta sig in i riksdagen, men det blev en l\u00e5ng kamp. F\u00f6rst 1985 kom d\u00e5varande partiledaren Alf Svensson in Read More\" \/>\n<meta property=\"og:url\" content=\"https:\/\/wp.kristdemokraterna.se\/salem\/om-kristdemokraterna\/\" \/>\n<meta property=\"og:site_name\" content=\"KD i Salem\" \/>\n<meta property=\"article:modified_time\" content=\"2024-02-28T19:03:58+00:00\" \/>\n<meta name=\"twitter:card\" content=\"summary_large_image\" \/>\n<meta name=\"twitter:label1\" content=\"Ber\u00e4knad l\u00e4stid\" \/>\n\t<meta name=\"twitter:data1\" content=\"2 minuter\" \/>\n<script type=\"application\/ld+json\" class=\"yoast-schema-graph\">{\"@context\":\"https:\\\/\\\/schema.org\",\"@graph\":[{\"@type\":\"WebPage\",\"@id\":\"https:\\\/\\\/wp.kristdemokraterna.se\\\/salem\\\/om-kristdemokraterna\\\/\",\"url\":\"https:\\\/\\\/wp.kristdemokraterna.se\\\/salem\\\/om-kristdemokraterna\\\/\",\"name\":\"Om Kristdemokraterna - KD i Salem\",\"isPartOf\":{\"@id\":\"https:\\\/\\\/wp.kristdemokraterna.se\\\/salem\\\/#website\"},\"datePublished\":\"2016-05-24T08:43:11+00:00\",\"dateModified\":\"2024-02-28T19:03:58+00:00\",\"breadcrumb\":{\"@id\":\"https:\\\/\\\/wp.kristdemokraterna.se\\\/salem\\\/om-kristdemokraterna\\\/#breadcrumb\"},\"inLanguage\":\"sv-SE\",\"potentialAction\":[{\"@type\":\"ReadAction\",\"target\":[\"https:\\\/\\\/wp.kristdemokraterna.se\\\/salem\\\/om-kristdemokraterna\\\/\"]}]},{\"@type\":\"BreadcrumbList\",\"@id\":\"https:\\\/\\\/wp.kristdemokraterna.se\\\/salem\\\/om-kristdemokraterna\\\/#breadcrumb\",\"itemListElement\":[{\"@type\":\"ListItem\",\"position\":1,\"name\":\"Hem\",\"item\":\"https:\\\/\\\/wp.kristdemokraterna.se\\\/salem\\\/\"},{\"@type\":\"ListItem\",\"position\":2,\"name\":\"Om Kristdemokraterna\"}]},{\"@type\":\"WebSite\",\"@id\":\"https:\\\/\\\/wp.kristdemokraterna.se\\\/salem\\\/#website\",\"url\":\"https:\\\/\\\/wp.kristdemokraterna.se\\\/salem\\\/\",\"name\":\"KD i Salem\",\"description\":\"\",\"inLanguage\":\"sv-SE\"}]}<\/script>\n<!-- \/ Yoast SEO plugin. -->","yoast_head_json":{"title":"Om Kristdemokraterna - KD i Salem","robots":{"index":"index","follow":"follow","max-snippet":"max-snippet:-1","max-image-preview":"max-image-preview:large","max-video-preview":"max-video-preview:-1"},"canonical":"https:\/\/wp.kristdemokraterna.se\/salem\/om-kristdemokraterna\/","og_locale":"sv_SE","og_type":"article","og_title":"Om Kristdemokraterna - KD i Salem","og_description":"Kristen Demokratisk Samling bildades 1964, i strid mot samh\u00e4llsandan. Partiet ville d\u00e5 f\u00e5 in kristna v\u00e4rderingar i politiken n\u00e4r \u00f6vriga samh\u00e4llet gjorde allt f\u00f6r att g\u00f6ra upp med tidigare generationers v\u00e4rderingar. Man arbetade h\u00e5rt f\u00f6r att ta sig in i riksdagen, men det blev en l\u00e5ng kamp. F\u00f6rst 1985 kom d\u00e5varande partiledaren Alf Svensson in Read More","og_url":"https:\/\/wp.kristdemokraterna.se\/salem\/om-kristdemokraterna\/","og_site_name":"KD i Salem","article_modified_time":"2024-02-28T19:03:58+00:00","twitter_card":"summary_large_image","twitter_misc":{"Ber\u00e4knad l\u00e4stid":"2 minuter"},"schema":{"@context":"https:\/\/schema.org","@graph":[{"@type":"WebPage","@id":"https:\/\/wp.kristdemokraterna.se\/salem\/om-kristdemokraterna\/","url":"https:\/\/wp.kristdemokraterna.se\/salem\/om-kristdemokraterna\/","name":"Om Kristdemokraterna - KD i Salem","isPartOf":{"@id":"https:\/\/wp.kristdemokraterna.se\/salem\/#website"},"datePublished":"2016-05-24T08:43:11+00:00","dateModified":"2024-02-28T19:03:58+00:00","breadcrumb":{"@id":"https:\/\/wp.kristdemokraterna.se\/salem\/om-kristdemokraterna\/#breadcrumb"},"inLanguage":"sv-SE","potentialAction":[{"@type":"ReadAction","target":["https:\/\/wp.kristdemokraterna.se\/salem\/om-kristdemokraterna\/"]}]},{"@type":"BreadcrumbList","@id":"https:\/\/wp.kristdemokraterna.se\/salem\/om-kristdemokraterna\/#breadcrumb","itemListElement":[{"@type":"ListItem","position":1,"name":"Hem","item":"https:\/\/wp.kristdemokraterna.se\/salem\/"},{"@type":"ListItem","position":2,"name":"Om Kristdemokraterna"}]},{"@type":"WebSite","@id":"https:\/\/wp.kristdemokraterna.se\/salem\/#website","url":"https:\/\/wp.kristdemokraterna.se\/salem\/","name":"KD i Salem","description":"","inLanguage":"sv-SE"}]}},"_links":{"self":[{"href":"https:\/\/wp.kristdemokraterna.se\/salem\/wp-json\/wp\/v2\/pages\/89","targetHints":{"allow":["GET"]}}],"collection":[{"href":"https:\/\/wp.kristdemokraterna.se\/salem\/wp-json\/wp\/v2\/pages"}],"about":[{"href":"https:\/\/wp.kristdemokraterna.se\/salem\/wp-json\/wp\/v2\/types\/page"}],"author":[{"embeddable":true,"href":"https:\/\/wp.kristdemokraterna.se\/salem\/wp-json\/wp\/v2\/users\/821"}],"replies":[{"embeddable":true,"href":"https:\/\/wp.kristdemokraterna.se\/salem\/wp-json\/wp\/v2\/comments?post=89"}],"version-history":[{"count":9,"href":"https:\/\/wp.kristdemokraterna.se\/salem\/wp-json\/wp\/v2\/pages\/89\/revisions"}],"predecessor-version":[{"id":351,"href":"https:\/\/wp.kristdemokraterna.se\/salem\/wp-json\/wp\/v2\/pages\/89\/revisions\/351"}],"wp:attachment":[{"href":"https:\/\/wp.kristdemokraterna.se\/salem\/wp-json\/wp\/v2\/media?parent=89"}],"curies":[{"name":"wp","href":"https:\/\/api.w.org\/{rel}","templated":true}]}}