{"id":265,"date":"2017-11-29T16:47:40","date_gmt":"2017-11-29T15:47:40","guid":{"rendered":"http:\/\/wp.kristdemokraterna.se\/sandviken\/?page_id=265"},"modified":"2025-08-07T19:58:55","modified_gmt":"2025-08-07T17:58:55","slug":"startsida","status":"publish","type":"page","link":"https:\/\/wp.kristdemokraterna.se\/sandviken\/","title":{"rendered":"Startsida"},"content":{"rendered":"<p><strong>Kristdemokraterna i Sandviken:<\/strong><\/p>\n<p><strong>-Vill ha ett samh\u00e4lle d\u00e4r friheten att forma sitt eget liv g\u00e5r hand i hand med ansvaret f\u00f6r sin medm\u00e4nniska.<br \/>\n<\/strong><\/p>\n<p>&nbsp;<\/p>\n","protected":false},"excerpt":{"rendered":"<p>Kristdemokraterna i Sandviken: -Vill ha ett samh\u00e4lle d\u00e4r friheten att forma sitt eget liv g\u00e5r hand i hand med ansvaret f\u00f6r sin medm\u00e4nniska. &nbsp;<\/p>\n","protected":false},"author":432,"featured_media":0,"parent":0,"menu_order":0,"comment_status":"closed","ping_status":"closed","template":"index.php","meta":{"_acf_changed":false,"footnotes":""},"class_list":["post-265","page","type-page","status-publish","hentry"],"acf":[],"yoast_head":"<!-- This site is optimized with the Yoast SEO plugin v27.3 - https:\/\/yoast.com\/product\/yoast-seo-wordpress\/ -->\n<title>Startsida - Kristdemokraterna Sandviken<\/title>\n<meta name=\"robots\" content=\"index, follow, max-snippet:-1, max-image-preview:large, max-video-preview:-1\" \/>\n<link rel=\"canonical\" href=\"https:\/\/wp.kristdemokraterna.se\/sandviken\/\" \/>\n<meta property=\"og:locale\" content=\"sv_SE\" \/>\n<meta property=\"og:type\" content=\"article\" \/>\n<meta property=\"og:title\" content=\"Startsida - Kristdemokraterna Sandviken\" \/>\n<meta property=\"og:description\" content=\"Kristdemokraterna i Sandviken: -Vill ha ett samh\u00e4lle d\u00e4r friheten att forma sitt eget liv g\u00e5r hand i hand med ansvaret f\u00f6r sin medm\u00e4nniska. &nbsp;\" \/>\n<meta property=\"og:url\" content=\"https:\/\/wp.kristdemokraterna.se\/sandviken\/\" \/>\n<meta property=\"og:site_name\" content=\"Kristdemokraterna Sandviken\" \/>\n<meta property=\"article:modified_time\" content=\"2025-08-07T17:58:55+00:00\" \/>\n<meta name=\"twitter:card\" content=\"summary_large_image\" \/>\n<meta name=\"twitter:label1\" content=\"Ber\u00e4knad l\u00e4stid\" \/>\n\t<meta name=\"twitter:data1\" content=\"1 minut\" \/>\n<script type=\"application\/ld+json\" class=\"yoast-schema-graph\">{\"@context\":\"https:\\\/\\\/schema.org\",\"@graph\":[{\"@type\":\"WebPage\",\"@id\":\"https:\\\/\\\/wp.kristdemokraterna.se\\\/sandviken\\\/\",\"url\":\"https:\\\/\\\/wp.kristdemokraterna.se\\\/sandviken\\\/\",\"name\":\"Startsida - Kristdemokraterna Sandviken\",\"isPartOf\":{\"@id\":\"https:\\\/\\\/wp.kristdemokraterna.se\\\/sandviken\\\/#website\"},\"datePublished\":\"2017-11-29T15:47:40+00:00\",\"dateModified\":\"2025-08-07T17:58:55+00:00\",\"breadcrumb\":{\"@id\":\"https:\\\/\\\/wp.kristdemokraterna.se\\\/sandviken\\\/#breadcrumb\"},\"inLanguage\":\"sv-SE\",\"potentialAction\":[{\"@type\":\"ReadAction\",\"target\":[\"https:\\\/\\\/wp.kristdemokraterna.se\\\/sandviken\\\/\"]}]},{\"@type\":\"BreadcrumbList\",\"@id\":\"https:\\\/\\\/wp.kristdemokraterna.se\\\/sandviken\\\/#breadcrumb\",\"itemListElement\":[{\"@type\":\"ListItem\",\"position\":1,\"name\":\"Hem\",\"item\":\"https:\\\/\\\/wp.kristdemokraterna.se\\\/sandviken\\\/\"},{\"@type\":\"ListItem\",\"position\":2,\"name\":\"Startsida\"}]},{\"@type\":\"WebSite\",\"@id\":\"https:\\\/\\\/wp.kristdemokraterna.se\\\/sandviken\\\/#website\",\"url\":\"https:\\\/\\\/wp.kristdemokraterna.se\\\/sandviken\\\/\",\"name\":\"Kristdemokraterna Sandviken\",\"description\":\"Trygghet f\u00f6r livet!\",\"inLanguage\":\"sv-SE\"}]}<\/script>\n<!-- \/ Yoast SEO plugin. -->","yoast_head_json":{"title":"Startsida - Kristdemokraterna Sandviken","robots":{"index":"index","follow":"follow","max-snippet":"max-snippet:-1","max-image-preview":"max-image-preview:large","max-video-preview":"max-video-preview:-1"},"canonical":"https:\/\/wp.kristdemokraterna.se\/sandviken\/","og_locale":"sv_SE","og_type":"article","og_title":"Startsida - Kristdemokraterna Sandviken","og_description":"Kristdemokraterna i Sandviken: -Vill ha ett samh\u00e4lle d\u00e4r friheten att forma sitt eget liv g\u00e5r hand i hand med ansvaret f\u00f6r sin medm\u00e4nniska. &nbsp;","og_url":"https:\/\/wp.kristdemokraterna.se\/sandviken\/","og_site_name":"Kristdemokraterna Sandviken","article_modified_time":"2025-08-07T17:58:55+00:00","twitter_card":"summary_large_image","twitter_misc":{"Ber\u00e4knad l\u00e4stid":"1 minut"},"schema":{"@context":"https:\/\/schema.org","@graph":[{"@type":"WebPage","@id":"https:\/\/wp.kristdemokraterna.se\/sandviken\/","url":"https:\/\/wp.kristdemokraterna.se\/sandviken\/","name":"Startsida - Kristdemokraterna Sandviken","isPartOf":{"@id":"https:\/\/wp.kristdemokraterna.se\/sandviken\/#website"},"datePublished":"2017-11-29T15:47:40+00:00","dateModified":"2025-08-07T17:58:55+00:00","breadcrumb":{"@id":"https:\/\/wp.kristdemokraterna.se\/sandviken\/#breadcrumb"},"inLanguage":"sv-SE","potentialAction":[{"@type":"ReadAction","target":["https:\/\/wp.kristdemokraterna.se\/sandviken\/"]}]},{"@type":"BreadcrumbList","@id":"https:\/\/wp.kristdemokraterna.se\/sandviken\/#breadcrumb","itemListElement":[{"@type":"ListItem","position":1,"name":"Hem","item":"https:\/\/wp.kristdemokraterna.se\/sandviken\/"},{"@type":"ListItem","position":2,"name":"Startsida"}]},{"@type":"WebSite","@id":"https:\/\/wp.kristdemokraterna.se\/sandviken\/#website","url":"https:\/\/wp.kristdemokraterna.se\/sandviken\/","name":"Kristdemokraterna Sandviken","description":"Trygghet f\u00f6r livet!","inLanguage":"sv-SE"}]}},"_links":{"self":[{"href":"https:\/\/wp.kristdemokraterna.se\/sandviken\/wp-json\/wp\/v2\/pages\/265","targetHints":{"allow":["GET"]}}],"collection":[{"href":"https:\/\/wp.kristdemokraterna.se\/sandviken\/wp-json\/wp\/v2\/pages"}],"about":[{"href":"https:\/\/wp.kristdemokraterna.se\/sandviken\/wp-json\/wp\/v2\/types\/page"}],"author":[{"embeddable":true,"href":"https:\/\/wp.kristdemokraterna.se\/sandviken\/wp-json\/wp\/v2\/users\/432"}],"replies":[{"embeddable":true,"href":"https:\/\/wp.kristdemokraterna.se\/sandviken\/wp-json\/wp\/v2\/comments?post=265"}],"version-history":[{"count":117,"href":"https:\/\/wp.kristdemokraterna.se\/sandviken\/wp-json\/wp\/v2\/pages\/265\/revisions"}],"predecessor-version":[{"id":1137,"href":"https:\/\/wp.kristdemokraterna.se\/sandviken\/wp-json\/wp\/v2\/pages\/265\/revisions\/1137"}],"wp:attachment":[{"href":"https:\/\/wp.kristdemokraterna.se\/sandviken\/wp-json\/wp\/v2\/media?parent=265"}],"curies":[{"name":"wp","href":"https:\/\/api.w.org\/{rel}","templated":true}]}}