{"id":1092,"date":"2014-12-30T14:07:45","date_gmt":"2014-12-30T13:07:45","guid":{"rendered":"http:\/\/wp.kristdemokraterna.se\/savsjo\/?page_id=1092"},"modified":"2025-08-29T14:31:06","modified_gmt":"2025-08-29T12:31:06","slug":"kalender","status":"publish","type":"page","link":"https:\/\/wp.kristdemokraterna.se\/savsjo\/kalender\/","title":{"rendered":"Kalender"},"content":{"rendered":"<h2>f\u00f6r Kristdemokraterna i S\u00e4vsj\u00f6 kommun\u00a0 h\u00f6sten 2025<\/h2>\n<h3>Kommunpolitiska gruppm\u00f6ten<\/h3>\n<p>Gruppm\u00f6ten h\u00e5lls normalt i Kommunalhuset. Mer information och anm\u00e4lan om deltagande p\u00e5 gruppm\u00f6ten g\u00f6rs till gruppledare therese.petersson@savsjo.se. Alla gruppm\u00f6ten \u00e4r klockan 18.00 om inget annat meddelas.<\/p>\n<p>M\u00e5ndagen den 1 september<\/p>\n<p>M\u00e5ndagen den 29 september<\/p>\n<p>M\u00e5ndagen den 3 november<\/p>\n<p>M\u00e5ndagen den 1 december<\/p>\n<p>&nbsp;<\/p>\n<h3>Fullm\u00e4ktigegruppen<\/h3>\n<p>Fullm\u00e4ktigegruppen tr\u00e4ffas klockan 17.30 f\u00f6r fika och sedan gruppm\u00f6te fr\u00e5n 17.45 i Ljungarummet, Kommunalhuset. Anm\u00e4lan om man ej kan tj\u00e4nstg\u00f6ra p\u00e5 fullm\u00e4ktige sker till therese.petersson@savsjo.se.<\/p>\n<p>M\u00e5ndagen den 15 september<\/p>\n<p>M\u00e5ndagen den 13 oktober<\/p>\n<p>M\u00e5ndagen den 17 november<\/p>\n<p>M\u00e5ndagen den 15 december<\/p>\n<p>&nbsp;<\/p>\n<h3>Andra viktiga h\u00e4ndelser under h\u00f6sten<\/h3>\n<p>Partidistriktets h\u00f6stkonvent (extra partidistrikts\u00e5rsm\u00f6te) \u00e4ger i \u00e5r rum i S\u00e4vsj\u00f6 den 22 november. Vid detta tillf\u00e4lle fattas beslut om listor i riksdags- och regionval 2026 samt om regionalt valprogram. Partiavdelningen i S\u00e4vsj\u00f6 kommun \u00e4r v\u00e4rd f\u00f6r m\u00f6tet.<\/p>\n<p>&nbsp;<\/p>\n<h3><b>\u00c5rsm\u00f6te 2026<\/b><\/h3>\n<p>Styrelsen meddelar n\u00e4r det blir \u00e5rsm\u00f6te och detta ska enligt stadgar h\u00e5llas \u00e5rligen senast vecka 8<\/p>\n<p>&nbsp;<\/p>\n","protected":false},"excerpt":{"rendered":"<p>f\u00f6r Kristdemokraterna i S\u00e4vsj\u00f6 kommun\u00a0 h\u00f6sten 2025 Kommunpolitiska gruppm\u00f6ten Gruppm\u00f6ten h\u00e5lls normalt i Kommunalhuset. Mer information och anm\u00e4lan om deltagande p\u00e5 gruppm\u00f6ten g\u00f6rs till gruppledare therese.petersson@savsjo.se. Alla gruppm\u00f6ten \u00e4r klockan 18.00 om inget annat meddelas. M\u00e5ndagen den 1 september M\u00e5ndagen den 29 september M\u00e5ndagen den 3 november M\u00e5ndagen den 1 december &nbsp; Fullm\u00e4ktigegruppen Fullm\u00e4ktigegruppen tr\u00e4ffas <a class=\"read-more-link\" href=\"https:\/\/wp.kristdemokraterna.se\/savsjo\/kalender\/\">Read More<\/a><\/p>\n","protected":false},"author":430,"featured_media":886,"parent":0,"menu_order":0,"comment_status":"closed","ping_status":"closed","template":"","meta":{"_acf_changed":false,"footnotes":""},"class_list":["post-1092","page","type-page","status-publish","has-post-thumbnail","hentry"],"acf":[],"yoast_head":"<!-- This site is optimized with the Yoast SEO plugin v27.3 - https:\/\/yoast.com\/product\/yoast-seo-wordpress\/ -->\n<title>Kalender - S\u00e4vsj\u00f6<\/title>\n<meta name=\"robots\" content=\"index, follow, max-snippet:-1, max-image-preview:large, max-video-preview:-1\" \/>\n<link rel=\"canonical\" href=\"https:\/\/wp.kristdemokraterna.se\/savsjo\/kalender\/\" \/>\n<meta property=\"og:locale\" content=\"sv_SE\" \/>\n<meta property=\"og:type\" content=\"article\" \/>\n<meta property=\"og:title\" content=\"Kalender - S\u00e4vsj\u00f6\" \/>\n<meta property=\"og:description\" content=\"f\u00f6r Kristdemokraterna i S\u00e4vsj\u00f6 kommun\u00a0 h\u00f6sten 2025 Kommunpolitiska gruppm\u00f6ten Gruppm\u00f6ten h\u00e5lls normalt i Kommunalhuset. Mer information och anm\u00e4lan om deltagande p\u00e5 gruppm\u00f6ten g\u00f6rs till gruppledare therese.petersson@savsjo.se. Alla gruppm\u00f6ten \u00e4r klockan 18.00 om inget annat meddelas. M\u00e5ndagen den 1 september M\u00e5ndagen den 29 september M\u00e5ndagen den 3 november M\u00e5ndagen den 1 december &nbsp; Fullm\u00e4ktigegruppen Fullm\u00e4ktigegruppen tr\u00e4ffas Read More\" \/>\n<meta property=\"og:url\" content=\"https:\/\/wp.kristdemokraterna.se\/savsjo\/kalender\/\" \/>\n<meta property=\"og:site_name\" content=\"S\u00e4vsj\u00f6\" \/>\n<meta property=\"article:modified_time\" content=\"2025-08-29T12:31:06+00:00\" \/>\n<meta property=\"og:image\" content=\"http:\/\/wp.kristdemokraterna.se\/savsjo\/files\/2014\/10\/borgmastartraning20141027.jpg\" \/>\n\t<meta property=\"og:image:width\" content=\"500\" \/>\n\t<meta property=\"og:image:height\" content=\"300\" \/>\n\t<meta property=\"og:image:type\" content=\"image\/jpeg\" \/>\n<meta name=\"twitter:card\" content=\"summary_large_image\" \/>\n<meta name=\"twitter:label1\" content=\"Ber\u00e4knad l\u00e4stid\" \/>\n\t<meta name=\"twitter:data1\" content=\"1 minut\" \/>\n<script type=\"application\/ld+json\" class=\"yoast-schema-graph\">{\"@context\":\"https:\\\/\\\/schema.org\",\"@graph\":[{\"@type\":\"WebPage\",\"@id\":\"https:\\\/\\\/wp.kristdemokraterna.se\\\/savsjo\\\/kalender\\\/\",\"url\":\"https:\\\/\\\/wp.kristdemokraterna.se\\\/savsjo\\\/kalender\\\/\",\"name\":\"Kalender - S\u00e4vsj\u00f6\",\"isPartOf\":{\"@id\":\"https:\\\/\\\/wp.kristdemokraterna.se\\\/savsjo\\\/#website\"},\"primaryImageOfPage\":{\"@id\":\"https:\\\/\\\/wp.kristdemokraterna.se\\\/savsjo\\\/kalender\\\/#primaryimage\"},\"image\":{\"@id\":\"https:\\\/\\\/wp.kristdemokraterna.se\\\/savsjo\\\/kalender\\\/#primaryimage\"},\"thumbnailUrl\":\"https:\\\/\\\/wp.kristdemokraterna.se\\\/savsjo\\\/files\\\/2014\\\/10\\\/borgmastartraning20141027.jpg\",\"datePublished\":\"2014-12-30T13:07:45+00:00\",\"dateModified\":\"2025-08-29T12:31:06+00:00\",\"breadcrumb\":{\"@id\":\"https:\\\/\\\/wp.kristdemokraterna.se\\\/savsjo\\\/kalender\\\/#breadcrumb\"},\"inLanguage\":\"sv-SE\",\"potentialAction\":[{\"@type\":\"ReadAction\",\"target\":[\"https:\\\/\\\/wp.kristdemokraterna.se\\\/savsjo\\\/kalender\\\/\"]}]},{\"@type\":\"ImageObject\",\"inLanguage\":\"sv-SE\",\"@id\":\"https:\\\/\\\/wp.kristdemokraterna.se\\\/savsjo\\\/kalender\\\/#primaryimage\",\"url\":\"https:\\\/\\\/wp.kristdemokraterna.se\\\/savsjo\\\/files\\\/2014\\\/10\\\/borgmastartraning20141027.jpg\",\"contentUrl\":\"https:\\\/\\\/wp.kristdemokraterna.se\\\/savsjo\\\/files\\\/2014\\\/10\\\/borgmastartraning20141027.jpg\",\"width\":500,\"height\":300},{\"@type\":\"BreadcrumbList\",\"@id\":\"https:\\\/\\\/wp.kristdemokraterna.se\\\/savsjo\\\/kalender\\\/#breadcrumb\",\"itemListElement\":[{\"@type\":\"ListItem\",\"position\":1,\"name\":\"Hem\",\"item\":\"https:\\\/\\\/wp.kristdemokraterna.se\\\/savsjo\\\/\"},{\"@type\":\"ListItem\",\"position\":2,\"name\":\"Kalender\"}]},{\"@type\":\"WebSite\",\"@id\":\"https:\\\/\\\/wp.kristdemokraterna.se\\\/savsjo\\\/#website\",\"url\":\"https:\\\/\\\/wp.kristdemokraterna.se\\\/savsjo\\\/\",\"name\":\"S\u00e4vsj\u00f6\",\"description\":\"\",\"inLanguage\":\"sv-SE\"}]}<\/script>\n<!-- \/ Yoast SEO plugin. -->","yoast_head_json":{"title":"Kalender - S\u00e4vsj\u00f6","robots":{"index":"index","follow":"follow","max-snippet":"max-snippet:-1","max-image-preview":"max-image-preview:large","max-video-preview":"max-video-preview:-1"},"canonical":"https:\/\/wp.kristdemokraterna.se\/savsjo\/kalender\/","og_locale":"sv_SE","og_type":"article","og_title":"Kalender - S\u00e4vsj\u00f6","og_description":"f\u00f6r Kristdemokraterna i S\u00e4vsj\u00f6 kommun\u00a0 h\u00f6sten 2025 Kommunpolitiska gruppm\u00f6ten Gruppm\u00f6ten h\u00e5lls normalt i Kommunalhuset. Mer information och anm\u00e4lan om deltagande p\u00e5 gruppm\u00f6ten g\u00f6rs till gruppledare therese.petersson@savsjo.se. Alla gruppm\u00f6ten \u00e4r klockan 18.00 om inget annat meddelas. M\u00e5ndagen den 1 september M\u00e5ndagen den 29 september M\u00e5ndagen den 3 november M\u00e5ndagen den 1 december &nbsp; Fullm\u00e4ktigegruppen Fullm\u00e4ktigegruppen tr\u00e4ffas Read More","og_url":"https:\/\/wp.kristdemokraterna.se\/savsjo\/kalender\/","og_site_name":"S\u00e4vsj\u00f6","article_modified_time":"2025-08-29T12:31:06+00:00","og_image":[{"width":500,"height":300,"url":"http:\/\/wp.kristdemokraterna.se\/savsjo\/files\/2014\/10\/borgmastartraning20141027.jpg","type":"image\/jpeg"}],"twitter_card":"summary_large_image","twitter_misc":{"Ber\u00e4knad l\u00e4stid":"1 minut"},"schema":{"@context":"https:\/\/schema.org","@graph":[{"@type":"WebPage","@id":"https:\/\/wp.kristdemokraterna.se\/savsjo\/kalender\/","url":"https:\/\/wp.kristdemokraterna.se\/savsjo\/kalender\/","name":"Kalender - S\u00e4vsj\u00f6","isPartOf":{"@id":"https:\/\/wp.kristdemokraterna.se\/savsjo\/#website"},"primaryImageOfPage":{"@id":"https:\/\/wp.kristdemokraterna.se\/savsjo\/kalender\/#primaryimage"},"image":{"@id":"https:\/\/wp.kristdemokraterna.se\/savsjo\/kalender\/#primaryimage"},"thumbnailUrl":"https:\/\/wp.kristdemokraterna.se\/savsjo\/files\/2014\/10\/borgmastartraning20141027.jpg","datePublished":"2014-12-30T13:07:45+00:00","dateModified":"2025-08-29T12:31:06+00:00","breadcrumb":{"@id":"https:\/\/wp.kristdemokraterna.se\/savsjo\/kalender\/#breadcrumb"},"inLanguage":"sv-SE","potentialAction":[{"@type":"ReadAction","target":["https:\/\/wp.kristdemokraterna.se\/savsjo\/kalender\/"]}]},{"@type":"ImageObject","inLanguage":"sv-SE","@id":"https:\/\/wp.kristdemokraterna.se\/savsjo\/kalender\/#primaryimage","url":"https:\/\/wp.kristdemokraterna.se\/savsjo\/files\/2014\/10\/borgmastartraning20141027.jpg","contentUrl":"https:\/\/wp.kristdemokraterna.se\/savsjo\/files\/2014\/10\/borgmastartraning20141027.jpg","width":500,"height":300},{"@type":"BreadcrumbList","@id":"https:\/\/wp.kristdemokraterna.se\/savsjo\/kalender\/#breadcrumb","itemListElement":[{"@type":"ListItem","position":1,"name":"Hem","item":"https:\/\/wp.kristdemokraterna.se\/savsjo\/"},{"@type":"ListItem","position":2,"name":"Kalender"}]},{"@type":"WebSite","@id":"https:\/\/wp.kristdemokraterna.se\/savsjo\/#website","url":"https:\/\/wp.kristdemokraterna.se\/savsjo\/","name":"S\u00e4vsj\u00f6","description":"","inLanguage":"sv-SE"}]}},"_links":{"self":[{"href":"https:\/\/wp.kristdemokraterna.se\/savsjo\/wp-json\/wp\/v2\/pages\/1092","targetHints":{"allow":["GET"]}}],"collection":[{"href":"https:\/\/wp.kristdemokraterna.se\/savsjo\/wp-json\/wp\/v2\/pages"}],"about":[{"href":"https:\/\/wp.kristdemokraterna.se\/savsjo\/wp-json\/wp\/v2\/types\/page"}],"author":[{"embeddable":true,"href":"https:\/\/wp.kristdemokraterna.se\/savsjo\/wp-json\/wp\/v2\/users\/430"}],"replies":[{"embeddable":true,"href":"https:\/\/wp.kristdemokraterna.se\/savsjo\/wp-json\/wp\/v2\/comments?post=1092"}],"version-history":[{"count":70,"href":"https:\/\/wp.kristdemokraterna.se\/savsjo\/wp-json\/wp\/v2\/pages\/1092\/revisions"}],"predecessor-version":[{"id":4237,"href":"https:\/\/wp.kristdemokraterna.se\/savsjo\/wp-json\/wp\/v2\/pages\/1092\/revisions\/4237"}],"wp:featuredmedia":[{"embeddable":true,"href":"https:\/\/wp.kristdemokraterna.se\/savsjo\/wp-json\/wp\/v2\/media\/886"}],"wp:attachment":[{"href":"https:\/\/wp.kristdemokraterna.se\/savsjo\/wp-json\/wp\/v2\/media?parent=1092"}],"curies":[{"name":"wp","href":"https:\/\/api.w.org\/{rel}","templated":true}]}}