{"id":116,"date":"2014-02-02T20:00:59","date_gmt":"2014-02-02T19:00:59","guid":{"rendered":"http:\/\/wp.kristdemokraterna.se\/savsjo\/?page_id=116"},"modified":"2014-02-09T21:09:49","modified_gmt":"2014-02-09T20:09:49","slug":"om-oss","status":"publish","type":"page","link":"https:\/\/wp.kristdemokraterna.se\/savsjo\/om-oss\/","title":{"rendered":"Om oss"},"content":{"rendered":"<p>I undermenyerna p\u00e5 denna flik\u00a0&#8221;Om oss&#8221; kan Du l\u00e4sa om kristdemokraterna i S\u00e4vsj\u00f6 kommun. Du kan l\u00e4sa om v\u00e5r lokalavdelning som fungerar som en vanlig f\u00f6rening. Du kan l\u00e4sa om v\u00e5ra politiker och deras uppdrag, v\u00e5r ideologi och historia.<\/p>\n","protected":false},"excerpt":{"rendered":"<p>I undermenyerna p\u00e5 denna flik\u00a0&#8221;Om oss&#8221; kan Du l\u00e4sa om kristdemokraterna i S\u00e4vsj\u00f6 kommun. Du kan l\u00e4sa om v\u00e5r lokalavdelning som fungerar som en vanlig f\u00f6rening. Du kan l\u00e4sa om v\u00e5ra politiker och deras uppdrag, v\u00e5r ideologi och historia.<\/p>\n","protected":false},"author":430,"featured_media":0,"parent":0,"menu_order":0,"comment_status":"open","ping_status":"open","template":"","meta":{"_acf_changed":false,"footnotes":""},"class_list":["post-116","page","type-page","status-publish","hentry"],"acf":[],"yoast_head":"<!-- This site is optimized with the Yoast SEO plugin v27.4 - https:\/\/yoast.com\/product\/yoast-seo-wordpress\/ -->\n<title>Om oss - S\u00e4vsj\u00f6<\/title>\n<meta name=\"robots\" content=\"index, follow, max-snippet:-1, max-image-preview:large, max-video-preview:-1\" \/>\n<link rel=\"canonical\" href=\"https:\/\/wp.kristdemokraterna.se\/savsjo\/om-oss\/\" \/>\n<meta property=\"og:locale\" content=\"sv_SE\" \/>\n<meta property=\"og:type\" content=\"article\" \/>\n<meta property=\"og:title\" content=\"Om oss - S\u00e4vsj\u00f6\" \/>\n<meta property=\"og:description\" content=\"I undermenyerna p\u00e5 denna flik\u00a0&#8221;Om oss&#8221; kan Du l\u00e4sa om kristdemokraterna i S\u00e4vsj\u00f6 kommun. Du kan l\u00e4sa om v\u00e5r lokalavdelning som fungerar som en vanlig f\u00f6rening. Du kan l\u00e4sa om v\u00e5ra politiker och deras uppdrag, v\u00e5r ideologi och historia.\" \/>\n<meta property=\"og:url\" content=\"https:\/\/wp.kristdemokraterna.se\/savsjo\/om-oss\/\" \/>\n<meta property=\"og:site_name\" content=\"S\u00e4vsj\u00f6\" \/>\n<meta property=\"article:modified_time\" content=\"2014-02-09T20:09:49+00:00\" \/>\n<meta name=\"twitter:card\" content=\"summary_large_image\" \/>\n<script type=\"application\/ld+json\" class=\"yoast-schema-graph\">{\"@context\":\"https:\\\/\\\/schema.org\",\"@graph\":[{\"@type\":\"WebPage\",\"@id\":\"https:\\\/\\\/wp.kristdemokraterna.se\\\/savsjo\\\/om-oss\\\/\",\"url\":\"https:\\\/\\\/wp.kristdemokraterna.se\\\/savsjo\\\/om-oss\\\/\",\"name\":\"Om oss - S\u00e4vsj\u00f6\",\"isPartOf\":{\"@id\":\"https:\\\/\\\/wp.kristdemokraterna.se\\\/savsjo\\\/#website\"},\"datePublished\":\"2014-02-02T19:00:59+00:00\",\"dateModified\":\"2014-02-09T20:09:49+00:00\",\"breadcrumb\":{\"@id\":\"https:\\\/\\\/wp.kristdemokraterna.se\\\/savsjo\\\/om-oss\\\/#breadcrumb\"},\"inLanguage\":\"sv-SE\",\"potentialAction\":[{\"@type\":\"ReadAction\",\"target\":[\"https:\\\/\\\/wp.kristdemokraterna.se\\\/savsjo\\\/om-oss\\\/\"]}]},{\"@type\":\"BreadcrumbList\",\"@id\":\"https:\\\/\\\/wp.kristdemokraterna.se\\\/savsjo\\\/om-oss\\\/#breadcrumb\",\"itemListElement\":[{\"@type\":\"ListItem\",\"position\":1,\"name\":\"Hem\",\"item\":\"https:\\\/\\\/wp.kristdemokraterna.se\\\/savsjo\\\/\"},{\"@type\":\"ListItem\",\"position\":2,\"name\":\"Om oss\"}]},{\"@type\":\"WebSite\",\"@id\":\"https:\\\/\\\/wp.kristdemokraterna.se\\\/savsjo\\\/#website\",\"url\":\"https:\\\/\\\/wp.kristdemokraterna.se\\\/savsjo\\\/\",\"name\":\"S\u00e4vsj\u00f6\",\"description\":\"\",\"inLanguage\":\"sv-SE\"}]}<\/script>\n<!-- \/ Yoast SEO plugin. -->","yoast_head_json":{"title":"Om oss - S\u00e4vsj\u00f6","robots":{"index":"index","follow":"follow","max-snippet":"max-snippet:-1","max-image-preview":"max-image-preview:large","max-video-preview":"max-video-preview:-1"},"canonical":"https:\/\/wp.kristdemokraterna.se\/savsjo\/om-oss\/","og_locale":"sv_SE","og_type":"article","og_title":"Om oss - S\u00e4vsj\u00f6","og_description":"I undermenyerna p\u00e5 denna flik\u00a0&#8221;Om oss&#8221; kan Du l\u00e4sa om kristdemokraterna i S\u00e4vsj\u00f6 kommun. Du kan l\u00e4sa om v\u00e5r lokalavdelning som fungerar som en vanlig f\u00f6rening. Du kan l\u00e4sa om v\u00e5ra politiker och deras uppdrag, v\u00e5r ideologi och historia.","og_url":"https:\/\/wp.kristdemokraterna.se\/savsjo\/om-oss\/","og_site_name":"S\u00e4vsj\u00f6","article_modified_time":"2014-02-09T20:09:49+00:00","twitter_card":"summary_large_image","schema":{"@context":"https:\/\/schema.org","@graph":[{"@type":"WebPage","@id":"https:\/\/wp.kristdemokraterna.se\/savsjo\/om-oss\/","url":"https:\/\/wp.kristdemokraterna.se\/savsjo\/om-oss\/","name":"Om oss - S\u00e4vsj\u00f6","isPartOf":{"@id":"https:\/\/wp.kristdemokraterna.se\/savsjo\/#website"},"datePublished":"2014-02-02T19:00:59+00:00","dateModified":"2014-02-09T20:09:49+00:00","breadcrumb":{"@id":"https:\/\/wp.kristdemokraterna.se\/savsjo\/om-oss\/#breadcrumb"},"inLanguage":"sv-SE","potentialAction":[{"@type":"ReadAction","target":["https:\/\/wp.kristdemokraterna.se\/savsjo\/om-oss\/"]}]},{"@type":"BreadcrumbList","@id":"https:\/\/wp.kristdemokraterna.se\/savsjo\/om-oss\/#breadcrumb","itemListElement":[{"@type":"ListItem","position":1,"name":"Hem","item":"https:\/\/wp.kristdemokraterna.se\/savsjo\/"},{"@type":"ListItem","position":2,"name":"Om oss"}]},{"@type":"WebSite","@id":"https:\/\/wp.kristdemokraterna.se\/savsjo\/#website","url":"https:\/\/wp.kristdemokraterna.se\/savsjo\/","name":"S\u00e4vsj\u00f6","description":"","inLanguage":"sv-SE"}]}},"_links":{"self":[{"href":"https:\/\/wp.kristdemokraterna.se\/savsjo\/wp-json\/wp\/v2\/pages\/116","targetHints":{"allow":["GET"]}}],"collection":[{"href":"https:\/\/wp.kristdemokraterna.se\/savsjo\/wp-json\/wp\/v2\/pages"}],"about":[{"href":"https:\/\/wp.kristdemokraterna.se\/savsjo\/wp-json\/wp\/v2\/types\/page"}],"author":[{"embeddable":true,"href":"https:\/\/wp.kristdemokraterna.se\/savsjo\/wp-json\/wp\/v2\/users\/430"}],"replies":[{"embeddable":true,"href":"https:\/\/wp.kristdemokraterna.se\/savsjo\/wp-json\/wp\/v2\/comments?post=116"}],"version-history":[{"count":5,"href":"https:\/\/wp.kristdemokraterna.se\/savsjo\/wp-json\/wp\/v2\/pages\/116\/revisions"}],"predecessor-version":[{"id":250,"href":"https:\/\/wp.kristdemokraterna.se\/savsjo\/wp-json\/wp\/v2\/pages\/116\/revisions\/250"}],"wp:attachment":[{"href":"https:\/\/wp.kristdemokraterna.se\/savsjo\/wp-json\/wp\/v2\/media?parent=116"}],"curies":[{"name":"wp","href":"https:\/\/api.w.org\/{rel}","templated":true}]}}