{"id":120,"date":"2014-02-02T20:04:14","date_gmt":"2014-02-02T19:04:14","guid":{"rendered":"http:\/\/wp.kristdemokraterna.se\/savsjo\/?page_id=120"},"modified":"2025-08-29T21:56:35","modified_gmt":"2025-08-29T19:56:35","slug":"styrelse-och-funktionarer","status":"publish","type":"page","link":"https:\/\/wp.kristdemokraterna.se\/savsjo\/om-oss\/styrelse-och-funktionarer\/","title":{"rendered":"Styrelse och funktion\u00e4rer"},"content":{"rendered":"<h3><em>Beslut vid \u00e5rsm\u00f6tet 20 februari 2025 om funktion\u00e4rer f\u00f6r partiavdelningen\u00a0<\/em><\/h3>\n<p><strong><u>Partiavdelningens styrelse<br \/>\n<\/u><\/strong><br \/>\natt f\u00f6r perioden fram till \u00e5rsm\u00f6tet 2026 utse en styrelse med 7 ordinarie och 3 ers\u00e4ttare<\/p>\n<p>att som styrelseledam\u00f6ter p\u00e5 2 \u00e5r utse: Ann-Catrin Ek, Miriam Brolin<\/p>\n<p>att som ers\u00e4ttare i styrelsen p\u00e5 2 \u00e5r utse: Agneta Hjalmarsson, Therese Petersson<\/p>\n<p>att som ordf\u00f6rande utse: Benjamin Petersson<br \/>\natt som vice ordf\u00f6rande utse: Johanna Danielsson, samt<br \/>\natt som sekreterare utse: Gunnel Lundgren<\/p>\n<p>P\u00e5 \u00e5rsm\u00f6tet 2024 uts\u00e5gs Benjamin Petersson, Johanna Danielsson, Jan Johansson, Samuel Nikolausson, Gunnel Lundgren p\u00e5 2 \u00e5r som ordinarie och som ers\u00e4ttare i styrelsen p\u00e5 2 \u00e5r Per-Egon Eliasson och Stefan Persson. (Per Egon Eliasson\u00a0 har valt att i f\u00f6rtid avsluta sitt tv\u00e5\u00e5riga uppdrag som ers\u00e4ttare.)<\/p>\n<p><span style=\"text-decoration: underline\"><strong>Val av revisorer och tillika granskare enligt regelverk f\u00f6r erh\u00e5llande partist\u00f6d<\/strong><\/span><\/p>\n<p>att som ordinarie revisorer utse Roland Katmark och Hugo Cruz<br \/>\natt som ers\u00e4ttare f\u00f6r revisorer utse Stefan Hj\u00e4lmeby och Jan-Peter Karlsson, samt<br \/>\natt i revisionsuppdrag ing\u00e5r att vara granskare och utf\u00e4rda granskningsintyg enligt regelverk f\u00f6r erh\u00e5llande av partist\u00f6d<\/p>\n<p><span style=\"text-decoration: underline\"><strong>Val av ombud och ers\u00e4ttare till partidistriktst\u00e4mmor, 7 ordinarie och 5 ers\u00e4ttare<\/strong><\/span><\/p>\n<p>att som ombud och ers\u00e4ttare vid distriktsst\u00e4mmor utse ordinarie och ers\u00e4ttare i partiavdelningens styrelse kompletterat med Stefan Gustafsson och Fredrik H\u00e5kansson<\/p>\n<p>att b\u00e5de ordinarie och ers\u00e4ttare i styrelsen tillsammans med Stefan Gustafsson och Fredrik H\u00e5kansson inbjuds delta i distriktsst\u00e4mmor, samt att tj\u00e4nstg\u00f6ring vid distriktsst\u00e4mma sker i bokstavsordning om fler \u00e4n 7 deltar<\/p>\n<p>att utifr\u00e5n fastlagd princip utse som ordinarie ombud: Benjamin Petersson, Johanna Danielsson, Gunnel Lundgren, Jan Johansson, Ann-Catrin Ek, Samuel Nikolausson, Miriam Brolin och som ers\u00e4ttare till ordinarie ombud utse: Therese Petersson, Agneta Hjalmarsson, Stefan Persson, Stefan Gustafsson, Fredrik H\u00e5kansson<\/p>\n<p><span style=\"text-decoration: underline\"><strong>Nominering av ombud till riksting<\/strong><\/span><\/p>\n<p>att som ombud till riksting nominera Stefan Gustafsson, Therese Petersson, Benjamin Petersson<\/p>\n<p><strong><span style=\"text-decoration: underline\">Val av kommunpolitisk gruppledare<\/span><\/strong><\/p>\n<p>att som ordinarie kommunpolitisk gruppledare utse Therese Petersson med Fredrik H\u00e5kansson som ers\u00e4ttare<\/p>\n<p><span style=\"text-decoration: underline\"><strong>Val av kass\u00f6r<\/strong><\/span><\/p>\n<p>att som kass\u00f6r utse Jan Johansson<\/p>\n<p><span style=\"text-decoration: underline\"><strong>Val av medlemsregisteransvarig<\/strong><\/span><\/p>\n<p>att som medlemsregisteransvarig utse Jan Johansson<\/p>\n<p><span style=\"text-decoration: underline\"><strong>Beslut om firmatecknare<\/strong><\/span><\/p>\n<p>att som firmatecknare f\u00f6r partiavdelningen var f\u00f6r sig utse Benjamin Petersson och<br \/>\nJan Johansson<\/p>\n<p><span style=\"text-decoration: underline\"><strong>Valberedning<\/strong><\/span><\/p>\n<p>att som valberedning inf\u00f6r \u00e5rsm\u00f6tet 2026 utse Annika Andersson, Erika Mallander Karlsson och Hugo Cruz, samt<\/p>\n<p>att Annika Andersson ska vara sammankallande.<\/p>\n<p><span style=\"text-decoration: underline\"><strong>Val av nomineringskommitt\u00e9 f\u00f6r kommunval<\/strong><\/span><\/p>\n<p>att till nomineringskommitt\u00e9 inf\u00f6r valet 2026 utse Ann-Catrin Ek, Per Danielsson, Gunnel Lundgren, Miriam Brolin och Annika Andersson,<\/p>\n<p>att som sammankallande och ordf\u00f6rande f\u00f6r nomineringskommitt\u00e9n utse Ann-Catrin Ek, samt<\/p>\n<p>att till nomineringskommitt\u00e9n adjungera gruppledare och partiavdelningsordf\u00f6rande<\/p>\n<p><span style=\"text-decoration: underline\"><strong>Val av val- och kampanjledare<\/strong><\/span><\/p>\n<p>att som val- och kampanjledare utse Fredrik H\u00e5kansson<\/p>\n","protected":false},"excerpt":{"rendered":"<p>Beslut vid \u00e5rsm\u00f6tet 20 februari 2025 om funktion\u00e4rer f\u00f6r partiavdelningen\u00a0 Partiavdelningens styrelse att f\u00f6r perioden fram till \u00e5rsm\u00f6tet 2026 utse en styrelse med 7 ordinarie och 3 ers\u00e4ttare att som styrelseledam\u00f6ter p\u00e5 2 \u00e5r utse: Ann-Catrin Ek, Miriam Brolin att som ers\u00e4ttare i styrelsen p\u00e5 2 \u00e5r utse: Agneta Hjalmarsson, Therese Petersson att som ordf\u00f6rande <a class=\"read-more-link\" href=\"https:\/\/wp.kristdemokraterna.se\/savsjo\/om-oss\/styrelse-och-funktionarer\/\">Read More<\/a><\/p>\n","protected":false},"author":430,"featured_media":0,"parent":116,"menu_order":0,"comment_status":"closed","ping_status":"closed","template":"","meta":{"_acf_changed":false,"footnotes":""},"class_list":["post-120","page","type-page","status-publish","hentry"],"acf":[],"yoast_head":"<!-- This site is optimized with the Yoast SEO plugin v27.3 - https:\/\/yoast.com\/product\/yoast-seo-wordpress\/ -->\n<title>Styrelse och funktion\u00e4rer - S\u00e4vsj\u00f6<\/title>\n<meta name=\"robots\" content=\"index, follow, max-snippet:-1, max-image-preview:large, max-video-preview:-1\" \/>\n<link rel=\"canonical\" href=\"https:\/\/wp.kristdemokraterna.se\/savsjo\/om-oss\/styrelse-och-funktionarer\/\" \/>\n<meta property=\"og:locale\" content=\"sv_SE\" \/>\n<meta property=\"og:type\" content=\"article\" \/>\n<meta property=\"og:title\" content=\"Styrelse och funktion\u00e4rer - S\u00e4vsj\u00f6\" \/>\n<meta property=\"og:description\" content=\"Beslut vid \u00e5rsm\u00f6tet 20 februari 2025 om funktion\u00e4rer f\u00f6r partiavdelningen\u00a0 Partiavdelningens styrelse att f\u00f6r perioden fram till \u00e5rsm\u00f6tet 2026 utse en styrelse med 7 ordinarie och 3 ers\u00e4ttare att som styrelseledam\u00f6ter p\u00e5 2 \u00e5r utse: Ann-Catrin Ek, Miriam Brolin att som ers\u00e4ttare i styrelsen p\u00e5 2 \u00e5r utse: Agneta Hjalmarsson, Therese Petersson att som ordf\u00f6rande Read More\" \/>\n<meta property=\"og:url\" content=\"https:\/\/wp.kristdemokraterna.se\/savsjo\/om-oss\/styrelse-och-funktionarer\/\" \/>\n<meta property=\"og:site_name\" content=\"S\u00e4vsj\u00f6\" \/>\n<meta property=\"article:modified_time\" content=\"2025-08-29T19:56:35+00:00\" \/>\n<meta name=\"twitter:card\" content=\"summary_large_image\" \/>\n<meta name=\"twitter:label1\" content=\"Ber\u00e4knad l\u00e4stid\" \/>\n\t<meta name=\"twitter:data1\" content=\"3 minuter\" \/>\n<script type=\"application\/ld+json\" class=\"yoast-schema-graph\">{\"@context\":\"https:\\\/\\\/schema.org\",\"@graph\":[{\"@type\":\"WebPage\",\"@id\":\"https:\\\/\\\/wp.kristdemokraterna.se\\\/savsjo\\\/om-oss\\\/styrelse-och-funktionarer\\\/\",\"url\":\"https:\\\/\\\/wp.kristdemokraterna.se\\\/savsjo\\\/om-oss\\\/styrelse-och-funktionarer\\\/\",\"name\":\"Styrelse och funktion\u00e4rer - S\u00e4vsj\u00f6\",\"isPartOf\":{\"@id\":\"https:\\\/\\\/wp.kristdemokraterna.se\\\/savsjo\\\/#website\"},\"datePublished\":\"2014-02-02T19:04:14+00:00\",\"dateModified\":\"2025-08-29T19:56:35+00:00\",\"breadcrumb\":{\"@id\":\"https:\\\/\\\/wp.kristdemokraterna.se\\\/savsjo\\\/om-oss\\\/styrelse-och-funktionarer\\\/#breadcrumb\"},\"inLanguage\":\"sv-SE\",\"potentialAction\":[{\"@type\":\"ReadAction\",\"target\":[\"https:\\\/\\\/wp.kristdemokraterna.se\\\/savsjo\\\/om-oss\\\/styrelse-och-funktionarer\\\/\"]}]},{\"@type\":\"BreadcrumbList\",\"@id\":\"https:\\\/\\\/wp.kristdemokraterna.se\\\/savsjo\\\/om-oss\\\/styrelse-och-funktionarer\\\/#breadcrumb\",\"itemListElement\":[{\"@type\":\"ListItem\",\"position\":1,\"name\":\"Hem\",\"item\":\"https:\\\/\\\/wp.kristdemokraterna.se\\\/savsjo\\\/\"},{\"@type\":\"ListItem\",\"position\":2,\"name\":\"Om oss\",\"item\":\"https:\\\/\\\/wp.kristdemokraterna.se\\\/savsjo\\\/om-oss\\\/\"},{\"@type\":\"ListItem\",\"position\":3,\"name\":\"Styrelse och funktion\u00e4rer\"}]},{\"@type\":\"WebSite\",\"@id\":\"https:\\\/\\\/wp.kristdemokraterna.se\\\/savsjo\\\/#website\",\"url\":\"https:\\\/\\\/wp.kristdemokraterna.se\\\/savsjo\\\/\",\"name\":\"S\u00e4vsj\u00f6\",\"description\":\"\",\"inLanguage\":\"sv-SE\"}]}<\/script>\n<!-- \/ Yoast SEO plugin. -->","yoast_head_json":{"title":"Styrelse och funktion\u00e4rer - S\u00e4vsj\u00f6","robots":{"index":"index","follow":"follow","max-snippet":"max-snippet:-1","max-image-preview":"max-image-preview:large","max-video-preview":"max-video-preview:-1"},"canonical":"https:\/\/wp.kristdemokraterna.se\/savsjo\/om-oss\/styrelse-och-funktionarer\/","og_locale":"sv_SE","og_type":"article","og_title":"Styrelse och funktion\u00e4rer - S\u00e4vsj\u00f6","og_description":"Beslut vid \u00e5rsm\u00f6tet 20 februari 2025 om funktion\u00e4rer f\u00f6r partiavdelningen\u00a0 Partiavdelningens styrelse att f\u00f6r perioden fram till \u00e5rsm\u00f6tet 2026 utse en styrelse med 7 ordinarie och 3 ers\u00e4ttare att som styrelseledam\u00f6ter p\u00e5 2 \u00e5r utse: Ann-Catrin Ek, Miriam Brolin att som ers\u00e4ttare i styrelsen p\u00e5 2 \u00e5r utse: Agneta Hjalmarsson, Therese Petersson att som ordf\u00f6rande Read More","og_url":"https:\/\/wp.kristdemokraterna.se\/savsjo\/om-oss\/styrelse-och-funktionarer\/","og_site_name":"S\u00e4vsj\u00f6","article_modified_time":"2025-08-29T19:56:35+00:00","twitter_card":"summary_large_image","twitter_misc":{"Ber\u00e4knad l\u00e4stid":"3 minuter"},"schema":{"@context":"https:\/\/schema.org","@graph":[{"@type":"WebPage","@id":"https:\/\/wp.kristdemokraterna.se\/savsjo\/om-oss\/styrelse-och-funktionarer\/","url":"https:\/\/wp.kristdemokraterna.se\/savsjo\/om-oss\/styrelse-och-funktionarer\/","name":"Styrelse och funktion\u00e4rer - S\u00e4vsj\u00f6","isPartOf":{"@id":"https:\/\/wp.kristdemokraterna.se\/savsjo\/#website"},"datePublished":"2014-02-02T19:04:14+00:00","dateModified":"2025-08-29T19:56:35+00:00","breadcrumb":{"@id":"https:\/\/wp.kristdemokraterna.se\/savsjo\/om-oss\/styrelse-och-funktionarer\/#breadcrumb"},"inLanguage":"sv-SE","potentialAction":[{"@type":"ReadAction","target":["https:\/\/wp.kristdemokraterna.se\/savsjo\/om-oss\/styrelse-och-funktionarer\/"]}]},{"@type":"BreadcrumbList","@id":"https:\/\/wp.kristdemokraterna.se\/savsjo\/om-oss\/styrelse-och-funktionarer\/#breadcrumb","itemListElement":[{"@type":"ListItem","position":1,"name":"Hem","item":"https:\/\/wp.kristdemokraterna.se\/savsjo\/"},{"@type":"ListItem","position":2,"name":"Om oss","item":"https:\/\/wp.kristdemokraterna.se\/savsjo\/om-oss\/"},{"@type":"ListItem","position":3,"name":"Styrelse och funktion\u00e4rer"}]},{"@type":"WebSite","@id":"https:\/\/wp.kristdemokraterna.se\/savsjo\/#website","url":"https:\/\/wp.kristdemokraterna.se\/savsjo\/","name":"S\u00e4vsj\u00f6","description":"","inLanguage":"sv-SE"}]}},"_links":{"self":[{"href":"https:\/\/wp.kristdemokraterna.se\/savsjo\/wp-json\/wp\/v2\/pages\/120","targetHints":{"allow":["GET"]}}],"collection":[{"href":"https:\/\/wp.kristdemokraterna.se\/savsjo\/wp-json\/wp\/v2\/pages"}],"about":[{"href":"https:\/\/wp.kristdemokraterna.se\/savsjo\/wp-json\/wp\/v2\/types\/page"}],"author":[{"embeddable":true,"href":"https:\/\/wp.kristdemokraterna.se\/savsjo\/wp-json\/wp\/v2\/users\/430"}],"replies":[{"embeddable":true,"href":"https:\/\/wp.kristdemokraterna.se\/savsjo\/wp-json\/wp\/v2\/comments?post=120"}],"version-history":[{"count":24,"href":"https:\/\/wp.kristdemokraterna.se\/savsjo\/wp-json\/wp\/v2\/pages\/120\/revisions"}],"predecessor-version":[{"id":4239,"href":"https:\/\/wp.kristdemokraterna.se\/savsjo\/wp-json\/wp\/v2\/pages\/120\/revisions\/4239"}],"up":[{"embeddable":true,"href":"https:\/\/wp.kristdemokraterna.se\/savsjo\/wp-json\/wp\/v2\/pages\/116"}],"wp:attachment":[{"href":"https:\/\/wp.kristdemokraterna.se\/savsjo\/wp-json\/wp\/v2\/media?parent=120"}],"curies":[{"name":"wp","href":"https:\/\/api.w.org\/{rel}","templated":true}]}}