{"id":1232,"date":"2015-02-18T11:07:34","date_gmt":"2015-02-18T10:07:34","guid":{"rendered":"http:\/\/wp.kristdemokraterna.se\/savsjo\/?page_id=1232"},"modified":"2019-01-09T12:17:53","modified_gmt":"2019-01-09T11:17:53","slug":"hang-med-till-stockholm-19-mars","status":"publish","type":"page","link":"https:\/\/wp.kristdemokraterna.se\/savsjo\/hang-med-till-stockholm-19-mars\/","title":{"rendered":"Information om v\u00e5ra resor"},"content":{"rendered":"<h3>P\u00e5 denna sida l\u00e4ggs ut information n\u00e4r vi planerar resor med partiavdelningen. Just nu \u00e4r ingen resa planerad men h\u00e4r nedan kan du l\u00e4sa om tidigare resor<\/h3>\n<h3><\/h3>\n<h3>Resa till \u00d6stergyllen den 9 september 2017!<\/h3>\n<p>Nu kan du den 9 september h\u00e4nga med p\u00e5 en ny trevlig resa med Kristdemokraterna i S\u00e4vsj\u00f6! Denna g\u00e5ng blir det en tur med buss till\u00a0fagra \u00d6stergyllen! I \u00d6desh\u00f6g tr\u00e4ffar vi Annicki o Magnus Oscarsson. Annicki \u00e4r kommunstyrelsens ordf\u00f6rande i \u00d6desh\u00f6gs kommun och Magnus \u00e4r riksdagsledamot med jordbruks- och landsbygdsfr\u00e5gor som fokus. Vi bes\u00f6ker Vadstena\u00a0klostermuseum med mera. L\u00e4s hela inbjudan p\u00e5 l\u00e4nken nedan. \u00a0Reseledare \u00e4r Daniel Karlsson och Sven-\u00c5ke G\u00e5rdstam. Kul om du h\u00e4nger med!<\/p>\n<p>P\u00e5 denna l\u00e4nk kan du l\u00e4sa hela inbjudan i PDF-format:\u00a0<a href=\"http:\/\/wp.kristdemokraterna.se\/savsjo\/files\/2017\/08\/kd-resa-9-sept.pdf\">\u00a0KD resa 9 sept<\/a><\/p>\n<h1>\u00a0&#8212;&#8212;&#8212;&#8212;&#8212;&#8212;&#8212;&#8212;&#8212;&#8212;&#8212;&#8212;&#8212;&#8212;&#8212;&#8212;&#8212;&#8212;&#8212;&#8212;&#8211;<\/h1>\n<h3>Information om resan till Bryssel som gjordes 2016<\/h3>\n<p>En resa till Stockholm 2015 fick s\u00e5 positiv respons att det snart v\u00e4cktes f\u00f6rslag om att g\u00f6ra en ny och \u00e4nnu mer sp\u00e4nnande resa. Sven-\u00c5ke G\u00e5rdstam och Fredrik H\u00e5kansson uts\u00e5gs till resekommitt\u00e9 och planering p\u00e5b\u00f6rjades f\u00f6r en resa till Eu-parlamentet i Bryssel som genomf\u00f6rdes 28-29 november 2016. En rapport fr\u00e5n resan har sammanst\u00e4llts av Stefan Gustafsson och den kan l\u00e4sas p\u00e5 f\u00f6ljande l\u00e4nk:\u00a0<a href=\"http:\/\/savsjo.blogspot.se\/2016\/11\/viktigaste-uppgiften-ar-fred-och-var.html\">http:\/\/savsjo.blogspot.se\/2016\/11\/viktigaste-uppgiften-ar-fred-och-var.html<\/a><\/p>\n<p>Det finns ocks\u00e5 m\u00e5nga fotografier fr\u00e5n resan som g\u00e5r att se p\u00e5 partiavdelningens sida p\u00e5 Facebook. Har du konto p\u00e5 Facebook kan du se bilderna p\u00e5 denna l\u00e4nk: <a href=\"https:\/\/www.facebook.com\/pg\/kristdemokraternasavsjo\/photos\/?tab=album&amp;album_id=1696804907208609\">https:\/\/www.facebook.com\/pg\/kristdemokraternasavsjo\/photos\/?tab=album&amp;album_id=1696804907208609<\/a><\/p>\n<p>P\u00e5 l\u00e4nken nedan hittar du hela programmet f\u00f6r resan.<\/p>\n<p><a href=\"http:\/\/wp.kristdemokraterna.se\/savsjo\/files\/2016\/11\/eu.jpg\"><img loading=\"lazy\" decoding=\"async\" class=\"alignnone size-medium wp-image-1890\" src=\"http:\/\/wp.kristdemokraterna.se\/savsjo\/files\/2016\/11\/eu-300x180.jpg\" alt=\"eu\" width=\"300\" height=\"180\" srcset=\"https:\/\/wp.kristdemokraterna.se\/savsjo\/files\/2016\/11\/eu-300x180.jpg 300w, https:\/\/wp.kristdemokraterna.se\/savsjo\/files\/2016\/11\/eu.jpg 500w\" sizes=\"auto, (max-width: 300px) 100vw, 300px\" \/><\/a><\/p>\n<p>P\u00e5 f\u00f6ljande l\u00e4nk kan du ladda ner senaste informationen om resan:<\/p>\n<p><a href=\"http:\/\/wp.kristdemokraterna.se\/savsjo\/files\/2015\/02\/programnybryssel2016.pdf\">programnybryssel2016<\/a><\/p>\n<h1>\u00a0&#8212;&#8212;&#8212;&#8212;&#8212;&#8212;&#8212;&#8212;&#8212;&#8212;&#8212;&#8212;&#8212;&#8212;&#8212;&#8212;&#8212;&#8212;&#8212;&#8212;&#8211;<\/h1>\n<h3>Information om resan till Stockholm som gjordes 2015<\/h3>\n<p>Information om v\u00e5r resa till Stockholm 19 mars 2015 kan l\u00e4sas p\u00e5 denna l\u00e4nk:<br \/>\n<a href=\"http:\/\/wp.kristdemokraterna.se\/savsjo\/savsjos-kristdemokrater-intog-i-riksdagen\/\">http:\/\/wp.kristdemokraterna.se\/savsjo\/savsjos-kristdemokrater-intog-i-riksdagen\/<\/a><\/p>\n<p>&nbsp;<\/p>\n<p>H\u00e4r nedan kan du sedan inbjudan som gick ut till Stockholmsresan 2015<br \/>\nDu inbjuds att f\u00f6lj med p\u00e5 en h\u00e4rlig heldagsresa till Stockholm med bes\u00f6k i Riksdagen tillsammans med v\u00e5r riksdagsledamot Andreas Carlson.<\/p>\n<p><strong>Datum:<\/strong><br \/>\nTorsdag 19 mars 2015<\/p>\n<p><strong>Avresa:<\/strong><br \/>\nMed t\u00e5g fr\u00e5n N\u00e4ssj\u00f6 07.07 och vi \u00e4r tillbaka i N\u00e4ssj\u00f6 21.48.<br \/>\nSam\u00e5kning sker fr\u00e5n parkeringen vid kommunalhuset i S\u00e4vsj\u00f6 klockan 06.15<\/p>\n<p><strong>Kostnad:<\/strong><br \/>\nEndast 400 kr f\u00f6r hela resan. Du st\u00e5r f\u00f6r egen kostnad f\u00f6r lunch, fika och middag.<\/p>\n<p><strong>Anm\u00e4lan:<\/strong><br \/>\nSker l\u00e4ngre ner p\u00e5 denna sida. Antalet platser \u00e4r begr\u00e4nsat och det \u00e4r \u201dF\u00f6rst till kvarn\u201d som g\u00e4ller, s\u00e5 anm\u00e4l dig genast!<\/p>\n<p>&nbsp;<\/p>\n<p><strong>H\u00e4ng med genom att anm\u00e4la dig p\u00e5 detta\u00a0formul\u00e4r:<\/strong><\/p>\n\n<div class=\"wpcf7 no-js\" id=\"wpcf7-f1231-o1\" lang=\"sv-SE\" dir=\"ltr\" data-wpcf7-id=\"1231\">\n<div class=\"screen-reader-response\"><p role=\"status\" aria-live=\"polite\" aria-atomic=\"true\"><\/p> <ul><\/ul><\/div>\n<form action=\"\/savsjo\/wp-json\/wp\/v2\/pages\/1232#wpcf7-f1231-o1\" method=\"post\" class=\"wpcf7-form init\" aria-label=\"Kontaktformul\u00e4r\" novalidate=\"novalidate\" data-status=\"init\">\n<fieldset class=\"hidden-fields-container\"><input type=\"hidden\" name=\"_wpcf7\" value=\"1231\" \/><input type=\"hidden\" name=\"_wpcf7_version\" value=\"6.1.5\" \/><input type=\"hidden\" name=\"_wpcf7_locale\" value=\"sv_SE\" \/><input type=\"hidden\" name=\"_wpcf7_unit_tag\" value=\"wpcf7-f1231-o1\" \/><input type=\"hidden\" name=\"_wpcf7_container_post\" value=\"0\" \/><input type=\"hidden\" name=\"_wpcf7_posted_data_hash\" value=\"\" \/>\n<\/fieldset>\n<p>Jag vill f\u00f6lja med p\u00e5 resan till Stockholm:\n<\/p>\n<p><span class=\"wpcf7-form-control-wrap\" data-name=\"your-name\"><input size=\"40\" maxlength=\"400\" class=\"wpcf7-form-control wpcf7-text wpcf7-validates-as-required\" aria-required=\"true\" aria-invalid=\"false\" value=\"\" type=\"text\" name=\"your-name\" \/><\/span>\n<\/p>\n<p>Din epost: (obligatorisk)\n<\/p>\n<p><span class=\"wpcf7-form-control-wrap\" data-name=\"your-email\"><input size=\"40\" maxlength=\"400\" class=\"wpcf7-form-control wpcf7-email wpcf7-validates-as-required wpcf7-text wpcf7-validates-as-email\" aria-required=\"true\" aria-invalid=\"false\" value=\"\" type=\"email\" name=\"your-email\" \/><\/span>\n<\/p>\n<p>Adress och nummer till mobiltelefon:\n<\/p>\n<p><span class=\"wpcf7-form-control-wrap\" data-name=\"your-message\"><textarea cols=\"40\" rows=\"10\" maxlength=\"2000\" class=\"wpcf7-form-control wpcf7-textarea\" aria-invalid=\"false\" name=\"your-message\"><\/textarea><\/span>\n<\/p>\n<p><input class=\"wpcf7-form-control wpcf7-submit has-spinner\" type=\"submit\" value=\"Skicka\" \/>\n<\/p><div class=\"wpcf7-response-output\" aria-hidden=\"true\"><\/div>\n<\/form>\n<\/div>\n\n<p>Efter din anm\u00e4lan f\u00e5r du en bekr\u00e4ftelse p\u00e5 mejl om du kommer med p\u00e5 resan. D\u00e5 ska Du betala in 400 kronor p\u00e5 v\u00e5rt bankgiro 5954-1540 f\u00f6r att din anm\u00e4lan ska vara giltig och din plats p\u00e5 t\u00e5get ska reserveras! F\u00f6rhoppningen \u00e4r att vi blir riktigt m\u00e5nga, antalet begr\u00e4nsas av hur m\u00e5nga lediga platser som finns p\u00e5 t\u00e5get.<\/p>\n<p>V\u00e5r egen ciceron och reseledare f\u00f6r dagen \u00e4r Fredrik H\u00e5kansson. Har du fr\u00e5gor s\u00e5 kontakta g\u00e4rna honom p\u00e5 mejl fredrik@powerpictures.se eller via mobil 0735-323120, 0382-12166.<\/p>\n","protected":false},"excerpt":{"rendered":"<p>P\u00e5 denna sida l\u00e4ggs ut information n\u00e4r vi planerar resor med partiavdelningen. Just nu \u00e4r ingen resa planerad men h\u00e4r nedan kan du l\u00e4sa om tidigare resor Resa till \u00d6stergyllen den 9 september 2017! Nu kan du den 9 september h\u00e4nga med p\u00e5 en ny trevlig resa med Kristdemokraterna i S\u00e4vsj\u00f6! Denna g\u00e5ng blir det <a class=\"read-more-link\" href=\"https:\/\/wp.kristdemokraterna.se\/savsjo\/hang-med-till-stockholm-19-mars\/\">Read More<\/a><\/p>\n","protected":false},"author":430,"featured_media":0,"parent":0,"menu_order":0,"comment_status":"closed","ping_status":"closed","template":"","meta":{"_acf_changed":false,"footnotes":""},"class_list":["post-1232","page","type-page","status-publish","hentry"],"acf":[],"yoast_head":"<!-- This site is optimized with the Yoast SEO plugin v27.3 - https:\/\/yoast.com\/product\/yoast-seo-wordpress\/ -->\n<title>Information om v\u00e5ra resor - S\u00e4vsj\u00f6<\/title>\n<meta name=\"robots\" content=\"index, follow, max-snippet:-1, max-image-preview:large, max-video-preview:-1\" \/>\n<link rel=\"canonical\" href=\"https:\/\/wp.kristdemokraterna.se\/savsjo\/hang-med-till-stockholm-19-mars\/\" \/>\n<meta property=\"og:locale\" content=\"sv_SE\" \/>\n<meta property=\"og:type\" content=\"article\" \/>\n<meta property=\"og:title\" content=\"Information om v\u00e5ra resor - S\u00e4vsj\u00f6\" \/>\n<meta property=\"og:description\" content=\"P\u00e5 denna sida l\u00e4ggs ut information n\u00e4r vi planerar resor med partiavdelningen. Just nu \u00e4r ingen resa planerad men h\u00e4r nedan kan du l\u00e4sa om tidigare resor Resa till \u00d6stergyllen den 9 september 2017! Nu kan du den 9 september h\u00e4nga med p\u00e5 en ny trevlig resa med Kristdemokraterna i S\u00e4vsj\u00f6! Denna g\u00e5ng blir det Read More\" \/>\n<meta property=\"og:url\" content=\"https:\/\/wp.kristdemokraterna.se\/savsjo\/hang-med-till-stockholm-19-mars\/\" \/>\n<meta property=\"og:site_name\" content=\"S\u00e4vsj\u00f6\" \/>\n<meta property=\"article:modified_time\" content=\"2019-01-09T11:17:53+00:00\" \/>\n<meta property=\"og:image\" content=\"http:\/\/wp.kristdemokraterna.se\/savsjo\/files\/2016\/11\/eu-300x180.jpg\" \/>\n<meta name=\"twitter:card\" content=\"summary_large_image\" \/>\n<meta name=\"twitter:label1\" content=\"Ber\u00e4knad l\u00e4stid\" \/>\n\t<meta name=\"twitter:data1\" content=\"3 minuter\" \/>\n<script type=\"application\/ld+json\" class=\"yoast-schema-graph\">{\"@context\":\"https:\\\/\\\/schema.org\",\"@graph\":[{\"@type\":\"WebPage\",\"@id\":\"https:\\\/\\\/wp.kristdemokraterna.se\\\/savsjo\\\/hang-med-till-stockholm-19-mars\\\/\",\"url\":\"https:\\\/\\\/wp.kristdemokraterna.se\\\/savsjo\\\/hang-med-till-stockholm-19-mars\\\/\",\"name\":\"Information om v\u00e5ra resor - S\u00e4vsj\u00f6\",\"isPartOf\":{\"@id\":\"https:\\\/\\\/wp.kristdemokraterna.se\\\/savsjo\\\/#website\"},\"primaryImageOfPage\":{\"@id\":\"https:\\\/\\\/wp.kristdemokraterna.se\\\/savsjo\\\/hang-med-till-stockholm-19-mars\\\/#primaryimage\"},\"image\":{\"@id\":\"https:\\\/\\\/wp.kristdemokraterna.se\\\/savsjo\\\/hang-med-till-stockholm-19-mars\\\/#primaryimage\"},\"thumbnailUrl\":\"http:\\\/\\\/wp.kristdemokraterna.se\\\/savsjo\\\/files\\\/2016\\\/11\\\/eu-300x180.jpg\",\"datePublished\":\"2015-02-18T10:07:34+00:00\",\"dateModified\":\"2019-01-09T11:17:53+00:00\",\"breadcrumb\":{\"@id\":\"https:\\\/\\\/wp.kristdemokraterna.se\\\/savsjo\\\/hang-med-till-stockholm-19-mars\\\/#breadcrumb\"},\"inLanguage\":\"sv-SE\",\"potentialAction\":[{\"@type\":\"ReadAction\",\"target\":[\"https:\\\/\\\/wp.kristdemokraterna.se\\\/savsjo\\\/hang-med-till-stockholm-19-mars\\\/\"]}]},{\"@type\":\"ImageObject\",\"inLanguage\":\"sv-SE\",\"@id\":\"https:\\\/\\\/wp.kristdemokraterna.se\\\/savsjo\\\/hang-med-till-stockholm-19-mars\\\/#primaryimage\",\"url\":\"https:\\\/\\\/wp.kristdemokraterna.se\\\/savsjo\\\/files\\\/2016\\\/11\\\/eu.jpg\",\"contentUrl\":\"https:\\\/\\\/wp.kristdemokraterna.se\\\/savsjo\\\/files\\\/2016\\\/11\\\/eu.jpg\",\"width\":500,\"height\":300},{\"@type\":\"BreadcrumbList\",\"@id\":\"https:\\\/\\\/wp.kristdemokraterna.se\\\/savsjo\\\/hang-med-till-stockholm-19-mars\\\/#breadcrumb\",\"itemListElement\":[{\"@type\":\"ListItem\",\"position\":1,\"name\":\"Hem\",\"item\":\"https:\\\/\\\/wp.kristdemokraterna.se\\\/savsjo\\\/\"},{\"@type\":\"ListItem\",\"position\":2,\"name\":\"Information om v\u00e5ra resor\"}]},{\"@type\":\"WebSite\",\"@id\":\"https:\\\/\\\/wp.kristdemokraterna.se\\\/savsjo\\\/#website\",\"url\":\"https:\\\/\\\/wp.kristdemokraterna.se\\\/savsjo\\\/\",\"name\":\"S\u00e4vsj\u00f6\",\"description\":\"\",\"inLanguage\":\"sv-SE\"}]}<\/script>\n<!-- \/ Yoast SEO plugin. -->","yoast_head_json":{"title":"Information om v\u00e5ra resor - S\u00e4vsj\u00f6","robots":{"index":"index","follow":"follow","max-snippet":"max-snippet:-1","max-image-preview":"max-image-preview:large","max-video-preview":"max-video-preview:-1"},"canonical":"https:\/\/wp.kristdemokraterna.se\/savsjo\/hang-med-till-stockholm-19-mars\/","og_locale":"sv_SE","og_type":"article","og_title":"Information om v\u00e5ra resor - S\u00e4vsj\u00f6","og_description":"P\u00e5 denna sida l\u00e4ggs ut information n\u00e4r vi planerar resor med partiavdelningen. Just nu \u00e4r ingen resa planerad men h\u00e4r nedan kan du l\u00e4sa om tidigare resor Resa till \u00d6stergyllen den 9 september 2017! Nu kan du den 9 september h\u00e4nga med p\u00e5 en ny trevlig resa med Kristdemokraterna i S\u00e4vsj\u00f6! Denna g\u00e5ng blir det Read More","og_url":"https:\/\/wp.kristdemokraterna.se\/savsjo\/hang-med-till-stockholm-19-mars\/","og_site_name":"S\u00e4vsj\u00f6","article_modified_time":"2019-01-09T11:17:53+00:00","og_image":[{"url":"http:\/\/wp.kristdemokraterna.se\/savsjo\/files\/2016\/11\/eu-300x180.jpg","type":"","width":"","height":""}],"twitter_card":"summary_large_image","twitter_misc":{"Ber\u00e4knad l\u00e4stid":"3 minuter"},"schema":{"@context":"https:\/\/schema.org","@graph":[{"@type":"WebPage","@id":"https:\/\/wp.kristdemokraterna.se\/savsjo\/hang-med-till-stockholm-19-mars\/","url":"https:\/\/wp.kristdemokraterna.se\/savsjo\/hang-med-till-stockholm-19-mars\/","name":"Information om v\u00e5ra resor - S\u00e4vsj\u00f6","isPartOf":{"@id":"https:\/\/wp.kristdemokraterna.se\/savsjo\/#website"},"primaryImageOfPage":{"@id":"https:\/\/wp.kristdemokraterna.se\/savsjo\/hang-med-till-stockholm-19-mars\/#primaryimage"},"image":{"@id":"https:\/\/wp.kristdemokraterna.se\/savsjo\/hang-med-till-stockholm-19-mars\/#primaryimage"},"thumbnailUrl":"http:\/\/wp.kristdemokraterna.se\/savsjo\/files\/2016\/11\/eu-300x180.jpg","datePublished":"2015-02-18T10:07:34+00:00","dateModified":"2019-01-09T11:17:53+00:00","breadcrumb":{"@id":"https:\/\/wp.kristdemokraterna.se\/savsjo\/hang-med-till-stockholm-19-mars\/#breadcrumb"},"inLanguage":"sv-SE","potentialAction":[{"@type":"ReadAction","target":["https:\/\/wp.kristdemokraterna.se\/savsjo\/hang-med-till-stockholm-19-mars\/"]}]},{"@type":"ImageObject","inLanguage":"sv-SE","@id":"https:\/\/wp.kristdemokraterna.se\/savsjo\/hang-med-till-stockholm-19-mars\/#primaryimage","url":"https:\/\/wp.kristdemokraterna.se\/savsjo\/files\/2016\/11\/eu.jpg","contentUrl":"https:\/\/wp.kristdemokraterna.se\/savsjo\/files\/2016\/11\/eu.jpg","width":500,"height":300},{"@type":"BreadcrumbList","@id":"https:\/\/wp.kristdemokraterna.se\/savsjo\/hang-med-till-stockholm-19-mars\/#breadcrumb","itemListElement":[{"@type":"ListItem","position":1,"name":"Hem","item":"https:\/\/wp.kristdemokraterna.se\/savsjo\/"},{"@type":"ListItem","position":2,"name":"Information om v\u00e5ra resor"}]},{"@type":"WebSite","@id":"https:\/\/wp.kristdemokraterna.se\/savsjo\/#website","url":"https:\/\/wp.kristdemokraterna.se\/savsjo\/","name":"S\u00e4vsj\u00f6","description":"","inLanguage":"sv-SE"}]}},"_links":{"self":[{"href":"https:\/\/wp.kristdemokraterna.se\/savsjo\/wp-json\/wp\/v2\/pages\/1232","targetHints":{"allow":["GET"]}}],"collection":[{"href":"https:\/\/wp.kristdemokraterna.se\/savsjo\/wp-json\/wp\/v2\/pages"}],"about":[{"href":"https:\/\/wp.kristdemokraterna.se\/savsjo\/wp-json\/wp\/v2\/types\/page"}],"author":[{"embeddable":true,"href":"https:\/\/wp.kristdemokraterna.se\/savsjo\/wp-json\/wp\/v2\/users\/430"}],"replies":[{"embeddable":true,"href":"https:\/\/wp.kristdemokraterna.se\/savsjo\/wp-json\/wp\/v2\/comments?post=1232"}],"version-history":[{"count":36,"href":"https:\/\/wp.kristdemokraterna.se\/savsjo\/wp-json\/wp\/v2\/pages\/1232\/revisions"}],"predecessor-version":[{"id":2904,"href":"https:\/\/wp.kristdemokraterna.se\/savsjo\/wp-json\/wp\/v2\/pages\/1232\/revisions\/2904"}],"wp:attachment":[{"href":"https:\/\/wp.kristdemokraterna.se\/savsjo\/wp-json\/wp\/v2\/media?parent=1232"}],"curies":[{"name":"wp","href":"https:\/\/api.w.org\/{rel}","templated":true}]}}