{"id":133,"date":"2014-02-02T20:39:11","date_gmt":"2014-02-02T19:39:11","guid":{"rendered":"http:\/\/wp.kristdemokraterna.se\/savsjo\/?page_id=133"},"modified":"2022-12-05T11:52:03","modified_gmt":"2022-12-05T10:52:03","slug":"historia","status":"publish","type":"page","link":"https:\/\/wp.kristdemokraterna.se\/savsjo\/om-oss\/historia\/","title":{"rendered":"Historia"},"content":{"rendered":"<h1>Kristdemokraternas ber\u00e4ttelse i S\u00e4vsj\u00f6 kommun<\/h1>\n<p>Strax efter andra v\u00e4rldskrigets slut bildades en rad kristdemokratiska partier runt om i Europa. Det var en uppr\u00f6rd reaktion mot nazismen och den nedv\u00e4rdering av m\u00e4nniskov\u00e4rdet som \u00e4gt rum under andra v\u00e4rldskriget. I n\u00e5gra av Europas l\u00e4nder fick fascismen eller kommunismen stor framg\u00e5ng men m\u00e5nga m\u00e4nniskor kunde inte k\u00e4nna sig hemma i n\u00e5gon av de politiska motpolerna. De ville ha ett annat alternativ, d\u00e4r m\u00e4nniskans unika okr\u00e4nkbara v\u00e4rde sattes i centrum och d\u00e4r ansvaret f\u00f6r med m\u00e4nniskorna och milj\u00f6n lyftes fram. De blev kristdemokrater. \u00c4ven i Sverige tr\u00e4ngdes de normer och v\u00e4rderingar som under l\u00e5ng tid pr\u00e4glat v\u00e5rt samh\u00e4lle undan och gr\u00e4nserna mellan vad som tidigare ansetts vara r\u00e4tt och fel b\u00f6rjade suddas ut.<\/p>\n<p>Den stora striden mellan f\u00f6retr\u00e4darna f\u00f6r en kristen m\u00e4nniskosyn, och de som ville ha ett v\u00e4rdeneutralt samh\u00e4lle, kom att st\u00e5 omkring ett nytt f\u00f6rslag till l\u00e4roplan d\u00e4r kristendoms\u00e4mnet skulle minskas kraftigt. Som en reaktion mot detta startades en landsomfattande namninsamling som p\u00e5 kort tid fick ihop 2,1 miljoner namn. Allts\u00e5 en av de st\u00f6rsta folkliga manifestationerna i modern tid. Den enorma uppslutningen nonchalerades av regeringen och f\u00f6rslaget antogs av riksdagen.<\/p>\n<p>Den 20 mars 1964 samlades 75 personer i Stockholm f\u00f6r att bilda ett nytt kristdemokratiskt parti. Fr\u00e5n b\u00f6rjan pr\u00e4glades partiets politik mycket av en protest mot den utvecklingen i samh\u00e4llet, som innebar att staten och olika institutioner som till exempel skolan skulle vara helt neutrala n\u00e4r det g\u00e4ller vilken etik och moral som skulle r\u00e5da. Partiets namn blev f\u00f6rst Kristen Demokratisk Samling (KDS). Partiets f\u00f6rste partiledare var Birger Ekstedt. Efter Ekstedts d\u00f6d 1972, blev Alf Svensson partiordf\u00f6rande i januari 1973. En post som Alf Svensson hade i 31 \u00e5r. Han \u00e4r d\u00e4rmed den som varit partiledare under l\u00e4ngst tid i svensk politik. Han avgick vid ett extra riksting i april 2004 och eftertr\u00e4ddes av G\u00f6ran H\u00e4gglund. Ebba Busch Thor blev\u00a0 partiledare f\u00f6r Kristdemokraterna den 25 april 2015.<\/p>\n<p>&nbsp;<\/p>\n<p><strong>Valresultat i riksdagsvalet<\/strong><\/p>\n<p>Partiets valsiffror var relativt blygsamma under en l\u00e5ng rad av val. De pendlade mellan 1,4 procent och 1,9 procent under \u00e5ren 1964-1982. I valet 1985 ingick partiet valsamverkan med centerpartiet. R\u00f6stutfallet blev 2,6 procent inom valkartellen och partiet fick ett mandat i riksdagen. Alf Svensson blev invald. Inf\u00f6r valet 1988 upph\u00f6rde valsamverkan och partiet fick 2,9 procent och blev utan riksdagsmandat. Vid valet 1991 fick partiet ett genombrott med 7,1 procent. 26 riksdagsledam\u00f6ter blev valda och partiet fick ocks\u00e5 regeringsansvar tillsammans med centerpartiet, folkpartiet och moderaterna. Kristdemokraterna besatte tre ministerposter i regeringen, partiledaren Alf Svensson blev bist\u00e5ndsminister och vice utrikesminister, Inger Davidson blev civilminister och Mats Odell kommunikationsminister. Vid valet 1994 fick partiet 4,1 procent av r\u00f6sterna med 15 mandat i riksdagen och partiet blev \u00e5ter oppositionsparti. Kristdemokraterna hade kommit till Riksdagen f\u00f6r att stanna.<\/p>\n<p>I valet 1998 gjorde Kristdemokraterna sitt b\u00e4sta resultat hittills i riksdagsvalet och hamnade p\u00e5 11,77%. Inf\u00f6r valet 2006 bildades ett allianssamarbete som ledde fram till gemensam valseger f\u00f6r allianspartierna som fick m\u00f6jlighet att bilda regering.<\/p>\n<p>I valet 2010 fick alliansregeringen \u00e5terigen f\u00f6rnyat f\u00f6rtroende och Kristdemokraterna G\u00f6ran H\u00e4gglund och Maria Larsson fick forts\u00e4tta som ministrar i socialdepartementet. G\u00f6ran H\u00e4gglund med titeln socialminister, Maria Larsson f\u00e5r ansvar f\u00f6r barnr\u00e4ttsfr\u00e5gorna och f\u00e5r titeln barn- och \u00e4ldreminister. Stefan Attefall \u00e4r ny p\u00e5 socialdepartementet och ska ansvara f\u00f6r bostads- och byggnadspolitik samt f\u00f6r fr\u00e5gor som r\u00f6r det statliga st\u00f6det till trossamfunden. I riksdagsvalet 2014 blev det en tillbakag\u00e5ng till 4,57% och hela alliansregeringen hamnade i opposition efter en j\u00e4mn valr\u00f6relse.<\/p>\n<p>I riksdagsvalet 2018 blev det ett mycket bra resultat! Kristdemokraterna beskrevs av m\u00e5nga som utr\u00e4knade \u00e4nda fram till bara n\u00e5gra veckor innan valet. Med en mycket stark valspurt \u00f6ver hela Sverige och med den formidabla succ\u00e9 som partiledaren Ebba Busch Thor gjorde i valdebatterna s\u00e5 v\u00e4ndes den 20-\u00e5riga ned\u00e5tg\u00e5ende trenden och Kristdemokraterna fick ett valresultat p\u00e5 hela 6,4 procent.<\/p>\n<p>&nbsp;<\/p>\n<p><strong>Valresultat i kommunvalet<\/strong><\/p>\n<p>I kommunvalet i S\u00e4vsj\u00f6 kommun har partiet genom \u00e5ren haft stora framg\u00e5ngar. Vid valet 1991 hade Kristdemokraterna 17,9 procent, i valet 1994 13,6 procent. Vid kommunvalet 1998 fick kd i S\u00e4vsj\u00f6 kommun f\u00f6r f\u00f6rsta g\u00e5ngen \u00f6ver 20% av r\u00f6sterna och d\u00e4rmed 10 mandat i kommunfullm\u00e4ktige.<br \/>\nModeraterna fick posten som ordf\u00f6rande i kommunstyrelsen och tj\u00e4nsten som kommunalr\u00e5d. P\u00e5 grund av sjukdom tvingades det s\u00e5 sm\u00e5ningom fram en f\u00f6r\u00e4ndring och det d\u00e5varande kommunalr\u00e5dets tj\u00e4nst upph\u00f6rde med ett fullm\u00e4ktigebeslut den 29 maj \u00e5r 2000. Kristdemokraten Stefan Gustafsson fick tillf\u00e4lligt ta sig an uppdraget i egenskap av 1:e vice ordf\u00f6rande i kommunstyrelsen.<\/p>\n<p>Efter f\u00f6rhandlingarna mellan partierna om vem som skulle bli nytt kommunalr\u00e5d i S\u00e4vsj\u00f6 s\u00e5 konstaterades att moderaterna inte hade n\u00e5gon ny kandidat i och det gick en v\u00e4djan till Kristdemokraterna att forts\u00e4tta arbetet till mandatperioden slut som en &#8221;n\u00f6dl\u00f6sning&#8221;. Vid en presskonferens p\u00e5 m\u00e5ndagen 7\/8 \u00e5r 2000 tillk\u00e4nnagav f\u00f6rhandlingsgruppens ordf\u00f6rande Roland Carlsson (c) att som nytt kommunalr\u00e5d och ordf\u00f6rande i kommunstyrelsen i S\u00e4vsj\u00f6 blir Stefan Gustafsson (kd). Med detta val fick S\u00e4vsj\u00f6 sitt f\u00f6rsta kristdemokratiska kommunalr\u00e5d och dessutom det yngsta kommunalr\u00e5det som n\u00e5gonsin funnits i kommunen. M\u00e5ndagen 28 augusti valde fullm\u00e4ktige i S\u00e4vsj\u00f6 Stefan Gustafsson kd till nytt kommunalr\u00e5d.<\/p>\n<p>I kommunvalet 2002 gjorde kristdemokraterna i S\u00e4vsj\u00f6 kommun ett rekordval och \u00f6kade fr\u00e5n 10 mandat till 12 mandat i fullm\u00e4ktige och har sedan dess varit kommunens st\u00f6rsta alliansparti. Att notera \u00e4r att exempelvis i R\u00f6rviksomr\u00e5det fick kd hela 41,4%. Totalt hamnade partiet p\u00e5 24,8% och \u00f6kade totalt med 3,9%. Det goda valresultatet medf\u00f6rde att partiet i egen kraft fortsatte p\u00e5 ordf\u00f6randeposten i kommunstyrelsen och innehar sedan dess kommunalr\u00e5dstj\u00e4nsten i kommunen. Kommunvalet 2006 blev en ny framg\u00e5ng f\u00f6r Kristdemokraterna med en ytterligare \u00f6kning p\u00e5 n\u00e4stan 1 procent till totalt 25,6 procent. I valet 2010 backade partiet tillbaka till n\u00e5got och hamnade p\u00e5 21 procent.<\/p>\n<p>I valet 2014 gick \u00e5ter Kristdemokraterna fram starkt i S\u00e4vsj\u00f6 kommun och fick 23,23% i kommunvalet. Med valframg\u00e5ngen i kommunvalet 2014 blev det ocks\u00e5 en kristdemokrat som fick uppgiften som fullm\u00e4ktiges ordf\u00f6rande. Detta uppdrag har sedan dess axlats p\u00e5 ett mycket bra s\u00e4tt av Per Danielsson.<\/p>\n<p>I valet 2018 s\u00e5 \u00f6kade f\u00f6rtroendet \u00e4n en g\u00e5ng rej\u00e4lt i alla S\u00e4vsj\u00f6 kommuns valkretsar och partiet hamnade p\u00e5 29,4%. I kommunvalet \u00e4r det en \u00f6kning med 6,1%. Det innebar 3 nya mandat och att Kristdemokraterna f\u00f6r f\u00f6rsta g\u00e5ngen \u00e4r kommunens st\u00f6rsta parti.\u00a0\u00d6kningen i kommunvalet i S\u00e4vsj\u00f6 \u00e4r tre g\u00e5nger st\u00f6rre och det samlade resultatet ungef\u00e4r dubbelt s\u00e5 h\u00f6gt som f\u00f6r kristdemokraterna i andra kommuner i l\u00e4net.<\/p>\n<p>N\u00e4r personkryssen p\u00e5 valsedlarna i kommunvalet r\u00e4knats\u00a0visade det att Kristdemokraten Stefan Gustafsson f\u00f6r andra valet i rad fick mest personkryss av alla politiker i kommunen.<\/p>\n<p>Efter valet har en \u00f6verenskommelse om samverkan har gjorts mellan Kristdemokraterna, Centern och Socialdemokraterna som f\u00f6ljer traditionen med breda block\u00f6verskridande samf\u00f6rst\u00e5ndsl\u00f6sningar i politiken i S\u00e4vsj\u00f6 kommun. Kristdemokraterna fick en god tilldelning av ordf\u00f6randeuppdrag enligt f\u00f6ljande: Hugo Cruz-\u00f6verf\u00f6rmyndarn\u00e4mnd, Stefan Gustafsson-Kommunstyrelsen, Fredrik H\u00e5kansson-Barn- och utbildningsn\u00e4mnd, Johanna Danielsson-Savman, Sven-\u00c5ke G\u00e5rdstam-ABSI, Therese Petersson-S\u00e4vebo, Per Danielsson-fullm\u00e4ktige.<\/p>\n<p>Med den nya mandatperioden s\u00e5 l\u00e4mnande Thomas Wilhelmsson uppdraget som kommunrevisor. Ett uppdrag han haft uppdraget som kommunrevisor \u00e4nda sedan november 1973. Anna-Karin Yngvesson l\u00e4mnade uppdraget som ordf\u00f6rande i barn- och utbildningsn\u00e4mnden, ett uppdrag hon haft sedan 2003. Anna-Karin och Thomas tv\u00e5 politiker som gjort en fantastisk insats f\u00f6r Kristdemokraterna och f\u00f6r S\u00e4vsj\u00f6 kommun.<\/p>\n<p>\u00c5ren i S\u00e4vsj\u00f6 kommun med kristdemokratiskt styre har varit framg\u00e5ngsrika och medf\u00f6rt att kommunen v\u00e4nt fr\u00e5n stagnation till tillv\u00e4xt. Under mandatperioderna fram till 2022 har kristdemokraterna g\u00e5tt i spetsen f\u00f6r ett arbete med kommunens vision, en kommunal utvecklingsstrategi. Denna &#8221;US&#8221; \u00e4r kommunens fr\u00e4msta styrdokument och har varit utg\u00e5ngspunkt f\u00f6r framtagande av fokusomr\u00e5den till fullm\u00e4ktige och n\u00e4mnder. Under mandatperioden har arbetet bedrivits utifr\u00e5n devisen ENGAGEMANG, ERFARENHET OCH SAMVERKAN f\u00f6r hela S\u00e4vsj\u00f6 kommuns b\u00e4sta!<\/p>\n<p>I kommunvalet 2022 \u00f6kade f\u00f6rtroendet till en ny rekordniv\u00e5 och partiet hamnade p\u00e5 31,32%. Therese Petersson lanserades som nytt kommunalr\u00e5d efter Stefan Gustafsson och fick i valet ett stort personligt f\u00f6rtroende med hela 519 kryss. Efter valet har beslutats om fortsatt styre av kommunen tillsammans med Socialdemokraterna och Centerpartiet. Therese Petersson \u00e4r utsedd som partiets nya gruppledare och fr\u00e5n 1 januari som ny ordf\u00f6rande i kommunstyrelsen. \u00d6vriga ordf\u00f6rande \u00e4r Stefan Gustafsson Fullm\u00e4ktige, Fredrik H\u00e5kansson barn- och utbildning, Samuel Bengtsson Savman och Benjamin Petersson ABSI, Samuel Nickolausson S\u00e4vebo. <\/p>\n<p>&nbsp;<\/p>\n<p><strong>Statistik \u00f6ver valresultat i kommunvalet f\u00f6r<br \/>\nkristdemokraterna i S\u00e4vsj\u00f6 kommun under 20 \u00e5r:<\/strong><\/p>\n<p>1994 13,6% \u00a0(1030 r\u00f6ster)<br \/>\n1998 21,01% (1469 r\u00f6ster)<br \/>\n2002 24,8% (1641 r\u00f6ster)<br \/>\n2006 25,60% (1725 r\u00f6ster)<br \/>\n2010 21,06% (1466 r\u00f6ster)<br \/>\n2014 23,23% (1617 r\u00f6ster)<br \/>\n2018 29,37% (2104 r\u00f6ster)<br \/>\n2022 31,32% (2245 r\u00f6ster)<\/p>\n<p><a href=\"http:\/\/wp.kristdemokraterna.se\/savsjo\/?p=254\">Valhistorik fr\u00e5n 1973\u00a0finns p\u00e5 denna l\u00e4nk<\/a><\/p>\n","protected":false},"excerpt":{"rendered":"<p>Kristdemokraternas ber\u00e4ttelse i S\u00e4vsj\u00f6 kommun Strax efter andra v\u00e4rldskrigets slut bildades en rad kristdemokratiska partier runt om i Europa. Det var en uppr\u00f6rd reaktion mot nazismen och den nedv\u00e4rdering av m\u00e4nniskov\u00e4rdet som \u00e4gt rum under andra v\u00e4rldskriget. I n\u00e5gra av Europas l\u00e4nder fick fascismen eller kommunismen stor framg\u00e5ng men m\u00e5nga m\u00e4nniskor kunde inte k\u00e4nna sig <a class=\"read-more-link\" href=\"https:\/\/wp.kristdemokraterna.se\/savsjo\/om-oss\/historia\/\">Read More<\/a><\/p>\n","protected":false},"author":430,"featured_media":0,"parent":116,"menu_order":0,"comment_status":"closed","ping_status":"closed","template":"","meta":{"_acf_changed":false,"footnotes":""},"class_list":["post-133","page","type-page","status-publish","hentry"],"acf":[],"yoast_head":"<!-- This site is optimized with the Yoast SEO plugin v27.4 - https:\/\/yoast.com\/product\/yoast-seo-wordpress\/ -->\n<title>Historia - S\u00e4vsj\u00f6<\/title>\n<meta name=\"robots\" content=\"index, follow, max-snippet:-1, max-image-preview:large, max-video-preview:-1\" \/>\n<link rel=\"canonical\" href=\"https:\/\/wp.kristdemokraterna.se\/savsjo\/om-oss\/historia\/\" \/>\n<meta property=\"og:locale\" content=\"sv_SE\" \/>\n<meta property=\"og:type\" content=\"article\" \/>\n<meta property=\"og:title\" content=\"Historia - S\u00e4vsj\u00f6\" \/>\n<meta property=\"og:description\" content=\"Kristdemokraternas ber\u00e4ttelse i S\u00e4vsj\u00f6 kommun Strax efter andra v\u00e4rldskrigets slut bildades en rad kristdemokratiska partier runt om i Europa. Det var en uppr\u00f6rd reaktion mot nazismen och den nedv\u00e4rdering av m\u00e4nniskov\u00e4rdet som \u00e4gt rum under andra v\u00e4rldskriget. I n\u00e5gra av Europas l\u00e4nder fick fascismen eller kommunismen stor framg\u00e5ng men m\u00e5nga m\u00e4nniskor kunde inte k\u00e4nna sig Read More\" \/>\n<meta property=\"og:url\" content=\"https:\/\/wp.kristdemokraterna.se\/savsjo\/om-oss\/historia\/\" \/>\n<meta property=\"og:site_name\" content=\"S\u00e4vsj\u00f6\" \/>\n<meta property=\"article:modified_time\" content=\"2022-12-05T10:52:03+00:00\" \/>\n<meta name=\"twitter:card\" content=\"summary_large_image\" \/>\n<meta name=\"twitter:label1\" content=\"Ber\u00e4knad l\u00e4stid\" \/>\n\t<meta name=\"twitter:data1\" content=\"7 minuter\" \/>\n<script type=\"application\/ld+json\" class=\"yoast-schema-graph\">{\"@context\":\"https:\\\/\\\/schema.org\",\"@graph\":[{\"@type\":\"WebPage\",\"@id\":\"https:\\\/\\\/wp.kristdemokraterna.se\\\/savsjo\\\/om-oss\\\/historia\\\/\",\"url\":\"https:\\\/\\\/wp.kristdemokraterna.se\\\/savsjo\\\/om-oss\\\/historia\\\/\",\"name\":\"Historia - S\u00e4vsj\u00f6\",\"isPartOf\":{\"@id\":\"https:\\\/\\\/wp.kristdemokraterna.se\\\/savsjo\\\/#website\"},\"datePublished\":\"2014-02-02T19:39:11+00:00\",\"dateModified\":\"2022-12-05T10:52:03+00:00\",\"breadcrumb\":{\"@id\":\"https:\\\/\\\/wp.kristdemokraterna.se\\\/savsjo\\\/om-oss\\\/historia\\\/#breadcrumb\"},\"inLanguage\":\"sv-SE\",\"potentialAction\":[{\"@type\":\"ReadAction\",\"target\":[\"https:\\\/\\\/wp.kristdemokraterna.se\\\/savsjo\\\/om-oss\\\/historia\\\/\"]}]},{\"@type\":\"BreadcrumbList\",\"@id\":\"https:\\\/\\\/wp.kristdemokraterna.se\\\/savsjo\\\/om-oss\\\/historia\\\/#breadcrumb\",\"itemListElement\":[{\"@type\":\"ListItem\",\"position\":1,\"name\":\"Hem\",\"item\":\"https:\\\/\\\/wp.kristdemokraterna.se\\\/savsjo\\\/\"},{\"@type\":\"ListItem\",\"position\":2,\"name\":\"Om oss\",\"item\":\"https:\\\/\\\/wp.kristdemokraterna.se\\\/savsjo\\\/om-oss\\\/\"},{\"@type\":\"ListItem\",\"position\":3,\"name\":\"Historia\"}]},{\"@type\":\"WebSite\",\"@id\":\"https:\\\/\\\/wp.kristdemokraterna.se\\\/savsjo\\\/#website\",\"url\":\"https:\\\/\\\/wp.kristdemokraterna.se\\\/savsjo\\\/\",\"name\":\"S\u00e4vsj\u00f6\",\"description\":\"\",\"inLanguage\":\"sv-SE\"}]}<\/script>\n<!-- \/ Yoast SEO plugin. -->","yoast_head_json":{"title":"Historia - S\u00e4vsj\u00f6","robots":{"index":"index","follow":"follow","max-snippet":"max-snippet:-1","max-image-preview":"max-image-preview:large","max-video-preview":"max-video-preview:-1"},"canonical":"https:\/\/wp.kristdemokraterna.se\/savsjo\/om-oss\/historia\/","og_locale":"sv_SE","og_type":"article","og_title":"Historia - S\u00e4vsj\u00f6","og_description":"Kristdemokraternas ber\u00e4ttelse i S\u00e4vsj\u00f6 kommun Strax efter andra v\u00e4rldskrigets slut bildades en rad kristdemokratiska partier runt om i Europa. Det var en uppr\u00f6rd reaktion mot nazismen och den nedv\u00e4rdering av m\u00e4nniskov\u00e4rdet som \u00e4gt rum under andra v\u00e4rldskriget. I n\u00e5gra av Europas l\u00e4nder fick fascismen eller kommunismen stor framg\u00e5ng men m\u00e5nga m\u00e4nniskor kunde inte k\u00e4nna sig Read More","og_url":"https:\/\/wp.kristdemokraterna.se\/savsjo\/om-oss\/historia\/","og_site_name":"S\u00e4vsj\u00f6","article_modified_time":"2022-12-05T10:52:03+00:00","twitter_card":"summary_large_image","twitter_misc":{"Ber\u00e4knad l\u00e4stid":"7 minuter"},"schema":{"@context":"https:\/\/schema.org","@graph":[{"@type":"WebPage","@id":"https:\/\/wp.kristdemokraterna.se\/savsjo\/om-oss\/historia\/","url":"https:\/\/wp.kristdemokraterna.se\/savsjo\/om-oss\/historia\/","name":"Historia - S\u00e4vsj\u00f6","isPartOf":{"@id":"https:\/\/wp.kristdemokraterna.se\/savsjo\/#website"},"datePublished":"2014-02-02T19:39:11+00:00","dateModified":"2022-12-05T10:52:03+00:00","breadcrumb":{"@id":"https:\/\/wp.kristdemokraterna.se\/savsjo\/om-oss\/historia\/#breadcrumb"},"inLanguage":"sv-SE","potentialAction":[{"@type":"ReadAction","target":["https:\/\/wp.kristdemokraterna.se\/savsjo\/om-oss\/historia\/"]}]},{"@type":"BreadcrumbList","@id":"https:\/\/wp.kristdemokraterna.se\/savsjo\/om-oss\/historia\/#breadcrumb","itemListElement":[{"@type":"ListItem","position":1,"name":"Hem","item":"https:\/\/wp.kristdemokraterna.se\/savsjo\/"},{"@type":"ListItem","position":2,"name":"Om oss","item":"https:\/\/wp.kristdemokraterna.se\/savsjo\/om-oss\/"},{"@type":"ListItem","position":3,"name":"Historia"}]},{"@type":"WebSite","@id":"https:\/\/wp.kristdemokraterna.se\/savsjo\/#website","url":"https:\/\/wp.kristdemokraterna.se\/savsjo\/","name":"S\u00e4vsj\u00f6","description":"","inLanguage":"sv-SE"}]}},"_links":{"self":[{"href":"https:\/\/wp.kristdemokraterna.se\/savsjo\/wp-json\/wp\/v2\/pages\/133","targetHints":{"allow":["GET"]}}],"collection":[{"href":"https:\/\/wp.kristdemokraterna.se\/savsjo\/wp-json\/wp\/v2\/pages"}],"about":[{"href":"https:\/\/wp.kristdemokraterna.se\/savsjo\/wp-json\/wp\/v2\/types\/page"}],"author":[{"embeddable":true,"href":"https:\/\/wp.kristdemokraterna.se\/savsjo\/wp-json\/wp\/v2\/users\/430"}],"replies":[{"embeddable":true,"href":"https:\/\/wp.kristdemokraterna.se\/savsjo\/wp-json\/wp\/v2\/comments?post=133"}],"version-history":[{"count":28,"href":"https:\/\/wp.kristdemokraterna.se\/savsjo\/wp-json\/wp\/v2\/pages\/133\/revisions"}],"predecessor-version":[{"id":3818,"href":"https:\/\/wp.kristdemokraterna.se\/savsjo\/wp-json\/wp\/v2\/pages\/133\/revisions\/3818"}],"up":[{"embeddable":true,"href":"https:\/\/wp.kristdemokraterna.se\/savsjo\/wp-json\/wp\/v2\/pages\/116"}],"wp:attachment":[{"href":"https:\/\/wp.kristdemokraterna.se\/savsjo\/wp-json\/wp\/v2\/media?parent=133"}],"curies":[{"name":"wp","href":"https:\/\/api.w.org\/{rel}","templated":true}]}}