{"id":147,"date":"2014-02-02T22:08:27","date_gmt":"2014-02-02T21:08:27","guid":{"rendered":"http:\/\/wp.kristdemokraterna.se\/savsjo\/?page_id=147"},"modified":"2015-01-02T14:43:48","modified_gmt":"2015-01-02T13:43:48","slug":"lamna-dina-synpunkter-och-forslag","status":"publish","type":"page","link":"https:\/\/wp.kristdemokraterna.se\/savsjo\/engagera-dig\/lamna-dina-synpunkter-och-forslag\/","title":{"rendered":"L\u00e4mna dina synpunkter och f\u00f6rslag"},"content":{"rendered":"<p>Vi \u00e4r ett parti som vill vara lyh\u00f6rt f\u00f6r vad Du som kommuninv\u00e5nare tycker. Vi \u00e4r d\u00e4rf\u00f6r tacksamma om Du ger oss tips och f\u00f6rslag p\u00e5 hur vi kan g\u00f6ra S\u00e4vsj\u00f6 kommun \u00e4nnu b\u00e4ttre i formul\u00e4ret h\u00e4r nedan.<\/p>\n\n<div class=\"wpcf7 no-js\" id=\"wpcf7-f150-o1\" lang=\"sv-SE\" dir=\"ltr\" data-wpcf7-id=\"150\">\n<div class=\"screen-reader-response\"><p role=\"status\" aria-live=\"polite\" aria-atomic=\"true\"><\/p> <ul><\/ul><\/div>\n<form action=\"\/savsjo\/wp-json\/wp\/v2\/pages\/147#wpcf7-f150-o1\" method=\"post\" class=\"wpcf7-form init\" aria-label=\"Kontaktformul\u00e4r\" novalidate=\"novalidate\" data-status=\"init\">\n<fieldset class=\"hidden-fields-container\"><input type=\"hidden\" name=\"_wpcf7\" value=\"150\" \/><input type=\"hidden\" name=\"_wpcf7_version\" value=\"6.1.5\" \/><input type=\"hidden\" name=\"_wpcf7_locale\" value=\"sv_SE\" \/><input type=\"hidden\" name=\"_wpcf7_unit_tag\" value=\"wpcf7-f150-o1\" \/><input type=\"hidden\" name=\"_wpcf7_container_post\" value=\"0\" \/><input type=\"hidden\" name=\"_wpcf7_posted_data_hash\" value=\"\" \/>\n<\/fieldset>\n<p>Ditt namn:\n<\/p>\n<p><span class=\"wpcf7-form-control-wrap\" data-name=\"your-name\"><input size=\"40\" maxlength=\"400\" class=\"wpcf7-form-control wpcf7-text wpcf7-validates-as-required\" aria-required=\"true\" aria-invalid=\"false\" value=\"\" type=\"text\" name=\"your-name\" \/><\/span>\n<\/p>\n<p>Din mejladress:\n<\/p>\n<p><span class=\"wpcf7-form-control-wrap\" data-name=\"your-email\"><input size=\"40\" maxlength=\"400\" class=\"wpcf7-form-control wpcf7-email wpcf7-validates-as-required wpcf7-text wpcf7-validates-as-email\" aria-required=\"true\" aria-invalid=\"false\" value=\"\" type=\"email\" name=\"your-email\" \/><\/span>\n<\/p>\n<p>Beskriv h\u00e4r ditt f\u00f6rslag eller synpunkter till oss:\n<\/p>\n<p><span class=\"wpcf7-form-control-wrap\" data-name=\"your-message\"><textarea cols=\"40\" rows=\"10\" maxlength=\"2000\" class=\"wpcf7-form-control wpcf7-textarea\" aria-invalid=\"false\" name=\"your-message\"><\/textarea><\/span>\n<\/p>\n<p><input class=\"wpcf7-form-control wpcf7-submit has-spinner\" type=\"submit\" value=\"Skicka\" \/>\n<\/p><div class=\"wpcf7-response-output\" aria-hidden=\"true\"><\/div>\n<\/form>\n<\/div>\n\n","protected":false},"excerpt":{"rendered":"<p>Vi \u00e4r ett parti som vill vara lyh\u00f6rt f\u00f6r vad Du som kommuninv\u00e5nare tycker. Vi \u00e4r d\u00e4rf\u00f6r tacksamma om Du ger oss tips och f\u00f6rslag p\u00e5 hur vi kan g\u00f6ra S\u00e4vsj\u00f6 kommun \u00e4nnu b\u00e4ttre i formul\u00e4ret h\u00e4r nedan.<\/p>\n","protected":false},"author":430,"featured_media":0,"parent":136,"menu_order":0,"comment_status":"closed","ping_status":"closed","template":"","meta":{"_acf_changed":false,"footnotes":""},"class_list":["post-147","page","type-page","status-publish","hentry"],"acf":[],"yoast_head":"<!-- This site is optimized with the Yoast SEO plugin v27.4 - https:\/\/yoast.com\/product\/yoast-seo-wordpress\/ -->\n<title>L\u00e4mna dina synpunkter och f\u00f6rslag - S\u00e4vsj\u00f6<\/title>\n<meta name=\"robots\" content=\"index, follow, max-snippet:-1, max-image-preview:large, max-video-preview:-1\" \/>\n<link rel=\"canonical\" href=\"https:\/\/wp.kristdemokraterna.se\/savsjo\/engagera-dig\/lamna-dina-synpunkter-och-forslag\/\" \/>\n<meta property=\"og:locale\" content=\"sv_SE\" \/>\n<meta property=\"og:type\" content=\"article\" \/>\n<meta property=\"og:title\" content=\"L\u00e4mna dina synpunkter och f\u00f6rslag - S\u00e4vsj\u00f6\" \/>\n<meta property=\"og:description\" content=\"Vi \u00e4r ett parti som vill vara lyh\u00f6rt f\u00f6r vad Du som kommuninv\u00e5nare tycker. Vi \u00e4r d\u00e4rf\u00f6r tacksamma om Du ger oss tips och f\u00f6rslag p\u00e5 hur vi kan g\u00f6ra S\u00e4vsj\u00f6 kommun \u00e4nnu b\u00e4ttre i formul\u00e4ret h\u00e4r nedan.\" \/>\n<meta property=\"og:url\" content=\"https:\/\/wp.kristdemokraterna.se\/savsjo\/engagera-dig\/lamna-dina-synpunkter-och-forslag\/\" \/>\n<meta property=\"og:site_name\" content=\"S\u00e4vsj\u00f6\" \/>\n<meta property=\"article:modified_time\" content=\"2015-01-02T13:43:48+00:00\" \/>\n<meta name=\"twitter:card\" content=\"summary_large_image\" \/>\n<script type=\"application\/ld+json\" class=\"yoast-schema-graph\">{\"@context\":\"https:\\\/\\\/schema.org\",\"@graph\":[{\"@type\":\"WebPage\",\"@id\":\"https:\\\/\\\/wp.kristdemokraterna.se\\\/savsjo\\\/engagera-dig\\\/lamna-dina-synpunkter-och-forslag\\\/\",\"url\":\"https:\\\/\\\/wp.kristdemokraterna.se\\\/savsjo\\\/engagera-dig\\\/lamna-dina-synpunkter-och-forslag\\\/\",\"name\":\"L\u00e4mna dina synpunkter och f\u00f6rslag - S\u00e4vsj\u00f6\",\"isPartOf\":{\"@id\":\"https:\\\/\\\/wp.kristdemokraterna.se\\\/savsjo\\\/#website\"},\"datePublished\":\"2014-02-02T21:08:27+00:00\",\"dateModified\":\"2015-01-02T13:43:48+00:00\",\"breadcrumb\":{\"@id\":\"https:\\\/\\\/wp.kristdemokraterna.se\\\/savsjo\\\/engagera-dig\\\/lamna-dina-synpunkter-och-forslag\\\/#breadcrumb\"},\"inLanguage\":\"sv-SE\",\"potentialAction\":[{\"@type\":\"ReadAction\",\"target\":[\"https:\\\/\\\/wp.kristdemokraterna.se\\\/savsjo\\\/engagera-dig\\\/lamna-dina-synpunkter-och-forslag\\\/\"]}]},{\"@type\":\"BreadcrumbList\",\"@id\":\"https:\\\/\\\/wp.kristdemokraterna.se\\\/savsjo\\\/engagera-dig\\\/lamna-dina-synpunkter-och-forslag\\\/#breadcrumb\",\"itemListElement\":[{\"@type\":\"ListItem\",\"position\":1,\"name\":\"Hem\",\"item\":\"https:\\\/\\\/wp.kristdemokraterna.se\\\/savsjo\\\/\"},{\"@type\":\"ListItem\",\"position\":2,\"name\":\"Engagera dig\",\"item\":\"https:\\\/\\\/wp.kristdemokraterna.se\\\/savsjo\\\/engagera-dig\\\/\"},{\"@type\":\"ListItem\",\"position\":3,\"name\":\"L\u00e4mna dina synpunkter och f\u00f6rslag\"}]},{\"@type\":\"WebSite\",\"@id\":\"https:\\\/\\\/wp.kristdemokraterna.se\\\/savsjo\\\/#website\",\"url\":\"https:\\\/\\\/wp.kristdemokraterna.se\\\/savsjo\\\/\",\"name\":\"S\u00e4vsj\u00f6\",\"description\":\"\",\"inLanguage\":\"sv-SE\"}]}<\/script>\n<!-- \/ Yoast SEO plugin. -->","yoast_head_json":{"title":"L\u00e4mna dina synpunkter och f\u00f6rslag - S\u00e4vsj\u00f6","robots":{"index":"index","follow":"follow","max-snippet":"max-snippet:-1","max-image-preview":"max-image-preview:large","max-video-preview":"max-video-preview:-1"},"canonical":"https:\/\/wp.kristdemokraterna.se\/savsjo\/engagera-dig\/lamna-dina-synpunkter-och-forslag\/","og_locale":"sv_SE","og_type":"article","og_title":"L\u00e4mna dina synpunkter och f\u00f6rslag - S\u00e4vsj\u00f6","og_description":"Vi \u00e4r ett parti som vill vara lyh\u00f6rt f\u00f6r vad Du som kommuninv\u00e5nare tycker. Vi \u00e4r d\u00e4rf\u00f6r tacksamma om Du ger oss tips och f\u00f6rslag p\u00e5 hur vi kan g\u00f6ra S\u00e4vsj\u00f6 kommun \u00e4nnu b\u00e4ttre i formul\u00e4ret h\u00e4r nedan.","og_url":"https:\/\/wp.kristdemokraterna.se\/savsjo\/engagera-dig\/lamna-dina-synpunkter-och-forslag\/","og_site_name":"S\u00e4vsj\u00f6","article_modified_time":"2015-01-02T13:43:48+00:00","twitter_card":"summary_large_image","schema":{"@context":"https:\/\/schema.org","@graph":[{"@type":"WebPage","@id":"https:\/\/wp.kristdemokraterna.se\/savsjo\/engagera-dig\/lamna-dina-synpunkter-och-forslag\/","url":"https:\/\/wp.kristdemokraterna.se\/savsjo\/engagera-dig\/lamna-dina-synpunkter-och-forslag\/","name":"L\u00e4mna dina synpunkter och f\u00f6rslag - S\u00e4vsj\u00f6","isPartOf":{"@id":"https:\/\/wp.kristdemokraterna.se\/savsjo\/#website"},"datePublished":"2014-02-02T21:08:27+00:00","dateModified":"2015-01-02T13:43:48+00:00","breadcrumb":{"@id":"https:\/\/wp.kristdemokraterna.se\/savsjo\/engagera-dig\/lamna-dina-synpunkter-och-forslag\/#breadcrumb"},"inLanguage":"sv-SE","potentialAction":[{"@type":"ReadAction","target":["https:\/\/wp.kristdemokraterna.se\/savsjo\/engagera-dig\/lamna-dina-synpunkter-och-forslag\/"]}]},{"@type":"BreadcrumbList","@id":"https:\/\/wp.kristdemokraterna.se\/savsjo\/engagera-dig\/lamna-dina-synpunkter-och-forslag\/#breadcrumb","itemListElement":[{"@type":"ListItem","position":1,"name":"Hem","item":"https:\/\/wp.kristdemokraterna.se\/savsjo\/"},{"@type":"ListItem","position":2,"name":"Engagera dig","item":"https:\/\/wp.kristdemokraterna.se\/savsjo\/engagera-dig\/"},{"@type":"ListItem","position":3,"name":"L\u00e4mna dina synpunkter och f\u00f6rslag"}]},{"@type":"WebSite","@id":"https:\/\/wp.kristdemokraterna.se\/savsjo\/#website","url":"https:\/\/wp.kristdemokraterna.se\/savsjo\/","name":"S\u00e4vsj\u00f6","description":"","inLanguage":"sv-SE"}]}},"_links":{"self":[{"href":"https:\/\/wp.kristdemokraterna.se\/savsjo\/wp-json\/wp\/v2\/pages\/147","targetHints":{"allow":["GET"]}}],"collection":[{"href":"https:\/\/wp.kristdemokraterna.se\/savsjo\/wp-json\/wp\/v2\/pages"}],"about":[{"href":"https:\/\/wp.kristdemokraterna.se\/savsjo\/wp-json\/wp\/v2\/types\/page"}],"author":[{"embeddable":true,"href":"https:\/\/wp.kristdemokraterna.se\/savsjo\/wp-json\/wp\/v2\/users\/430"}],"replies":[{"embeddable":true,"href":"https:\/\/wp.kristdemokraterna.se\/savsjo\/wp-json\/wp\/v2\/comments?post=147"}],"version-history":[{"count":9,"href":"https:\/\/wp.kristdemokraterna.se\/savsjo\/wp-json\/wp\/v2\/pages\/147\/revisions"}],"predecessor-version":[{"id":1120,"href":"https:\/\/wp.kristdemokraterna.se\/savsjo\/wp-json\/wp\/v2\/pages\/147\/revisions\/1120"}],"up":[{"embeddable":true,"href":"https:\/\/wp.kristdemokraterna.se\/savsjo\/wp-json\/wp\/v2\/pages\/136"}],"wp:attachment":[{"href":"https:\/\/wp.kristdemokraterna.se\/savsjo\/wp-json\/wp\/v2\/media?parent=147"}],"curies":[{"name":"wp","href":"https:\/\/api.w.org\/{rel}","templated":true}]}}