{"id":201,"date":"2014-02-09T20:06:24","date_gmt":"2014-02-09T19:06:24","guid":{"rendered":"http:\/\/wp.kristdemokraterna.se\/savsjo\/?page_id=201"},"modified":"2024-06-25T15:31:09","modified_gmt":"2024-06-25T13:31:09","slug":"eu-valet-25-maj-2014","status":"publish","type":"page","link":"https:\/\/wp.kristdemokraterna.se\/savsjo\/val\/eu-valet-25-maj-2014\/","title":{"rendered":"EU-val"},"content":{"rendered":"<h2>Europaparlamentsvalet 2024<\/h2>\n<p>EU-valet i S\u00e4vsj\u00f6 kommun visade att Kristdemokraterna fortsatt \u00e5tnjuter ett stort f\u00f6rtroende. Sammanlagt i kommunen blev resultat 18,2 procent. I Vrigstad blev kristdemokraterna st\u00f6rsta parti med 25 procent. Sett till hela Sverige s\u00e5 \u00e4r resultatet f\u00f6r Kristdemokraterna n\u00e4st b\u00e4st i hela Sverige och det \u00e4r bara lilla H\u00f6gsby i Kalmar l\u00e4n som \u00e4r ett litet sn\u00e4pp b\u00e4ttre och det till stor del beroende p\u00e5 en stark lokal kandidat i valet.<\/p>\n<h3><a href=\"http:\/\/wp.kristdemokraterna.se\/savsjo\/files\/2024\/06\/eu-val.jpg\"><img loading=\"lazy\" decoding=\"async\" class=\"size-full wp-image-4116 alignleft\" src=\"http:\/\/wp.kristdemokraterna.se\/savsjo\/files\/2024\/06\/eu-val.jpg\" alt=\"\" width=\"500\" height=\"300\" srcset=\"https:\/\/wp.kristdemokraterna.se\/savsjo\/files\/2024\/06\/eu-val.jpg 500w, https:\/\/wp.kristdemokraterna.se\/savsjo\/files\/2024\/06\/eu-val-300x180.jpg 300w\" sizes=\"auto, (max-width: 500px) 100vw, 500px\" \/><\/a><\/h3>\n<p>&nbsp;<\/p>\n<h3><\/h3>\n<h3><\/h3>\n<h3><\/h3>\n<h3><\/h3>\n<h3><\/h3>\n<h3><\/h3>\n<h3><\/h3>\n<h3><\/h3>\n<h3>Europaparlamentsvalet 2019<\/h3>\n<p>I Sverige kommer EU-val\u00a0 att h\u00e5llas s\u00f6ndagen den 26 maj 2019. Kristdemokraternas topp kandidater till Europaparlamentsvalet \u00e4r Sara Skyttedal och David Lega.<\/p>\n<h3><\/h3>\n<h3>Europaparlamentsvalet 2014<\/h3>\n<p>Kristdemokraternas valsedel till Europaparlamentsvalet 2014 bestod av 43 personer och toppades av Lars Adaktusson m\u00e5ng\u00e5rig journalist, bland annat som korrespondent i Centraleuropa.<\/p>\n<p>EU-valet blev en helt otrolig framg\u00e5ng f\u00f6r Kristdemokraterna. I Sverige med 6%, I J\u00f6nk\u00f6pings l\u00e4n n\u00e4st st\u00f6rsta parti med 16% och i S\u00e4vsj\u00f6 kommun blev kd st\u00f6rsta parti med hela 22%. Det mest uppseendev\u00e4ckande och fantastiska var att kristdemokraterna i Vrigstad fick hela 35,4 % och det var mer \u00e4n 20% mer \u00e4n det n\u00e4st st\u00f6rsta partiet p\u00e5 orten. Tack alla som gett kristdemokraterna ert f\u00f6rtroende!<\/p>\n<p><a href=\"http:\/\/wp.kristdemokraterna.se\/savsjo\/files\/2014\/05\/vrigstad-euval-maj-2014.png\"><img loading=\"lazy\" decoding=\"async\" class=\"alignnone size-medium wp-image-493\" src=\"http:\/\/wp.kristdemokraterna.se\/savsjo\/files\/2014\/05\/vrigstad-euval-maj-2014-300x185.png\" alt=\"Vrigstad EUval maj 2014\" width=\"300\" height=\"185\" srcset=\"https:\/\/wp.kristdemokraterna.se\/savsjo\/files\/2014\/05\/vrigstad-euval-maj-2014-300x185.png 300w, https:\/\/wp.kristdemokraterna.se\/savsjo\/files\/2014\/05\/vrigstad-euval-maj-2014-540x333.png 540w, https:\/\/wp.kristdemokraterna.se\/savsjo\/files\/2014\/05\/vrigstad-euval-maj-2014-560x346.png 560w, https:\/\/wp.kristdemokraterna.se\/savsjo\/files\/2014\/05\/vrigstad-euval-maj-2014-181x112.png 181w, https:\/\/wp.kristdemokraterna.se\/savsjo\/files\/2014\/05\/vrigstad-euval-maj-2014.png 937w\" sizes=\"auto, (max-width: 300px) 100vw, 300px\" \/><\/a><\/p>\n<p>&nbsp;<\/p>\n<h2>EU-lista<\/h2>\n<p>1. Lars Adaktusson, 58 \u00e5r, Stockholm<\/p>\n<p>2. Ebba Busch Thor, 26 \u00e5r, Uppsala<\/p>\n<p>3. Michael Anefur, 56 \u00e5r, Kristianstad<\/p>\n<p>4. D\u00e9sir\u00e9e Pethrus, 54 \u00e5r, Stockholm<\/p>\n<p>5. Anders Sellstr\u00f6m, 49 \u00e5r, Ume\u00e5<\/p>\n<p>6. Sara Skyttedal, 27 \u00e5r, Stockholm<\/p>\n<p>7. Lars O Molin, 68 \u00e5r, \u00d6rebro<\/p>\n<p>8. Matilda G St\u00e5lbert, 29 \u00e5r, G\u00f6teborg<\/p>\n<p>9. Charlie Weimers, 31 \u00e5r, Hammar\u00f6<\/p>\n<p>10. Caroline Szyber, 32 \u00e5r, Stockholm<\/p>\n<p>11. Yusuf Aydin, 31 \u00e5r, Botkyrka<\/p>\n<p>12. Irene Oskarsson, 48 \u00e5r, Aneby<\/p>\n<p>13. Magnus Jacobsson, 45 \u00e5r, Uddevalla<\/p>\n<p>14. Gudrun Bruneg\u00e5rd, 56 \u00e5r, Vimmerby<\/p>\n<p>15. Conny Br\u00e4nnberg, 57 \u00e5r, Sk\u00f6vde<\/p>\n<p>16. Penilla Gunther, 49 \u00e5r, Trollh\u00e4ttan<\/p>\n<p>17. Lars Gustafsson, 62 \u00e5r, Laholm<\/p>\n<p>18. Lili Andr\u00e9, 43 \u00e5r, G\u00e4vle<\/p>\n<p>19. Mattias Gr\u00e4ngzell, 26 \u00e5r, Malm\u00f6<\/p>\n<p>20. Amanda Agestav, 39 \u00e5r, V\u00e4ster\u00e5s<\/p>\n<p>21. Per Landgren, 55 \u00e5r, G\u00f6teborg<\/p>\n<p>22. Soledad Henriquez, 29 \u00e5r, \u00d6rnsk\u00f6ldsvik<\/p>\n<p>23. Christer Brostr\u00f6m, 27 \u00e5r, Arvika<\/p>\n<p>24. Ewa Sundkvist, 59 \u00e5r, \u00d6rebro<\/p>\n<p>25. Else-Marie Lindgren, 64 \u00e5r, Bor\u00e5s<\/p>\n<p>26. Magda Ayoub, 60 \u00e5r, Upplands V\u00e4sby<\/p>\n<p>27. Henrik Ehrenberg, 40 \u00e5r, Stockholm<\/p>\n<p>28. Jennifer Brown, 18 \u00e5r, Stockholm<\/p>\n<p>29. Tommy Bernev\u00e5ng Forsberg, 54 \u00e5r, J\u00f6nk\u00f6ping<\/p>\n<p>30. Roksana Parsan, 29 \u00e5r, Stockholm<\/p>\n<p>31. Anne-Lie Sundling, 60 \u00e5r, \u00d6cker\u00f6<\/p>\n<p>32. Lars Eklund, 71 \u00e5r, Link\u00f6ping<\/p>\n<p>33. Susanne Wism\u00e9n, 48 \u00e5r, J\u00f6nk\u00f6ping<\/p>\n<p>34. Magnus Hedman, 41 \u00e5r, Halmstad<\/p>\n<p>35. Soheila Fors, 47 \u00e5r, Karlskoga<\/p>\n<p>36. Stig Nyman, 70 \u00e5r, Vallentuna<\/p>\n<p>37. Lars-Axel Nordell, 61 \u00e5r, \u00d6rebro<\/p>\n<p>38. Marie Louise Forslund-Mustaniemi, 56 \u00e5r, Str\u00e4ngn\u00e4s<\/p>\n<p>30. Jesper Haglund, 44 \u00e5r, Bryssel<\/p>\n<p>40. Veronica Kerr, 43 \u00e5r, Ume\u00e5<\/p>\n<p>41. Antonella Pirrone, 53 \u00e5r, Nyn\u00e4shamn<\/p>\n<p>42. Per Ewert, 40 \u00e5r, N\u00e4ssj\u00f6<\/p>\n<p>43. Jonny K\u00e4rkk\u00e4inen, 55 \u00e5r, Vilhelmina<\/p>\n","protected":false},"excerpt":{"rendered":"<p>Europaparlamentsvalet 2024 EU-valet i S\u00e4vsj\u00f6 kommun visade att Kristdemokraterna fortsatt \u00e5tnjuter ett stort f\u00f6rtroende. Sammanlagt i kommunen blev resultat 18,2 procent. I Vrigstad blev kristdemokraterna st\u00f6rsta parti med 25 procent. Sett till hela Sverige s\u00e5 \u00e4r resultatet f\u00f6r Kristdemokraterna n\u00e4st b\u00e4st i hela Sverige och det \u00e4r bara lilla H\u00f6gsby i Kalmar l\u00e4n som \u00e4r <a class=\"read-more-link\" href=\"https:\/\/wp.kristdemokraterna.se\/savsjo\/val\/eu-valet-25-maj-2014\/\">Read More<\/a><\/p>\n","protected":false},"author":430,"featured_media":0,"parent":198,"menu_order":0,"comment_status":"closed","ping_status":"closed","template":"","meta":{"_acf_changed":false,"footnotes":""},"class_list":["post-201","page","type-page","status-publish","hentry"],"acf":[],"yoast_head":"<!-- This site is optimized with the Yoast SEO plugin v27.3 - https:\/\/yoast.com\/product\/yoast-seo-wordpress\/ -->\n<title>EU-val - S\u00e4vsj\u00f6<\/title>\n<meta name=\"robots\" content=\"index, follow, max-snippet:-1, max-image-preview:large, max-video-preview:-1\" \/>\n<link rel=\"canonical\" href=\"https:\/\/wp.kristdemokraterna.se\/savsjo\/val\/eu-valet-25-maj-2014\/\" \/>\n<meta property=\"og:locale\" content=\"sv_SE\" \/>\n<meta property=\"og:type\" content=\"article\" \/>\n<meta property=\"og:title\" content=\"EU-val - S\u00e4vsj\u00f6\" \/>\n<meta property=\"og:description\" content=\"Europaparlamentsvalet 2024 EU-valet i S\u00e4vsj\u00f6 kommun visade att Kristdemokraterna fortsatt \u00e5tnjuter ett stort f\u00f6rtroende. Sammanlagt i kommunen blev resultat 18,2 procent. I Vrigstad blev kristdemokraterna st\u00f6rsta parti med 25 procent. Sett till hela Sverige s\u00e5 \u00e4r resultatet f\u00f6r Kristdemokraterna n\u00e4st b\u00e4st i hela Sverige och det \u00e4r bara lilla H\u00f6gsby i Kalmar l\u00e4n som \u00e4r Read More\" \/>\n<meta property=\"og:url\" content=\"https:\/\/wp.kristdemokraterna.se\/savsjo\/val\/eu-valet-25-maj-2014\/\" \/>\n<meta property=\"og:site_name\" content=\"S\u00e4vsj\u00f6\" \/>\n<meta property=\"article:modified_time\" content=\"2024-06-25T13:31:09+00:00\" \/>\n<meta property=\"og:image\" content=\"http:\/\/wp.kristdemokraterna.se\/savsjo\/files\/2024\/06\/eu-val.jpg\" \/>\n<meta name=\"twitter:card\" content=\"summary_large_image\" \/>\n<meta name=\"twitter:label1\" content=\"Ber\u00e4knad l\u00e4stid\" \/>\n\t<meta name=\"twitter:data1\" content=\"3 minuter\" \/>\n<script type=\"application\/ld+json\" class=\"yoast-schema-graph\">{\"@context\":\"https:\\\/\\\/schema.org\",\"@graph\":[{\"@type\":\"WebPage\",\"@id\":\"https:\\\/\\\/wp.kristdemokraterna.se\\\/savsjo\\\/val\\\/eu-valet-25-maj-2014\\\/\",\"url\":\"https:\\\/\\\/wp.kristdemokraterna.se\\\/savsjo\\\/val\\\/eu-valet-25-maj-2014\\\/\",\"name\":\"EU-val - S\u00e4vsj\u00f6\",\"isPartOf\":{\"@id\":\"https:\\\/\\\/wp.kristdemokraterna.se\\\/savsjo\\\/#website\"},\"primaryImageOfPage\":{\"@id\":\"https:\\\/\\\/wp.kristdemokraterna.se\\\/savsjo\\\/val\\\/eu-valet-25-maj-2014\\\/#primaryimage\"},\"image\":{\"@id\":\"https:\\\/\\\/wp.kristdemokraterna.se\\\/savsjo\\\/val\\\/eu-valet-25-maj-2014\\\/#primaryimage\"},\"thumbnailUrl\":\"http:\\\/\\\/wp.kristdemokraterna.se\\\/savsjo\\\/files\\\/2024\\\/06\\\/eu-val.jpg\",\"datePublished\":\"2014-02-09T19:06:24+00:00\",\"dateModified\":\"2024-06-25T13:31:09+00:00\",\"breadcrumb\":{\"@id\":\"https:\\\/\\\/wp.kristdemokraterna.se\\\/savsjo\\\/val\\\/eu-valet-25-maj-2014\\\/#breadcrumb\"},\"inLanguage\":\"sv-SE\",\"potentialAction\":[{\"@type\":\"ReadAction\",\"target\":[\"https:\\\/\\\/wp.kristdemokraterna.se\\\/savsjo\\\/val\\\/eu-valet-25-maj-2014\\\/\"]}]},{\"@type\":\"ImageObject\",\"inLanguage\":\"sv-SE\",\"@id\":\"https:\\\/\\\/wp.kristdemokraterna.se\\\/savsjo\\\/val\\\/eu-valet-25-maj-2014\\\/#primaryimage\",\"url\":\"http:\\\/\\\/wp.kristdemokraterna.se\\\/savsjo\\\/files\\\/2024\\\/06\\\/eu-val.jpg\",\"contentUrl\":\"http:\\\/\\\/wp.kristdemokraterna.se\\\/savsjo\\\/files\\\/2024\\\/06\\\/eu-val.jpg\"},{\"@type\":\"BreadcrumbList\",\"@id\":\"https:\\\/\\\/wp.kristdemokraterna.se\\\/savsjo\\\/val\\\/eu-valet-25-maj-2014\\\/#breadcrumb\",\"itemListElement\":[{\"@type\":\"ListItem\",\"position\":1,\"name\":\"Hem\",\"item\":\"https:\\\/\\\/wp.kristdemokraterna.se\\\/savsjo\\\/\"},{\"@type\":\"ListItem\",\"position\":2,\"name\":\"Val\",\"item\":\"https:\\\/\\\/wp.kristdemokraterna.se\\\/savsjo\\\/val\\\/\"},{\"@type\":\"ListItem\",\"position\":3,\"name\":\"EU-val\"}]},{\"@type\":\"WebSite\",\"@id\":\"https:\\\/\\\/wp.kristdemokraterna.se\\\/savsjo\\\/#website\",\"url\":\"https:\\\/\\\/wp.kristdemokraterna.se\\\/savsjo\\\/\",\"name\":\"S\u00e4vsj\u00f6\",\"description\":\"\",\"inLanguage\":\"sv-SE\"}]}<\/script>\n<!-- \/ Yoast SEO plugin. -->","yoast_head_json":{"title":"EU-val - S\u00e4vsj\u00f6","robots":{"index":"index","follow":"follow","max-snippet":"max-snippet:-1","max-image-preview":"max-image-preview:large","max-video-preview":"max-video-preview:-1"},"canonical":"https:\/\/wp.kristdemokraterna.se\/savsjo\/val\/eu-valet-25-maj-2014\/","og_locale":"sv_SE","og_type":"article","og_title":"EU-val - S\u00e4vsj\u00f6","og_description":"Europaparlamentsvalet 2024 EU-valet i S\u00e4vsj\u00f6 kommun visade att Kristdemokraterna fortsatt \u00e5tnjuter ett stort f\u00f6rtroende. Sammanlagt i kommunen blev resultat 18,2 procent. I Vrigstad blev kristdemokraterna st\u00f6rsta parti med 25 procent. Sett till hela Sverige s\u00e5 \u00e4r resultatet f\u00f6r Kristdemokraterna n\u00e4st b\u00e4st i hela Sverige och det \u00e4r bara lilla H\u00f6gsby i Kalmar l\u00e4n som \u00e4r Read More","og_url":"https:\/\/wp.kristdemokraterna.se\/savsjo\/val\/eu-valet-25-maj-2014\/","og_site_name":"S\u00e4vsj\u00f6","article_modified_time":"2024-06-25T13:31:09+00:00","og_image":[{"url":"http:\/\/wp.kristdemokraterna.se\/savsjo\/files\/2024\/06\/eu-val.jpg","type":"","width":"","height":""}],"twitter_card":"summary_large_image","twitter_misc":{"Ber\u00e4knad l\u00e4stid":"3 minuter"},"schema":{"@context":"https:\/\/schema.org","@graph":[{"@type":"WebPage","@id":"https:\/\/wp.kristdemokraterna.se\/savsjo\/val\/eu-valet-25-maj-2014\/","url":"https:\/\/wp.kristdemokraterna.se\/savsjo\/val\/eu-valet-25-maj-2014\/","name":"EU-val - S\u00e4vsj\u00f6","isPartOf":{"@id":"https:\/\/wp.kristdemokraterna.se\/savsjo\/#website"},"primaryImageOfPage":{"@id":"https:\/\/wp.kristdemokraterna.se\/savsjo\/val\/eu-valet-25-maj-2014\/#primaryimage"},"image":{"@id":"https:\/\/wp.kristdemokraterna.se\/savsjo\/val\/eu-valet-25-maj-2014\/#primaryimage"},"thumbnailUrl":"http:\/\/wp.kristdemokraterna.se\/savsjo\/files\/2024\/06\/eu-val.jpg","datePublished":"2014-02-09T19:06:24+00:00","dateModified":"2024-06-25T13:31:09+00:00","breadcrumb":{"@id":"https:\/\/wp.kristdemokraterna.se\/savsjo\/val\/eu-valet-25-maj-2014\/#breadcrumb"},"inLanguage":"sv-SE","potentialAction":[{"@type":"ReadAction","target":["https:\/\/wp.kristdemokraterna.se\/savsjo\/val\/eu-valet-25-maj-2014\/"]}]},{"@type":"ImageObject","inLanguage":"sv-SE","@id":"https:\/\/wp.kristdemokraterna.se\/savsjo\/val\/eu-valet-25-maj-2014\/#primaryimage","url":"http:\/\/wp.kristdemokraterna.se\/savsjo\/files\/2024\/06\/eu-val.jpg","contentUrl":"http:\/\/wp.kristdemokraterna.se\/savsjo\/files\/2024\/06\/eu-val.jpg"},{"@type":"BreadcrumbList","@id":"https:\/\/wp.kristdemokraterna.se\/savsjo\/val\/eu-valet-25-maj-2014\/#breadcrumb","itemListElement":[{"@type":"ListItem","position":1,"name":"Hem","item":"https:\/\/wp.kristdemokraterna.se\/savsjo\/"},{"@type":"ListItem","position":2,"name":"Val","item":"https:\/\/wp.kristdemokraterna.se\/savsjo\/val\/"},{"@type":"ListItem","position":3,"name":"EU-val"}]},{"@type":"WebSite","@id":"https:\/\/wp.kristdemokraterna.se\/savsjo\/#website","url":"https:\/\/wp.kristdemokraterna.se\/savsjo\/","name":"S\u00e4vsj\u00f6","description":"","inLanguage":"sv-SE"}]}},"_links":{"self":[{"href":"https:\/\/wp.kristdemokraterna.se\/savsjo\/wp-json\/wp\/v2\/pages\/201","targetHints":{"allow":["GET"]}}],"collection":[{"href":"https:\/\/wp.kristdemokraterna.se\/savsjo\/wp-json\/wp\/v2\/pages"}],"about":[{"href":"https:\/\/wp.kristdemokraterna.se\/savsjo\/wp-json\/wp\/v2\/types\/page"}],"author":[{"embeddable":true,"href":"https:\/\/wp.kristdemokraterna.se\/savsjo\/wp-json\/wp\/v2\/users\/430"}],"replies":[{"embeddable":true,"href":"https:\/\/wp.kristdemokraterna.se\/savsjo\/wp-json\/wp\/v2\/comments?post=201"}],"version-history":[{"count":8,"href":"https:\/\/wp.kristdemokraterna.se\/savsjo\/wp-json\/wp\/v2\/pages\/201\/revisions"}],"predecessor-version":[{"id":4130,"href":"https:\/\/wp.kristdemokraterna.se\/savsjo\/wp-json\/wp\/v2\/pages\/201\/revisions\/4130"}],"up":[{"embeddable":true,"href":"https:\/\/wp.kristdemokraterna.se\/savsjo\/wp-json\/wp\/v2\/pages\/198"}],"wp:attachment":[{"href":"https:\/\/wp.kristdemokraterna.se\/savsjo\/wp-json\/wp\/v2\/media?parent=201"}],"curies":[{"name":"wp","href":"https:\/\/api.w.org\/{rel}","templated":true}]}}