{"id":205,"date":"2014-02-09T20:08:39","date_gmt":"2014-02-09T19:08:39","guid":{"rendered":"http:\/\/wp.kristdemokraterna.se\/savsjo\/?page_id=205"},"modified":"2022-12-05T11:29:00","modified_gmt":"2022-12-05T10:29:00","slug":"regionlandstingsvalet-2014","status":"publish","type":"page","link":"https:\/\/wp.kristdemokraterna.se\/savsjo\/val\/regionlandstingsvalet-2014\/","title":{"rendered":"Region\/landstingsval"},"content":{"rendered":"<p>I regionvalet 2022 var det en gemensam valsedel f\u00f6r hela H\u00f6glandet. Kristdemokraterna fick 20,24 procent i regionvalet i S\u00e4vsj\u00f6 kommun. Per Danielsson blev vald till ordinarie leda mot i regionfullm\u00e4ktige och erh\u00f6ll en viktig ordinarie plats i den n\u00e4mnd som jobbar f\u00f6r Arbetsmarknad, N\u00e4ringsliv och Attraktivitet. Per Danielsson har ocks\u00e5 utsetts som vice ordf\u00f6rande i Sm\u00e5lands turism<\/p>\n","protected":false},"excerpt":{"rendered":"<p>I regionvalet 2022 var det en gemensam valsedel f\u00f6r hela H\u00f6glandet. Kristdemokraterna fick 20,24 procent i regionvalet i S\u00e4vsj\u00f6 kommun. Per Danielsson blev vald till ordinarie leda mot i regionfullm\u00e4ktige och erh\u00f6ll en viktig ordinarie plats i den n\u00e4mnd som jobbar f\u00f6r Arbetsmarknad, N\u00e4ringsliv och Attraktivitet. Per Danielsson har ocks\u00e5 utsetts som vice ordf\u00f6rande i <a class=\"read-more-link\" href=\"https:\/\/wp.kristdemokraterna.se\/savsjo\/val\/regionlandstingsvalet-2014\/\">Read More<\/a><\/p>\n","protected":false},"author":430,"featured_media":0,"parent":198,"menu_order":0,"comment_status":"closed","ping_status":"closed","template":"","meta":{"_acf_changed":false,"footnotes":""},"class_list":["post-205","page","type-page","status-publish","hentry"],"acf":[],"yoast_head":"<!-- This site is optimized with the Yoast SEO plugin v27.3 - https:\/\/yoast.com\/product\/yoast-seo-wordpress\/ -->\n<title>Region\/landstingsval - S\u00e4vsj\u00f6<\/title>\n<meta name=\"robots\" content=\"index, follow, max-snippet:-1, max-image-preview:large, max-video-preview:-1\" \/>\n<link rel=\"canonical\" href=\"https:\/\/wp.kristdemokraterna.se\/savsjo\/val\/regionlandstingsvalet-2014\/\" \/>\n<meta property=\"og:locale\" content=\"sv_SE\" \/>\n<meta property=\"og:type\" content=\"article\" \/>\n<meta property=\"og:title\" content=\"Region\/landstingsval - S\u00e4vsj\u00f6\" \/>\n<meta property=\"og:description\" content=\"I regionvalet 2022 var det en gemensam valsedel f\u00f6r hela H\u00f6glandet. Kristdemokraterna fick 20,24 procent i regionvalet i S\u00e4vsj\u00f6 kommun. Per Danielsson blev vald till ordinarie leda mot i regionfullm\u00e4ktige och erh\u00f6ll en viktig ordinarie plats i den n\u00e4mnd som jobbar f\u00f6r Arbetsmarknad, N\u00e4ringsliv och Attraktivitet. Per Danielsson har ocks\u00e5 utsetts som vice ordf\u00f6rande i Read More\" \/>\n<meta property=\"og:url\" content=\"https:\/\/wp.kristdemokraterna.se\/savsjo\/val\/regionlandstingsvalet-2014\/\" \/>\n<meta property=\"og:site_name\" content=\"S\u00e4vsj\u00f6\" \/>\n<meta property=\"article:modified_time\" content=\"2022-12-05T10:29:00+00:00\" \/>\n<meta name=\"twitter:card\" content=\"summary_large_image\" \/>\n<meta name=\"twitter:label1\" content=\"Ber\u00e4knad l\u00e4stid\" \/>\n\t<meta name=\"twitter:data1\" content=\"1 minut\" \/>\n<script type=\"application\/ld+json\" class=\"yoast-schema-graph\">{\"@context\":\"https:\\\/\\\/schema.org\",\"@graph\":[{\"@type\":\"WebPage\",\"@id\":\"https:\\\/\\\/wp.kristdemokraterna.se\\\/savsjo\\\/val\\\/regionlandstingsvalet-2014\\\/\",\"url\":\"https:\\\/\\\/wp.kristdemokraterna.se\\\/savsjo\\\/val\\\/regionlandstingsvalet-2014\\\/\",\"name\":\"Region\\\/landstingsval - S\u00e4vsj\u00f6\",\"isPartOf\":{\"@id\":\"https:\\\/\\\/wp.kristdemokraterna.se\\\/savsjo\\\/#website\"},\"datePublished\":\"2014-02-09T19:08:39+00:00\",\"dateModified\":\"2022-12-05T10:29:00+00:00\",\"breadcrumb\":{\"@id\":\"https:\\\/\\\/wp.kristdemokraterna.se\\\/savsjo\\\/val\\\/regionlandstingsvalet-2014\\\/#breadcrumb\"},\"inLanguage\":\"sv-SE\",\"potentialAction\":[{\"@type\":\"ReadAction\",\"target\":[\"https:\\\/\\\/wp.kristdemokraterna.se\\\/savsjo\\\/val\\\/regionlandstingsvalet-2014\\\/\"]}]},{\"@type\":\"BreadcrumbList\",\"@id\":\"https:\\\/\\\/wp.kristdemokraterna.se\\\/savsjo\\\/val\\\/regionlandstingsvalet-2014\\\/#breadcrumb\",\"itemListElement\":[{\"@type\":\"ListItem\",\"position\":1,\"name\":\"Hem\",\"item\":\"https:\\\/\\\/wp.kristdemokraterna.se\\\/savsjo\\\/\"},{\"@type\":\"ListItem\",\"position\":2,\"name\":\"Val\",\"item\":\"https:\\\/\\\/wp.kristdemokraterna.se\\\/savsjo\\\/val\\\/\"},{\"@type\":\"ListItem\",\"position\":3,\"name\":\"Region\\\/landstingsval\"}]},{\"@type\":\"WebSite\",\"@id\":\"https:\\\/\\\/wp.kristdemokraterna.se\\\/savsjo\\\/#website\",\"url\":\"https:\\\/\\\/wp.kristdemokraterna.se\\\/savsjo\\\/\",\"name\":\"S\u00e4vsj\u00f6\",\"description\":\"\",\"inLanguage\":\"sv-SE\"}]}<\/script>\n<!-- \/ Yoast SEO plugin. -->","yoast_head_json":{"title":"Region\/landstingsval - S\u00e4vsj\u00f6","robots":{"index":"index","follow":"follow","max-snippet":"max-snippet:-1","max-image-preview":"max-image-preview:large","max-video-preview":"max-video-preview:-1"},"canonical":"https:\/\/wp.kristdemokraterna.se\/savsjo\/val\/regionlandstingsvalet-2014\/","og_locale":"sv_SE","og_type":"article","og_title":"Region\/landstingsval - S\u00e4vsj\u00f6","og_description":"I regionvalet 2022 var det en gemensam valsedel f\u00f6r hela H\u00f6glandet. Kristdemokraterna fick 20,24 procent i regionvalet i S\u00e4vsj\u00f6 kommun. Per Danielsson blev vald till ordinarie leda mot i regionfullm\u00e4ktige och erh\u00f6ll en viktig ordinarie plats i den n\u00e4mnd som jobbar f\u00f6r Arbetsmarknad, N\u00e4ringsliv och Attraktivitet. Per Danielsson har ocks\u00e5 utsetts som vice ordf\u00f6rande i Read More","og_url":"https:\/\/wp.kristdemokraterna.se\/savsjo\/val\/regionlandstingsvalet-2014\/","og_site_name":"S\u00e4vsj\u00f6","article_modified_time":"2022-12-05T10:29:00+00:00","twitter_card":"summary_large_image","twitter_misc":{"Ber\u00e4knad l\u00e4stid":"1 minut"},"schema":{"@context":"https:\/\/schema.org","@graph":[{"@type":"WebPage","@id":"https:\/\/wp.kristdemokraterna.se\/savsjo\/val\/regionlandstingsvalet-2014\/","url":"https:\/\/wp.kristdemokraterna.se\/savsjo\/val\/regionlandstingsvalet-2014\/","name":"Region\/landstingsval - S\u00e4vsj\u00f6","isPartOf":{"@id":"https:\/\/wp.kristdemokraterna.se\/savsjo\/#website"},"datePublished":"2014-02-09T19:08:39+00:00","dateModified":"2022-12-05T10:29:00+00:00","breadcrumb":{"@id":"https:\/\/wp.kristdemokraterna.se\/savsjo\/val\/regionlandstingsvalet-2014\/#breadcrumb"},"inLanguage":"sv-SE","potentialAction":[{"@type":"ReadAction","target":["https:\/\/wp.kristdemokraterna.se\/savsjo\/val\/regionlandstingsvalet-2014\/"]}]},{"@type":"BreadcrumbList","@id":"https:\/\/wp.kristdemokraterna.se\/savsjo\/val\/regionlandstingsvalet-2014\/#breadcrumb","itemListElement":[{"@type":"ListItem","position":1,"name":"Hem","item":"https:\/\/wp.kristdemokraterna.se\/savsjo\/"},{"@type":"ListItem","position":2,"name":"Val","item":"https:\/\/wp.kristdemokraterna.se\/savsjo\/val\/"},{"@type":"ListItem","position":3,"name":"Region\/landstingsval"}]},{"@type":"WebSite","@id":"https:\/\/wp.kristdemokraterna.se\/savsjo\/#website","url":"https:\/\/wp.kristdemokraterna.se\/savsjo\/","name":"S\u00e4vsj\u00f6","description":"","inLanguage":"sv-SE"}]}},"_links":{"self":[{"href":"https:\/\/wp.kristdemokraterna.se\/savsjo\/wp-json\/wp\/v2\/pages\/205","targetHints":{"allow":["GET"]}}],"collection":[{"href":"https:\/\/wp.kristdemokraterna.se\/savsjo\/wp-json\/wp\/v2\/pages"}],"about":[{"href":"https:\/\/wp.kristdemokraterna.se\/savsjo\/wp-json\/wp\/v2\/types\/page"}],"author":[{"embeddable":true,"href":"https:\/\/wp.kristdemokraterna.se\/savsjo\/wp-json\/wp\/v2\/users\/430"}],"replies":[{"embeddable":true,"href":"https:\/\/wp.kristdemokraterna.se\/savsjo\/wp-json\/wp\/v2\/comments?post=205"}],"version-history":[{"count":10,"href":"https:\/\/wp.kristdemokraterna.se\/savsjo\/wp-json\/wp\/v2\/pages\/205\/revisions"}],"predecessor-version":[{"id":3814,"href":"https:\/\/wp.kristdemokraterna.se\/savsjo\/wp-json\/wp\/v2\/pages\/205\/revisions\/3814"}],"up":[{"embeddable":true,"href":"https:\/\/wp.kristdemokraterna.se\/savsjo\/wp-json\/wp\/v2\/pages\/198"}],"wp:attachment":[{"href":"https:\/\/wp.kristdemokraterna.se\/savsjo\/wp-json\/wp\/v2\/media?parent=205"}],"curies":[{"name":"wp","href":"https:\/\/api.w.org\/{rel}","templated":true}]}}