{"id":2114,"date":"2017-07-04T11:58:37","date_gmt":"2017-07-04T09:58:37","guid":{"rendered":"http:\/\/wp.kristdemokraterna.se\/savsjo\/?page_id=2114"},"modified":"2022-12-05T11:24:29","modified_gmt":"2022-12-05T10:24:29","slug":"nominera-till-valet-2018","status":"publish","type":"page","link":"https:\/\/wp.kristdemokraterna.se\/savsjo\/nominera-till-valet-2018\/","title":{"rendered":"Nominera till val"},"content":{"rendered":"<p><a href=\"https:\/\/docs.google.com\/forms\/d\/e\/1FAIpQLSep8KOwemYSJnoFGu9gET39WF9pA0QJA5EuHw4edYstX8Tpjg\/viewform?c=0&amp;w=1\">P\u00e5 denna l\u00e4nk kan du i samband med val nominera dina kandidatf\u00f6rslag till kommande riksdag, region och kommunval. En s\u00e4rskild nomineringssida \u00f6ppnas som en ny flik via denna l\u00e4nk<\/a><\/p>\n","protected":false},"excerpt":{"rendered":"<p>P\u00e5 denna l\u00e4nk kan du i samband med val nominera dina kandidatf\u00f6rslag till kommande riksdag, region och kommunval. En s\u00e4rskild nomineringssida \u00f6ppnas som en ny flik via denna l\u00e4nk<\/p>\n","protected":false},"author":430,"featured_media":0,"parent":0,"menu_order":0,"comment_status":"closed","ping_status":"closed","template":"","meta":{"_acf_changed":false,"footnotes":""},"class_list":["post-2114","page","type-page","status-publish","hentry"],"acf":[],"yoast_head":"<!-- This site is optimized with the Yoast SEO plugin v27.3 - https:\/\/yoast.com\/product\/yoast-seo-wordpress\/ -->\n<title>Nominera till val - S\u00e4vsj\u00f6<\/title>\n<meta name=\"robots\" content=\"index, follow, max-snippet:-1, max-image-preview:large, max-video-preview:-1\" \/>\n<link rel=\"canonical\" href=\"https:\/\/wp.kristdemokraterna.se\/savsjo\/nominera-till-valet-2018\/\" \/>\n<meta property=\"og:locale\" content=\"sv_SE\" \/>\n<meta property=\"og:type\" content=\"article\" \/>\n<meta property=\"og:title\" content=\"Nominera till val - S\u00e4vsj\u00f6\" \/>\n<meta property=\"og:description\" content=\"P\u00e5 denna l\u00e4nk kan du i samband med val nominera dina kandidatf\u00f6rslag till kommande riksdag, region och kommunval. En s\u00e4rskild nomineringssida \u00f6ppnas som en ny flik via denna l\u00e4nk\" \/>\n<meta property=\"og:url\" content=\"https:\/\/wp.kristdemokraterna.se\/savsjo\/nominera-till-valet-2018\/\" \/>\n<meta property=\"og:site_name\" content=\"S\u00e4vsj\u00f6\" \/>\n<meta property=\"article:modified_time\" content=\"2022-12-05T10:24:29+00:00\" \/>\n<meta name=\"twitter:card\" content=\"summary_large_image\" \/>\n<meta name=\"twitter:label1\" content=\"Ber\u00e4knad l\u00e4stid\" \/>\n\t<meta name=\"twitter:data1\" content=\"1 minut\" \/>\n<script type=\"application\/ld+json\" class=\"yoast-schema-graph\">{\"@context\":\"https:\\\/\\\/schema.org\",\"@graph\":[{\"@type\":\"WebPage\",\"@id\":\"https:\\\/\\\/wp.kristdemokraterna.se\\\/savsjo\\\/nominera-till-valet-2018\\\/\",\"url\":\"https:\\\/\\\/wp.kristdemokraterna.se\\\/savsjo\\\/nominera-till-valet-2018\\\/\",\"name\":\"Nominera till val - S\u00e4vsj\u00f6\",\"isPartOf\":{\"@id\":\"https:\\\/\\\/wp.kristdemokraterna.se\\\/savsjo\\\/#website\"},\"datePublished\":\"2017-07-04T09:58:37+00:00\",\"dateModified\":\"2022-12-05T10:24:29+00:00\",\"breadcrumb\":{\"@id\":\"https:\\\/\\\/wp.kristdemokraterna.se\\\/savsjo\\\/nominera-till-valet-2018\\\/#breadcrumb\"},\"inLanguage\":\"sv-SE\",\"potentialAction\":[{\"@type\":\"ReadAction\",\"target\":[\"https:\\\/\\\/wp.kristdemokraterna.se\\\/savsjo\\\/nominera-till-valet-2018\\\/\"]}]},{\"@type\":\"BreadcrumbList\",\"@id\":\"https:\\\/\\\/wp.kristdemokraterna.se\\\/savsjo\\\/nominera-till-valet-2018\\\/#breadcrumb\",\"itemListElement\":[{\"@type\":\"ListItem\",\"position\":1,\"name\":\"Hem\",\"item\":\"https:\\\/\\\/wp.kristdemokraterna.se\\\/savsjo\\\/\"},{\"@type\":\"ListItem\",\"position\":2,\"name\":\"Nominera till val\"}]},{\"@type\":\"WebSite\",\"@id\":\"https:\\\/\\\/wp.kristdemokraterna.se\\\/savsjo\\\/#website\",\"url\":\"https:\\\/\\\/wp.kristdemokraterna.se\\\/savsjo\\\/\",\"name\":\"S\u00e4vsj\u00f6\",\"description\":\"\",\"inLanguage\":\"sv-SE\"}]}<\/script>\n<!-- \/ Yoast SEO plugin. -->","yoast_head_json":{"title":"Nominera till val - S\u00e4vsj\u00f6","robots":{"index":"index","follow":"follow","max-snippet":"max-snippet:-1","max-image-preview":"max-image-preview:large","max-video-preview":"max-video-preview:-1"},"canonical":"https:\/\/wp.kristdemokraterna.se\/savsjo\/nominera-till-valet-2018\/","og_locale":"sv_SE","og_type":"article","og_title":"Nominera till val - S\u00e4vsj\u00f6","og_description":"P\u00e5 denna l\u00e4nk kan du i samband med val nominera dina kandidatf\u00f6rslag till kommande riksdag, region och kommunval. En s\u00e4rskild nomineringssida \u00f6ppnas som en ny flik via denna l\u00e4nk","og_url":"https:\/\/wp.kristdemokraterna.se\/savsjo\/nominera-till-valet-2018\/","og_site_name":"S\u00e4vsj\u00f6","article_modified_time":"2022-12-05T10:24:29+00:00","twitter_card":"summary_large_image","twitter_misc":{"Ber\u00e4knad l\u00e4stid":"1 minut"},"schema":{"@context":"https:\/\/schema.org","@graph":[{"@type":"WebPage","@id":"https:\/\/wp.kristdemokraterna.se\/savsjo\/nominera-till-valet-2018\/","url":"https:\/\/wp.kristdemokraterna.se\/savsjo\/nominera-till-valet-2018\/","name":"Nominera till val - S\u00e4vsj\u00f6","isPartOf":{"@id":"https:\/\/wp.kristdemokraterna.se\/savsjo\/#website"},"datePublished":"2017-07-04T09:58:37+00:00","dateModified":"2022-12-05T10:24:29+00:00","breadcrumb":{"@id":"https:\/\/wp.kristdemokraterna.se\/savsjo\/nominera-till-valet-2018\/#breadcrumb"},"inLanguage":"sv-SE","potentialAction":[{"@type":"ReadAction","target":["https:\/\/wp.kristdemokraterna.se\/savsjo\/nominera-till-valet-2018\/"]}]},{"@type":"BreadcrumbList","@id":"https:\/\/wp.kristdemokraterna.se\/savsjo\/nominera-till-valet-2018\/#breadcrumb","itemListElement":[{"@type":"ListItem","position":1,"name":"Hem","item":"https:\/\/wp.kristdemokraterna.se\/savsjo\/"},{"@type":"ListItem","position":2,"name":"Nominera till val"}]},{"@type":"WebSite","@id":"https:\/\/wp.kristdemokraterna.se\/savsjo\/#website","url":"https:\/\/wp.kristdemokraterna.se\/savsjo\/","name":"S\u00e4vsj\u00f6","description":"","inLanguage":"sv-SE"}]}},"_links":{"self":[{"href":"https:\/\/wp.kristdemokraterna.se\/savsjo\/wp-json\/wp\/v2\/pages\/2114","targetHints":{"allow":["GET"]}}],"collection":[{"href":"https:\/\/wp.kristdemokraterna.se\/savsjo\/wp-json\/wp\/v2\/pages"}],"about":[{"href":"https:\/\/wp.kristdemokraterna.se\/savsjo\/wp-json\/wp\/v2\/types\/page"}],"author":[{"embeddable":true,"href":"https:\/\/wp.kristdemokraterna.se\/savsjo\/wp-json\/wp\/v2\/users\/430"}],"replies":[{"embeddable":true,"href":"https:\/\/wp.kristdemokraterna.se\/savsjo\/wp-json\/wp\/v2\/comments?post=2114"}],"version-history":[{"count":4,"href":"https:\/\/wp.kristdemokraterna.se\/savsjo\/wp-json\/wp\/v2\/pages\/2114\/revisions"}],"predecessor-version":[{"id":3813,"href":"https:\/\/wp.kristdemokraterna.se\/savsjo\/wp-json\/wp\/v2\/pages\/2114\/revisions\/3813"}],"wp:attachment":[{"href":"https:\/\/wp.kristdemokraterna.se\/savsjo\/wp-json\/wp\/v2\/media?parent=2114"}],"curies":[{"name":"wp","href":"https:\/\/api.w.org\/{rel}","templated":true}]}}