{"id":224,"date":"2014-02-09T20:28:45","date_gmt":"2014-02-09T19:28:45","guid":{"rendered":"http:\/\/wp.kristdemokraterna.se\/savsjo\/?page_id=224"},"modified":"2025-08-29T14:33:32","modified_gmt":"2025-08-29T12:33:32","slug":"kontaktuppgifter","status":"publish","type":"page","link":"https:\/\/wp.kristdemokraterna.se\/savsjo\/kontakt\/kontaktuppgifter\/","title":{"rendered":"Kontaktuppgifter"},"content":{"rendered":"<p><strong><span style=\"text-decoration: underline\">Kristdemokraterna i S\u00e4vsj\u00f6 kommun<\/span><\/strong><br \/>\nc\/o Jan Johansson<br \/>\nEksj\u00f6hovg\u00e5rdsv\u00e4gen 1 B<br \/>\n576 32 S\u00e4vsj\u00f6<\/p>\n<p>Mejl: kd.savsjo@gmail.com<br \/>\nBankgiro: 5954-1540<br \/>\nOrganisationsnummer: 827501-0182<\/p>\n<p><strong><span style=\"text-decoration: underline\">Ordf\u00f6rande:<br \/>\n<\/span><\/strong>Benjamin Petersson<br \/>\nMejl: benjamin.petersson@icloud.com<br \/>\nMobil: 070-372 92 33<\/p>\n<p><span style=\"text-decoration: underline\"><strong>Kass\u00f6r och ansvarig f\u00f6r register och personuppgifter:<\/strong><\/span><br \/>\nJan Johansson<br \/>\nEksj\u00f6hovg\u00e5rdsv\u00e4gen 1 B<br \/>\n576 32 S\u00e4vsj\u00f6<br \/>\n<span style=\"color: #333333;font-style: normal;line-height: 24.375px\">Mejl: jan.johan00@gmail.com<br \/>\n<\/span>Telefon: 0382-130 10<\/p>\n<p><span style=\"text-decoration: underline\"><strong>Mejladress politiker:<\/strong><\/span><br \/>\nAnna-Karin Yngvesson &#8211; anna-karin.yngvesson@savsjo.se<\/p>\n<p>Anders Griph &#8211; anders.griph@gmail.com<\/p>\n<p>Bengt Mattsson &#8211; bengt48.mattsson@gmail.com<\/p>\n<p>Bengt Swerlander &#8211; bengt.s@outlook.com<\/p>\n<p>Benjamin Petersson &#8211; benjamin.petersson@icloud.com<\/p>\n<p>Erika Mallander &#8211; erika.mallander.karlsson@telia.com<\/p>\n<p>Fredrik H\u00e5kansson &#8211; fredrik@powerpictures.se<\/p>\n<p>Fredrik Karlsson &#8211; fidde2@gmail.com<\/p>\n<p>Gunnel Lundgren &#8211; gunnel.lundgren@savsjo.se<\/p>\n<p>Hugo Cruz &#8211; hugo@cruz.se<\/p>\n<p>Johanna Danielsson &#8211; elsajohannaek@gmail.com<\/p>\n<p>Mikael Erlandsson &#8211; egb@savman.nu<\/p>\n<p>Per Danielsson &#8211; per.danielsson@savsjo.se<\/p>\n<p>Roland Katmark &#8211; roland.katmark@gmail.com<\/p>\n<p>Samuel Nickolausson &#8211; samuel.nickolausson@savsjo.se<\/p>\n<p>Stefan Persson &#8211; stefan.persson@savsjo.se<\/p>\n<p>Stefan Gustafsson &#8211; stefan.gustafsson@savsjo.se<\/p>\n<p>Sven-\u00c5ke G\u00e5rdstam &#8211; gardstam@gmail.com<\/p>\n<p>Therese Petersson &#8211; therese.petersson@savsjo.se<\/p>\n","protected":false},"excerpt":{"rendered":"<p>Kristdemokraterna i S\u00e4vsj\u00f6 kommun c\/o Jan Johansson Eksj\u00f6hovg\u00e5rdsv\u00e4gen 1 B 576 32 S\u00e4vsj\u00f6 Mejl: kd.savsjo@gmail.com Bankgiro: 5954-1540 Organisationsnummer: 827501-0182 Ordf\u00f6rande: Benjamin Petersson Mejl: benjamin.petersson@icloud.com Mobil: 070-372 92 33 Kass\u00f6r och ansvarig f\u00f6r register och personuppgifter: Jan Johansson Eksj\u00f6hovg\u00e5rdsv\u00e4gen 1 B 576 32 S\u00e4vsj\u00f6 Mejl: jan.johan00@gmail.com Telefon: 0382-130 10 Mejladress politiker: Anna-Karin Yngvesson &#8211; anna-karin.yngvesson@savsjo.se Anders <a class=\"read-more-link\" href=\"https:\/\/wp.kristdemokraterna.se\/savsjo\/kontakt\/kontaktuppgifter\/\">Read More<\/a><\/p>\n","protected":false},"author":430,"featured_media":0,"parent":221,"menu_order":0,"comment_status":"closed","ping_status":"closed","template":"","meta":{"_acf_changed":false,"footnotes":""},"class_list":["post-224","page","type-page","status-publish","hentry"],"acf":[],"yoast_head":"<!-- This site is optimized with the Yoast SEO plugin v27.3 - https:\/\/yoast.com\/product\/yoast-seo-wordpress\/ -->\n<title>Kontaktuppgifter - S\u00e4vsj\u00f6<\/title>\n<meta name=\"robots\" content=\"index, follow, max-snippet:-1, max-image-preview:large, max-video-preview:-1\" \/>\n<link rel=\"canonical\" href=\"https:\/\/wp.kristdemokraterna.se\/savsjo\/kontakt\/kontaktuppgifter\/\" \/>\n<meta property=\"og:locale\" content=\"sv_SE\" \/>\n<meta property=\"og:type\" content=\"article\" \/>\n<meta property=\"og:title\" content=\"Kontaktuppgifter - S\u00e4vsj\u00f6\" \/>\n<meta property=\"og:description\" content=\"Kristdemokraterna i S\u00e4vsj\u00f6 kommun c\/o Jan Johansson Eksj\u00f6hovg\u00e5rdsv\u00e4gen 1 B 576 32 S\u00e4vsj\u00f6 Mejl: kd.savsjo@gmail.com Bankgiro: 5954-1540 Organisationsnummer: 827501-0182 Ordf\u00f6rande: Benjamin Petersson Mejl: benjamin.petersson@icloud.com Mobil: 070-372 92 33 Kass\u00f6r och ansvarig f\u00f6r register och personuppgifter: Jan Johansson Eksj\u00f6hovg\u00e5rdsv\u00e4gen 1 B 576 32 S\u00e4vsj\u00f6 Mejl: jan.johan00@gmail.com Telefon: 0382-130 10 Mejladress politiker: Anna-Karin Yngvesson &#8211; anna-karin.yngvesson@savsjo.se Anders Read More\" \/>\n<meta property=\"og:url\" content=\"https:\/\/wp.kristdemokraterna.se\/savsjo\/kontakt\/kontaktuppgifter\/\" \/>\n<meta property=\"og:site_name\" content=\"S\u00e4vsj\u00f6\" \/>\n<meta property=\"article:modified_time\" content=\"2025-08-29T12:33:32+00:00\" \/>\n<meta name=\"twitter:card\" content=\"summary_large_image\" \/>\n<meta name=\"twitter:label1\" content=\"Ber\u00e4knad l\u00e4stid\" \/>\n\t<meta name=\"twitter:data1\" content=\"1 minut\" \/>\n<script type=\"application\/ld+json\" class=\"yoast-schema-graph\">{\"@context\":\"https:\\\/\\\/schema.org\",\"@graph\":[{\"@type\":\"WebPage\",\"@id\":\"https:\\\/\\\/wp.kristdemokraterna.se\\\/savsjo\\\/kontakt\\\/kontaktuppgifter\\\/\",\"url\":\"https:\\\/\\\/wp.kristdemokraterna.se\\\/savsjo\\\/kontakt\\\/kontaktuppgifter\\\/\",\"name\":\"Kontaktuppgifter - S\u00e4vsj\u00f6\",\"isPartOf\":{\"@id\":\"https:\\\/\\\/wp.kristdemokraterna.se\\\/savsjo\\\/#website\"},\"datePublished\":\"2014-02-09T19:28:45+00:00\",\"dateModified\":\"2025-08-29T12:33:32+00:00\",\"breadcrumb\":{\"@id\":\"https:\\\/\\\/wp.kristdemokraterna.se\\\/savsjo\\\/kontakt\\\/kontaktuppgifter\\\/#breadcrumb\"},\"inLanguage\":\"sv-SE\",\"potentialAction\":[{\"@type\":\"ReadAction\",\"target\":[\"https:\\\/\\\/wp.kristdemokraterna.se\\\/savsjo\\\/kontakt\\\/kontaktuppgifter\\\/\"]}]},{\"@type\":\"BreadcrumbList\",\"@id\":\"https:\\\/\\\/wp.kristdemokraterna.se\\\/savsjo\\\/kontakt\\\/kontaktuppgifter\\\/#breadcrumb\",\"itemListElement\":[{\"@type\":\"ListItem\",\"position\":1,\"name\":\"Hem\",\"item\":\"https:\\\/\\\/wp.kristdemokraterna.se\\\/savsjo\\\/\"},{\"@type\":\"ListItem\",\"position\":2,\"name\":\"Kontakt\",\"item\":\"https:\\\/\\\/wp.kristdemokraterna.se\\\/savsjo\\\/kontakt\\\/\"},{\"@type\":\"ListItem\",\"position\":3,\"name\":\"Kontaktuppgifter\"}]},{\"@type\":\"WebSite\",\"@id\":\"https:\\\/\\\/wp.kristdemokraterna.se\\\/savsjo\\\/#website\",\"url\":\"https:\\\/\\\/wp.kristdemokraterna.se\\\/savsjo\\\/\",\"name\":\"S\u00e4vsj\u00f6\",\"description\":\"\",\"inLanguage\":\"sv-SE\"}]}<\/script>\n<!-- \/ Yoast SEO plugin. -->","yoast_head_json":{"title":"Kontaktuppgifter - S\u00e4vsj\u00f6","robots":{"index":"index","follow":"follow","max-snippet":"max-snippet:-1","max-image-preview":"max-image-preview:large","max-video-preview":"max-video-preview:-1"},"canonical":"https:\/\/wp.kristdemokraterna.se\/savsjo\/kontakt\/kontaktuppgifter\/","og_locale":"sv_SE","og_type":"article","og_title":"Kontaktuppgifter - S\u00e4vsj\u00f6","og_description":"Kristdemokraterna i S\u00e4vsj\u00f6 kommun c\/o Jan Johansson Eksj\u00f6hovg\u00e5rdsv\u00e4gen 1 B 576 32 S\u00e4vsj\u00f6 Mejl: kd.savsjo@gmail.com Bankgiro: 5954-1540 Organisationsnummer: 827501-0182 Ordf\u00f6rande: Benjamin Petersson Mejl: benjamin.petersson@icloud.com Mobil: 070-372 92 33 Kass\u00f6r och ansvarig f\u00f6r register och personuppgifter: Jan Johansson Eksj\u00f6hovg\u00e5rdsv\u00e4gen 1 B 576 32 S\u00e4vsj\u00f6 Mejl: jan.johan00@gmail.com Telefon: 0382-130 10 Mejladress politiker: Anna-Karin Yngvesson &#8211; anna-karin.yngvesson@savsjo.se Anders Read More","og_url":"https:\/\/wp.kristdemokraterna.se\/savsjo\/kontakt\/kontaktuppgifter\/","og_site_name":"S\u00e4vsj\u00f6","article_modified_time":"2025-08-29T12:33:32+00:00","twitter_card":"summary_large_image","twitter_misc":{"Ber\u00e4knad l\u00e4stid":"1 minut"},"schema":{"@context":"https:\/\/schema.org","@graph":[{"@type":"WebPage","@id":"https:\/\/wp.kristdemokraterna.se\/savsjo\/kontakt\/kontaktuppgifter\/","url":"https:\/\/wp.kristdemokraterna.se\/savsjo\/kontakt\/kontaktuppgifter\/","name":"Kontaktuppgifter - S\u00e4vsj\u00f6","isPartOf":{"@id":"https:\/\/wp.kristdemokraterna.se\/savsjo\/#website"},"datePublished":"2014-02-09T19:28:45+00:00","dateModified":"2025-08-29T12:33:32+00:00","breadcrumb":{"@id":"https:\/\/wp.kristdemokraterna.se\/savsjo\/kontakt\/kontaktuppgifter\/#breadcrumb"},"inLanguage":"sv-SE","potentialAction":[{"@type":"ReadAction","target":["https:\/\/wp.kristdemokraterna.se\/savsjo\/kontakt\/kontaktuppgifter\/"]}]},{"@type":"BreadcrumbList","@id":"https:\/\/wp.kristdemokraterna.se\/savsjo\/kontakt\/kontaktuppgifter\/#breadcrumb","itemListElement":[{"@type":"ListItem","position":1,"name":"Hem","item":"https:\/\/wp.kristdemokraterna.se\/savsjo\/"},{"@type":"ListItem","position":2,"name":"Kontakt","item":"https:\/\/wp.kristdemokraterna.se\/savsjo\/kontakt\/"},{"@type":"ListItem","position":3,"name":"Kontaktuppgifter"}]},{"@type":"WebSite","@id":"https:\/\/wp.kristdemokraterna.se\/savsjo\/#website","url":"https:\/\/wp.kristdemokraterna.se\/savsjo\/","name":"S\u00e4vsj\u00f6","description":"","inLanguage":"sv-SE"}]}},"_links":{"self":[{"href":"https:\/\/wp.kristdemokraterna.se\/savsjo\/wp-json\/wp\/v2\/pages\/224","targetHints":{"allow":["GET"]}}],"collection":[{"href":"https:\/\/wp.kristdemokraterna.se\/savsjo\/wp-json\/wp\/v2\/pages"}],"about":[{"href":"https:\/\/wp.kristdemokraterna.se\/savsjo\/wp-json\/wp\/v2\/types\/page"}],"author":[{"embeddable":true,"href":"https:\/\/wp.kristdemokraterna.se\/savsjo\/wp-json\/wp\/v2\/users\/430"}],"replies":[{"embeddable":true,"href":"https:\/\/wp.kristdemokraterna.se\/savsjo\/wp-json\/wp\/v2\/comments?post=224"}],"version-history":[{"count":28,"href":"https:\/\/wp.kristdemokraterna.se\/savsjo\/wp-json\/wp\/v2\/pages\/224\/revisions"}],"predecessor-version":[{"id":4238,"href":"https:\/\/wp.kristdemokraterna.se\/savsjo\/wp-json\/wp\/v2\/pages\/224\/revisions\/4238"}],"up":[{"embeddable":true,"href":"https:\/\/wp.kristdemokraterna.se\/savsjo\/wp-json\/wp\/v2\/pages\/221"}],"wp:attachment":[{"href":"https:\/\/wp.kristdemokraterna.se\/savsjo\/wp-json\/wp\/v2\/media?parent=224"}],"curies":[{"name":"wp","href":"https:\/\/api.w.org\/{rel}","templated":true}]}}