{"id":241,"date":"2014-02-09T21:01:51","date_gmt":"2014-02-09T20:01:51","guid":{"rendered":"http:\/\/wp.kristdemokraterna.se\/savsjo\/?page_id=241"},"modified":"2014-08-15T23:19:04","modified_gmt":"2014-08-15T21:19:04","slug":"kriterier-for-vitsippspriset","status":"publish","type":"page","link":"https:\/\/wp.kristdemokraterna.se\/savsjo\/vitsippspriset\/kriterier-for-vitsippspriset\/","title":{"rendered":"Kriterier f\u00f6r vitsippspriset"},"content":{"rendered":"<p>Kristdemokraterna i S\u00e4vsj\u00f6 kommun delar \u00e5rligen ut ett\u00a0&#8221;Vitsippspris&#8221; f\u00f6r att uppmuntra och uppm\u00e4rksamma positiva f\u00f6reteelser i v\u00e5rt n\u00e4rsamh\u00e4lle oavsett om de sker i det tysta eller i str\u00e5lkastarljuset. \u00a0Vitsippspriset har sin utg\u00e5ngspunkt fr\u00e5n den fina v\u00e5rblomman vitsippan som ocks\u00e5 \u00e4r symbolen f\u00f6r Kristdemokraterna. Partiets f\u00f6r hand tecknade vitsippa talar om enkelhet, \u00e4kthet och samtidigt m\u00e4nsklig ofullkomlighet. Mitt i denna ofullkomlighet utr\u00e4ttar m\u00e4nniskor stord\u00e5d &#8211; ofta i det tysta. Vitsippspriset delas ut f\u00f6r g\u00e4rningar gjorda i denna anda och\u00a0\u00e4r avsett som en uppmuntran och ett erk\u00e4nnande till n\u00e5gon enskild eller organisation som har utr\u00e4ttat n\u00e5got ut\u00f6ver det vanliga.<\/p>\n","protected":false},"excerpt":{"rendered":"<p>Kristdemokraterna i S\u00e4vsj\u00f6 kommun delar \u00e5rligen ut ett\u00a0&#8221;Vitsippspris&#8221; f\u00f6r att uppmuntra och uppm\u00e4rksamma positiva f\u00f6reteelser i v\u00e5rt n\u00e4rsamh\u00e4lle oavsett om de sker i det tysta eller i str\u00e5lkastarljuset. \u00a0Vitsippspriset har sin utg\u00e5ngspunkt fr\u00e5n den fina v\u00e5rblomman vitsippan som ocks\u00e5 \u00e4r symbolen f\u00f6r Kristdemokraterna. Partiets f\u00f6r hand tecknade vitsippa talar om enkelhet, \u00e4kthet och samtidigt m\u00e4nsklig <a class=\"read-more-link\" href=\"https:\/\/wp.kristdemokraterna.se\/savsjo\/vitsippspriset\/kriterier-for-vitsippspriset\/\">Read More<\/a><\/p>\n","protected":false},"author":430,"featured_media":0,"parent":244,"menu_order":0,"comment_status":"closed","ping_status":"closed","template":"","meta":{"_acf_changed":false,"footnotes":""},"class_list":["post-241","page","type-page","status-publish","hentry"],"acf":[],"yoast_head":"<!-- This site is optimized with the Yoast SEO plugin v27.3 - https:\/\/yoast.com\/product\/yoast-seo-wordpress\/ -->\n<title>Kriterier f\u00f6r vitsippspriset - S\u00e4vsj\u00f6<\/title>\n<meta name=\"robots\" content=\"index, follow, max-snippet:-1, max-image-preview:large, max-video-preview:-1\" \/>\n<link rel=\"canonical\" href=\"https:\/\/wp.kristdemokraterna.se\/savsjo\/vitsippspriset\/kriterier-for-vitsippspriset\/\" \/>\n<meta property=\"og:locale\" content=\"sv_SE\" \/>\n<meta property=\"og:type\" content=\"article\" \/>\n<meta property=\"og:title\" content=\"Kriterier f\u00f6r vitsippspriset - S\u00e4vsj\u00f6\" \/>\n<meta property=\"og:description\" content=\"Kristdemokraterna i S\u00e4vsj\u00f6 kommun delar \u00e5rligen ut ett\u00a0&#8221;Vitsippspris&#8221; f\u00f6r att uppmuntra och uppm\u00e4rksamma positiva f\u00f6reteelser i v\u00e5rt n\u00e4rsamh\u00e4lle oavsett om de sker i det tysta eller i str\u00e5lkastarljuset. \u00a0Vitsippspriset har sin utg\u00e5ngspunkt fr\u00e5n den fina v\u00e5rblomman vitsippan som ocks\u00e5 \u00e4r symbolen f\u00f6r Kristdemokraterna. Partiets f\u00f6r hand tecknade vitsippa talar om enkelhet, \u00e4kthet och samtidigt m\u00e4nsklig Read More\" \/>\n<meta property=\"og:url\" content=\"https:\/\/wp.kristdemokraterna.se\/savsjo\/vitsippspriset\/kriterier-for-vitsippspriset\/\" \/>\n<meta property=\"og:site_name\" content=\"S\u00e4vsj\u00f6\" \/>\n<meta property=\"article:modified_time\" content=\"2014-08-15T21:19:04+00:00\" \/>\n<meta name=\"twitter:card\" content=\"summary_large_image\" \/>\n<meta name=\"twitter:label1\" content=\"Ber\u00e4knad l\u00e4stid\" \/>\n\t<meta name=\"twitter:data1\" content=\"1 minut\" \/>\n<script type=\"application\/ld+json\" class=\"yoast-schema-graph\">{\"@context\":\"https:\\\/\\\/schema.org\",\"@graph\":[{\"@type\":\"WebPage\",\"@id\":\"https:\\\/\\\/wp.kristdemokraterna.se\\\/savsjo\\\/vitsippspriset\\\/kriterier-for-vitsippspriset\\\/\",\"url\":\"https:\\\/\\\/wp.kristdemokraterna.se\\\/savsjo\\\/vitsippspriset\\\/kriterier-for-vitsippspriset\\\/\",\"name\":\"Kriterier f\u00f6r vitsippspriset - S\u00e4vsj\u00f6\",\"isPartOf\":{\"@id\":\"https:\\\/\\\/wp.kristdemokraterna.se\\\/savsjo\\\/#website\"},\"datePublished\":\"2014-02-09T20:01:51+00:00\",\"dateModified\":\"2014-08-15T21:19:04+00:00\",\"breadcrumb\":{\"@id\":\"https:\\\/\\\/wp.kristdemokraterna.se\\\/savsjo\\\/vitsippspriset\\\/kriterier-for-vitsippspriset\\\/#breadcrumb\"},\"inLanguage\":\"sv-SE\",\"potentialAction\":[{\"@type\":\"ReadAction\",\"target\":[\"https:\\\/\\\/wp.kristdemokraterna.se\\\/savsjo\\\/vitsippspriset\\\/kriterier-for-vitsippspriset\\\/\"]}]},{\"@type\":\"BreadcrumbList\",\"@id\":\"https:\\\/\\\/wp.kristdemokraterna.se\\\/savsjo\\\/vitsippspriset\\\/kriterier-for-vitsippspriset\\\/#breadcrumb\",\"itemListElement\":[{\"@type\":\"ListItem\",\"position\":1,\"name\":\"Hem\",\"item\":\"https:\\\/\\\/wp.kristdemokraterna.se\\\/savsjo\\\/\"},{\"@type\":\"ListItem\",\"position\":2,\"name\":\"Vitsippspriset\",\"item\":\"https:\\\/\\\/wp.kristdemokraterna.se\\\/savsjo\\\/vitsippspriset\\\/\"},{\"@type\":\"ListItem\",\"position\":3,\"name\":\"Kriterier f\u00f6r vitsippspriset\"}]},{\"@type\":\"WebSite\",\"@id\":\"https:\\\/\\\/wp.kristdemokraterna.se\\\/savsjo\\\/#website\",\"url\":\"https:\\\/\\\/wp.kristdemokraterna.se\\\/savsjo\\\/\",\"name\":\"S\u00e4vsj\u00f6\",\"description\":\"\",\"inLanguage\":\"sv-SE\"}]}<\/script>\n<!-- \/ Yoast SEO plugin. -->","yoast_head_json":{"title":"Kriterier f\u00f6r vitsippspriset - S\u00e4vsj\u00f6","robots":{"index":"index","follow":"follow","max-snippet":"max-snippet:-1","max-image-preview":"max-image-preview:large","max-video-preview":"max-video-preview:-1"},"canonical":"https:\/\/wp.kristdemokraterna.se\/savsjo\/vitsippspriset\/kriterier-for-vitsippspriset\/","og_locale":"sv_SE","og_type":"article","og_title":"Kriterier f\u00f6r vitsippspriset - S\u00e4vsj\u00f6","og_description":"Kristdemokraterna i S\u00e4vsj\u00f6 kommun delar \u00e5rligen ut ett\u00a0&#8221;Vitsippspris&#8221; f\u00f6r att uppmuntra och uppm\u00e4rksamma positiva f\u00f6reteelser i v\u00e5rt n\u00e4rsamh\u00e4lle oavsett om de sker i det tysta eller i str\u00e5lkastarljuset. \u00a0Vitsippspriset har sin utg\u00e5ngspunkt fr\u00e5n den fina v\u00e5rblomman vitsippan som ocks\u00e5 \u00e4r symbolen f\u00f6r Kristdemokraterna. Partiets f\u00f6r hand tecknade vitsippa talar om enkelhet, \u00e4kthet och samtidigt m\u00e4nsklig Read More","og_url":"https:\/\/wp.kristdemokraterna.se\/savsjo\/vitsippspriset\/kriterier-for-vitsippspriset\/","og_site_name":"S\u00e4vsj\u00f6","article_modified_time":"2014-08-15T21:19:04+00:00","twitter_card":"summary_large_image","twitter_misc":{"Ber\u00e4knad l\u00e4stid":"1 minut"},"schema":{"@context":"https:\/\/schema.org","@graph":[{"@type":"WebPage","@id":"https:\/\/wp.kristdemokraterna.se\/savsjo\/vitsippspriset\/kriterier-for-vitsippspriset\/","url":"https:\/\/wp.kristdemokraterna.se\/savsjo\/vitsippspriset\/kriterier-for-vitsippspriset\/","name":"Kriterier f\u00f6r vitsippspriset - S\u00e4vsj\u00f6","isPartOf":{"@id":"https:\/\/wp.kristdemokraterna.se\/savsjo\/#website"},"datePublished":"2014-02-09T20:01:51+00:00","dateModified":"2014-08-15T21:19:04+00:00","breadcrumb":{"@id":"https:\/\/wp.kristdemokraterna.se\/savsjo\/vitsippspriset\/kriterier-for-vitsippspriset\/#breadcrumb"},"inLanguage":"sv-SE","potentialAction":[{"@type":"ReadAction","target":["https:\/\/wp.kristdemokraterna.se\/savsjo\/vitsippspriset\/kriterier-for-vitsippspriset\/"]}]},{"@type":"BreadcrumbList","@id":"https:\/\/wp.kristdemokraterna.se\/savsjo\/vitsippspriset\/kriterier-for-vitsippspriset\/#breadcrumb","itemListElement":[{"@type":"ListItem","position":1,"name":"Hem","item":"https:\/\/wp.kristdemokraterna.se\/savsjo\/"},{"@type":"ListItem","position":2,"name":"Vitsippspriset","item":"https:\/\/wp.kristdemokraterna.se\/savsjo\/vitsippspriset\/"},{"@type":"ListItem","position":3,"name":"Kriterier f\u00f6r vitsippspriset"}]},{"@type":"WebSite","@id":"https:\/\/wp.kristdemokraterna.se\/savsjo\/#website","url":"https:\/\/wp.kristdemokraterna.se\/savsjo\/","name":"S\u00e4vsj\u00f6","description":"","inLanguage":"sv-SE"}]}},"_links":{"self":[{"href":"https:\/\/wp.kristdemokraterna.se\/savsjo\/wp-json\/wp\/v2\/pages\/241","targetHints":{"allow":["GET"]}}],"collection":[{"href":"https:\/\/wp.kristdemokraterna.se\/savsjo\/wp-json\/wp\/v2\/pages"}],"about":[{"href":"https:\/\/wp.kristdemokraterna.se\/savsjo\/wp-json\/wp\/v2\/types\/page"}],"author":[{"embeddable":true,"href":"https:\/\/wp.kristdemokraterna.se\/savsjo\/wp-json\/wp\/v2\/users\/430"}],"replies":[{"embeddable":true,"href":"https:\/\/wp.kristdemokraterna.se\/savsjo\/wp-json\/wp\/v2\/comments?post=241"}],"version-history":[{"count":4,"href":"https:\/\/wp.kristdemokraterna.se\/savsjo\/wp-json\/wp\/v2\/pages\/241\/revisions"}],"predecessor-version":[{"id":550,"href":"https:\/\/wp.kristdemokraterna.se\/savsjo\/wp-json\/wp\/v2\/pages\/241\/revisions\/550"}],"up":[{"embeddable":true,"href":"https:\/\/wp.kristdemokraterna.se\/savsjo\/wp-json\/wp\/v2\/pages\/244"}],"wp:attachment":[{"href":"https:\/\/wp.kristdemokraterna.se\/savsjo\/wp-json\/wp\/v2\/media?parent=241"}],"curies":[{"name":"wp","href":"https:\/\/api.w.org\/{rel}","templated":true}]}}