{"id":349,"date":"2014-02-13T14:43:39","date_gmt":"2014-02-13T13:43:39","guid":{"rendered":"http:\/\/wp.kristdemokraterna.se\/savsjo\/?page_id=349"},"modified":"2018-01-29T12:06:16","modified_gmt":"2018-01-29T11:06:16","slug":"vara-stadgar","status":"publish","type":"page","link":"https:\/\/wp.kristdemokraterna.se\/savsjo\/om-oss\/vara-stadgar\/","title":{"rendered":"V\u00e5ra stadgar"},"content":{"rendered":"<p>P\u00e5 l\u00e4nken som f\u00f6ljer kan Du l\u00e4sa de stadgar som \u00e4r grunden f\u00f6r partiavdelningens arbete f\u00f6r kristdemokraterna i S\u00e4vsj\u00f6 kommun:\u00a0<a href=\"http:\/\/wp.kristdemokraterna.se\/savsjo\/files\/2018\/01\/stadgar-2017-kd.pdf\">Stadgar 2017 kd<\/a><\/p>\n","protected":false},"excerpt":{"rendered":"<p>P\u00e5 l\u00e4nken som f\u00f6ljer kan Du l\u00e4sa de stadgar som \u00e4r grunden f\u00f6r partiavdelningens arbete f\u00f6r kristdemokraterna i S\u00e4vsj\u00f6 kommun:\u00a0Stadgar 2017 kd<\/p>\n","protected":false},"author":430,"featured_media":0,"parent":116,"menu_order":0,"comment_status":"closed","ping_status":"closed","template":"","meta":{"_acf_changed":false,"footnotes":""},"class_list":["post-349","page","type-page","status-publish","hentry"],"acf":[],"yoast_head":"<!-- This site is optimized with the Yoast SEO plugin v27.3 - https:\/\/yoast.com\/product\/yoast-seo-wordpress\/ -->\n<title>V\u00e5ra stadgar - S\u00e4vsj\u00f6<\/title>\n<meta name=\"robots\" content=\"index, follow, max-snippet:-1, max-image-preview:large, max-video-preview:-1\" \/>\n<link rel=\"canonical\" href=\"https:\/\/wp.kristdemokraterna.se\/savsjo\/om-oss\/vara-stadgar\/\" \/>\n<meta property=\"og:locale\" content=\"sv_SE\" \/>\n<meta property=\"og:type\" content=\"article\" \/>\n<meta property=\"og:title\" content=\"V\u00e5ra stadgar - S\u00e4vsj\u00f6\" \/>\n<meta property=\"og:description\" content=\"P\u00e5 l\u00e4nken som f\u00f6ljer kan Du l\u00e4sa de stadgar som \u00e4r grunden f\u00f6r partiavdelningens arbete f\u00f6r kristdemokraterna i S\u00e4vsj\u00f6 kommun:\u00a0Stadgar 2017 kd\" \/>\n<meta property=\"og:url\" content=\"https:\/\/wp.kristdemokraterna.se\/savsjo\/om-oss\/vara-stadgar\/\" \/>\n<meta property=\"og:site_name\" content=\"S\u00e4vsj\u00f6\" \/>\n<meta property=\"article:modified_time\" content=\"2018-01-29T11:06:16+00:00\" \/>\n<meta name=\"twitter:card\" content=\"summary_large_image\" \/>\n<script type=\"application\/ld+json\" class=\"yoast-schema-graph\">{\"@context\":\"https:\\\/\\\/schema.org\",\"@graph\":[{\"@type\":\"WebPage\",\"@id\":\"https:\\\/\\\/wp.kristdemokraterna.se\\\/savsjo\\\/om-oss\\\/vara-stadgar\\\/\",\"url\":\"https:\\\/\\\/wp.kristdemokraterna.se\\\/savsjo\\\/om-oss\\\/vara-stadgar\\\/\",\"name\":\"V\u00e5ra stadgar - S\u00e4vsj\u00f6\",\"isPartOf\":{\"@id\":\"https:\\\/\\\/wp.kristdemokraterna.se\\\/savsjo\\\/#website\"},\"datePublished\":\"2014-02-13T13:43:39+00:00\",\"dateModified\":\"2018-01-29T11:06:16+00:00\",\"breadcrumb\":{\"@id\":\"https:\\\/\\\/wp.kristdemokraterna.se\\\/savsjo\\\/om-oss\\\/vara-stadgar\\\/#breadcrumb\"},\"inLanguage\":\"sv-SE\",\"potentialAction\":[{\"@type\":\"ReadAction\",\"target\":[\"https:\\\/\\\/wp.kristdemokraterna.se\\\/savsjo\\\/om-oss\\\/vara-stadgar\\\/\"]}]},{\"@type\":\"BreadcrumbList\",\"@id\":\"https:\\\/\\\/wp.kristdemokraterna.se\\\/savsjo\\\/om-oss\\\/vara-stadgar\\\/#breadcrumb\",\"itemListElement\":[{\"@type\":\"ListItem\",\"position\":1,\"name\":\"Hem\",\"item\":\"https:\\\/\\\/wp.kristdemokraterna.se\\\/savsjo\\\/\"},{\"@type\":\"ListItem\",\"position\":2,\"name\":\"Om oss\",\"item\":\"https:\\\/\\\/wp.kristdemokraterna.se\\\/savsjo\\\/om-oss\\\/\"},{\"@type\":\"ListItem\",\"position\":3,\"name\":\"V\u00e5ra stadgar\"}]},{\"@type\":\"WebSite\",\"@id\":\"https:\\\/\\\/wp.kristdemokraterna.se\\\/savsjo\\\/#website\",\"url\":\"https:\\\/\\\/wp.kristdemokraterna.se\\\/savsjo\\\/\",\"name\":\"S\u00e4vsj\u00f6\",\"description\":\"\",\"inLanguage\":\"sv-SE\"}]}<\/script>\n<!-- \/ Yoast SEO plugin. -->","yoast_head_json":{"title":"V\u00e5ra stadgar - S\u00e4vsj\u00f6","robots":{"index":"index","follow":"follow","max-snippet":"max-snippet:-1","max-image-preview":"max-image-preview:large","max-video-preview":"max-video-preview:-1"},"canonical":"https:\/\/wp.kristdemokraterna.se\/savsjo\/om-oss\/vara-stadgar\/","og_locale":"sv_SE","og_type":"article","og_title":"V\u00e5ra stadgar - S\u00e4vsj\u00f6","og_description":"P\u00e5 l\u00e4nken som f\u00f6ljer kan Du l\u00e4sa de stadgar som \u00e4r grunden f\u00f6r partiavdelningens arbete f\u00f6r kristdemokraterna i S\u00e4vsj\u00f6 kommun:\u00a0Stadgar 2017 kd","og_url":"https:\/\/wp.kristdemokraterna.se\/savsjo\/om-oss\/vara-stadgar\/","og_site_name":"S\u00e4vsj\u00f6","article_modified_time":"2018-01-29T11:06:16+00:00","twitter_card":"summary_large_image","schema":{"@context":"https:\/\/schema.org","@graph":[{"@type":"WebPage","@id":"https:\/\/wp.kristdemokraterna.se\/savsjo\/om-oss\/vara-stadgar\/","url":"https:\/\/wp.kristdemokraterna.se\/savsjo\/om-oss\/vara-stadgar\/","name":"V\u00e5ra stadgar - S\u00e4vsj\u00f6","isPartOf":{"@id":"https:\/\/wp.kristdemokraterna.se\/savsjo\/#website"},"datePublished":"2014-02-13T13:43:39+00:00","dateModified":"2018-01-29T11:06:16+00:00","breadcrumb":{"@id":"https:\/\/wp.kristdemokraterna.se\/savsjo\/om-oss\/vara-stadgar\/#breadcrumb"},"inLanguage":"sv-SE","potentialAction":[{"@type":"ReadAction","target":["https:\/\/wp.kristdemokraterna.se\/savsjo\/om-oss\/vara-stadgar\/"]}]},{"@type":"BreadcrumbList","@id":"https:\/\/wp.kristdemokraterna.se\/savsjo\/om-oss\/vara-stadgar\/#breadcrumb","itemListElement":[{"@type":"ListItem","position":1,"name":"Hem","item":"https:\/\/wp.kristdemokraterna.se\/savsjo\/"},{"@type":"ListItem","position":2,"name":"Om oss","item":"https:\/\/wp.kristdemokraterna.se\/savsjo\/om-oss\/"},{"@type":"ListItem","position":3,"name":"V\u00e5ra stadgar"}]},{"@type":"WebSite","@id":"https:\/\/wp.kristdemokraterna.se\/savsjo\/#website","url":"https:\/\/wp.kristdemokraterna.se\/savsjo\/","name":"S\u00e4vsj\u00f6","description":"","inLanguage":"sv-SE"}]}},"_links":{"self":[{"href":"https:\/\/wp.kristdemokraterna.se\/savsjo\/wp-json\/wp\/v2\/pages\/349","targetHints":{"allow":["GET"]}}],"collection":[{"href":"https:\/\/wp.kristdemokraterna.se\/savsjo\/wp-json\/wp\/v2\/pages"}],"about":[{"href":"https:\/\/wp.kristdemokraterna.se\/savsjo\/wp-json\/wp\/v2\/types\/page"}],"author":[{"embeddable":true,"href":"https:\/\/wp.kristdemokraterna.se\/savsjo\/wp-json\/wp\/v2\/users\/430"}],"replies":[{"embeddable":true,"href":"https:\/\/wp.kristdemokraterna.se\/savsjo\/wp-json\/wp\/v2\/comments?post=349"}],"version-history":[{"count":11,"href":"https:\/\/wp.kristdemokraterna.se\/savsjo\/wp-json\/wp\/v2\/pages\/349\/revisions"}],"predecessor-version":[{"id":2330,"href":"https:\/\/wp.kristdemokraterna.se\/savsjo\/wp-json\/wp\/v2\/pages\/349\/revisions\/2330"}],"up":[{"embeddable":true,"href":"https:\/\/wp.kristdemokraterna.se\/savsjo\/wp-json\/wp\/v2\/pages\/116"}],"wp:attachment":[{"href":"https:\/\/wp.kristdemokraterna.se\/savsjo\/wp-json\/wp\/v2\/media?parent=349"}],"curies":[{"name":"wp","href":"https:\/\/api.w.org\/{rel}","templated":true}]}}