{"id":4374,"date":"2026-03-18T18:52:23","date_gmt":"2026-03-18T17:52:23","guid":{"rendered":"https:\/\/wp.kristdemokraterna.se\/savsjo\/?page_id=4374"},"modified":"2026-03-18T18:52:23","modified_gmt":"2026-03-18T17:52:23","slug":"kommunvalsedel","status":"publish","type":"page","link":"https:\/\/wp.kristdemokraterna.se\/savsjo\/val\/kommunvalsedel\/","title":{"rendered":"Kommunvalsedel"},"content":{"rendered":"<h2>Valsedel i kommunvalet 2026<\/h2>\n<p><em>Framsida<\/em><br \/>\n1. Therese Petersson, Kommunalr\u00e5d, S\u00e4vsj\u00f6<br \/>\n2. Benjamin Petersson, Jurist, Vrigstad<br \/>\n3. Stefan Persson, F\u00f6retagare, Lagmansryd<br \/>\n4. Mirjam Brolin, Enhetschef, Stockaryd<br \/>\n5. Fredrik H\u00e5kansson, F\u00f6retagare, S\u00e4vsj\u00f6<br \/>\n6. Erika Mallander Karlsson, Sjuksk\u00f6terska, Vrigstad<br \/>\n7. Per Danielsson, Leg. psykolog, Stockaryd<br \/>\n8. Magnus Nordh, F\u00f6retagare, Hjul\u00e5s<br \/>\n9. Gunnel Lundgren, Senior, Vrigstad<br \/>\n10. Stefan Gustafsson, Senior, Stockaryd<br \/>\n11. Samuel Nikolausson, Yrkesl\u00e4rare, S\u00e4vsj\u00f6<br \/>\n12. Johanna Danielsson, Verksamhetschef, S\u00e4vsj\u00f6<br \/>\n13. Fredrik Karlsson, Byggnadsingenj\u00f6r, Vrigstad<br \/>\n14. Essam Aeoub, Socialpedagog, R\u00f6rvik<br \/>\n15. Alexander Br\u00e4nnlund, Statsvetare, S\u00e4vsj\u00f6<br \/>\n16. Katarina Sj\u00f6berg, Leg. arbetsterapeut, Vrigstad<br \/>\n17. Samuel Bengtsson, Pl\u00e5tslagare, S\u00e4vsj\u00f6<br \/>\n18. Jonas Bringstam, F\u00f6retagare, Vrigstad<br \/>\n19. Elizabeth \u00d6reb\u00e4ck, Marknadskommunikat\u00f6r, R\u00f6rvik<br \/>\n20. Kalle Gustavsson, Ungdomsledare, Nya Hj\u00e4lmseryd<br \/>\n21. Beda Petersson, Sjuksk\u00f6terska, S\u00e4vsj\u00f6<br \/>\n22. Timmy Abelsson, F\u00f6retagare, Hj\u00e4rtlanda<br \/>\n23. Helene Sigfridsson, Distriktssk\u00f6terska, S\u00f6ndra<br \/>\n24. Rikard Hultgren, F\u00f6rskoll\u00e4rare, Vrigstad<br \/>\n25. Pernilla Johansson, Barnpastor, S\u00e4vsj\u00f6<br \/>\n26. Simon Anefur, Polisinspekt\u00f6r, Vrigstad<\/p>\n<p><em>Baksida<\/em><br \/>\n27. Mattias Hammarstedt, L\u00e4rare, S\u00e4vsj\u00f6<br \/>\n28. Frida Hagstr\u00f6m, F\u00f6retagare, S\u00e4vsj\u00f6<br \/>\n29. Mikael Erlandsson, F\u00f6retagare, Hultsj\u00f6<br \/>\n30. Anncatrin Ek, Senior, S\u00e4vsj\u00f6<br \/>\n31. Patrik Axelsson, Snickare, R\u00f6rvik<br \/>\n32. Nikolina Franjicevic, Fris\u00f6r, S\u00e4vsj\u00f6<br \/>\n33. Urban Dagman, Senior, Stockaryd<br \/>\n34. Marie Gustafsson, Omr\u00e5deschef, Vrigstad<br \/>\n35. Mattias Hj\u00e4lmeby, Byggnadsingenj\u00f6r, Vrigstad<br \/>\n36. Katrin Sj\u00f6gren, Fris\u00f6r, Vrigstad<br \/>\n37. Svante Gustavsson, F\u00f6reningsledare, S\u00e4vsj\u00f6<br \/>\n38. Shireen Al Shaana, Ekonom, Stockaryd<br \/>\n39. Otto Petersson, Snickare, S\u00e4vsj\u00f6<br \/>\n40. May Andersson, Barnsk\u00f6tare, Vrigstad<br \/>\n41. Jan Johansson, Redovisningsekonom, S\u00e4vsj\u00f6<br \/>\n42. Annika Andersson, Senior, Sk\u00e4rshult<br \/>\n43. Kjell Hagstr\u00f6m, Arbetsledare, R\u00f6rvik<\/p>\n","protected":false},"excerpt":{"rendered":"<p>Valsedel i kommunvalet 2026 Framsida 1. Therese Petersson, Kommunalr\u00e5d, S\u00e4vsj\u00f6 2. Benjamin Petersson, Jurist, Vrigstad 3. Stefan Persson, F\u00f6retagare, Lagmansryd 4. Mirjam Brolin, Enhetschef, Stockaryd 5. Fredrik H\u00e5kansson, F\u00f6retagare, S\u00e4vsj\u00f6 6. Erika Mallander Karlsson, Sjuksk\u00f6terska, Vrigstad 7. Per Danielsson, Leg. psykolog, Stockaryd 8. Magnus Nordh, F\u00f6retagare, Hjul\u00e5s 9. Gunnel Lundgren, Senior, Vrigstad 10. Stefan Gustafsson, <a class=\"read-more-link\" href=\"https:\/\/wp.kristdemokraterna.se\/savsjo\/val\/kommunvalsedel\/\">Read More<\/a><\/p>\n","protected":false},"author":430,"featured_media":0,"parent":198,"menu_order":0,"comment_status":"closed","ping_status":"closed","template":"","meta":{"_acf_changed":false,"footnotes":""},"class_list":["post-4374","page","type-page","status-publish","hentry"],"acf":[],"yoast_head":"<!-- This site is optimized with the Yoast SEO plugin v27.3 - https:\/\/yoast.com\/product\/yoast-seo-wordpress\/ -->\n<title>Kommunvalsedel - S\u00e4vsj\u00f6<\/title>\n<meta name=\"robots\" content=\"index, follow, max-snippet:-1, max-image-preview:large, max-video-preview:-1\" \/>\n<link rel=\"canonical\" href=\"https:\/\/wp.kristdemokraterna.se\/savsjo\/val\/kommunvalsedel\/\" \/>\n<meta property=\"og:locale\" content=\"sv_SE\" \/>\n<meta property=\"og:type\" content=\"article\" \/>\n<meta property=\"og:title\" content=\"Kommunvalsedel - S\u00e4vsj\u00f6\" \/>\n<meta property=\"og:description\" content=\"Valsedel i kommunvalet 2026 Framsida 1. Therese Petersson, Kommunalr\u00e5d, S\u00e4vsj\u00f6 2. Benjamin Petersson, Jurist, Vrigstad 3. Stefan Persson, F\u00f6retagare, Lagmansryd 4. Mirjam Brolin, Enhetschef, Stockaryd 5. Fredrik H\u00e5kansson, F\u00f6retagare, S\u00e4vsj\u00f6 6. Erika Mallander Karlsson, Sjuksk\u00f6terska, Vrigstad 7. Per Danielsson, Leg. psykolog, Stockaryd 8. Magnus Nordh, F\u00f6retagare, Hjul\u00e5s 9. Gunnel Lundgren, Senior, Vrigstad 10. Stefan Gustafsson, Read More\" \/>\n<meta property=\"og:url\" content=\"https:\/\/wp.kristdemokraterna.se\/savsjo\/val\/kommunvalsedel\/\" \/>\n<meta property=\"og:site_name\" content=\"S\u00e4vsj\u00f6\" \/>\n<meta name=\"twitter:card\" content=\"summary_large_image\" \/>\n<meta name=\"twitter:label1\" content=\"Ber\u00e4knad l\u00e4stid\" \/>\n\t<meta name=\"twitter:data1\" content=\"2 minuter\" \/>\n<script type=\"application\/ld+json\" class=\"yoast-schema-graph\">{\"@context\":\"https:\\\/\\\/schema.org\",\"@graph\":[{\"@type\":\"WebPage\",\"@id\":\"https:\\\/\\\/wp.kristdemokraterna.se\\\/savsjo\\\/val\\\/kommunvalsedel\\\/\",\"url\":\"https:\\\/\\\/wp.kristdemokraterna.se\\\/savsjo\\\/val\\\/kommunvalsedel\\\/\",\"name\":\"Kommunvalsedel - S\u00e4vsj\u00f6\",\"isPartOf\":{\"@id\":\"https:\\\/\\\/wp.kristdemokraterna.se\\\/savsjo\\\/#website\"},\"datePublished\":\"2026-03-18T17:52:23+00:00\",\"breadcrumb\":{\"@id\":\"https:\\\/\\\/wp.kristdemokraterna.se\\\/savsjo\\\/val\\\/kommunvalsedel\\\/#breadcrumb\"},\"inLanguage\":\"sv-SE\",\"potentialAction\":[{\"@type\":\"ReadAction\",\"target\":[\"https:\\\/\\\/wp.kristdemokraterna.se\\\/savsjo\\\/val\\\/kommunvalsedel\\\/\"]}]},{\"@type\":\"BreadcrumbList\",\"@id\":\"https:\\\/\\\/wp.kristdemokraterna.se\\\/savsjo\\\/val\\\/kommunvalsedel\\\/#breadcrumb\",\"itemListElement\":[{\"@type\":\"ListItem\",\"position\":1,\"name\":\"Hem\",\"item\":\"https:\\\/\\\/wp.kristdemokraterna.se\\\/savsjo\\\/\"},{\"@type\":\"ListItem\",\"position\":2,\"name\":\"Val\",\"item\":\"https:\\\/\\\/wp.kristdemokraterna.se\\\/savsjo\\\/val\\\/\"},{\"@type\":\"ListItem\",\"position\":3,\"name\":\"Kommunvalsedel\"}]},{\"@type\":\"WebSite\",\"@id\":\"https:\\\/\\\/wp.kristdemokraterna.se\\\/savsjo\\\/#website\",\"url\":\"https:\\\/\\\/wp.kristdemokraterna.se\\\/savsjo\\\/\",\"name\":\"S\u00e4vsj\u00f6\",\"description\":\"\",\"inLanguage\":\"sv-SE\"}]}<\/script>\n<!-- \/ Yoast SEO plugin. -->","yoast_head_json":{"title":"Kommunvalsedel - S\u00e4vsj\u00f6","robots":{"index":"index","follow":"follow","max-snippet":"max-snippet:-1","max-image-preview":"max-image-preview:large","max-video-preview":"max-video-preview:-1"},"canonical":"https:\/\/wp.kristdemokraterna.se\/savsjo\/val\/kommunvalsedel\/","og_locale":"sv_SE","og_type":"article","og_title":"Kommunvalsedel - S\u00e4vsj\u00f6","og_description":"Valsedel i kommunvalet 2026 Framsida 1. Therese Petersson, Kommunalr\u00e5d, S\u00e4vsj\u00f6 2. Benjamin Petersson, Jurist, Vrigstad 3. Stefan Persson, F\u00f6retagare, Lagmansryd 4. Mirjam Brolin, Enhetschef, Stockaryd 5. Fredrik H\u00e5kansson, F\u00f6retagare, S\u00e4vsj\u00f6 6. Erika Mallander Karlsson, Sjuksk\u00f6terska, Vrigstad 7. Per Danielsson, Leg. psykolog, Stockaryd 8. Magnus Nordh, F\u00f6retagare, Hjul\u00e5s 9. Gunnel Lundgren, Senior, Vrigstad 10. Stefan Gustafsson, Read More","og_url":"https:\/\/wp.kristdemokraterna.se\/savsjo\/val\/kommunvalsedel\/","og_site_name":"S\u00e4vsj\u00f6","twitter_card":"summary_large_image","twitter_misc":{"Ber\u00e4knad l\u00e4stid":"2 minuter"},"schema":{"@context":"https:\/\/schema.org","@graph":[{"@type":"WebPage","@id":"https:\/\/wp.kristdemokraterna.se\/savsjo\/val\/kommunvalsedel\/","url":"https:\/\/wp.kristdemokraterna.se\/savsjo\/val\/kommunvalsedel\/","name":"Kommunvalsedel - S\u00e4vsj\u00f6","isPartOf":{"@id":"https:\/\/wp.kristdemokraterna.se\/savsjo\/#website"},"datePublished":"2026-03-18T17:52:23+00:00","breadcrumb":{"@id":"https:\/\/wp.kristdemokraterna.se\/savsjo\/val\/kommunvalsedel\/#breadcrumb"},"inLanguage":"sv-SE","potentialAction":[{"@type":"ReadAction","target":["https:\/\/wp.kristdemokraterna.se\/savsjo\/val\/kommunvalsedel\/"]}]},{"@type":"BreadcrumbList","@id":"https:\/\/wp.kristdemokraterna.se\/savsjo\/val\/kommunvalsedel\/#breadcrumb","itemListElement":[{"@type":"ListItem","position":1,"name":"Hem","item":"https:\/\/wp.kristdemokraterna.se\/savsjo\/"},{"@type":"ListItem","position":2,"name":"Val","item":"https:\/\/wp.kristdemokraterna.se\/savsjo\/val\/"},{"@type":"ListItem","position":3,"name":"Kommunvalsedel"}]},{"@type":"WebSite","@id":"https:\/\/wp.kristdemokraterna.se\/savsjo\/#website","url":"https:\/\/wp.kristdemokraterna.se\/savsjo\/","name":"S\u00e4vsj\u00f6","description":"","inLanguage":"sv-SE"}]}},"_links":{"self":[{"href":"https:\/\/wp.kristdemokraterna.se\/savsjo\/wp-json\/wp\/v2\/pages\/4374","targetHints":{"allow":["GET"]}}],"collection":[{"href":"https:\/\/wp.kristdemokraterna.se\/savsjo\/wp-json\/wp\/v2\/pages"}],"about":[{"href":"https:\/\/wp.kristdemokraterna.se\/savsjo\/wp-json\/wp\/v2\/types\/page"}],"author":[{"embeddable":true,"href":"https:\/\/wp.kristdemokraterna.se\/savsjo\/wp-json\/wp\/v2\/users\/430"}],"replies":[{"embeddable":true,"href":"https:\/\/wp.kristdemokraterna.se\/savsjo\/wp-json\/wp\/v2\/comments?post=4374"}],"version-history":[{"count":1,"href":"https:\/\/wp.kristdemokraterna.se\/savsjo\/wp-json\/wp\/v2\/pages\/4374\/revisions"}],"predecessor-version":[{"id":4375,"href":"https:\/\/wp.kristdemokraterna.se\/savsjo\/wp-json\/wp\/v2\/pages\/4374\/revisions\/4375"}],"up":[{"embeddable":true,"href":"https:\/\/wp.kristdemokraterna.se\/savsjo\/wp-json\/wp\/v2\/pages\/198"}],"wp:attachment":[{"href":"https:\/\/wp.kristdemokraterna.se\/savsjo\/wp-json\/wp\/v2\/media?parent=4374"}],"curies":[{"name":"wp","href":"https:\/\/api.w.org\/{rel}","templated":true}]}}