{"id":342,"date":"2017-11-30T15:21:10","date_gmt":"2017-11-30T14:21:10","guid":{"rendered":"http:\/\/wp.kristdemokraterna.se\/sigtuna2\/?page_id=342"},"modified":"2023-12-07T17:17:28","modified_gmt":"2023-12-07T16:17:28","slug":"i-var-kommun","status":"publish","type":"page","link":"https:\/\/wp.kristdemokraterna.se\/sigtuna\/i-var-kommun\/","title":{"rendered":"Vad vill vi i v\u00e5r kommun"},"content":{"rendered":"<h1>KRISTDEMOKRATERNA I SIGTUNA<\/h1>\n<h4>N\u00e4r KRISTDEMOKRATERNA I SIGUNA nu tittar fram\u00e5t s\u00e5 arbetar vi f\u00f6r en ambitions\u00f6kning som skall g\u00f6ra st\u00f6rre skillnad p\u00e5 riktigt. Vi skall forts\u00e4tta med v\u00e5rt arbete f\u00f6r den enskilda m\u00e4nniskan i centrum, \u00f6ka samh\u00e4llsgemenskapen och arbeta s\u00e5 att du kan f\u00e5 den b\u00e4sta v\u00e5rden i Stockholms l\u00e4n genom att m\u00f6jligg\u00f6ra att v\u00e5rdcentralerna kan anst\u00e4lla kommunala l\u00e4kare, enligt den s\u00e5 kallade \u201dSigtuna-modellen\u201d. Som tidigare praktiserats med framg\u00e5ng.<\/h4>\n<h4>En del av v\u00e5rt uppdrag under kommande verksamhets\u00e5r \u00e4r att lyssna p\u00e5 och informera v\u00e5ra medlemmar om vart vi \u00e4r p\u00e5 v\u00e4g. Attrahera nya v\u00e4ljare med v\u00e5ra viktigaste fr\u00e5gor inf\u00f6r valet med Kristdemokraternas politik och v\u00e4rdegrund som v\u00e5ra starkaste verktyg.<\/h4>\n<h4>V\u00e5ra viktigaste fr\u00e5gor \u00e4r<\/h4>\n<ul>\n<li>\n<h4>Sjukv\u00e5rden<\/h4>\n<\/li>\n<li>\n<h4>\u00c4ldrefr\u00e5gor<\/h4>\n<\/li>\n<li>\n<h4>Trygghetsfr\u00e5gor<\/h4>\n<\/li>\n<\/ul>\n<h4>Parallellt med detta avser vi att f\u00f6rst\u00e4rka v\u00e5r lokala profil f\u00f6r f\u00f6retagarna i kommunen samt tydligg\u00f6ra samarbetet med civilsamh\u00e4llets organisationer.<\/h4>\n<h4>I Sigtuna kommun och i regionen g\u00f6rs \u00e5rligen ett budgetarbete d\u00e4r Kristdemokraterna i Sigtunas politik l\u00e4ggs fram. P\u00e5 detta s\u00e4tt markerar partiet lokalt prioriterade fr\u00e5gor tillsammans med aktuella fr\u00e5gor inom.<\/h4>\n<ul>\n<li>\n<h4>Utbildning och barnomsorg<\/h4>\n<\/li>\n<li>\n<h4>Klimat<\/h4>\n<\/li>\n<li>\n<h4>J\u00e4mst\u00e4lldhet<\/h4>\n<\/li>\n<li>\n<h4>Kriminalpolitik<\/h4>\n<\/li>\n<li>\n<h4>Ekonomisk politik och skatter<\/h4>\n<\/li>\n<\/ul>\n<h4><\/h4>\n","protected":false},"excerpt":{"rendered":"<p>KRISTDEMOKRATERNA I SIGTUNA N\u00e4r KRISTDEMOKRATERNA I SIGUNA nu tittar fram\u00e5t s\u00e5 arbetar vi f\u00f6r en ambitions\u00f6kning som skall g\u00f6ra st\u00f6rre skillnad p\u00e5 riktigt. Vi skall forts\u00e4tta med v\u00e5rt arbete f\u00f6r den enskilda m\u00e4nniskan i centrum, \u00f6ka samh\u00e4llsgemenskapen och arbeta s\u00e5 att du kan f\u00e5 den b\u00e4sta v\u00e5rden i Stockholms l\u00e4n genom att m\u00f6jligg\u00f6ra att v\u00e5rdcentralerna <a class=\"read-more-link\" href=\"https:\/\/wp.kristdemokraterna.se\/sigtuna\/i-var-kommun\/\">L\u00e4s mer<\/a><\/p>\n","protected":false},"author":788,"featured_media":0,"parent":0,"menu_order":0,"comment_status":"closed","ping_status":"closed","template":"page.php","meta":{"_acf_changed":false,"footnotes":""},"class_list":["post-342","page","type-page","status-publish","hentry"],"acf":[],"yoast_head":"<!-- This site is optimized with the Yoast SEO plugin v27.4 - https:\/\/yoast.com\/product\/yoast-seo-wordpress\/ -->\n<title>Vad vill vi i v\u00e5r kommun - Kristdemokraterna i Sigtuna<\/title>\n<meta name=\"robots\" content=\"index, follow, max-snippet:-1, max-image-preview:large, max-video-preview:-1\" \/>\n<link rel=\"canonical\" href=\"https:\/\/wp.kristdemokraterna.se\/sigtuna\/i-var-kommun\/\" \/>\n<meta property=\"og:locale\" content=\"sv_SE\" \/>\n<meta property=\"og:type\" content=\"article\" \/>\n<meta property=\"og:title\" content=\"Vad vill vi i v\u00e5r kommun - Kristdemokraterna i Sigtuna\" \/>\n<meta property=\"og:description\" content=\"KRISTDEMOKRATERNA I SIGTUNA N\u00e4r KRISTDEMOKRATERNA I SIGUNA nu tittar fram\u00e5t s\u00e5 arbetar vi f\u00f6r en ambitions\u00f6kning som skall g\u00f6ra st\u00f6rre skillnad p\u00e5 riktigt. Vi skall forts\u00e4tta med v\u00e5rt arbete f\u00f6r den enskilda m\u00e4nniskan i centrum, \u00f6ka samh\u00e4llsgemenskapen och arbeta s\u00e5 att du kan f\u00e5 den b\u00e4sta v\u00e5rden i Stockholms l\u00e4n genom att m\u00f6jligg\u00f6ra att v\u00e5rdcentralerna L\u00e4s mer\" \/>\n<meta property=\"og:url\" content=\"https:\/\/wp.kristdemokraterna.se\/sigtuna\/i-var-kommun\/\" \/>\n<meta property=\"og:site_name\" content=\"Kristdemokraterna i Sigtuna\" \/>\n<meta property=\"article:modified_time\" content=\"2023-12-07T16:17:28+00:00\" \/>\n<meta name=\"twitter:card\" content=\"summary_large_image\" \/>\n<meta name=\"twitter:label1\" content=\"Ber\u00e4knad l\u00e4stid\" \/>\n\t<meta name=\"twitter:data1\" content=\"1 minut\" \/>\n<script type=\"application\/ld+json\" class=\"yoast-schema-graph\">{\"@context\":\"https:\\\/\\\/schema.org\",\"@graph\":[{\"@type\":\"WebPage\",\"@id\":\"https:\\\/\\\/wp.kristdemokraterna.se\\\/sigtuna\\\/i-var-kommun\\\/\",\"url\":\"https:\\\/\\\/wp.kristdemokraterna.se\\\/sigtuna\\\/i-var-kommun\\\/\",\"name\":\"Vad vill vi i v\u00e5r kommun - Kristdemokraterna i Sigtuna\",\"isPartOf\":{\"@id\":\"https:\\\/\\\/wp.kristdemokraterna.se\\\/sigtuna\\\/#website\"},\"datePublished\":\"2017-11-30T14:21:10+00:00\",\"dateModified\":\"2023-12-07T16:17:28+00:00\",\"breadcrumb\":{\"@id\":\"https:\\\/\\\/wp.kristdemokraterna.se\\\/sigtuna\\\/i-var-kommun\\\/#breadcrumb\"},\"inLanguage\":\"sv-SE\",\"potentialAction\":[{\"@type\":\"ReadAction\",\"target\":[\"https:\\\/\\\/wp.kristdemokraterna.se\\\/sigtuna\\\/i-var-kommun\\\/\"]}]},{\"@type\":\"BreadcrumbList\",\"@id\":\"https:\\\/\\\/wp.kristdemokraterna.se\\\/sigtuna\\\/i-var-kommun\\\/#breadcrumb\",\"itemListElement\":[{\"@type\":\"ListItem\",\"position\":1,\"name\":\"Hem\",\"item\":\"https:\\\/\\\/wp.kristdemokraterna.se\\\/sigtuna\\\/\"},{\"@type\":\"ListItem\",\"position\":2,\"name\":\"Vad vill vi i v\u00e5r kommun\"}]},{\"@type\":\"WebSite\",\"@id\":\"https:\\\/\\\/wp.kristdemokraterna.se\\\/sigtuna\\\/#website\",\"url\":\"https:\\\/\\\/wp.kristdemokraterna.se\\\/sigtuna\\\/\",\"name\":\"Kristdemokraterna i Sigtuna\",\"description\":\"En till Kristdemokraterna webbplats\",\"inLanguage\":\"sv-SE\"}]}<\/script>\n<!-- \/ Yoast SEO plugin. -->","yoast_head_json":{"title":"Vad vill vi i v\u00e5r kommun - Kristdemokraterna i Sigtuna","robots":{"index":"index","follow":"follow","max-snippet":"max-snippet:-1","max-image-preview":"max-image-preview:large","max-video-preview":"max-video-preview:-1"},"canonical":"https:\/\/wp.kristdemokraterna.se\/sigtuna\/i-var-kommun\/","og_locale":"sv_SE","og_type":"article","og_title":"Vad vill vi i v\u00e5r kommun - Kristdemokraterna i Sigtuna","og_description":"KRISTDEMOKRATERNA I SIGTUNA N\u00e4r KRISTDEMOKRATERNA I SIGUNA nu tittar fram\u00e5t s\u00e5 arbetar vi f\u00f6r en ambitions\u00f6kning som skall g\u00f6ra st\u00f6rre skillnad p\u00e5 riktigt. Vi skall forts\u00e4tta med v\u00e5rt arbete f\u00f6r den enskilda m\u00e4nniskan i centrum, \u00f6ka samh\u00e4llsgemenskapen och arbeta s\u00e5 att du kan f\u00e5 den b\u00e4sta v\u00e5rden i Stockholms l\u00e4n genom att m\u00f6jligg\u00f6ra att v\u00e5rdcentralerna L\u00e4s mer","og_url":"https:\/\/wp.kristdemokraterna.se\/sigtuna\/i-var-kommun\/","og_site_name":"Kristdemokraterna i Sigtuna","article_modified_time":"2023-12-07T16:17:28+00:00","twitter_card":"summary_large_image","twitter_misc":{"Ber\u00e4knad l\u00e4stid":"1 minut"},"schema":{"@context":"https:\/\/schema.org","@graph":[{"@type":"WebPage","@id":"https:\/\/wp.kristdemokraterna.se\/sigtuna\/i-var-kommun\/","url":"https:\/\/wp.kristdemokraterna.se\/sigtuna\/i-var-kommun\/","name":"Vad vill vi i v\u00e5r kommun - Kristdemokraterna i Sigtuna","isPartOf":{"@id":"https:\/\/wp.kristdemokraterna.se\/sigtuna\/#website"},"datePublished":"2017-11-30T14:21:10+00:00","dateModified":"2023-12-07T16:17:28+00:00","breadcrumb":{"@id":"https:\/\/wp.kristdemokraterna.se\/sigtuna\/i-var-kommun\/#breadcrumb"},"inLanguage":"sv-SE","potentialAction":[{"@type":"ReadAction","target":["https:\/\/wp.kristdemokraterna.se\/sigtuna\/i-var-kommun\/"]}]},{"@type":"BreadcrumbList","@id":"https:\/\/wp.kristdemokraterna.se\/sigtuna\/i-var-kommun\/#breadcrumb","itemListElement":[{"@type":"ListItem","position":1,"name":"Hem","item":"https:\/\/wp.kristdemokraterna.se\/sigtuna\/"},{"@type":"ListItem","position":2,"name":"Vad vill vi i v\u00e5r kommun"}]},{"@type":"WebSite","@id":"https:\/\/wp.kristdemokraterna.se\/sigtuna\/#website","url":"https:\/\/wp.kristdemokraterna.se\/sigtuna\/","name":"Kristdemokraterna i Sigtuna","description":"En till Kristdemokraterna webbplats","inLanguage":"sv-SE"}]}},"_links":{"self":[{"href":"https:\/\/wp.kristdemokraterna.se\/sigtuna\/wp-json\/wp\/v2\/pages\/342","targetHints":{"allow":["GET"]}}],"collection":[{"href":"https:\/\/wp.kristdemokraterna.se\/sigtuna\/wp-json\/wp\/v2\/pages"}],"about":[{"href":"https:\/\/wp.kristdemokraterna.se\/sigtuna\/wp-json\/wp\/v2\/types\/page"}],"author":[{"embeddable":true,"href":"https:\/\/wp.kristdemokraterna.se\/sigtuna\/wp-json\/wp\/v2\/users\/788"}],"replies":[{"embeddable":true,"href":"https:\/\/wp.kristdemokraterna.se\/sigtuna\/wp-json\/wp\/v2\/comments?post=342"}],"version-history":[{"count":8,"href":"https:\/\/wp.kristdemokraterna.se\/sigtuna\/wp-json\/wp\/v2\/pages\/342\/revisions"}],"predecessor-version":[{"id":754,"href":"https:\/\/wp.kristdemokraterna.se\/sigtuna\/wp-json\/wp\/v2\/pages\/342\/revisions\/754"}],"wp:attachment":[{"href":"https:\/\/wp.kristdemokraterna.se\/sigtuna\/wp-json\/wp\/v2\/media?parent=342"}],"curies":[{"name":"wp","href":"https:\/\/api.w.org\/{rel}","templated":true}]}}