{"id":363,"date":"2021-04-07T00:12:27","date_gmt":"2021-04-06T22:12:27","guid":{"rendered":"http:\/\/wp.kristdemokraterna.se\/sigtuna2\/?page_id=363"},"modified":"2024-12-04T20:50:29","modified_gmt":"2024-12-04T19:50:29","slug":"kontakta-oss-2","status":"publish","type":"page","link":"https:\/\/wp.kristdemokraterna.se\/sigtuna\/textsida-med-vanster-sidebar\/kontakta-oss-2\/","title":{"rendered":"Kontakta oss"},"content":{"rendered":"<p>&nbsp;<\/p>\n<h1>V\u00c4LKOMMEN !<\/h1>\n<h3>Du \u00e4r varmt v\u00e4lkommen till Kristdemokraterna i Sigtuna kommun. H\u00e4r kan du st\u00e4lla fr\u00e5gor om v\u00e5r politik eller ber\u00e4tta om det du tycker \u00e4r viktigt.<\/h3>\n<p>POSTADRESS<\/p>\n<p>Kristdemokraterna i Sigtuna<\/p>\n<p>Bengt Hellstr\u00f6m<\/p>\n<p>Odensala S\u00f6derby 151<\/p>\n<p>195 92 M\u00e4rsta<\/p>\n<p>&nbsp;<\/p>\n<p>PARTIORDF\u00d6RANDE LOKALAVDELNINGEN<\/p>\n<p>Peter Von Satzger<\/p>\n<p>Epost <a href=\"mailto:petervonsatzger@gmail.com\">petervonsatzger@gmail.com<\/a><\/p>\n<p>&nbsp;<\/p>\n<p>&nbsp;<\/p>\n<p>HEMSIDA<\/p>\n<p><a href=\"https:\/\/wp.kristdemokraterna.se\/sigtuna\/\">https:\/\/wp.kristdemokraterna.se\/sigtuna\/<\/a><\/p>\n<p>FACEBOOK<\/p>\n<p><a href=\"https:\/\/www.facebook.com\/kdsigtuna\">https:\/\/www.facebook.com\/kdsigtuna<\/a><\/p>\n<p>MEDBORGARDIALOG<\/p>\n<p><a href=\"mailto:sigtuna@kristdemokraterna.se\">sigtuna@kristdemokraterna.se\u00a0<\/a><\/p>\n","protected":false},"excerpt":{"rendered":"<p>&nbsp; V\u00c4LKOMMEN ! Du \u00e4r varmt v\u00e4lkommen till Kristdemokraterna i Sigtuna kommun. H\u00e4r kan du st\u00e4lla fr\u00e5gor om v\u00e5r politik eller ber\u00e4tta om det du tycker \u00e4r viktigt. POSTADRESS Kristdemokraterna i Sigtuna Bengt Hellstr\u00f6m Odensala S\u00f6derby 151 195 92 M\u00e4rsta &nbsp; PARTIORDF\u00d6RANDE LOKALAVDELNINGEN Peter Von Satzger Epost petervonsatzger@gmail.com &nbsp; &nbsp; HEMSIDA https:\/\/wp.kristdemokraterna.se\/sigtuna\/ FACEBOOK https:\/\/www.facebook.com\/kdsigtuna MEDBORGARDIALOG <a class=\"read-more-link\" href=\"https:\/\/wp.kristdemokraterna.se\/sigtuna\/textsida-med-vanster-sidebar\/kontakta-oss-2\/\">L\u00e4s mer<\/a><\/p>\n","protected":false},"author":907,"featured_media":0,"parent":269,"menu_order":0,"comment_status":"closed","ping_status":"closed","template":"page.php","meta":{"_acf_changed":false,"footnotes":""},"class_list":["post-363","page","type-page","status-publish","hentry"],"acf":[],"yoast_head":"<!-- This site is optimized with the Yoast SEO plugin v27.4 - https:\/\/yoast.com\/product\/yoast-seo-wordpress\/ -->\n<title>Kontakta oss - Kristdemokraterna i Sigtuna<\/title>\n<meta name=\"robots\" content=\"index, follow, max-snippet:-1, max-image-preview:large, max-video-preview:-1\" \/>\n<link rel=\"canonical\" href=\"https:\/\/wp.kristdemokraterna.se\/sigtuna\/textsida-med-vanster-sidebar\/kontakta-oss-2\/\" \/>\n<meta property=\"og:locale\" content=\"sv_SE\" \/>\n<meta property=\"og:type\" content=\"article\" \/>\n<meta property=\"og:title\" content=\"Kontakta oss - Kristdemokraterna i Sigtuna\" \/>\n<meta property=\"og:description\" content=\"&nbsp; V\u00c4LKOMMEN ! Du \u00e4r varmt v\u00e4lkommen till Kristdemokraterna i Sigtuna kommun. H\u00e4r kan du st\u00e4lla fr\u00e5gor om v\u00e5r politik eller ber\u00e4tta om det du tycker \u00e4r viktigt. POSTADRESS Kristdemokraterna i Sigtuna Bengt Hellstr\u00f6m Odensala S\u00f6derby 151 195 92 M\u00e4rsta &nbsp; PARTIORDF\u00d6RANDE LOKALAVDELNINGEN Peter Von Satzger Epost petervonsatzger@gmail.com &nbsp; &nbsp; HEMSIDA https:\/\/wp.kristdemokraterna.se\/sigtuna\/ FACEBOOK https:\/\/www.facebook.com\/kdsigtuna MEDBORGARDIALOG L\u00e4s mer\" \/>\n<meta property=\"og:url\" content=\"https:\/\/wp.kristdemokraterna.se\/sigtuna\/textsida-med-vanster-sidebar\/kontakta-oss-2\/\" \/>\n<meta property=\"og:site_name\" content=\"Kristdemokraterna i Sigtuna\" \/>\n<meta property=\"article:modified_time\" content=\"2024-12-04T19:50:29+00:00\" \/>\n<meta name=\"twitter:card\" content=\"summary_large_image\" \/>\n<meta name=\"twitter:label1\" content=\"Ber\u00e4knad l\u00e4stid\" \/>\n\t<meta name=\"twitter:data1\" content=\"1 minut\" \/>\n<script type=\"application\/ld+json\" class=\"yoast-schema-graph\">{\"@context\":\"https:\\\/\\\/schema.org\",\"@graph\":[{\"@type\":\"WebPage\",\"@id\":\"https:\\\/\\\/wp.kristdemokraterna.se\\\/sigtuna\\\/textsida-med-vanster-sidebar\\\/kontakta-oss-2\\\/\",\"url\":\"https:\\\/\\\/wp.kristdemokraterna.se\\\/sigtuna\\\/textsida-med-vanster-sidebar\\\/kontakta-oss-2\\\/\",\"name\":\"Kontakta oss - Kristdemokraterna i Sigtuna\",\"isPartOf\":{\"@id\":\"https:\\\/\\\/wp.kristdemokraterna.se\\\/sigtuna\\\/#website\"},\"datePublished\":\"2021-04-06T22:12:27+00:00\",\"dateModified\":\"2024-12-04T19:50:29+00:00\",\"breadcrumb\":{\"@id\":\"https:\\\/\\\/wp.kristdemokraterna.se\\\/sigtuna\\\/textsida-med-vanster-sidebar\\\/kontakta-oss-2\\\/#breadcrumb\"},\"inLanguage\":\"sv-SE\",\"potentialAction\":[{\"@type\":\"ReadAction\",\"target\":[\"https:\\\/\\\/wp.kristdemokraterna.se\\\/sigtuna\\\/textsida-med-vanster-sidebar\\\/kontakta-oss-2\\\/\"]}]},{\"@type\":\"BreadcrumbList\",\"@id\":\"https:\\\/\\\/wp.kristdemokraterna.se\\\/sigtuna\\\/textsida-med-vanster-sidebar\\\/kontakta-oss-2\\\/#breadcrumb\",\"itemListElement\":[{\"@type\":\"ListItem\",\"position\":1,\"name\":\"Hem\",\"item\":\"https:\\\/\\\/wp.kristdemokraterna.se\\\/sigtuna\\\/\"},{\"@type\":\"ListItem\",\"position\":2,\"name\":\"V\u00e5r partiavdelning\",\"item\":\"https:\\\/\\\/wp.kristdemokraterna.se\\\/sigtuna\\\/textsida-med-vanster-sidebar\\\/\"},{\"@type\":\"ListItem\",\"position\":3,\"name\":\"Kontakta oss\"}]},{\"@type\":\"WebSite\",\"@id\":\"https:\\\/\\\/wp.kristdemokraterna.se\\\/sigtuna\\\/#website\",\"url\":\"https:\\\/\\\/wp.kristdemokraterna.se\\\/sigtuna\\\/\",\"name\":\"Kristdemokraterna i Sigtuna\",\"description\":\"En till Kristdemokraterna webbplats\",\"inLanguage\":\"sv-SE\"}]}<\/script>\n<!-- \/ Yoast SEO plugin. -->","yoast_head_json":{"title":"Kontakta oss - Kristdemokraterna i Sigtuna","robots":{"index":"index","follow":"follow","max-snippet":"max-snippet:-1","max-image-preview":"max-image-preview:large","max-video-preview":"max-video-preview:-1"},"canonical":"https:\/\/wp.kristdemokraterna.se\/sigtuna\/textsida-med-vanster-sidebar\/kontakta-oss-2\/","og_locale":"sv_SE","og_type":"article","og_title":"Kontakta oss - Kristdemokraterna i Sigtuna","og_description":"&nbsp; V\u00c4LKOMMEN ! Du \u00e4r varmt v\u00e4lkommen till Kristdemokraterna i Sigtuna kommun. H\u00e4r kan du st\u00e4lla fr\u00e5gor om v\u00e5r politik eller ber\u00e4tta om det du tycker \u00e4r viktigt. POSTADRESS Kristdemokraterna i Sigtuna Bengt Hellstr\u00f6m Odensala S\u00f6derby 151 195 92 M\u00e4rsta &nbsp; PARTIORDF\u00d6RANDE LOKALAVDELNINGEN Peter Von Satzger Epost petervonsatzger@gmail.com &nbsp; &nbsp; HEMSIDA https:\/\/wp.kristdemokraterna.se\/sigtuna\/ FACEBOOK https:\/\/www.facebook.com\/kdsigtuna MEDBORGARDIALOG L\u00e4s mer","og_url":"https:\/\/wp.kristdemokraterna.se\/sigtuna\/textsida-med-vanster-sidebar\/kontakta-oss-2\/","og_site_name":"Kristdemokraterna i Sigtuna","article_modified_time":"2024-12-04T19:50:29+00:00","twitter_card":"summary_large_image","twitter_misc":{"Ber\u00e4knad l\u00e4stid":"1 minut"},"schema":{"@context":"https:\/\/schema.org","@graph":[{"@type":"WebPage","@id":"https:\/\/wp.kristdemokraterna.se\/sigtuna\/textsida-med-vanster-sidebar\/kontakta-oss-2\/","url":"https:\/\/wp.kristdemokraterna.se\/sigtuna\/textsida-med-vanster-sidebar\/kontakta-oss-2\/","name":"Kontakta oss - Kristdemokraterna i Sigtuna","isPartOf":{"@id":"https:\/\/wp.kristdemokraterna.se\/sigtuna\/#website"},"datePublished":"2021-04-06T22:12:27+00:00","dateModified":"2024-12-04T19:50:29+00:00","breadcrumb":{"@id":"https:\/\/wp.kristdemokraterna.se\/sigtuna\/textsida-med-vanster-sidebar\/kontakta-oss-2\/#breadcrumb"},"inLanguage":"sv-SE","potentialAction":[{"@type":"ReadAction","target":["https:\/\/wp.kristdemokraterna.se\/sigtuna\/textsida-med-vanster-sidebar\/kontakta-oss-2\/"]}]},{"@type":"BreadcrumbList","@id":"https:\/\/wp.kristdemokraterna.se\/sigtuna\/textsida-med-vanster-sidebar\/kontakta-oss-2\/#breadcrumb","itemListElement":[{"@type":"ListItem","position":1,"name":"Hem","item":"https:\/\/wp.kristdemokraterna.se\/sigtuna\/"},{"@type":"ListItem","position":2,"name":"V\u00e5r partiavdelning","item":"https:\/\/wp.kristdemokraterna.se\/sigtuna\/textsida-med-vanster-sidebar\/"},{"@type":"ListItem","position":3,"name":"Kontakta oss"}]},{"@type":"WebSite","@id":"https:\/\/wp.kristdemokraterna.se\/sigtuna\/#website","url":"https:\/\/wp.kristdemokraterna.se\/sigtuna\/","name":"Kristdemokraterna i Sigtuna","description":"En till Kristdemokraterna webbplats","inLanguage":"sv-SE"}]}},"_links":{"self":[{"href":"https:\/\/wp.kristdemokraterna.se\/sigtuna\/wp-json\/wp\/v2\/pages\/363","targetHints":{"allow":["GET"]}}],"collection":[{"href":"https:\/\/wp.kristdemokraterna.se\/sigtuna\/wp-json\/wp\/v2\/pages"}],"about":[{"href":"https:\/\/wp.kristdemokraterna.se\/sigtuna\/wp-json\/wp\/v2\/types\/page"}],"author":[{"embeddable":true,"href":"https:\/\/wp.kristdemokraterna.se\/sigtuna\/wp-json\/wp\/v2\/users\/907"}],"replies":[{"embeddable":true,"href":"https:\/\/wp.kristdemokraterna.se\/sigtuna\/wp-json\/wp\/v2\/comments?post=363"}],"version-history":[{"count":14,"href":"https:\/\/wp.kristdemokraterna.se\/sigtuna\/wp-json\/wp\/v2\/pages\/363\/revisions"}],"predecessor-version":[{"id":767,"href":"https:\/\/wp.kristdemokraterna.se\/sigtuna\/wp-json\/wp\/v2\/pages\/363\/revisions\/767"}],"up":[{"embeddable":true,"href":"https:\/\/wp.kristdemokraterna.se\/sigtuna\/wp-json\/wp\/v2\/pages\/269"}],"wp:attachment":[{"href":"https:\/\/wp.kristdemokraterna.se\/sigtuna\/wp-json\/wp\/v2\/media?parent=363"}],"curies":[{"name":"wp","href":"https:\/\/api.w.org\/{rel}","templated":true}]}}