{"id":635,"date":"2022-08-13T08:08:49","date_gmt":"2022-08-13T06:08:49","guid":{"rendered":"https:\/\/wp.kristdemokraterna.se\/sigtuna\/?page_id=635"},"modified":"2022-08-16T14:00:05","modified_gmt":"2022-08-16T12:00:05","slug":"trygga-familjer-bygger-ett-tryggt-sigtuna","status":"publish","type":"page","link":"https:\/\/wp.kristdemokraterna.se\/sigtuna\/i-var-kommun\/trygga-familjer-bygger-ett-tryggt-sigtuna\/","title":{"rendered":"Trygga familjer bygger ett tryggt Sigtuna!"},"content":{"rendered":"<p><strong><a href=\"http:\/\/wp.kristdemokraterna.se\/sigtuna\/files\/2022\/08\/familjefotongbg2021-11-scaled.jpeg\"><img loading=\"lazy\" decoding=\"async\" class=\"alignnone wp-image-636\" src=\"http:\/\/wp.kristdemokraterna.se\/sigtuna\/files\/2022\/08\/familjefotongbg2021-11-300x225.jpeg\" alt=\"\" width=\"453\" height=\"340\" srcset=\"https:\/\/wp.kristdemokraterna.se\/sigtuna\/files\/2022\/08\/familjefotongbg2021-11-300x225.jpeg 300w, https:\/\/wp.kristdemokraterna.se\/sigtuna\/files\/2022\/08\/familjefotongbg2021-11-1024x768.jpeg 1024w, https:\/\/wp.kristdemokraterna.se\/sigtuna\/files\/2022\/08\/familjefotongbg2021-11-768x576.jpeg 768w, https:\/\/wp.kristdemokraterna.se\/sigtuna\/files\/2022\/08\/familjefotongbg2021-11-1536x1152.jpeg 1536w, https:\/\/wp.kristdemokraterna.se\/sigtuna\/files\/2022\/08\/familjefotongbg2021-11-2048x1536.jpeg 2048w, https:\/\/wp.kristdemokraterna.se\/sigtuna\/files\/2022\/08\/familjefotongbg2021-11-267x200.jpeg 267w, https:\/\/wp.kristdemokraterna.se\/sigtuna\/files\/2022\/08\/familjefotongbg2021-11-370x278.jpeg 370w, https:\/\/wp.kristdemokraterna.se\/sigtuna\/files\/2022\/08\/familjefotongbg2021-11-770x578.jpeg 770w, https:\/\/wp.kristdemokraterna.se\/sigtuna\/files\/2022\/08\/familjefotongbg2021-11-450x338.jpeg 450w, https:\/\/wp.kristdemokraterna.se\/sigtuna\/files\/2022\/08\/familjefotongbg2021-11-280x210.jpeg 280w, https:\/\/wp.kristdemokraterna.se\/sigtuna\/files\/2022\/08\/familjefotongbg2021-11-340x255.jpeg 340w, https:\/\/wp.kristdemokraterna.se\/sigtuna\/files\/2022\/08\/familjefotongbg2021-11-200x150.jpeg 200w, https:\/\/wp.kristdemokraterna.se\/sigtuna\/files\/2022\/08\/familjefotongbg2021-11-75x56.jpeg 75w\" sizes=\"auto, (max-width: 453px) 100vw, 453px\" \/><\/a><\/strong><\/p>\n<p><strong>Sociala insatser riktade mot m\u00e4nniskor i utanf\u00f6rskap \u2013 med s\u00e4rskilt fokus p\u00e5 st\u00f6d till familjen. S\u00e5 vill Kristdemokraterna \u00f6ka tryggheten i Sigtuna kommun.<\/strong><\/p>\n<p><strong>\u00ad\u2013 V\u00e5rt m\u00e5l \u00e4r att alla kommunens inv\u00e5nare ska kunna leva sina liv i trygghet, s\u00e4ger Bengt Hellstr\u00f6m, Kristdemokraternas f\u00f6rstanamn till kommunfullm\u00e4ktige i Sigtuna kommun.<\/strong><\/p>\n<p>Under innevarande mandatperiod har Kristdemokraterna \u2013 tillsammans med de andra majoritetspartierna \u2013 satsat hela 45 miljoner kronor per \u00e5r f\u00f6r att \u00f6ka tryggheten i Sigtuna kommun.<\/p>\n<p>\u2013 Tillsammans har vi lanserat Samh\u00e4llsbyggnadslyftet, som syftar till att \u00f6ka tryggheten f\u00f6r alla som bor i v\u00e5r kommun. En viktig del av detta \u00e4r de sociala satsningarna p\u00e5 att bryta segregation och utanf\u00f6rskap i Sigtuna kommun, s\u00e4ger Bengt Hellstr\u00f6m.<\/p>\n<p>I satsningen \u201dSteg mot f\u00f6rs\u00f6rjning\u201d har personer som st\u00e5r l\u00e5ngt fr\u00e5n arbetsmarknaden f\u00e5tt st\u00f6d genom studier, praktik och arbete. Och i satsningen Brobygget p\u00e5 Valsta torg har barn och unga kunnat ta del av kostnadsfria sport- och fritidsaktiviteter.<\/p>\n<p>\u2013 Unga m\u00e4nniskor som riskerar att hamna i utanf\u00f6rskap och destruktiva milj\u00f6er beh\u00f6ver samh\u00e4llets st\u00f6d. De sociala insatserna beh\u00f6ver s\u00e4ttas in tidigt, s\u00e4ger Bengt Hellstr\u00f6m.<\/p>\n<p>F\u00f6r Kristdemokraterna har st\u00f6det till f\u00f6r\u00e4ldrar och familjer varit s\u00e4rskilt viktigt.<\/p>\n<p>\u2013 Trygghet b\u00f6rjar i familjen, och det \u00e4r d\u00e4rf\u00f6r vi vill satsa extra p\u00e5 st\u00f6d till familjerna. Vi tror att trygga familjer bygger ett tryggt Sigtuna, s\u00e4ger Bengt Hellstr\u00f6m.<\/p>\n<p>N\u00e5gra av de riktade insatserna mot familjer som redan har genomf\u00f6rts eller beslutats om \u00e4r f\u00f6ljande:<\/p>\n<ul>\n<li><strong>Utvecklat f\u00f6r\u00e4ldraskapsst\u00f6d<\/strong> \u2013 kurser, st\u00f6d och inspiration med fokus p\u00e5 f\u00f6r\u00e4ldraskap som s\u00e4rskilt riktar sig till f\u00f6r\u00e4ldrar som \u00e4r f\u00f6dda i andra l\u00e4nder<\/li>\n<li><strong>Stadsdelsmammor<\/strong> \u2013 en grupp kvinnor med bakgrund i andra l\u00e4nder, som anst\u00e4llts f\u00f6r att st\u00f6dja och hj\u00e4lpa andra kvinnor med liknande bakgrund<\/li>\n<li><strong>F\u00f6rb\u00e4ttrade kunskaper i svenska<\/strong>, med fokus p\u00e5 mammor och barn i \u00e5ldern 0 till 6 \u00e5r<\/li>\n<\/ul>\n<p>Under den kommande mandatperioden vill Kristdemokraterna se fortsatta sociala satsningar \u2013 med fokus p\u00e5 st\u00f6d till f\u00f6r\u00e4ldrar, barn och unga. Bland annat vill Kristdemokraterna lansera en fritidscheck f\u00f6r barn och unga i Sigtuna kommun.<\/p>\n<p>\u2013 Vi vill ge alla barn och unga m\u00f6jlighet till en meningsfull fritid, eftersom det \u00f6kar v\u00e4lm\u00e5endet och f\u00f6rhindrar att de hamnar i destruktiva milj\u00f6er. I slut\u00e4ndan bidrar det till \u00f6kad trygghet f\u00f6r alla i Sigtuna kommun, s\u00e4ger Bengt Hellstr\u00f6m.<\/p>\n<p><a href=\"https:\/\/kristdemokraterna.se\/var-politik\/politikomraden\/familj\"><strong>L\u00c4S MER: Kristdemokraternas familjepolitik<\/strong><\/a><\/p>\n<p>Kristdemokraterna har m\u00e5nga f\u00f6rslag som syftar till att st\u00e4rka familjen som samh\u00e4llets mest grundl\u00e4ggande gemenskap och ge f\u00f6r\u00e4ldrarna mer tid f\u00f6r barnen. L\u00e4s mer h\u00e4r om hur vi vill bidra till st\u00f6rre frihet och trygghet f\u00f6r landets familjer:<\/p>\n<p><a href=\"https:\/\/wp.kristdemokraterna.se\/sigtuna\/i-var-kommun\/politiken-ska-stodja-familjen-inte-styra-den\/\"><strong>L\u00c4S MER: Politiken ska st\u00f6dja familjen \u2013 inte styra den!<\/strong><\/a><\/p>\n<p><a href=\"https:\/\/wp.kristdemokraterna.se\/sigtuna\/i-var-kommun\/infor-fritidscheck-for-ungas-valmaende-och-allas-trygghet\/\"><strong>L\u00c4S MER: Inf\u00f6r fritidscheck \u2013 f\u00f6r ungas v\u00e4lm\u00e5ende och allas trygghet!<\/strong><\/a><\/p>\n<p><a href=\"https:\/\/www.facebook.com\/2063183643940247\"> <strong>L\u00c4S MER: l\u00e4s mer fortl\u00f6pande information p\u00e5 KD Sigtunas Facebook sida<\/strong><\/a><\/p>\n","protected":false},"excerpt":{"rendered":"<p>Sociala insatser riktade mot m\u00e4nniskor i utanf\u00f6rskap \u2013 med s\u00e4rskilt fokus p\u00e5 st\u00f6d till familjen. S\u00e5 vill Kristdemokraterna \u00f6ka tryggheten i Sigtuna kommun. \u00ad\u2013 V\u00e5rt m\u00e5l \u00e4r att alla kommunens inv\u00e5nare ska kunna leva sina liv i trygghet, s\u00e4ger Bengt Hellstr\u00f6m, Kristdemokraternas f\u00f6rstanamn till kommunfullm\u00e4ktige i Sigtuna kommun. Under innevarande mandatperiod har Kristdemokraterna \u2013 tillsammans <a class=\"read-more-link\" href=\"https:\/\/wp.kristdemokraterna.se\/sigtuna\/i-var-kommun\/trygga-familjer-bygger-ett-tryggt-sigtuna\/\">L\u00e4s mer<\/a><\/p>\n","protected":false},"author":907,"featured_media":0,"parent":342,"menu_order":0,"comment_status":"closed","ping_status":"closed","template":"","meta":{"_acf_changed":false,"footnotes":""},"class_list":["post-635","page","type-page","status-publish","hentry"],"acf":[],"yoast_head":"<!-- This site is optimized with the Yoast SEO plugin v27.4 - https:\/\/yoast.com\/product\/yoast-seo-wordpress\/ -->\n<title>Trygga familjer bygger ett tryggt Sigtuna! - Kristdemokraterna i Sigtuna<\/title>\n<meta name=\"robots\" content=\"index, follow, max-snippet:-1, max-image-preview:large, max-video-preview:-1\" \/>\n<link rel=\"canonical\" href=\"https:\/\/wp.kristdemokraterna.se\/sigtuna\/i-var-kommun\/trygga-familjer-bygger-ett-tryggt-sigtuna\/\" \/>\n<meta property=\"og:locale\" content=\"sv_SE\" \/>\n<meta property=\"og:type\" content=\"article\" \/>\n<meta property=\"og:title\" content=\"Trygga familjer bygger ett tryggt Sigtuna! - Kristdemokraterna i Sigtuna\" \/>\n<meta property=\"og:description\" content=\"Sociala insatser riktade mot m\u00e4nniskor i utanf\u00f6rskap \u2013 med s\u00e4rskilt fokus p\u00e5 st\u00f6d till familjen. S\u00e5 vill Kristdemokraterna \u00f6ka tryggheten i Sigtuna kommun. \u00ad\u2013 V\u00e5rt m\u00e5l \u00e4r att alla kommunens inv\u00e5nare ska kunna leva sina liv i trygghet, s\u00e4ger Bengt Hellstr\u00f6m, Kristdemokraternas f\u00f6rstanamn till kommunfullm\u00e4ktige i Sigtuna kommun. Under innevarande mandatperiod har Kristdemokraterna \u2013 tillsammans L\u00e4s mer\" \/>\n<meta property=\"og:url\" content=\"https:\/\/wp.kristdemokraterna.se\/sigtuna\/i-var-kommun\/trygga-familjer-bygger-ett-tryggt-sigtuna\/\" \/>\n<meta property=\"og:site_name\" content=\"Kristdemokraterna i Sigtuna\" \/>\n<meta property=\"article:modified_time\" content=\"2022-08-16T12:00:05+00:00\" \/>\n<meta property=\"og:image\" content=\"http:\/\/wp.kristdemokraterna.se\/sigtuna\/files\/2022\/08\/familjefotongbg2021-11-300x225.jpeg\" \/>\n<meta name=\"twitter:card\" content=\"summary_large_image\" \/>\n<meta name=\"twitter:label1\" content=\"Ber\u00e4knad l\u00e4stid\" \/>\n\t<meta name=\"twitter:data1\" content=\"3 minuter\" \/>\n<script type=\"application\/ld+json\" class=\"yoast-schema-graph\">{\"@context\":\"https:\\\/\\\/schema.org\",\"@graph\":[{\"@type\":\"WebPage\",\"@id\":\"https:\\\/\\\/wp.kristdemokraterna.se\\\/sigtuna\\\/i-var-kommun\\\/trygga-familjer-bygger-ett-tryggt-sigtuna\\\/\",\"url\":\"https:\\\/\\\/wp.kristdemokraterna.se\\\/sigtuna\\\/i-var-kommun\\\/trygga-familjer-bygger-ett-tryggt-sigtuna\\\/\",\"name\":\"Trygga familjer bygger ett tryggt Sigtuna! - Kristdemokraterna i Sigtuna\",\"isPartOf\":{\"@id\":\"https:\\\/\\\/wp.kristdemokraterna.se\\\/sigtuna\\\/#website\"},\"primaryImageOfPage\":{\"@id\":\"https:\\\/\\\/wp.kristdemokraterna.se\\\/sigtuna\\\/i-var-kommun\\\/trygga-familjer-bygger-ett-tryggt-sigtuna\\\/#primaryimage\"},\"image\":{\"@id\":\"https:\\\/\\\/wp.kristdemokraterna.se\\\/sigtuna\\\/i-var-kommun\\\/trygga-familjer-bygger-ett-tryggt-sigtuna\\\/#primaryimage\"},\"thumbnailUrl\":\"http:\\\/\\\/wp.kristdemokraterna.se\\\/sigtuna\\\/files\\\/2022\\\/08\\\/familjefotongbg2021-11-300x225.jpeg\",\"datePublished\":\"2022-08-13T06:08:49+00:00\",\"dateModified\":\"2022-08-16T12:00:05+00:00\",\"breadcrumb\":{\"@id\":\"https:\\\/\\\/wp.kristdemokraterna.se\\\/sigtuna\\\/i-var-kommun\\\/trygga-familjer-bygger-ett-tryggt-sigtuna\\\/#breadcrumb\"},\"inLanguage\":\"sv-SE\",\"potentialAction\":[{\"@type\":\"ReadAction\",\"target\":[\"https:\\\/\\\/wp.kristdemokraterna.se\\\/sigtuna\\\/i-var-kommun\\\/trygga-familjer-bygger-ett-tryggt-sigtuna\\\/\"]}]},{\"@type\":\"ImageObject\",\"inLanguage\":\"sv-SE\",\"@id\":\"https:\\\/\\\/wp.kristdemokraterna.se\\\/sigtuna\\\/i-var-kommun\\\/trygga-familjer-bygger-ett-tryggt-sigtuna\\\/#primaryimage\",\"url\":\"http:\\\/\\\/wp.kristdemokraterna.se\\\/sigtuna\\\/files\\\/2022\\\/08\\\/familjefotongbg2021-11-300x225.jpeg\",\"contentUrl\":\"http:\\\/\\\/wp.kristdemokraterna.se\\\/sigtuna\\\/files\\\/2022\\\/08\\\/familjefotongbg2021-11-300x225.jpeg\"},{\"@type\":\"BreadcrumbList\",\"@id\":\"https:\\\/\\\/wp.kristdemokraterna.se\\\/sigtuna\\\/i-var-kommun\\\/trygga-familjer-bygger-ett-tryggt-sigtuna\\\/#breadcrumb\",\"itemListElement\":[{\"@type\":\"ListItem\",\"position\":1,\"name\":\"Hem\",\"item\":\"https:\\\/\\\/wp.kristdemokraterna.se\\\/sigtuna\\\/\"},{\"@type\":\"ListItem\",\"position\":2,\"name\":\"Vad vill vi i v\u00e5r kommun\",\"item\":\"https:\\\/\\\/wp.kristdemokraterna.se\\\/sigtuna\\\/i-var-kommun\\\/\"},{\"@type\":\"ListItem\",\"position\":3,\"name\":\"Trygga familjer bygger ett tryggt Sigtuna!\"}]},{\"@type\":\"WebSite\",\"@id\":\"https:\\\/\\\/wp.kristdemokraterna.se\\\/sigtuna\\\/#website\",\"url\":\"https:\\\/\\\/wp.kristdemokraterna.se\\\/sigtuna\\\/\",\"name\":\"Kristdemokraterna i Sigtuna\",\"description\":\"En till Kristdemokraterna webbplats\",\"inLanguage\":\"sv-SE\"}]}<\/script>\n<!-- \/ Yoast SEO plugin. -->","yoast_head_json":{"title":"Trygga familjer bygger ett tryggt Sigtuna! - Kristdemokraterna i Sigtuna","robots":{"index":"index","follow":"follow","max-snippet":"max-snippet:-1","max-image-preview":"max-image-preview:large","max-video-preview":"max-video-preview:-1"},"canonical":"https:\/\/wp.kristdemokraterna.se\/sigtuna\/i-var-kommun\/trygga-familjer-bygger-ett-tryggt-sigtuna\/","og_locale":"sv_SE","og_type":"article","og_title":"Trygga familjer bygger ett tryggt Sigtuna! - Kristdemokraterna i Sigtuna","og_description":"Sociala insatser riktade mot m\u00e4nniskor i utanf\u00f6rskap \u2013 med s\u00e4rskilt fokus p\u00e5 st\u00f6d till familjen. S\u00e5 vill Kristdemokraterna \u00f6ka tryggheten i Sigtuna kommun. \u00ad\u2013 V\u00e5rt m\u00e5l \u00e4r att alla kommunens inv\u00e5nare ska kunna leva sina liv i trygghet, s\u00e4ger Bengt Hellstr\u00f6m, Kristdemokraternas f\u00f6rstanamn till kommunfullm\u00e4ktige i Sigtuna kommun. Under innevarande mandatperiod har Kristdemokraterna \u2013 tillsammans L\u00e4s mer","og_url":"https:\/\/wp.kristdemokraterna.se\/sigtuna\/i-var-kommun\/trygga-familjer-bygger-ett-tryggt-sigtuna\/","og_site_name":"Kristdemokraterna i Sigtuna","article_modified_time":"2022-08-16T12:00:05+00:00","og_image":[{"url":"http:\/\/wp.kristdemokraterna.se\/sigtuna\/files\/2022\/08\/familjefotongbg2021-11-300x225.jpeg","type":"","width":"","height":""}],"twitter_card":"summary_large_image","twitter_misc":{"Ber\u00e4knad l\u00e4stid":"3 minuter"},"schema":{"@context":"https:\/\/schema.org","@graph":[{"@type":"WebPage","@id":"https:\/\/wp.kristdemokraterna.se\/sigtuna\/i-var-kommun\/trygga-familjer-bygger-ett-tryggt-sigtuna\/","url":"https:\/\/wp.kristdemokraterna.se\/sigtuna\/i-var-kommun\/trygga-familjer-bygger-ett-tryggt-sigtuna\/","name":"Trygga familjer bygger ett tryggt Sigtuna! - Kristdemokraterna i Sigtuna","isPartOf":{"@id":"https:\/\/wp.kristdemokraterna.se\/sigtuna\/#website"},"primaryImageOfPage":{"@id":"https:\/\/wp.kristdemokraterna.se\/sigtuna\/i-var-kommun\/trygga-familjer-bygger-ett-tryggt-sigtuna\/#primaryimage"},"image":{"@id":"https:\/\/wp.kristdemokraterna.se\/sigtuna\/i-var-kommun\/trygga-familjer-bygger-ett-tryggt-sigtuna\/#primaryimage"},"thumbnailUrl":"http:\/\/wp.kristdemokraterna.se\/sigtuna\/files\/2022\/08\/familjefotongbg2021-11-300x225.jpeg","datePublished":"2022-08-13T06:08:49+00:00","dateModified":"2022-08-16T12:00:05+00:00","breadcrumb":{"@id":"https:\/\/wp.kristdemokraterna.se\/sigtuna\/i-var-kommun\/trygga-familjer-bygger-ett-tryggt-sigtuna\/#breadcrumb"},"inLanguage":"sv-SE","potentialAction":[{"@type":"ReadAction","target":["https:\/\/wp.kristdemokraterna.se\/sigtuna\/i-var-kommun\/trygga-familjer-bygger-ett-tryggt-sigtuna\/"]}]},{"@type":"ImageObject","inLanguage":"sv-SE","@id":"https:\/\/wp.kristdemokraterna.se\/sigtuna\/i-var-kommun\/trygga-familjer-bygger-ett-tryggt-sigtuna\/#primaryimage","url":"http:\/\/wp.kristdemokraterna.se\/sigtuna\/files\/2022\/08\/familjefotongbg2021-11-300x225.jpeg","contentUrl":"http:\/\/wp.kristdemokraterna.se\/sigtuna\/files\/2022\/08\/familjefotongbg2021-11-300x225.jpeg"},{"@type":"BreadcrumbList","@id":"https:\/\/wp.kristdemokraterna.se\/sigtuna\/i-var-kommun\/trygga-familjer-bygger-ett-tryggt-sigtuna\/#breadcrumb","itemListElement":[{"@type":"ListItem","position":1,"name":"Hem","item":"https:\/\/wp.kristdemokraterna.se\/sigtuna\/"},{"@type":"ListItem","position":2,"name":"Vad vill vi i v\u00e5r kommun","item":"https:\/\/wp.kristdemokraterna.se\/sigtuna\/i-var-kommun\/"},{"@type":"ListItem","position":3,"name":"Trygga familjer bygger ett tryggt Sigtuna!"}]},{"@type":"WebSite","@id":"https:\/\/wp.kristdemokraterna.se\/sigtuna\/#website","url":"https:\/\/wp.kristdemokraterna.se\/sigtuna\/","name":"Kristdemokraterna i Sigtuna","description":"En till Kristdemokraterna webbplats","inLanguage":"sv-SE"}]}},"_links":{"self":[{"href":"https:\/\/wp.kristdemokraterna.se\/sigtuna\/wp-json\/wp\/v2\/pages\/635","targetHints":{"allow":["GET"]}}],"collection":[{"href":"https:\/\/wp.kristdemokraterna.se\/sigtuna\/wp-json\/wp\/v2\/pages"}],"about":[{"href":"https:\/\/wp.kristdemokraterna.se\/sigtuna\/wp-json\/wp\/v2\/types\/page"}],"author":[{"embeddable":true,"href":"https:\/\/wp.kristdemokraterna.se\/sigtuna\/wp-json\/wp\/v2\/users\/907"}],"replies":[{"embeddable":true,"href":"https:\/\/wp.kristdemokraterna.se\/sigtuna\/wp-json\/wp\/v2\/comments?post=635"}],"version-history":[{"count":14,"href":"https:\/\/wp.kristdemokraterna.se\/sigtuna\/wp-json\/wp\/v2\/pages\/635\/revisions"}],"predecessor-version":[{"id":735,"href":"https:\/\/wp.kristdemokraterna.se\/sigtuna\/wp-json\/wp\/v2\/pages\/635\/revisions\/735"}],"up":[{"embeddable":true,"href":"https:\/\/wp.kristdemokraterna.se\/sigtuna\/wp-json\/wp\/v2\/pages\/342"}],"wp:attachment":[{"href":"https:\/\/wp.kristdemokraterna.se\/sigtuna\/wp-json\/wp\/v2\/media?parent=635"}],"curies":[{"name":"wp","href":"https:\/\/api.w.org\/{rel}","templated":true}]}}