{"id":644,"date":"2022-08-13T08:17:57","date_gmt":"2022-08-13T06:17:57","guid":{"rendered":"https:\/\/wp.kristdemokraterna.se\/sigtuna\/?page_id=644"},"modified":"2022-08-16T12:31:01","modified_gmt":"2022-08-16T10:31:01","slug":"redo-att-kampa-for-alla-seniorer-i-sigtuna-kommun","status":"publish","type":"page","link":"https:\/\/wp.kristdemokraterna.se\/sigtuna\/i-var-kommun\/redo-att-kampa-for-alla-seniorer-i-sigtuna-kommun\/","title":{"rendered":"Redo att k\u00e4mpa f\u00f6r alla seniorer i Sigtuna kommun"},"content":{"rendered":"<p><strong><img decoding=\"async\" src=\"https:\/\/kristdemokraterna.se\/images\/18.620f88a718142b2b913c04a\/1654850527158\/%C3%A4ldre.png\" \/>Redo att k\u00e4mpa f\u00f6r alla seniorer i Sigtuna kommun<\/strong><\/p>\n<p>Kristdemokraternas senior- och \u00e4ldrepolitik tar sin utg\u00e5ngspunkt i den kristdemokratiska m\u00e4nniskosynen. Varje m\u00e4nniska har ett unikt och okr\u00e4nkbart v\u00e4rde och f\u00f6rtj\u00e4nar att behandlas med respekt och v\u00e4rdighet \u2013 oavsett \u00e5lder. \u00c4ldres r\u00e4tt till b\u00e5de frihet, gemenskap och ett respektfullt bem\u00f6tande \u00e4r f\u00f6r oss kristdemokrater en hj\u00e4rtefr\u00e5ga.<\/p>\n<p>Kristdemokraterna i Sigtuna kommun arbetar f\u00f6r att alla seniorer ska f\u00e5 m\u00f6jlighet att \u00e5ldras i trygghet och v\u00e4rdighet.<\/p>\n<p>Under de senaste fyra \u00e5ren har vi \u2013 tillsammans med de andra partierna i majoriteten \u2013 st\u00e4dat upp efter den ekonomiska oredan i kommunen. Det har varit ett m\u00f6dosamt arbete. Vi har \u00e4ven varit tvungna att hantera en pandemi, som har slagit h\u00e5rt mot m\u00e5nga \u00e4ldre och mot v\u00e5ra \u00e4ldreboenden.<\/p>\n<p>Vi kristdemokrater har varit drivande i arbetet med att f\u00f6rb\u00e4ttra s\u00e5v\u00e4l kvalitet som valfrihet inom \u00e4ldreomsorgen i Sigtuna kommun. Vi har \u00e4ven utvecklat dialogen med alla seniorer i kommunen.<\/p>\n<p>Under den kommande mandatperioden vill vi forts\u00e4tta arbetet med att:<\/p>\n<ol>\n<li>F\u00f6rb\u00e4ttra kvaliteten inom \u00e4ldreomsorgen<\/li>\n<li>Ta strid f\u00f6r alla seniorers r\u00e4tt till valfrihet inom hemtj\u00e4nst och \u00e4ldreomsorg<\/li>\n<li>Utveckla dialogen med Sigtunas seniorer<\/li>\n<\/ol>\n<p>Vi kristdemokrater \u00e4r redo att k\u00e4mpa f\u00f6r alla seniorer i Sigtuna kommun!<\/p>\n<p><a href=\"https:\/\/wp.kristdemokraterna.se\/sigtuna\/i-var-kommun\/sigtunas-seniorer-fortjanar-en-god-omsorg\/\"><strong>L\u00c4S MER: Sigtunas seniorer f\u00f6rtj\u00e4nar en god omsorg<\/strong><\/a><\/p>\n<p><a href=\"https:\/\/wp.kristdemokraterna.se\/sigtuna\/i-var-kommun\/sigtunas-seniorer-ska-ha-ratt-att-valja-aldreomsorg\/\"><strong>L\u00c4S MER: Sigtunas seniorer ska ha r\u00e4tt att v\u00e4lja \u00e4ldreomsorg<\/strong><\/a><\/p>\n<p><a href=\"https:\/\/wp.kristdemokraterna.se\/sigtuna\/i-var-kommun\/sigtunas-seniorer-ar-val-varda-att-lyssna-pa\/\"><strong>L\u00c4S MER: Sigtunas seniorer \u00e4r v\u00e4l v\u00e4rda att lyssna p\u00e5<\/strong><\/a><\/p>\n<p><a href=\"https:\/\/kristdemokraterna.se\/var-politik\/politikomraden\/aldre\"><strong>L\u00c4S MER: Kristdemokraternas \u00e4ldrepolitik<\/strong><\/a><\/p>\n<p>Kristdemokraterna har m\u00e5nga f\u00f6rslag som syftar till att m\u00e4nniskor ska kunna \u00e5ldras i trygghet och v\u00e4rdighet. L\u00e4s mer h\u00e4r om hur vi vill f\u00f6rb\u00e4ttra seniorernas situation.<\/p>\n<p><a href=\"https:\/\/kristdemokraterna.se\/var-politik\/politikomraden\/aldre\">https:\/\/kristdemokraterna.se\/var-politik\/politikomraden\/aldre<\/a><\/p>\n","protected":false},"excerpt":{"rendered":"<p>Redo att k\u00e4mpa f\u00f6r alla seniorer i Sigtuna kommun Kristdemokraternas senior- och \u00e4ldrepolitik tar sin utg\u00e5ngspunkt i den kristdemokratiska m\u00e4nniskosynen. Varje m\u00e4nniska har ett unikt och okr\u00e4nkbart v\u00e4rde och f\u00f6rtj\u00e4nar att behandlas med respekt och v\u00e4rdighet \u2013 oavsett \u00e5lder. \u00c4ldres r\u00e4tt till b\u00e5de frihet, gemenskap och ett respektfullt bem\u00f6tande \u00e4r f\u00f6r oss kristdemokrater en hj\u00e4rtefr\u00e5ga. <a class=\"read-more-link\" href=\"https:\/\/wp.kristdemokraterna.se\/sigtuna\/i-var-kommun\/redo-att-kampa-for-alla-seniorer-i-sigtuna-kommun\/\">L\u00e4s mer<\/a><\/p>\n","protected":false},"author":907,"featured_media":0,"parent":342,"menu_order":0,"comment_status":"closed","ping_status":"closed","template":"","meta":{"_acf_changed":false,"footnotes":""},"class_list":["post-644","page","type-page","status-publish","hentry"],"acf":[],"yoast_head":"<!-- This site is optimized with the Yoast SEO plugin v27.3 - https:\/\/yoast.com\/product\/yoast-seo-wordpress\/ -->\n<title>Redo att k\u00e4mpa f\u00f6r alla seniorer i Sigtuna kommun - Kristdemokraterna i Sigtuna<\/title>\n<meta name=\"robots\" content=\"index, follow, max-snippet:-1, max-image-preview:large, max-video-preview:-1\" \/>\n<link rel=\"canonical\" href=\"https:\/\/wp.kristdemokraterna.se\/sigtuna\/i-var-kommun\/redo-att-kampa-for-alla-seniorer-i-sigtuna-kommun\/\" \/>\n<meta property=\"og:locale\" content=\"sv_SE\" \/>\n<meta property=\"og:type\" content=\"article\" \/>\n<meta property=\"og:title\" content=\"Redo att k\u00e4mpa f\u00f6r alla seniorer i Sigtuna kommun - Kristdemokraterna i Sigtuna\" \/>\n<meta property=\"og:description\" content=\"Redo att k\u00e4mpa f\u00f6r alla seniorer i Sigtuna kommun Kristdemokraternas senior- och \u00e4ldrepolitik tar sin utg\u00e5ngspunkt i den kristdemokratiska m\u00e4nniskosynen. Varje m\u00e4nniska har ett unikt och okr\u00e4nkbart v\u00e4rde och f\u00f6rtj\u00e4nar att behandlas med respekt och v\u00e4rdighet \u2013 oavsett \u00e5lder. \u00c4ldres r\u00e4tt till b\u00e5de frihet, gemenskap och ett respektfullt bem\u00f6tande \u00e4r f\u00f6r oss kristdemokrater en hj\u00e4rtefr\u00e5ga. L\u00e4s mer\" \/>\n<meta property=\"og:url\" content=\"https:\/\/wp.kristdemokraterna.se\/sigtuna\/i-var-kommun\/redo-att-kampa-for-alla-seniorer-i-sigtuna-kommun\/\" \/>\n<meta property=\"og:site_name\" content=\"Kristdemokraterna i Sigtuna\" \/>\n<meta property=\"article:modified_time\" content=\"2022-08-16T10:31:01+00:00\" \/>\n<meta property=\"og:image\" content=\"https:\/\/kristdemokraterna.se\/images\/18.620f88a718142b2b913c04a\/1654850527158\/%C3%A4ldre.png\" \/>\n<meta name=\"twitter:card\" content=\"summary_large_image\" \/>\n<meta name=\"twitter:label1\" content=\"Ber\u00e4knad l\u00e4stid\" \/>\n\t<meta name=\"twitter:data1\" content=\"2 minuter\" \/>\n<script type=\"application\/ld+json\" class=\"yoast-schema-graph\">{\"@context\":\"https:\\\/\\\/schema.org\",\"@graph\":[{\"@type\":\"WebPage\",\"@id\":\"https:\\\/\\\/wp.kristdemokraterna.se\\\/sigtuna\\\/i-var-kommun\\\/redo-att-kampa-for-alla-seniorer-i-sigtuna-kommun\\\/\",\"url\":\"https:\\\/\\\/wp.kristdemokraterna.se\\\/sigtuna\\\/i-var-kommun\\\/redo-att-kampa-for-alla-seniorer-i-sigtuna-kommun\\\/\",\"name\":\"Redo att k\u00e4mpa f\u00f6r alla seniorer i Sigtuna kommun - Kristdemokraterna i Sigtuna\",\"isPartOf\":{\"@id\":\"https:\\\/\\\/wp.kristdemokraterna.se\\\/sigtuna\\\/#website\"},\"primaryImageOfPage\":{\"@id\":\"https:\\\/\\\/wp.kristdemokraterna.se\\\/sigtuna\\\/i-var-kommun\\\/redo-att-kampa-for-alla-seniorer-i-sigtuna-kommun\\\/#primaryimage\"},\"image\":{\"@id\":\"https:\\\/\\\/wp.kristdemokraterna.se\\\/sigtuna\\\/i-var-kommun\\\/redo-att-kampa-for-alla-seniorer-i-sigtuna-kommun\\\/#primaryimage\"},\"thumbnailUrl\":\"https:\\\/\\\/kristdemokraterna.se\\\/images\\\/18.620f88a718142b2b913c04a\\\/1654850527158\\\/%C3%A4ldre.png\",\"datePublished\":\"2022-08-13T06:17:57+00:00\",\"dateModified\":\"2022-08-16T10:31:01+00:00\",\"breadcrumb\":{\"@id\":\"https:\\\/\\\/wp.kristdemokraterna.se\\\/sigtuna\\\/i-var-kommun\\\/redo-att-kampa-for-alla-seniorer-i-sigtuna-kommun\\\/#breadcrumb\"},\"inLanguage\":\"sv-SE\",\"potentialAction\":[{\"@type\":\"ReadAction\",\"target\":[\"https:\\\/\\\/wp.kristdemokraterna.se\\\/sigtuna\\\/i-var-kommun\\\/redo-att-kampa-for-alla-seniorer-i-sigtuna-kommun\\\/\"]}]},{\"@type\":\"ImageObject\",\"inLanguage\":\"sv-SE\",\"@id\":\"https:\\\/\\\/wp.kristdemokraterna.se\\\/sigtuna\\\/i-var-kommun\\\/redo-att-kampa-for-alla-seniorer-i-sigtuna-kommun\\\/#primaryimage\",\"url\":\"https:\\\/\\\/kristdemokraterna.se\\\/images\\\/18.620f88a718142b2b913c04a\\\/1654850527158\\\/%C3%A4ldre.png\",\"contentUrl\":\"https:\\\/\\\/kristdemokraterna.se\\\/images\\\/18.620f88a718142b2b913c04a\\\/1654850527158\\\/%C3%A4ldre.png\"},{\"@type\":\"BreadcrumbList\",\"@id\":\"https:\\\/\\\/wp.kristdemokraterna.se\\\/sigtuna\\\/i-var-kommun\\\/redo-att-kampa-for-alla-seniorer-i-sigtuna-kommun\\\/#breadcrumb\",\"itemListElement\":[{\"@type\":\"ListItem\",\"position\":1,\"name\":\"Hem\",\"item\":\"https:\\\/\\\/wp.kristdemokraterna.se\\\/sigtuna\\\/\"},{\"@type\":\"ListItem\",\"position\":2,\"name\":\"Vad vill vi i v\u00e5r kommun\",\"item\":\"https:\\\/\\\/wp.kristdemokraterna.se\\\/sigtuna\\\/i-var-kommun\\\/\"},{\"@type\":\"ListItem\",\"position\":3,\"name\":\"Redo att k\u00e4mpa f\u00f6r alla seniorer i Sigtuna kommun\"}]},{\"@type\":\"WebSite\",\"@id\":\"https:\\\/\\\/wp.kristdemokraterna.se\\\/sigtuna\\\/#website\",\"url\":\"https:\\\/\\\/wp.kristdemokraterna.se\\\/sigtuna\\\/\",\"name\":\"Kristdemokraterna i Sigtuna\",\"description\":\"En till Kristdemokraterna webbplats\",\"inLanguage\":\"sv-SE\"}]}<\/script>\n<!-- \/ Yoast SEO plugin. -->","yoast_head_json":{"title":"Redo att k\u00e4mpa f\u00f6r alla seniorer i Sigtuna kommun - Kristdemokraterna i Sigtuna","robots":{"index":"index","follow":"follow","max-snippet":"max-snippet:-1","max-image-preview":"max-image-preview:large","max-video-preview":"max-video-preview:-1"},"canonical":"https:\/\/wp.kristdemokraterna.se\/sigtuna\/i-var-kommun\/redo-att-kampa-for-alla-seniorer-i-sigtuna-kommun\/","og_locale":"sv_SE","og_type":"article","og_title":"Redo att k\u00e4mpa f\u00f6r alla seniorer i Sigtuna kommun - Kristdemokraterna i Sigtuna","og_description":"Redo att k\u00e4mpa f\u00f6r alla seniorer i Sigtuna kommun Kristdemokraternas senior- och \u00e4ldrepolitik tar sin utg\u00e5ngspunkt i den kristdemokratiska m\u00e4nniskosynen. Varje m\u00e4nniska har ett unikt och okr\u00e4nkbart v\u00e4rde och f\u00f6rtj\u00e4nar att behandlas med respekt och v\u00e4rdighet \u2013 oavsett \u00e5lder. \u00c4ldres r\u00e4tt till b\u00e5de frihet, gemenskap och ett respektfullt bem\u00f6tande \u00e4r f\u00f6r oss kristdemokrater en hj\u00e4rtefr\u00e5ga. L\u00e4s mer","og_url":"https:\/\/wp.kristdemokraterna.se\/sigtuna\/i-var-kommun\/redo-att-kampa-for-alla-seniorer-i-sigtuna-kommun\/","og_site_name":"Kristdemokraterna i Sigtuna","article_modified_time":"2022-08-16T10:31:01+00:00","og_image":[{"url":"https:\/\/kristdemokraterna.se\/images\/18.620f88a718142b2b913c04a\/1654850527158\/%C3%A4ldre.png","type":"","width":"","height":""}],"twitter_card":"summary_large_image","twitter_misc":{"Ber\u00e4knad l\u00e4stid":"2 minuter"},"schema":{"@context":"https:\/\/schema.org","@graph":[{"@type":"WebPage","@id":"https:\/\/wp.kristdemokraterna.se\/sigtuna\/i-var-kommun\/redo-att-kampa-for-alla-seniorer-i-sigtuna-kommun\/","url":"https:\/\/wp.kristdemokraterna.se\/sigtuna\/i-var-kommun\/redo-att-kampa-for-alla-seniorer-i-sigtuna-kommun\/","name":"Redo att k\u00e4mpa f\u00f6r alla seniorer i Sigtuna kommun - Kristdemokraterna i Sigtuna","isPartOf":{"@id":"https:\/\/wp.kristdemokraterna.se\/sigtuna\/#website"},"primaryImageOfPage":{"@id":"https:\/\/wp.kristdemokraterna.se\/sigtuna\/i-var-kommun\/redo-att-kampa-for-alla-seniorer-i-sigtuna-kommun\/#primaryimage"},"image":{"@id":"https:\/\/wp.kristdemokraterna.se\/sigtuna\/i-var-kommun\/redo-att-kampa-for-alla-seniorer-i-sigtuna-kommun\/#primaryimage"},"thumbnailUrl":"https:\/\/kristdemokraterna.se\/images\/18.620f88a718142b2b913c04a\/1654850527158\/%C3%A4ldre.png","datePublished":"2022-08-13T06:17:57+00:00","dateModified":"2022-08-16T10:31:01+00:00","breadcrumb":{"@id":"https:\/\/wp.kristdemokraterna.se\/sigtuna\/i-var-kommun\/redo-att-kampa-for-alla-seniorer-i-sigtuna-kommun\/#breadcrumb"},"inLanguage":"sv-SE","potentialAction":[{"@type":"ReadAction","target":["https:\/\/wp.kristdemokraterna.se\/sigtuna\/i-var-kommun\/redo-att-kampa-for-alla-seniorer-i-sigtuna-kommun\/"]}]},{"@type":"ImageObject","inLanguage":"sv-SE","@id":"https:\/\/wp.kristdemokraterna.se\/sigtuna\/i-var-kommun\/redo-att-kampa-for-alla-seniorer-i-sigtuna-kommun\/#primaryimage","url":"https:\/\/kristdemokraterna.se\/images\/18.620f88a718142b2b913c04a\/1654850527158\/%C3%A4ldre.png","contentUrl":"https:\/\/kristdemokraterna.se\/images\/18.620f88a718142b2b913c04a\/1654850527158\/%C3%A4ldre.png"},{"@type":"BreadcrumbList","@id":"https:\/\/wp.kristdemokraterna.se\/sigtuna\/i-var-kommun\/redo-att-kampa-for-alla-seniorer-i-sigtuna-kommun\/#breadcrumb","itemListElement":[{"@type":"ListItem","position":1,"name":"Hem","item":"https:\/\/wp.kristdemokraterna.se\/sigtuna\/"},{"@type":"ListItem","position":2,"name":"Vad vill vi i v\u00e5r kommun","item":"https:\/\/wp.kristdemokraterna.se\/sigtuna\/i-var-kommun\/"},{"@type":"ListItem","position":3,"name":"Redo att k\u00e4mpa f\u00f6r alla seniorer i Sigtuna kommun"}]},{"@type":"WebSite","@id":"https:\/\/wp.kristdemokraterna.se\/sigtuna\/#website","url":"https:\/\/wp.kristdemokraterna.se\/sigtuna\/","name":"Kristdemokraterna i Sigtuna","description":"En till Kristdemokraterna webbplats","inLanguage":"sv-SE"}]}},"_links":{"self":[{"href":"https:\/\/wp.kristdemokraterna.se\/sigtuna\/wp-json\/wp\/v2\/pages\/644","targetHints":{"allow":["GET"]}}],"collection":[{"href":"https:\/\/wp.kristdemokraterna.se\/sigtuna\/wp-json\/wp\/v2\/pages"}],"about":[{"href":"https:\/\/wp.kristdemokraterna.se\/sigtuna\/wp-json\/wp\/v2\/types\/page"}],"author":[{"embeddable":true,"href":"https:\/\/wp.kristdemokraterna.se\/sigtuna\/wp-json\/wp\/v2\/users\/907"}],"replies":[{"embeddable":true,"href":"https:\/\/wp.kristdemokraterna.se\/sigtuna\/wp-json\/wp\/v2\/comments?post=644"}],"version-history":[{"count":9,"href":"https:\/\/wp.kristdemokraterna.se\/sigtuna\/wp-json\/wp\/v2\/pages\/644\/revisions"}],"predecessor-version":[{"id":711,"href":"https:\/\/wp.kristdemokraterna.se\/sigtuna\/wp-json\/wp\/v2\/pages\/644\/revisions\/711"}],"up":[{"embeddable":true,"href":"https:\/\/wp.kristdemokraterna.se\/sigtuna\/wp-json\/wp\/v2\/pages\/342"}],"wp:attachment":[{"href":"https:\/\/wp.kristdemokraterna.se\/sigtuna\/wp-json\/wp\/v2\/media?parent=644"}],"curies":[{"name":"wp","href":"https:\/\/api.w.org\/{rel}","templated":true}]}}