{"id":649,"date":"2022-08-13T08:21:25","date_gmt":"2022-08-13T06:21:25","guid":{"rendered":"https:\/\/wp.kristdemokraterna.se\/sigtuna\/?page_id=649"},"modified":"2022-08-16T11:41:06","modified_gmt":"2022-08-16T09:41:06","slug":"sigtunas-seniorer-fortjanar-en-god-omsorg","status":"publish","type":"page","link":"https:\/\/wp.kristdemokraterna.se\/sigtuna\/i-var-kommun\/sigtunas-seniorer-fortjanar-en-god-omsorg\/","title":{"rendered":"Sigtunas seniorer f\u00f6rtj\u00e4nar en god omsorg"},"content":{"rendered":"<p><a href=\"http:\/\/wp.kristdemokraterna.se\/sigtuna\/files\/2022\/08\/matthew-bennett-425573-unsplash-1-scaled.jpg\"><img loading=\"lazy\" decoding=\"async\" class=\"alignnone wp-image-657\" src=\"http:\/\/wp.kristdemokraterna.se\/sigtuna\/files\/2022\/08\/matthew-bennett-425573-unsplash-1-300x200.jpg\" alt=\"\" width=\"254\" height=\"169\" srcset=\"https:\/\/wp.kristdemokraterna.se\/sigtuna\/files\/2022\/08\/matthew-bennett-425573-unsplash-1-300x200.jpg 300w, https:\/\/wp.kristdemokraterna.se\/sigtuna\/files\/2022\/08\/matthew-bennett-425573-unsplash-1-1024x683.jpg 1024w, https:\/\/wp.kristdemokraterna.se\/sigtuna\/files\/2022\/08\/matthew-bennett-425573-unsplash-1-768x512.jpg 768w, https:\/\/wp.kristdemokraterna.se\/sigtuna\/files\/2022\/08\/matthew-bennett-425573-unsplash-1-1536x1024.jpg 1536w, https:\/\/wp.kristdemokraterna.se\/sigtuna\/files\/2022\/08\/matthew-bennett-425573-unsplash-1-2048x1366.jpg 2048w, https:\/\/wp.kristdemokraterna.se\/sigtuna\/files\/2022\/08\/matthew-bennett-425573-unsplash-1-370x247.jpg 370w, https:\/\/wp.kristdemokraterna.se\/sigtuna\/files\/2022\/08\/matthew-bennett-425573-unsplash-1-770x513.jpg 770w, https:\/\/wp.kristdemokraterna.se\/sigtuna\/files\/2022\/08\/matthew-bennett-425573-unsplash-1-450x300.jpg 450w, https:\/\/wp.kristdemokraterna.se\/sigtuna\/files\/2022\/08\/matthew-bennett-425573-unsplash-1-280x187.jpg 280w, https:\/\/wp.kristdemokraterna.se\/sigtuna\/files\/2022\/08\/matthew-bennett-425573-unsplash-1-340x227.jpg 340w, https:\/\/wp.kristdemokraterna.se\/sigtuna\/files\/2022\/08\/matthew-bennett-425573-unsplash-1-200x133.jpg 200w, https:\/\/wp.kristdemokraterna.se\/sigtuna\/files\/2022\/08\/matthew-bennett-425573-unsplash-1-84x56.jpg 84w\" sizes=\"auto, (max-width: 254px) 100vw, 254px\" \/><\/a><\/p>\n<p>Under innevarande mandatperiod har Kristdemokraterna varit drivande i arbetet med att f\u00f6rb\u00e4ttra kvaliteten inom \u00e4ldreomsorgen i kommunen. Efter m\u00e5nga \u00e5r av allvarliga kvalitetsbrister har vi kristdemokrater initierat en l\u00e5ng rad \u00e5tg\u00e4rder f\u00f6r att f\u00f6rb\u00e4ttra kvaliteten inom s\u00e5v\u00e4l hemtj\u00e4nst som p\u00e5 s\u00e4rskilda boenden.<\/p>\n<p>Vi har bland annat:<\/p>\n<ul>\n<li>Som f\u00f6rsta kommun i Sverige kvalitetscertifierat samtliga \u00e4ldreboenden i Sigtuna kommun enligt ISO-standard<\/li>\n<li>Silviahemscertifierat flera av v\u00e5ra demensboenden<\/li>\n<li>F\u00f6rst\u00e4rkt kompetensen inom v\u00e4lf\u00e4rdteknik<\/li>\n<li>Ut\u00f6kat bemanningen med fler sjuksk\u00f6terskor, samt fysio- och arbetsterapeuter<\/li>\n<li>Drivit fr\u00e5gan om f\u00f6rb\u00e4ttrad spr\u00e5kkompetens inom \u00e4ldreomsorgen<\/li>\n<li>Beslutat att inf\u00f6ra heltid som norm inom \u00e4ldreomsorgen<\/li>\n<li>Och mycket annat&#8230;<\/li>\n<\/ul>\n<p>\u00c4ven om den negativa trenden nu \u00e4r p\u00e5 v\u00e4g att brytas, s\u00e5 \u00e4r arbetet l\u00e5ngt ifr\u00e5n f\u00e4rdigt. Under den kommande mandatperioden beh\u00f6ver vi forts\u00e4tta arbetet med att f\u00f6rb\u00e4ttra kvaliteten inom \u00e4ldreomsorgen.<\/p>\n<p>Kristdemokraterna vill bland annat:<\/p>\n<ul>\n<li>L\u00e5ta brukaren f\u00e5 \u00f6kat inflytande i samband med bist\u00e5ndsbed\u00f6mning av hemtj\u00e4nst och komma bort fr\u00e5n minutstyrningen \u2013 de \u00e4ldres behov ska alltid st\u00e5 i centrum<\/li>\n<li>Kompetensutveckla b\u00e5de tim- och fastanst\u00e4llda, bland annat genom att ge m\u00f6jlighet att studera till undersk\u00f6terska p\u00e5 arbetstid<\/li>\n<li>Forts\u00e4tta att minska antalet vikarier inom hemtj\u00e4nsten och p\u00e5 \u00e4ldreboenden<\/li>\n<\/ul>\n<p>F\u00f6r oss kristdemokrater \u00e4r det dessutom en sj\u00e4lvklarhet att alla seniorer ska kunna v\u00e4lja s\u00e5v\u00e4l hemtj\u00e4nst som v\u00e5rd- och omsorgsboende. Och vi vill att den som har fyllt 85 \u00e5r, utan bist\u00e5ndsbed\u00f6mning, ska ha m\u00f6jlighet att flytta till ett s\u00e4rskilt boende om den s\u00e5 \u00f6nskar.<\/p>\n<p>Vi kristdemokrater \u00e4r redo att k\u00e4mpa f\u00f6r en god \u00e4ldreomsorg i Sigtuna kommun!<\/p>\n<p><a href=\"https:\/\/wp.kristdemokraterna.se\/sigtuna\/i-var-kommun\/sigtunas-seniorer-ska-ha-ratt-att-valja-aldreomsorg\/\"><strong>L\u00c4S MER: Sigtunas seniorer ska ha r\u00e4tt att v\u00e4lja \u00e4ldreomsorg<\/strong><\/a><\/p>\n<p><a href=\"https:\/\/wp.kristdemokraterna.se\/sigtuna\/i-var-kommun\/sigtunas-seniorer-ar-val-varda-att-lyssna-pa\/\"><strong>L\u00c4S MER: Sigtunas seniorer \u00e4r v\u00e4l v\u00e4rda att lyssna p\u00e5<\/strong><\/a><\/p>\n<p><strong>\u00a0<\/strong><a href=\"https:\/\/wp.kristdemokraterna.se\/sigtuna\/i-var-kommun\/redo-att-kampa-for-alla-seniorer-i-sigtuna-kommun\/\"><strong>L\u00c4S MER: Redo att k\u00e4mpa f\u00f6r alla seniorer i Sigtuna kommun<\/strong><\/a><\/p>\n<p><strong>\u00a0<\/strong><a href=\"https:\/\/kristdemokraterna.se\/var-politik\/politikomraden\/aldre\"><strong>L\u00c4S MER: Kristdemokraternas \u00e4ldrepolitik<\/strong><\/a><\/p>\n<p>Kristdemokraterna har m\u00e5nga f\u00f6rslag som syftar till att m\u00e4nniskor ska kunna \u00e5ldras i trygghet och v\u00e4rdighet. L\u00e4s mer h\u00e4r om hur vi vill f\u00f6rb\u00e4ttra seniorernas situation.<\/p>\n<p><a href=\"https:\/\/kristdemokraterna.se\/var-politik\/politikomraden\/aldre\">https:\/\/kristdemokraterna.se\/var-politik\/politikomraden\/aldre<\/a><\/p>\n","protected":false},"excerpt":{"rendered":"<p>Under innevarande mandatperiod har Kristdemokraterna varit drivande i arbetet med att f\u00f6rb\u00e4ttra kvaliteten inom \u00e4ldreomsorgen i kommunen. Efter m\u00e5nga \u00e5r av allvarliga kvalitetsbrister har vi kristdemokrater initierat en l\u00e5ng rad \u00e5tg\u00e4rder f\u00f6r att f\u00f6rb\u00e4ttra kvaliteten inom s\u00e5v\u00e4l hemtj\u00e4nst som p\u00e5 s\u00e4rskilda boenden. Vi har bland annat: Som f\u00f6rsta kommun i Sverige kvalitetscertifierat samtliga \u00e4ldreboenden i <a class=\"read-more-link\" href=\"https:\/\/wp.kristdemokraterna.se\/sigtuna\/i-var-kommun\/sigtunas-seniorer-fortjanar-en-god-omsorg\/\">L\u00e4s mer<\/a><\/p>\n","protected":false},"author":907,"featured_media":0,"parent":342,"menu_order":0,"comment_status":"closed","ping_status":"closed","template":"","meta":{"_acf_changed":false,"footnotes":""},"class_list":["post-649","page","type-page","status-publish","hentry"],"acf":[],"yoast_head":"<!-- This site is optimized with the Yoast SEO plugin v27.4 - https:\/\/yoast.com\/product\/yoast-seo-wordpress\/ -->\n<title>Sigtunas seniorer f\u00f6rtj\u00e4nar en god omsorg - Kristdemokraterna i Sigtuna<\/title>\n<meta name=\"robots\" content=\"index, follow, max-snippet:-1, max-image-preview:large, max-video-preview:-1\" \/>\n<link rel=\"canonical\" href=\"https:\/\/wp.kristdemokraterna.se\/sigtuna\/i-var-kommun\/sigtunas-seniorer-fortjanar-en-god-omsorg\/\" \/>\n<meta property=\"og:locale\" content=\"sv_SE\" \/>\n<meta property=\"og:type\" content=\"article\" \/>\n<meta property=\"og:title\" content=\"Sigtunas seniorer f\u00f6rtj\u00e4nar en god omsorg - Kristdemokraterna i Sigtuna\" \/>\n<meta property=\"og:description\" content=\"Under innevarande mandatperiod har Kristdemokraterna varit drivande i arbetet med att f\u00f6rb\u00e4ttra kvaliteten inom \u00e4ldreomsorgen i kommunen. Efter m\u00e5nga \u00e5r av allvarliga kvalitetsbrister har vi kristdemokrater initierat en l\u00e5ng rad \u00e5tg\u00e4rder f\u00f6r att f\u00f6rb\u00e4ttra kvaliteten inom s\u00e5v\u00e4l hemtj\u00e4nst som p\u00e5 s\u00e4rskilda boenden. Vi har bland annat: Som f\u00f6rsta kommun i Sverige kvalitetscertifierat samtliga \u00e4ldreboenden i L\u00e4s mer\" \/>\n<meta property=\"og:url\" content=\"https:\/\/wp.kristdemokraterna.se\/sigtuna\/i-var-kommun\/sigtunas-seniorer-fortjanar-en-god-omsorg\/\" \/>\n<meta property=\"og:site_name\" content=\"Kristdemokraterna i Sigtuna\" \/>\n<meta property=\"article:modified_time\" content=\"2022-08-16T09:41:06+00:00\" \/>\n<meta property=\"og:image\" content=\"http:\/\/wp.kristdemokraterna.se\/sigtuna\/files\/2022\/08\/matthew-bennett-425573-unsplash-1-300x200.jpg\" \/>\n<meta name=\"twitter:card\" content=\"summary_large_image\" \/>\n<meta name=\"twitter:label1\" content=\"Ber\u00e4knad l\u00e4stid\" \/>\n\t<meta name=\"twitter:data1\" content=\"2 minuter\" \/>\n<script type=\"application\/ld+json\" class=\"yoast-schema-graph\">{\"@context\":\"https:\\\/\\\/schema.org\",\"@graph\":[{\"@type\":\"WebPage\",\"@id\":\"https:\\\/\\\/wp.kristdemokraterna.se\\\/sigtuna\\\/i-var-kommun\\\/sigtunas-seniorer-fortjanar-en-god-omsorg\\\/\",\"url\":\"https:\\\/\\\/wp.kristdemokraterna.se\\\/sigtuna\\\/i-var-kommun\\\/sigtunas-seniorer-fortjanar-en-god-omsorg\\\/\",\"name\":\"Sigtunas seniorer f\u00f6rtj\u00e4nar en god omsorg - Kristdemokraterna i Sigtuna\",\"isPartOf\":{\"@id\":\"https:\\\/\\\/wp.kristdemokraterna.se\\\/sigtuna\\\/#website\"},\"primaryImageOfPage\":{\"@id\":\"https:\\\/\\\/wp.kristdemokraterna.se\\\/sigtuna\\\/i-var-kommun\\\/sigtunas-seniorer-fortjanar-en-god-omsorg\\\/#primaryimage\"},\"image\":{\"@id\":\"https:\\\/\\\/wp.kristdemokraterna.se\\\/sigtuna\\\/i-var-kommun\\\/sigtunas-seniorer-fortjanar-en-god-omsorg\\\/#primaryimage\"},\"thumbnailUrl\":\"http:\\\/\\\/wp.kristdemokraterna.se\\\/sigtuna\\\/files\\\/2022\\\/08\\\/matthew-bennett-425573-unsplash-1-300x200.jpg\",\"datePublished\":\"2022-08-13T06:21:25+00:00\",\"dateModified\":\"2022-08-16T09:41:06+00:00\",\"breadcrumb\":{\"@id\":\"https:\\\/\\\/wp.kristdemokraterna.se\\\/sigtuna\\\/i-var-kommun\\\/sigtunas-seniorer-fortjanar-en-god-omsorg\\\/#breadcrumb\"},\"inLanguage\":\"sv-SE\",\"potentialAction\":[{\"@type\":\"ReadAction\",\"target\":[\"https:\\\/\\\/wp.kristdemokraterna.se\\\/sigtuna\\\/i-var-kommun\\\/sigtunas-seniorer-fortjanar-en-god-omsorg\\\/\"]}]},{\"@type\":\"ImageObject\",\"inLanguage\":\"sv-SE\",\"@id\":\"https:\\\/\\\/wp.kristdemokraterna.se\\\/sigtuna\\\/i-var-kommun\\\/sigtunas-seniorer-fortjanar-en-god-omsorg\\\/#primaryimage\",\"url\":\"http:\\\/\\\/wp.kristdemokraterna.se\\\/sigtuna\\\/files\\\/2022\\\/08\\\/matthew-bennett-425573-unsplash-1-300x200.jpg\",\"contentUrl\":\"http:\\\/\\\/wp.kristdemokraterna.se\\\/sigtuna\\\/files\\\/2022\\\/08\\\/matthew-bennett-425573-unsplash-1-300x200.jpg\"},{\"@type\":\"BreadcrumbList\",\"@id\":\"https:\\\/\\\/wp.kristdemokraterna.se\\\/sigtuna\\\/i-var-kommun\\\/sigtunas-seniorer-fortjanar-en-god-omsorg\\\/#breadcrumb\",\"itemListElement\":[{\"@type\":\"ListItem\",\"position\":1,\"name\":\"Hem\",\"item\":\"https:\\\/\\\/wp.kristdemokraterna.se\\\/sigtuna\\\/\"},{\"@type\":\"ListItem\",\"position\":2,\"name\":\"Vad vill vi i v\u00e5r kommun\",\"item\":\"https:\\\/\\\/wp.kristdemokraterna.se\\\/sigtuna\\\/i-var-kommun\\\/\"},{\"@type\":\"ListItem\",\"position\":3,\"name\":\"Sigtunas seniorer f\u00f6rtj\u00e4nar en god omsorg\"}]},{\"@type\":\"WebSite\",\"@id\":\"https:\\\/\\\/wp.kristdemokraterna.se\\\/sigtuna\\\/#website\",\"url\":\"https:\\\/\\\/wp.kristdemokraterna.se\\\/sigtuna\\\/\",\"name\":\"Kristdemokraterna i Sigtuna\",\"description\":\"En till Kristdemokraterna webbplats\",\"inLanguage\":\"sv-SE\"}]}<\/script>\n<!-- \/ Yoast SEO plugin. -->","yoast_head_json":{"title":"Sigtunas seniorer f\u00f6rtj\u00e4nar en god omsorg - Kristdemokraterna i Sigtuna","robots":{"index":"index","follow":"follow","max-snippet":"max-snippet:-1","max-image-preview":"max-image-preview:large","max-video-preview":"max-video-preview:-1"},"canonical":"https:\/\/wp.kristdemokraterna.se\/sigtuna\/i-var-kommun\/sigtunas-seniorer-fortjanar-en-god-omsorg\/","og_locale":"sv_SE","og_type":"article","og_title":"Sigtunas seniorer f\u00f6rtj\u00e4nar en god omsorg - Kristdemokraterna i Sigtuna","og_description":"Under innevarande mandatperiod har Kristdemokraterna varit drivande i arbetet med att f\u00f6rb\u00e4ttra kvaliteten inom \u00e4ldreomsorgen i kommunen. Efter m\u00e5nga \u00e5r av allvarliga kvalitetsbrister har vi kristdemokrater initierat en l\u00e5ng rad \u00e5tg\u00e4rder f\u00f6r att f\u00f6rb\u00e4ttra kvaliteten inom s\u00e5v\u00e4l hemtj\u00e4nst som p\u00e5 s\u00e4rskilda boenden. Vi har bland annat: Som f\u00f6rsta kommun i Sverige kvalitetscertifierat samtliga \u00e4ldreboenden i L\u00e4s mer","og_url":"https:\/\/wp.kristdemokraterna.se\/sigtuna\/i-var-kommun\/sigtunas-seniorer-fortjanar-en-god-omsorg\/","og_site_name":"Kristdemokraterna i Sigtuna","article_modified_time":"2022-08-16T09:41:06+00:00","og_image":[{"url":"http:\/\/wp.kristdemokraterna.se\/sigtuna\/files\/2022\/08\/matthew-bennett-425573-unsplash-1-300x200.jpg","type":"","width":"","height":""}],"twitter_card":"summary_large_image","twitter_misc":{"Ber\u00e4knad l\u00e4stid":"2 minuter"},"schema":{"@context":"https:\/\/schema.org","@graph":[{"@type":"WebPage","@id":"https:\/\/wp.kristdemokraterna.se\/sigtuna\/i-var-kommun\/sigtunas-seniorer-fortjanar-en-god-omsorg\/","url":"https:\/\/wp.kristdemokraterna.se\/sigtuna\/i-var-kommun\/sigtunas-seniorer-fortjanar-en-god-omsorg\/","name":"Sigtunas seniorer f\u00f6rtj\u00e4nar en god omsorg - Kristdemokraterna i Sigtuna","isPartOf":{"@id":"https:\/\/wp.kristdemokraterna.se\/sigtuna\/#website"},"primaryImageOfPage":{"@id":"https:\/\/wp.kristdemokraterna.se\/sigtuna\/i-var-kommun\/sigtunas-seniorer-fortjanar-en-god-omsorg\/#primaryimage"},"image":{"@id":"https:\/\/wp.kristdemokraterna.se\/sigtuna\/i-var-kommun\/sigtunas-seniorer-fortjanar-en-god-omsorg\/#primaryimage"},"thumbnailUrl":"http:\/\/wp.kristdemokraterna.se\/sigtuna\/files\/2022\/08\/matthew-bennett-425573-unsplash-1-300x200.jpg","datePublished":"2022-08-13T06:21:25+00:00","dateModified":"2022-08-16T09:41:06+00:00","breadcrumb":{"@id":"https:\/\/wp.kristdemokraterna.se\/sigtuna\/i-var-kommun\/sigtunas-seniorer-fortjanar-en-god-omsorg\/#breadcrumb"},"inLanguage":"sv-SE","potentialAction":[{"@type":"ReadAction","target":["https:\/\/wp.kristdemokraterna.se\/sigtuna\/i-var-kommun\/sigtunas-seniorer-fortjanar-en-god-omsorg\/"]}]},{"@type":"ImageObject","inLanguage":"sv-SE","@id":"https:\/\/wp.kristdemokraterna.se\/sigtuna\/i-var-kommun\/sigtunas-seniorer-fortjanar-en-god-omsorg\/#primaryimage","url":"http:\/\/wp.kristdemokraterna.se\/sigtuna\/files\/2022\/08\/matthew-bennett-425573-unsplash-1-300x200.jpg","contentUrl":"http:\/\/wp.kristdemokraterna.se\/sigtuna\/files\/2022\/08\/matthew-bennett-425573-unsplash-1-300x200.jpg"},{"@type":"BreadcrumbList","@id":"https:\/\/wp.kristdemokraterna.se\/sigtuna\/i-var-kommun\/sigtunas-seniorer-fortjanar-en-god-omsorg\/#breadcrumb","itemListElement":[{"@type":"ListItem","position":1,"name":"Hem","item":"https:\/\/wp.kristdemokraterna.se\/sigtuna\/"},{"@type":"ListItem","position":2,"name":"Vad vill vi i v\u00e5r kommun","item":"https:\/\/wp.kristdemokraterna.se\/sigtuna\/i-var-kommun\/"},{"@type":"ListItem","position":3,"name":"Sigtunas seniorer f\u00f6rtj\u00e4nar en god omsorg"}]},{"@type":"WebSite","@id":"https:\/\/wp.kristdemokraterna.se\/sigtuna\/#website","url":"https:\/\/wp.kristdemokraterna.se\/sigtuna\/","name":"Kristdemokraterna i Sigtuna","description":"En till Kristdemokraterna webbplats","inLanguage":"sv-SE"}]}},"_links":{"self":[{"href":"https:\/\/wp.kristdemokraterna.se\/sigtuna\/wp-json\/wp\/v2\/pages\/649","targetHints":{"allow":["GET"]}}],"collection":[{"href":"https:\/\/wp.kristdemokraterna.se\/sigtuna\/wp-json\/wp\/v2\/pages"}],"about":[{"href":"https:\/\/wp.kristdemokraterna.se\/sigtuna\/wp-json\/wp\/v2\/types\/page"}],"author":[{"embeddable":true,"href":"https:\/\/wp.kristdemokraterna.se\/sigtuna\/wp-json\/wp\/v2\/users\/907"}],"replies":[{"embeddable":true,"href":"https:\/\/wp.kristdemokraterna.se\/sigtuna\/wp-json\/wp\/v2\/comments?post=649"}],"version-history":[{"count":10,"href":"https:\/\/wp.kristdemokraterna.se\/sigtuna\/wp-json\/wp\/v2\/pages\/649\/revisions"}],"predecessor-version":[{"id":699,"href":"https:\/\/wp.kristdemokraterna.se\/sigtuna\/wp-json\/wp\/v2\/pages\/649\/revisions\/699"}],"up":[{"embeddable":true,"href":"https:\/\/wp.kristdemokraterna.se\/sigtuna\/wp-json\/wp\/v2\/pages\/342"}],"wp:attachment":[{"href":"https:\/\/wp.kristdemokraterna.se\/sigtuna\/wp-json\/wp\/v2\/media?parent=649"}],"curies":[{"name":"wp","href":"https:\/\/api.w.org\/{rel}","templated":true}]}}