{"id":664,"date":"2022-08-13T08:57:08","date_gmt":"2022-08-13T06:57:08","guid":{"rendered":"https:\/\/wp.kristdemokraterna.se\/sigtuna\/?page_id=664"},"modified":"2022-08-16T12:07:05","modified_gmt":"2022-08-16T10:07:05","slug":"sigtunas-seniorer-ar-val-varda-att-lyssna-pa","status":"publish","type":"page","link":"https:\/\/wp.kristdemokraterna.se\/sigtuna\/i-var-kommun\/sigtunas-seniorer-ar-val-varda-att-lyssna-pa\/","title":{"rendered":"Sigtunas seniorer \u00e4r v\u00e4l v\u00e4rda att lyssna p\u00e5"},"content":{"rendered":"<p><a href=\"http:\/\/wp.kristdemokraterna.se\/sigtuna\/files\/2022\/04\/valfrihet-kd-sigtuna.jpg\"><img loading=\"lazy\" decoding=\"async\" class=\"alignnone size-medium wp-image-626\" src=\"http:\/\/wp.kristdemokraterna.se\/sigtuna\/files\/2022\/04\/valfrihet-kd-sigtuna-300x169.jpg\" alt=\"\" width=\"300\" height=\"169\" srcset=\"https:\/\/wp.kristdemokraterna.se\/sigtuna\/files\/2022\/04\/valfrihet-kd-sigtuna-300x169.jpg 300w, https:\/\/wp.kristdemokraterna.se\/sigtuna\/files\/2022\/04\/valfrihet-kd-sigtuna-356x200.jpg 356w, https:\/\/wp.kristdemokraterna.se\/sigtuna\/files\/2022\/04\/valfrihet-kd-sigtuna-370x208.jpg 370w, https:\/\/wp.kristdemokraterna.se\/sigtuna\/files\/2022\/04\/valfrihet-kd-sigtuna-450x253.jpg 450w, https:\/\/wp.kristdemokraterna.se\/sigtuna\/files\/2022\/04\/valfrihet-kd-sigtuna-280x157.jpg 280w, https:\/\/wp.kristdemokraterna.se\/sigtuna\/files\/2022\/04\/valfrihet-kd-sigtuna-340x191.jpg 340w, https:\/\/wp.kristdemokraterna.se\/sigtuna\/files\/2022\/04\/valfrihet-kd-sigtuna-200x112.jpg 200w, https:\/\/wp.kristdemokraterna.se\/sigtuna\/files\/2022\/04\/valfrihet-kd-sigtuna-100x56.jpg 100w, https:\/\/wp.kristdemokraterna.se\/sigtuna\/files\/2022\/04\/valfrihet-kd-sigtuna.jpg 605w\" sizes=\"auto, (max-width: 300px) 100vw, 300px\" \/><\/a><\/p>\n<p>Kristdemokraterna vill f\u00f6rdjupa dialogen med seniorerna i Sigtuna kommun. Att vi bjuder in kommunens seniora inv\u00e5nare till delaktighet och dialog \u00e4r ytterst en fr\u00e5ga om v\u00e4rdighet och respekt. Vi kristdemokrater tar seniorernas intressen p\u00e5 st\u00f6rsta allvar.<\/p>\n<p>Under innevarande mandatperiod har vi kristdemokrater tagit flera olika initiativ f\u00f6r att ut\u00f6ka dialogen med seniorer i kommunen, bland annat genom att:<\/p>\n<ul>\n<li>Bjuda in seniora intresseorganisationer till dialog och driva deras fr\u00e5gor<\/li>\n<li>Skapa olika m\u00f6tesplatser f\u00f6r kommunens seniora inv\u00e5nare<\/li>\n<li>Genomf\u00f6ra satsningar f\u00f6r att \u00f6ka IT-kompetensen bland seniorer i kommunen<\/li>\n<\/ul>\n<p>Under de senaste fyra \u00e5ren har Kristdemokraterna \u2013 tillsammans med de andra partierna i majoriteten \u2013 st\u00e4dat upp efter den ekonomiska oredan i kommunen. Samtidigt har vi drivit p\u00e5 f\u00f6r att f\u00f6rb\u00e4ttra s\u00e5v\u00e4l kvalitet som valfrihet inom \u00e4ldreomsorgen.<\/p>\n<p>Under den kommande mandatperioden vill vi kristdemokrater f\u00f6rdjupa dialogen med seniorerna i Sigtuna kommun. Och vi forts\u00e4tter f\u00f6rst\u00e5s kampen f\u00f6r att f\u00f6rb\u00e4ttra \u00e4ldreomsorgen och f\u00f6r r\u00e4tten till valfrihet inom \u00e4ldreomsorgen.<\/p>\n<p>Kristdemokraterna \u00e4r garanten f\u00f6r att Sigtunas seniorer ska kunna \u00e5ldras i trygghet och v\u00e4rdighet.<\/p>\n<p>Vi kristdemokrater \u00e4r redo att ut\u00f6ka dialogen och skapa delaktighet f\u00f6r alla seniorer i Sigtuna kommun!<\/p>\n<p><a href=\"https:\/\/wp.kristdemokraterna.se\/sigtuna\/i-var-kommun\/sigtunas-seniorer-fortjanar-en-god-omsorg\/\"><strong>L\u00c4S MER: Sigtunas seniorer f\u00f6rtj\u00e4nar en god omsorg<\/strong><\/a><\/p>\n<p><strong>\u00a0<\/strong><a href=\"https:\/\/wp.kristdemokraterna.se\/sigtuna\/i-var-kommun\/sigtunas-seniorer-ska-ha-ratt-att-valja-aldreomsorg\/\"><strong>L\u00c4S MER: Sigtunas seniorer ska ha r\u00e4tt att v\u00e4lja \u00e4ldreomsorg<\/strong><\/a><\/p>\n<p><strong>\u00a0<\/strong><a href=\"https:\/\/wp.kristdemokraterna.se\/sigtuna\/i-var-kommun\/redo-att-kampa-for-alla-seniorer-i-sigtuna-kommun\/\"><strong>L\u00c4S MER: Redo att k\u00e4mpa f\u00f6r alla seniorer i Sigtuna kommun<\/strong><\/a><\/p>\n<p><a href=\"https:\/\/kristdemokraterna.se\/var-politik\/politikomraden\/aldre\"><strong>L\u00c4S MER: Kristdemokrate<\/strong><strong>rnas \u00e4ldrepolitik<\/strong> <\/a><\/p>\n<p>Kristdemokraterna har m\u00e5nga f\u00f6rslag som syftar till att m\u00e4nniskor ska kunna \u00e5ldras i trygghet och v\u00e4rdighet. L\u00e4s mer h\u00e4r om hur vi vill f\u00f6rb\u00e4ttra seniorernas situation.<\/p>\n<p><a href=\"https:\/\/kristdemokraterna.se\/var-politik\/politikomraden\/aldre\">https:\/\/kristdemokraterna.se\/var-politik\/politikomraden\/aldre<\/a><\/p>\n","protected":false},"excerpt":{"rendered":"<p>Kristdemokraterna vill f\u00f6rdjupa dialogen med seniorerna i Sigtuna kommun. Att vi bjuder in kommunens seniora inv\u00e5nare till delaktighet och dialog \u00e4r ytterst en fr\u00e5ga om v\u00e4rdighet och respekt. Vi kristdemokrater tar seniorernas intressen p\u00e5 st\u00f6rsta allvar. Under innevarande mandatperiod har vi kristdemokrater tagit flera olika initiativ f\u00f6r att ut\u00f6ka dialogen med seniorer i kommunen, bland <a class=\"read-more-link\" href=\"https:\/\/wp.kristdemokraterna.se\/sigtuna\/i-var-kommun\/sigtunas-seniorer-ar-val-varda-att-lyssna-pa\/\">L\u00e4s mer<\/a><\/p>\n","protected":false},"author":907,"featured_media":0,"parent":342,"menu_order":0,"comment_status":"closed","ping_status":"closed","template":"","meta":{"_acf_changed":false,"footnotes":""},"class_list":["post-664","page","type-page","status-publish","hentry"],"acf":[],"yoast_head":"<!-- This site is optimized with the Yoast SEO plugin v27.4 - https:\/\/yoast.com\/product\/yoast-seo-wordpress\/ -->\n<title>Sigtunas seniorer \u00e4r v\u00e4l v\u00e4rda att lyssna p\u00e5 - Kristdemokraterna i Sigtuna<\/title>\n<meta name=\"robots\" content=\"index, follow, max-snippet:-1, max-image-preview:large, max-video-preview:-1\" \/>\n<link rel=\"canonical\" href=\"https:\/\/wp.kristdemokraterna.se\/sigtuna\/i-var-kommun\/sigtunas-seniorer-ar-val-varda-att-lyssna-pa\/\" \/>\n<meta property=\"og:locale\" content=\"sv_SE\" \/>\n<meta property=\"og:type\" content=\"article\" \/>\n<meta property=\"og:title\" content=\"Sigtunas seniorer \u00e4r v\u00e4l v\u00e4rda att lyssna p\u00e5 - Kristdemokraterna i Sigtuna\" \/>\n<meta property=\"og:description\" content=\"Kristdemokraterna vill f\u00f6rdjupa dialogen med seniorerna i Sigtuna kommun. Att vi bjuder in kommunens seniora inv\u00e5nare till delaktighet och dialog \u00e4r ytterst en fr\u00e5ga om v\u00e4rdighet och respekt. Vi kristdemokrater tar seniorernas intressen p\u00e5 st\u00f6rsta allvar. Under innevarande mandatperiod har vi kristdemokrater tagit flera olika initiativ f\u00f6r att ut\u00f6ka dialogen med seniorer i kommunen, bland L\u00e4s mer\" \/>\n<meta property=\"og:url\" content=\"https:\/\/wp.kristdemokraterna.se\/sigtuna\/i-var-kommun\/sigtunas-seniorer-ar-val-varda-att-lyssna-pa\/\" \/>\n<meta property=\"og:site_name\" content=\"Kristdemokraterna i Sigtuna\" \/>\n<meta property=\"article:modified_time\" content=\"2022-08-16T10:07:05+00:00\" \/>\n<meta property=\"og:image\" content=\"http:\/\/wp.kristdemokraterna.se\/sigtuna\/files\/2022\/04\/valfrihet-kd-sigtuna-300x169.jpg\" \/>\n<meta name=\"twitter:card\" content=\"summary_large_image\" \/>\n<meta name=\"twitter:label1\" content=\"Ber\u00e4knad l\u00e4stid\" \/>\n\t<meta name=\"twitter:data1\" content=\"2 minuter\" \/>\n<script type=\"application\/ld+json\" class=\"yoast-schema-graph\">{\"@context\":\"https:\\\/\\\/schema.org\",\"@graph\":[{\"@type\":\"WebPage\",\"@id\":\"https:\\\/\\\/wp.kristdemokraterna.se\\\/sigtuna\\\/i-var-kommun\\\/sigtunas-seniorer-ar-val-varda-att-lyssna-pa\\\/\",\"url\":\"https:\\\/\\\/wp.kristdemokraterna.se\\\/sigtuna\\\/i-var-kommun\\\/sigtunas-seniorer-ar-val-varda-att-lyssna-pa\\\/\",\"name\":\"Sigtunas seniorer \u00e4r v\u00e4l v\u00e4rda att lyssna p\u00e5 - Kristdemokraterna i Sigtuna\",\"isPartOf\":{\"@id\":\"https:\\\/\\\/wp.kristdemokraterna.se\\\/sigtuna\\\/#website\"},\"primaryImageOfPage\":{\"@id\":\"https:\\\/\\\/wp.kristdemokraterna.se\\\/sigtuna\\\/i-var-kommun\\\/sigtunas-seniorer-ar-val-varda-att-lyssna-pa\\\/#primaryimage\"},\"image\":{\"@id\":\"https:\\\/\\\/wp.kristdemokraterna.se\\\/sigtuna\\\/i-var-kommun\\\/sigtunas-seniorer-ar-val-varda-att-lyssna-pa\\\/#primaryimage\"},\"thumbnailUrl\":\"http:\\\/\\\/wp.kristdemokraterna.se\\\/sigtuna\\\/files\\\/2022\\\/04\\\/valfrihet-kd-sigtuna-300x169.jpg\",\"datePublished\":\"2022-08-13T06:57:08+00:00\",\"dateModified\":\"2022-08-16T10:07:05+00:00\",\"breadcrumb\":{\"@id\":\"https:\\\/\\\/wp.kristdemokraterna.se\\\/sigtuna\\\/i-var-kommun\\\/sigtunas-seniorer-ar-val-varda-att-lyssna-pa\\\/#breadcrumb\"},\"inLanguage\":\"sv-SE\",\"potentialAction\":[{\"@type\":\"ReadAction\",\"target\":[\"https:\\\/\\\/wp.kristdemokraterna.se\\\/sigtuna\\\/i-var-kommun\\\/sigtunas-seniorer-ar-val-varda-att-lyssna-pa\\\/\"]}]},{\"@type\":\"ImageObject\",\"inLanguage\":\"sv-SE\",\"@id\":\"https:\\\/\\\/wp.kristdemokraterna.se\\\/sigtuna\\\/i-var-kommun\\\/sigtunas-seniorer-ar-val-varda-att-lyssna-pa\\\/#primaryimage\",\"url\":\"http:\\\/\\\/wp.kristdemokraterna.se\\\/sigtuna\\\/files\\\/2022\\\/04\\\/valfrihet-kd-sigtuna-300x169.jpg\",\"contentUrl\":\"http:\\\/\\\/wp.kristdemokraterna.se\\\/sigtuna\\\/files\\\/2022\\\/04\\\/valfrihet-kd-sigtuna-300x169.jpg\"},{\"@type\":\"BreadcrumbList\",\"@id\":\"https:\\\/\\\/wp.kristdemokraterna.se\\\/sigtuna\\\/i-var-kommun\\\/sigtunas-seniorer-ar-val-varda-att-lyssna-pa\\\/#breadcrumb\",\"itemListElement\":[{\"@type\":\"ListItem\",\"position\":1,\"name\":\"Hem\",\"item\":\"https:\\\/\\\/wp.kristdemokraterna.se\\\/sigtuna\\\/\"},{\"@type\":\"ListItem\",\"position\":2,\"name\":\"Vad vill vi i v\u00e5r kommun\",\"item\":\"https:\\\/\\\/wp.kristdemokraterna.se\\\/sigtuna\\\/i-var-kommun\\\/\"},{\"@type\":\"ListItem\",\"position\":3,\"name\":\"Sigtunas seniorer \u00e4r v\u00e4l v\u00e4rda att lyssna p\u00e5\"}]},{\"@type\":\"WebSite\",\"@id\":\"https:\\\/\\\/wp.kristdemokraterna.se\\\/sigtuna\\\/#website\",\"url\":\"https:\\\/\\\/wp.kristdemokraterna.se\\\/sigtuna\\\/\",\"name\":\"Kristdemokraterna i Sigtuna\",\"description\":\"En till Kristdemokraterna webbplats\",\"inLanguage\":\"sv-SE\"}]}<\/script>\n<!-- \/ Yoast SEO plugin. -->","yoast_head_json":{"title":"Sigtunas seniorer \u00e4r v\u00e4l v\u00e4rda att lyssna p\u00e5 - Kristdemokraterna i Sigtuna","robots":{"index":"index","follow":"follow","max-snippet":"max-snippet:-1","max-image-preview":"max-image-preview:large","max-video-preview":"max-video-preview:-1"},"canonical":"https:\/\/wp.kristdemokraterna.se\/sigtuna\/i-var-kommun\/sigtunas-seniorer-ar-val-varda-att-lyssna-pa\/","og_locale":"sv_SE","og_type":"article","og_title":"Sigtunas seniorer \u00e4r v\u00e4l v\u00e4rda att lyssna p\u00e5 - Kristdemokraterna i Sigtuna","og_description":"Kristdemokraterna vill f\u00f6rdjupa dialogen med seniorerna i Sigtuna kommun. Att vi bjuder in kommunens seniora inv\u00e5nare till delaktighet och dialog \u00e4r ytterst en fr\u00e5ga om v\u00e4rdighet och respekt. Vi kristdemokrater tar seniorernas intressen p\u00e5 st\u00f6rsta allvar. Under innevarande mandatperiod har vi kristdemokrater tagit flera olika initiativ f\u00f6r att ut\u00f6ka dialogen med seniorer i kommunen, bland L\u00e4s mer","og_url":"https:\/\/wp.kristdemokraterna.se\/sigtuna\/i-var-kommun\/sigtunas-seniorer-ar-val-varda-att-lyssna-pa\/","og_site_name":"Kristdemokraterna i Sigtuna","article_modified_time":"2022-08-16T10:07:05+00:00","og_image":[{"url":"http:\/\/wp.kristdemokraterna.se\/sigtuna\/files\/2022\/04\/valfrihet-kd-sigtuna-300x169.jpg","type":"","width":"","height":""}],"twitter_card":"summary_large_image","twitter_misc":{"Ber\u00e4knad l\u00e4stid":"2 minuter"},"schema":{"@context":"https:\/\/schema.org","@graph":[{"@type":"WebPage","@id":"https:\/\/wp.kristdemokraterna.se\/sigtuna\/i-var-kommun\/sigtunas-seniorer-ar-val-varda-att-lyssna-pa\/","url":"https:\/\/wp.kristdemokraterna.se\/sigtuna\/i-var-kommun\/sigtunas-seniorer-ar-val-varda-att-lyssna-pa\/","name":"Sigtunas seniorer \u00e4r v\u00e4l v\u00e4rda att lyssna p\u00e5 - Kristdemokraterna i Sigtuna","isPartOf":{"@id":"https:\/\/wp.kristdemokraterna.se\/sigtuna\/#website"},"primaryImageOfPage":{"@id":"https:\/\/wp.kristdemokraterna.se\/sigtuna\/i-var-kommun\/sigtunas-seniorer-ar-val-varda-att-lyssna-pa\/#primaryimage"},"image":{"@id":"https:\/\/wp.kristdemokraterna.se\/sigtuna\/i-var-kommun\/sigtunas-seniorer-ar-val-varda-att-lyssna-pa\/#primaryimage"},"thumbnailUrl":"http:\/\/wp.kristdemokraterna.se\/sigtuna\/files\/2022\/04\/valfrihet-kd-sigtuna-300x169.jpg","datePublished":"2022-08-13T06:57:08+00:00","dateModified":"2022-08-16T10:07:05+00:00","breadcrumb":{"@id":"https:\/\/wp.kristdemokraterna.se\/sigtuna\/i-var-kommun\/sigtunas-seniorer-ar-val-varda-att-lyssna-pa\/#breadcrumb"},"inLanguage":"sv-SE","potentialAction":[{"@type":"ReadAction","target":["https:\/\/wp.kristdemokraterna.se\/sigtuna\/i-var-kommun\/sigtunas-seniorer-ar-val-varda-att-lyssna-pa\/"]}]},{"@type":"ImageObject","inLanguage":"sv-SE","@id":"https:\/\/wp.kristdemokraterna.se\/sigtuna\/i-var-kommun\/sigtunas-seniorer-ar-val-varda-att-lyssna-pa\/#primaryimage","url":"http:\/\/wp.kristdemokraterna.se\/sigtuna\/files\/2022\/04\/valfrihet-kd-sigtuna-300x169.jpg","contentUrl":"http:\/\/wp.kristdemokraterna.se\/sigtuna\/files\/2022\/04\/valfrihet-kd-sigtuna-300x169.jpg"},{"@type":"BreadcrumbList","@id":"https:\/\/wp.kristdemokraterna.se\/sigtuna\/i-var-kommun\/sigtunas-seniorer-ar-val-varda-att-lyssna-pa\/#breadcrumb","itemListElement":[{"@type":"ListItem","position":1,"name":"Hem","item":"https:\/\/wp.kristdemokraterna.se\/sigtuna\/"},{"@type":"ListItem","position":2,"name":"Vad vill vi i v\u00e5r kommun","item":"https:\/\/wp.kristdemokraterna.se\/sigtuna\/i-var-kommun\/"},{"@type":"ListItem","position":3,"name":"Sigtunas seniorer \u00e4r v\u00e4l v\u00e4rda att lyssna p\u00e5"}]},{"@type":"WebSite","@id":"https:\/\/wp.kristdemokraterna.se\/sigtuna\/#website","url":"https:\/\/wp.kristdemokraterna.se\/sigtuna\/","name":"Kristdemokraterna i Sigtuna","description":"En till Kristdemokraterna webbplats","inLanguage":"sv-SE"}]}},"_links":{"self":[{"href":"https:\/\/wp.kristdemokraterna.se\/sigtuna\/wp-json\/wp\/v2\/pages\/664","targetHints":{"allow":["GET"]}}],"collection":[{"href":"https:\/\/wp.kristdemokraterna.se\/sigtuna\/wp-json\/wp\/v2\/pages"}],"about":[{"href":"https:\/\/wp.kristdemokraterna.se\/sigtuna\/wp-json\/wp\/v2\/types\/page"}],"author":[{"embeddable":true,"href":"https:\/\/wp.kristdemokraterna.se\/sigtuna\/wp-json\/wp\/v2\/users\/907"}],"replies":[{"embeddable":true,"href":"https:\/\/wp.kristdemokraterna.se\/sigtuna\/wp-json\/wp\/v2\/comments?post=664"}],"version-history":[{"count":7,"href":"https:\/\/wp.kristdemokraterna.se\/sigtuna\/wp-json\/wp\/v2\/pages\/664\/revisions"}],"predecessor-version":[{"id":705,"href":"https:\/\/wp.kristdemokraterna.se\/sigtuna\/wp-json\/wp\/v2\/pages\/664\/revisions\/705"}],"up":[{"embeddable":true,"href":"https:\/\/wp.kristdemokraterna.se\/sigtuna\/wp-json\/wp\/v2\/pages\/342"}],"wp:attachment":[{"href":"https:\/\/wp.kristdemokraterna.se\/sigtuna\/wp-json\/wp\/v2\/media?parent=664"}],"curies":[{"name":"wp","href":"https:\/\/api.w.org\/{rel}","templated":true}]}}