{"id":668,"date":"2022-08-13T09:18:07","date_gmt":"2022-08-13T07:18:07","guid":{"rendered":"https:\/\/wp.kristdemokraterna.se\/sigtuna\/?page_id=668"},"modified":"2022-08-13T09:37:25","modified_gmt":"2022-08-13T07:37:25","slug":"668-2","status":"publish","type":"page","link":"https:\/\/wp.kristdemokraterna.se\/sigtuna\/textsida-med-vanster-sidebar\/668-2\/","title":{"rendered":""},"content":{"rendered":"<p>H\u00e4r \u00e4r Kristdemokraterna i Sigtuna kommuns valsedel inf\u00f6r valet till Kommunfullm\u00e4ktige,\u00a0 klicka p\u00e5 valsedeln s\u00e5 blir den st\u00f6rre. Gl\u00f6m inte att r\u00f6sta den 11 september<\/p>\n<p><a href=\"http:\/\/wp.kristdemokraterna.se\/sigtuna\/files\/2022\/08\/valsedel-kommunfullmaktige.jpg\"><img loading=\"lazy\" decoding=\"async\" class=\"alignnone size-medium wp-image-669\" src=\"http:\/\/wp.kristdemokraterna.se\/sigtuna\/files\/2022\/08\/valsedel-kommunfullmaktige-223x300.jpg\" alt=\"\" width=\"223\" height=\"300\" srcset=\"https:\/\/wp.kristdemokraterna.se\/sigtuna\/files\/2022\/08\/valsedel-kommunfullmaktige-223x300.jpg 223w, https:\/\/wp.kristdemokraterna.se\/sigtuna\/files\/2022\/08\/valsedel-kommunfullmaktige-762x1024.jpg 762w, https:\/\/wp.kristdemokraterna.se\/sigtuna\/files\/2022\/08\/valsedel-kommunfullmaktige-768x1032.jpg 768w, https:\/\/wp.kristdemokraterna.se\/sigtuna\/files\/2022\/08\/valsedel-kommunfullmaktige-1143x1536.jpg 1143w, https:\/\/wp.kristdemokraterna.se\/sigtuna\/files\/2022\/08\/valsedel-kommunfullmaktige-149x200.jpg 149w, https:\/\/wp.kristdemokraterna.se\/sigtuna\/files\/2022\/08\/valsedel-kommunfullmaktige-370x497.jpg 370w, https:\/\/wp.kristdemokraterna.se\/sigtuna\/files\/2022\/08\/valsedel-kommunfullmaktige-770x1035.jpg 770w, https:\/\/wp.kristdemokraterna.se\/sigtuna\/files\/2022\/08\/valsedel-kommunfullmaktige-450x605.jpg 450w, https:\/\/wp.kristdemokraterna.se\/sigtuna\/files\/2022\/08\/valsedel-kommunfullmaktige-280x376.jpg 280w, https:\/\/wp.kristdemokraterna.se\/sigtuna\/files\/2022\/08\/valsedel-kommunfullmaktige-340x457.jpg 340w, https:\/\/wp.kristdemokraterna.se\/sigtuna\/files\/2022\/08\/valsedel-kommunfullmaktige-42x56.jpg 42w, https:\/\/wp.kristdemokraterna.se\/sigtuna\/files\/2022\/08\/valsedel-kommunfullmaktige.jpg 1477w\" sizes=\"auto, (max-width: 223px) 100vw, 223px\" \/><\/a><\/p>\n","protected":false},"excerpt":{"rendered":"<p>H\u00e4r \u00e4r Kristdemokraterna i Sigtuna kommuns valsedel inf\u00f6r valet till Kommunfullm\u00e4ktige,\u00a0 klicka p\u00e5 valsedeln s\u00e5 blir den st\u00f6rre. Gl\u00f6m inte att r\u00f6sta den 11 september<\/p>\n","protected":false},"author":907,"featured_media":0,"parent":269,"menu_order":0,"comment_status":"closed","ping_status":"closed","template":"","meta":{"_acf_changed":false,"footnotes":""},"class_list":["post-668","page","type-page","status-publish","hentry"],"acf":[],"yoast_head":"<!-- This site is optimized with the Yoast SEO plugin v27.3 - https:\/\/yoast.com\/product\/yoast-seo-wordpress\/ -->\n<title>- Kristdemokraterna i Sigtuna<\/title>\n<meta name=\"robots\" content=\"index, follow, max-snippet:-1, max-image-preview:large, max-video-preview:-1\" \/>\n<link rel=\"canonical\" href=\"https:\/\/wp.kristdemokraterna.se\/sigtuna\/textsida-med-vanster-sidebar\/668-2\/\" \/>\n<meta property=\"og:locale\" content=\"sv_SE\" \/>\n<meta property=\"og:type\" content=\"article\" \/>\n<meta property=\"og:title\" content=\"- Kristdemokraterna i Sigtuna\" \/>\n<meta property=\"og:description\" content=\"H\u00e4r \u00e4r Kristdemokraterna i Sigtuna kommuns valsedel inf\u00f6r valet till Kommunfullm\u00e4ktige,\u00a0 klicka p\u00e5 valsedeln s\u00e5 blir den st\u00f6rre. Gl\u00f6m inte att r\u00f6sta den 11 september\" \/>\n<meta property=\"og:url\" content=\"https:\/\/wp.kristdemokraterna.se\/sigtuna\/textsida-med-vanster-sidebar\/668-2\/\" \/>\n<meta property=\"og:site_name\" content=\"Kristdemokraterna i Sigtuna\" \/>\n<meta property=\"article:modified_time\" content=\"2022-08-13T07:37:25+00:00\" \/>\n<meta property=\"og:image\" content=\"http:\/\/wp.kristdemokraterna.se\/sigtuna\/files\/2022\/08\/valsedel-kommunfullmaktige-223x300.jpg\" \/>\n<meta name=\"twitter:card\" content=\"summary_large_image\" \/>\n<meta name=\"twitter:label1\" content=\"Ber\u00e4knad l\u00e4stid\" \/>\n\t<meta name=\"twitter:data1\" content=\"1 minut\" \/>\n<script type=\"application\/ld+json\" class=\"yoast-schema-graph\">{\"@context\":\"https:\\\/\\\/schema.org\",\"@graph\":[{\"@type\":\"WebPage\",\"@id\":\"https:\\\/\\\/wp.kristdemokraterna.se\\\/sigtuna\\\/textsida-med-vanster-sidebar\\\/668-2\\\/\",\"url\":\"https:\\\/\\\/wp.kristdemokraterna.se\\\/sigtuna\\\/textsida-med-vanster-sidebar\\\/668-2\\\/\",\"name\":\"- Kristdemokraterna i Sigtuna\",\"isPartOf\":{\"@id\":\"https:\\\/\\\/wp.kristdemokraterna.se\\\/sigtuna\\\/#website\"},\"primaryImageOfPage\":{\"@id\":\"https:\\\/\\\/wp.kristdemokraterna.se\\\/sigtuna\\\/textsida-med-vanster-sidebar\\\/668-2\\\/#primaryimage\"},\"image\":{\"@id\":\"https:\\\/\\\/wp.kristdemokraterna.se\\\/sigtuna\\\/textsida-med-vanster-sidebar\\\/668-2\\\/#primaryimage\"},\"thumbnailUrl\":\"http:\\\/\\\/wp.kristdemokraterna.se\\\/sigtuna\\\/files\\\/2022\\\/08\\\/valsedel-kommunfullmaktige-223x300.jpg\",\"datePublished\":\"2022-08-13T07:18:07+00:00\",\"dateModified\":\"2022-08-13T07:37:25+00:00\",\"breadcrumb\":{\"@id\":\"https:\\\/\\\/wp.kristdemokraterna.se\\\/sigtuna\\\/textsida-med-vanster-sidebar\\\/668-2\\\/#breadcrumb\"},\"inLanguage\":\"sv-SE\",\"potentialAction\":[{\"@type\":\"ReadAction\",\"target\":[\"https:\\\/\\\/wp.kristdemokraterna.se\\\/sigtuna\\\/textsida-med-vanster-sidebar\\\/668-2\\\/\"]}]},{\"@type\":\"ImageObject\",\"inLanguage\":\"sv-SE\",\"@id\":\"https:\\\/\\\/wp.kristdemokraterna.se\\\/sigtuna\\\/textsida-med-vanster-sidebar\\\/668-2\\\/#primaryimage\",\"url\":\"http:\\\/\\\/wp.kristdemokraterna.se\\\/sigtuna\\\/files\\\/2022\\\/08\\\/valsedel-kommunfullmaktige-223x300.jpg\",\"contentUrl\":\"http:\\\/\\\/wp.kristdemokraterna.se\\\/sigtuna\\\/files\\\/2022\\\/08\\\/valsedel-kommunfullmaktige-223x300.jpg\"},{\"@type\":\"BreadcrumbList\",\"@id\":\"https:\\\/\\\/wp.kristdemokraterna.se\\\/sigtuna\\\/textsida-med-vanster-sidebar\\\/668-2\\\/#breadcrumb\",\"itemListElement\":[{\"@type\":\"ListItem\",\"position\":1,\"name\":\"Hem\",\"item\":\"https:\\\/\\\/wp.kristdemokraterna.se\\\/sigtuna\\\/\"},{\"@type\":\"ListItem\",\"position\":2,\"name\":\"V\u00e5r partiavdelning\",\"item\":\"https:\\\/\\\/wp.kristdemokraterna.se\\\/sigtuna\\\/textsida-med-vanster-sidebar\\\/\"}]},{\"@type\":\"WebSite\",\"@id\":\"https:\\\/\\\/wp.kristdemokraterna.se\\\/sigtuna\\\/#website\",\"url\":\"https:\\\/\\\/wp.kristdemokraterna.se\\\/sigtuna\\\/\",\"name\":\"Kristdemokraterna i Sigtuna\",\"description\":\"En till Kristdemokraterna webbplats\",\"inLanguage\":\"sv-SE\"}]}<\/script>\n<!-- \/ Yoast SEO plugin. -->","yoast_head_json":{"title":"- Kristdemokraterna i Sigtuna","robots":{"index":"index","follow":"follow","max-snippet":"max-snippet:-1","max-image-preview":"max-image-preview:large","max-video-preview":"max-video-preview:-1"},"canonical":"https:\/\/wp.kristdemokraterna.se\/sigtuna\/textsida-med-vanster-sidebar\/668-2\/","og_locale":"sv_SE","og_type":"article","og_title":"- Kristdemokraterna i Sigtuna","og_description":"H\u00e4r \u00e4r Kristdemokraterna i Sigtuna kommuns valsedel inf\u00f6r valet till Kommunfullm\u00e4ktige,\u00a0 klicka p\u00e5 valsedeln s\u00e5 blir den st\u00f6rre. Gl\u00f6m inte att r\u00f6sta den 11 september","og_url":"https:\/\/wp.kristdemokraterna.se\/sigtuna\/textsida-med-vanster-sidebar\/668-2\/","og_site_name":"Kristdemokraterna i Sigtuna","article_modified_time":"2022-08-13T07:37:25+00:00","og_image":[{"url":"http:\/\/wp.kristdemokraterna.se\/sigtuna\/files\/2022\/08\/valsedel-kommunfullmaktige-223x300.jpg","type":"","width":"","height":""}],"twitter_card":"summary_large_image","twitter_misc":{"Ber\u00e4knad l\u00e4stid":"1 minut"},"schema":{"@context":"https:\/\/schema.org","@graph":[{"@type":"WebPage","@id":"https:\/\/wp.kristdemokraterna.se\/sigtuna\/textsida-med-vanster-sidebar\/668-2\/","url":"https:\/\/wp.kristdemokraterna.se\/sigtuna\/textsida-med-vanster-sidebar\/668-2\/","name":"- Kristdemokraterna i Sigtuna","isPartOf":{"@id":"https:\/\/wp.kristdemokraterna.se\/sigtuna\/#website"},"primaryImageOfPage":{"@id":"https:\/\/wp.kristdemokraterna.se\/sigtuna\/textsida-med-vanster-sidebar\/668-2\/#primaryimage"},"image":{"@id":"https:\/\/wp.kristdemokraterna.se\/sigtuna\/textsida-med-vanster-sidebar\/668-2\/#primaryimage"},"thumbnailUrl":"http:\/\/wp.kristdemokraterna.se\/sigtuna\/files\/2022\/08\/valsedel-kommunfullmaktige-223x300.jpg","datePublished":"2022-08-13T07:18:07+00:00","dateModified":"2022-08-13T07:37:25+00:00","breadcrumb":{"@id":"https:\/\/wp.kristdemokraterna.se\/sigtuna\/textsida-med-vanster-sidebar\/668-2\/#breadcrumb"},"inLanguage":"sv-SE","potentialAction":[{"@type":"ReadAction","target":["https:\/\/wp.kristdemokraterna.se\/sigtuna\/textsida-med-vanster-sidebar\/668-2\/"]}]},{"@type":"ImageObject","inLanguage":"sv-SE","@id":"https:\/\/wp.kristdemokraterna.se\/sigtuna\/textsida-med-vanster-sidebar\/668-2\/#primaryimage","url":"http:\/\/wp.kristdemokraterna.se\/sigtuna\/files\/2022\/08\/valsedel-kommunfullmaktige-223x300.jpg","contentUrl":"http:\/\/wp.kristdemokraterna.se\/sigtuna\/files\/2022\/08\/valsedel-kommunfullmaktige-223x300.jpg"},{"@type":"BreadcrumbList","@id":"https:\/\/wp.kristdemokraterna.se\/sigtuna\/textsida-med-vanster-sidebar\/668-2\/#breadcrumb","itemListElement":[{"@type":"ListItem","position":1,"name":"Hem","item":"https:\/\/wp.kristdemokraterna.se\/sigtuna\/"},{"@type":"ListItem","position":2,"name":"V\u00e5r partiavdelning","item":"https:\/\/wp.kristdemokraterna.se\/sigtuna\/textsida-med-vanster-sidebar\/"}]},{"@type":"WebSite","@id":"https:\/\/wp.kristdemokraterna.se\/sigtuna\/#website","url":"https:\/\/wp.kristdemokraterna.se\/sigtuna\/","name":"Kristdemokraterna i Sigtuna","description":"En till Kristdemokraterna webbplats","inLanguage":"sv-SE"}]}},"_links":{"self":[{"href":"https:\/\/wp.kristdemokraterna.se\/sigtuna\/wp-json\/wp\/v2\/pages\/668","targetHints":{"allow":["GET"]}}],"collection":[{"href":"https:\/\/wp.kristdemokraterna.se\/sigtuna\/wp-json\/wp\/v2\/pages"}],"about":[{"href":"https:\/\/wp.kristdemokraterna.se\/sigtuna\/wp-json\/wp\/v2\/types\/page"}],"author":[{"embeddable":true,"href":"https:\/\/wp.kristdemokraterna.se\/sigtuna\/wp-json\/wp\/v2\/users\/907"}],"replies":[{"embeddable":true,"href":"https:\/\/wp.kristdemokraterna.se\/sigtuna\/wp-json\/wp\/v2\/comments?post=668"}],"version-history":[{"count":3,"href":"https:\/\/wp.kristdemokraterna.se\/sigtuna\/wp-json\/wp\/v2\/pages\/668\/revisions"}],"predecessor-version":[{"id":672,"href":"https:\/\/wp.kristdemokraterna.se\/sigtuna\/wp-json\/wp\/v2\/pages\/668\/revisions\/672"}],"up":[{"embeddable":true,"href":"https:\/\/wp.kristdemokraterna.se\/sigtuna\/wp-json\/wp\/v2\/pages\/269"}],"wp:attachment":[{"href":"https:\/\/wp.kristdemokraterna.se\/sigtuna\/wp-json\/wp\/v2\/media?parent=668"}],"curies":[{"name":"wp","href":"https:\/\/api.w.org\/{rel}","templated":true}]}}