{"id":726,"date":"2022-08-16T13:44:44","date_gmt":"2022-08-16T11:44:44","guid":{"rendered":"https:\/\/wp.kristdemokraterna.se\/sigtuna\/?page_id=726"},"modified":"2022-08-16T13:49:11","modified_gmt":"2022-08-16T11:49:11","slug":"politiken-ska-stodja-familjen-inte-styra-den","status":"publish","type":"page","link":"https:\/\/wp.kristdemokraterna.se\/sigtuna\/i-var-kommun\/politiken-ska-stodja-familjen-inte-styra-den\/","title":{"rendered":"Politiken ska st\u00f6dja familjen \u2013 inte styra den!"},"content":{"rendered":"<p><strong><a href=\"http:\/\/wp.kristdemokraterna.se\/sigtuna\/files\/2022\/08\/benjamin-manley-qkflfhjn1ka-unsplash-scaled.jpg\"><img loading=\"lazy\" decoding=\"async\" class=\"alignnone size-medium wp-image-729\" src=\"http:\/\/wp.kristdemokraterna.se\/sigtuna\/files\/2022\/08\/benjamin-manley-qkflfhjn1ka-unsplash-300x145.jpg\" alt=\"\" width=\"300\" height=\"145\" srcset=\"https:\/\/wp.kristdemokraterna.se\/sigtuna\/files\/2022\/08\/benjamin-manley-qkflfhjn1ka-unsplash-300x145.jpg 300w, https:\/\/wp.kristdemokraterna.se\/sigtuna\/files\/2022\/08\/benjamin-manley-qkflfhjn1ka-unsplash-1024x495.jpg 1024w, https:\/\/wp.kristdemokraterna.se\/sigtuna\/files\/2022\/08\/benjamin-manley-qkflfhjn1ka-unsplash-768x371.jpg 768w, https:\/\/wp.kristdemokraterna.se\/sigtuna\/files\/2022\/08\/benjamin-manley-qkflfhjn1ka-unsplash-1536x742.jpg 1536w, https:\/\/wp.kristdemokraterna.se\/sigtuna\/files\/2022\/08\/benjamin-manley-qkflfhjn1ka-unsplash-2048x989.jpg 2048w, https:\/\/wp.kristdemokraterna.se\/sigtuna\/files\/2022\/08\/benjamin-manley-qkflfhjn1ka-unsplash-370x179.jpg 370w, https:\/\/wp.kristdemokraterna.se\/sigtuna\/files\/2022\/08\/benjamin-manley-qkflfhjn1ka-unsplash-770x372.jpg 770w, https:\/\/wp.kristdemokraterna.se\/sigtuna\/files\/2022\/08\/benjamin-manley-qkflfhjn1ka-unsplash-450x217.jpg 450w, https:\/\/wp.kristdemokraterna.se\/sigtuna\/files\/2022\/08\/benjamin-manley-qkflfhjn1ka-unsplash-280x135.jpg 280w, https:\/\/wp.kristdemokraterna.se\/sigtuna\/files\/2022\/08\/benjamin-manley-qkflfhjn1ka-unsplash-340x164.jpg 340w, https:\/\/wp.kristdemokraterna.se\/sigtuna\/files\/2022\/08\/benjamin-manley-qkflfhjn1ka-unsplash-200x97.jpg 200w, https:\/\/wp.kristdemokraterna.se\/sigtuna\/files\/2022\/08\/benjamin-manley-qkflfhjn1ka-unsplash-116x56.jpg 116w\" sizes=\"auto, (max-width: 300px) 100vw, 300px\" \/><\/a><\/strong><\/p>\n<p><strong>Politiken ska st\u00f6dja \u2013 och inte styra \u2013 familjen. D\u00e4rf\u00f6r vill Kristdemokraterna i Sigtuna kommun \u00f6verl\u00e5ta mer makt \u00e5t f\u00f6r\u00e4ldrarna.<\/strong><\/p>\n<p><strong>\u2013 F\u00f6r\u00e4ldrar m\u00e5ste sj\u00e4lva kunna v\u00e4lja barnomsorg \u00e5t sina barn. Det \u00e4r ett beslut som m\u00e5ste landa vid k\u00f6ksbordet, inte i fullm\u00e4ktigesalen, s\u00e4ger Bengt Hellstr\u00f6m, Kristdemokraternas f\u00f6rstanamn till kommunfullm\u00e4ktige i Sigtuna kommun.<\/strong><\/p>\n<p>Familjen \u00e4r den viktigaste gemenskapen och den grund som samh\u00e4llet st\u00e5r p\u00e5. Barn som v\u00e4xer upp i trygga familjer f\u00e5r goda f\u00f6ruts\u00e4ttningar att klara livets utmaningar.<\/p>\n<p>\u2013 V\u00e5r uppgift som politiker \u00e4r d\u00e4rf\u00f6r att st\u00f6dja familjerna och ge dem goda f\u00f6ruts\u00e4ttningar \u2013 men inte att styra dem, s\u00e4ger Bengt Hellstr\u00f6m.<\/p>\n<p>Kristdemokraterna vill uppv\u00e4rdera f\u00f6r\u00e4ldraskapet, m\u00f6jligg\u00f6ra mer tid f\u00f6r barnen, \u00f6ka familjers handlingsutrymme, m\u00f6jligg\u00f6ra olika barnomsorgsformer samt st\u00e4rka barnfamiljers ekonomi.<\/p>\n<p>Att f\u00f6r\u00e4ldrar sj\u00e4lva ska kunna v\u00e4lja barnomsorg \u00e5t sina barn \u00e4r en hj\u00e4rtefr\u00e5ga f\u00f6r Kristdemokraterna.<\/p>\n<p>\u2013 F\u00f6r\u00e4ldrar m\u00e5ste sj\u00e4lva kunna v\u00e4lja barnomsorg \u00e5t sina barn. Det \u00e4r ett beslut som m\u00e5ste landa vid k\u00f6ksbordet, inte i fullm\u00e4ktigesalen, s\u00e4ger Bengt Hellstr\u00f6m.<\/p>\n<p>I h\u00f6stens val st\u00e5r vi inf\u00f6r ett familjepolitiskt v\u00e4gval d\u00e4r partier p\u00e5 hela den politiska skalan aktivt vill f\u00f6rsvaga familjens roll i samh\u00e4llet, medan Kristdemokraterna tv\u00e4rtom vill st\u00e4rka den.<\/p>\n<p>\u2013 Vi kommer alltid st\u00e5 p\u00e5 familjernas och f\u00f6r\u00e4ldrarnas sida. Att st\u00e4rka familjen och st\u00f6dja f\u00f6r\u00e4ldrar i deras f\u00f6r\u00e4ldraskap \u00e4r en klok investering f\u00f6r framtiden. D\u00e4rf\u00f6r kommer vi fortsatt strida f\u00f6r att bemyndiga f\u00f6r\u00e4ldrar och st\u00e4rka familjen, s\u00e4ger Bengt Hellstr\u00f6m.<\/p>\n<p><a href=\"https:\/\/kristdemokraterna.se\/var-politik\/politikomraden\/familj\"><strong>L\u00c4S MER: Kristdemokraternas familjepolitik<\/strong><\/a><\/p>\n<p>Kristdemokraterna har m\u00e5nga f\u00f6rslag som syftar till att st\u00e4rka familjen som samh\u00e4llets mest grundl\u00e4ggande gemenskap och ge f\u00f6r\u00e4ldrarna mer tid f\u00f6r barnen. L\u00e4s mer h\u00e4r om hur vi vill bidra till st\u00f6rre frihet och trygghet f\u00f6r landets familjer:<\/p>\n<p>&nbsp;<\/p>\n<p>&nbsp;<\/p>\n","protected":false},"excerpt":{"rendered":"<p>Politiken ska st\u00f6dja \u2013 och inte styra \u2013 familjen. D\u00e4rf\u00f6r vill Kristdemokraterna i Sigtuna kommun \u00f6verl\u00e5ta mer makt \u00e5t f\u00f6r\u00e4ldrarna. \u2013 F\u00f6r\u00e4ldrar m\u00e5ste sj\u00e4lva kunna v\u00e4lja barnomsorg \u00e5t sina barn. Det \u00e4r ett beslut som m\u00e5ste landa vid k\u00f6ksbordet, inte i fullm\u00e4ktigesalen, s\u00e4ger Bengt Hellstr\u00f6m, Kristdemokraternas f\u00f6rstanamn till kommunfullm\u00e4ktige i Sigtuna kommun. Familjen \u00e4r den <a class=\"read-more-link\" href=\"https:\/\/wp.kristdemokraterna.se\/sigtuna\/i-var-kommun\/politiken-ska-stodja-familjen-inte-styra-den\/\">L\u00e4s mer<\/a><\/p>\n","protected":false},"author":907,"featured_media":0,"parent":342,"menu_order":0,"comment_status":"closed","ping_status":"closed","template":"","meta":{"_acf_changed":false,"footnotes":""},"class_list":["post-726","page","type-page","status-publish","hentry"],"acf":[],"yoast_head":"<!-- This site is optimized with the Yoast SEO plugin v27.4 - https:\/\/yoast.com\/product\/yoast-seo-wordpress\/ -->\n<title>Politiken ska st\u00f6dja familjen \u2013 inte styra den! - Kristdemokraterna i Sigtuna<\/title>\n<meta name=\"robots\" content=\"index, follow, max-snippet:-1, max-image-preview:large, max-video-preview:-1\" \/>\n<link rel=\"canonical\" href=\"https:\/\/wp.kristdemokraterna.se\/sigtuna\/i-var-kommun\/politiken-ska-stodja-familjen-inte-styra-den\/\" \/>\n<meta property=\"og:locale\" content=\"sv_SE\" \/>\n<meta property=\"og:type\" content=\"article\" \/>\n<meta property=\"og:title\" content=\"Politiken ska st\u00f6dja familjen \u2013 inte styra den! - Kristdemokraterna i Sigtuna\" \/>\n<meta property=\"og:description\" content=\"Politiken ska st\u00f6dja \u2013 och inte styra \u2013 familjen. D\u00e4rf\u00f6r vill Kristdemokraterna i Sigtuna kommun \u00f6verl\u00e5ta mer makt \u00e5t f\u00f6r\u00e4ldrarna. \u2013 F\u00f6r\u00e4ldrar m\u00e5ste sj\u00e4lva kunna v\u00e4lja barnomsorg \u00e5t sina barn. Det \u00e4r ett beslut som m\u00e5ste landa vid k\u00f6ksbordet, inte i fullm\u00e4ktigesalen, s\u00e4ger Bengt Hellstr\u00f6m, Kristdemokraternas f\u00f6rstanamn till kommunfullm\u00e4ktige i Sigtuna kommun. Familjen \u00e4r den L\u00e4s mer\" \/>\n<meta property=\"og:url\" content=\"https:\/\/wp.kristdemokraterna.se\/sigtuna\/i-var-kommun\/politiken-ska-stodja-familjen-inte-styra-den\/\" \/>\n<meta property=\"og:site_name\" content=\"Kristdemokraterna i Sigtuna\" \/>\n<meta property=\"article:modified_time\" content=\"2022-08-16T11:49:11+00:00\" \/>\n<meta property=\"og:image\" content=\"http:\/\/wp.kristdemokraterna.se\/sigtuna\/files\/2022\/08\/benjamin-manley-qkflfhjn1ka-unsplash-300x145.jpg\" \/>\n<meta name=\"twitter:card\" content=\"summary_large_image\" \/>\n<meta name=\"twitter:label1\" content=\"Ber\u00e4knad l\u00e4stid\" \/>\n\t<meta name=\"twitter:data1\" content=\"2 minuter\" \/>\n<script type=\"application\/ld+json\" class=\"yoast-schema-graph\">{\"@context\":\"https:\\\/\\\/schema.org\",\"@graph\":[{\"@type\":\"WebPage\",\"@id\":\"https:\\\/\\\/wp.kristdemokraterna.se\\\/sigtuna\\\/i-var-kommun\\\/politiken-ska-stodja-familjen-inte-styra-den\\\/\",\"url\":\"https:\\\/\\\/wp.kristdemokraterna.se\\\/sigtuna\\\/i-var-kommun\\\/politiken-ska-stodja-familjen-inte-styra-den\\\/\",\"name\":\"Politiken ska st\u00f6dja familjen \u2013 inte styra den! - Kristdemokraterna i Sigtuna\",\"isPartOf\":{\"@id\":\"https:\\\/\\\/wp.kristdemokraterna.se\\\/sigtuna\\\/#website\"},\"primaryImageOfPage\":{\"@id\":\"https:\\\/\\\/wp.kristdemokraterna.se\\\/sigtuna\\\/i-var-kommun\\\/politiken-ska-stodja-familjen-inte-styra-den\\\/#primaryimage\"},\"image\":{\"@id\":\"https:\\\/\\\/wp.kristdemokraterna.se\\\/sigtuna\\\/i-var-kommun\\\/politiken-ska-stodja-familjen-inte-styra-den\\\/#primaryimage\"},\"thumbnailUrl\":\"http:\\\/\\\/wp.kristdemokraterna.se\\\/sigtuna\\\/files\\\/2022\\\/08\\\/benjamin-manley-qkflfhjn1ka-unsplash-300x145.jpg\",\"datePublished\":\"2022-08-16T11:44:44+00:00\",\"dateModified\":\"2022-08-16T11:49:11+00:00\",\"breadcrumb\":{\"@id\":\"https:\\\/\\\/wp.kristdemokraterna.se\\\/sigtuna\\\/i-var-kommun\\\/politiken-ska-stodja-familjen-inte-styra-den\\\/#breadcrumb\"},\"inLanguage\":\"sv-SE\",\"potentialAction\":[{\"@type\":\"ReadAction\",\"target\":[\"https:\\\/\\\/wp.kristdemokraterna.se\\\/sigtuna\\\/i-var-kommun\\\/politiken-ska-stodja-familjen-inte-styra-den\\\/\"]}]},{\"@type\":\"ImageObject\",\"inLanguage\":\"sv-SE\",\"@id\":\"https:\\\/\\\/wp.kristdemokraterna.se\\\/sigtuna\\\/i-var-kommun\\\/politiken-ska-stodja-familjen-inte-styra-den\\\/#primaryimage\",\"url\":\"http:\\\/\\\/wp.kristdemokraterna.se\\\/sigtuna\\\/files\\\/2022\\\/08\\\/benjamin-manley-qkflfhjn1ka-unsplash-300x145.jpg\",\"contentUrl\":\"http:\\\/\\\/wp.kristdemokraterna.se\\\/sigtuna\\\/files\\\/2022\\\/08\\\/benjamin-manley-qkflfhjn1ka-unsplash-300x145.jpg\"},{\"@type\":\"BreadcrumbList\",\"@id\":\"https:\\\/\\\/wp.kristdemokraterna.se\\\/sigtuna\\\/i-var-kommun\\\/politiken-ska-stodja-familjen-inte-styra-den\\\/#breadcrumb\",\"itemListElement\":[{\"@type\":\"ListItem\",\"position\":1,\"name\":\"Hem\",\"item\":\"https:\\\/\\\/wp.kristdemokraterna.se\\\/sigtuna\\\/\"},{\"@type\":\"ListItem\",\"position\":2,\"name\":\"Vad vill vi i v\u00e5r kommun\",\"item\":\"https:\\\/\\\/wp.kristdemokraterna.se\\\/sigtuna\\\/i-var-kommun\\\/\"},{\"@type\":\"ListItem\",\"position\":3,\"name\":\"Politiken ska st\u00f6dja familjen \u2013 inte styra den!\"}]},{\"@type\":\"WebSite\",\"@id\":\"https:\\\/\\\/wp.kristdemokraterna.se\\\/sigtuna\\\/#website\",\"url\":\"https:\\\/\\\/wp.kristdemokraterna.se\\\/sigtuna\\\/\",\"name\":\"Kristdemokraterna i Sigtuna\",\"description\":\"En till Kristdemokraterna webbplats\",\"inLanguage\":\"sv-SE\"}]}<\/script>\n<!-- \/ Yoast SEO plugin. -->","yoast_head_json":{"title":"Politiken ska st\u00f6dja familjen \u2013 inte styra den! - Kristdemokraterna i Sigtuna","robots":{"index":"index","follow":"follow","max-snippet":"max-snippet:-1","max-image-preview":"max-image-preview:large","max-video-preview":"max-video-preview:-1"},"canonical":"https:\/\/wp.kristdemokraterna.se\/sigtuna\/i-var-kommun\/politiken-ska-stodja-familjen-inte-styra-den\/","og_locale":"sv_SE","og_type":"article","og_title":"Politiken ska st\u00f6dja familjen \u2013 inte styra den! - Kristdemokraterna i Sigtuna","og_description":"Politiken ska st\u00f6dja \u2013 och inte styra \u2013 familjen. D\u00e4rf\u00f6r vill Kristdemokraterna i Sigtuna kommun \u00f6verl\u00e5ta mer makt \u00e5t f\u00f6r\u00e4ldrarna. \u2013 F\u00f6r\u00e4ldrar m\u00e5ste sj\u00e4lva kunna v\u00e4lja barnomsorg \u00e5t sina barn. Det \u00e4r ett beslut som m\u00e5ste landa vid k\u00f6ksbordet, inte i fullm\u00e4ktigesalen, s\u00e4ger Bengt Hellstr\u00f6m, Kristdemokraternas f\u00f6rstanamn till kommunfullm\u00e4ktige i Sigtuna kommun. Familjen \u00e4r den L\u00e4s mer","og_url":"https:\/\/wp.kristdemokraterna.se\/sigtuna\/i-var-kommun\/politiken-ska-stodja-familjen-inte-styra-den\/","og_site_name":"Kristdemokraterna i Sigtuna","article_modified_time":"2022-08-16T11:49:11+00:00","og_image":[{"url":"http:\/\/wp.kristdemokraterna.se\/sigtuna\/files\/2022\/08\/benjamin-manley-qkflfhjn1ka-unsplash-300x145.jpg","type":"","width":"","height":""}],"twitter_card":"summary_large_image","twitter_misc":{"Ber\u00e4knad l\u00e4stid":"2 minuter"},"schema":{"@context":"https:\/\/schema.org","@graph":[{"@type":"WebPage","@id":"https:\/\/wp.kristdemokraterna.se\/sigtuna\/i-var-kommun\/politiken-ska-stodja-familjen-inte-styra-den\/","url":"https:\/\/wp.kristdemokraterna.se\/sigtuna\/i-var-kommun\/politiken-ska-stodja-familjen-inte-styra-den\/","name":"Politiken ska st\u00f6dja familjen \u2013 inte styra den! - Kristdemokraterna i Sigtuna","isPartOf":{"@id":"https:\/\/wp.kristdemokraterna.se\/sigtuna\/#website"},"primaryImageOfPage":{"@id":"https:\/\/wp.kristdemokraterna.se\/sigtuna\/i-var-kommun\/politiken-ska-stodja-familjen-inte-styra-den\/#primaryimage"},"image":{"@id":"https:\/\/wp.kristdemokraterna.se\/sigtuna\/i-var-kommun\/politiken-ska-stodja-familjen-inte-styra-den\/#primaryimage"},"thumbnailUrl":"http:\/\/wp.kristdemokraterna.se\/sigtuna\/files\/2022\/08\/benjamin-manley-qkflfhjn1ka-unsplash-300x145.jpg","datePublished":"2022-08-16T11:44:44+00:00","dateModified":"2022-08-16T11:49:11+00:00","breadcrumb":{"@id":"https:\/\/wp.kristdemokraterna.se\/sigtuna\/i-var-kommun\/politiken-ska-stodja-familjen-inte-styra-den\/#breadcrumb"},"inLanguage":"sv-SE","potentialAction":[{"@type":"ReadAction","target":["https:\/\/wp.kristdemokraterna.se\/sigtuna\/i-var-kommun\/politiken-ska-stodja-familjen-inte-styra-den\/"]}]},{"@type":"ImageObject","inLanguage":"sv-SE","@id":"https:\/\/wp.kristdemokraterna.se\/sigtuna\/i-var-kommun\/politiken-ska-stodja-familjen-inte-styra-den\/#primaryimage","url":"http:\/\/wp.kristdemokraterna.se\/sigtuna\/files\/2022\/08\/benjamin-manley-qkflfhjn1ka-unsplash-300x145.jpg","contentUrl":"http:\/\/wp.kristdemokraterna.se\/sigtuna\/files\/2022\/08\/benjamin-manley-qkflfhjn1ka-unsplash-300x145.jpg"},{"@type":"BreadcrumbList","@id":"https:\/\/wp.kristdemokraterna.se\/sigtuna\/i-var-kommun\/politiken-ska-stodja-familjen-inte-styra-den\/#breadcrumb","itemListElement":[{"@type":"ListItem","position":1,"name":"Hem","item":"https:\/\/wp.kristdemokraterna.se\/sigtuna\/"},{"@type":"ListItem","position":2,"name":"Vad vill vi i v\u00e5r kommun","item":"https:\/\/wp.kristdemokraterna.se\/sigtuna\/i-var-kommun\/"},{"@type":"ListItem","position":3,"name":"Politiken ska st\u00f6dja familjen \u2013 inte styra den!"}]},{"@type":"WebSite","@id":"https:\/\/wp.kristdemokraterna.se\/sigtuna\/#website","url":"https:\/\/wp.kristdemokraterna.se\/sigtuna\/","name":"Kristdemokraterna i Sigtuna","description":"En till Kristdemokraterna webbplats","inLanguage":"sv-SE"}]}},"_links":{"self":[{"href":"https:\/\/wp.kristdemokraterna.se\/sigtuna\/wp-json\/wp\/v2\/pages\/726","targetHints":{"allow":["GET"]}}],"collection":[{"href":"https:\/\/wp.kristdemokraterna.se\/sigtuna\/wp-json\/wp\/v2\/pages"}],"about":[{"href":"https:\/\/wp.kristdemokraterna.se\/sigtuna\/wp-json\/wp\/v2\/types\/page"}],"author":[{"embeddable":true,"href":"https:\/\/wp.kristdemokraterna.se\/sigtuna\/wp-json\/wp\/v2\/users\/907"}],"replies":[{"embeddable":true,"href":"https:\/\/wp.kristdemokraterna.se\/sigtuna\/wp-json\/wp\/v2\/comments?post=726"}],"version-history":[{"count":3,"href":"https:\/\/wp.kristdemokraterna.se\/sigtuna\/wp-json\/wp\/v2\/pages\/726\/revisions"}],"predecessor-version":[{"id":730,"href":"https:\/\/wp.kristdemokraterna.se\/sigtuna\/wp-json\/wp\/v2\/pages\/726\/revisions\/730"}],"up":[{"embeddable":true,"href":"https:\/\/wp.kristdemokraterna.se\/sigtuna\/wp-json\/wp\/v2\/pages\/342"}],"wp:attachment":[{"href":"https:\/\/wp.kristdemokraterna.se\/sigtuna\/wp-json\/wp\/v2\/media?parent=726"}],"curies":[{"name":"wp","href":"https:\/\/api.w.org\/{rel}","templated":true}]}}