{"id":731,"date":"2022-08-16T13:54:11","date_gmt":"2022-08-16T11:54:11","guid":{"rendered":"https:\/\/wp.kristdemokraterna.se\/sigtuna\/?page_id=731"},"modified":"2022-08-16T13:55:14","modified_gmt":"2022-08-16T11:55:14","slug":"infor-fritidscheck-for-ungas-valmaende-och-allas-trygghet","status":"publish","type":"page","link":"https:\/\/wp.kristdemokraterna.se\/sigtuna\/i-var-kommun\/infor-fritidscheck-for-ungas-valmaende-och-allas-trygghet\/","title":{"rendered":"Inf\u00f6r fritidscheck \u2013 f\u00f6r ungas v\u00e4lm\u00e5ende och allas trygghet!"},"content":{"rendered":"<p><strong><a href=\"http:\/\/wp.kristdemokraterna.se\/sigtuna\/files\/2022\/08\/bild-fritidscheck-scaled.jpg\"><img loading=\"lazy\" decoding=\"async\" class=\"alignnone size-medium wp-image-678\" src=\"http:\/\/wp.kristdemokraterna.se\/sigtuna\/files\/2022\/08\/bild-fritidscheck-300x210.jpg\" alt=\"\" width=\"300\" height=\"210\" srcset=\"https:\/\/wp.kristdemokraterna.se\/sigtuna\/files\/2022\/08\/bild-fritidscheck-300x210.jpg 300w, https:\/\/wp.kristdemokraterna.se\/sigtuna\/files\/2022\/08\/bild-fritidscheck-1024x717.jpg 1024w, https:\/\/wp.kristdemokraterna.se\/sigtuna\/files\/2022\/08\/bild-fritidscheck-768x538.jpg 768w, https:\/\/wp.kristdemokraterna.se\/sigtuna\/files\/2022\/08\/bild-fritidscheck-1536x1075.jpg 1536w, https:\/\/wp.kristdemokraterna.se\/sigtuna\/files\/2022\/08\/bild-fritidscheck-2048x1434.jpg 2048w, https:\/\/wp.kristdemokraterna.se\/sigtuna\/files\/2022\/08\/bild-fritidscheck-286x200.jpg 286w, https:\/\/wp.kristdemokraterna.se\/sigtuna\/files\/2022\/08\/bild-fritidscheck-370x259.jpg 370w, https:\/\/wp.kristdemokraterna.se\/sigtuna\/files\/2022\/08\/bild-fritidscheck-770x539.jpg 770w, https:\/\/wp.kristdemokraterna.se\/sigtuna\/files\/2022\/08\/bild-fritidscheck-450x315.jpg 450w, https:\/\/wp.kristdemokraterna.se\/sigtuna\/files\/2022\/08\/bild-fritidscheck-280x196.jpg 280w, https:\/\/wp.kristdemokraterna.se\/sigtuna\/files\/2022\/08\/bild-fritidscheck-340x238.jpg 340w, https:\/\/wp.kristdemokraterna.se\/sigtuna\/files\/2022\/08\/bild-fritidscheck-200x140.jpg 200w, https:\/\/wp.kristdemokraterna.se\/sigtuna\/files\/2022\/08\/bild-fritidscheck-80x56.jpg 80w\" sizes=\"auto, (max-width: 300px) 100vw, 300px\" \/><\/a><\/strong><\/p>\n<p><strong>Kristdemokraterna vill inf\u00f6r en fritidscheck i Sigtuna kommun, som ska ge alla barn och unga i kommunen tillg\u00e5ng till det rika idrotts- och f\u00f6reningslivet. <\/strong><\/p>\n<p><strong>\u2013 Genom att ge alla barn och unga tillg\u00e5ng till en meningsfull fritid vill vi minska den psykiska oh\u00e4lsan, bryta destruktiva m\u00f6nster och \u00f6ka tryggheten f\u00f6r alla i Sigtuna kommun, s\u00e4ger Bengt Hellstr\u00f6m, f\u00f6rstanamn till kommunfullm\u00e4ktige f\u00f6r Kristdemokraterna i Sigtuna kommun.<\/strong><\/p>\n<p>Under den kommande mandatperioden vill Kristdemokraterna inf\u00f6ra en fritidscheck f\u00f6r barn och unga i Sigtuna kommun. Fritidschecken \u00e4r t\u00e4nkt att ge ett st\u00f6d p\u00e5 500 kronor per barn mellan 7 och 16 \u00e5r. Checken ska kunna anv\u00e4ndas som betalning f\u00f6r aktiviteter i anslutna f\u00f6reningar. F\u00f6r familjer med begr\u00e4nsad ekonomi kommer st\u00f6det betyda mycket.<\/p>\n<p>\u2013 Barn till f\u00f6r\u00e4ldrar som inte har r\u00e5d att betala aktiviteter hamnar ofta utanf\u00f6r i dag. Vi vill ge alla barn och ungdomar i Sigtuna kommun m\u00f6jlighet till en meningsfull fritid genom att st\u00e4rka familjernas ekonomiska m\u00f6jligheter, s\u00e4ger Bengt Hellstr\u00f6m.<\/p>\n<p>Redan i dag har Sigtuna kommun inf\u00f6rt en s\u00e5 kallad kulturcheck, men den g\u00e4ller enbart f\u00f6r aktiviteter inom kultursektorn. Genom att introducera en fritidscheck vill Kristdemokraterna nu ge barn och unga tillg\u00e5ng till aktiviteter \u00e4ven inom idrott och annat f\u00f6reningsliv.<\/p>\n<p>\u2013 Aktivitet och r\u00f6relse har positiva effekter p\u00e5 den psykiska h\u00e4lsan. Genom att ge fler barn och unga tillg\u00e5ng till kommunens rika f\u00f6reningsliv hoppas vi kunna bidra till ett b\u00e4ttre m\u00e5ende och bryta destruktiva m\u00f6nster tidigt, s\u00e4ger Bengt Hellstr\u00f6m.<\/p>\n<p>Modellen med fritidscheck kommer ursprungligen fr\u00e5n Island, d\u00e4r utfallet har varit v\u00e4ldigt positivt. I slutet av nittiotalet var missbruket bland unga p\u00e5 Island h\u00f6gst i Europa. 2012 var missbruket bland unga p\u00e5 Island i st\u00e4llet l\u00e4gst i Europa, visar en utredning som J\u00e4rf\u00e4lla kommun gjorde 2013. Fritidschecken var en viktig faktor i den positiva utvecklingen.<\/p>\n<p>\u2013 Alla problem l\u00f6ser vi f\u00f6rst\u00e5s inte med en fritidscheck. Men andras erfarenheter \u00e4r v\u00e4ldigt positiva. Vi vill d\u00e4rf\u00f6r utreda hur en liknande modell skulle kunna sj\u00f6s\u00e4ttas i Sigtuna kommun under kommande mandatperiod, s\u00e4ger Bengt Hellstr\u00f6m.<\/p>\n<p>Flera svenska kommuner har sedan tidigare lanserat en fritidscheck. Kristdemokraterna i Sigtuna kommun ser vinster b\u00e5de f\u00f6r den enskilde och f\u00f6r samh\u00e4llet med f\u00f6rslaget.<\/p>\n<p>\u2013 V\u00e5r f\u00f6rhoppning \u00e4r att fritidschecken ska bidra till att minska utanf\u00f6rskapet i kommunen och ha en positiv p\u00e5verkan p\u00e5 v\u00e5r gemensamma trygghet, s\u00e4ger Bengt Hellstr\u00f6m.<\/p>\n<p><strong>FAKTA: Fritidscheck i Sigtuna kommun<\/strong><\/p>\n<p>Barn och unga mellan 7 och 16 \u00e5r ska kunna f\u00e5 ett st\u00f6d p\u00e5 500 kronor till l\u00e4rarledda aktiviteter i anslutna f\u00f6reningar. Syftet med checken \u00e4r att ge barn och unga en meningsfull fritid, \u00f6ka v\u00e4lm\u00e5endet, bryta destruktiva m\u00f6nster och bidra till \u00f6kad trygghet f\u00f6r alla i Sigtuna kommun.<\/p>\n<p><a href=\"https:\/\/kristdemokraterna.se\/var-politik\/politikomraden\/familj\"><strong>L\u00c4S MER: Kristdemokraternas familjepolitik<\/strong><\/a><\/p>\n<p>Kristdemokraterna har m\u00e5nga f\u00f6rslag som syftar till att st\u00e4rka familjen som samh\u00e4llets mest grundl\u00e4ggande gemenskap och ge f\u00f6r\u00e4ldrarna mer tid f\u00f6r barnen. L\u00e4s mer h\u00e4r om hur vi vill bidra till st\u00f6rre frihet och trygghet f\u00f6r landets familjer:<\/p>\n<p><a href=\"https:\/\/wp.kristdemokraterna.se\/sigtuna\/i-var-kommun\/trygga-familjer-bygger-ett-tryggt-sigtuna\/\"><strong>L\u00c4S MER: Trygga familjer bygger ett tryggt Sigtuna!<\/strong><\/a><\/p>\n<p><strong>\u00a0<\/strong><\/p>\n<p>&nbsp;<\/p>\n","protected":false},"excerpt":{"rendered":"<p>Kristdemokraterna vill inf\u00f6r en fritidscheck i Sigtuna kommun, som ska ge alla barn och unga i kommunen tillg\u00e5ng till det rika idrotts- och f\u00f6reningslivet. \u2013 Genom att ge alla barn och unga tillg\u00e5ng till en meningsfull fritid vill vi minska den psykiska oh\u00e4lsan, bryta destruktiva m\u00f6nster och \u00f6ka tryggheten f\u00f6r alla i Sigtuna kommun, s\u00e4ger <a class=\"read-more-link\" href=\"https:\/\/wp.kristdemokraterna.se\/sigtuna\/i-var-kommun\/infor-fritidscheck-for-ungas-valmaende-och-allas-trygghet\/\">L\u00e4s mer<\/a><\/p>\n","protected":false},"author":907,"featured_media":0,"parent":342,"menu_order":0,"comment_status":"closed","ping_status":"closed","template":"","meta":{"_acf_changed":false,"footnotes":""},"class_list":["post-731","page","type-page","status-publish","hentry"],"acf":[],"yoast_head":"<!-- This site is optimized with the Yoast SEO plugin v27.3 - https:\/\/yoast.com\/product\/yoast-seo-wordpress\/ -->\n<title>Inf\u00f6r fritidscheck \u2013 f\u00f6r ungas v\u00e4lm\u00e5ende och allas trygghet! - Kristdemokraterna i Sigtuna<\/title>\n<meta name=\"robots\" content=\"index, follow, max-snippet:-1, max-image-preview:large, max-video-preview:-1\" \/>\n<link rel=\"canonical\" href=\"https:\/\/wp.kristdemokraterna.se\/sigtuna\/i-var-kommun\/infor-fritidscheck-for-ungas-valmaende-och-allas-trygghet\/\" \/>\n<meta property=\"og:locale\" content=\"sv_SE\" \/>\n<meta property=\"og:type\" content=\"article\" \/>\n<meta property=\"og:title\" content=\"Inf\u00f6r fritidscheck \u2013 f\u00f6r ungas v\u00e4lm\u00e5ende och allas trygghet! - Kristdemokraterna i Sigtuna\" \/>\n<meta property=\"og:description\" content=\"Kristdemokraterna vill inf\u00f6r en fritidscheck i Sigtuna kommun, som ska ge alla barn och unga i kommunen tillg\u00e5ng till det rika idrotts- och f\u00f6reningslivet. \u2013 Genom att ge alla barn och unga tillg\u00e5ng till en meningsfull fritid vill vi minska den psykiska oh\u00e4lsan, bryta destruktiva m\u00f6nster och \u00f6ka tryggheten f\u00f6r alla i Sigtuna kommun, s\u00e4ger L\u00e4s mer\" \/>\n<meta property=\"og:url\" content=\"https:\/\/wp.kristdemokraterna.se\/sigtuna\/i-var-kommun\/infor-fritidscheck-for-ungas-valmaende-och-allas-trygghet\/\" \/>\n<meta property=\"og:site_name\" content=\"Kristdemokraterna i Sigtuna\" \/>\n<meta property=\"article:modified_time\" content=\"2022-08-16T11:55:14+00:00\" \/>\n<meta property=\"og:image\" content=\"http:\/\/wp.kristdemokraterna.se\/sigtuna\/files\/2022\/08\/bild-fritidscheck-300x210.jpg\" \/>\n<meta name=\"twitter:card\" content=\"summary_large_image\" \/>\n<meta name=\"twitter:label1\" content=\"Ber\u00e4knad l\u00e4stid\" \/>\n\t<meta name=\"twitter:data1\" content=\"3 minuter\" \/>\n<script type=\"application\/ld+json\" class=\"yoast-schema-graph\">{\"@context\":\"https:\\\/\\\/schema.org\",\"@graph\":[{\"@type\":\"WebPage\",\"@id\":\"https:\\\/\\\/wp.kristdemokraterna.se\\\/sigtuna\\\/i-var-kommun\\\/infor-fritidscheck-for-ungas-valmaende-och-allas-trygghet\\\/\",\"url\":\"https:\\\/\\\/wp.kristdemokraterna.se\\\/sigtuna\\\/i-var-kommun\\\/infor-fritidscheck-for-ungas-valmaende-och-allas-trygghet\\\/\",\"name\":\"Inf\u00f6r fritidscheck \u2013 f\u00f6r ungas v\u00e4lm\u00e5ende och allas trygghet! - Kristdemokraterna i Sigtuna\",\"isPartOf\":{\"@id\":\"https:\\\/\\\/wp.kristdemokraterna.se\\\/sigtuna\\\/#website\"},\"primaryImageOfPage\":{\"@id\":\"https:\\\/\\\/wp.kristdemokraterna.se\\\/sigtuna\\\/i-var-kommun\\\/infor-fritidscheck-for-ungas-valmaende-och-allas-trygghet\\\/#primaryimage\"},\"image\":{\"@id\":\"https:\\\/\\\/wp.kristdemokraterna.se\\\/sigtuna\\\/i-var-kommun\\\/infor-fritidscheck-for-ungas-valmaende-och-allas-trygghet\\\/#primaryimage\"},\"thumbnailUrl\":\"http:\\\/\\\/wp.kristdemokraterna.se\\\/sigtuna\\\/files\\\/2022\\\/08\\\/bild-fritidscheck-300x210.jpg\",\"datePublished\":\"2022-08-16T11:54:11+00:00\",\"dateModified\":\"2022-08-16T11:55:14+00:00\",\"breadcrumb\":{\"@id\":\"https:\\\/\\\/wp.kristdemokraterna.se\\\/sigtuna\\\/i-var-kommun\\\/infor-fritidscheck-for-ungas-valmaende-och-allas-trygghet\\\/#breadcrumb\"},\"inLanguage\":\"sv-SE\",\"potentialAction\":[{\"@type\":\"ReadAction\",\"target\":[\"https:\\\/\\\/wp.kristdemokraterna.se\\\/sigtuna\\\/i-var-kommun\\\/infor-fritidscheck-for-ungas-valmaende-och-allas-trygghet\\\/\"]}]},{\"@type\":\"ImageObject\",\"inLanguage\":\"sv-SE\",\"@id\":\"https:\\\/\\\/wp.kristdemokraterna.se\\\/sigtuna\\\/i-var-kommun\\\/infor-fritidscheck-for-ungas-valmaende-och-allas-trygghet\\\/#primaryimage\",\"url\":\"http:\\\/\\\/wp.kristdemokraterna.se\\\/sigtuna\\\/files\\\/2022\\\/08\\\/bild-fritidscheck-300x210.jpg\",\"contentUrl\":\"http:\\\/\\\/wp.kristdemokraterna.se\\\/sigtuna\\\/files\\\/2022\\\/08\\\/bild-fritidscheck-300x210.jpg\"},{\"@type\":\"BreadcrumbList\",\"@id\":\"https:\\\/\\\/wp.kristdemokraterna.se\\\/sigtuna\\\/i-var-kommun\\\/infor-fritidscheck-for-ungas-valmaende-och-allas-trygghet\\\/#breadcrumb\",\"itemListElement\":[{\"@type\":\"ListItem\",\"position\":1,\"name\":\"Hem\",\"item\":\"https:\\\/\\\/wp.kristdemokraterna.se\\\/sigtuna\\\/\"},{\"@type\":\"ListItem\",\"position\":2,\"name\":\"Vad vill vi i v\u00e5r kommun\",\"item\":\"https:\\\/\\\/wp.kristdemokraterna.se\\\/sigtuna\\\/i-var-kommun\\\/\"},{\"@type\":\"ListItem\",\"position\":3,\"name\":\"Inf\u00f6r fritidscheck \u2013 f\u00f6r ungas v\u00e4lm\u00e5ende och allas trygghet!\"}]},{\"@type\":\"WebSite\",\"@id\":\"https:\\\/\\\/wp.kristdemokraterna.se\\\/sigtuna\\\/#website\",\"url\":\"https:\\\/\\\/wp.kristdemokraterna.se\\\/sigtuna\\\/\",\"name\":\"Kristdemokraterna i Sigtuna\",\"description\":\"En till Kristdemokraterna webbplats\",\"inLanguage\":\"sv-SE\"}]}<\/script>\n<!-- \/ Yoast SEO plugin. -->","yoast_head_json":{"title":"Inf\u00f6r fritidscheck \u2013 f\u00f6r ungas v\u00e4lm\u00e5ende och allas trygghet! - Kristdemokraterna i Sigtuna","robots":{"index":"index","follow":"follow","max-snippet":"max-snippet:-1","max-image-preview":"max-image-preview:large","max-video-preview":"max-video-preview:-1"},"canonical":"https:\/\/wp.kristdemokraterna.se\/sigtuna\/i-var-kommun\/infor-fritidscheck-for-ungas-valmaende-och-allas-trygghet\/","og_locale":"sv_SE","og_type":"article","og_title":"Inf\u00f6r fritidscheck \u2013 f\u00f6r ungas v\u00e4lm\u00e5ende och allas trygghet! - Kristdemokraterna i Sigtuna","og_description":"Kristdemokraterna vill inf\u00f6r en fritidscheck i Sigtuna kommun, som ska ge alla barn och unga i kommunen tillg\u00e5ng till det rika idrotts- och f\u00f6reningslivet. \u2013 Genom att ge alla barn och unga tillg\u00e5ng till en meningsfull fritid vill vi minska den psykiska oh\u00e4lsan, bryta destruktiva m\u00f6nster och \u00f6ka tryggheten f\u00f6r alla i Sigtuna kommun, s\u00e4ger L\u00e4s mer","og_url":"https:\/\/wp.kristdemokraterna.se\/sigtuna\/i-var-kommun\/infor-fritidscheck-for-ungas-valmaende-och-allas-trygghet\/","og_site_name":"Kristdemokraterna i Sigtuna","article_modified_time":"2022-08-16T11:55:14+00:00","og_image":[{"url":"http:\/\/wp.kristdemokraterna.se\/sigtuna\/files\/2022\/08\/bild-fritidscheck-300x210.jpg","type":"","width":"","height":""}],"twitter_card":"summary_large_image","twitter_misc":{"Ber\u00e4knad l\u00e4stid":"3 minuter"},"schema":{"@context":"https:\/\/schema.org","@graph":[{"@type":"WebPage","@id":"https:\/\/wp.kristdemokraterna.se\/sigtuna\/i-var-kommun\/infor-fritidscheck-for-ungas-valmaende-och-allas-trygghet\/","url":"https:\/\/wp.kristdemokraterna.se\/sigtuna\/i-var-kommun\/infor-fritidscheck-for-ungas-valmaende-och-allas-trygghet\/","name":"Inf\u00f6r fritidscheck \u2013 f\u00f6r ungas v\u00e4lm\u00e5ende och allas trygghet! - Kristdemokraterna i Sigtuna","isPartOf":{"@id":"https:\/\/wp.kristdemokraterna.se\/sigtuna\/#website"},"primaryImageOfPage":{"@id":"https:\/\/wp.kristdemokraterna.se\/sigtuna\/i-var-kommun\/infor-fritidscheck-for-ungas-valmaende-och-allas-trygghet\/#primaryimage"},"image":{"@id":"https:\/\/wp.kristdemokraterna.se\/sigtuna\/i-var-kommun\/infor-fritidscheck-for-ungas-valmaende-och-allas-trygghet\/#primaryimage"},"thumbnailUrl":"http:\/\/wp.kristdemokraterna.se\/sigtuna\/files\/2022\/08\/bild-fritidscheck-300x210.jpg","datePublished":"2022-08-16T11:54:11+00:00","dateModified":"2022-08-16T11:55:14+00:00","breadcrumb":{"@id":"https:\/\/wp.kristdemokraterna.se\/sigtuna\/i-var-kommun\/infor-fritidscheck-for-ungas-valmaende-och-allas-trygghet\/#breadcrumb"},"inLanguage":"sv-SE","potentialAction":[{"@type":"ReadAction","target":["https:\/\/wp.kristdemokraterna.se\/sigtuna\/i-var-kommun\/infor-fritidscheck-for-ungas-valmaende-och-allas-trygghet\/"]}]},{"@type":"ImageObject","inLanguage":"sv-SE","@id":"https:\/\/wp.kristdemokraterna.se\/sigtuna\/i-var-kommun\/infor-fritidscheck-for-ungas-valmaende-och-allas-trygghet\/#primaryimage","url":"http:\/\/wp.kristdemokraterna.se\/sigtuna\/files\/2022\/08\/bild-fritidscheck-300x210.jpg","contentUrl":"http:\/\/wp.kristdemokraterna.se\/sigtuna\/files\/2022\/08\/bild-fritidscheck-300x210.jpg"},{"@type":"BreadcrumbList","@id":"https:\/\/wp.kristdemokraterna.se\/sigtuna\/i-var-kommun\/infor-fritidscheck-for-ungas-valmaende-och-allas-trygghet\/#breadcrumb","itemListElement":[{"@type":"ListItem","position":1,"name":"Hem","item":"https:\/\/wp.kristdemokraterna.se\/sigtuna\/"},{"@type":"ListItem","position":2,"name":"Vad vill vi i v\u00e5r kommun","item":"https:\/\/wp.kristdemokraterna.se\/sigtuna\/i-var-kommun\/"},{"@type":"ListItem","position":3,"name":"Inf\u00f6r fritidscheck \u2013 f\u00f6r ungas v\u00e4lm\u00e5ende och allas trygghet!"}]},{"@type":"WebSite","@id":"https:\/\/wp.kristdemokraterna.se\/sigtuna\/#website","url":"https:\/\/wp.kristdemokraterna.se\/sigtuna\/","name":"Kristdemokraterna i Sigtuna","description":"En till Kristdemokraterna webbplats","inLanguage":"sv-SE"}]}},"_links":{"self":[{"href":"https:\/\/wp.kristdemokraterna.se\/sigtuna\/wp-json\/wp\/v2\/pages\/731","targetHints":{"allow":["GET"]}}],"collection":[{"href":"https:\/\/wp.kristdemokraterna.se\/sigtuna\/wp-json\/wp\/v2\/pages"}],"about":[{"href":"https:\/\/wp.kristdemokraterna.se\/sigtuna\/wp-json\/wp\/v2\/types\/page"}],"author":[{"embeddable":true,"href":"https:\/\/wp.kristdemokraterna.se\/sigtuna\/wp-json\/wp\/v2\/users\/907"}],"replies":[{"embeddable":true,"href":"https:\/\/wp.kristdemokraterna.se\/sigtuna\/wp-json\/wp\/v2\/comments?post=731"}],"version-history":[{"count":2,"href":"https:\/\/wp.kristdemokraterna.se\/sigtuna\/wp-json\/wp\/v2\/pages\/731\/revisions"}],"predecessor-version":[{"id":733,"href":"https:\/\/wp.kristdemokraterna.se\/sigtuna\/wp-json\/wp\/v2\/pages\/731\/revisions\/733"}],"up":[{"embeddable":true,"href":"https:\/\/wp.kristdemokraterna.se\/sigtuna\/wp-json\/wp\/v2\/pages\/342"}],"wp:attachment":[{"href":"https:\/\/wp.kristdemokraterna.se\/sigtuna\/wp-json\/wp\/v2\/media?parent=731"}],"curies":[{"name":"wp","href":"https:\/\/api.w.org\/{rel}","templated":true}]}}