{"id":373,"date":"2017-12-04T16:47:18","date_gmt":"2017-12-04T15:47:18","guid":{"rendered":"http:\/\/wp.kristdemokraterna.se\/simrishamn\/?page_id=373"},"modified":"2026-03-28T11:15:49","modified_gmt":"2026-03-28T10:15:49","slug":"var-politik-i-kommunen","status":"publish","type":"page","link":"https:\/\/wp.kristdemokraterna.se\/simrishamn\/var-politik-i-kommunen\/","title":{"rendered":"V\u00e5r politik i kommunen"},"content":{"rendered":"<p><a href=\"http:\/\/wp.kristdemokraterna.se\/simrishamn\/files\/2022\/08\/bild-till-hemsidan-med-regionradet-1-e1774420938998.png\"><img loading=\"lazy\" decoding=\"async\" class=\"alignnone size-medium wp-image-772\" src=\"http:\/\/wp.kristdemokraterna.se\/simrishamn\/files\/2022\/08\/bild-till-hemsidan-med-regionradet-1-e1774420938998-300x277.png\" alt=\"\" width=\"300\" height=\"277\" srcset=\"https:\/\/wp.kristdemokraterna.se\/simrishamn\/files\/2022\/08\/bild-till-hemsidan-med-regionradet-1-e1774420938998-300x277.png 300w, https:\/\/wp.kristdemokraterna.se\/simrishamn\/files\/2022\/08\/bild-till-hemsidan-med-regionradet-1-e1774420938998-217x200.png 217w, https:\/\/wp.kristdemokraterna.se\/simrishamn\/files\/2022\/08\/bild-till-hemsidan-med-regionradet-1-e1774420938998-370x342.png 370w, https:\/\/wp.kristdemokraterna.se\/simrishamn\/files\/2022\/08\/bild-till-hemsidan-med-regionradet-1-e1774420938998-450x416.png 450w, https:\/\/wp.kristdemokraterna.se\/simrishamn\/files\/2022\/08\/bild-till-hemsidan-med-regionradet-1-e1774420938998-280x259.png 280w, https:\/\/wp.kristdemokraterna.se\/simrishamn\/files\/2022\/08\/bild-till-hemsidan-med-regionradet-1-e1774420938998-340x314.png 340w, https:\/\/wp.kristdemokraterna.se\/simrishamn\/files\/2022\/08\/bild-till-hemsidan-med-regionradet-1-e1774420938998-200x185.png 200w, https:\/\/wp.kristdemokraterna.se\/simrishamn\/files\/2022\/08\/bild-till-hemsidan-med-regionradet-1-e1774420938998-61x56.png 61w, https:\/\/wp.kristdemokraterna.se\/simrishamn\/files\/2022\/08\/bild-till-hemsidan-med-regionradet-1-e1774420938998.png 535w\" sizes=\"auto, (max-width: 300px) 100vw, 300px\" \/><\/a><\/p>\n<p>Kommunens toppolitiker Paul Frogner Kockum och Anne-Li Roshagen<\/p>\n<p>tillsammans med Regionr\u00e5det Per Einarsson.<\/p>\n<p><a href=\"http:\/\/wp.kristdemokraterna.se\/simrishamn\/files\/2019\/06\/starkare_banner.png\"><img loading=\"lazy\" decoding=\"async\" class=\"alignnone size-medium wp-image-487\" src=\"http:\/\/wp.kristdemokraterna.se\/simrishamn\/files\/2019\/06\/starkare_banner-300x74.png\" alt=\"\" width=\"300\" height=\"74\" srcset=\"https:\/\/wp.kristdemokraterna.se\/simrishamn\/files\/2019\/06\/starkare_banner-300x74.png 300w, https:\/\/wp.kristdemokraterna.se\/simrishamn\/files\/2019\/06\/starkare_banner-768x188.png 768w, https:\/\/wp.kristdemokraterna.se\/simrishamn\/files\/2019\/06\/starkare_banner-1024x251.png 1024w, https:\/\/wp.kristdemokraterna.se\/simrishamn\/files\/2019\/06\/starkare_banner-370x91.png 370w, https:\/\/wp.kristdemokraterna.se\/simrishamn\/files\/2019\/06\/starkare_banner-770x189.png 770w, https:\/\/wp.kristdemokraterna.se\/simrishamn\/files\/2019\/06\/starkare_banner-450x110.png 450w, https:\/\/wp.kristdemokraterna.se\/simrishamn\/files\/2019\/06\/starkare_banner-280x69.png 280w, https:\/\/wp.kristdemokraterna.se\/simrishamn\/files\/2019\/06\/starkare_banner-340x83.png 340w, https:\/\/wp.kristdemokraterna.se\/simrishamn\/files\/2019\/06\/starkare_banner-200x49.png 200w, https:\/\/wp.kristdemokraterna.se\/simrishamn\/files\/2019\/06\/starkare_banner-229x56.png 229w, https:\/\/wp.kristdemokraterna.se\/simrishamn\/files\/2019\/06\/starkare_banner.png 2000w\" sizes=\"auto, (max-width: 300px) 100vw, 300px\" \/><\/a><\/p>\n<p><strong>B\u00e4ttre f\u00f6r barn och familjer<\/strong><br \/>\nTrygga familjer ger barn goda f\u00f6ruts\u00e4ttningar att klara livets olika utmaningar.\u00a0KD i Simrishamns kommun vill f\u00f6rb\u00e4ttra f\u00f6r barnfamiljerna genom att verka f\u00f6r<br \/>\n\u2022 levande byar med skola och omsorg<br \/>\n\u2022 att underl\u00e4tta etablering av friskola i Kivik<br \/>\n\u2022 f\u00f6rskola och fritids i alla byar<br \/>\n\u2022 sm\u00e5 grupper i f\u00f6rskola och fritids<\/p>\n<p><a href=\"http:\/\/wp.kristdemokraterna.se\/simrishamn\/files\/2022\/07\/nova-gymnasium-logo.png\"><img loading=\"lazy\" decoding=\"async\" class=\"alignnone wp-image-757\" src=\"http:\/\/wp.kristdemokraterna.se\/simrishamn\/files\/2022\/07\/nova-gymnasium-logo-300x169.png\" alt=\"\" width=\"270\" height=\"152\" srcset=\"https:\/\/wp.kristdemokraterna.se\/simrishamn\/files\/2022\/07\/nova-gymnasium-logo-300x169.png 300w, https:\/\/wp.kristdemokraterna.se\/simrishamn\/files\/2022\/07\/nova-gymnasium-logo-1024x576.png 1024w, https:\/\/wp.kristdemokraterna.se\/simrishamn\/files\/2022\/07\/nova-gymnasium-logo-768x432.png 768w, https:\/\/wp.kristdemokraterna.se\/simrishamn\/files\/2022\/07\/nova-gymnasium-logo-1536x864.png 1536w, https:\/\/wp.kristdemokraterna.se\/simrishamn\/files\/2022\/07\/nova-gymnasium-logo-356x200.png 356w, https:\/\/wp.kristdemokraterna.se\/simrishamn\/files\/2022\/07\/nova-gymnasium-logo-370x208.png 370w, https:\/\/wp.kristdemokraterna.se\/simrishamn\/files\/2022\/07\/nova-gymnasium-logo-770x433.png 770w, https:\/\/wp.kristdemokraterna.se\/simrishamn\/files\/2022\/07\/nova-gymnasium-logo-450x253.png 450w, https:\/\/wp.kristdemokraterna.se\/simrishamn\/files\/2022\/07\/nova-gymnasium-logo-280x158.png 280w, https:\/\/wp.kristdemokraterna.se\/simrishamn\/files\/2022\/07\/nova-gymnasium-logo-340x191.png 340w, https:\/\/wp.kristdemokraterna.se\/simrishamn\/files\/2022\/07\/nova-gymnasium-logo-200x113.png 200w, https:\/\/wp.kristdemokraterna.se\/simrishamn\/files\/2022\/07\/nova-gymnasium-logo-100x56.png 100w, https:\/\/wp.kristdemokraterna.se\/simrishamn\/files\/2022\/07\/nova-gymnasium-logo.png 1920w\" sizes=\"auto, (max-width: 270px) 100vw, 270px\" \/><\/a> <a href=\"http:\/\/wp.kristdemokraterna.se\/simrishamn\/files\/2022\/07\/nova-header-kommunen-1-1920x1080-1.png\"><img loading=\"lazy\" decoding=\"async\" class=\"alignnone wp-image-758\" src=\"http:\/\/wp.kristdemokraterna.se\/simrishamn\/files\/2022\/07\/nova-header-kommunen-1-1920x1080-1-300x169.png\" alt=\"\" width=\"272\" height=\"153\" srcset=\"https:\/\/wp.kristdemokraterna.se\/simrishamn\/files\/2022\/07\/nova-header-kommunen-1-1920x1080-1-300x169.png 300w, https:\/\/wp.kristdemokraterna.se\/simrishamn\/files\/2022\/07\/nova-header-kommunen-1-1920x1080-1-1024x576.png 1024w, https:\/\/wp.kristdemokraterna.se\/simrishamn\/files\/2022\/07\/nova-header-kommunen-1-1920x1080-1-768x432.png 768w, https:\/\/wp.kristdemokraterna.se\/simrishamn\/files\/2022\/07\/nova-header-kommunen-1-1920x1080-1-1536x864.png 1536w, https:\/\/wp.kristdemokraterna.se\/simrishamn\/files\/2022\/07\/nova-header-kommunen-1-1920x1080-1-356x200.png 356w, https:\/\/wp.kristdemokraterna.se\/simrishamn\/files\/2022\/07\/nova-header-kommunen-1-1920x1080-1-370x208.png 370w, https:\/\/wp.kristdemokraterna.se\/simrishamn\/files\/2022\/07\/nova-header-kommunen-1-1920x1080-1-770x433.png 770w, https:\/\/wp.kristdemokraterna.se\/simrishamn\/files\/2022\/07\/nova-header-kommunen-1-1920x1080-1-450x253.png 450w, https:\/\/wp.kristdemokraterna.se\/simrishamn\/files\/2022\/07\/nova-header-kommunen-1-1920x1080-1-280x158.png 280w, https:\/\/wp.kristdemokraterna.se\/simrishamn\/files\/2022\/07\/nova-header-kommunen-1-1920x1080-1-340x191.png 340w, https:\/\/wp.kristdemokraterna.se\/simrishamn\/files\/2022\/07\/nova-header-kommunen-1-1920x1080-1-200x113.png 200w, https:\/\/wp.kristdemokraterna.se\/simrishamn\/files\/2022\/07\/nova-header-kommunen-1-1920x1080-1-100x56.png 100w, https:\/\/wp.kristdemokraterna.se\/simrishamn\/files\/2022\/07\/nova-header-kommunen-1-1920x1080-1.png 1920w\" sizes=\"auto, (max-width: 272px) 100vw, 272px\" \/><\/a><\/p>\n<p><strong>B\u00e4ttre f\u00f6r ungdomar<\/strong><\/p>\n<p>F\u00f6r att beh\u00e5lla ungdomarna i Simrishamn beh\u00f6ver gymnasieskolan h\u00e5lla en mycket h\u00f6g kvalitet, fast ungdomarna beh\u00f6ver \u00e4ven en meningsfull fritid utanf\u00f6r skolan. KD i Simrishamns kommun vill i ett f\u00f6rsta steg f\u00f6rb\u00e4ttra f\u00f6r ungdomar genom att:<\/p>\n<ul>\n<li>samla gymnasieskolan i gamla \u00d6sterlen gymnasiets lokaler p\u00e5 Friaborg<\/li>\n<li>d\u00f6pa om \u00d6sterlengymnasiet till &#8221;Campus \u00d6sterlen&#8221;.<\/li>\n<\/ul>\n<p class=\"zfr3Q CDt4Ke \" dir=\"ltr\"><span class=\"C9DxTc \">\u00a0Gymnasieskolan h\u00f6r hemma vid de gamla lokalerna vid Friaborg. Det \u00e4r den mest praktiska, gemenskapsfr\u00e4mjande och framtidss\u00e4kra l\u00f6sningen. <\/span><span class=\"C9DxTc \">D\u00e4r finns redan lokaler som \u00e4r anpassade f\u00f6r undervisning samt d\u00e4r finns idrottsanl\u00e4ggningarna. Med andra ord s\u00e5 uppfyller de alla kriterier f\u00f6r ett campusomr\u00e5de. Genom att samla hela gymnasieverksamheten i en och samma byggnad skapar vi en skola d\u00e4r eleverna faktiskt kan tr\u00e4ffas, inte bara sina egna klasskamrater utan alla som g\u00e5r p\u00e5 gymnasiet och d\u00e4r de kan idrotta tillsammans b\u00e5de under skoltid och efter skolan..<\/span><\/p>\n<p class=\"zfr3Q CDt4Ke \" dir=\"ltr\"><span class=\"C9DxTc \">I dag \u00e4r undervisningen utspridd p\u00e5 flera platser. Elever tvingas g\u00e5 mellan olika byggnader, vilket \u00e4r s\u00e4rskilt p\u00e5frestande under vinterhalv\u00e5ret. Dessutom inneb\u00e4r spridningen att man knappt m\u00f6ter elever fr\u00e5n andra program. Det blir sv\u00e5rt att bygga v\u00e4nskapsrelationer och den naturliga gemenskapen uteblir.<\/span><\/p>\n<p class=\"zfr3Q CDt4Ke \" dir=\"ltr\"><span class=\"C9DxTc \">I \u00d6sterlensgymnasiet gamla lokaler finns redan en skolmatsal samt idrottsanl\u00e4ggningar. Det betyder att eleverna kan \u00e4ta tillsammans, i st\u00e4llet f\u00f6r att vara utspridda p\u00e5 stan med matkort. Det inneb\u00e4r \u00e4ven att eleverna kan f\u00e5 den motion de beh\u00f6ver. Kiosken i byggnaden kan dessutom anv\u00e4ndas f\u00f6r som Caf\u00e9 och blir p\u00e5 s\u00e5 vis en naturlig samlingspunkt. En samlad skola g\u00f6r det ocks\u00e5 enklare att organisera elevh\u00e4lsa, fritidsaktiviteter och l\u00e4rarsamverkan.<\/span><\/p>\n<p class=\"zfr3Q CDt4Ke \" dir=\"ltr\"><span class=\"C9DxTc \">Vi ser g\u00e4rna att man forts\u00e4tter bedriva delar av undervisningen som tex labbverksamhet f\u00f6r de Naturvetenskapliga \u00e4mnena\u00a0 i Marint centrum. Det kan enkelt l\u00f6sas genom att ut\u00f6ka bussen Snurringen linje s\u00e5 att eleverna snabbt och tryggt kan ta sig fram och tillbaka.<\/span><\/p>\n<p><a href=\"http:\/\/wp.kristdemokraterna.se\/simrishamn\/files\/2014\/04\/jordbruk_ej_logga.jpg\"><img loading=\"lazy\" decoding=\"async\" class=\"alignnone wp-image-196\" src=\"http:\/\/wp.kristdemokraterna.se\/simrishamn\/files\/2014\/04\/jordbruk_ej_logga-300x164.jpg\" alt=\"\" width=\"308\" height=\"169\" srcset=\"https:\/\/wp.kristdemokraterna.se\/simrishamn\/files\/2014\/04\/jordbruk_ej_logga-300x164.jpg 300w, https:\/\/wp.kristdemokraterna.se\/simrishamn\/files\/2014\/04\/jordbruk_ej_logga.jpg 478w\" sizes=\"auto, (max-width: 308px) 100vw, 308px\" \/><\/a><\/p>\n<p><strong>Vi vill v\u00e4rna om milj\u00f6n<\/strong><\/p>\n<p>KD i Simrishamns kommun har tidigare varit drivande i att arbetet med att:<\/p>\n<ul>\n<li>klimatanpassa kommunen med dess kustomr\u00e5den till kommande havsniv\u00e5h\u00f6jningar samt \u00e4ven \u00f6vrig mark inf\u00f6r ett f\u00f6r\u00e4ndrat klimat med en eventuell \u00f6kad nederb\u00f6rd i framtiden.<\/li>\n<li>begr\u00e4nsa byggnation i v\u00e5ra kustomr\u00e5den f\u00f6r att inte f\u00e5 skador p\u00e5 egendom samt problem med vatten och avlopp vid kommande havsniv\u00e5h\u00f6jningar<\/li>\n<li>satsar p\u00e5 solpaneler p\u00e5 m\u00e5nga av kommunens byggnader<\/li>\n<li>vi har bytt ut gammal armatur s\u00e5 att vi f\u00e5r allt fler ledlampor som drar mindre energi.<\/li>\n<li>samt vi vill \u00e4ven odla upp s\u00e5 mycket av v\u00e5r matjord som m\u00f6jligt genom att bevara befintlig och\u00a0 \u00e5kermark fr\u00e5n att bebyggas (med undantag f\u00f6r \u00e5kermark inom byarna).<\/li>\n<li>laga v\u00e5ra avloppsledningar f\u00f6r att f\u00f6rhindra b\u00e5de l\u00e4ckage och intr\u00e4ngning av dagvatten s\u00e5 att v\u00e5ra reningsverk slipper bredda.<\/li>\n<li>utveckla v\u00e5ra reningsverk s\u00e5 att dessa bryter ner l\u00e4kemedelsrester.<\/li>\n<\/ul>\n<p>Vi har \u00e4ven bidragit till att ta bort bygglovsplikten p\u00e5 installation av solpaneler s\u00e5 att b\u00e5de f\u00f6retag och privatpersoner ska kunna bli allt mer sj\u00e4lvf\u00f6rs\u00f6rjande p\u00e5 el samt f\u00f6r att g\u00f6ra kommunen mindre s\u00e5rbar f\u00f6r elavbrott.<\/p>\n<p><a href=\"http:\/\/wp.kristdemokraterna.se\/simrishamn\/files\/2019\/06\/garanten_banner3.png\"><img loading=\"lazy\" decoding=\"async\" class=\"alignnone size-medium wp-image-497\" src=\"http:\/\/wp.kristdemokraterna.se\/simrishamn\/files\/2019\/06\/garanten_banner3-300x74.png\" alt=\"\" width=\"300\" height=\"74\" srcset=\"https:\/\/wp.kristdemokraterna.se\/simrishamn\/files\/2019\/06\/garanten_banner3-300x74.png 300w, https:\/\/wp.kristdemokraterna.se\/simrishamn\/files\/2019\/06\/garanten_banner3-768x188.png 768w, https:\/\/wp.kristdemokraterna.se\/simrishamn\/files\/2019\/06\/garanten_banner3-1024x251.png 1024w, https:\/\/wp.kristdemokraterna.se\/simrishamn\/files\/2019\/06\/garanten_banner3-370x91.png 370w, https:\/\/wp.kristdemokraterna.se\/simrishamn\/files\/2019\/06\/garanten_banner3-770x189.png 770w, https:\/\/wp.kristdemokraterna.se\/simrishamn\/files\/2019\/06\/garanten_banner3-450x110.png 450w, https:\/\/wp.kristdemokraterna.se\/simrishamn\/files\/2019\/06\/garanten_banner3-280x69.png 280w, https:\/\/wp.kristdemokraterna.se\/simrishamn\/files\/2019\/06\/garanten_banner3-340x83.png 340w, https:\/\/wp.kristdemokraterna.se\/simrishamn\/files\/2019\/06\/garanten_banner3-200x49.png 200w, https:\/\/wp.kristdemokraterna.se\/simrishamn\/files\/2019\/06\/garanten_banner3-229x56.png 229w, https:\/\/wp.kristdemokraterna.se\/simrishamn\/files\/2019\/06\/garanten_banner3.png 2000w\" sizes=\"auto, (max-width: 300px) 100vw, 300px\" \/><\/a><\/p>\n<p><strong>De \u00e4ldre ska ha det bra<\/strong><\/p>\n<p>V\u00e5ra \u00e4ldre ska vi ta vara p\u00e5. \u00c4ldre m\u00e4nniskor sitter inne med mycket kunskap och erfarenheter som \u00e4r till stor nytta i politiken och inom v\u00e5ra ideella f\u00f6reningar.\u00a0 \u00c4ldre beh\u00f6ver precis liksom ungdomar en meningsfull fritid men \u00e4ven r\u00e4tt till en god v\u00e5rd. KD i Simrishamns kommun vill satsa p\u00e5 de \u00e4ldre genom att verka f\u00f6r:<\/p>\n<ul>\n<li>en \u00f6kad valfrihet f\u00f6r de \u00e4ldre s\u00e5 att det blir enklare att f\u00e5 komma in p\u00e5 s\u00e4rskilt boende om de s\u00e5 \u00f6nskar.<\/li>\n<li>att bevara v\u00e5ra \u00e4ldreboenden och \u00f6ka dess kvalit\u00e9 samt att vi \u00f6kar kvalit\u00e9 inom hemtj\u00e4nsten med f\u00e4rre personal per brukare. Det \u00e4r viktigt att de \u00e4ldre k\u00e4nner sig trygga och att de k\u00e4nner igen den personal som bes\u00f6ker dem.<\/li>\n<li>Det \u00e4r \u00e4ven viktigt att alla inom hemtj\u00e4nst och v\u00e5rdsektor f\u00e5r m\u00f6jlighet till SFI s\u00e5 att de kan kommunicera bra med brukarna.<\/li>\n<li>\u00a0att vi f\u00e5r fler sjuksk\u00f6terskor och en \u00f6kad l\u00e4karmedverkan inom \u00e4ldreomsorgen<\/li>\n<li>att vi f\u00e5r ett hospis f\u00f6r v\u00e5rd i livets slutskede<\/li>\n<li>att vi f\u00e5r hit en akutmottagning p\u00e5 Simrishamns sjukhus s\u00e5 att de \u00e4ldre ska slippa f\u00e4rdas till en annan kommun vid behov av detta.<\/li>\n<\/ul>\n<p><strong>B\u00e4ttre f\u00f6retagsklimat f\u00f6r fler jobb<br \/>\n<\/strong>Det privata n\u00e4ringslivet och entrepren\u00f6rskapet \u00e4r grunden f\u00f6r Sveriges v\u00e4lf\u00e4rd. Nya jobb kan inte kommenderas fram av politiker. De skapas n\u00e4r enskilda m\u00e4nniskor finner det m\u00f6dan v\u00e4rt att starta eller utveckla ett f\u00f6retag.<\/p>\n<p>Vi vill:<\/p>\n<p>\u2022 Forts\u00e4tta att utveckla \u00d6sterlens varum\u00e4rke genom att:<\/p>\n<ul>\n<li>f\u00e5 hit fler f\u00f6retag som ser den potential som finns p\u00e5 v\u00e5r landsbygd med dess jordbruk och byar, v\u00e5ra kustomr\u00e5den med dess pittoreska fiskel\u00e4gen samt v\u00e5r kulturhistoria med v\u00e5ra fantastiska kyrkor, slott och borgar.<\/li>\n<li>\u00a0st\u00f6dja den kraft som finns bland v\u00e5ra sm\u00e5f\u00f6retagare inom kultursektorn med konsthantverk, musik och teater.<\/li>\n<\/ul>\n<p>Vi vill \u00e4ven:<br \/>\n\u2022 Forts\u00e4tta att f\u00f6renkla f\u00f6r f\u00f6retag att starta och anst\u00e4lla personal bland annat genom att minska f\u00f6retagens sjukl\u00f6nekostnader och utveckla RUT- och ROT-avdragen.<br \/>\n\u2022 Ha kvar s\u00e4nkta arbetsgivaravgifter f\u00f6r unga, s\u00e4nkt restaurangmoms och s\u00e4nkt skatt p\u00e5 arbete.\u00a0Vi vill ocks\u00e5 \u00f6ka tryggheten vid arbetsl\u00f6shet.<br \/>\n\u2022\u00a0St\u00e4rka ungdomars m\u00f6jlighet att f\u00e5 jobb, bland annat genom att inf\u00f6ra en l\u00e4rlingsanst\u00e4llningsform.<\/p>\n<p><strong>Simrishamn ska bli Sk\u00e5nes kulturhuvudstad<\/strong><\/p>\n<p>Simrishamn kallas ofta f\u00f6r kulturkommun eftersom andelen konstn\u00e4rer och kulturarbetare h\u00e4r \u00e4r ovanligt h\u00f6g. Alla k\u00e4nner till konstrundan p\u00e5 \u00d6sterlen under P\u00e5sken. D\u00e5 lever \u00d6sterlen upp vilket g\u00f6r Simrishmans kommun attraktiv f\u00f6r m\u00e5nga.\u00a0 Folk str\u00f6mmar hit fr\u00e5n hela landet f\u00f6r att bes\u00f6ka utst\u00e4llningar och f\u00f6r att umg\u00e5s. Vi i KD &#8211; Simrishamn vill att v\u00e5rt kulturliv ska blomma \u00e5ret runt. Kommunen beh\u00f6ver d\u00e4rf\u00f6r ett kulturhus som speglar det rika kulturlivet. Vi vill \u00e5terta det gamla kulturhuset i Valfisken f\u00f6r att d\u00e4r skapa en plattform\u00a0 f\u00f6r det fria kulturlivet.<\/p>\n","protected":false},"excerpt":{"rendered":"<p>Kommunens toppolitiker Paul Frogner Kockum och Anne-Li Roshagen tillsammans med Regionr\u00e5det Per Einarsson. B\u00e4ttre f\u00f6r barn och familjer Trygga familjer ger barn goda f\u00f6ruts\u00e4ttningar att klara livets olika utmaningar.\u00a0KD i Simrishamns kommun vill f\u00f6rb\u00e4ttra f\u00f6r barnfamiljerna genom att verka f\u00f6r \u2022 levande byar med skola och omsorg \u2022 att underl\u00e4tta etablering av friskola i Kivik <a class=\"read-more-link\" href=\"https:\/\/wp.kristdemokraterna.se\/simrishamn\/var-politik-i-kommunen\/\">L\u00e4s mer<\/a><\/p>\n","protected":false},"author":942,"featured_media":0,"parent":0,"menu_order":0,"comment_status":"closed","ping_status":"closed","template":"page.php","meta":{"_acf_changed":false,"footnotes":""},"class_list":["post-373","page","type-page","status-publish","hentry"],"acf":[],"yoast_head":"<!-- This site is optimized with the Yoast SEO plugin v27.3 - https:\/\/yoast.com\/product\/yoast-seo-wordpress\/ -->\n<title>V\u00e5r politik i kommunen - Kristdemokraterna | Simrishamn<\/title>\n<meta name=\"robots\" content=\"index, follow, max-snippet:-1, max-image-preview:large, max-video-preview:-1\" \/>\n<link rel=\"canonical\" href=\"https:\/\/wp.kristdemokraterna.se\/simrishamn\/var-politik-i-kommunen\/\" \/>\n<meta property=\"og:locale\" content=\"sv_SE\" \/>\n<meta property=\"og:type\" content=\"article\" \/>\n<meta property=\"og:title\" content=\"V\u00e5r politik i kommunen - Kristdemokraterna | Simrishamn\" \/>\n<meta property=\"og:description\" content=\"Kommunens toppolitiker Paul Frogner Kockum och Anne-Li Roshagen tillsammans med Regionr\u00e5det Per Einarsson. B\u00e4ttre f\u00f6r barn och familjer Trygga familjer ger barn goda f\u00f6ruts\u00e4ttningar att klara livets olika utmaningar.\u00a0KD i Simrishamns kommun vill f\u00f6rb\u00e4ttra f\u00f6r barnfamiljerna genom att verka f\u00f6r \u2022 levande byar med skola och omsorg \u2022 att underl\u00e4tta etablering av friskola i Kivik L\u00e4s mer\" \/>\n<meta property=\"og:url\" content=\"https:\/\/wp.kristdemokraterna.se\/simrishamn\/var-politik-i-kommunen\/\" \/>\n<meta property=\"og:site_name\" content=\"Kristdemokraterna | Simrishamn\" \/>\n<meta property=\"article:modified_time\" content=\"2026-03-28T10:15:49+00:00\" \/>\n<meta property=\"og:image\" content=\"https:\/\/wp.kristdemokraterna.se\/simrishamn\/files\/2022\/08\/bild-till-hemsidan-med-regionradet-1-e1774420938998.png\" \/>\n\t<meta property=\"og:image:width\" content=\"535\" \/>\n\t<meta property=\"og:image:height\" content=\"494\" \/>\n\t<meta property=\"og:image:type\" content=\"image\/png\" \/>\n<meta name=\"twitter:card\" content=\"summary_large_image\" \/>\n<meta name=\"twitter:label1\" content=\"Ber\u00e4knad l\u00e4stid\" \/>\n\t<meta name=\"twitter:data1\" content=\"7 minuter\" \/>\n<script type=\"application\/ld+json\" class=\"yoast-schema-graph\">{\"@context\":\"https:\\\/\\\/schema.org\",\"@graph\":[{\"@type\":\"WebPage\",\"@id\":\"https:\\\/\\\/wp.kristdemokraterna.se\\\/simrishamn\\\/var-politik-i-kommunen\\\/\",\"url\":\"https:\\\/\\\/wp.kristdemokraterna.se\\\/simrishamn\\\/var-politik-i-kommunen\\\/\",\"name\":\"V\u00e5r politik i kommunen - Kristdemokraterna | Simrishamn\",\"isPartOf\":{\"@id\":\"https:\\\/\\\/wp.kristdemokraterna.se\\\/simrishamn\\\/#website\"},\"primaryImageOfPage\":{\"@id\":\"https:\\\/\\\/wp.kristdemokraterna.se\\\/simrishamn\\\/var-politik-i-kommunen\\\/#primaryimage\"},\"image\":{\"@id\":\"https:\\\/\\\/wp.kristdemokraterna.se\\\/simrishamn\\\/var-politik-i-kommunen\\\/#primaryimage\"},\"thumbnailUrl\":\"http:\\\/\\\/wp.kristdemokraterna.se\\\/simrishamn\\\/files\\\/2022\\\/08\\\/bild-till-hemsidan-med-regionradet-1-e1774420938998-300x277.png\",\"datePublished\":\"2017-12-04T15:47:18+00:00\",\"dateModified\":\"2026-03-28T10:15:49+00:00\",\"breadcrumb\":{\"@id\":\"https:\\\/\\\/wp.kristdemokraterna.se\\\/simrishamn\\\/var-politik-i-kommunen\\\/#breadcrumb\"},\"inLanguage\":\"sv-SE\",\"potentialAction\":[{\"@type\":\"ReadAction\",\"target\":[\"https:\\\/\\\/wp.kristdemokraterna.se\\\/simrishamn\\\/var-politik-i-kommunen\\\/\"]}]},{\"@type\":\"ImageObject\",\"inLanguage\":\"sv-SE\",\"@id\":\"https:\\\/\\\/wp.kristdemokraterna.se\\\/simrishamn\\\/var-politik-i-kommunen\\\/#primaryimage\",\"url\":\"https:\\\/\\\/wp.kristdemokraterna.se\\\/simrishamn\\\/files\\\/2022\\\/08\\\/bild-till-hemsidan-med-regionradet-1-e1774420938998.png\",\"contentUrl\":\"https:\\\/\\\/wp.kristdemokraterna.se\\\/simrishamn\\\/files\\\/2022\\\/08\\\/bild-till-hemsidan-med-regionradet-1-e1774420938998.png\",\"width\":535,\"height\":494},{\"@type\":\"BreadcrumbList\",\"@id\":\"https:\\\/\\\/wp.kristdemokraterna.se\\\/simrishamn\\\/var-politik-i-kommunen\\\/#breadcrumb\",\"itemListElement\":[{\"@type\":\"ListItem\",\"position\":1,\"name\":\"Hem\",\"item\":\"https:\\\/\\\/wp.kristdemokraterna.se\\\/simrishamn\\\/\"},{\"@type\":\"ListItem\",\"position\":2,\"name\":\"V\u00e5r politik i kommunen\"}]},{\"@type\":\"WebSite\",\"@id\":\"https:\\\/\\\/wp.kristdemokraterna.se\\\/simrishamn\\\/#website\",\"url\":\"https:\\\/\\\/wp.kristdemokraterna.se\\\/simrishamn\\\/\",\"name\":\"Kristdemokraterna | Simrishamn\",\"description\":\"\u00c4nnu en webbplats hos Kristdemokraterna\",\"inLanguage\":\"sv-SE\"}]}<\/script>\n<!-- \/ Yoast SEO plugin. -->","yoast_head_json":{"title":"V\u00e5r politik i kommunen - Kristdemokraterna | Simrishamn","robots":{"index":"index","follow":"follow","max-snippet":"max-snippet:-1","max-image-preview":"max-image-preview:large","max-video-preview":"max-video-preview:-1"},"canonical":"https:\/\/wp.kristdemokraterna.se\/simrishamn\/var-politik-i-kommunen\/","og_locale":"sv_SE","og_type":"article","og_title":"V\u00e5r politik i kommunen - Kristdemokraterna | Simrishamn","og_description":"Kommunens toppolitiker Paul Frogner Kockum och Anne-Li Roshagen tillsammans med Regionr\u00e5det Per Einarsson. B\u00e4ttre f\u00f6r barn och familjer Trygga familjer ger barn goda f\u00f6ruts\u00e4ttningar att klara livets olika utmaningar.\u00a0KD i Simrishamns kommun vill f\u00f6rb\u00e4ttra f\u00f6r barnfamiljerna genom att verka f\u00f6r \u2022 levande byar med skola och omsorg \u2022 att underl\u00e4tta etablering av friskola i Kivik L\u00e4s mer","og_url":"https:\/\/wp.kristdemokraterna.se\/simrishamn\/var-politik-i-kommunen\/","og_site_name":"Kristdemokraterna | Simrishamn","article_modified_time":"2026-03-28T10:15:49+00:00","og_image":[{"width":535,"height":494,"url":"https:\/\/wp.kristdemokraterna.se\/simrishamn\/files\/2022\/08\/bild-till-hemsidan-med-regionradet-1-e1774420938998.png","type":"image\/png"}],"twitter_card":"summary_large_image","twitter_misc":{"Ber\u00e4knad l\u00e4stid":"7 minuter"},"schema":{"@context":"https:\/\/schema.org","@graph":[{"@type":"WebPage","@id":"https:\/\/wp.kristdemokraterna.se\/simrishamn\/var-politik-i-kommunen\/","url":"https:\/\/wp.kristdemokraterna.se\/simrishamn\/var-politik-i-kommunen\/","name":"V\u00e5r politik i kommunen - Kristdemokraterna | Simrishamn","isPartOf":{"@id":"https:\/\/wp.kristdemokraterna.se\/simrishamn\/#website"},"primaryImageOfPage":{"@id":"https:\/\/wp.kristdemokraterna.se\/simrishamn\/var-politik-i-kommunen\/#primaryimage"},"image":{"@id":"https:\/\/wp.kristdemokraterna.se\/simrishamn\/var-politik-i-kommunen\/#primaryimage"},"thumbnailUrl":"http:\/\/wp.kristdemokraterna.se\/simrishamn\/files\/2022\/08\/bild-till-hemsidan-med-regionradet-1-e1774420938998-300x277.png","datePublished":"2017-12-04T15:47:18+00:00","dateModified":"2026-03-28T10:15:49+00:00","breadcrumb":{"@id":"https:\/\/wp.kristdemokraterna.se\/simrishamn\/var-politik-i-kommunen\/#breadcrumb"},"inLanguage":"sv-SE","potentialAction":[{"@type":"ReadAction","target":["https:\/\/wp.kristdemokraterna.se\/simrishamn\/var-politik-i-kommunen\/"]}]},{"@type":"ImageObject","inLanguage":"sv-SE","@id":"https:\/\/wp.kristdemokraterna.se\/simrishamn\/var-politik-i-kommunen\/#primaryimage","url":"https:\/\/wp.kristdemokraterna.se\/simrishamn\/files\/2022\/08\/bild-till-hemsidan-med-regionradet-1-e1774420938998.png","contentUrl":"https:\/\/wp.kristdemokraterna.se\/simrishamn\/files\/2022\/08\/bild-till-hemsidan-med-regionradet-1-e1774420938998.png","width":535,"height":494},{"@type":"BreadcrumbList","@id":"https:\/\/wp.kristdemokraterna.se\/simrishamn\/var-politik-i-kommunen\/#breadcrumb","itemListElement":[{"@type":"ListItem","position":1,"name":"Hem","item":"https:\/\/wp.kristdemokraterna.se\/simrishamn\/"},{"@type":"ListItem","position":2,"name":"V\u00e5r politik i kommunen"}]},{"@type":"WebSite","@id":"https:\/\/wp.kristdemokraterna.se\/simrishamn\/#website","url":"https:\/\/wp.kristdemokraterna.se\/simrishamn\/","name":"Kristdemokraterna | Simrishamn","description":"\u00c4nnu en webbplats hos Kristdemokraterna","inLanguage":"sv-SE"}]}},"_links":{"self":[{"href":"https:\/\/wp.kristdemokraterna.se\/simrishamn\/wp-json\/wp\/v2\/pages\/373","targetHints":{"allow":["GET"]}}],"collection":[{"href":"https:\/\/wp.kristdemokraterna.se\/simrishamn\/wp-json\/wp\/v2\/pages"}],"about":[{"href":"https:\/\/wp.kristdemokraterna.se\/simrishamn\/wp-json\/wp\/v2\/types\/page"}],"author":[{"embeddable":true,"href":"https:\/\/wp.kristdemokraterna.se\/simrishamn\/wp-json\/wp\/v2\/users\/942"}],"replies":[{"embeddable":true,"href":"https:\/\/wp.kristdemokraterna.se\/simrishamn\/wp-json\/wp\/v2\/comments?post=373"}],"version-history":[{"count":31,"href":"https:\/\/wp.kristdemokraterna.se\/simrishamn\/wp-json\/wp\/v2\/pages\/373\/revisions"}],"predecessor-version":[{"id":923,"href":"https:\/\/wp.kristdemokraterna.se\/simrishamn\/wp-json\/wp\/v2\/pages\/373\/revisions\/923"}],"wp:attachment":[{"href":"https:\/\/wp.kristdemokraterna.se\/simrishamn\/wp-json\/wp\/v2\/media?parent=373"}],"curies":[{"name":"wp","href":"https:\/\/api.w.org\/{rel}","templated":true}]}}