{"id":618,"date":"2012-06-01T12:05:58","date_gmt":"2012-06-01T12:05:58","guid":{"rendered":"http:\/\/wpskane.kristdemokraterna.se\/simrishamn\/?page_id=10"},"modified":"2026-03-24T21:39:58","modified_gmt":"2026-03-24T20:39:58","slug":"media-2","status":"publish","type":"page","link":"https:\/\/wp.kristdemokraterna.se\/simrishamn\/media-2\/","title":{"rendered":"Media"},"content":{"rendered":"<p><strong>Ett urval av ins\u00e4ndare av Paul Frogner Kockum<\/strong><\/p>\n<p>Ins\u00e4ndare: <a href=\"https:\/\/www.ystadsallehanda.se\/insandare\/simrishamnspolitiker-vi-fortsatter-kampa-for-levande-byar-med-skolor-och-aldreboenden\/\">Simrishamnspolitiker: Vi forts\u00e4tter k\u00e4mpa f\u00f6r levande byar med skolor och \u00e4ldreboenden \u2013 Ystads Allehanda<\/a><\/p>\n<p>Ins\u00e4ndare: <a href=\"https:\/\/www.ystadsallehanda.se\/insandare\/kd-gymnasieskolan-fortjanar-en-battre-framtid\/\">KD: Gymnasieskolan f\u00f6rtj\u00e4nar en b\u00e4ttre framtid \u2013 Ystads Allehanda<\/a><\/p>\n<p>Ins\u00e4ndare: <a href=\"https:\/\/www.ystadsallehanda.se\/simrishamn\/kd-vill-satsa-mer-pa-byarna\/\">KD vill satsa mer p\u00e5 byarna \u2013 Ystads Allehanda<\/a><\/p>\n<p><a href=\"https:\/\/www.ystadsallehanda.se\/insandare\/insandare-nagot-maste-goras-at-trafiken-i-sandskogen\/\">Ins\u00e4ndare: N\u00e5got m\u00e5ste g\u00f6ras \u00e5t trafiken i Sandskogen (ystadsallehanda.se)<\/a><\/p>\n<p><a href=\"https:\/\/www.ystadsallehanda.se\/insandare\/insandare-bra-forutsattningar-kan-bli-battre-for-simrishamn\/\">Ins\u00e4ndare: Bra f\u00f6ruts\u00e4ttningar kan bli b\u00e4ttre f\u00f6r Simrishamn (ystadsallehanda.se)<\/a><\/p>\n<p><a href=\"https:\/\/www.ystadsallehanda.se\/insandare\/dags-satsa-pa-jarnvagar-ocksa-i-ostra-skane\/\">Dags satsa p\u00e5 j\u00e4rnv\u00e4gar ocks\u00e5 i \u00f6stra Sk\u00e5ne (ystadsallehanda.se)<\/a><\/p>\n<p><a href=\"https:\/\/www.ystadsallehanda.se\/insandare\/avloppsnatet-maste-anpassas-till-okade-regnmangder\/\">Avloppsn\u00e4tet m\u00e5ste anpassas till \u00f6kade regnm\u00e4ngder (ystadsallehanda.se)<\/a><\/p>\n<p><strong>Ett urval av motioner av Paul Frogner Kockum<\/strong><\/p>\n<p><a href=\"https:\/\/sverigesradio.se\/artikel\/5329026\">Ingen utredning av l\u00e5ngl\u00e4nt bebyggelse vid havet &#8211; \u00d6sterlensidan | Sveriges Radio<\/a><\/p>\n<p><strong>Ett\u00a0 urval av intervjuer av\/med Paul Frogner Kockum<\/strong><\/p>\n<p><a href=\"https:\/\/sverigesradio.se\/artikel\/metan-fran-ruttnande-cellulosabankar-sprider-miljogifter-i-vattnet\">Metan fr\u00e5n ruttnande cellulosabankar sprider milj\u00f6gifter i vattnet &#8211; P4 V\u00e4sternorrland | Sveriges Radio<\/a><\/p>\n<p><a href=\"https:\/\/sverigesradio.se\/artikel\/gymnasiebygge-eller-nytt-kulturhus-har-tycker-simrishamns-politiker-olika\">Gymnasiebygge eller nytt kulturhus &#8211; h\u00e4r tycker Simrishamns politiker olika &#8211; P4 Kristianstad | Sveriges Radio<\/a><\/p>\n<p><strong>KDU &#8211; Simrishamn (2026)<br \/>\nEtt urval av ins\u00e4ndare av Philip Soares Olson<br \/>\n<\/strong><\/p>\n<p class=\"article__title txt-headline txt-headline-4 txt-headline-6--large\"><a href=\"https:\/\/www.ystadsallehanda.se\/insandare\/philip-soares-olson-unga-engagerar-sig-infor-valet\/\"><span class=\"prose-title txt-light txt-light-4 txt-light-6--large txt-headline--regular\">Unga engagerar sig inf\u00f6r valet\u00a0<\/span><\/a><\/p>\n<p class=\"article__title txt-headline txt-headline-4 txt-headline-6--large\"><a href=\"https:\/\/www.ystadsallehanda.se\/insandare\/kdu-ta-ungas-fritid-pa-allvar\/\"><span class=\"prose-title txt-light txt-light-4 txt-light-6--large txt-headline--regular\">Ta ungas fritid p\u00e5 allvar<\/span><\/a><\/p>\n<p class=\"article__title txt-headline txt-headline-4 txt-headline-6--large\"><strong>Ett urval av intervju av Isaac Ohlsson<\/strong><\/p>\n<p class=\"article__title txt-headline txt-headline-4 txt-headline-6--large\"><a href=\"https:\/\/www.ystadsallehanda.se\/simrishamn\/isaac-18-staller-upp-for-kd-i-valet\/\"><span class=\"prose-title\">Isaac, 18, st\u00e4ller upp f\u00f6r KD i valet<\/span><\/a><\/p>\n<p><strong>\u00a0<\/strong><\/p>\n","protected":false},"excerpt":{"rendered":"<p>Ett urval av ins\u00e4ndare av Paul Frogner Kockum Ins\u00e4ndare: Simrishamnspolitiker: Vi forts\u00e4tter k\u00e4mpa f\u00f6r levande byar med skolor och \u00e4ldreboenden \u2013 Ystads Allehanda Ins\u00e4ndare: KD: Gymnasieskolan f\u00f6rtj\u00e4nar en b\u00e4ttre framtid \u2013 Ystads Allehanda Ins\u00e4ndare: KD vill satsa mer p\u00e5 byarna \u2013 Ystads Allehanda Ins\u00e4ndare: N\u00e5got m\u00e5ste g\u00f6ras \u00e5t trafiken i Sandskogen (ystadsallehanda.se) Ins\u00e4ndare: Bra f\u00f6ruts\u00e4ttningar <a class=\"read-more-link\" href=\"https:\/\/wp.kristdemokraterna.se\/simrishamn\/media-2\/\">L\u00e4s mer<\/a><\/p>\n","protected":false},"author":444,"featured_media":0,"parent":0,"menu_order":0,"comment_status":"closed","ping_status":"closed","template":"","meta":{"_acf_changed":false,"footnotes":""},"class_list":["post-618","page","type-page","status-publish","hentry"],"acf":[],"yoast_head":"<!-- This site is optimized with the Yoast SEO plugin v27.4 - https:\/\/yoast.com\/product\/yoast-seo-wordpress\/ -->\n<title>Media - Kristdemokraterna | Simrishamn<\/title>\n<meta name=\"robots\" content=\"index, follow, max-snippet:-1, max-image-preview:large, max-video-preview:-1\" \/>\n<link rel=\"canonical\" href=\"https:\/\/wp.kristdemokraterna.se\/simrishamn\/media-2\/\" \/>\n<meta property=\"og:locale\" content=\"sv_SE\" \/>\n<meta property=\"og:type\" content=\"article\" \/>\n<meta property=\"og:title\" content=\"Media - Kristdemokraterna | Simrishamn\" \/>\n<meta property=\"og:description\" content=\"Ett urval av ins\u00e4ndare av Paul Frogner Kockum Ins\u00e4ndare: Simrishamnspolitiker: Vi forts\u00e4tter k\u00e4mpa f\u00f6r levande byar med skolor och \u00e4ldreboenden \u2013 Ystads Allehanda Ins\u00e4ndare: KD: Gymnasieskolan f\u00f6rtj\u00e4nar en b\u00e4ttre framtid \u2013 Ystads Allehanda Ins\u00e4ndare: KD vill satsa mer p\u00e5 byarna \u2013 Ystads Allehanda Ins\u00e4ndare: N\u00e5got m\u00e5ste g\u00f6ras \u00e5t trafiken i Sandskogen (ystadsallehanda.se) Ins\u00e4ndare: Bra f\u00f6ruts\u00e4ttningar L\u00e4s mer\" \/>\n<meta property=\"og:url\" content=\"https:\/\/wp.kristdemokraterna.se\/simrishamn\/media-2\/\" \/>\n<meta property=\"og:site_name\" content=\"Kristdemokraterna | Simrishamn\" \/>\n<meta property=\"article:modified_time\" content=\"2026-03-24T20:39:58+00:00\" \/>\n<meta name=\"twitter:card\" content=\"summary_large_image\" \/>\n<meta name=\"twitter:label1\" content=\"Ber\u00e4knad l\u00e4stid\" \/>\n\t<meta name=\"twitter:data1\" content=\"1 minut\" \/>\n<script type=\"application\/ld+json\" class=\"yoast-schema-graph\">{\"@context\":\"https:\\\/\\\/schema.org\",\"@graph\":[{\"@type\":\"WebPage\",\"@id\":\"https:\\\/\\\/wp.kristdemokraterna.se\\\/simrishamn\\\/media-2\\\/\",\"url\":\"https:\\\/\\\/wp.kristdemokraterna.se\\\/simrishamn\\\/media-2\\\/\",\"name\":\"Media - Kristdemokraterna | Simrishamn\",\"isPartOf\":{\"@id\":\"https:\\\/\\\/wp.kristdemokraterna.se\\\/simrishamn\\\/#website\"},\"datePublished\":\"2012-06-01T12:05:58+00:00\",\"dateModified\":\"2026-03-24T20:39:58+00:00\",\"breadcrumb\":{\"@id\":\"https:\\\/\\\/wp.kristdemokraterna.se\\\/simrishamn\\\/media-2\\\/#breadcrumb\"},\"inLanguage\":\"sv-SE\",\"potentialAction\":[{\"@type\":\"ReadAction\",\"target\":[\"https:\\\/\\\/wp.kristdemokraterna.se\\\/simrishamn\\\/media-2\\\/\"]}]},{\"@type\":\"BreadcrumbList\",\"@id\":\"https:\\\/\\\/wp.kristdemokraterna.se\\\/simrishamn\\\/media-2\\\/#breadcrumb\",\"itemListElement\":[{\"@type\":\"ListItem\",\"position\":1,\"name\":\"Hem\",\"item\":\"https:\\\/\\\/wp.kristdemokraterna.se\\\/simrishamn\\\/\"},{\"@type\":\"ListItem\",\"position\":2,\"name\":\"Media\"}]},{\"@type\":\"WebSite\",\"@id\":\"https:\\\/\\\/wp.kristdemokraterna.se\\\/simrishamn\\\/#website\",\"url\":\"https:\\\/\\\/wp.kristdemokraterna.se\\\/simrishamn\\\/\",\"name\":\"Kristdemokraterna | Simrishamn\",\"description\":\"\u00c4nnu en webbplats hos Kristdemokraterna\",\"inLanguage\":\"sv-SE\"}]}<\/script>\n<!-- \/ Yoast SEO plugin. -->","yoast_head_json":{"title":"Media - Kristdemokraterna | Simrishamn","robots":{"index":"index","follow":"follow","max-snippet":"max-snippet:-1","max-image-preview":"max-image-preview:large","max-video-preview":"max-video-preview:-1"},"canonical":"https:\/\/wp.kristdemokraterna.se\/simrishamn\/media-2\/","og_locale":"sv_SE","og_type":"article","og_title":"Media - Kristdemokraterna | Simrishamn","og_description":"Ett urval av ins\u00e4ndare av Paul Frogner Kockum Ins\u00e4ndare: Simrishamnspolitiker: Vi forts\u00e4tter k\u00e4mpa f\u00f6r levande byar med skolor och \u00e4ldreboenden \u2013 Ystads Allehanda Ins\u00e4ndare: KD: Gymnasieskolan f\u00f6rtj\u00e4nar en b\u00e4ttre framtid \u2013 Ystads Allehanda Ins\u00e4ndare: KD vill satsa mer p\u00e5 byarna \u2013 Ystads Allehanda Ins\u00e4ndare: N\u00e5got m\u00e5ste g\u00f6ras \u00e5t trafiken i Sandskogen (ystadsallehanda.se) Ins\u00e4ndare: Bra f\u00f6ruts\u00e4ttningar L\u00e4s mer","og_url":"https:\/\/wp.kristdemokraterna.se\/simrishamn\/media-2\/","og_site_name":"Kristdemokraterna | Simrishamn","article_modified_time":"2026-03-24T20:39:58+00:00","twitter_card":"summary_large_image","twitter_misc":{"Ber\u00e4knad l\u00e4stid":"1 minut"},"schema":{"@context":"https:\/\/schema.org","@graph":[{"@type":"WebPage","@id":"https:\/\/wp.kristdemokraterna.se\/simrishamn\/media-2\/","url":"https:\/\/wp.kristdemokraterna.se\/simrishamn\/media-2\/","name":"Media - Kristdemokraterna | Simrishamn","isPartOf":{"@id":"https:\/\/wp.kristdemokraterna.se\/simrishamn\/#website"},"datePublished":"2012-06-01T12:05:58+00:00","dateModified":"2026-03-24T20:39:58+00:00","breadcrumb":{"@id":"https:\/\/wp.kristdemokraterna.se\/simrishamn\/media-2\/#breadcrumb"},"inLanguage":"sv-SE","potentialAction":[{"@type":"ReadAction","target":["https:\/\/wp.kristdemokraterna.se\/simrishamn\/media-2\/"]}]},{"@type":"BreadcrumbList","@id":"https:\/\/wp.kristdemokraterna.se\/simrishamn\/media-2\/#breadcrumb","itemListElement":[{"@type":"ListItem","position":1,"name":"Hem","item":"https:\/\/wp.kristdemokraterna.se\/simrishamn\/"},{"@type":"ListItem","position":2,"name":"Media"}]},{"@type":"WebSite","@id":"https:\/\/wp.kristdemokraterna.se\/simrishamn\/#website","url":"https:\/\/wp.kristdemokraterna.se\/simrishamn\/","name":"Kristdemokraterna | Simrishamn","description":"\u00c4nnu en webbplats hos Kristdemokraterna","inLanguage":"sv-SE"}]}},"_links":{"self":[{"href":"https:\/\/wp.kristdemokraterna.se\/simrishamn\/wp-json\/wp\/v2\/pages\/618","targetHints":{"allow":["GET"]}}],"collection":[{"href":"https:\/\/wp.kristdemokraterna.se\/simrishamn\/wp-json\/wp\/v2\/pages"}],"about":[{"href":"https:\/\/wp.kristdemokraterna.se\/simrishamn\/wp-json\/wp\/v2\/types\/page"}],"author":[{"embeddable":true,"href":"https:\/\/wp.kristdemokraterna.se\/simrishamn\/wp-json\/wp\/v2\/users\/444"}],"replies":[{"embeddable":true,"href":"https:\/\/wp.kristdemokraterna.se\/simrishamn\/wp-json\/wp\/v2\/comments?post=618"}],"version-history":[{"count":17,"href":"https:\/\/wp.kristdemokraterna.se\/simrishamn\/wp-json\/wp\/v2\/pages\/618\/revisions"}],"predecessor-version":[{"id":735,"href":"https:\/\/wp.kristdemokraterna.se\/simrishamn\/wp-json\/wp\/v2\/pages\/618\/revisions\/735"}],"wp:attachment":[{"href":"https:\/\/wp.kristdemokraterna.se\/simrishamn\/wp-json\/wp\/v2\/media?parent=618"}],"curies":[{"name":"wp","href":"https:\/\/api.w.org\/{rel}","templated":true}]}}