{"id":619,"date":"2012-06-01T12:06:16","date_gmt":"2012-06-01T12:06:16","guid":{"rendered":"http:\/\/wpskane.kristdemokraterna.se\/simrishamn\/?page_id=12"},"modified":"2026-03-24T19:27:14","modified_gmt":"2026-03-24T18:27:14","slug":"kontakt","status":"publish","type":"page","link":"https:\/\/wp.kristdemokraterna.se\/simrishamn\/kontakt\/","title":{"rendered":"Kontakt"},"content":{"rendered":"<p>V\u00e4lkommen att ta kontakt med oss!<\/p>\n<p><strong>Paul Frogner Kockum<\/strong>, ordf\u00f6rande<\/p>\n<p>Tel: 070-1918863<\/p>\n<p>paul.frogner-kockum@sgi.se<\/p>\n<p><strong>Anne Li Roshagen<\/strong>, vice ordf\u00f6rande<\/p>\n<p>Tel: 073-3509986<\/p>\n<p>roshagen2@hotmail.com<\/p>\n<p><strong>Kjell-Harald Sj\u00f6vall,\u00a0<\/strong>kass\u00f6r<\/p>\n<p>Tel: 076-6106833<\/p>\n<p>branteshog@gmail.com<\/p>\n<p><strong>Sergey af Erik Geijerstam<\/strong>, sekreterare<\/p>\n<p>Tel: 070-4109790<\/p>\n<p>sergey.afg@gmail.com<\/p>\n<p><strong>Isaac Ohlsson,\u00a0<\/strong>ledamot<\/p>\n<p>Tel: 070-8773709<\/p>\n<p>isaackarl@icloud.com<\/p>\n<p><strong>Philip Soares Olson<\/strong>, ers\u00e4ttare<\/p>\n<p>Tel: 073-3187705<\/p>\n<p>Philipsoaresolson2@gmail.com<\/p>\n<p><strong>Pia Steuchs<\/strong>, ers\u00e4ttare<\/p>\n<p>Tel: 070-2744224<\/p>\n<p>pia.steuch@gmail.com<\/p>\n<p>&nbsp;<\/p>\n","protected":false},"excerpt":{"rendered":"<p>V\u00e4lkommen att ta kontakt med oss! Paul Frogner Kockum, ordf\u00f6rande Tel: 070-1918863 paul.frogner-kockum@sgi.se Anne Li Roshagen, vice ordf\u00f6rande Tel: 073-3509986 roshagen2@hotmail.com Kjell-Harald Sj\u00f6vall,\u00a0kass\u00f6r Tel: 076-6106833 branteshog@gmail.com Sergey af Erik Geijerstam, sekreterare Tel: 070-4109790 sergey.afg@gmail.com Isaac Ohlsson,\u00a0ledamot Tel: 070-8773709 isaackarl@icloud.com Philip Soares Olson, ers\u00e4ttare Tel: 073-3187705 Philipsoaresolson2@gmail.com Pia Steuchs, ers\u00e4ttare Tel: 070-2744224 pia.steuch@gmail.com &nbsp;<\/p>\n","protected":false},"author":444,"featured_media":0,"parent":0,"menu_order":0,"comment_status":"closed","ping_status":"closed","template":"","meta":{"_acf_changed":false,"footnotes":""},"class_list":["post-619","page","type-page","status-publish","hentry"],"acf":[],"yoast_head":"<!-- This site is optimized with the Yoast SEO plugin v27.4 - https:\/\/yoast.com\/product\/yoast-seo-wordpress\/ -->\n<title>Kontakt - Kristdemokraterna | Simrishamn<\/title>\n<meta name=\"robots\" content=\"index, follow, max-snippet:-1, max-image-preview:large, max-video-preview:-1\" \/>\n<link rel=\"canonical\" href=\"https:\/\/wp.kristdemokraterna.se\/simrishamn\/kontakt\/\" \/>\n<meta property=\"og:locale\" content=\"sv_SE\" \/>\n<meta property=\"og:type\" content=\"article\" \/>\n<meta property=\"og:title\" content=\"Kontakt - Kristdemokraterna | Simrishamn\" \/>\n<meta property=\"og:description\" content=\"V\u00e4lkommen att ta kontakt med oss! Paul Frogner Kockum, ordf\u00f6rande Tel: 070-1918863 paul.frogner-kockum@sgi.se Anne Li Roshagen, vice ordf\u00f6rande Tel: 073-3509986 roshagen2@hotmail.com Kjell-Harald Sj\u00f6vall,\u00a0kass\u00f6r Tel: 076-6106833 branteshog@gmail.com Sergey af Erik Geijerstam, sekreterare Tel: 070-4109790 sergey.afg@gmail.com Isaac Ohlsson,\u00a0ledamot Tel: 070-8773709 isaackarl@icloud.com Philip Soares Olson, ers\u00e4ttare Tel: 073-3187705 Philipsoaresolson2@gmail.com Pia Steuchs, ers\u00e4ttare Tel: 070-2744224 pia.steuch@gmail.com &nbsp;\" \/>\n<meta property=\"og:url\" content=\"https:\/\/wp.kristdemokraterna.se\/simrishamn\/kontakt\/\" \/>\n<meta property=\"og:site_name\" content=\"Kristdemokraterna | Simrishamn\" \/>\n<meta property=\"article:modified_time\" content=\"2026-03-24T18:27:14+00:00\" \/>\n<meta name=\"twitter:card\" content=\"summary_large_image\" \/>\n<meta name=\"twitter:label1\" content=\"Ber\u00e4knad l\u00e4stid\" \/>\n\t<meta name=\"twitter:data1\" content=\"1 minut\" \/>\n<script type=\"application\/ld+json\" class=\"yoast-schema-graph\">{\"@context\":\"https:\\\/\\\/schema.org\",\"@graph\":[{\"@type\":\"WebPage\",\"@id\":\"https:\\\/\\\/wp.kristdemokraterna.se\\\/simrishamn\\\/kontakt\\\/\",\"url\":\"https:\\\/\\\/wp.kristdemokraterna.se\\\/simrishamn\\\/kontakt\\\/\",\"name\":\"Kontakt - Kristdemokraterna | Simrishamn\",\"isPartOf\":{\"@id\":\"https:\\\/\\\/wp.kristdemokraterna.se\\\/simrishamn\\\/#website\"},\"datePublished\":\"2012-06-01T12:06:16+00:00\",\"dateModified\":\"2026-03-24T18:27:14+00:00\",\"breadcrumb\":{\"@id\":\"https:\\\/\\\/wp.kristdemokraterna.se\\\/simrishamn\\\/kontakt\\\/#breadcrumb\"},\"inLanguage\":\"sv-SE\",\"potentialAction\":[{\"@type\":\"ReadAction\",\"target\":[\"https:\\\/\\\/wp.kristdemokraterna.se\\\/simrishamn\\\/kontakt\\\/\"]}]},{\"@type\":\"BreadcrumbList\",\"@id\":\"https:\\\/\\\/wp.kristdemokraterna.se\\\/simrishamn\\\/kontakt\\\/#breadcrumb\",\"itemListElement\":[{\"@type\":\"ListItem\",\"position\":1,\"name\":\"Hem\",\"item\":\"https:\\\/\\\/wp.kristdemokraterna.se\\\/simrishamn\\\/\"},{\"@type\":\"ListItem\",\"position\":2,\"name\":\"Kontakt\"}]},{\"@type\":\"WebSite\",\"@id\":\"https:\\\/\\\/wp.kristdemokraterna.se\\\/simrishamn\\\/#website\",\"url\":\"https:\\\/\\\/wp.kristdemokraterna.se\\\/simrishamn\\\/\",\"name\":\"Kristdemokraterna | Simrishamn\",\"description\":\"\u00c4nnu en webbplats hos Kristdemokraterna\",\"inLanguage\":\"sv-SE\"}]}<\/script>\n<!-- \/ Yoast SEO plugin. -->","yoast_head_json":{"title":"Kontakt - Kristdemokraterna | Simrishamn","robots":{"index":"index","follow":"follow","max-snippet":"max-snippet:-1","max-image-preview":"max-image-preview:large","max-video-preview":"max-video-preview:-1"},"canonical":"https:\/\/wp.kristdemokraterna.se\/simrishamn\/kontakt\/","og_locale":"sv_SE","og_type":"article","og_title":"Kontakt - Kristdemokraterna | Simrishamn","og_description":"V\u00e4lkommen att ta kontakt med oss! Paul Frogner Kockum, ordf\u00f6rande Tel: 070-1918863 paul.frogner-kockum@sgi.se Anne Li Roshagen, vice ordf\u00f6rande Tel: 073-3509986 roshagen2@hotmail.com Kjell-Harald Sj\u00f6vall,\u00a0kass\u00f6r Tel: 076-6106833 branteshog@gmail.com Sergey af Erik Geijerstam, sekreterare Tel: 070-4109790 sergey.afg@gmail.com Isaac Ohlsson,\u00a0ledamot Tel: 070-8773709 isaackarl@icloud.com Philip Soares Olson, ers\u00e4ttare Tel: 073-3187705 Philipsoaresolson2@gmail.com Pia Steuchs, ers\u00e4ttare Tel: 070-2744224 pia.steuch@gmail.com &nbsp;","og_url":"https:\/\/wp.kristdemokraterna.se\/simrishamn\/kontakt\/","og_site_name":"Kristdemokraterna | Simrishamn","article_modified_time":"2026-03-24T18:27:14+00:00","twitter_card":"summary_large_image","twitter_misc":{"Ber\u00e4knad l\u00e4stid":"1 minut"},"schema":{"@context":"https:\/\/schema.org","@graph":[{"@type":"WebPage","@id":"https:\/\/wp.kristdemokraterna.se\/simrishamn\/kontakt\/","url":"https:\/\/wp.kristdemokraterna.se\/simrishamn\/kontakt\/","name":"Kontakt - Kristdemokraterna | Simrishamn","isPartOf":{"@id":"https:\/\/wp.kristdemokraterna.se\/simrishamn\/#website"},"datePublished":"2012-06-01T12:06:16+00:00","dateModified":"2026-03-24T18:27:14+00:00","breadcrumb":{"@id":"https:\/\/wp.kristdemokraterna.se\/simrishamn\/kontakt\/#breadcrumb"},"inLanguage":"sv-SE","potentialAction":[{"@type":"ReadAction","target":["https:\/\/wp.kristdemokraterna.se\/simrishamn\/kontakt\/"]}]},{"@type":"BreadcrumbList","@id":"https:\/\/wp.kristdemokraterna.se\/simrishamn\/kontakt\/#breadcrumb","itemListElement":[{"@type":"ListItem","position":1,"name":"Hem","item":"https:\/\/wp.kristdemokraterna.se\/simrishamn\/"},{"@type":"ListItem","position":2,"name":"Kontakt"}]},{"@type":"WebSite","@id":"https:\/\/wp.kristdemokraterna.se\/simrishamn\/#website","url":"https:\/\/wp.kristdemokraterna.se\/simrishamn\/","name":"Kristdemokraterna | Simrishamn","description":"\u00c4nnu en webbplats hos Kristdemokraterna","inLanguage":"sv-SE"}]}},"_links":{"self":[{"href":"https:\/\/wp.kristdemokraterna.se\/simrishamn\/wp-json\/wp\/v2\/pages\/619","targetHints":{"allow":["GET"]}}],"collection":[{"href":"https:\/\/wp.kristdemokraterna.se\/simrishamn\/wp-json\/wp\/v2\/pages"}],"about":[{"href":"https:\/\/wp.kristdemokraterna.se\/simrishamn\/wp-json\/wp\/v2\/types\/page"}],"author":[{"embeddable":true,"href":"https:\/\/wp.kristdemokraterna.se\/simrishamn\/wp-json\/wp\/v2\/users\/444"}],"replies":[{"embeddable":true,"href":"https:\/\/wp.kristdemokraterna.se\/simrishamn\/wp-json\/wp\/v2\/comments?post=619"}],"version-history":[{"count":12,"href":"https:\/\/wp.kristdemokraterna.se\/simrishamn\/wp-json\/wp\/v2\/pages\/619\/revisions"}],"predecessor-version":[{"id":852,"href":"https:\/\/wp.kristdemokraterna.se\/simrishamn\/wp-json\/wp\/v2\/pages\/619\/revisions\/852"}],"wp:attachment":[{"href":"https:\/\/wp.kristdemokraterna.se\/simrishamn\/wp-json\/wp\/v2\/media?parent=619"}],"curies":[{"name":"wp","href":"https:\/\/api.w.org\/{rel}","templated":true}]}}