{"id":620,"date":"2012-06-01T12:06:40","date_gmt":"2012-06-01T12:06:40","guid":{"rendered":"http:\/\/wpskane.kristdemokraterna.se\/simrishamn\/?page_id=14"},"modified":"2026-03-25T13:47:31","modified_gmt":"2026-03-25T12:47:31","slug":"avdelningen-2","status":"publish","type":"page","link":"https:\/\/wp.kristdemokraterna.se\/simrishamn\/avdelningen-2\/","title":{"rendered":"Avdelningen"},"content":{"rendered":"<div>\n<h1><a href=\"http:\/\/wp.kristdemokraterna.se\/simrishamn\/files\/2026\/03\/kd-simrishamn.png\"><img loading=\"lazy\" decoding=\"async\" class=\"alignnone wp-image-822 size-full\" src=\"http:\/\/wp.kristdemokraterna.se\/simrishamn\/files\/2026\/03\/kd-simrishamn-e1774379895993.png\" alt=\"\" width=\"1063\" height=\"353\" srcset=\"https:\/\/wp.kristdemokraterna.se\/simrishamn\/files\/2026\/03\/kd-simrishamn-e1774379895993.png 1063w, https:\/\/wp.kristdemokraterna.se\/simrishamn\/files\/2026\/03\/kd-simrishamn-e1774379895993-300x100.png 300w, https:\/\/wp.kristdemokraterna.se\/simrishamn\/files\/2026\/03\/kd-simrishamn-e1774379895993-1024x340.png 1024w, https:\/\/wp.kristdemokraterna.se\/simrishamn\/files\/2026\/03\/kd-simrishamn-e1774379895993-768x255.png 768w, https:\/\/wp.kristdemokraterna.se\/simrishamn\/files\/2026\/03\/kd-simrishamn-e1774379895993-370x123.png 370w, https:\/\/wp.kristdemokraterna.se\/simrishamn\/files\/2026\/03\/kd-simrishamn-e1774379895993-770x256.png 770w, https:\/\/wp.kristdemokraterna.se\/simrishamn\/files\/2026\/03\/kd-simrishamn-e1774379895993-450x149.png 450w, https:\/\/wp.kristdemokraterna.se\/simrishamn\/files\/2026\/03\/kd-simrishamn-e1774379895993-280x93.png 280w, https:\/\/wp.kristdemokraterna.se\/simrishamn\/files\/2026\/03\/kd-simrishamn-e1774379895993-340x113.png 340w, https:\/\/wp.kristdemokraterna.se\/simrishamn\/files\/2026\/03\/kd-simrishamn-e1774379895993-200x66.png 200w, https:\/\/wp.kristdemokraterna.se\/simrishamn\/files\/2026\/03\/kd-simrishamn-e1774379895993-169x56.png 169w\" sizes=\"auto, (max-width: 1063px) 100vw, 1063px\" \/><\/a><\/h1>\n<h1><strong>V\u00e4lkommen till Kristdemokraterna i Simrishamn!<\/strong><\/h1>\n<p>P\u00e5 v\u00e5r hemsida hittar du information om lokalavdelningen, styrelsen, v\u00e5ra f\u00f6rtroendevalda och v\u00e5r politik. Du kan \u00e4ven l\u00e4sa om hur du kontaktar oss och hur du kan engagera dig.<\/p>\n<\/div>\n<h2>V\u00e5r lista 2026<\/h2>\n<div>\n<div id=\"attachment_815\" style=\"width: 800px\" class=\"wp-caption alignnone\"><a href=\"http:\/\/wp.kristdemokraterna.se\/simrishamn\/files\/2026\/03\/kd-simrishamn-kandidater-pa-vallistan.jpg\"><img loading=\"lazy\" decoding=\"async\" aria-describedby=\"caption-attachment-815\" class=\"wp-image-815\" src=\"http:\/\/wp.kristdemokraterna.se\/simrishamn\/files\/2026\/03\/kd-simrishamn-kandidater-pa-vallistan-e1774378621126-1024x307.jpg\" alt=\"V\u00e5ra kandidater till valet 2026\" width=\"790\" height=\"237\" srcset=\"https:\/\/wp.kristdemokraterna.se\/simrishamn\/files\/2026\/03\/kd-simrishamn-kandidater-pa-vallistan-e1774378621126-1024x307.jpg 1024w, https:\/\/wp.kristdemokraterna.se\/simrishamn\/files\/2026\/03\/kd-simrishamn-kandidater-pa-vallistan-e1774378621126-300x90.jpg 300w, https:\/\/wp.kristdemokraterna.se\/simrishamn\/files\/2026\/03\/kd-simrishamn-kandidater-pa-vallistan-e1774378621126-768x230.jpg 768w, https:\/\/wp.kristdemokraterna.se\/simrishamn\/files\/2026\/03\/kd-simrishamn-kandidater-pa-vallistan-e1774378621126-1536x461.jpg 1536w, https:\/\/wp.kristdemokraterna.se\/simrishamn\/files\/2026\/03\/kd-simrishamn-kandidater-pa-vallistan-e1774378621126-370x111.jpg 370w, https:\/\/wp.kristdemokraterna.se\/simrishamn\/files\/2026\/03\/kd-simrishamn-kandidater-pa-vallistan-e1774378621126-770x231.jpg 770w, https:\/\/wp.kristdemokraterna.se\/simrishamn\/files\/2026\/03\/kd-simrishamn-kandidater-pa-vallistan-e1774378621126-450x135.jpg 450w, https:\/\/wp.kristdemokraterna.se\/simrishamn\/files\/2026\/03\/kd-simrishamn-kandidater-pa-vallistan-e1774378621126-280x84.jpg 280w, https:\/\/wp.kristdemokraterna.se\/simrishamn\/files\/2026\/03\/kd-simrishamn-kandidater-pa-vallistan-e1774378621126-340x102.jpg 340w, https:\/\/wp.kristdemokraterna.se\/simrishamn\/files\/2026\/03\/kd-simrishamn-kandidater-pa-vallistan-e1774378621126-200x60.jpg 200w, https:\/\/wp.kristdemokraterna.se\/simrishamn\/files\/2026\/03\/kd-simrishamn-kandidater-pa-vallistan-e1774378621126-187x56.jpg 187w, https:\/\/wp.kristdemokraterna.se\/simrishamn\/files\/2026\/03\/kd-simrishamn-kandidater-pa-vallistan-e1774378621126.jpg 2048w\" sizes=\"auto, (max-width: 790px) 100vw, 790px\" \/><\/a><p id=\"caption-attachment-815\" class=\"wp-caption-text\">V\u00e5ra kandidater till valet 2026<\/p><\/div>\n<\/div>\n<div>\n<p data-start=\"182\" data-end=\"309\">I \u00e5rets val st\u00e5r Kristdemokraterna i Simrishamn starka med en blandning av erfarenhet och nyt\u00e4nkande. P\u00e5 kommunlistan st\u00e5r:<\/p>\n<ol data-start=\"311\" data-end=\"676\">\n<li data-section-id=\"14u5nqy\" data-start=\"311\" data-end=\"378\"><strong data-start=\"314\" data-end=\"337\">Paul Frogner Kockum<\/strong>, 61 \u00e5r \u2013 Doktor och forskare i geokemi<\/li>\n<li data-section-id=\"f16fl0\" data-start=\"379\" data-end=\"437\"><strong data-start=\"382\" data-end=\"402\">Anne-Li Roshagen<\/strong>, 68 \u00e5r \u2013 Specialistsjuksk\u00f6terska<\/li>\n<li data-section-id=\"12w0dgj\" data-start=\"438\" data-end=\"490\"><strong data-start=\"441\" data-end=\"465\">Kjell-Harald Sj\u00f6vall<\/strong>, 59 \u00e5r \u2013 Civilingenj\u00f6r<\/li>\n<li data-section-id=\"y6bq10\" data-start=\"491\" data-end=\"530\"><strong data-start=\"494\" data-end=\"511\">Isaac Ohlsson<\/strong>, 18 \u00e5r \u2013 Student<\/li>\n<li data-section-id=\"sse7uz\" data-start=\"531\" data-end=\"569\"><strong data-start=\"534\" data-end=\"548\">Pia Steuch<\/strong>, 87 \u00e5r \u2013 Pension\u00e4r<\/li>\n<li data-section-id=\"n6zyax\" data-start=\"570\" data-end=\"623\"><strong data-start=\"573\" data-end=\"597\">Sergey af Geijerstam<\/strong>, 27 \u00e5r \u2013 Undersk\u00f6terska<\/li>\n<li data-section-id=\"ktjku8\" data-start=\"624\" data-end=\"676\"><strong data-start=\"627\" data-end=\"645\">Tomas Svensson<\/strong>, 76 \u00e5r \u2013 Kyrkoherde emeritus<\/li>\n<\/ol>\n<p data-start=\"678\" data-end=\"809\">Listan visar v\u00e5r m\u00e5ngfald, d\u00e4r b\u00e5de unga krafter och erfarna medlemmar samverkar f\u00f6r en trygg och ansvarsfull politik i Simrishamn.<\/p>\n<p><a href=\"http:\/\/wp.kristdemokraterna.se\/simrishamn\/files\/2026\/03\/kommunlistan.pdf\">Kommunlistan<\/a><\/p>\n<h3 data-section-id=\"6eut4e\" data-start=\"1040\" data-end=\"1057\">Vitsippspriset<\/h3>\n<p data-start=\"1059\" data-end=\"1248\">Vitsippspriset \u00e4r en \u00e5rlig utm\u00e4rkelse till en person, grupp eller organisation som har utr\u00e4ttat n\u00e5got s\u00e4rskilt f\u00f6r v\u00e5r kommun under \u00e5ret. Prisutdelningen sker vid lokalavdelningens \u00e5rsm\u00f6te.<\/p>\n<h4 data-section-id=\"gp62vv\" data-start=\"1250\" data-end=\"1273\">Tidigare pristagare<\/h4>\n<ul data-start=\"1275\" data-end=\"3692\">\n<li data-section-id=\"1gtkzt5\" data-start=\"1275\" data-end=\"1370\"><strong data-start=\"1277\" data-end=\"1301\">2023 \u2013 Bj\u00f6rn M\u00e5nsson<\/strong>: F\u00f6r sitt engagemang i lokala fr\u00e5gor och st\u00f6d till f\u00f6reningslivet.<\/li>\n<li data-section-id=\"br6lgf\" data-start=\"1371\" data-end=\"1484\"><strong data-start=\"1373\" data-end=\"1412\">2021 \u2013 Undersk\u00f6terskorna i kommunen<\/strong>: Pandemins okr\u00f6nta hj\u00e4ltar, som arbetat h\u00e5rt f\u00f6r inv\u00e5narnas trygghet.<\/li>\n<li data-section-id=\"gc3ule\" data-start=\"1485\" data-end=\"1577\"><strong data-start=\"1487\" data-end=\"1516\">2020 \u2013 \u00d6sterlens ridklubb<\/strong>: F\u00f6r att ha fr\u00e4mjat ungdomars aktiviteter och ridintresse.<\/li>\n<li data-section-id=\"11a3m5q\" data-start=\"1578\" data-end=\"1666\"><strong data-start=\"1580\" data-end=\"1611\">2019 \u2013 \u00d6sterlens kvinnojour<\/strong>: F\u00f6r ov\u00e4rderligt st\u00f6d till utsatta kvinnor och barn.<\/li>\n<li data-section-id=\"t5je0h\" data-start=\"1667\" data-end=\"1755\"><strong data-start=\"1669\" data-end=\"1702\">2018 \u2013 Borrby biograff\u00f6rening<\/strong>: 100 \u00e5r av ideellt arbete f\u00f6r kultur och samh\u00e4lle.<\/li>\n<li data-section-id=\"1uepjn3\" data-start=\"1756\" data-end=\"1843\"><strong data-start=\"1758\" data-end=\"1781\">2016 \u2013 Kai Holmgren<\/strong>: F\u00f6r ideella insatser med att v\u00e5rda Simrishamns fornminnen.<\/li>\n<li data-section-id=\"g6uy9q\" data-start=\"1844\" data-end=\"1927\"><strong data-start=\"1846\" data-end=\"1868\">2015 \u2013 Ola J\u00f6nsson<\/strong>: F\u00f6r uth\u00e5lligt arbete med vind- och solkraft i kommunen.<\/li>\n<li data-section-id=\"1pi1ysd\" data-start=\"1928\" data-end=\"2047\"><strong data-start=\"1930\" data-end=\"1978\">2014 \u2013 \u00d6sterlens st\u00f6df\u00f6rening f\u00f6r flyktingar<\/strong>: F\u00f6r medm\u00e4nskligt engagemang och initiativ f\u00f6r ett \u00f6ppet samh\u00e4lle.<\/li>\n<li data-section-id=\"1ok37bk\" data-start=\"2048\" data-end=\"2140\"><strong data-start=\"2050\" data-end=\"2076\">2013 \u2013 Ankarets v\u00e4nner<\/strong>: F\u00f6r att skapa guldkant p\u00e5 vardagen f\u00f6r de boende p\u00e5 Ankaret.<\/li>\n<li data-section-id=\"1ojdrgc\" data-start=\"2141\" data-end=\"2250\"><strong data-start=\"2143\" data-end=\"2184\">2012 \u2013 Simrishamns Riksteaterf\u00f6rening<\/strong>: F\u00f6r att under m\u00e5nga \u00e5r ha bidragit till ett brett kulturutbud.<\/li>\n<li data-section-id=\"bp74ft\" data-start=\"2251\" data-end=\"2369\"><strong data-start=\"2253\" data-end=\"2302\">2011 \u2013 Frivilligmedhj\u00e4lparna inom anh\u00f6rigst\u00f6d<\/strong>: F\u00f6r att ge tid, trygghet och gemenskap till m\u00e5nga medm\u00e4nniskor.<\/li>\n<li data-section-id=\"1r0ws27\" data-start=\"2370\" data-end=\"2502\"><strong data-start=\"2372\" data-end=\"2398\">2010 \u2013 John G\u00f6rnebrand<\/strong>: F\u00f6r att genom b\u00f6cker och skildringar visa Sk\u00e5nsk kultur och samh\u00e4llsfr\u00e5gor p\u00e5 ett inspirerande s\u00e4tt.<\/li>\n<li data-section-id=\"1fjuvop\" data-start=\"2503\" data-end=\"2621\"><strong data-start=\"2505\" data-end=\"2546\">2009 \u2013 Fritidsg\u00e5rden Borrby-Skillinge<\/strong>: F\u00f6r att med engagemang och idealitet ge ungdomar en meningsfull fritid.<\/li>\n<li data-section-id=\"11u7dzc\" data-start=\"2622\" data-end=\"2737\"><strong data-start=\"2624\" data-end=\"2679\">2008 \u2013 Sj\u00f6r\u00e4ddningss\u00e4llskapet i Kivik och Skillinge<\/strong>: F\u00f6r outtr\u00f6ttligt hj\u00e4ltemod och vaksamhet l\u00e4ngs kusten.<\/li>\n<li data-section-id=\"hgcpiv\" data-start=\"2738\" data-end=\"2850\"><strong data-start=\"2740\" data-end=\"2768\">2007 \u2013 FM \u00d6sterlen 102.2<\/strong>: F\u00f6r lokal f\u00f6rankring och att sprida nyheter, information och kultur via radio.<\/li>\n<li data-section-id=\"gjuebi\" data-start=\"2851\" data-end=\"2942\"><strong data-start=\"2853\" data-end=\"2881\">2006 \u2013 F\u00f6reningen Jakten<\/strong>: F\u00f6r sitt ideella arbete med natur och fritidsaktiviteter.<\/li>\n<li data-section-id=\"b15twe\" data-start=\"2943\" data-end=\"3025\"><strong data-start=\"2945\" data-end=\"2967\">2005 \u2013 Ida Persson<\/strong>: F\u00f6r engagemang i lokala fr\u00e5gor och samh\u00e4llsutveckling.<\/li>\n<li data-section-id=\"t9pd3i\" data-start=\"3026\" data-end=\"3097\"><strong data-start=\"3028\" data-end=\"3052\">2004 \u2013 Siw Gummesson<\/strong>: F\u00f6r l\u00e5ngvarigt ideellt arbete i kommunen.<\/li>\n<li data-section-id=\"1v3oxia\" data-start=\"3098\" data-end=\"3178\"><strong data-start=\"3100\" data-end=\"3135\">2003 \u2013 Kvinnojouren p\u00e5 \u00d6sterlen<\/strong>: F\u00f6r st\u00f6d till utsatta kvinnor och barn.<\/li>\n<li data-section-id=\"57563a\" data-start=\"3179\" data-end=\"3269\"><strong data-start=\"3181\" data-end=\"3224\">2002 \u2013 Nattvandrarf\u00f6reningen Nattugglan<\/strong>: F\u00f6r trygghetsskapande arbete i nattlivet.<\/li>\n<li data-section-id=\"dslszw\" data-start=\"3270\" data-end=\"3359\"><strong data-start=\"3272\" data-end=\"3318\">2001 \u2013 Norea \u2013 st\u00f6dgruppen f\u00f6r unga mammor<\/strong>: F\u00f6r st\u00f6d till unga m\u00f6drar i kommunen.<\/li>\n<li data-section-id=\"6ugk9\" data-start=\"3360\" data-end=\"3422\"><strong data-start=\"3362\" data-end=\"3384\">2000 \u2013 Seth Sellec<\/strong>: F\u00f6r l\u00e5ngvarigt ideellt engagemang.<\/li>\n<li data-section-id=\"1l46taf\" data-start=\"3423\" data-end=\"3517\"><strong data-start=\"3425\" data-end=\"3475\">1999 \u2013 Aktionsgruppen f\u00f6r Sjukhusets bevarande<\/strong>: F\u00f6r ih\u00e4rdigt arbete f\u00f6r lokalsjukv\u00e5rd.<\/li>\n<li data-section-id=\"pmhb0c\" data-start=\"3518\" data-end=\"3614\"><strong data-start=\"3520\" data-end=\"3562\">1998 \u2013 Kommunala Musikskolans l\u00e4rark\u00e5r<\/strong>: F\u00f6r att ha bidragit till musik- och kulturlivet.<\/li>\n<li data-section-id=\"1d38om2\" data-start=\"3615\" data-end=\"3692\"><strong data-start=\"3617\" data-end=\"3639\">1997 \u2013 Jimmy Tour\u00e9<\/strong>: F\u00f6r engagemang i lokala fr\u00e5gor och samh\u00e4llsnytta.<\/li>\n<\/ul>\n<\/div>\n<p>&nbsp;<\/p>\n","protected":false},"excerpt":{"rendered":"<p>V\u00e4lkommen till Kristdemokraterna i Simrishamn! P\u00e5 v\u00e5r hemsida hittar du information om lokalavdelningen, styrelsen, v\u00e5ra f\u00f6rtroendevalda och v\u00e5r politik. Du kan \u00e4ven l\u00e4sa om hur du kontaktar oss och hur du kan engagera dig. V\u00e5r lista 2026 I \u00e5rets val st\u00e5r Kristdemokraterna i Simrishamn starka med en blandning av erfarenhet och nyt\u00e4nkande. P\u00e5 kommunlistan st\u00e5r: <a class=\"read-more-link\" href=\"https:\/\/wp.kristdemokraterna.se\/simrishamn\/avdelningen-2\/\">L\u00e4s mer<\/a><\/p>\n","protected":false},"author":444,"featured_media":0,"parent":0,"menu_order":0,"comment_status":"closed","ping_status":"closed","template":"","meta":{"_acf_changed":false,"footnotes":""},"class_list":["post-620","page","type-page","status-publish","hentry"],"acf":[],"yoast_head":"<!-- This site is optimized with the Yoast SEO plugin v27.4 - https:\/\/yoast.com\/product\/yoast-seo-wordpress\/ -->\n<title>Avdelningen - Kristdemokraterna | Simrishamn<\/title>\n<meta name=\"robots\" content=\"index, follow, max-snippet:-1, max-image-preview:large, max-video-preview:-1\" \/>\n<link rel=\"canonical\" href=\"https:\/\/wp.kristdemokraterna.se\/simrishamn\/avdelningen-2\/\" \/>\n<meta property=\"og:locale\" content=\"sv_SE\" \/>\n<meta property=\"og:type\" content=\"article\" \/>\n<meta property=\"og:title\" content=\"Avdelningen - Kristdemokraterna | Simrishamn\" \/>\n<meta property=\"og:description\" content=\"V\u00e4lkommen till Kristdemokraterna i Simrishamn! P\u00e5 v\u00e5r hemsida hittar du information om lokalavdelningen, styrelsen, v\u00e5ra f\u00f6rtroendevalda och v\u00e5r politik. Du kan \u00e4ven l\u00e4sa om hur du kontaktar oss och hur du kan engagera dig. V\u00e5r lista 2026 I \u00e5rets val st\u00e5r Kristdemokraterna i Simrishamn starka med en blandning av erfarenhet och nyt\u00e4nkande. P\u00e5 kommunlistan st\u00e5r: L\u00e4s mer\" \/>\n<meta property=\"og:url\" content=\"https:\/\/wp.kristdemokraterna.se\/simrishamn\/avdelningen-2\/\" \/>\n<meta property=\"og:site_name\" content=\"Kristdemokraterna | Simrishamn\" \/>\n<meta property=\"article:modified_time\" content=\"2026-03-25T12:47:31+00:00\" \/>\n<meta property=\"og:image\" content=\"https:\/\/wp.kristdemokraterna.se\/simrishamn\/files\/2026\/03\/kd-simrishamn-e1774379895993.png\" \/>\n\t<meta property=\"og:image:width\" content=\"1063\" \/>\n\t<meta property=\"og:image:height\" content=\"353\" \/>\n\t<meta property=\"og:image:type\" content=\"image\/png\" \/>\n<meta name=\"twitter:card\" content=\"summary_large_image\" \/>\n<meta name=\"twitter:label1\" content=\"Ber\u00e4knad l\u00e4stid\" \/>\n\t<meta name=\"twitter:data1\" content=\"3 minuter\" \/>\n<script type=\"application\/ld+json\" class=\"yoast-schema-graph\">{\"@context\":\"https:\\\/\\\/schema.org\",\"@graph\":[{\"@type\":\"WebPage\",\"@id\":\"https:\\\/\\\/wp.kristdemokraterna.se\\\/simrishamn\\\/avdelningen-2\\\/\",\"url\":\"https:\\\/\\\/wp.kristdemokraterna.se\\\/simrishamn\\\/avdelningen-2\\\/\",\"name\":\"Avdelningen - Kristdemokraterna | Simrishamn\",\"isPartOf\":{\"@id\":\"https:\\\/\\\/wp.kristdemokraterna.se\\\/simrishamn\\\/#website\"},\"primaryImageOfPage\":{\"@id\":\"https:\\\/\\\/wp.kristdemokraterna.se\\\/simrishamn\\\/avdelningen-2\\\/#primaryimage\"},\"image\":{\"@id\":\"https:\\\/\\\/wp.kristdemokraterna.se\\\/simrishamn\\\/avdelningen-2\\\/#primaryimage\"},\"thumbnailUrl\":\"http:\\\/\\\/wp.kristdemokraterna.se\\\/simrishamn\\\/files\\\/2026\\\/03\\\/kd-simrishamn-e1774379895993.png\",\"datePublished\":\"2012-06-01T12:06:40+00:00\",\"dateModified\":\"2026-03-25T12:47:31+00:00\",\"breadcrumb\":{\"@id\":\"https:\\\/\\\/wp.kristdemokraterna.se\\\/simrishamn\\\/avdelningen-2\\\/#breadcrumb\"},\"inLanguage\":\"sv-SE\",\"potentialAction\":[{\"@type\":\"ReadAction\",\"target\":[\"https:\\\/\\\/wp.kristdemokraterna.se\\\/simrishamn\\\/avdelningen-2\\\/\"]}]},{\"@type\":\"ImageObject\",\"inLanguage\":\"sv-SE\",\"@id\":\"https:\\\/\\\/wp.kristdemokraterna.se\\\/simrishamn\\\/avdelningen-2\\\/#primaryimage\",\"url\":\"https:\\\/\\\/wp.kristdemokraterna.se\\\/simrishamn\\\/files\\\/2026\\\/03\\\/kd-simrishamn-e1774379895993.png\",\"contentUrl\":\"https:\\\/\\\/wp.kristdemokraterna.se\\\/simrishamn\\\/files\\\/2026\\\/03\\\/kd-simrishamn-e1774379895993.png\",\"width\":1063,\"height\":353},{\"@type\":\"BreadcrumbList\",\"@id\":\"https:\\\/\\\/wp.kristdemokraterna.se\\\/simrishamn\\\/avdelningen-2\\\/#breadcrumb\",\"itemListElement\":[{\"@type\":\"ListItem\",\"position\":1,\"name\":\"Hem\",\"item\":\"https:\\\/\\\/wp.kristdemokraterna.se\\\/simrishamn\\\/\"},{\"@type\":\"ListItem\",\"position\":2,\"name\":\"Avdelningen\"}]},{\"@type\":\"WebSite\",\"@id\":\"https:\\\/\\\/wp.kristdemokraterna.se\\\/simrishamn\\\/#website\",\"url\":\"https:\\\/\\\/wp.kristdemokraterna.se\\\/simrishamn\\\/\",\"name\":\"Kristdemokraterna | Simrishamn\",\"description\":\"\u00c4nnu en webbplats hos Kristdemokraterna\",\"inLanguage\":\"sv-SE\"}]}<\/script>\n<!-- \/ Yoast SEO plugin. -->","yoast_head_json":{"title":"Avdelningen - Kristdemokraterna | Simrishamn","robots":{"index":"index","follow":"follow","max-snippet":"max-snippet:-1","max-image-preview":"max-image-preview:large","max-video-preview":"max-video-preview:-1"},"canonical":"https:\/\/wp.kristdemokraterna.se\/simrishamn\/avdelningen-2\/","og_locale":"sv_SE","og_type":"article","og_title":"Avdelningen - Kristdemokraterna | Simrishamn","og_description":"V\u00e4lkommen till Kristdemokraterna i Simrishamn! P\u00e5 v\u00e5r hemsida hittar du information om lokalavdelningen, styrelsen, v\u00e5ra f\u00f6rtroendevalda och v\u00e5r politik. Du kan \u00e4ven l\u00e4sa om hur du kontaktar oss och hur du kan engagera dig. V\u00e5r lista 2026 I \u00e5rets val st\u00e5r Kristdemokraterna i Simrishamn starka med en blandning av erfarenhet och nyt\u00e4nkande. P\u00e5 kommunlistan st\u00e5r: L\u00e4s mer","og_url":"https:\/\/wp.kristdemokraterna.se\/simrishamn\/avdelningen-2\/","og_site_name":"Kristdemokraterna | Simrishamn","article_modified_time":"2026-03-25T12:47:31+00:00","og_image":[{"width":1063,"height":353,"url":"https:\/\/wp.kristdemokraterna.se\/simrishamn\/files\/2026\/03\/kd-simrishamn-e1774379895993.png","type":"image\/png"}],"twitter_card":"summary_large_image","twitter_misc":{"Ber\u00e4knad l\u00e4stid":"3 minuter"},"schema":{"@context":"https:\/\/schema.org","@graph":[{"@type":"WebPage","@id":"https:\/\/wp.kristdemokraterna.se\/simrishamn\/avdelningen-2\/","url":"https:\/\/wp.kristdemokraterna.se\/simrishamn\/avdelningen-2\/","name":"Avdelningen - Kristdemokraterna | Simrishamn","isPartOf":{"@id":"https:\/\/wp.kristdemokraterna.se\/simrishamn\/#website"},"primaryImageOfPage":{"@id":"https:\/\/wp.kristdemokraterna.se\/simrishamn\/avdelningen-2\/#primaryimage"},"image":{"@id":"https:\/\/wp.kristdemokraterna.se\/simrishamn\/avdelningen-2\/#primaryimage"},"thumbnailUrl":"http:\/\/wp.kristdemokraterna.se\/simrishamn\/files\/2026\/03\/kd-simrishamn-e1774379895993.png","datePublished":"2012-06-01T12:06:40+00:00","dateModified":"2026-03-25T12:47:31+00:00","breadcrumb":{"@id":"https:\/\/wp.kristdemokraterna.se\/simrishamn\/avdelningen-2\/#breadcrumb"},"inLanguage":"sv-SE","potentialAction":[{"@type":"ReadAction","target":["https:\/\/wp.kristdemokraterna.se\/simrishamn\/avdelningen-2\/"]}]},{"@type":"ImageObject","inLanguage":"sv-SE","@id":"https:\/\/wp.kristdemokraterna.se\/simrishamn\/avdelningen-2\/#primaryimage","url":"https:\/\/wp.kristdemokraterna.se\/simrishamn\/files\/2026\/03\/kd-simrishamn-e1774379895993.png","contentUrl":"https:\/\/wp.kristdemokraterna.se\/simrishamn\/files\/2026\/03\/kd-simrishamn-e1774379895993.png","width":1063,"height":353},{"@type":"BreadcrumbList","@id":"https:\/\/wp.kristdemokraterna.se\/simrishamn\/avdelningen-2\/#breadcrumb","itemListElement":[{"@type":"ListItem","position":1,"name":"Hem","item":"https:\/\/wp.kristdemokraterna.se\/simrishamn\/"},{"@type":"ListItem","position":2,"name":"Avdelningen"}]},{"@type":"WebSite","@id":"https:\/\/wp.kristdemokraterna.se\/simrishamn\/#website","url":"https:\/\/wp.kristdemokraterna.se\/simrishamn\/","name":"Kristdemokraterna | Simrishamn","description":"\u00c4nnu en webbplats hos Kristdemokraterna","inLanguage":"sv-SE"}]}},"_links":{"self":[{"href":"https:\/\/wp.kristdemokraterna.se\/simrishamn\/wp-json\/wp\/v2\/pages\/620","targetHints":{"allow":["GET"]}}],"collection":[{"href":"https:\/\/wp.kristdemokraterna.se\/simrishamn\/wp-json\/wp\/v2\/pages"}],"about":[{"href":"https:\/\/wp.kristdemokraterna.se\/simrishamn\/wp-json\/wp\/v2\/types\/page"}],"author":[{"embeddable":true,"href":"https:\/\/wp.kristdemokraterna.se\/simrishamn\/wp-json\/wp\/v2\/users\/444"}],"replies":[{"embeddable":true,"href":"https:\/\/wp.kristdemokraterna.se\/simrishamn\/wp-json\/wp\/v2\/comments?post=620"}],"version-history":[{"count":34,"href":"https:\/\/wp.kristdemokraterna.se\/simrishamn\/wp-json\/wp\/v2\/pages\/620\/revisions"}],"predecessor-version":[{"id":907,"href":"https:\/\/wp.kristdemokraterna.se\/simrishamn\/wp-json\/wp\/v2\/pages\/620\/revisions\/907"}],"wp:attachment":[{"href":"https:\/\/wp.kristdemokraterna.se\/simrishamn\/wp-json\/wp\/v2\/media?parent=620"}],"curies":[{"name":"wp","href":"https:\/\/api.w.org\/{rel}","templated":true}]}}